{"id":167,"date":"2021-05-11T09:09:49","date_gmt":"2021-05-11T09:09:49","guid":{"rendered":"https:\/\/www.novotek.com\/no\/?page_id=167"},"modified":"2025-06-27T08:40:58","modified_gmt":"2025-06-27T08:40:58","slug":"novotek-report-plus","status":"publish","type":"page","link":"https:\/\/www.novotek.com\/no\/digitalisering\/datainnsamling-og-rapportering\/novotek-report-plus\/","title":{"rendered":"Novotek Report Plus"},"content":{"rendered":"  <div class=\"hero\">\n    <div class=\"carousel hero-slider small\" data-flickity data-flickity-options='{\"prevNextButtons\": false}'>\n              <div class=\"carousel-cell\">\n          <div class=\"container\">\n            <div class=\"hero-content\">\n                              <h1>Novotek Report Plus<\/h1>\n<p>Et rapportverkt\u00f8y for Proficy iFIX og Proficy Historian.<\/p>\n              \n                          <\/div>\n          <\/div>\n\n          <img decoding=\"async\" width=\"1024\" height=\"427\" src=\"https:\/\/www.novotek.com\/no\/wp-content\/uploads\/sites\/5\/Digitalisering\/Datafangst_og_rapportering\/Novotek_Report_Plus\/Novotek_Report_Plus_1920x800-1024x427.jpg\" class=\"hero-bg\" alt=\"Hero Img\" fetchpriority=\"high\" srcset=\"https:\/\/www.novotek.com\/no\/wp-content\/uploads\/sites\/5\/Digitalisering\/Datafangst_og_rapportering\/Novotek_Report_Plus\/Novotek_Report_Plus_1920x800-1024x427.jpg 1024w, https:\/\/www.novotek.com\/no\/wp-content\/uploads\/sites\/5\/Digitalisering\/Datafangst_og_rapportering\/Novotek_Report_Plus\/Novotek_Report_Plus_1920x800-300x125.jpg 300w, https:\/\/www.novotek.com\/no\/wp-content\/uploads\/sites\/5\/Digitalisering\/Datafangst_og_rapportering\/Novotek_Report_Plus\/Novotek_Report_Plus_1920x800-768x320.jpg 768w, https:\/\/www.novotek.com\/no\/wp-content\/uploads\/sites\/5\/Digitalisering\/Datafangst_og_rapportering\/Novotek_Report_Plus\/Novotek_Report_Plus_1920x800-1536x641.jpg 1536w, https:\/\/www.novotek.com\/no\/wp-content\/uploads\/sites\/5\/Digitalisering\/Datafangst_og_rapportering\/Novotek_Report_Plus\/Novotek_Report_Plus_1920x800.jpg 1920w\" sizes=\"(max-width: 1024px) 100vw, 1024px\" \/>                  <\/div>\n          <\/div>\n\n      <\/div>\n\n   <div class=\"floating-breadcrumb\"><div class=\"container\"><span><span><a href=\"https:\/\/www.novotek.com\/no\/\" class=\"breadcrumb-frontpage\">Home<\/a><\/span><\/span><\/div><\/div>\n\n\n<div class=\"container-md paragraph  \">\n<p>Produksjonsbedrifter m\u00e5 kunne levere korrekte og oppdaterte prosess- og produksjonsrapporter p\u00e5 alle niv\u00e5er: Til myndigheter, produksjonsledelse og driftspersonell. Med Novotek Report Plus f\u00e5r du tilgang til et stort utvalg standardrapporter tilpasset ulike bransjer, samt mulighet til \u00e5 tilpasse rapportene etter behov.<\/p>\n<\/div>\n\n<div class=\"container-md paragraph  \">\n<p>Novotek Report Plus benytter GE Vernova sine datalager, og kan hente informasjon fra HMI\/SCADA-l\u00f8sningen Proficy iFIX og databasen Proficy Historian. Som en plug-in for Microsoft SQL-server, kan data aksesseres av verkt\u00f8y som kan SQL. Data hentes ut via OPC eller andre kommunikasjonsplattformer.\u00a0<\/p>\n<\/div>\n\n<div class=\"container media-text  align\">\n<div class=\"wp-block-media-text is-stacked-on-mobile\"><figure class=\"wp-block-media-text__media\"><img loading=\"lazy\" decoding=\"async\" width=\"691\" height=\"506\" src=\"https:\/\/www.novotek.com\/no\/wp-content\/uploads\/sites\/5\/Digitalisering\/Datafangst_og_rapportering\/Novotek_Report_Plus\/Novotek_Report_Plus.png\" alt=\"Skjerm viser Novotek Report Plus.\" class=\"wp-image-1605 size-full\" srcset=\"https:\/\/www.novotek.com\/no\/wp-content\/uploads\/sites\/5\/Digitalisering\/Datafangst_og_rapportering\/Novotek_Report_Plus\/Novotek_Report_Plus.png 691w, https:\/\/www.novotek.com\/no\/wp-content\/uploads\/sites\/5\/Digitalisering\/Datafangst_og_rapportering\/Novotek_Report_Plus\/Novotek_Report_Plus-300x220.png 300w\" sizes=\"auto, (max-width: 691px) 100vw, 691px\" \/><\/figure><div class=\"wp-block-media-text__content\"><div class=\"container-md heading  \">\n<h2 class=\"wp-block-heading\">Tilgang til korrekte rapporter i sanntid<\/h2>\n<\/div>\n\n<div class=\"container-md paragraph  \">\n<p>Novotek Report Plus har sanntidskoblinger mot alle sine datakilder. Innsamlet data aggregeres raskt, og klargj\u00f8res for rapportering. Dette gj\u00f8r at rapporter alltid genereres mot nyeste tilgjengelige data, og gir deg tilgang til oppdaterte rapporter i sanntid.<\/p>\n<\/div>\n\n<div class=\"container-md paragraph  \">\n<p>Ukorrekte data er en vanlig utfordring i prosessrapportering. \u00c5rsaker kan v\u00e6re kalibreringsfeil, feil p\u00e5 sensorer eller kommunikasjonsbortfall. Novotek Report Plus h\u00e5ndterer dette ved \u00e5 markere og ekskludere d\u00e5rlig data, samt gir brukeren mulighet til \u00e5 korrigere r\u00e5data. Korrigeringen kan spores og presenteres i rapportene. L\u00f8sningen gj\u00f8r det ogs\u00e5 mulig \u00e5 registrere manuelle data.<\/p>\n<\/div><\/div><\/div>\n<\/div>\n\n<div class=\"container-md heading  \">\n<h4 class=\"wp-block-heading\">Funksjoner<\/h4>\n<\/div>\n\n<div class=\"container-md list  \">\n<ul style=\"background-color:#f8f8f8\" class=\"wp-block-list has-background\"><div class=\"container-md list-item  \">\n<li>Standardrapporter tilpasset ulike bransjer, samt mulighet til \u00e5 lage egne, tilpassede rapporter.<\/li>\n<\/div>\n\n<div class=\"container-md list-item  \">\n<li>F\u00e5 oppdaterte rapporter i sanntid.&nbsp;<\/li>\n<\/div>\n\n<div class=\"container-md list-item  \">\n<li>Markering og ekskludering av d\u00e5rlig data, og mulighet til \u00e5 korrigere r\u00e5data.<\/li>\n<\/div>\n\n<div class=\"container-md list-item  \">\n<li>Henter informasjon fra HMI\/SCADA-l\u00f8sningen <strong><a href=\"https:\/\/www.novotek.com\/no\/automasjon\/scada\/proficy-ifix\/\">Proficy iFIX<\/a><\/strong> og prosessdatabasen <strong><a href=\"https:\/\/www.novotek.com\/no\/digitalisering\/datainnsamling-og-rapportering\/proficy-historian\/\">Proficy Historian<\/a><\/strong>.<\/li>\n<\/div>\n\n<div class=\"container-md list-item  \">\n<li>Report Plus er en plug-in i Microsoft SQL-server. Det betyr at prosess og produksjonsdata kan aksesseres av verkt\u00f8y som kan SQL. Dette kan for eksempel v\u00e6re BI-verkt\u00f8y som Qlikview, Power BI, MatLab og flere.<\/li>\n<\/div>\n\n<div class=\"container-md list-item  \">\n<li>Data kan hentes ut via OPC eller andre kommunikasjonsl\u00f8sninger.&nbsp;<\/li>\n<\/div>\n\n<div class=\"container-md list-item  \">\n<li>Mulighet til \u00e5 registrere manuelle data, og lese av data manuelt ved hjelp av app med strekkodel\u00f8sning.<\/li>\n<\/div>\n\n<div class=\"container-md list-item  \">\n<li>Fremtidssikker, \u00e5pen l\u00f8sning p\u00e5 flere niv\u00e5er.<\/li>\n<\/div><\/ul>\n<\/div>\n\n<div class=\"container-md spacer  \">\n<div style=\"height:10px\" aria-hidden=\"true\" class=\"wp-block-spacer\"><\/div>\n<\/div>\n\n<div class=\"container-md heading  \">\n<h2 class=\"wp-block-heading\">En rapportl\u00f8sning tilpasset din bransje<\/h2>\n<\/div>\n\n<div class=\"container-md paragraph  \">\n<p>Novotek Report Plus er en \u00e5pen og fleksibel l\u00f8sning, og leveres med standardrapporter tilpasset ulike bransjer.<\/p>\n<\/div>\n\n<div class=\"container-md spacer  \">\n<div style=\"height:10px\" aria-hidden=\"true\" class=\"wp-block-spacer\"><\/div>\n<\/div>\n\n<div class=\"container-md heading  \">\n<h4 class=\"wp-block-heading\">Vann og avl\u00f8p<\/h4>\n<\/div>\n\n<div class=\"container-md list  \">\n<ul style=\"background-color:#f8f8f8\" class=\"wp-block-list has-background\"><div class=\"container-md list-item  \">\n<li>Prosessrapporter fra vann og avl\u00f8psanlegg, inkludert energiberegning.<\/li>\n<\/div>\n\n<div class=\"container-md list-item  \">\n<li>Balanserapporter for innkommende og utg\u00e5ende rent vann og prosessvann.<\/li>\n<\/div>\n\n<div class=\"container-md list-item  \">\n<li>Rapporter for lab-data kombinert med prosessdata.<\/li>\n<\/div>\n\n<div class=\"container-md list-item  \">\n<li>Pumpestasjonsrapporter inkludert driftstid.<\/li>\n<\/div>\n\n<div class=\"container-md list-item  \">\n<li>Nedb\u00f8rsrapporter.<\/li>\n<\/div><\/ul>\n<\/div>\n\n<div class=\"container-md spacer  \">\n<div style=\"height:10px\" aria-hidden=\"true\" class=\"wp-block-spacer\"><\/div>\n<\/div>\n\n<div class=\"container-md heading  \">\n<h4 class=\"wp-block-heading\">Energianlegg<\/h4>\n<\/div>\n\n<div class=\"container-md list  \">\n<ul style=\"background-color:#f8f8f8\" class=\"wp-block-list has-background\"><div class=\"container-md list-item  \">\n<li>Produksjonsrapporter med energiberegning.<\/li>\n<\/div>\n\n<div class=\"container-md list-item  \">\n<li>Alarmrapporter i henhold til EEMUA 191 og ISA 18.2.<\/li>\n<\/div><\/ul>\n<\/div>\n\n<div class=\"container-md spacer  \">\n<div style=\"height:10px\" aria-hidden=\"true\" class=\"wp-block-spacer\"><\/div>\n<\/div>\n\n<div class=\"container-md heading  \">\n<h4 class=\"wp-block-heading\">N\u00e6ringsmiddel<\/h4>\n<\/div>\n\n<div class=\"container-md list  \">\n<ul style=\"background-color:#f8f8f8\" class=\"wp-block-list has-background\"><div class=\"container-md list-item  \">\n<li>Balanserapporter for energi, vann, damp og trykkluft. Full support for h\u00e5ndtering av m\u00e5lere\/telleverk.<\/li>\n<\/div>\n\n<div class=\"container-md list-item  \">\n<li>Normere morproduksjon, for eksempel energiforbruk per tonn produsert mengde.<\/li>\n<\/div>\n\n<div class=\"container-md list-item  \">\n<li>Batchrapporter med integrasjon av prosessvariabler, energiforbruk og alarmer, inkludert sammenligning mellom batcher.<\/li>\n<\/div>\n\n<div class=\"container-md list-item  \">\n<li>Produksjonssertifikat for batcher.<\/li>\n<\/div>\n\n<div class=\"container-md list-item  \">\n<li>Tankrapporter.<\/li>\n<\/div>\n\n<div class=\"container-md list-item  \">\n<li>OEE-rapportering.<\/li>\n<\/div><\/ul>\n<\/div>\n\n<div class=\"container-md spacer  \">\n<div style=\"height:10px\" aria-hidden=\"true\" class=\"wp-block-spacer\"><\/div>\n<\/div>\n\n<div class=\"container-md heading  \">\n<h4 class=\"wp-block-heading\">Papir og masse<\/h4>\n<\/div>\n\n<div class=\"container-md list  \">\n<ul style=\"background-color:#f8f8f8\" class=\"wp-block-list has-background\"><div class=\"container-md list-item  \">\n<li>Produksjonsrapporter med energiforbruk per tonn produsert papir.<\/li>\n<\/div>\n\n<div class=\"container-md list-item  \">\n<li>Anleggsutnyttelse for produksjonsenheter.<\/li>\n<\/div><\/ul>\n<\/div>\n\n<div class=\"container-md spacer  \">\n<div style=\"height:10px\" aria-hidden=\"true\" class=\"wp-block-spacer\"><\/div>\n<\/div>\n\n<div class=\"container-md heading  \">\n<h4 class=\"wp-block-heading\">Metall<\/h4>\n<\/div>\n\n<div class=\"container-md list  \">\n<ul style=\"background-color:#f8f8f8\" class=\"wp-block-list has-background\"><div class=\"container-md list-item  \">\n<li>Kj\u00f8rerapporter med integrasjon av prosessvariabler, energitilgang, forbruk og alarmer.<\/li>\n<\/div><\/ul>\n<\/div>\n\n<div class=\"container-md spacer  \">\n<div style=\"height:10px\" aria-hidden=\"true\" class=\"wp-block-spacer\"><\/div>\n<\/div>\n\n<div class=\"container-md heading  \">\n<h2 class=\"wp-block-heading\">Et Novotek-produkt<\/h2>\n<\/div>\n\n<div class=\"container-md paragraph  \">\n<p>Novotek Report Plus er et produkt n\u00f8ye utviklet av Novotek, og kan gi din bedrift rapportverkt\u00f8yet dere har behov for. L\u00f8sningen integreres s\u00f8ml\u00f8st med HMI\/SCADA-systemet Proficy iFIX og datafangst- og rapporteringsl\u00f8sningen Proficy Historian, &#8211; begge fra <strong><a href=\"https:\/\/www.gevernova.com\/software\/products\/proficy\/historian\">GE Vernova<\/a><\/strong>.<\/p>\n<\/div>\n\n<div class=\"container-md paragraph  \">\n<p>V\u00e5re konsulenter hjelper deg med \u00e5 finne rett m\u00e5te \u00e5 implementere Novotek Report Plus i din bedrift.<\/p>\n<\/div>\n\n<div class=\"container-md spacer  \">\n<div style=\"height:50px\" aria-hidden=\"true\" class=\"wp-block-spacer\"><\/div>\n<\/div>\n\n  <div class=\"slider-column-parent\">\n    <div class=\"container\">\n      <div class=\"slider-column-title\">Benytt Novotek Report Plus med<\/div>\n\n      <div class=\"row\">\n        <div class=\"col-12 col-md-4\"><div class=\"column-box\">\n  \n      <div class=\"title\">\n      Proficy iFIX    <\/div>\n  \n      <div class=\"text\">\n      <p>Den mest komplette HMI\/SCADA-l\u00f8sningen p\u00e5 markedet.<\/p>\n    <\/div>\n  \n      <a class=\"link\"  href=\"https:\/\/www.novotek.com\/no\/automasjon\/scada\/proficy-ifix\/\" target=\"\">\n      Les mer    <\/a>\n  \n  <\/div>\n\n<\/div><div class=\"col-12 col-md-4\"><div class=\"column-box\">\n  \n      <div class=\"title\">\n      Proficy Historian    <\/div>\n  \n      <div class=\"text\">\n      <p>Markedets kraftigste prosessdatabase utviklet for produksjonsdata.<\/p>\n    <\/div>\n  \n      <a class=\"link\"  href=\"https:\/\/www.novotek.com\/no\/digitalisering\/datainnsamling-og-rapportering\/proficy-historian\/\" target=\"\">\n      Les mer    <\/a>\n  \n  <\/div>\n\n<\/div>      <\/div>\n    <\/div>\n  <\/div>\n","protected":false},"excerpt":{"rendered":"<p>Produksjonsbedrifter m\u00e5 kunne levere korrekte og oppdaterte prosess- og produksjonsrapporter p\u00e5 alle niv\u00e5er: Til myndigheter, produksjonsledelse og driftspersonell. Med Novotek Report Plus f\u00e5r du tilgang til et stort utvalg standardrapporter tilpasset ulike bransjer, samt mulighet til \u00e5 tilpasse rapportene etter behov. Novotek Report Plus benytter GE Vernova sine datalager, og kan hente informasjon fra HMI\/SCADA-l\u00f8sningen [&hellip;]<\/p>\n","protected":false},"author":7,"featured_media":0,"parent":85,"menu_order":0,"comment_status":"closed","ping_status":"closed","template":"","meta":{"_acf_changed":false,"_relevanssi_hide_post":"","_relevanssi_pin_for_all":"","_relevanssi_pin_keywords":"","_relevanssi_unpin_keywords":"","_relevanssi_related_keywords":"","_relevanssi_related_include_ids":"","_relevanssi_related_exclude_ids":"","_relevanssi_related_no_append":"","_relevanssi_related_not_related":"","_relevanssi_related_posts":"1","_relevanssi_noindex_reason":"","footnotes":""},"class_list":["post-167","page","type-page","status-publish","hentry"],"acf":[],"yoast_head":"<!-- This site is optimized with the Yoast SEO plugin v27.4 - https:\/\/yoast.com\/product\/yoast-seo-wordpress\/ -->\n<title>Novotek Report Plus - Novotek Norge<\/title>\n<meta name=\"description\" content=\"F\u00e5 tilgang til korrekte rapporter i sanntid med Novotek Report Plus, et rapportverkt\u00f8y for Proficy iFIX og Proficy Historian.\" \/>\n<meta name=\"robots\" content=\"index, follow, max-snippet:-1, max-image-preview:large, max-video-preview:-1\" \/>\n<link rel=\"canonical\" href=\"https:\/\/www.novotek.com\/no\/digitalisering\/datainnsamling-og-rapportering\/novotek-report-plus\/\" \/>\n<meta property=\"og:locale\" content=\"nb_NO\" \/>\n<meta property=\"og:type\" content=\"article\" \/>\n<meta property=\"og:title\" content=\"Novotek Report Plus - Novotek Norge\" \/>\n<meta property=\"og:description\" content=\"F\u00e5 tilgang til korrekte rapporter i sanntid med Novotek Report Plus, et rapportverkt\u00f8y for Proficy iFIX og Proficy Historian.\" \/>\n<meta property=\"og:url\" content=\"https:\/\/www.novotek.com\/no\/digitalisering\/datainnsamling-og-rapportering\/novotek-report-plus\/\" \/>\n<meta property=\"og:site_name\" content=\"Novotek Norge\" \/>\n<meta property=\"article:modified_time\" content=\"2025-06-27T08:40:58+00:00\" \/>\n<meta property=\"og:image\" content=\"https:\/\/www.novotek.com\/no\/wp-content\/uploads\/sites\/5\/Digitalisering\/Datafangst_og_rapportering\/Novotek_Report_Plus\/Novotek_Report_Plus.png\" \/>\n<meta name=\"twitter:card\" content=\"summary_large_image\" \/>\n<meta name=\"twitter:label1\" content=\"Ansl. lesetid\" \/>\n\t<meta name=\"twitter:data1\" content=\"3 minutter\" \/>\n<script type=\"application\/ld+json\" class=\"yoast-schema-graph\">{\"@context\":\"https:\\\/\\\/schema.org\",\"@graph\":[{\"@type\":\"WebPage\",\"@id\":\"https:\\\/\\\/www.novotek.com\\\/no\\\/digitalisering\\\/datainnsamling-og-rapportering\\\/novotek-report-plus\\\/\",\"url\":\"https:\\\/\\\/www.novotek.com\\\/no\\\/digitalisering\\\/datainnsamling-og-rapportering\\\/novotek-report-plus\\\/\",\"name\":\"Novotek Report Plus - Novotek Norge\",\"isPartOf\":{\"@id\":\"https:\\\/\\\/www.novotek.com\\\/no\\\/#website\"},\"primaryImageOfPage\":{\"@id\":\"https:\\\/\\\/www.novotek.com\\\/no\\\/digitalisering\\\/datainnsamling-og-rapportering\\\/novotek-report-plus\\\/#primaryimage\"},\"image\":{\"@id\":\"https:\\\/\\\/www.novotek.com\\\/no\\\/digitalisering\\\/datainnsamling-og-rapportering\\\/novotek-report-plus\\\/#primaryimage\"},\"thumbnailUrl\":\"https:\\\/\\\/www.novotek.com\\\/no\\\/wp-content\\\/uploads\\\/sites\\\/5\\\/Digitalisering\\\/Datafangst_og_rapportering\\\/Novotek_Report_Plus\\\/Novotek_Report_Plus.png\",\"datePublished\":\"2021-05-11T09:09:49+00:00\",\"dateModified\":\"2025-06-27T08:40:58+00:00\",\"description\":\"F\u00e5 tilgang til korrekte rapporter i sanntid med Novotek Report Plus, et rapportverkt\u00f8y for Proficy iFIX og Proficy Historian.\",\"breadcrumb\":{\"@id\":\"https:\\\/\\\/www.novotek.com\\\/no\\\/digitalisering\\\/datainnsamling-og-rapportering\\\/novotek-report-plus\\\/#breadcrumb\"},\"inLanguage\":\"nb-NO\",\"potentialAction\":[{\"@type\":\"ReadAction\",\"target\":[\"https:\\\/\\\/www.novotek.com\\\/no\\\/digitalisering\\\/datainnsamling-og-rapportering\\\/novotek-report-plus\\\/\"]}]},{\"@type\":\"ImageObject\",\"inLanguage\":\"nb-NO\",\"@id\":\"https:\\\/\\\/www.novotek.com\\\/no\\\/digitalisering\\\/datainnsamling-og-rapportering\\\/novotek-report-plus\\\/#primaryimage\",\"url\":\"https:\\\/\\\/www.novotek.com\\\/no\\\/wp-content\\\/uploads\\\/sites\\\/5\\\/Digitalisering\\\/Datafangst_og_rapportering\\\/Novotek_Report_Plus\\\/Novotek_Report_Plus.png\",\"contentUrl\":\"https:\\\/\\\/www.novotek.com\\\/no\\\/wp-content\\\/uploads\\\/sites\\\/5\\\/Digitalisering\\\/Datafangst_og_rapportering\\\/Novotek_Report_Plus\\\/Novotek_Report_Plus.png\",\"width\":691,\"height\":506,\"caption\":\"Skjerm viser Novotek Report Plus.\"},{\"@type\":\"BreadcrumbList\",\"@id\":\"https:\\\/\\\/www.novotek.com\\\/no\\\/digitalisering\\\/datainnsamling-og-rapportering\\\/novotek-report-plus\\\/#breadcrumb\",\"itemListElement\":[{\"@type\":\"ListItem\",\"position\":1,\"name\":\"Home\",\"item\":\"https:\\\/\\\/www.novotek.com\\\/no\\\/\"},{\"@type\":\"ListItem\",\"position\":2,\"name\":\"Digitalisering\",\"item\":\"https:\\\/\\\/www.novotek.com\\\/no\\\/digitalisering\\\/\"},{\"@type\":\"ListItem\",\"position\":3,\"name\":\"Datainnsamling og rapportering\",\"item\":\"https:\\\/\\\/www.novotek.com\\\/no\\\/digitalisering\\\/datainnsamling-og-rapportering\\\/\"},{\"@type\":\"ListItem\",\"position\":4,\"name\":\"Novotek Report Plus\"}]},{\"@type\":\"WebSite\",\"@id\":\"https:\\\/\\\/www.novotek.com\\\/no\\\/#website\",\"url\":\"https:\\\/\\\/www.novotek.com\\\/no\\\/\",\"name\":\"Novotek Norge\",\"description\":\"Automasjon, digitalisering og Analytics\",\"publisher\":{\"@id\":\"https:\\\/\\\/www.novotek.com\\\/no\\\/#organization\"},\"potentialAction\":[{\"@type\":\"SearchAction\",\"target\":{\"@type\":\"EntryPoint\",\"urlTemplate\":\"https:\\\/\\\/www.novotek.com\\\/no\\\/?s={search_term_string}\"},\"query-input\":{\"@type\":\"PropertyValueSpecification\",\"valueRequired\":true,\"valueName\":\"search_term_string\"}}],\"inLanguage\":\"nb-NO\"},{\"@type\":\"Organization\",\"@id\":\"https:\\\/\\\/www.novotek.com\\\/no\\\/#organization\",\"name\":\"Novotek AS\",\"url\":\"https:\\\/\\\/www.novotek.com\\\/no\\\/\",\"logo\":{\"@type\":\"ImageObject\",\"inLanguage\":\"nb-NO\",\"@id\":\"https:\\\/\\\/www.novotek.com\\\/no\\\/#\\\/schema\\\/logo\\\/image\\\/\",\"url\":\"https:\\\/\\\/www.novotek.com\\\/no\\\/wp-content\\\/uploads\\\/sites\\\/5\\\/Forside\\\/Novotek_logo.png\",\"contentUrl\":\"https:\\\/\\\/www.novotek.com\\\/no\\\/wp-content\\\/uploads\\\/sites\\\/5\\\/Forside\\\/Novotek_logo.png\",\"width\":1200,\"height\":348,\"caption\":\"Novotek AS\"},\"image\":{\"@id\":\"https:\\\/\\\/www.novotek.com\\\/no\\\/#\\\/schema\\\/logo\\\/image\\\/\"},\"sameAs\":[\"https:\\\/\\\/www.linkedin.com\\\/company\\\/novotek-as\"]}]}<\/script>\n<!-- \/ Yoast SEO plugin. -->","yoast_head_json":{"title":"Novotek Report Plus - Novotek Norge","description":"F\u00e5 tilgang til korrekte rapporter i sanntid med Novotek Report Plus, et rapportverkt\u00f8y for Proficy iFIX og Proficy Historian.","robots":{"index":"index","follow":"follow","max-snippet":"max-snippet:-1","max-image-preview":"max-image-preview:large","max-video-preview":"max-video-preview:-1"},"canonical":"https:\/\/www.novotek.com\/no\/digitalisering\/datainnsamling-og-rapportering\/novotek-report-plus\/","og_locale":"nb_NO","og_type":"article","og_title":"Novotek Report Plus - Novotek Norge","og_description":"F\u00e5 tilgang til korrekte rapporter i sanntid med Novotek Report Plus, et rapportverkt\u00f8y for Proficy iFIX og Proficy Historian.","og_url":"https:\/\/www.novotek.com\/no\/digitalisering\/datainnsamling-og-rapportering\/novotek-report-plus\/","og_site_name":"Novotek Norge","article_modified_time":"2025-06-27T08:40:58+00:00","og_image":[{"url":"https:\/\/www.novotek.com\/no\/wp-content\/uploads\/sites\/5\/Digitalisering\/Datafangst_og_rapportering\/Novotek_Report_Plus\/Novotek_Report_Plus.png","type":"","width":"","height":""}],"twitter_card":"summary_large_image","twitter_misc":{"Ansl. lesetid":"3 minutter"},"schema":{"@context":"https:\/\/schema.org","@graph":[{"@type":"WebPage","@id":"https:\/\/www.novotek.com\/no\/digitalisering\/datainnsamling-og-rapportering\/novotek-report-plus\/","url":"https:\/\/www.novotek.com\/no\/digitalisering\/datainnsamling-og-rapportering\/novotek-report-plus\/","name":"Novotek Report Plus - Novotek Norge","isPartOf":{"@id":"https:\/\/www.novotek.com\/no\/#website"},"primaryImageOfPage":{"@id":"https:\/\/www.novotek.com\/no\/digitalisering\/datainnsamling-og-rapportering\/novotek-report-plus\/#primaryimage"},"image":{"@id":"https:\/\/www.novotek.com\/no\/digitalisering\/datainnsamling-og-rapportering\/novotek-report-plus\/#primaryimage"},"thumbnailUrl":"https:\/\/www.novotek.com\/no\/wp-content\/uploads\/sites\/5\/Digitalisering\/Datafangst_og_rapportering\/Novotek_Report_Plus\/Novotek_Report_Plus.png","datePublished":"2021-05-11T09:09:49+00:00","dateModified":"2025-06-27T08:40:58+00:00","description":"F\u00e5 tilgang til korrekte rapporter i sanntid med Novotek Report Plus, et rapportverkt\u00f8y for Proficy iFIX og Proficy Historian.","breadcrumb":{"@id":"https:\/\/www.novotek.com\/no\/digitalisering\/datainnsamling-og-rapportering\/novotek-report-plus\/#breadcrumb"},"inLanguage":"nb-NO","potentialAction":[{"@type":"ReadAction","target":["https:\/\/www.novotek.com\/no\/digitalisering\/datainnsamling-og-rapportering\/novotek-report-plus\/"]}]},{"@type":"ImageObject","inLanguage":"nb-NO","@id":"https:\/\/www.novotek.com\/no\/digitalisering\/datainnsamling-og-rapportering\/novotek-report-plus\/#primaryimage","url":"https:\/\/www.novotek.com\/no\/wp-content\/uploads\/sites\/5\/Digitalisering\/Datafangst_og_rapportering\/Novotek_Report_Plus\/Novotek_Report_Plus.png","contentUrl":"https:\/\/www.novotek.com\/no\/wp-content\/uploads\/sites\/5\/Digitalisering\/Datafangst_og_rapportering\/Novotek_Report_Plus\/Novotek_Report_Plus.png","width":691,"height":506,"caption":"Skjerm viser Novotek Report Plus."},{"@type":"BreadcrumbList","@id":"https:\/\/www.novotek.com\/no\/digitalisering\/datainnsamling-og-rapportering\/novotek-report-plus\/#breadcrumb","itemListElement":[{"@type":"ListItem","position":1,"name":"Home","item":"https:\/\/www.novotek.com\/no\/"},{"@type":"ListItem","position":2,"name":"Digitalisering","item":"https:\/\/www.novotek.com\/no\/digitalisering\/"},{"@type":"ListItem","position":3,"name":"Datainnsamling og rapportering","item":"https:\/\/www.novotek.com\/no\/digitalisering\/datainnsamling-og-rapportering\/"},{"@type":"ListItem","position":4,"name":"Novotek Report Plus"}]},{"@type":"WebSite","@id":"https:\/\/www.novotek.com\/no\/#website","url":"https:\/\/www.novotek.com\/no\/","name":"Novotek Norge","description":"Automasjon, digitalisering og Analytics","publisher":{"@id":"https:\/\/www.novotek.com\/no\/#organization"},"potentialAction":[{"@type":"SearchAction","target":{"@type":"EntryPoint","urlTemplate":"https:\/\/www.novotek.com\/no\/?s={search_term_string}"},"query-input":{"@type":"PropertyValueSpecification","valueRequired":true,"valueName":"search_term_string"}}],"inLanguage":"nb-NO"},{"@type":"Organization","@id":"https:\/\/www.novotek.com\/no\/#organization","name":"Novotek AS","url":"https:\/\/www.novotek.com\/no\/","logo":{"@type":"ImageObject","inLanguage":"nb-NO","@id":"https:\/\/www.novotek.com\/no\/#\/schema\/logo\/image\/","url":"https:\/\/www.novotek.com\/no\/wp-content\/uploads\/sites\/5\/Forside\/Novotek_logo.png","contentUrl":"https:\/\/www.novotek.com\/no\/wp-content\/uploads\/sites\/5\/Forside\/Novotek_logo.png","width":1200,"height":348,"caption":"Novotek AS"},"image":{"@id":"https:\/\/www.novotek.com\/no\/#\/schema\/logo\/image\/"},"sameAs":["https:\/\/www.linkedin.com\/company\/novotek-as"]}]}},"_links":{"self":[{"href":"https:\/\/www.novotek.com\/no\/wp-json\/wp\/v2\/pages\/167","targetHints":{"allow":["GET"]}}],"collection":[{"href":"https:\/\/www.novotek.com\/no\/wp-json\/wp\/v2\/pages"}],"about":[{"href":"https:\/\/www.novotek.com\/no\/wp-json\/wp\/v2\/types\/page"}],"author":[{"embeddable":true,"href":"https:\/\/www.novotek.com\/no\/wp-json\/wp\/v2\/users\/7"}],"replies":[{"embeddable":true,"href":"https:\/\/www.novotek.com\/no\/wp-json\/wp\/v2\/comments?post=167"}],"version-history":[{"count":23,"href":"https:\/\/www.novotek.com\/no\/wp-json\/wp\/v2\/pages\/167\/revisions"}],"predecessor-version":[{"id":16127,"href":"https:\/\/www.novotek.com\/no\/wp-json\/wp\/v2\/pages\/167\/revisions\/16127"}],"up":[{"embeddable":true,"href":"https:\/\/www.novotek.com\/no\/wp-json\/wp\/v2\/pages\/85"}],"wp:attachment":[{"href":"https:\/\/www.novotek.com\/no\/wp-json\/wp\/v2\/media?parent=167"}],"curies":[{"name":"wp","href":"https:\/\/api.w.org\/{rel}","templated":true}]}}