{"id":172,"date":"2021-05-11T09:19:34","date_gmt":"2021-05-11T09:19:34","guid":{"rendered":"https:\/\/www.novotek.com\/no\/?page_id=172"},"modified":"2025-08-29T10:45:32","modified_gmt":"2025-08-29T10:45:32","slug":"industrial-data-provider","status":"publish","type":"page","link":"https:\/\/www.novotek.com\/no\/digitalisering\/datainnsamling-og-rapportering\/industrial-data-provider\/","title":{"rendered":"Industrial Data Provider"},"content":{"rendered":"  <div class=\"hero\">\n    <div class=\"carousel hero-slider small\" data-flickity data-flickity-options='{\"prevNextButtons\": false}'>\n              <div class=\"carousel-cell\">\n          <div class=\"container\">\n            <div class=\"hero-content\">\n                              <h1>Industrial Data Provider<\/h1>\n<p>Gj\u00f8r dine produksjons-, maskin- og sensordata tilgjengelige for Business Intelligence, Big Data og Data Mining.<\/p>\n              \n                          <\/div>\n          <\/div>\n\n          <img decoding=\"async\" width=\"1024\" height=\"427\" src=\"https:\/\/www.novotek.com\/no\/wp-content\/uploads\/sites\/5\/Digitalisering\/Datafangst_og_rapportering\/Industrial_Data_Provider\/Novotek_IndustrialDataProvider_duotone_1920x800-1024x427.jpg\" class=\"hero-bg\" alt=\"Hero Img\" fetchpriority=\"high\" srcset=\"https:\/\/www.novotek.com\/no\/wp-content\/uploads\/sites\/5\/Digitalisering\/Datafangst_og_rapportering\/Industrial_Data_Provider\/Novotek_IndustrialDataProvider_duotone_1920x800-1024x427.jpg 1024w, https:\/\/www.novotek.com\/no\/wp-content\/uploads\/sites\/5\/Digitalisering\/Datafangst_og_rapportering\/Industrial_Data_Provider\/Novotek_IndustrialDataProvider_duotone_1920x800-300x125.jpg 300w, https:\/\/www.novotek.com\/no\/wp-content\/uploads\/sites\/5\/Digitalisering\/Datafangst_og_rapportering\/Industrial_Data_Provider\/Novotek_IndustrialDataProvider_duotone_1920x800-768x320.jpg 768w, https:\/\/www.novotek.com\/no\/wp-content\/uploads\/sites\/5\/Digitalisering\/Datafangst_og_rapportering\/Industrial_Data_Provider\/Novotek_IndustrialDataProvider_duotone_1920x800-1536x640.jpg 1536w, https:\/\/www.novotek.com\/no\/wp-content\/uploads\/sites\/5\/Digitalisering\/Datafangst_og_rapportering\/Industrial_Data_Provider\/Novotek_IndustrialDataProvider_duotone_1920x800.jpg 1920w\" sizes=\"(max-width: 1024px) 100vw, 1024px\" \/>                  <\/div>\n          <\/div>\n\n      <\/div>\n\n   <div class=\"floating-breadcrumb\"><div class=\"container\"><span><span><a href=\"https:\/\/www.novotek.com\/no\/\" class=\"breadcrumb-frontpage\">Home<\/a><\/span><\/span><\/div><\/div>\n\n\n<div class=\"container-md paragraph  \">\n<p>Industrial Data Provider er en l\u00f8sning som samler inn og behandler industridata, og deretter sender informasjonen videre til bruk i verkt\u00f8y for Business Intelligence, Big Data og Data Mining. Med l\u00f8sningen f\u00e5r du en innovativ, rask og enkel m\u00e5te \u00e5 gj\u00f8re data tilgjengelig: Hele veien fra sensor, og frem til ditt verkt\u00f8y.&nbsp;<\/p>\n<\/div>\n\n<div class=\"container-md image  \">\n<figure class=\"wp-block-image size-large\"><img loading=\"lazy\" decoding=\"async\" width=\"709\" height=\"347\" src=\"https:\/\/www.novotek.com\/no\/wp-content\/uploads\/sites\/5\/Digitalisering\/Datafangst_og_rapportering\/Industrial_Data_Provider\/IndustrialDataProvider_rapporter.png\" alt=\"Skjermer viser Industrial Data Provider\" class=\"wp-image-2105\" srcset=\"https:\/\/www.novotek.com\/no\/wp-content\/uploads\/sites\/5\/Digitalisering\/Datafangst_og_rapportering\/Industrial_Data_Provider\/IndustrialDataProvider_rapporter.png 709w, https:\/\/www.novotek.com\/no\/wp-content\/uploads\/sites\/5\/Digitalisering\/Datafangst_og_rapportering\/Industrial_Data_Provider\/IndustrialDataProvider_rapporter-300x147.png 300w\" sizes=\"auto, (max-width: 709px) 100vw, 709px\" \/><\/figure>\n<\/div>\n\n<div class=\"container-md heading  \">\n<h2 class=\"wp-block-heading\">Utnytt alle dine data med Industrial Data Provider<\/h2>\n<\/div>\n\n<div class=\"container-md paragraph  \">\n<p>Mange bedrifter har gode verkt\u00f8y for Business Intelligence, Big Data og Data Mining. Utfordringen er \u00e5 f\u00e5 industridata inn i disse verkt\u00f8yene. Ved hjelp av drivere i automatiseringslaget har Industrial Data Provider over tusen m\u00e5ter \u00e5 hente inn data p\u00e5. Data blir deretter behandlet, f\u00f8r de leveres videre til ditt verkt\u00f8y.<\/p>\n<\/div>\n\n<div class=\"container media-text  align\">\n<div class=\"wp-block-media-text has-media-on-the-right is-stacked-on-mobile\"><div class=\"wp-block-media-text__content\"><div class=\"container-md heading  \">\n<h4 class=\"wp-block-heading\">Datainnsamling<\/h4>\n<\/div>\n\n<div class=\"container-md paragraph  \">\n<p>Data samles inn ved hjelp av OPC-kommunikasjonsplattformen KEPServerEX fra Kepware. KEPServerEX kan kobles til tusenvis av enheter, &#8211; fra enkle str\u00f8mm\u00e5lere til komplekse produksjonssystemer. Systemet har et h\u00f8yt sikkerhetsniv\u00e5, og er beskyttet mot datatap ved bruk av \u00abstore and forward\u00bb-teknologi.<\/p>\n<\/div>\n\n<div class=\"container-md spacer  \">\n<div style=\"height:10px\" aria-hidden=\"true\" class=\"wp-block-spacer\"><\/div>\n<\/div>\n\n<div class=\"container-md heading  \">\n<h4 class=\"wp-block-heading\">Lagring<\/h4>\n<\/div>\n\n<div class=\"container-md paragraph  \">\n<p>Med Industrial Data Provider kan millioner av tags lagres i l\u00f8pet av sekunder, samtidig som data hentes ut. Dataen lagres i databasen Proficy Historian fra GE Vernova, som sikrer innsamling og lagring p\u00e5 en rask, trygg og sikker m\u00e5te. L\u00f8sningen er sv\u00e6rt skalerbar, og passer bedrifter i alle st\u00f8rrelser. For senere bruk kan data hentes ut fra databasen.\u00a0<\/p>\n<\/div>\n\n<div class=\"container-md spacer  \">\n<div style=\"height:10px\" aria-hidden=\"true\" class=\"wp-block-spacer\"><\/div>\n<\/div>\n\n<div class=\"container-md heading  \">\n<h4 class=\"wp-block-heading\">Behandling og distribusjon av data<\/h4>\n<\/div>\n\n<div class=\"container-md paragraph  \">\n<p>Data m\u00e5 behandles f\u00f8r den er klar til bruk. Med Industrial Data Provider kan enheter standardiseres, summeres og sammenlignes. Problemer med ikke-normerte og d\u00e5rlige data l\u00f8ses. For enkel distribusjon leveres l\u00f8sningen med et standard SQL-grensesnitt, slik at alle med grunnleggende SQL-kunnskap enkelt kan hente ut dataene.&nbsp;<\/p>\n<\/div><\/div><figure class=\"wp-block-media-text__media\"><img loading=\"lazy\" decoding=\"async\" width=\"1024\" height=\"673\" src=\"https:\/\/www.novotek.com\/no\/wp-content\/uploads\/sites\/5\/Digitalisering\/Datafangst_og_rapportering\/Industrial_Data_Provider\/IndustrielDataProvider_grafikk_ny-1024x673.png\" alt=\"Novotek Industrial Data Provider grafikk\" class=\"wp-image-2113 size-full\" srcset=\"https:\/\/www.novotek.com\/no\/wp-content\/uploads\/sites\/5\/Digitalisering\/Datafangst_og_rapportering\/Industrial_Data_Provider\/IndustrielDataProvider_grafikk_ny-1024x673.png 1024w, https:\/\/www.novotek.com\/no\/wp-content\/uploads\/sites\/5\/Digitalisering\/Datafangst_og_rapportering\/Industrial_Data_Provider\/IndustrielDataProvider_grafikk_ny-300x197.png 300w, https:\/\/www.novotek.com\/no\/wp-content\/uploads\/sites\/5\/Digitalisering\/Datafangst_og_rapportering\/Industrial_Data_Provider\/IndustrielDataProvider_grafikk_ny-768x504.png 768w, https:\/\/www.novotek.com\/no\/wp-content\/uploads\/sites\/5\/Digitalisering\/Datafangst_og_rapportering\/Industrial_Data_Provider\/IndustrielDataProvider_grafikk_ny-1536x1009.png 1536w, https:\/\/www.novotek.com\/no\/wp-content\/uploads\/sites\/5\/Digitalisering\/Datafangst_og_rapportering\/Industrial_Data_Provider\/IndustrielDataProvider_grafikk_ny.png 1920w\" sizes=\"auto, (max-width: 1024px) 100vw, 1024px\" \/><\/figure><\/div>\n<\/div>\n\n<div class=\"container-md paragraph  \">\n<p>N\u00e5r data er samlet inn og behandlet, kan den brukes i dine Business Intelligence-, Big Data- og Data Mining-verkt\u00f8y. Du f\u00e5r tilgang til viktig industriell informasjon om din produksjon, og kan utnytte dataene for mer optimal og effektiv drift. Informasjonen kan ogs\u00e5 sendes videre og lagres i ditt ERP-system, slik at du har tilgang til produksjonsdata p\u00e5 ett sted. Brukervennlig grensesnitt gj\u00f8r at ERP-konsulenter kan gj\u00f8re dette selv.&nbsp;<\/p>\n<\/div>\n\n<div class=\"container-md spacer  \">\n<div style=\"height:10px\" aria-hidden=\"true\" class=\"wp-block-spacer\"><\/div>\n<\/div>\n\n<div class=\"container-md heading  \">\n<h4 class=\"wp-block-heading\">Funksjoner<\/h4>\n<\/div>\n\n<div class=\"container-md list  \">\n<ul style=\"background-color:#f8f8f8\" class=\"wp-block-list has-background\"><div class=\"container-md list-item  \">\n<li>Samle inn og behandle data for bruk i verkt\u00f8y for Business Intelligence, Big Data og Data Mining.&nbsp;<\/li>\n<\/div>\n\n<div class=\"container-md list-item  \">\n<li>Data samles inn ved hjelp av OPC-kommunikasjonsplattformen <a href=\"https:\/\/www.novotek.com\/no\/automasjon\/opc-industriell-kommunikasjon\/kepserverex\/\">KEPServerEX<\/a> fra Kepware.<\/li>\n<\/div>\n\n<div class=\"container-md list-item  \">\n<li>L\u00f8sningen er utviklet i samarbeid med GE Vernova, og lagrer data i databasen <a href=\"https:\/\/www.novotek.com\/no\/digitalisering\/datainnsamling-og-rapportering\/proficy-historian\/\">Proficy Historian<\/a>.\u00a0<\/li>\n<\/div>\n\n<div class=\"container-md list-item  \">\n<li>Data behandles og klargj\u00f8res for videre bruk.<\/li>\n<\/div>\n\n<div class=\"container-md list-item  \">\n<li>Alle data leveres i standard SQL-grensesnitt.&nbsp;<\/li>\n<\/div>\n\n<div class=\"container-md list-item  \">\n<li>Data kan sendes videre til ditt ERP-system.<\/li>\n<\/div>\n\n<div class=\"container-md list-item  \">\n<li>Brukervennlig grensesnitt.<\/li>\n<\/div><\/ul>\n<\/div>\n\n<div class=\"container-md spacer  \">\n<div style=\"height:10px\" aria-hidden=\"true\" class=\"wp-block-spacer\"><\/div>\n<\/div>\n\n<div class=\"container-md heading  \">\n<h2 class=\"wp-block-heading\">Ta del i Industry 4.0<\/h2>\n<\/div>\n\n<div class=\"container-md paragraph  \">\n<p>Novotek samarbeider med verdensledende akt\u00f8rer innen industriell automasjon og digitalisering i utviklingen av IIoT. Samle, behandle og distribuere viktige produksjonsdata: Med Industrial Data Provider kan din bedrift ta del i Industri 4.0.<\/p>\n<\/div>\n\n<div class=\"container-md paragraph  \">\n<p>Industrial Data Provider er et produkt utviklet av Novotek. V\u00e5re konsulenter hjelper deg med \u00e5 finne rett m\u00e5te \u00e5 implementere l\u00f8sningen i din bedrift.<\/p>\n<\/div>\n\n<div class=\"container-md spacer  \">\n<div style=\"height:50px\" aria-hidden=\"true\" class=\"wp-block-spacer\"><\/div>\n<\/div>\n\n  <div class=\"slider-column-parent\">\n    <div class=\"container\">\n      <div class=\"slider-column-title\">Benytt Industrial Data Provider med<\/div>\n\n      <div class=\"row\">\n        <div class=\"col-12 col-md-4\"><div class=\"column-box\">\n  \n      <div class=\"title\">\n      KEPServerEX    <\/div>\n  \n      <div class=\"text\">\n      <p>Industrial Data Provider samler inn data ved hjelp av KEPServerEX.<\/p>\n    <\/div>\n  \n      <a class=\"link\"  href=\"https:\/\/www.novotek.com\/no\/automasjon\/opc-industriell-kommunikasjon\/kepserverex\/\" target=\"\">\n      Les mer    <\/a>\n  \n  <\/div>\n\n<\/div><div class=\"col-12 col-md-4\"><div class=\"column-box\">\n  \n      <div class=\"title\">\n      Proficy Historian    <\/div>\n  \n      <div class=\"text\">\n      <p>Data fra Industrial Data Provider lagres i prosessdatabasen Proficy Historian.<\/p>\n    <\/div>\n  \n      <a class=\"link\"  href=\"https:\/\/www.novotek.com\/no\/digitalisering\/datainnsamling-og-rapportering\/proficy-historian\/\" target=\"\">\n      Les mer    <\/a>\n  \n  <\/div>\n\n<\/div>      <\/div>\n    <\/div>\n  <\/div>\n","protected":false},"excerpt":{"rendered":"<p>Industrial Data Provider er en l\u00f8sning som samler inn og behandler industridata, og deretter sender informasjonen videre til bruk i verkt\u00f8y for Business Intelligence, Big Data og Data Mining. Med l\u00f8sningen f\u00e5r du en innovativ, rask og enkel m\u00e5te \u00e5 gj\u00f8re data tilgjengelig: Hele veien fra sensor, og frem til ditt verkt\u00f8y.&nbsp; Utnytt alle dine [&hellip;]<\/p>\n","protected":false},"author":7,"featured_media":0,"parent":85,"menu_order":0,"comment_status":"closed","ping_status":"closed","template":"","meta":{"_acf_changed":false,"_relevanssi_hide_post":"","_relevanssi_pin_for_all":"","_relevanssi_pin_keywords":"","_relevanssi_unpin_keywords":"","_relevanssi_related_keywords":"","_relevanssi_related_include_ids":"","_relevanssi_related_exclude_ids":"","_relevanssi_related_no_append":"","_relevanssi_related_not_related":"","_relevanssi_related_posts":"1","_relevanssi_noindex_reason":"","footnotes":""},"class_list":["post-172","page","type-page","status-publish","hentry"],"acf":[],"yoast_head":"<!-- This site is optimized with the Yoast SEO plugin v27.4 - https:\/\/yoast.com\/product\/yoast-seo-wordpress\/ -->\n<title>Industrial Data Provider - Novotek Norge<\/title>\n<meta name=\"description\" content=\"Gj\u00f8r dine produksjons-, maskin- og sensordata tilgjengelige for Business Intelligence, Big Data og Data Mining med Industrial Data Provider.\" \/>\n<meta name=\"robots\" content=\"index, follow, max-snippet:-1, max-image-preview:large, max-video-preview:-1\" \/>\n<link rel=\"canonical\" href=\"https:\/\/www.novotek.com\/no\/digitalisering\/datainnsamling-og-rapportering\/industrial-data-provider\/\" \/>\n<meta property=\"og:locale\" content=\"nb_NO\" \/>\n<meta property=\"og:type\" content=\"article\" \/>\n<meta property=\"og:title\" content=\"Industrial Data Provider - Novotek Norge\" \/>\n<meta property=\"og:description\" content=\"Gj\u00f8r dine produksjons-, maskin- og sensordata tilgjengelige for Business Intelligence, Big Data og Data Mining med Industrial Data Provider.\" \/>\n<meta property=\"og:url\" content=\"https:\/\/www.novotek.com\/no\/digitalisering\/datainnsamling-og-rapportering\/industrial-data-provider\/\" \/>\n<meta property=\"og:site_name\" content=\"Novotek Norge\" \/>\n<meta property=\"article:modified_time\" content=\"2025-08-29T10:45:32+00:00\" \/>\n<meta property=\"og:image\" content=\"https:\/\/www.novotek.com\/no\/wp-content\/uploads\/sites\/5\/Digitalisering\/Datafangst_og_rapportering\/Industrial_Data_Provider\/IndustrialDataProvider_rapporter.png\" \/>\n<meta name=\"twitter:card\" content=\"summary_large_image\" \/>\n<meta name=\"twitter:label1\" content=\"Ansl. lesetid\" \/>\n\t<meta name=\"twitter:data1\" content=\"3 minutter\" \/>\n<script type=\"application\/ld+json\" class=\"yoast-schema-graph\">{\"@context\":\"https:\\\/\\\/schema.org\",\"@graph\":[{\"@type\":\"WebPage\",\"@id\":\"https:\\\/\\\/www.novotek.com\\\/no\\\/digitalisering\\\/datainnsamling-og-rapportering\\\/industrial-data-provider\\\/\",\"url\":\"https:\\\/\\\/www.novotek.com\\\/no\\\/digitalisering\\\/datainnsamling-og-rapportering\\\/industrial-data-provider\\\/\",\"name\":\"Industrial Data Provider - Novotek Norge\",\"isPartOf\":{\"@id\":\"https:\\\/\\\/www.novotek.com\\\/no\\\/#website\"},\"primaryImageOfPage\":{\"@id\":\"https:\\\/\\\/www.novotek.com\\\/no\\\/digitalisering\\\/datainnsamling-og-rapportering\\\/industrial-data-provider\\\/#primaryimage\"},\"image\":{\"@id\":\"https:\\\/\\\/www.novotek.com\\\/no\\\/digitalisering\\\/datainnsamling-og-rapportering\\\/industrial-data-provider\\\/#primaryimage\"},\"thumbnailUrl\":\"https:\\\/\\\/www.novotek.com\\\/no\\\/wp-content\\\/uploads\\\/sites\\\/5\\\/Digitalisering\\\/Datafangst_og_rapportering\\\/Industrial_Data_Provider\\\/IndustrialDataProvider_rapporter.png\",\"datePublished\":\"2021-05-11T09:19:34+00:00\",\"dateModified\":\"2025-08-29T10:45:32+00:00\",\"description\":\"Gj\u00f8r dine produksjons-, maskin- og sensordata tilgjengelige for Business Intelligence, Big Data og Data Mining med Industrial Data Provider.\",\"breadcrumb\":{\"@id\":\"https:\\\/\\\/www.novotek.com\\\/no\\\/digitalisering\\\/datainnsamling-og-rapportering\\\/industrial-data-provider\\\/#breadcrumb\"},\"inLanguage\":\"nb-NO\",\"potentialAction\":[{\"@type\":\"ReadAction\",\"target\":[\"https:\\\/\\\/www.novotek.com\\\/no\\\/digitalisering\\\/datainnsamling-og-rapportering\\\/industrial-data-provider\\\/\"]}]},{\"@type\":\"ImageObject\",\"inLanguage\":\"nb-NO\",\"@id\":\"https:\\\/\\\/www.novotek.com\\\/no\\\/digitalisering\\\/datainnsamling-og-rapportering\\\/industrial-data-provider\\\/#primaryimage\",\"url\":\"https:\\\/\\\/www.novotek.com\\\/no\\\/wp-content\\\/uploads\\\/sites\\\/5\\\/Digitalisering\\\/Datafangst_og_rapportering\\\/Industrial_Data_Provider\\\/IndustrialDataProvider_rapporter.png\",\"contentUrl\":\"https:\\\/\\\/www.novotek.com\\\/no\\\/wp-content\\\/uploads\\\/sites\\\/5\\\/Digitalisering\\\/Datafangst_og_rapportering\\\/Industrial_Data_Provider\\\/IndustrialDataProvider_rapporter.png\",\"width\":709,\"height\":347,\"caption\":\"Skjermer viser Industrial Data Provider\"},{\"@type\":\"BreadcrumbList\",\"@id\":\"https:\\\/\\\/www.novotek.com\\\/no\\\/digitalisering\\\/datainnsamling-og-rapportering\\\/industrial-data-provider\\\/#breadcrumb\",\"itemListElement\":[{\"@type\":\"ListItem\",\"position\":1,\"name\":\"Home\",\"item\":\"https:\\\/\\\/www.novotek.com\\\/no\\\/\"},{\"@type\":\"ListItem\",\"position\":2,\"name\":\"Digitalisering\",\"item\":\"https:\\\/\\\/www.novotek.com\\\/no\\\/digitalisering\\\/\"},{\"@type\":\"ListItem\",\"position\":3,\"name\":\"Datainnsamling og rapportering\",\"item\":\"https:\\\/\\\/www.novotek.com\\\/no\\\/digitalisering\\\/datainnsamling-og-rapportering\\\/\"},{\"@type\":\"ListItem\",\"position\":4,\"name\":\"Industrial Data Provider\"}]},{\"@type\":\"WebSite\",\"@id\":\"https:\\\/\\\/www.novotek.com\\\/no\\\/#website\",\"url\":\"https:\\\/\\\/www.novotek.com\\\/no\\\/\",\"name\":\"Novotek Norge\",\"description\":\"Automasjon, digitalisering og Analytics\",\"publisher\":{\"@id\":\"https:\\\/\\\/www.novotek.com\\\/no\\\/#organization\"},\"potentialAction\":[{\"@type\":\"SearchAction\",\"target\":{\"@type\":\"EntryPoint\",\"urlTemplate\":\"https:\\\/\\\/www.novotek.com\\\/no\\\/?s={search_term_string}\"},\"query-input\":{\"@type\":\"PropertyValueSpecification\",\"valueRequired\":true,\"valueName\":\"search_term_string\"}}],\"inLanguage\":\"nb-NO\"},{\"@type\":\"Organization\",\"@id\":\"https:\\\/\\\/www.novotek.com\\\/no\\\/#organization\",\"name\":\"Novotek AS\",\"url\":\"https:\\\/\\\/www.novotek.com\\\/no\\\/\",\"logo\":{\"@type\":\"ImageObject\",\"inLanguage\":\"nb-NO\",\"@id\":\"https:\\\/\\\/www.novotek.com\\\/no\\\/#\\\/schema\\\/logo\\\/image\\\/\",\"url\":\"https:\\\/\\\/www.novotek.com\\\/no\\\/wp-content\\\/uploads\\\/sites\\\/5\\\/Forside\\\/Novotek_logo.png\",\"contentUrl\":\"https:\\\/\\\/www.novotek.com\\\/no\\\/wp-content\\\/uploads\\\/sites\\\/5\\\/Forside\\\/Novotek_logo.png\",\"width\":1200,\"height\":348,\"caption\":\"Novotek AS\"},\"image\":{\"@id\":\"https:\\\/\\\/www.novotek.com\\\/no\\\/#\\\/schema\\\/logo\\\/image\\\/\"},\"sameAs\":[\"https:\\\/\\\/www.linkedin.com\\\/company\\\/novotek-as\"]}]}<\/script>\n<!-- \/ Yoast SEO plugin. -->","yoast_head_json":{"title":"Industrial Data Provider - Novotek Norge","description":"Gj\u00f8r dine produksjons-, maskin- og sensordata tilgjengelige for Business Intelligence, Big Data og Data Mining med Industrial Data Provider.","robots":{"index":"index","follow":"follow","max-snippet":"max-snippet:-1","max-image-preview":"max-image-preview:large","max-video-preview":"max-video-preview:-1"},"canonical":"https:\/\/www.novotek.com\/no\/digitalisering\/datainnsamling-og-rapportering\/industrial-data-provider\/","og_locale":"nb_NO","og_type":"article","og_title":"Industrial Data Provider - Novotek Norge","og_description":"Gj\u00f8r dine produksjons-, maskin- og sensordata tilgjengelige for Business Intelligence, Big Data og Data Mining med Industrial Data Provider.","og_url":"https:\/\/www.novotek.com\/no\/digitalisering\/datainnsamling-og-rapportering\/industrial-data-provider\/","og_site_name":"Novotek Norge","article_modified_time":"2025-08-29T10:45:32+00:00","og_image":[{"url":"https:\/\/www.novotek.com\/no\/wp-content\/uploads\/sites\/5\/Digitalisering\/Datafangst_og_rapportering\/Industrial_Data_Provider\/IndustrialDataProvider_rapporter.png","type":"","width":"","height":""}],"twitter_card":"summary_large_image","twitter_misc":{"Ansl. lesetid":"3 minutter"},"schema":{"@context":"https:\/\/schema.org","@graph":[{"@type":"WebPage","@id":"https:\/\/www.novotek.com\/no\/digitalisering\/datainnsamling-og-rapportering\/industrial-data-provider\/","url":"https:\/\/www.novotek.com\/no\/digitalisering\/datainnsamling-og-rapportering\/industrial-data-provider\/","name":"Industrial Data Provider - Novotek Norge","isPartOf":{"@id":"https:\/\/www.novotek.com\/no\/#website"},"primaryImageOfPage":{"@id":"https:\/\/www.novotek.com\/no\/digitalisering\/datainnsamling-og-rapportering\/industrial-data-provider\/#primaryimage"},"image":{"@id":"https:\/\/www.novotek.com\/no\/digitalisering\/datainnsamling-og-rapportering\/industrial-data-provider\/#primaryimage"},"thumbnailUrl":"https:\/\/www.novotek.com\/no\/wp-content\/uploads\/sites\/5\/Digitalisering\/Datafangst_og_rapportering\/Industrial_Data_Provider\/IndustrialDataProvider_rapporter.png","datePublished":"2021-05-11T09:19:34+00:00","dateModified":"2025-08-29T10:45:32+00:00","description":"Gj\u00f8r dine produksjons-, maskin- og sensordata tilgjengelige for Business Intelligence, Big Data og Data Mining med Industrial Data Provider.","breadcrumb":{"@id":"https:\/\/www.novotek.com\/no\/digitalisering\/datainnsamling-og-rapportering\/industrial-data-provider\/#breadcrumb"},"inLanguage":"nb-NO","potentialAction":[{"@type":"ReadAction","target":["https:\/\/www.novotek.com\/no\/digitalisering\/datainnsamling-og-rapportering\/industrial-data-provider\/"]}]},{"@type":"ImageObject","inLanguage":"nb-NO","@id":"https:\/\/www.novotek.com\/no\/digitalisering\/datainnsamling-og-rapportering\/industrial-data-provider\/#primaryimage","url":"https:\/\/www.novotek.com\/no\/wp-content\/uploads\/sites\/5\/Digitalisering\/Datafangst_og_rapportering\/Industrial_Data_Provider\/IndustrialDataProvider_rapporter.png","contentUrl":"https:\/\/www.novotek.com\/no\/wp-content\/uploads\/sites\/5\/Digitalisering\/Datafangst_og_rapportering\/Industrial_Data_Provider\/IndustrialDataProvider_rapporter.png","width":709,"height":347,"caption":"Skjermer viser Industrial Data Provider"},{"@type":"BreadcrumbList","@id":"https:\/\/www.novotek.com\/no\/digitalisering\/datainnsamling-og-rapportering\/industrial-data-provider\/#breadcrumb","itemListElement":[{"@type":"ListItem","position":1,"name":"Home","item":"https:\/\/www.novotek.com\/no\/"},{"@type":"ListItem","position":2,"name":"Digitalisering","item":"https:\/\/www.novotek.com\/no\/digitalisering\/"},{"@type":"ListItem","position":3,"name":"Datainnsamling og rapportering","item":"https:\/\/www.novotek.com\/no\/digitalisering\/datainnsamling-og-rapportering\/"},{"@type":"ListItem","position":4,"name":"Industrial Data Provider"}]},{"@type":"WebSite","@id":"https:\/\/www.novotek.com\/no\/#website","url":"https:\/\/www.novotek.com\/no\/","name":"Novotek Norge","description":"Automasjon, digitalisering og Analytics","publisher":{"@id":"https:\/\/www.novotek.com\/no\/#organization"},"potentialAction":[{"@type":"SearchAction","target":{"@type":"EntryPoint","urlTemplate":"https:\/\/www.novotek.com\/no\/?s={search_term_string}"},"query-input":{"@type":"PropertyValueSpecification","valueRequired":true,"valueName":"search_term_string"}}],"inLanguage":"nb-NO"},{"@type":"Organization","@id":"https:\/\/www.novotek.com\/no\/#organization","name":"Novotek AS","url":"https:\/\/www.novotek.com\/no\/","logo":{"@type":"ImageObject","inLanguage":"nb-NO","@id":"https:\/\/www.novotek.com\/no\/#\/schema\/logo\/image\/","url":"https:\/\/www.novotek.com\/no\/wp-content\/uploads\/sites\/5\/Forside\/Novotek_logo.png","contentUrl":"https:\/\/www.novotek.com\/no\/wp-content\/uploads\/sites\/5\/Forside\/Novotek_logo.png","width":1200,"height":348,"caption":"Novotek AS"},"image":{"@id":"https:\/\/www.novotek.com\/no\/#\/schema\/logo\/image\/"},"sameAs":["https:\/\/www.linkedin.com\/company\/novotek-as"]}]}},"_links":{"self":[{"href":"https:\/\/www.novotek.com\/no\/wp-json\/wp\/v2\/pages\/172","targetHints":{"allow":["GET"]}}],"collection":[{"href":"https:\/\/www.novotek.com\/no\/wp-json\/wp\/v2\/pages"}],"about":[{"href":"https:\/\/www.novotek.com\/no\/wp-json\/wp\/v2\/types\/page"}],"author":[{"embeddable":true,"href":"https:\/\/www.novotek.com\/no\/wp-json\/wp\/v2\/users\/7"}],"replies":[{"embeddable":true,"href":"https:\/\/www.novotek.com\/no\/wp-json\/wp\/v2\/comments?post=172"}],"version-history":[{"count":29,"href":"https:\/\/www.novotek.com\/no\/wp-json\/wp\/v2\/pages\/172\/revisions"}],"predecessor-version":[{"id":16580,"href":"https:\/\/www.novotek.com\/no\/wp-json\/wp\/v2\/pages\/172\/revisions\/16580"}],"up":[{"embeddable":true,"href":"https:\/\/www.novotek.com\/no\/wp-json\/wp\/v2\/pages\/85"}],"wp:attachment":[{"href":"https:\/\/www.novotek.com\/no\/wp-json\/wp\/v2\/media?parent=172"}],"curies":[{"name":"wp","href":"https:\/\/api.w.org\/{rel}","templated":true}]}}