{"id":1849,"date":"2021-06-28T07:50:05","date_gmt":"2021-06-28T07:50:05","guid":{"rendered":"https:\/\/www.novotek.com\/no\/?page_id=1849"},"modified":"2025-08-29T13:26:08","modified_gmt":"2025-08-29T13:26:08","slug":"kundehistorie-inbev","status":"publish","type":"page","link":"https:\/\/www.novotek.com\/no\/bransjer\/naeringsmiddel\/kundehistorie-inbev\/","title":{"rendered":"InBev"},"content":{"rendered":"  <div class=\"hero\">\n    <div class=\"carousel hero-slider small\" data-flickity data-flickity-options='{\"prevNextButtons\": false}'>\n              <div class=\"carousel-cell\">\n          <div class=\"container\">\n            <div class=\"hero-content\">\n                              <h5>Referanse<\/h5>\n<h1>InBev<\/h1>\n<p>InBev har med hjelp av Novotek installert operat\u00f8rsystemet Proficy iFIX for \u00e5 overv\u00e5ke og kontrollere essensielle parametere i produksjonsprosessen. De bruker ogs\u00e5 Proficy Historian til \u00e5 analysere produksjonskostnader og lagre de viktigste prosessparametrene for energiforbruket.<\/p>\n              \n                          <\/div>\n          <\/div>\n\n          <img decoding=\"async\" width=\"1024\" height=\"427\" src=\"https:\/\/www.novotek.com\/no\/wp-content\/uploads\/sites\/5\/Bransjer\/N\u00e6ringsmiddel\/InBev\/Novotek_InBev_1920x800-1024x427.jpg\" class=\"hero-bg\" alt=\"Hero Img\" fetchpriority=\"high\" srcset=\"https:\/\/www.novotek.com\/no\/wp-content\/uploads\/sites\/5\/Bransjer\/N\u00e6ringsmiddel\/InBev\/Novotek_InBev_1920x800-1024x427.jpg 1024w, https:\/\/www.novotek.com\/no\/wp-content\/uploads\/sites\/5\/Bransjer\/N\u00e6ringsmiddel\/InBev\/Novotek_InBev_1920x800-300x125.jpg 300w, https:\/\/www.novotek.com\/no\/wp-content\/uploads\/sites\/5\/Bransjer\/N\u00e6ringsmiddel\/InBev\/Novotek_InBev_1920x800-768x320.jpg 768w, https:\/\/www.novotek.com\/no\/wp-content\/uploads\/sites\/5\/Bransjer\/N\u00e6ringsmiddel\/InBev\/Novotek_InBev_1920x800-1536x640.jpg 1536w, https:\/\/www.novotek.com\/no\/wp-content\/uploads\/sites\/5\/Bransjer\/N\u00e6ringsmiddel\/InBev\/Novotek_InBev_1920x800.jpg 1920w\" sizes=\"(max-width: 1024px) 100vw, 1024px\" \/>                  <\/div>\n          <\/div>\n\n      <\/div>\n\n   <div class=\"floating-breadcrumb\"><div class=\"container\"><span><span><a href=\"https:\/\/www.novotek.com\/no\/\" class=\"breadcrumb-frontpage\">Home<\/a><\/span><\/span><\/div><\/div>\n\n\n<div class=\"quotes-parent\">\n  <div class=\"container\">\n    <div class=\"carousel quotes-carousel\">\n              <div class=\"quote-cell carousel-cell\">\n          <div class=\"container-quote\">\n            <strong>&laquo;Med Excel-plugin fra Proficy Historian kan jeg enkelt lage mine egne energiforbruksrapporter.&raquo;<\/strong>\n            <span>Sitat fra prosjektleder hos InBev, Nederland. <\/span>\n          <\/div>\n        <\/div>\n          <\/div>\n  <\/div>\n<\/div>\n\n\n<div class=\"container-md columns  \">\n<div class=\"wp-block-columns is-layout-flex wp-container-core-columns-is-layout-9d6595d7 wp-block-columns-is-layout-flex\"><div class=\"container-md column  \">\n<div class=\"wp-block-column is-layout-flow wp-block-column-is-layout-flow\"><div class=\"container-md heading  \">\n<h4 class=\"wp-block-heading\">L\u00f8sning<\/h4>\n<\/div>\n\n<div class=\"container-md list  \">\n<ul class=\"wp-block-list\"><div class=\"container-md list-item  \">\n<li>Prosessvisualisering<\/li>\n<\/div>\n\n<div class=\"container-md list-item  \">\n<li>Energioverv\u00e5kning<\/li>\n<\/div><\/ul>\n<\/div>\n\n<div class=\"container-md spacer  \">\n<div style=\"height:20px\" aria-hidden=\"true\" class=\"wp-block-spacer\"><\/div>\n<\/div>\n\n<div class=\"container-md heading  \">\n<h4 class=\"wp-block-heading\">Produkter<\/h4>\n<\/div>\n\n<div class=\"container-md list  \">\n<ul class=\"wp-block-list\"><div class=\"container-md list-item  \">\n<li><a href=\"https:\/\/www.novotek.com\/no\/automasjon\/scada\/proficy-ifix\/\">Proficy iFIX<\/a><\/li>\n<\/div>\n\n<div class=\"container-md list-item  \">\n<li><a href=\"https:\/\/www.novotek.com\/no\/digitalisering\/datainnsamling-og-rapportering\/proficy-historian\/\">Proficy Historian<\/a><\/li>\n<\/div><\/ul>\n<\/div>\n\n<div class=\"container-md spacer  \">\n<div style=\"height:20px\" aria-hidden=\"true\" class=\"wp-block-spacer\"><\/div>\n<\/div>\n\n<div class=\"container-md heading  \">\n<h4 class=\"wp-block-heading\">Fordeler<\/h4>\n<\/div>\n\n<div class=\"container-md list  \">\n<ul class=\"wp-block-list\"><div class=\"container-md list-item  \">\n<li>Sentralisert prosessoverv\u00e5kning og kontroll<\/li>\n<\/div>\n\n<div class=\"container-md list-item  \">\n<li>Kostnadsoptimering<\/li>\n<\/div>\n\n<div class=\"container-md list-item  \">\n<li>Historisk analyseverkt\u00f8y<\/li>\n<\/div>\n\n<div class=\"container-md list-item  \">\n<li>Base for rapportering&nbsp;<\/li>\n<\/div><\/ul>\n<\/div><\/div>\n<\/div>\n\n<div class=\"container-md column  \">\n<div class=\"wp-block-column is-layout-flow wp-block-column-is-layout-flow\"><div class=\"container-md image  \">\n<figure class=\"wp-block-image size-large is-resized\"><img loading=\"lazy\" decoding=\"async\" width=\"500\" height=\"500\" src=\"https:\/\/www.novotek.com\/no\/wp-content\/uploads\/sites\/5\/Bransjer\/Novotek_CheckBox.png\" alt=\"Novotek piktogram: Check.\" class=\"wp-image-1835\" style=\"width:212px;height:212px\" srcset=\"https:\/\/www.novotek.com\/no\/wp-content\/uploads\/sites\/5\/Bransjer\/Novotek_CheckBox.png 500w, https:\/\/www.novotek.com\/no\/wp-content\/uploads\/sites\/5\/Bransjer\/Novotek_CheckBox-300x300.png 300w, https:\/\/www.novotek.com\/no\/wp-content\/uploads\/sites\/5\/Bransjer\/Novotek_CheckBox-150x150.png 150w\" sizes=\"auto, (max-width: 500px) 100vw, 500px\" \/><\/figure>\n<\/div><\/div>\n<\/div><\/div>\n<\/div>\n\n<div class=\"container-md spacer  \">\n<div style=\"height:10px\" aria-hidden=\"true\" class=\"wp-block-spacer\"><\/div>\n<\/div>\n\n<div class=\"container-md heading  \">\n<h2 class=\"wp-block-heading\">Kontrollerer produksjonen og overv\u00e5ker energiforbruket<\/h2>\n<\/div>\n\n<div class=\"container-md paragraph  \">\n<p>InBev er en av de st\u00f8rste \u00f8lprodusentene i verden. Med strategien for The World\u2019s Local Brewer opererer InBev I tjue land over hele Nord-Amerika og Vest-Europa. I Dommelen, Nederland, produserer det lokale merket Dommelsch med et volum p\u00e5 900&nbsp;000 hektoliter per \u00e5r.&nbsp;<\/p>\n<\/div>\n\n<div class=\"container-md spacer  \">\n<div style=\"height:50px\" aria-hidden=\"true\" class=\"wp-block-spacer\"><\/div>\n<\/div>\n\n  <div class=\"hero\">\n    <div class=\"carousel hero-slider small\" data-flickity data-flickity-options='{\"prevNextButtons\": false}'>\n              <div class=\"carousel-cell\">\n          <div class=\"container\">\n            <div class=\"hero-content\">\n                              <h2>Produksjonsprosess<\/h2>\n<p>For \u00e5 lage \u00f8l bruker bryggerier vann og korn til \u00e5 lage en s\u00f8tlig v\u00e6ske. Denne blir tilsatt humle, f\u00f8r den deretter gj\u00e6res. Den grunnleggende prosessen kan v\u00e6re enkel, men er avhengig av n\u00f8yaktig utf\u00f8relse. De viktigste trinnene er malting, brygging og gj\u00e6ring \u2013 etterfulgt av modning, filtrering og tapping. I Dommelen kombineres alle aspekter av prosessen til \u00e9n enkelt prosess.<\/p>\n              \n                          <\/div>\n          <\/div>\n\n          <img decoding=\"async\" width=\"1024\" height=\"427\" src=\"https:\/\/www.novotek.com\/no\/wp-content\/uploads\/sites\/5\/Bransjer\/N\u00e6ringsmiddel\/InBev\/InBev_production_NEW-1024x427.jpg\" class=\"hero-bg\" alt=\"Hero Img\" fetchpriority=\"high\" srcset=\"https:\/\/www.novotek.com\/no\/wp-content\/uploads\/sites\/5\/Bransjer\/N\u00e6ringsmiddel\/InBev\/InBev_production_NEW-1024x427.jpg 1024w, https:\/\/www.novotek.com\/no\/wp-content\/uploads\/sites\/5\/Bransjer\/N\u00e6ringsmiddel\/InBev\/InBev_production_NEW-300x125.jpg 300w, https:\/\/www.novotek.com\/no\/wp-content\/uploads\/sites\/5\/Bransjer\/N\u00e6ringsmiddel\/InBev\/InBev_production_NEW-768x320.jpg 768w, https:\/\/www.novotek.com\/no\/wp-content\/uploads\/sites\/5\/Bransjer\/N\u00e6ringsmiddel\/InBev\/InBev_production_NEW-1536x640.jpg 1536w, https:\/\/www.novotek.com\/no\/wp-content\/uploads\/sites\/5\/Bransjer\/N\u00e6ringsmiddel\/InBev\/InBev_production_NEW.jpg 1920w\" sizes=\"(max-width: 1024px) 100vw, 1024px\" \/>                  <\/div>\n          <\/div>\n\n      <\/div>\n\n   \n\n\n<div class=\"container-md heading  \">\n<h2 class=\"wp-block-heading\">Sentralisert prosesskontroll<\/h2>\n<\/div>\n\n<div class=\"container-md paragraph  \">\n<p>Overv\u00e5kning av kritiske prosessparametere er viktig for \u00e5 garantere h\u00f8y kvalitet p\u00e5 sluttproduktet. Det er ogs\u00e5 viktig at bryggeprosessen skjer i realtid med en fullstendig kontroll fra kontrollrommet. Den faktiske prosessen kj\u00f8res ved hjelp av en PLS som regulerer ventilene og maskinvareaktuatorer. HMI\/SCADA-programvaren Proficy iFIX fra GE Vernova skanner statusen til 2000 prosessparametere i PLSen, og returnerer sanntidsinformasjonen til operat\u00f8ren i et grafisk grensesnitt. Ved alarmer blir operat\u00f8ren varslet av systemet og kan ta passende tiltak med bare et par museklikk. Med denne innstillingen kan prosessen overv\u00e5kes kontinuerlig, og h\u00e5ndteres av kun \u00e9n person.\u00a0<\/p>\n<\/div>\n\n<div class=\"container media-text  align\">\n<div class=\"wp-block-media-text is-stacked-on-mobile\"><figure class=\"wp-block-media-text__media\"><img loading=\"lazy\" decoding=\"async\" width=\"600\" height=\"407\" src=\"https:\/\/www.novotek.com\/no\/wp-content\/uploads\/sites\/5\/Digitalisering\/Datafangst_og_rapportering\/Proficy_Historian\/GEDigital_Proficy_Historian_tablet.jpg\" alt=\"Proficy Historian vises p\u00e5 nettbrett.\" class=\"wp-image-1592 size-full\" srcset=\"https:\/\/www.novotek.com\/no\/wp-content\/uploads\/sites\/5\/Digitalisering\/Datafangst_og_rapportering\/Proficy_Historian\/GEDigital_Proficy_Historian_tablet.jpg 600w, https:\/\/www.novotek.com\/no\/wp-content\/uploads\/sites\/5\/Digitalisering\/Datafangst_og_rapportering\/Proficy_Historian\/GEDigital_Proficy_Historian_tablet-300x204.jpg 300w\" sizes=\"auto, (max-width: 600px) 100vw, 600px\" \/><\/figure><div class=\"wp-block-media-text__content\"><div class=\"container-md heading  \">\n<h2 class=\"wp-block-heading\">Overv\u00e5kning av energiforbruket<\/h2>\n<\/div>\n\n<div class=\"container-md paragraph  \">\n<p>Energiforbruket er en betydelig kostnadsfaktor for den totale bryggeprosessen. Vannforbruk, kj\u00f8ling, str\u00f8mforbruk og CO2-tilsetningsstoffer st\u00e5r for det dyreste energiforbruket i prosessen.&nbsp;<\/p>\n<\/div>\n\n<div class=\"container-md paragraph  \">\n<p>Ved \u00e5 installere prosessdatabasen Proficy Historian kan InBev n\u00e5 registrere verdien og analysere hver batch. Dataserveren til Proficy Historian er betydelig raskere enn tidligere trendmekanismer, og gir flere verkt\u00f8y for \u00e5 sammenligne og integrere historiske data i standardrapporter. Ved hjelp av Excel-plugin kan automatiseringsavdelingen enkelt bla gjennom prosessdata fra Excel og opprette rapporter.<\/p>\n<\/div><\/div><\/div>\n<\/div>\n\n<div class=\"container-md heading  \">\n<h2 class=\"wp-block-heading\">Rapporter basert p\u00e5 dataanalyse<\/h2>\n<\/div>\n\n<div class=\"container-md paragraph  \">\n<p>Datahistorikeren fungerer som et grunnlag for ytterligere dataanalyser. Den viser resultatene av operat\u00f8renes tiltak for spesifikke batcher, og gir en bedre forst\u00e5else for hvordan prosessparametere p\u00e5virker hverandre.&nbsp;<\/p>\n<\/div>\n\n<div class=\"container-md paragraph  \">\n<p>Med standardrapporter kan denne tilbakemeldingen genereres automatisk eller p\u00e5 foresp\u00f8rsel. Du kan ogs\u00e5 sammenligne prosessparametere for en batch mot den s\u00e5kalte \u00abgolden batch\u00bb og gi tilbakemelding om driftsytelsen i sanntid.&nbsp;<\/p>\n<\/div>\n\n<div class=\"container media-text  align\">\n<div class=\"wp-block-media-text has-media-on-the-right is-stacked-on-mobile\"><div class=\"wp-block-media-text__content\"><div class=\"container-md heading  \">\n<h2 class=\"wp-block-heading\">Oppn\u00e5dd resultat<\/h2>\n<\/div>\n\n<div class=\"container-md paragraph  \">\n<p>Standardisering av prosessoverv\u00e5kning med Proficy iFIX har gitt et sentralt tilgangspunkt og minimert den n\u00f8dvendige innsatsen for \u00e5 kontrollere hele prosessen. Ved \u00e5 lagre de kritiske prosessparametrene i Proficy Historian, kan automatiseringsteamet utf\u00f8re en kostnadsanalyse p\u00e5 effekten av visse prosessendringer. Systemet gir en utmerket infrastruktur for batchkvalitet og analyse.<\/p>\n<\/div><\/div><figure class=\"wp-block-media-text__media\"><img loading=\"lazy\" decoding=\"async\" width=\"800\" height=\"800\" src=\"https:\/\/www.novotek.com\/no\/wp-content\/uploads\/sites\/5\/Bransjer\/N\u00e6ringsmiddel\/InBev\/Novotek_InBev_800x800.png\" alt=\"Sk\u00e5ler med flasker.\" class=\"wp-image-1868 size-full\" srcset=\"https:\/\/www.novotek.com\/no\/wp-content\/uploads\/sites\/5\/Bransjer\/N\u00e6ringsmiddel\/InBev\/Novotek_InBev_800x800.png 800w, https:\/\/www.novotek.com\/no\/wp-content\/uploads\/sites\/5\/Bransjer\/N\u00e6ringsmiddel\/InBev\/Novotek_InBev_800x800-300x300.png 300w, https:\/\/www.novotek.com\/no\/wp-content\/uploads\/sites\/5\/Bransjer\/N\u00e6ringsmiddel\/InBev\/Novotek_InBev_800x800-150x150.png 150w, https:\/\/www.novotek.com\/no\/wp-content\/uploads\/sites\/5\/Bransjer\/N\u00e6ringsmiddel\/InBev\/Novotek_InBev_800x800-768x768.png 768w\" sizes=\"auto, (max-width: 800px) 100vw, 800px\" \/><\/figure><\/div>\n<\/div>\n\n  <div class=\"slider-column-parent\">\n    <div class=\"container\">\n      <div class=\"slider-column-title\">Les mer om l\u00f8sningene<\/div>\n\n      <div class=\"row\">\n        <div class=\"col-12 col-md-4\"><div class=\"column-box\">\n  \n      <div class=\"title\">\n      Proficy iFIX    <\/div>\n  \n      <div class=\"text\">\n      <p>Den mest komplette HMI\/SCADA-l\u00f8sningen p\u00e5 markedet.<\/p>\n    <\/div>\n  \n      <a class=\"link\"  href=\"https:\/\/www.novotek.com\/no\/automasjon\/scada\/proficy-ifix\/\" target=\"\">\n      Les mer    <\/a>\n  \n  <\/div>\n\n<\/div><div class=\"col-12 col-md-4\"><div class=\"column-box\">\n  \n      <div class=\"title\">\n      Proficy Historian    <\/div>\n  \n      <div class=\"text\">\n      <p>Markedets kraftigste prosessdatabase utviklet for produksjonsdata.<\/p>\n    <\/div>\n  \n      <a class=\"link\"  href=\"https:\/\/www.novotek.com\/no\/digitalisering\/datainnsamling-og-rapportering\/proficy-historian\/\" target=\"\">\n      Les mer    <\/a>\n  \n  <\/div>\n\n<\/div>      <\/div>\n    <\/div>\n  <\/div>\n","protected":false},"excerpt":{"rendered":"<p>InBev bruker iFIX HMI\/SCADA for kontroll over produksjon og bryggeprosess, samt kontinuerlig overv\u00e5kning av energiforbruket. <\/p>\n","protected":false},"author":7,"featured_media":0,"parent":126,"menu_order":0,"comment_status":"closed","ping_status":"closed","template":"","meta":{"_acf_changed":false,"_relevanssi_hide_post":"","_relevanssi_pin_for_all":"","_relevanssi_pin_keywords":"","_relevanssi_unpin_keywords":"","_relevanssi_related_keywords":"","_relevanssi_related_include_ids":"","_relevanssi_related_exclude_ids":"","_relevanssi_related_no_append":"","_relevanssi_related_not_related":"","_relevanssi_related_posts":"1","_relevanssi_noindex_reason":"","footnotes":""},"class_list":["post-1849","page","type-page","status-publish","hentry"],"acf":[],"yoast_head":"<!-- This site is optimized with the Yoast SEO plugin v27.4 - https:\/\/yoast.com\/product\/yoast-seo-wordpress\/ -->\n<title>InBev - Novotek Norge<\/title>\n<meta name=\"description\" content=\"InBev har med hjelp av Novotek installert operat\u00f8rsystemet Proficy iFIX for \u00e5 overv\u00e5ke og kontrollere essensielle parametere i produksjonsprosessen.\" \/>\n<meta name=\"robots\" content=\"index, follow, max-snippet:-1, max-image-preview:large, max-video-preview:-1\" \/>\n<link rel=\"canonical\" href=\"https:\/\/www.novotek.com\/no\/bransjer\/naeringsmiddel\/kundehistorie-inbev\/\" \/>\n<meta property=\"og:locale\" content=\"nb_NO\" \/>\n<meta property=\"og:type\" content=\"article\" \/>\n<meta property=\"og:title\" content=\"InBev - Novotek Norge\" \/>\n<meta property=\"og:description\" content=\"InBev har med hjelp av Novotek installert operat\u00f8rsystemet Proficy iFIX for \u00e5 overv\u00e5ke og kontrollere essensielle parametere i produksjonsprosessen.\" \/>\n<meta property=\"og:url\" content=\"https:\/\/www.novotek.com\/no\/bransjer\/naeringsmiddel\/kundehistorie-inbev\/\" \/>\n<meta property=\"og:site_name\" content=\"Novotek Norge\" \/>\n<meta property=\"article:modified_time\" content=\"2025-08-29T13:26:08+00:00\" \/>\n<meta property=\"og:image\" content=\"https:\/\/www.novotek.com\/no\/wp-content\/uploads\/sites\/5\/Bransjer\/Novotek_CheckBox.png\" \/>\n<meta name=\"twitter:card\" content=\"summary_large_image\" \/>\n<meta name=\"twitter:label1\" content=\"Ansl. lesetid\" \/>\n\t<meta name=\"twitter:data1\" content=\"3 minutter\" \/>\n<script type=\"application\/ld+json\" class=\"yoast-schema-graph\">{\"@context\":\"https:\\\/\\\/schema.org\",\"@graph\":[{\"@type\":\"WebPage\",\"@id\":\"https:\\\/\\\/www.novotek.com\\\/no\\\/bransjer\\\/naeringsmiddel\\\/kundehistorie-inbev\\\/\",\"url\":\"https:\\\/\\\/www.novotek.com\\\/no\\\/bransjer\\\/naeringsmiddel\\\/kundehistorie-inbev\\\/\",\"name\":\"InBev - Novotek Norge\",\"isPartOf\":{\"@id\":\"https:\\\/\\\/www.novotek.com\\\/no\\\/#website\"},\"primaryImageOfPage\":{\"@id\":\"https:\\\/\\\/www.novotek.com\\\/no\\\/bransjer\\\/naeringsmiddel\\\/kundehistorie-inbev\\\/#primaryimage\"},\"image\":{\"@id\":\"https:\\\/\\\/www.novotek.com\\\/no\\\/bransjer\\\/naeringsmiddel\\\/kundehistorie-inbev\\\/#primaryimage\"},\"thumbnailUrl\":\"https:\\\/\\\/www.novotek.com\\\/no\\\/wp-content\\\/uploads\\\/sites\\\/5\\\/Bransjer\\\/Novotek_CheckBox.png\",\"datePublished\":\"2021-06-28T07:50:05+00:00\",\"dateModified\":\"2025-08-29T13:26:08+00:00\",\"description\":\"InBev har med hjelp av Novotek installert operat\u00f8rsystemet Proficy iFIX for \u00e5 overv\u00e5ke og kontrollere essensielle parametere i produksjonsprosessen.\",\"breadcrumb\":{\"@id\":\"https:\\\/\\\/www.novotek.com\\\/no\\\/bransjer\\\/naeringsmiddel\\\/kundehistorie-inbev\\\/#breadcrumb\"},\"inLanguage\":\"nb-NO\",\"potentialAction\":[{\"@type\":\"ReadAction\",\"target\":[\"https:\\\/\\\/www.novotek.com\\\/no\\\/bransjer\\\/naeringsmiddel\\\/kundehistorie-inbev\\\/\"]}]},{\"@type\":\"ImageObject\",\"inLanguage\":\"nb-NO\",\"@id\":\"https:\\\/\\\/www.novotek.com\\\/no\\\/bransjer\\\/naeringsmiddel\\\/kundehistorie-inbev\\\/#primaryimage\",\"url\":\"https:\\\/\\\/www.novotek.com\\\/no\\\/wp-content\\\/uploads\\\/sites\\\/5\\\/Bransjer\\\/Novotek_CheckBox.png\",\"contentUrl\":\"https:\\\/\\\/www.novotek.com\\\/no\\\/wp-content\\\/uploads\\\/sites\\\/5\\\/Bransjer\\\/Novotek_CheckBox.png\",\"width\":500,\"height\":500,\"caption\":\"Novotek piktogram: Check.\"},{\"@type\":\"BreadcrumbList\",\"@id\":\"https:\\\/\\\/www.novotek.com\\\/no\\\/bransjer\\\/naeringsmiddel\\\/kundehistorie-inbev\\\/#breadcrumb\",\"itemListElement\":[{\"@type\":\"ListItem\",\"position\":1,\"name\":\"Home\",\"item\":\"https:\\\/\\\/www.novotek.com\\\/no\\\/\"},{\"@type\":\"ListItem\",\"position\":2,\"name\":\"Bransjer\",\"item\":\"https:\\\/\\\/www.novotek.com\\\/no\\\/bransjer\\\/\"},{\"@type\":\"ListItem\",\"position\":3,\"name\":\"N\u00e6ringsmiddel\",\"item\":\"https:\\\/\\\/www.novotek.com\\\/no\\\/bransjer\\\/naeringsmiddel\\\/\"},{\"@type\":\"ListItem\",\"position\":4,\"name\":\"InBev\"}]},{\"@type\":\"WebSite\",\"@id\":\"https:\\\/\\\/www.novotek.com\\\/no\\\/#website\",\"url\":\"https:\\\/\\\/www.novotek.com\\\/no\\\/\",\"name\":\"Novotek Norge\",\"description\":\"Automasjon, digitalisering og Analytics\",\"publisher\":{\"@id\":\"https:\\\/\\\/www.novotek.com\\\/no\\\/#organization\"},\"potentialAction\":[{\"@type\":\"SearchAction\",\"target\":{\"@type\":\"EntryPoint\",\"urlTemplate\":\"https:\\\/\\\/www.novotek.com\\\/no\\\/?s={search_term_string}\"},\"query-input\":{\"@type\":\"PropertyValueSpecification\",\"valueRequired\":true,\"valueName\":\"search_term_string\"}}],\"inLanguage\":\"nb-NO\"},{\"@type\":\"Organization\",\"@id\":\"https:\\\/\\\/www.novotek.com\\\/no\\\/#organization\",\"name\":\"Novotek AS\",\"url\":\"https:\\\/\\\/www.novotek.com\\\/no\\\/\",\"logo\":{\"@type\":\"ImageObject\",\"inLanguage\":\"nb-NO\",\"@id\":\"https:\\\/\\\/www.novotek.com\\\/no\\\/#\\\/schema\\\/logo\\\/image\\\/\",\"url\":\"https:\\\/\\\/www.novotek.com\\\/no\\\/wp-content\\\/uploads\\\/sites\\\/5\\\/Forside\\\/Novotek_logo.png\",\"contentUrl\":\"https:\\\/\\\/www.novotek.com\\\/no\\\/wp-content\\\/uploads\\\/sites\\\/5\\\/Forside\\\/Novotek_logo.png\",\"width\":1200,\"height\":348,\"caption\":\"Novotek AS\"},\"image\":{\"@id\":\"https:\\\/\\\/www.novotek.com\\\/no\\\/#\\\/schema\\\/logo\\\/image\\\/\"},\"sameAs\":[\"https:\\\/\\\/www.linkedin.com\\\/company\\\/novotek-as\"]}]}<\/script>\n<!-- \/ Yoast SEO plugin. -->","yoast_head_json":{"title":"InBev - Novotek Norge","description":"InBev har med hjelp av Novotek installert operat\u00f8rsystemet Proficy iFIX for \u00e5 overv\u00e5ke og kontrollere essensielle parametere i produksjonsprosessen.","robots":{"index":"index","follow":"follow","max-snippet":"max-snippet:-1","max-image-preview":"max-image-preview:large","max-video-preview":"max-video-preview:-1"},"canonical":"https:\/\/www.novotek.com\/no\/bransjer\/naeringsmiddel\/kundehistorie-inbev\/","og_locale":"nb_NO","og_type":"article","og_title":"InBev - Novotek Norge","og_description":"InBev har med hjelp av Novotek installert operat\u00f8rsystemet Proficy iFIX for \u00e5 overv\u00e5ke og kontrollere essensielle parametere i produksjonsprosessen.","og_url":"https:\/\/www.novotek.com\/no\/bransjer\/naeringsmiddel\/kundehistorie-inbev\/","og_site_name":"Novotek Norge","article_modified_time":"2025-08-29T13:26:08+00:00","og_image":[{"url":"https:\/\/www.novotek.com\/no\/wp-content\/uploads\/sites\/5\/Bransjer\/Novotek_CheckBox.png","type":"","width":"","height":""}],"twitter_card":"summary_large_image","twitter_misc":{"Ansl. lesetid":"3 minutter"},"schema":{"@context":"https:\/\/schema.org","@graph":[{"@type":"WebPage","@id":"https:\/\/www.novotek.com\/no\/bransjer\/naeringsmiddel\/kundehistorie-inbev\/","url":"https:\/\/www.novotek.com\/no\/bransjer\/naeringsmiddel\/kundehistorie-inbev\/","name":"InBev - Novotek Norge","isPartOf":{"@id":"https:\/\/www.novotek.com\/no\/#website"},"primaryImageOfPage":{"@id":"https:\/\/www.novotek.com\/no\/bransjer\/naeringsmiddel\/kundehistorie-inbev\/#primaryimage"},"image":{"@id":"https:\/\/www.novotek.com\/no\/bransjer\/naeringsmiddel\/kundehistorie-inbev\/#primaryimage"},"thumbnailUrl":"https:\/\/www.novotek.com\/no\/wp-content\/uploads\/sites\/5\/Bransjer\/Novotek_CheckBox.png","datePublished":"2021-06-28T07:50:05+00:00","dateModified":"2025-08-29T13:26:08+00:00","description":"InBev har med hjelp av Novotek installert operat\u00f8rsystemet Proficy iFIX for \u00e5 overv\u00e5ke og kontrollere essensielle parametere i produksjonsprosessen.","breadcrumb":{"@id":"https:\/\/www.novotek.com\/no\/bransjer\/naeringsmiddel\/kundehistorie-inbev\/#breadcrumb"},"inLanguage":"nb-NO","potentialAction":[{"@type":"ReadAction","target":["https:\/\/www.novotek.com\/no\/bransjer\/naeringsmiddel\/kundehistorie-inbev\/"]}]},{"@type":"ImageObject","inLanguage":"nb-NO","@id":"https:\/\/www.novotek.com\/no\/bransjer\/naeringsmiddel\/kundehistorie-inbev\/#primaryimage","url":"https:\/\/www.novotek.com\/no\/wp-content\/uploads\/sites\/5\/Bransjer\/Novotek_CheckBox.png","contentUrl":"https:\/\/www.novotek.com\/no\/wp-content\/uploads\/sites\/5\/Bransjer\/Novotek_CheckBox.png","width":500,"height":500,"caption":"Novotek piktogram: Check."},{"@type":"BreadcrumbList","@id":"https:\/\/www.novotek.com\/no\/bransjer\/naeringsmiddel\/kundehistorie-inbev\/#breadcrumb","itemListElement":[{"@type":"ListItem","position":1,"name":"Home","item":"https:\/\/www.novotek.com\/no\/"},{"@type":"ListItem","position":2,"name":"Bransjer","item":"https:\/\/www.novotek.com\/no\/bransjer\/"},{"@type":"ListItem","position":3,"name":"N\u00e6ringsmiddel","item":"https:\/\/www.novotek.com\/no\/bransjer\/naeringsmiddel\/"},{"@type":"ListItem","position":4,"name":"InBev"}]},{"@type":"WebSite","@id":"https:\/\/www.novotek.com\/no\/#website","url":"https:\/\/www.novotek.com\/no\/","name":"Novotek Norge","description":"Automasjon, digitalisering og Analytics","publisher":{"@id":"https:\/\/www.novotek.com\/no\/#organization"},"potentialAction":[{"@type":"SearchAction","target":{"@type":"EntryPoint","urlTemplate":"https:\/\/www.novotek.com\/no\/?s={search_term_string}"},"query-input":{"@type":"PropertyValueSpecification","valueRequired":true,"valueName":"search_term_string"}}],"inLanguage":"nb-NO"},{"@type":"Organization","@id":"https:\/\/www.novotek.com\/no\/#organization","name":"Novotek AS","url":"https:\/\/www.novotek.com\/no\/","logo":{"@type":"ImageObject","inLanguage":"nb-NO","@id":"https:\/\/www.novotek.com\/no\/#\/schema\/logo\/image\/","url":"https:\/\/www.novotek.com\/no\/wp-content\/uploads\/sites\/5\/Forside\/Novotek_logo.png","contentUrl":"https:\/\/www.novotek.com\/no\/wp-content\/uploads\/sites\/5\/Forside\/Novotek_logo.png","width":1200,"height":348,"caption":"Novotek AS"},"image":{"@id":"https:\/\/www.novotek.com\/no\/#\/schema\/logo\/image\/"},"sameAs":["https:\/\/www.linkedin.com\/company\/novotek-as"]}]}},"_links":{"self":[{"href":"https:\/\/www.novotek.com\/no\/wp-json\/wp\/v2\/pages\/1849","targetHints":{"allow":["GET"]}}],"collection":[{"href":"https:\/\/www.novotek.com\/no\/wp-json\/wp\/v2\/pages"}],"about":[{"href":"https:\/\/www.novotek.com\/no\/wp-json\/wp\/v2\/types\/page"}],"author":[{"embeddable":true,"href":"https:\/\/www.novotek.com\/no\/wp-json\/wp\/v2\/users\/7"}],"replies":[{"embeddable":true,"href":"https:\/\/www.novotek.com\/no\/wp-json\/wp\/v2\/comments?post=1849"}],"version-history":[{"count":30,"href":"https:\/\/www.novotek.com\/no\/wp-json\/wp\/v2\/pages\/1849\/revisions"}],"predecessor-version":[{"id":16628,"href":"https:\/\/www.novotek.com\/no\/wp-json\/wp\/v2\/pages\/1849\/revisions\/16628"}],"up":[{"embeddable":true,"href":"https:\/\/www.novotek.com\/no\/wp-json\/wp\/v2\/pages\/126"}],"wp:attachment":[{"href":"https:\/\/www.novotek.com\/no\/wp-json\/wp\/v2\/media?parent=1849"}],"curies":[{"name":"wp","href":"https:\/\/api.w.org\/{rel}","templated":true}]}}