{"id":1886,"date":"2021-06-28T08:37:50","date_gmt":"2021-06-28T08:37:50","guid":{"rendered":"https:\/\/www.novotek.com\/no\/?page_id=1886"},"modified":"2025-08-29T13:30:49","modified_gmt":"2025-08-29T13:30:49","slug":"kundehistoria-palsgaard-a-s","status":"publish","type":"page","link":"https:\/\/www.novotek.com\/no\/bransjer\/naeringsmiddel\/kundehistoria-palsgaard-a-s\/","title":{"rendered":"Kundehistorie Palsgaard A\/S"},"content":{"rendered":"  <div class=\"hero\">\n    <div class=\"carousel hero-slider small\" data-flickity data-flickity-options='{\"prevNextButtons\": false}'>\n              <div class=\"carousel-cell\">\n          <div class=\"container\">\n            <div class=\"hero-content\">\n                              <h5>Referanse<\/h5>\n<h1>Palsgaard A\/S<\/h1>\n<p>Palsgaard har implementert planleggingsverkt\u00f8yet Proficy Scheduler \/ ROB-EX for \u00e5 optimere produksjonen. Et arbeidsverkt\u00f8y som har gitt dem bedre oversikt over produksjonsprosessene.<\/p>\n              \n                          <\/div>\n          <\/div>\n\n          <img decoding=\"async\" width=\"1024\" height=\"427\" src=\"https:\/\/www.novotek.com\/no\/wp-content\/uploads\/sites\/5\/Bransjer\/N\u00e6ringsmiddel\/Palsgaard-AS-header_1920x800_duplex_cyan_NEW-1024x427.jpg\" class=\"hero-bg\" alt=\"Hero Img\" fetchpriority=\"high\" srcset=\"https:\/\/www.novotek.com\/no\/wp-content\/uploads\/sites\/5\/Bransjer\/N\u00e6ringsmiddel\/Palsgaard-AS-header_1920x800_duplex_cyan_NEW-1024x427.jpg 1024w, https:\/\/www.novotek.com\/no\/wp-content\/uploads\/sites\/5\/Bransjer\/N\u00e6ringsmiddel\/Palsgaard-AS-header_1920x800_duplex_cyan_NEW-300x125.jpg 300w, https:\/\/www.novotek.com\/no\/wp-content\/uploads\/sites\/5\/Bransjer\/N\u00e6ringsmiddel\/Palsgaard-AS-header_1920x800_duplex_cyan_NEW-768x320.jpg 768w, https:\/\/www.novotek.com\/no\/wp-content\/uploads\/sites\/5\/Bransjer\/N\u00e6ringsmiddel\/Palsgaard-AS-header_1920x800_duplex_cyan_NEW-1536x640.jpg 1536w, https:\/\/www.novotek.com\/no\/wp-content\/uploads\/sites\/5\/Bransjer\/N\u00e6ringsmiddel\/Palsgaard-AS-header_1920x800_duplex_cyan_NEW.jpg 1920w\" sizes=\"(max-width: 1024px) 100vw, 1024px\" \/>                  <\/div>\n          <\/div>\n\n      <\/div>\n\n   <div class=\"floating-breadcrumb\"><div class=\"container\"><span><span><a href=\"https:\/\/www.novotek.com\/no\/\" class=\"breadcrumb-frontpage\">Home<\/a><\/span><\/span><\/div><\/div>\n\n\n<div class=\"quotes-parent\">\n  <div class=\"container\">\n    <div class=\"carousel quotes-carousel\">\n              <div class=\"quote-cell carousel-cell\">\n          <div class=\"container-quote\">\n            <strong>&laquo;I dag har vi mye bedre visuell oversikt over produksjonen. Med Proficy Scheduler \/ ROB-EX har vi samlet alt p\u00e5 \u00e9n skjerm, og kan se produksjonen i sammenheng.&raquo;<\/strong>\n            <span>Sitat fra Supply Chain Manager, forsyningskjedeleder, p\u00e5 Palsgaard.<\/span>\n          <\/div>\n        <\/div>\n          <\/div>\n  <\/div>\n<\/div>\n\n\n<div class=\"container-md columns  \">\n<div class=\"wp-block-columns is-layout-flex wp-container-core-columns-is-layout-9d6595d7 wp-block-columns-is-layout-flex\"><div class=\"container-md column  \">\n<div class=\"wp-block-column is-layout-flow wp-block-column-is-layout-flow\"><div class=\"container-md heading  \">\n<h4 class=\"wp-block-heading\">L\u00f8sning<\/h4>\n<\/div>\n\n<div class=\"container-md list  \">\n<ul class=\"wp-block-list\"><div class=\"container-md list-item  \">\n<li>Overblikk over produksjonen&nbsp;<\/li>\n<\/div>\n\n<div class=\"container-md list-item  \">\n<li>Ressursplanlegging<\/li>\n<\/div><\/ul>\n<\/div>\n\n<div class=\"container-md spacer  \">\n<div style=\"height:20px\" aria-hidden=\"true\" class=\"wp-block-spacer\"><\/div>\n<\/div>\n\n<div class=\"container-md heading  \">\n<h4 class=\"wp-block-heading\">Produkt<\/h4>\n<\/div>\n\n<div class=\"container-md list  \">\n<ul class=\"wp-block-list\"><div class=\"container-md list-item  \">\n<li><a href=\"https:\/\/www.novotek.com\/no\/digitalisering\/produksjonsplanlegging\/proficy-scheduler-rob-ex\/\">Proficy Scheduler \/ ROB-EX<\/a><\/li>\n<\/div><\/ul>\n<\/div>\n\n<div class=\"container-md spacer  \">\n<div style=\"height:20px\" aria-hidden=\"true\" class=\"wp-block-spacer\"><\/div>\n<\/div>\n\n<div class=\"container-md heading  \">\n<h4 class=\"wp-block-heading\">Fordeler<\/h4>\n<\/div>\n\n<div class=\"container-md list  \">\n<ul class=\"wp-block-list\"><div class=\"container-md list-item  \">\n<li>Visuell oversikt over alle fasiliteter<\/li>\n<\/div>\n\n<div class=\"container-md list-item  \">\n<li>Redusert avfall<\/li>\n<\/div>\n\n<div class=\"container-md list-item  \">\n<li>Kortere bufferingstid<\/li>\n<\/div>\n\n<div class=\"container-md list-item  \">\n<li>Bedre oversikt over leveringsdatoer<\/li>\n<\/div>\n\n<div class=\"container-md list-item  \">\n<li>Mulighet til \u00e5 tilpasse ordre etter anleggets kapasitet og begrensninger&nbsp;<\/li>\n<\/div><\/ul>\n<\/div><\/div>\n<\/div>\n\n<div class=\"container-md column  \">\n<div class=\"wp-block-column is-layout-flow wp-block-column-is-layout-flow\"><div class=\"container-md image  \">\n<figure class=\"wp-block-image size-large is-resized\"><img loading=\"lazy\" decoding=\"async\" width=\"500\" height=\"500\" src=\"https:\/\/www.novotek.com\/no\/wp-content\/uploads\/sites\/5\/Bransjer\/Novotek_CheckBox.png\" alt=\"Novotek piktogram: Check.\" class=\"wp-image-1835\" style=\"width:213px;height:213px\" srcset=\"https:\/\/www.novotek.com\/no\/wp-content\/uploads\/sites\/5\/Bransjer\/Novotek_CheckBox.png 500w, https:\/\/www.novotek.com\/no\/wp-content\/uploads\/sites\/5\/Bransjer\/Novotek_CheckBox-300x300.png 300w, https:\/\/www.novotek.com\/no\/wp-content\/uploads\/sites\/5\/Bransjer\/Novotek_CheckBox-150x150.png 150w\" sizes=\"auto, (max-width: 500px) 100vw, 500px\" \/><\/figure>\n<\/div><\/div>\n<\/div><\/div>\n<\/div>\n\n<div class=\"container-md spacer  \">\n<div style=\"height:50px\" aria-hidden=\"true\" class=\"wp-block-spacer\"><\/div>\n<\/div>\n\n  <div class=\"hero\">\n    <div class=\"carousel hero-slider small\" data-flickity data-flickity-options='{\"prevNextButtons\": false}'>\n              <div class=\"carousel-cell\">\n          <div class=\"container\">\n            <div class=\"hero-content\">\n                              <h2>Bedre visuell oversikt og produksjonsplanlegging<\/h2>\n<p>Palsgaard A\/S utvikler og produserer emulgeringsmiddel og stabilisatorer for et stort antall n\u00e6ringsmiddelprodusenter over hele verden. Virksomheten er spesialisert p\u00e5 produkter for bakeri, konfekt, meieriprodukter, is, margarin og dressinger. I tillegg produserer de emulgatorer for polymerproduksjon og kosmetikkindustrien.<\/p>\n              \n                          <\/div>\n          <\/div>\n\n          <img decoding=\"async\" width=\"1024\" height=\"427\" src=\"https:\/\/www.novotek.com\/no\/wp-content\/uploads\/sites\/5\/Bransjer\/N\u00e6ringsmiddel\/Palsgaard\/Paalsgard_overview_duplex_cyan_1920x800px_NEW-1024x427.jpg\" class=\"hero-bg\" alt=\"Hero Img\" fetchpriority=\"high\" srcset=\"https:\/\/www.novotek.com\/no\/wp-content\/uploads\/sites\/5\/Bransjer\/N\u00e6ringsmiddel\/Palsgaard\/Paalsgard_overview_duplex_cyan_1920x800px_NEW-1024x427.jpg 1024w, https:\/\/www.novotek.com\/no\/wp-content\/uploads\/sites\/5\/Bransjer\/N\u00e6ringsmiddel\/Palsgaard\/Paalsgard_overview_duplex_cyan_1920x800px_NEW-300x125.jpg 300w, https:\/\/www.novotek.com\/no\/wp-content\/uploads\/sites\/5\/Bransjer\/N\u00e6ringsmiddel\/Palsgaard\/Paalsgard_overview_duplex_cyan_1920x800px_NEW-768x320.jpg 768w, https:\/\/www.novotek.com\/no\/wp-content\/uploads\/sites\/5\/Bransjer\/N\u00e6ringsmiddel\/Palsgaard\/Paalsgard_overview_duplex_cyan_1920x800px_NEW-1536x640.jpg 1536w, https:\/\/www.novotek.com\/no\/wp-content\/uploads\/sites\/5\/Bransjer\/N\u00e6ringsmiddel\/Palsgaard\/Paalsgard_overview_duplex_cyan_1920x800px_NEW.jpg 1920w\" sizes=\"(max-width: 1024px) 100vw, 1024px\" \/>                  <\/div>\n          <\/div>\n\n      <\/div>\n\n   \n\n\n<div class=\"container-md heading  \">\n<h2 class=\"wp-block-heading\">Oversikt over ingrediensproduksjonen<\/h2>\n<\/div>\n\n<div class=\"container-md paragraph  \">\n<p>N\u00e6ringsmiddelprodusenten Palsgaard A\/S har hovedkontor og produksjon i Juelsminde i Danmark, og er et voksende selskap. Selskapet har 350 ansatte, 12 datterselskap og produksjon i Mexico og Malaysia. Med stadig vekst hadde Palsgaard behov for et planleggingssystem som gir tydelig oversikt og \u00e5penhet.<\/p>\n<\/div>\n\n<div class=\"container-md paragraph  \">\n<p>Med implementering av planleggingsverkt\u00f8yet Proficy Scheduler \/ ROB-EX er produksjonen optimalisert. Dette har f\u00f8rt til betydelig bedre oversikt over produksjonsprosessene.\u00a0<\/p>\n<\/div>\n\n<div class=\"container media-text  align\">\n<div class=\"wp-block-media-text has-media-on-the-right is-stacked-on-mobile\"><div class=\"wp-block-media-text__content\"><div class=\"container-md heading  \">\n<h2 class=\"wp-block-heading\">Visuell oversikt<\/h2>\n<\/div>\n\n<div class=\"container-md paragraph  \">\n<p>Overgangen til Proficy Scheduler \/ ROB-EX fra GE Vernova har gjort informasjon og kunnskapsdeling tilgjengelig via produksjonsplanleggeren, som brukes sammen med selskapets ERP-system.\u00a0<\/p>\n<\/div>\n\n<div class=\"container-md paragraph  \">\n<p>Systemet har gitt Palsgaard en visuell oversikt over kapasiteten til de enkelte anleggene. P\u00e5 grunn av dette kan bestillingsflyten optimaliseres, og produksjonsplanleggerne har god oversikt over hva hver ny ordre betyr for andre leveranser.\u00a0<\/p>\n<\/div><\/div><figure class=\"wp-block-media-text__media\"><img loading=\"lazy\" decoding=\"async\" width=\"800\" height=\"600\" src=\"https:\/\/www.novotek.com\/no\/wp-content\/uploads\/sites\/5\/Digitalisering\/Produksjonsplanlegging\/Mockup_ROB-EX.png\" alt=\"Mockup av ROB-EX Scheduler\" class=\"wp-image-1477 size-full\" srcset=\"https:\/\/www.novotek.com\/no\/wp-content\/uploads\/sites\/5\/Digitalisering\/Produksjonsplanlegging\/Mockup_ROB-EX.png 800w, https:\/\/www.novotek.com\/no\/wp-content\/uploads\/sites\/5\/Digitalisering\/Produksjonsplanlegging\/Mockup_ROB-EX-300x225.png 300w, https:\/\/www.novotek.com\/no\/wp-content\/uploads\/sites\/5\/Digitalisering\/Produksjonsplanlegging\/Mockup_ROB-EX-768x576.png 768w\" sizes=\"auto, (max-width: 800px) 100vw, 800px\" \/><\/figure><\/div>\n<\/div>\n\n<div class=\"container-md heading  \">\n<h2 class=\"wp-block-heading\">Delt kunnskap<\/h2>\n<\/div>\n\n<div class=\"container-md paragraph  \">\n<p>Forbedret utveksling av informasjon og kunnskap er en stor fordel, &#8211; ogs\u00e5 ved nyansettelser.\u00a0<\/p>\n<\/div>\n\n<div class=\"container-md paragraph  \">\n<p>\u2013&nbsp;Alt er organisert og administrert i et system med \u00e9n enkelt skjerm. Alle har tilgang til kunnskap gjennom hele produksjonen. P\u00e5 denne m\u00e5ten kan alle bidra til en enda bedre utvikling og forbedring av prosesser, sier Supply Chain Manager.&nbsp;<\/p>\n<\/div>\n\n<div class=\"container media-text  align\">\n<div class=\"wp-block-media-text is-stacked-on-mobile\"><figure class=\"wp-block-media-text__media\"><img loading=\"lazy\" decoding=\"async\" width=\"800\" height=\"800\" src=\"https:\/\/www.novotek.com\/no\/wp-content\/uploads\/sites\/5\/Bransjer\/N\u00e6ringsmiddel\/Palsgaard\/Novotek_Palsgaard_800x800.png\" alt=\"Siloer for n\u00e6ringsmiddelproduksjon.\" class=\"wp-image-1906 size-full\" srcset=\"https:\/\/www.novotek.com\/no\/wp-content\/uploads\/sites\/5\/Bransjer\/N\u00e6ringsmiddel\/Palsgaard\/Novotek_Palsgaard_800x800.png 800w, https:\/\/www.novotek.com\/no\/wp-content\/uploads\/sites\/5\/Bransjer\/N\u00e6ringsmiddel\/Palsgaard\/Novotek_Palsgaard_800x800-300x300.png 300w, https:\/\/www.novotek.com\/no\/wp-content\/uploads\/sites\/5\/Bransjer\/N\u00e6ringsmiddel\/Palsgaard\/Novotek_Palsgaard_800x800-150x150.png 150w, https:\/\/www.novotek.com\/no\/wp-content\/uploads\/sites\/5\/Bransjer\/N\u00e6ringsmiddel\/Palsgaard\/Novotek_Palsgaard_800x800-768x768.png 768w\" sizes=\"auto, (max-width: 800px) 100vw, 800px\" \/><\/figure><div class=\"wp-block-media-text__content\"><div class=\"container-md heading  \">\n<h2 class=\"wp-block-heading\">P\u00e5g\u00e5ende utvikling<\/h2>\n<\/div>\n\n<div class=\"container-md paragraph  \">\n<p>P\u00e5 Palsgaard er det avgj\u00f8rende at de kan fortsette \u00e5 utvikle planleggingssystemet for \u00e5 matche nye krav og behov.&nbsp;<\/p>\n<\/div>\n\n<div class=\"container-md paragraph  \">\n<p>\u2013&nbsp;Det er viktig at vi kontinuerlig kan utvikle systemet. Akkurat n\u00e5 tester vi en ny funksjon i planleggingsprogrammet, som tydelig viser b\u00e6rekraften til produktene, og dermed n\u00e5r de trenger \u00e5 g\u00e5 videre for \u00e5 f\u00e5 f\u00e6rre stopp i produksjonen og redusere avfall, understreker han.&nbsp;<\/p>\n<\/div><\/div><\/div>\n<\/div>\n\n  <div class=\"slider-column-parent\">\n    <div class=\"container\">\n      <div class=\"slider-column-title\">Les mer om l\u00f8sningen<\/div>\n\n      <div class=\"row\">\n        <div class=\"col-12 col-md-4\"><div class=\"column-box\">\n  \n      <div class=\"title\">\n      Proficy Scheduler \/ ROB-EX    <\/div>\n  \n      <div class=\"text\">\n      <p>Et verkt\u00f8y spesialisert for produksjonsplanlegging.<\/p>\n    <\/div>\n  \n      <a class=\"link\"  href=\"https:\/\/www.novotek.com\/no\/digitalisering\/produksjonsplanlegging\/proficy-scheduler-rob-ex\/\" target=\"\">\n      Les mer    <\/a>\n  \n  <\/div>\n\n<\/div>      <\/div>\n    <\/div>\n  <\/div>\n","protected":false},"excerpt":{"rendered":"<p>L\u00f8sning Produkt Fordeler Oversikt over ingrediensproduksjonen N\u00e6ringsmiddelprodusenten Palsgaard A\/S har hovedkontor og produksjon i Juelsminde i Danmark, og er et voksende selskap. Selskapet har 350 ansatte, 12 datterselskap og produksjon i Mexico og Malaysia. Med stadig vekst hadde Palsgaard behov for et planleggingssystem som gir tydelig oversikt og \u00e5penhet. Med implementering av planleggingsverkt\u00f8yet Proficy Scheduler [&hellip;]<\/p>\n","protected":false},"author":7,"featured_media":0,"parent":126,"menu_order":0,"comment_status":"closed","ping_status":"closed","template":"","meta":{"_acf_changed":false,"_relevanssi_hide_post":"","_relevanssi_pin_for_all":"","_relevanssi_pin_keywords":"","_relevanssi_unpin_keywords":"","_relevanssi_related_keywords":"","_relevanssi_related_include_ids":"","_relevanssi_related_exclude_ids":"","_relevanssi_related_no_append":"","_relevanssi_related_not_related":"","_relevanssi_related_posts":"1","_relevanssi_noindex_reason":"","footnotes":""},"class_list":["post-1886","page","type-page","status-publish","hentry"],"acf":[],"yoast_head":"<!-- This site is optimized with the Yoast SEO plugin v27.4 - https:\/\/yoast.com\/product\/yoast-seo-wordpress\/ -->\n<title>Kundehistorie Palsgaard A\/S - Novotek Norge<\/title>\n<meta name=\"description\" content=\"Palsgaard har f\u00e5tt bedre oversikt over produksjonsprosessen med planleggingsverkt\u00f8yet Proficy Scheduler \/ ROB-EX levert av Novotek.\" \/>\n<meta name=\"robots\" content=\"index, follow, max-snippet:-1, max-image-preview:large, max-video-preview:-1\" \/>\n<link rel=\"canonical\" href=\"https:\/\/www.novotek.com\/no\/bransjer\/naeringsmiddel\/kundehistoria-palsgaard-a-s\/\" \/>\n<meta property=\"og:locale\" content=\"nb_NO\" \/>\n<meta property=\"og:type\" content=\"article\" \/>\n<meta property=\"og:title\" content=\"Kundehistorie Palsgaard A\/S - Novotek Norge\" \/>\n<meta property=\"og:description\" content=\"Palsgaard har f\u00e5tt bedre oversikt over produksjonsprosessen med planleggingsverkt\u00f8yet Proficy Scheduler \/ ROB-EX levert av Novotek.\" \/>\n<meta property=\"og:url\" content=\"https:\/\/www.novotek.com\/no\/bransjer\/naeringsmiddel\/kundehistoria-palsgaard-a-s\/\" \/>\n<meta property=\"og:site_name\" content=\"Novotek Norge\" \/>\n<meta property=\"article:modified_time\" content=\"2025-08-29T13:30:49+00:00\" \/>\n<meta property=\"og:image\" content=\"https:\/\/www.novotek.com\/no\/wp-content\/uploads\/sites\/5\/Bransjer\/Novotek_CheckBox.png\" \/>\n<meta name=\"twitter:card\" content=\"summary_large_image\" \/>\n<meta name=\"twitter:label1\" content=\"Ansl. lesetid\" \/>\n\t<meta name=\"twitter:data1\" content=\"3 minutter\" \/>\n<script type=\"application\/ld+json\" class=\"yoast-schema-graph\">{\"@context\":\"https:\\\/\\\/schema.org\",\"@graph\":[{\"@type\":\"WebPage\",\"@id\":\"https:\\\/\\\/www.novotek.com\\\/no\\\/bransjer\\\/naeringsmiddel\\\/kundehistoria-palsgaard-a-s\\\/\",\"url\":\"https:\\\/\\\/www.novotek.com\\\/no\\\/bransjer\\\/naeringsmiddel\\\/kundehistoria-palsgaard-a-s\\\/\",\"name\":\"Kundehistorie Palsgaard A\\\/S - Novotek Norge\",\"isPartOf\":{\"@id\":\"https:\\\/\\\/www.novotek.com\\\/no\\\/#website\"},\"primaryImageOfPage\":{\"@id\":\"https:\\\/\\\/www.novotek.com\\\/no\\\/bransjer\\\/naeringsmiddel\\\/kundehistoria-palsgaard-a-s\\\/#primaryimage\"},\"image\":{\"@id\":\"https:\\\/\\\/www.novotek.com\\\/no\\\/bransjer\\\/naeringsmiddel\\\/kundehistoria-palsgaard-a-s\\\/#primaryimage\"},\"thumbnailUrl\":\"https:\\\/\\\/www.novotek.com\\\/no\\\/wp-content\\\/uploads\\\/sites\\\/5\\\/Bransjer\\\/Novotek_CheckBox.png\",\"datePublished\":\"2021-06-28T08:37:50+00:00\",\"dateModified\":\"2025-08-29T13:30:49+00:00\",\"description\":\"Palsgaard har f\u00e5tt bedre oversikt over produksjonsprosessen med planleggingsverkt\u00f8yet Proficy Scheduler \\\/ ROB-EX levert av Novotek.\",\"breadcrumb\":{\"@id\":\"https:\\\/\\\/www.novotek.com\\\/no\\\/bransjer\\\/naeringsmiddel\\\/kundehistoria-palsgaard-a-s\\\/#breadcrumb\"},\"inLanguage\":\"nb-NO\",\"potentialAction\":[{\"@type\":\"ReadAction\",\"target\":[\"https:\\\/\\\/www.novotek.com\\\/no\\\/bransjer\\\/naeringsmiddel\\\/kundehistoria-palsgaard-a-s\\\/\"]}]},{\"@type\":\"ImageObject\",\"inLanguage\":\"nb-NO\",\"@id\":\"https:\\\/\\\/www.novotek.com\\\/no\\\/bransjer\\\/naeringsmiddel\\\/kundehistoria-palsgaard-a-s\\\/#primaryimage\",\"url\":\"https:\\\/\\\/www.novotek.com\\\/no\\\/wp-content\\\/uploads\\\/sites\\\/5\\\/Bransjer\\\/Novotek_CheckBox.png\",\"contentUrl\":\"https:\\\/\\\/www.novotek.com\\\/no\\\/wp-content\\\/uploads\\\/sites\\\/5\\\/Bransjer\\\/Novotek_CheckBox.png\",\"width\":500,\"height\":500,\"caption\":\"Novotek piktogram: Check.\"},{\"@type\":\"BreadcrumbList\",\"@id\":\"https:\\\/\\\/www.novotek.com\\\/no\\\/bransjer\\\/naeringsmiddel\\\/kundehistoria-palsgaard-a-s\\\/#breadcrumb\",\"itemListElement\":[{\"@type\":\"ListItem\",\"position\":1,\"name\":\"Home\",\"item\":\"https:\\\/\\\/www.novotek.com\\\/no\\\/\"},{\"@type\":\"ListItem\",\"position\":2,\"name\":\"Bransjer\",\"item\":\"https:\\\/\\\/www.novotek.com\\\/no\\\/bransjer\\\/\"},{\"@type\":\"ListItem\",\"position\":3,\"name\":\"N\u00e6ringsmiddel\",\"item\":\"https:\\\/\\\/www.novotek.com\\\/no\\\/bransjer\\\/naeringsmiddel\\\/\"},{\"@type\":\"ListItem\",\"position\":4,\"name\":\"Kundehistorie Palsgaard A\\\/S\"}]},{\"@type\":\"WebSite\",\"@id\":\"https:\\\/\\\/www.novotek.com\\\/no\\\/#website\",\"url\":\"https:\\\/\\\/www.novotek.com\\\/no\\\/\",\"name\":\"Novotek Norge\",\"description\":\"Automasjon, digitalisering og Analytics\",\"publisher\":{\"@id\":\"https:\\\/\\\/www.novotek.com\\\/no\\\/#organization\"},\"potentialAction\":[{\"@type\":\"SearchAction\",\"target\":{\"@type\":\"EntryPoint\",\"urlTemplate\":\"https:\\\/\\\/www.novotek.com\\\/no\\\/?s={search_term_string}\"},\"query-input\":{\"@type\":\"PropertyValueSpecification\",\"valueRequired\":true,\"valueName\":\"search_term_string\"}}],\"inLanguage\":\"nb-NO\"},{\"@type\":\"Organization\",\"@id\":\"https:\\\/\\\/www.novotek.com\\\/no\\\/#organization\",\"name\":\"Novotek AS\",\"url\":\"https:\\\/\\\/www.novotek.com\\\/no\\\/\",\"logo\":{\"@type\":\"ImageObject\",\"inLanguage\":\"nb-NO\",\"@id\":\"https:\\\/\\\/www.novotek.com\\\/no\\\/#\\\/schema\\\/logo\\\/image\\\/\",\"url\":\"https:\\\/\\\/www.novotek.com\\\/no\\\/wp-content\\\/uploads\\\/sites\\\/5\\\/Forside\\\/Novotek_logo.png\",\"contentUrl\":\"https:\\\/\\\/www.novotek.com\\\/no\\\/wp-content\\\/uploads\\\/sites\\\/5\\\/Forside\\\/Novotek_logo.png\",\"width\":1200,\"height\":348,\"caption\":\"Novotek AS\"},\"image\":{\"@id\":\"https:\\\/\\\/www.novotek.com\\\/no\\\/#\\\/schema\\\/logo\\\/image\\\/\"},\"sameAs\":[\"https:\\\/\\\/www.linkedin.com\\\/company\\\/novotek-as\"]}]}<\/script>\n<!-- \/ Yoast SEO plugin. -->","yoast_head_json":{"title":"Kundehistorie Palsgaard A\/S - Novotek Norge","description":"Palsgaard har f\u00e5tt bedre oversikt over produksjonsprosessen med planleggingsverkt\u00f8yet Proficy Scheduler \/ ROB-EX levert av Novotek.","robots":{"index":"index","follow":"follow","max-snippet":"max-snippet:-1","max-image-preview":"max-image-preview:large","max-video-preview":"max-video-preview:-1"},"canonical":"https:\/\/www.novotek.com\/no\/bransjer\/naeringsmiddel\/kundehistoria-palsgaard-a-s\/","og_locale":"nb_NO","og_type":"article","og_title":"Kundehistorie Palsgaard A\/S - Novotek Norge","og_description":"Palsgaard har f\u00e5tt bedre oversikt over produksjonsprosessen med planleggingsverkt\u00f8yet Proficy Scheduler \/ ROB-EX levert av Novotek.","og_url":"https:\/\/www.novotek.com\/no\/bransjer\/naeringsmiddel\/kundehistoria-palsgaard-a-s\/","og_site_name":"Novotek Norge","article_modified_time":"2025-08-29T13:30:49+00:00","og_image":[{"url":"https:\/\/www.novotek.com\/no\/wp-content\/uploads\/sites\/5\/Bransjer\/Novotek_CheckBox.png","type":"","width":"","height":""}],"twitter_card":"summary_large_image","twitter_misc":{"Ansl. lesetid":"3 minutter"},"schema":{"@context":"https:\/\/schema.org","@graph":[{"@type":"WebPage","@id":"https:\/\/www.novotek.com\/no\/bransjer\/naeringsmiddel\/kundehistoria-palsgaard-a-s\/","url":"https:\/\/www.novotek.com\/no\/bransjer\/naeringsmiddel\/kundehistoria-palsgaard-a-s\/","name":"Kundehistorie Palsgaard A\/S - Novotek Norge","isPartOf":{"@id":"https:\/\/www.novotek.com\/no\/#website"},"primaryImageOfPage":{"@id":"https:\/\/www.novotek.com\/no\/bransjer\/naeringsmiddel\/kundehistoria-palsgaard-a-s\/#primaryimage"},"image":{"@id":"https:\/\/www.novotek.com\/no\/bransjer\/naeringsmiddel\/kundehistoria-palsgaard-a-s\/#primaryimage"},"thumbnailUrl":"https:\/\/www.novotek.com\/no\/wp-content\/uploads\/sites\/5\/Bransjer\/Novotek_CheckBox.png","datePublished":"2021-06-28T08:37:50+00:00","dateModified":"2025-08-29T13:30:49+00:00","description":"Palsgaard har f\u00e5tt bedre oversikt over produksjonsprosessen med planleggingsverkt\u00f8yet Proficy Scheduler \/ ROB-EX levert av Novotek.","breadcrumb":{"@id":"https:\/\/www.novotek.com\/no\/bransjer\/naeringsmiddel\/kundehistoria-palsgaard-a-s\/#breadcrumb"},"inLanguage":"nb-NO","potentialAction":[{"@type":"ReadAction","target":["https:\/\/www.novotek.com\/no\/bransjer\/naeringsmiddel\/kundehistoria-palsgaard-a-s\/"]}]},{"@type":"ImageObject","inLanguage":"nb-NO","@id":"https:\/\/www.novotek.com\/no\/bransjer\/naeringsmiddel\/kundehistoria-palsgaard-a-s\/#primaryimage","url":"https:\/\/www.novotek.com\/no\/wp-content\/uploads\/sites\/5\/Bransjer\/Novotek_CheckBox.png","contentUrl":"https:\/\/www.novotek.com\/no\/wp-content\/uploads\/sites\/5\/Bransjer\/Novotek_CheckBox.png","width":500,"height":500,"caption":"Novotek piktogram: Check."},{"@type":"BreadcrumbList","@id":"https:\/\/www.novotek.com\/no\/bransjer\/naeringsmiddel\/kundehistoria-palsgaard-a-s\/#breadcrumb","itemListElement":[{"@type":"ListItem","position":1,"name":"Home","item":"https:\/\/www.novotek.com\/no\/"},{"@type":"ListItem","position":2,"name":"Bransjer","item":"https:\/\/www.novotek.com\/no\/bransjer\/"},{"@type":"ListItem","position":3,"name":"N\u00e6ringsmiddel","item":"https:\/\/www.novotek.com\/no\/bransjer\/naeringsmiddel\/"},{"@type":"ListItem","position":4,"name":"Kundehistorie Palsgaard A\/S"}]},{"@type":"WebSite","@id":"https:\/\/www.novotek.com\/no\/#website","url":"https:\/\/www.novotek.com\/no\/","name":"Novotek Norge","description":"Automasjon, digitalisering og Analytics","publisher":{"@id":"https:\/\/www.novotek.com\/no\/#organization"},"potentialAction":[{"@type":"SearchAction","target":{"@type":"EntryPoint","urlTemplate":"https:\/\/www.novotek.com\/no\/?s={search_term_string}"},"query-input":{"@type":"PropertyValueSpecification","valueRequired":true,"valueName":"search_term_string"}}],"inLanguage":"nb-NO"},{"@type":"Organization","@id":"https:\/\/www.novotek.com\/no\/#organization","name":"Novotek AS","url":"https:\/\/www.novotek.com\/no\/","logo":{"@type":"ImageObject","inLanguage":"nb-NO","@id":"https:\/\/www.novotek.com\/no\/#\/schema\/logo\/image\/","url":"https:\/\/www.novotek.com\/no\/wp-content\/uploads\/sites\/5\/Forside\/Novotek_logo.png","contentUrl":"https:\/\/www.novotek.com\/no\/wp-content\/uploads\/sites\/5\/Forside\/Novotek_logo.png","width":1200,"height":348,"caption":"Novotek AS"},"image":{"@id":"https:\/\/www.novotek.com\/no\/#\/schema\/logo\/image\/"},"sameAs":["https:\/\/www.linkedin.com\/company\/novotek-as"]}]}},"_links":{"self":[{"href":"https:\/\/www.novotek.com\/no\/wp-json\/wp\/v2\/pages\/1886","targetHints":{"allow":["GET"]}}],"collection":[{"href":"https:\/\/www.novotek.com\/no\/wp-json\/wp\/v2\/pages"}],"about":[{"href":"https:\/\/www.novotek.com\/no\/wp-json\/wp\/v2\/types\/page"}],"author":[{"embeddable":true,"href":"https:\/\/www.novotek.com\/no\/wp-json\/wp\/v2\/users\/7"}],"replies":[{"embeddable":true,"href":"https:\/\/www.novotek.com\/no\/wp-json\/wp\/v2\/comments?post=1886"}],"version-history":[{"count":36,"href":"https:\/\/www.novotek.com\/no\/wp-json\/wp\/v2\/pages\/1886\/revisions"}],"predecessor-version":[{"id":16631,"href":"https:\/\/www.novotek.com\/no\/wp-json\/wp\/v2\/pages\/1886\/revisions\/16631"}],"up":[{"embeddable":true,"href":"https:\/\/www.novotek.com\/no\/wp-json\/wp\/v2\/pages\/126"}],"wp:attachment":[{"href":"https:\/\/www.novotek.com\/no\/wp-json\/wp\/v2\/media?parent=1886"}],"curies":[{"name":"wp","href":"https:\/\/api.w.org\/{rel}","templated":true}]}}