{"id":198,"date":"2021-05-11T10:45:03","date_gmt":"2021-05-11T10:45:03","guid":{"rendered":"https:\/\/www.novotek.com\/no\/?page_id=198"},"modified":"2021-07-09T07:11:05","modified_gmt":"2021-07-09T07:11:05","slug":"versiondog","status":"publish","type":"page","link":"https:\/\/www.novotek.com\/no\/automasjon\/versjonskontroll\/versiondog\/","title":{"rendered":"Versiondog"},"content":{"rendered":"  <div class=\"hero\">\n    <div class=\"carousel hero-slider small\" data-flickity data-flickity-options='{\"prevNextButtons\": false}'>\n              <div class=\"carousel-cell\">\n          <div class=\"container\">\n            <div class=\"hero-content\">\n                              <h1>Versiondog<\/h1>\n<p>Versiondog gir optimal versjonskontroll tilpasset industriell automasjon.<\/p>\n              \n                          <\/div>\n          <\/div>\n\n          <img decoding=\"async\" width=\"1024\" height=\"427\" src=\"https:\/\/www.novotek.com\/no\/wp-content\/uploads\/sites\/5\/Automasjon\/Versjonskontroll\/Novotek_Versiondog_duotone_1920x800-1024x427.jpg\" class=\"hero-bg\" alt=\"Hero Img\" fetchpriority=\"high\" srcset=\"https:\/\/www.novotek.com\/no\/wp-content\/uploads\/sites\/5\/Automasjon\/Versjonskontroll\/Novotek_Versiondog_duotone_1920x800-1024x427.jpg 1024w, https:\/\/www.novotek.com\/no\/wp-content\/uploads\/sites\/5\/Automasjon\/Versjonskontroll\/Novotek_Versiondog_duotone_1920x800-300x125.jpg 300w, https:\/\/www.novotek.com\/no\/wp-content\/uploads\/sites\/5\/Automasjon\/Versjonskontroll\/Novotek_Versiondog_duotone_1920x800-768x320.jpg 768w, https:\/\/www.novotek.com\/no\/wp-content\/uploads\/sites\/5\/Automasjon\/Versjonskontroll\/Novotek_Versiondog_duotone_1920x800-1536x640.jpg 1536w, https:\/\/www.novotek.com\/no\/wp-content\/uploads\/sites\/5\/Automasjon\/Versjonskontroll\/Novotek_Versiondog_duotone_1920x800.jpg 1920w\" sizes=\"(max-width: 1024px) 100vw, 1024px\" \/>                  <\/div>\n          <\/div>\n\n      <\/div>\n\n   <div class=\"floating-breadcrumb\"><div class=\"container\"><span><span><a href=\"https:\/\/www.novotek.com\/no\/\" class=\"breadcrumb-frontpage\">Home<\/a><\/span><\/span><\/div><\/div>\n\n\n<div class=\"container-md paragraph  \">\n<p>I dagens anlegg m\u00e5 ulike roboter, utstyr, styringsprogrammer, motorer, programmeringsspr\u00e5k, filformater og software-applikasjoner kunne kommunisere optimalt. Versiondog fra Auvesy gir versjonskontroll som holder sammen en stadig mer kompleks verden av datastyrte automasjonsprosesser.<\/p>\n<\/div>\n\n<div class=\"container-md paragraph  \">\n<p>Versiondog betegnes med ulike navn avhengig av bransje: Configuration Management, Configuration Control, Version Control, Change Control, Change Management, versjonsstyring og versjonskontroll. Uansett navn har l\u00f8sningen den samme oppgaven, &#8211; \u00e5 holde oversikt over programvare tilknyttet automasjon.<\/p>\n<\/div>\n\n<div class=\"container media-text  \">\n<div class=\"wp-block-media-text alignwide has-media-on-the-right is-stacked-on-mobile\"><figure class=\"wp-block-media-text__media\"><img loading=\"lazy\" decoding=\"async\" width=\"1024\" height=\"667\" src=\"https:\/\/www.novotek.com\/no\/wp-content\/uploads\/sites\/5\/Automasjon\/Versjonskontroll\/Versiondog_Automatic_Backup-1024x667.jpg\" alt=\"Skjermbilde Versiondog: Automatisk backup.\" class=\"wp-image-1974 size-full\" srcset=\"https:\/\/www.novotek.com\/no\/wp-content\/uploads\/sites\/5\/Automasjon\/Versjonskontroll\/Versiondog_Automatic_Backup-1024x667.jpg 1024w, https:\/\/www.novotek.com\/no\/wp-content\/uploads\/sites\/5\/Automasjon\/Versjonskontroll\/Versiondog_Automatic_Backup-300x196.jpg 300w, https:\/\/www.novotek.com\/no\/wp-content\/uploads\/sites\/5\/Automasjon\/Versjonskontroll\/Versiondog_Automatic_Backup-768x500.jpg 768w, https:\/\/www.novotek.com\/no\/wp-content\/uploads\/sites\/5\/Automasjon\/Versjonskontroll\/Versiondog_Automatic_Backup.jpg 1200w\" sizes=\"auto, (max-width: 1024px) 100vw, 1024px\" \/><\/figure><div class=\"wp-block-media-text__content\"><div class=\"container-md heading  \">\n<h2 class=\"wp-block-heading\">Automatisk backup og &laquo;SmartCompare&raquo;<\/h2>\n<\/div>\n\n<div class=\"container-md paragraph  \">\n<p>Versiondog\u2019s viktigste funksjoner er hvordan programkode og konfigurasjon av data kobles sammen og sammenlignes. I Versiondog finnes det koblinger til de fleste typer PLS\u2019er, HMI\/SCADA og andre styresystemer, slik at du ikke trenger spesiell software fra de ulike leverand\u00f8rene. Med en klient\/server-basert l\u00f8sning lagres alt i en sentral server.<\/p>\n<\/div><\/div><\/div>\n<\/div>\n\n<div class=\"container media-text  \">\n<div class=\"wp-block-media-text alignwide is-stacked-on-mobile\"><figure class=\"wp-block-media-text__media\"><img loading=\"lazy\" decoding=\"async\" width=\"1024\" height=\"667\" src=\"https:\/\/www.novotek.com\/no\/wp-content\/uploads\/sites\/5\/Automasjon\/Versjonskontroll\/Versiondog_Compare-1024x667.jpg\" alt=\"Versiondog skjermbilde: Compare\" class=\"wp-image-1975 size-full\" srcset=\"https:\/\/www.novotek.com\/no\/wp-content\/uploads\/sites\/5\/Automasjon\/Versjonskontroll\/Versiondog_Compare-1024x667.jpg 1024w, https:\/\/www.novotek.com\/no\/wp-content\/uploads\/sites\/5\/Automasjon\/Versjonskontroll\/Versiondog_Compare-300x196.jpg 300w, https:\/\/www.novotek.com\/no\/wp-content\/uploads\/sites\/5\/Automasjon\/Versjonskontroll\/Versiondog_Compare-768x500.jpg 768w, https:\/\/www.novotek.com\/no\/wp-content\/uploads\/sites\/5\/Automasjon\/Versjonskontroll\/Versiondog_Compare.jpg 1200w\" sizes=\"auto, (max-width: 1024px) 100vw, 1024px\" \/><\/figure><div class=\"wp-block-media-text__content\"><div class=\"container-md heading  \">\n<h4 class=\"wp-block-heading\">Backup, gjenoppretting og sammenligning<\/h4>\n<\/div>\n\n<div class=\"container-md paragraph  \">\n<p>Klienter, systemer og utstyr kobles til serveren for automatisk backup, gjenoppretting og sammenligning. Med koblingene kan du hente ut informasjonen du trenger fra utstyret, og sammenligne den med annen data eller en versjon du allerede har lagret. Funksjonene for sammenligning, kalt \u00abSmartCompare\u00bb, er unik for Versiondog.<\/p>\n<\/div><\/div><\/div>\n<\/div>\n\n<div class=\"container media-text  \">\n<div class=\"wp-block-media-text alignwide is-stacked-on-mobile\"><figure class=\"wp-block-media-text__media\"><img loading=\"lazy\" decoding=\"async\" width=\"1024\" height=\"667\" src=\"https:\/\/www.novotek.com\/no\/wp-content\/uploads\/sites\/5\/Automasjon\/Versjonskontroll\/Versiondog_Documentation-1024x667.jpg\" alt=\"Skjermbilde Versiondog: Documentation\" class=\"wp-image-1976 size-full\" srcset=\"https:\/\/www.novotek.com\/no\/wp-content\/uploads\/sites\/5\/Automasjon\/Versjonskontroll\/Versiondog_Documentation-1024x667.jpg 1024w, https:\/\/www.novotek.com\/no\/wp-content\/uploads\/sites\/5\/Automasjon\/Versjonskontroll\/Versiondog_Documentation-300x196.jpg 300w, https:\/\/www.novotek.com\/no\/wp-content\/uploads\/sites\/5\/Automasjon\/Versjonskontroll\/Versiondog_Documentation-768x500.jpg 768w, https:\/\/www.novotek.com\/no\/wp-content\/uploads\/sites\/5\/Automasjon\/Versjonskontroll\/Versiondog_Documentation.jpg 1200w\" sizes=\"auto, (max-width: 1024px) 100vw, 1024px\" \/><\/figure><div class=\"wp-block-media-text__content\"><div class=\"container-md heading  \">\n<h4 class=\"wp-block-heading\">Fleksibel l\u00f8sning med full sporbarhet<\/h4>\n<\/div>\n\n<div class=\"container-md paragraph  \">\n<p>Versiondog dokumenterer programkode, konfigurasjonsfiler og dokumenter du trenger kontroll over, og har alltid oversikt over hva som er den siste programversjonen p\u00e5 system og utstyr. Du velger selv hvor ofte backup og sjekker skal gj\u00f8res, og om du vil bli varslet ved endringer. Du styrer hvem som skal ha oversikt og tilgang til \u00e5 gj\u00f8re endringer i systemene. L\u00f8sningen gir fullstendig sporbarhet.<\/p>\n<\/div><\/div><\/div>\n<\/div>\n\n<div class=\"container-md heading  \">\n<h4 class=\"wp-block-heading\">Funksjoner<\/h4>\n<\/div>\n\n<div class=\"container-md list  \">\n<ul class=\"has-background wp-block-list\" style=\"background-color:#f8f8f8\"><li>Automatisk backup av versjoner.<\/li><li>Klient\/server-basert l\u00f8sning lagrer alt i en sentral server.<\/li><li>Benytt \u00abSmartCompare\u00bb for \u00e5 sammenligne data eller systemversjoner.&nbsp;<\/li><li>Bli varslet ved endringer.&nbsp;<\/li><li>Full audit trail\/sporbarhet: Se hvilke endringer som er gjort n\u00e5r, av hvem og hvorfor.&nbsp;<\/li><li>St\u00f8tter de fleste typer styresystemer som PLS\u2019er og HMI\/SCADA, samt en rekke roboter, CNC-maskiner og annet utstyr.&nbsp;<\/li><li>ISO9001-sertifisert.<\/li><li>Enkel \u00e5 installere, konfigurere og bruke.&nbsp;<\/li><\/ul>\n<\/div>\n\n<div class=\"container-md spacer  \">\n<div style=\"height:10px\" aria-hidden=\"true\" class=\"wp-block-spacer\"><\/div>\n<\/div>\n\n<div class=\"container-md heading  \">\n<h4 class=\"wp-block-heading\">Tekniske spesifikasjoner<\/h4>\n<\/div>\n\n<div class=\"container-md paragraph  \">\n<p>\u00abSmartCompare\u00bb kommer i to versjoner for fire hovedgrupper:<\/p>\n<\/div>\n\n<div class=\"container-md list  \">\n<ul class=\"has-background wp-block-list\" style=\"background-color:#f8f8f8\"><li>PLS\/Soft PLC\/CNC herunder SIMATIC S5, SIMATIC S7, CoDeSys, Beckhoff TwinCAT, Phoenix PC WORX, RSLogix, Schneider Electric, Mitsubishi, B&amp;R, Bosch Indraworks.&nbsp;<\/li><li>HMI\/SCADA herunder SIMANTIC PCS7, WinCC. WinCC fleksibel, Siemens TIA Portal, GE iFIX, Wonderware, InTouch, Wonderware ArchestrA, ABB, Copa Data Zenon Schneider Electric Citect.&nbsp;<\/li><li>Field devices\/drive\/roboter herunder Siemens, SEW, Lenze. Leutze, Datalogic, Tightening system controllers. Kistler*, ABB, KUKA, Motoman, Mitsubishi*. Kawasaki*, FANUC*, Adept, St\u00e4ubli.&nbsp;<\/li><li>Filder\/documenter\/PC-bilder herunder Word, Excel, ASCII, INI. CSV, XML, PDF-filer, EPLAN*\/AutoCAD, EXE, DLL, Image Filer (Acronis, Ghost, Drive Snapshot etc.)<\/li><\/ul>\n<\/div>\n\n<div class=\"container-md spacer  \">\n<div style=\"height:10px\" aria-hidden=\"true\" class=\"wp-block-spacer\"><\/div>\n<\/div>\n\n<div class=\"container media-text  \">\n<div class=\"wp-block-media-text alignwide has-media-on-the-right is-stacked-on-mobile\"><figure class=\"wp-block-media-text__media\"><\/figure><div class=\"wp-block-media-text__content\"><div class=\"container-md heading  \">\n<h4 class=\"wp-block-heading\">Kompatibel med internasjonale standarder og krav til kvalitetsstyring<\/h4>\n<\/div>\n\n<div class=\"container-md paragraph  \">\n<p>Versiondog er en perfekt base for kvalitetsstyring etter ISO 900X, GAMP, GMP, FDA 21, VDA 6.4, ISQM-Guide eller DIN EN50128. Alle prosjektdata er lagret i alle tidligere versjoner med komplette kommentarer p\u00e5 en sentral server. Den automatisk genererte historiske loggboken\/\u00abAudit Trail\u00bb, er tilgjengelig til enhver tid.&nbsp;<\/p>\n<\/div>\n\n<div class=\"container-md paragraph  \">\n<p>Med versiondog f\u00e5r du (Siemens PLS brukt som eksempel):<\/p>\n<\/div>\n\n<div class=\"container-md list  \">\n<ul id=\"block-97069ead-dac9-4a69-b0c4-1ac2b6143e3d\" class=\"has-background wp-block-list\" style=\"background-color:#f8f8f8\"><li>Automatisk backup av Simatic S7 og S5.<\/li><li>Versjonsstyring p\u00e5 Simatic S7 og S5 prosjekter.&nbsp;<\/li><li>Lagring av Simatic S7 og S5 prosjekter.<\/li><\/ul>\n<\/div><\/div><\/div>\n<\/div>\n\n<div class=\"container-md heading  \">\n<h2 class=\"wp-block-heading\">Markedsledende versjonskontroll innen automasjon<\/h2>\n<\/div>\n\n<div class=\"container-md paragraph  \">\n<p>Versiondog kom p\u00e5 markedet i 2007. Siden release har Versiondog blitt installert hos tusenvis av bedrifter i mer enn tretti land, og er det mest utbredte systemet for <a href=\"https:\/\/www.novotek.com\/no\/automasjon\/versjonskontroll\/\">versjonskontroll av automasjonsl\u00f8sninger<\/a>. Siemens anbefaler Versiondog for sine systemer og utstyr.<\/p>\n<\/div>\n\n<div class=\"container-md paragraph  \">\n<p>Versiondog er enkel \u00e5 installere, konfigurere og bruke. Auvesy fokuserer p\u00e5 kvalitet, og Versiondog videreutvikles kontinuerlig med nye koblinger og funksjoner.&nbsp;V\u00e5re konsulenter hjelper deg med \u00e5 finne rett m\u00e5te \u00e5 implementere l\u00f8sningen i din bedrift.&nbsp;<\/p>\n<\/div>\n\n<div class=\"container-md paragraph  \">\n<p><strong><a href=\"https:\/\/auvesy.com\/en\/versiondog\">Les mer om Versiondog p\u00e5 Auvesy sine nettsider her<\/a>. <\/strong><\/p>\n<\/div>\n\n<div class=\"container-md paragraph  \">\n<p><\/p>\n<\/div>\n\n<div class=\"container-md spacer  \">\n<div style=\"height:100px\" aria-hidden=\"true\" class=\"wp-block-spacer\"><\/div>\n<\/div>","protected":false},"excerpt":{"rendered":"<p>I dagens anlegg m\u00e5 ulike roboter, utstyr, styringsprogrammer, motorer, programmeringsspr\u00e5k, filformater og software-applikasjoner kunne kommunisere optimalt. Versiondog fra Auvesy gir versjonskontroll som holder sammen en stadig mer kompleks verden av datastyrte automasjonsprosesser. Versiondog betegnes med ulike navn avhengig av bransje: Configuration Management, Configuration Control, Version Control, Change Control, Change Management, versjonsstyring og versjonskontroll. Uansett navn [&hellip;]<\/p>\n","protected":false},"author":7,"featured_media":0,"parent":83,"menu_order":0,"comment_status":"closed","ping_status":"closed","template":"","meta":{"_acf_changed":false,"_relevanssi_hide_post":"","_relevanssi_pin_for_all":"","_relevanssi_pin_keywords":"","_relevanssi_unpin_keywords":"","_relevanssi_related_keywords":"","_relevanssi_related_include_ids":"","_relevanssi_related_exclude_ids":"","_relevanssi_related_no_append":"","_relevanssi_related_not_related":"","_relevanssi_related_posts":"1","_relevanssi_noindex_reason":"","footnotes":""},"class_list":["post-198","page","type-page","status-publish","hentry"],"acf":[],"yoast_head":"<!-- This site is optimized with the Yoast SEO plugin v27.3 - https:\/\/yoast.com\/product\/yoast-seo-wordpress\/ -->\n<title>Versiondog - Novotek Norge<\/title>\n<meta name=\"description\" content=\"F\u00e5 automatisk backup, gjenoppretting og sammenligning med Versiondog, markedets ledende versjonskontroll innen automasjon.\" \/>\n<meta name=\"robots\" content=\"index, follow, max-snippet:-1, max-image-preview:large, max-video-preview:-1\" \/>\n<link rel=\"canonical\" href=\"https:\/\/www.novotek.com\/no\/automasjon\/versjonskontroll\/versiondog\/\" \/>\n<meta property=\"og:locale\" content=\"nb_NO\" \/>\n<meta property=\"og:type\" content=\"article\" \/>\n<meta property=\"og:title\" content=\"Versiondog - Novotek Norge\" \/>\n<meta property=\"og:description\" content=\"F\u00e5 automatisk backup, gjenoppretting og sammenligning med Versiondog, markedets ledende versjonskontroll innen automasjon.\" \/>\n<meta property=\"og:url\" content=\"https:\/\/www.novotek.com\/no\/automasjon\/versjonskontroll\/versiondog\/\" \/>\n<meta property=\"og:site_name\" content=\"Novotek Norge\" \/>\n<meta property=\"article:modified_time\" content=\"2021-07-09T07:11:05+00:00\" \/>\n<meta property=\"og:image\" content=\"https:\/\/www.novotek.com\/no\/wp-content\/uploads\/sites\/5\/Automasjon\/Versjonskontroll\/Versiondog_Automatic_Backup-1024x667.jpg\" \/>\n<meta name=\"twitter:card\" content=\"summary_large_image\" \/>\n<meta name=\"twitter:label1\" content=\"Ansl. lesetid\" \/>\n\t<meta name=\"twitter:data1\" content=\"3 minutter\" \/>\n<script type=\"application\/ld+json\" class=\"yoast-schema-graph\">{\"@context\":\"https:\\\/\\\/schema.org\",\"@graph\":[{\"@type\":\"WebPage\",\"@id\":\"https:\\\/\\\/www.novotek.com\\\/no\\\/automasjon\\\/versjonskontroll\\\/versiondog\\\/\",\"url\":\"https:\\\/\\\/www.novotek.com\\\/no\\\/automasjon\\\/versjonskontroll\\\/versiondog\\\/\",\"name\":\"Versiondog - Novotek Norge\",\"isPartOf\":{\"@id\":\"https:\\\/\\\/www.novotek.com\\\/no\\\/#website\"},\"primaryImageOfPage\":{\"@id\":\"https:\\\/\\\/www.novotek.com\\\/no\\\/automasjon\\\/versjonskontroll\\\/versiondog\\\/#primaryimage\"},\"image\":{\"@id\":\"https:\\\/\\\/www.novotek.com\\\/no\\\/automasjon\\\/versjonskontroll\\\/versiondog\\\/#primaryimage\"},\"thumbnailUrl\":\"https:\\\/\\\/www.novotek.com\\\/no\\\/wp-content\\\/uploads\\\/sites\\\/5\\\/Automasjon\\\/Versjonskontroll\\\/Versiondog_Automatic_Backup-1024x667.jpg\",\"datePublished\":\"2021-05-11T10:45:03+00:00\",\"dateModified\":\"2021-07-09T07:11:05+00:00\",\"description\":\"F\u00e5 automatisk backup, gjenoppretting og sammenligning med Versiondog, markedets ledende versjonskontroll innen automasjon.\",\"breadcrumb\":{\"@id\":\"https:\\\/\\\/www.novotek.com\\\/no\\\/automasjon\\\/versjonskontroll\\\/versiondog\\\/#breadcrumb\"},\"inLanguage\":\"nb-NO\",\"potentialAction\":[{\"@type\":\"ReadAction\",\"target\":[\"https:\\\/\\\/www.novotek.com\\\/no\\\/automasjon\\\/versjonskontroll\\\/versiondog\\\/\"]}]},{\"@type\":\"ImageObject\",\"inLanguage\":\"nb-NO\",\"@id\":\"https:\\\/\\\/www.novotek.com\\\/no\\\/automasjon\\\/versjonskontroll\\\/versiondog\\\/#primaryimage\",\"url\":\"https:\\\/\\\/www.novotek.com\\\/no\\\/wp-content\\\/uploads\\\/sites\\\/5\\\/Automasjon\\\/Versjonskontroll\\\/Versiondog_Automatic_Backup.jpg\",\"contentUrl\":\"https:\\\/\\\/www.novotek.com\\\/no\\\/wp-content\\\/uploads\\\/sites\\\/5\\\/Automasjon\\\/Versjonskontroll\\\/Versiondog_Automatic_Backup.jpg\",\"width\":1200,\"height\":782,\"caption\":\"Skjermbilde Versiondog: Automatisk backup.\"},{\"@type\":\"BreadcrumbList\",\"@id\":\"https:\\\/\\\/www.novotek.com\\\/no\\\/automasjon\\\/versjonskontroll\\\/versiondog\\\/#breadcrumb\",\"itemListElement\":[{\"@type\":\"ListItem\",\"position\":1,\"name\":\"Home\",\"item\":\"https:\\\/\\\/www.novotek.com\\\/no\\\/\"},{\"@type\":\"ListItem\",\"position\":2,\"name\":\"Automasjon\",\"item\":\"https:\\\/\\\/www.novotek.com\\\/no\\\/automasjon\\\/\"},{\"@type\":\"ListItem\",\"position\":3,\"name\":\"Versjonskontroll og OT-sikkerhet\",\"item\":\"https:\\\/\\\/www.novotek.com\\\/no\\\/automasjon\\\/versjonskontroll\\\/\"},{\"@type\":\"ListItem\",\"position\":4,\"name\":\"Versiondog\"}]},{\"@type\":\"WebSite\",\"@id\":\"https:\\\/\\\/www.novotek.com\\\/no\\\/#website\",\"url\":\"https:\\\/\\\/www.novotek.com\\\/no\\\/\",\"name\":\"Novotek Norge\",\"description\":\"Automasjon, digitalisering og Analytics\",\"publisher\":{\"@id\":\"https:\\\/\\\/www.novotek.com\\\/no\\\/#organization\"},\"potentialAction\":[{\"@type\":\"SearchAction\",\"target\":{\"@type\":\"EntryPoint\",\"urlTemplate\":\"https:\\\/\\\/www.novotek.com\\\/no\\\/?s={search_term_string}\"},\"query-input\":{\"@type\":\"PropertyValueSpecification\",\"valueRequired\":true,\"valueName\":\"search_term_string\"}}],\"inLanguage\":\"nb-NO\"},{\"@type\":\"Organization\",\"@id\":\"https:\\\/\\\/www.novotek.com\\\/no\\\/#organization\",\"name\":\"Novotek AS\",\"url\":\"https:\\\/\\\/www.novotek.com\\\/no\\\/\",\"logo\":{\"@type\":\"ImageObject\",\"inLanguage\":\"nb-NO\",\"@id\":\"https:\\\/\\\/www.novotek.com\\\/no\\\/#\\\/schema\\\/logo\\\/image\\\/\",\"url\":\"https:\\\/\\\/www.novotek.com\\\/no\\\/wp-content\\\/uploads\\\/sites\\\/5\\\/Forside\\\/Novotek_logo.png\",\"contentUrl\":\"https:\\\/\\\/www.novotek.com\\\/no\\\/wp-content\\\/uploads\\\/sites\\\/5\\\/Forside\\\/Novotek_logo.png\",\"width\":1200,\"height\":348,\"caption\":\"Novotek AS\"},\"image\":{\"@id\":\"https:\\\/\\\/www.novotek.com\\\/no\\\/#\\\/schema\\\/logo\\\/image\\\/\"},\"sameAs\":[\"https:\\\/\\\/www.linkedin.com\\\/company\\\/novotek-as\"]}]}<\/script>\n<!-- \/ Yoast SEO plugin. -->","yoast_head_json":{"title":"Versiondog - Novotek Norge","description":"F\u00e5 automatisk backup, gjenoppretting og sammenligning med Versiondog, markedets ledende versjonskontroll innen automasjon.","robots":{"index":"index","follow":"follow","max-snippet":"max-snippet:-1","max-image-preview":"max-image-preview:large","max-video-preview":"max-video-preview:-1"},"canonical":"https:\/\/www.novotek.com\/no\/automasjon\/versjonskontroll\/versiondog\/","og_locale":"nb_NO","og_type":"article","og_title":"Versiondog - Novotek Norge","og_description":"F\u00e5 automatisk backup, gjenoppretting og sammenligning med Versiondog, markedets ledende versjonskontroll innen automasjon.","og_url":"https:\/\/www.novotek.com\/no\/automasjon\/versjonskontroll\/versiondog\/","og_site_name":"Novotek Norge","article_modified_time":"2021-07-09T07:11:05+00:00","og_image":[{"url":"https:\/\/www.novotek.com\/no\/wp-content\/uploads\/sites\/5\/Automasjon\/Versjonskontroll\/Versiondog_Automatic_Backup-1024x667.jpg","type":"","width":"","height":""}],"twitter_card":"summary_large_image","twitter_misc":{"Ansl. lesetid":"3 minutter"},"schema":{"@context":"https:\/\/schema.org","@graph":[{"@type":"WebPage","@id":"https:\/\/www.novotek.com\/no\/automasjon\/versjonskontroll\/versiondog\/","url":"https:\/\/www.novotek.com\/no\/automasjon\/versjonskontroll\/versiondog\/","name":"Versiondog - Novotek Norge","isPartOf":{"@id":"https:\/\/www.novotek.com\/no\/#website"},"primaryImageOfPage":{"@id":"https:\/\/www.novotek.com\/no\/automasjon\/versjonskontroll\/versiondog\/#primaryimage"},"image":{"@id":"https:\/\/www.novotek.com\/no\/automasjon\/versjonskontroll\/versiondog\/#primaryimage"},"thumbnailUrl":"https:\/\/www.novotek.com\/no\/wp-content\/uploads\/sites\/5\/Automasjon\/Versjonskontroll\/Versiondog_Automatic_Backup-1024x667.jpg","datePublished":"2021-05-11T10:45:03+00:00","dateModified":"2021-07-09T07:11:05+00:00","description":"F\u00e5 automatisk backup, gjenoppretting og sammenligning med Versiondog, markedets ledende versjonskontroll innen automasjon.","breadcrumb":{"@id":"https:\/\/www.novotek.com\/no\/automasjon\/versjonskontroll\/versiondog\/#breadcrumb"},"inLanguage":"nb-NO","potentialAction":[{"@type":"ReadAction","target":["https:\/\/www.novotek.com\/no\/automasjon\/versjonskontroll\/versiondog\/"]}]},{"@type":"ImageObject","inLanguage":"nb-NO","@id":"https:\/\/www.novotek.com\/no\/automasjon\/versjonskontroll\/versiondog\/#primaryimage","url":"https:\/\/www.novotek.com\/no\/wp-content\/uploads\/sites\/5\/Automasjon\/Versjonskontroll\/Versiondog_Automatic_Backup.jpg","contentUrl":"https:\/\/www.novotek.com\/no\/wp-content\/uploads\/sites\/5\/Automasjon\/Versjonskontroll\/Versiondog_Automatic_Backup.jpg","width":1200,"height":782,"caption":"Skjermbilde Versiondog: Automatisk backup."},{"@type":"BreadcrumbList","@id":"https:\/\/www.novotek.com\/no\/automasjon\/versjonskontroll\/versiondog\/#breadcrumb","itemListElement":[{"@type":"ListItem","position":1,"name":"Home","item":"https:\/\/www.novotek.com\/no\/"},{"@type":"ListItem","position":2,"name":"Automasjon","item":"https:\/\/www.novotek.com\/no\/automasjon\/"},{"@type":"ListItem","position":3,"name":"Versjonskontroll og OT-sikkerhet","item":"https:\/\/www.novotek.com\/no\/automasjon\/versjonskontroll\/"},{"@type":"ListItem","position":4,"name":"Versiondog"}]},{"@type":"WebSite","@id":"https:\/\/www.novotek.com\/no\/#website","url":"https:\/\/www.novotek.com\/no\/","name":"Novotek Norge","description":"Automasjon, digitalisering og Analytics","publisher":{"@id":"https:\/\/www.novotek.com\/no\/#organization"},"potentialAction":[{"@type":"SearchAction","target":{"@type":"EntryPoint","urlTemplate":"https:\/\/www.novotek.com\/no\/?s={search_term_string}"},"query-input":{"@type":"PropertyValueSpecification","valueRequired":true,"valueName":"search_term_string"}}],"inLanguage":"nb-NO"},{"@type":"Organization","@id":"https:\/\/www.novotek.com\/no\/#organization","name":"Novotek AS","url":"https:\/\/www.novotek.com\/no\/","logo":{"@type":"ImageObject","inLanguage":"nb-NO","@id":"https:\/\/www.novotek.com\/no\/#\/schema\/logo\/image\/","url":"https:\/\/www.novotek.com\/no\/wp-content\/uploads\/sites\/5\/Forside\/Novotek_logo.png","contentUrl":"https:\/\/www.novotek.com\/no\/wp-content\/uploads\/sites\/5\/Forside\/Novotek_logo.png","width":1200,"height":348,"caption":"Novotek AS"},"image":{"@id":"https:\/\/www.novotek.com\/no\/#\/schema\/logo\/image\/"},"sameAs":["https:\/\/www.linkedin.com\/company\/novotek-as"]}]}},"_links":{"self":[{"href":"https:\/\/www.novotek.com\/no\/wp-json\/wp\/v2\/pages\/198","targetHints":{"allow":["GET"]}}],"collection":[{"href":"https:\/\/www.novotek.com\/no\/wp-json\/wp\/v2\/pages"}],"about":[{"href":"https:\/\/www.novotek.com\/no\/wp-json\/wp\/v2\/types\/page"}],"author":[{"embeddable":true,"href":"https:\/\/www.novotek.com\/no\/wp-json\/wp\/v2\/users\/7"}],"replies":[{"embeddable":true,"href":"https:\/\/www.novotek.com\/no\/wp-json\/wp\/v2\/comments?post=198"}],"version-history":[{"count":23,"href":"https:\/\/www.novotek.com\/no\/wp-json\/wp\/v2\/pages\/198\/revisions"}],"predecessor-version":[{"id":2805,"href":"https:\/\/www.novotek.com\/no\/wp-json\/wp\/v2\/pages\/198\/revisions\/2805"}],"up":[{"embeddable":true,"href":"https:\/\/www.novotek.com\/no\/wp-json\/wp\/v2\/pages\/83"}],"wp:attachment":[{"href":"https:\/\/www.novotek.com\/no\/wp-json\/wp\/v2\/media?parent=198"}],"curies":[{"name":"wp","href":"https:\/\/api.w.org\/{rel}","templated":true}]}}