{"id":2408,"date":"2021-07-07T08:53:07","date_gmt":"2021-07-07T08:53:07","guid":{"rendered":"https:\/\/www.novotek.com\/no\/?page_id=2408"},"modified":"2025-08-29T13:14:29","modified_gmt":"2025-08-29T13:14:29","slug":"kundehistorie-alcon-couvreur","status":"publish","type":"page","link":"https:\/\/www.novotek.com\/no\/bransjer\/legemiddel\/kundehistorie-alcon-couvreur\/","title":{"rendered":"Kundehistorie Alcon Couvreur"},"content":{"rendered":"  <div class=\"hero\">\n    <div class=\"carousel hero-slider small\" data-flickity data-flickity-options='{\"prevNextButtons\": false}'>\n              <div class=\"carousel-cell\">\n          <div class=\"container\">\n            <div class=\"hero-content\">\n                              <p>&nbsp;<\/p>\n<h5>Referanse<\/h5>\n<h1>Alcon Couvreur<\/h1>\n<p>Alcon Couvreur har valgt Proficy iFIX og Proficy Historian for bedre validering i produksjon av \u00f8yepleieprodukter.<\/p>\n              \n                          <\/div>\n          <\/div>\n\n          <img decoding=\"async\" width=\"1024\" height=\"427\" src=\"https:\/\/www.novotek.com\/no\/wp-content\/uploads\/sites\/5\/Bransjer\/Legemiddel\/Alcon_Couvreur\/Contact_lenses_1920x800-1024x427.jpg\" class=\"hero-bg\" alt=\"Hero Img\" fetchpriority=\"high\" srcset=\"https:\/\/www.novotek.com\/no\/wp-content\/uploads\/sites\/5\/Bransjer\/Legemiddel\/Alcon_Couvreur\/Contact_lenses_1920x800-1024x427.jpg 1024w, https:\/\/www.novotek.com\/no\/wp-content\/uploads\/sites\/5\/Bransjer\/Legemiddel\/Alcon_Couvreur\/Contact_lenses_1920x800-300x125.jpg 300w, https:\/\/www.novotek.com\/no\/wp-content\/uploads\/sites\/5\/Bransjer\/Legemiddel\/Alcon_Couvreur\/Contact_lenses_1920x800-768x320.jpg 768w, https:\/\/www.novotek.com\/no\/wp-content\/uploads\/sites\/5\/Bransjer\/Legemiddel\/Alcon_Couvreur\/Contact_lenses_1920x800-1536x640.jpg 1536w, https:\/\/www.novotek.com\/no\/wp-content\/uploads\/sites\/5\/Bransjer\/Legemiddel\/Alcon_Couvreur\/Contact_lenses_1920x800.jpg 1920w\" sizes=\"(max-width: 1024px) 100vw, 1024px\" \/>                  <\/div>\n          <\/div>\n\n      <\/div>\n\n   <div class=\"floating-breadcrumb\"><div class=\"container\"><span><span><a href=\"https:\/\/www.novotek.com\/no\/\" class=\"breadcrumb-frontpage\">Home<\/a><\/span><\/span><\/div><\/div>\n\n\n<div class=\"quotes-parent\">\n  <div class=\"container\">\n    <div class=\"carousel quotes-carousel\">\n              <div class=\"quote-cell carousel-cell\">\n          <div class=\"container-quote\">\n            <strong>&laquo;Med Proficy Historian er responstiden 20 til 30 ganger raskere enn med tradisjonelle trendverkt\u00f8y.&raquo;<\/strong>\n            <span>Automasjonssjef, Alcon Couvreur, Belgia. <\/span>\n          <\/div>\n        <\/div>\n          <\/div>\n  <\/div>\n<\/div>\n\n\n<div class=\"container-md columns  \">\n<div class=\"wp-block-columns is-layout-flex wp-container-core-columns-is-layout-9d6595d7 wp-block-columns-is-layout-flex\"><div class=\"container-md column  \">\n<div class=\"wp-block-column is-layout-flow wp-block-column-is-layout-flow\"><div class=\"container-md heading  \">\n<h4 class=\"wp-block-heading\">L\u00f8sning<\/h4>\n<\/div>\n\n<div class=\"container-md list  \">\n<ul class=\"wp-block-list\"><div class=\"container-md list-item  \">\n<li>Produksjonsledelse<\/li>\n<\/div>\n\n<div class=\"container-md list-item  \">\n<li>Prosessvisualisering<\/li>\n<\/div>\n\n<div class=\"container-md list-item  \">\n<li>Prosessvalidering<\/li>\n<\/div>\n\n<div class=\"container-md list-item  \">\n<li>Anleggsinformasjon<\/li>\n<\/div><\/ul>\n<\/div>\n\n<div class=\"container-md spacer  \">\n<div style=\"height:15px\" aria-hidden=\"true\" class=\"wp-block-spacer\"><\/div>\n<\/div>\n\n<div class=\"container-md heading  \">\n<h4 class=\"wp-block-heading\">Produkter<\/h4>\n<\/div>\n\n<div class=\"container-md list  \">\n<ul id=\"block-2d4fa3a5-0225-45d9-b019-8a335f11a235\" class=\"wp-block-list\"><div class=\"container-md list-item  \">\n<li><a href=\"https:\/\/www.novotek.com\/no\/automasjon\/scada\/proficy-ifix\/\">Proficy iFIX<\/a><\/li>\n<\/div>\n\n<div class=\"container-md list-item  \">\n<li><a href=\"https:\/\/www.novotek.com\/no\/digitalisering\/datainnsamling-og-rapportering\/proficy-historian\/\">Proficy Historian<\/a><\/li>\n<\/div><\/ul>\n<\/div>\n\n<div class=\"container-md spacer  \">\n<div style=\"height:15px\" aria-hidden=\"true\" class=\"wp-block-spacer\"><\/div>\n<\/div>\n\n<div class=\"container-md heading  \">\n<h4 class=\"wp-block-heading\">Fordeler<\/h4>\n<\/div>\n\n<div class=\"container-md list  \">\n<ul class=\"wp-block-list\"><div class=\"container-md list-item  \">\n<li>High performance trendanalyse<\/li>\n<\/div>\n\n<div class=\"container-md list-item  \">\n<li>Integrert sikkerhet med 21 CFR del 11<\/li>\n<\/div>\n\n<div class=\"container-md list-item  \">\n<li>Sikker database for rapportering<\/li>\n<\/div><\/ul>\n<\/div><\/div>\n<\/div>\n\n<div class=\"container-md column  \">\n<div class=\"wp-block-column is-layout-flow wp-block-column-is-layout-flow\"><div class=\"wp-block-image\"><div class=\"container-md image  alignright\">\n<figure class=\"alignright size-full is-resized\"><img loading=\"lazy\" decoding=\"async\" width=\"500\" height=\"500\" src=\"https:\/\/www.novotek.com\/no\/wp-content\/uploads\/sites\/5\/Bransjer\/Novotek_CheckBox.png\" alt=\"Novotek piktogram: Check.\" class=\"wp-image-1835\" style=\"width:210px;height:210px\" srcset=\"https:\/\/www.novotek.com\/no\/wp-content\/uploads\/sites\/5\/Bransjer\/Novotek_CheckBox.png 500w, https:\/\/www.novotek.com\/no\/wp-content\/uploads\/sites\/5\/Bransjer\/Novotek_CheckBox-300x300.png 300w, https:\/\/www.novotek.com\/no\/wp-content\/uploads\/sites\/5\/Bransjer\/Novotek_CheckBox-150x150.png 150w\" sizes=\"auto, (max-width: 500px) 100vw, 500px\" \/><\/figure>\n<\/div><\/div><\/div>\n<\/div><\/div>\n<\/div>\n\n<div class=\"container-md spacer  \">\n<div style=\"height:50px\" aria-hidden=\"true\" class=\"wp-block-spacer\"><\/div>\n<\/div>\n\n<div class=\"container-md heading  \">\n<h2 class=\"wp-block-heading\">Legemiddelbedrift spesialisert p\u00e5 \u00f8yepleieprodukter<\/h2>\n<\/div>\n\n<div class=\"container-md paragraph  \">\n<p>Alcon Couvreur ble grunnlagt i Belgia i 1947 av farmas\u00f8ytene Alexander og Connor. Senere har bedriften vokst til et verdensomfattende ledemiddelforetak spesialisert p\u00e5 \u00f8yepleieprodukter, med over 10&nbsp;000 ansatte.<\/p>\n<\/div>\n\n<div class=\"container media-text  align\">\n<div class=\"wp-block-media-text is-stacked-on-mobile\"><figure class=\"wp-block-media-text__media\"><img decoding=\"async\" src=\"https:\/\/www.novotek.se\/wp-content\/uploads\/sites\/2\/sites\/2\/Industries\/Pharmaceuticals\/References\/Reference_image_enzyme.png\" alt=\"\" class=\"wp-image-1300 size-full\" \/><\/figure><div class=\"wp-block-media-text__content\"><div class=\"container-md heading  \">\n<h2 class=\"wp-block-heading\">Strenge krav<\/h2>\n<\/div>\n\n<div class=\"container-md paragraph  \">\n<p>Alcon Couvreurs produksjon har sv\u00e6rt strenge krav til automasjonen. Produksjonen m\u00e5 skje i samsvar med regler, og overholde myndighetsreguleringer. For \u00e5 ha automatiserte produksjonsprosesser har FDA formulert et elektronisk skjema med prosessporing i henhold til 21-CFR del 11.&nbsp;<\/p>\n<\/div>\n\n<div class=\"container-md spacer  \">\n<div style=\"height:20px\" aria-hidden=\"true\" class=\"wp-block-spacer\"><\/div>\n<\/div>\n\n<div class=\"container-md heading  \">\n<h3 class=\"wp-block-heading\">Hva betyr 21 CFR del 11?<\/h3>\n<\/div>\n\n<div class=\"container-md paragraph  \">\n<p>For \u00e5 strukturere og styre produksjonsprosessen har FDA formulert flere definisjoner av elektroniske signaturer og arbeidsinstruksjoner. Hver enkel forandring av produksjonssystemet m\u00e5 fanges opp, registreres og arkiveres til en sikker database.&nbsp;<\/p>\n<\/div><\/div><\/div>\n<\/div>\n\n<div class=\"container-md heading  \">\n<h2 class=\"wp-block-heading\">Arbeidsprosess<\/h2>\n<\/div>\n\n<div class=\"container-md paragraph  \">\n<p>Implementering av et validert elektronisk sporingssystem krever en strukturert tiln\u00e6rming fra start til slutt. I Alcon Couvreurs produksjon har de angitt en tiln\u00e6rming med objektbasert kontroll. Alle registrerte verdier g\u00e5r gjennom flere standardfunksjonsblokker for \u00e5 kalibrere og kontrollere alarmgrenser. Hvert avvik rapporteres automatisk via SCADA-systemet Proficy iFIX, og sendes til en sentral database for daglig rapportering.&nbsp;<\/p>\n<\/div>\n\n<div class=\"container media-text  align\">\n<div class=\"wp-block-media-text has-media-on-the-right is-stacked-on-mobile\"><div class=\"wp-block-media-text__content\"><div class=\"container-md heading  \">\n<h3 class=\"wp-block-heading\">Applikasjoner<\/h3>\n<\/div>\n\n<div class=\"container-md paragraph  \">\n<p>Fra et hardware-synspunkt er nettverksinfrastrukturen fysisk delt inn i to nettverk: Et for det administrative og et for produksjonen. Selve produksjonsnettverket er delt inn i validerte og ikke-validerte applikasjoner. De validerte applikasjonene overv\u00e5ker produksjonsmilj\u00f8et kontinuerlig (temperatur, trykk, fuktighet etc.) og status for produksjonsutstyret. I den validerte delen kan ingen endringer gj\u00f8res uten tillatelse fra den interne valideringsavdelingen, som igjen blir utf\u00f8rt av systemet. Bruken av standardiserte strukturer forenkler valideringsprosessen.<\/p>\n<\/div><\/div><figure class=\"wp-block-media-text__media\"><img loading=\"lazy\" decoding=\"async\" width=\"1024\" height=\"707\" src=\"https:\/\/www.novotek.com\/no\/wp-content\/uploads\/sites\/5\/Automasjon\/HMI_SCADA\/Proficy_iFIX\/Proficy_iFIX_mockup-1024x707.png\" alt=\"Proficy iFix brukes p\u00e5 PC.\" class=\"wp-image-1440 size-full\" srcset=\"https:\/\/www.novotek.com\/no\/wp-content\/uploads\/sites\/5\/Automasjon\/HMI_SCADA\/Proficy_iFIX\/Proficy_iFIX_mockup-1024x707.png 1024w, https:\/\/www.novotek.com\/no\/wp-content\/uploads\/sites\/5\/Automasjon\/HMI_SCADA\/Proficy_iFIX\/Proficy_iFIX_mockup-300x207.png 300w, https:\/\/www.novotek.com\/no\/wp-content\/uploads\/sites\/5\/Automasjon\/HMI_SCADA\/Proficy_iFIX\/Proficy_iFIX_mockup-768x530.png 768w, https:\/\/www.novotek.com\/no\/wp-content\/uploads\/sites\/5\/Automasjon\/HMI_SCADA\/Proficy_iFIX\/Proficy_iFIX_mockup.png 1201w\" sizes=\"auto, (max-width: 1024px) 100vw, 1024px\" \/><\/figure><\/div>\n<\/div>\n\n<div class=\"container-md heading  \">\n<h3 class=\"wp-block-heading\"><strong>High Performance av historisk data<\/strong><\/h3>\n<\/div>\n\n<div class=\"container-md paragraph  \">\n<p>Etter Alcon Couvreurs unders\u00f8kelser av prosessforbedringer valgte de GE Vernovas Proficy Historian som historikerdatabase. Med innebygd 21 CFR del 11 kan produksjonen fange opp historiske prosessverdier og lagre disse i sentrale arkiver. Historiske verdier er ofte n\u00f8dvendige for trendanalyse og rapportering av b\u00e5de QA-avdelingen og produksjonspersonell. En enorm ytelse sammenlignet med eksisterende trendverkt\u00f8y var hoved\u00e5rsaken til at Alcon Couvreur kj\u00f8pte Proficy Historian. Responstiden har hatt en stor \u00f8kning, samtidig som p\u00e5virkningen p\u00e5 den eksisterende installasjonen er minimal. Den sofistikerte komprimeringsfunksjonen minimerer n\u00f8dvendig diskplass, dette betyr at Alcon Couvreur kun trenger 1,5 MB ledig harddiskplass, for h\u00e5ndtering av 30\u00a0000 koder per dag.\u00a0<\/p>\n<\/div>\n\n<div class=\"container-md spacer  \">\n<div style=\"height:30px\" aria-hidden=\"true\" class=\"wp-block-spacer\"><\/div>\n<\/div>\n\n<div class=\"container-md spacer  \">\n<div style=\"height:100px\" aria-hidden=\"true\" class=\"wp-block-spacer\"><\/div>\n<\/div>\n\n  <div class=\"slider-column-parent\">\n    <div class=\"container\">\n      <div class=\"slider-column-title\">Les mer om l\u00f8sningene<\/div>\n\n      <div class=\"row\">\n        <div class=\"col-12 col-md-4\"><div class=\"column-box\">\n  \n      <div class=\"title\">\n      Proficy iFIX    <\/div>\n  \n      <div class=\"text\">\n      <p>Den mest komplette HMI\/SCADA-l\u00f8sningen p\u00e5 markedet.<\/p>\n    <\/div>\n  \n      <a class=\"link\"  href=\"https:\/\/www.novotek.com\/no\/automasjon\/scada\/proficy-ifix\/\" target=\"\">\n      Les mer    <\/a>\n  \n  <\/div>\n\n<\/div><div class=\"col-12 col-md-4\"><div class=\"column-box\">\n  \n      <div class=\"title\">\n      Proficy Historian    <\/div>\n  \n      <div class=\"text\">\n      <p>Markedets kraftigste prosessdatabase utviklet for produksjonsdata.<\/p>\n    <\/div>\n  \n      <a class=\"link\"  href=\"https:\/\/www.novotek.com\/no\/digitalisering\/datainnsamling-og-rapportering\/proficy-historian\/\" target=\"\">\n      Les mer    <\/a>\n  \n  <\/div>\n\n<\/div>      <\/div>\n    <\/div>\n  <\/div>\n","protected":false},"excerpt":{"rendered":"<p>L\u00f8sning Produkter Fordeler Legemiddelbedrift spesialisert p\u00e5 \u00f8yepleieprodukter Alcon Couvreur ble grunnlagt i Belgia i 1947 av farmas\u00f8ytene Alexander og Connor. Senere har bedriften vokst til et verdensomfattende ledemiddelforetak spesialisert p\u00e5 \u00f8yepleieprodukter, med over 10&nbsp;000 ansatte. Arbeidsprosess Implementering av et validert elektronisk sporingssystem krever en strukturert tiln\u00e6rming fra start til slutt. I Alcon Couvreurs produksjon har [&hellip;]<\/p>\n","protected":false},"author":7,"featured_media":0,"parent":2325,"menu_order":0,"comment_status":"closed","ping_status":"closed","template":"","meta":{"_acf_changed":false,"_relevanssi_hide_post":"","_relevanssi_pin_for_all":"","_relevanssi_pin_keywords":"","_relevanssi_unpin_keywords":"","_relevanssi_related_keywords":"","_relevanssi_related_include_ids":"","_relevanssi_related_exclude_ids":"","_relevanssi_related_no_append":"","_relevanssi_related_not_related":"","_relevanssi_related_posts":"1","_relevanssi_noindex_reason":"","footnotes":""},"class_list":["post-2408","page","type-page","status-publish","hentry"],"acf":[],"yoast_head":"<!-- This site is optimized with the Yoast SEO plugin v27.4 - https:\/\/yoast.com\/product\/yoast-seo-wordpress\/ -->\n<title>Kundehistorie Alcon Couvreur - Novotek Norge<\/title>\n<meta name=\"description\" content=\"Det belgiske legemiddelforetaket Alcon Couvreur har valgt Proficy iFIX og Proficy Historian for bedre validering i produksjon av \u00f8yepleieprodukter.\" \/>\n<meta name=\"robots\" content=\"index, follow, max-snippet:-1, max-image-preview:large, max-video-preview:-1\" \/>\n<link rel=\"canonical\" href=\"https:\/\/www.novotek.com\/no\/bransjer\/legemiddel\/kundehistorie-alcon-couvreur\/\" \/>\n<meta property=\"og:locale\" content=\"nb_NO\" \/>\n<meta property=\"og:type\" content=\"article\" \/>\n<meta property=\"og:title\" content=\"Kundehistorie Alcon Couvreur - Novotek Norge\" \/>\n<meta property=\"og:description\" content=\"Det belgiske legemiddelforetaket Alcon Couvreur har valgt Proficy iFIX og Proficy Historian for bedre validering i produksjon av \u00f8yepleieprodukter.\" \/>\n<meta property=\"og:url\" content=\"https:\/\/www.novotek.com\/no\/bransjer\/legemiddel\/kundehistorie-alcon-couvreur\/\" \/>\n<meta property=\"og:site_name\" content=\"Novotek Norge\" \/>\n<meta property=\"article:modified_time\" content=\"2025-08-29T13:14:29+00:00\" \/>\n<meta property=\"og:image\" content=\"https:\/\/www.novotek.com\/no\/wp-content\/uploads\/sites\/5\/Bransjer\/Novotek_CheckBox.png\" \/>\n<meta name=\"twitter:card\" content=\"summary_large_image\" \/>\n<meta name=\"twitter:label1\" content=\"Ansl. lesetid\" \/>\n\t<meta name=\"twitter:data1\" content=\"3 minutter\" \/>\n<script type=\"application\/ld+json\" class=\"yoast-schema-graph\">{\"@context\":\"https:\\\/\\\/schema.org\",\"@graph\":[{\"@type\":\"WebPage\",\"@id\":\"https:\\\/\\\/www.novotek.com\\\/no\\\/bransjer\\\/legemiddel\\\/kundehistorie-alcon-couvreur\\\/\",\"url\":\"https:\\\/\\\/www.novotek.com\\\/no\\\/bransjer\\\/legemiddel\\\/kundehistorie-alcon-couvreur\\\/\",\"name\":\"Kundehistorie Alcon Couvreur - Novotek Norge\",\"isPartOf\":{\"@id\":\"https:\\\/\\\/www.novotek.com\\\/no\\\/#website\"},\"primaryImageOfPage\":{\"@id\":\"https:\\\/\\\/www.novotek.com\\\/no\\\/bransjer\\\/legemiddel\\\/kundehistorie-alcon-couvreur\\\/#primaryimage\"},\"image\":{\"@id\":\"https:\\\/\\\/www.novotek.com\\\/no\\\/bransjer\\\/legemiddel\\\/kundehistorie-alcon-couvreur\\\/#primaryimage\"},\"thumbnailUrl\":\"https:\\\/\\\/www.novotek.com\\\/no\\\/wp-content\\\/uploads\\\/sites\\\/5\\\/Bransjer\\\/Novotek_CheckBox.png\",\"datePublished\":\"2021-07-07T08:53:07+00:00\",\"dateModified\":\"2025-08-29T13:14:29+00:00\",\"description\":\"Det belgiske legemiddelforetaket Alcon Couvreur har valgt Proficy iFIX og Proficy Historian for bedre validering i produksjon av \u00f8yepleieprodukter.\",\"breadcrumb\":{\"@id\":\"https:\\\/\\\/www.novotek.com\\\/no\\\/bransjer\\\/legemiddel\\\/kundehistorie-alcon-couvreur\\\/#breadcrumb\"},\"inLanguage\":\"nb-NO\",\"potentialAction\":[{\"@type\":\"ReadAction\",\"target\":[\"https:\\\/\\\/www.novotek.com\\\/no\\\/bransjer\\\/legemiddel\\\/kundehistorie-alcon-couvreur\\\/\"]}]},{\"@type\":\"ImageObject\",\"inLanguage\":\"nb-NO\",\"@id\":\"https:\\\/\\\/www.novotek.com\\\/no\\\/bransjer\\\/legemiddel\\\/kundehistorie-alcon-couvreur\\\/#primaryimage\",\"url\":\"https:\\\/\\\/www.novotek.com\\\/no\\\/wp-content\\\/uploads\\\/sites\\\/5\\\/Bransjer\\\/Novotek_CheckBox.png\",\"contentUrl\":\"https:\\\/\\\/www.novotek.com\\\/no\\\/wp-content\\\/uploads\\\/sites\\\/5\\\/Bransjer\\\/Novotek_CheckBox.png\",\"width\":500,\"height\":500,\"caption\":\"Novotek piktogram: Check.\"},{\"@type\":\"BreadcrumbList\",\"@id\":\"https:\\\/\\\/www.novotek.com\\\/no\\\/bransjer\\\/legemiddel\\\/kundehistorie-alcon-couvreur\\\/#breadcrumb\",\"itemListElement\":[{\"@type\":\"ListItem\",\"position\":1,\"name\":\"Home\",\"item\":\"https:\\\/\\\/www.novotek.com\\\/no\\\/\"},{\"@type\":\"ListItem\",\"position\":2,\"name\":\"Bransjer\",\"item\":\"https:\\\/\\\/www.novotek.com\\\/no\\\/bransjer\\\/\"},{\"@type\":\"ListItem\",\"position\":3,\"name\":\"Legemiddel\",\"item\":\"https:\\\/\\\/www.novotek.com\\\/no\\\/bransjer\\\/legemiddel\\\/\"},{\"@type\":\"ListItem\",\"position\":4,\"name\":\"Kundehistorie Alcon Couvreur\"}]},{\"@type\":\"WebSite\",\"@id\":\"https:\\\/\\\/www.novotek.com\\\/no\\\/#website\",\"url\":\"https:\\\/\\\/www.novotek.com\\\/no\\\/\",\"name\":\"Novotek Norge\",\"description\":\"Automasjon, digitalisering og Analytics\",\"publisher\":{\"@id\":\"https:\\\/\\\/www.novotek.com\\\/no\\\/#organization\"},\"potentialAction\":[{\"@type\":\"SearchAction\",\"target\":{\"@type\":\"EntryPoint\",\"urlTemplate\":\"https:\\\/\\\/www.novotek.com\\\/no\\\/?s={search_term_string}\"},\"query-input\":{\"@type\":\"PropertyValueSpecification\",\"valueRequired\":true,\"valueName\":\"search_term_string\"}}],\"inLanguage\":\"nb-NO\"},{\"@type\":\"Organization\",\"@id\":\"https:\\\/\\\/www.novotek.com\\\/no\\\/#organization\",\"name\":\"Novotek AS\",\"url\":\"https:\\\/\\\/www.novotek.com\\\/no\\\/\",\"logo\":{\"@type\":\"ImageObject\",\"inLanguage\":\"nb-NO\",\"@id\":\"https:\\\/\\\/www.novotek.com\\\/no\\\/#\\\/schema\\\/logo\\\/image\\\/\",\"url\":\"https:\\\/\\\/www.novotek.com\\\/no\\\/wp-content\\\/uploads\\\/sites\\\/5\\\/Forside\\\/Novotek_logo.png\",\"contentUrl\":\"https:\\\/\\\/www.novotek.com\\\/no\\\/wp-content\\\/uploads\\\/sites\\\/5\\\/Forside\\\/Novotek_logo.png\",\"width\":1200,\"height\":348,\"caption\":\"Novotek AS\"},\"image\":{\"@id\":\"https:\\\/\\\/www.novotek.com\\\/no\\\/#\\\/schema\\\/logo\\\/image\\\/\"},\"sameAs\":[\"https:\\\/\\\/www.linkedin.com\\\/company\\\/novotek-as\"]}]}<\/script>\n<!-- \/ Yoast SEO plugin. -->","yoast_head_json":{"title":"Kundehistorie Alcon Couvreur - Novotek Norge","description":"Det belgiske legemiddelforetaket Alcon Couvreur har valgt Proficy iFIX og Proficy Historian for bedre validering i produksjon av \u00f8yepleieprodukter.","robots":{"index":"index","follow":"follow","max-snippet":"max-snippet:-1","max-image-preview":"max-image-preview:large","max-video-preview":"max-video-preview:-1"},"canonical":"https:\/\/www.novotek.com\/no\/bransjer\/legemiddel\/kundehistorie-alcon-couvreur\/","og_locale":"nb_NO","og_type":"article","og_title":"Kundehistorie Alcon Couvreur - Novotek Norge","og_description":"Det belgiske legemiddelforetaket Alcon Couvreur har valgt Proficy iFIX og Proficy Historian for bedre validering i produksjon av \u00f8yepleieprodukter.","og_url":"https:\/\/www.novotek.com\/no\/bransjer\/legemiddel\/kundehistorie-alcon-couvreur\/","og_site_name":"Novotek Norge","article_modified_time":"2025-08-29T13:14:29+00:00","og_image":[{"url":"https:\/\/www.novotek.com\/no\/wp-content\/uploads\/sites\/5\/Bransjer\/Novotek_CheckBox.png","type":"","width":"","height":""}],"twitter_card":"summary_large_image","twitter_misc":{"Ansl. lesetid":"3 minutter"},"schema":{"@context":"https:\/\/schema.org","@graph":[{"@type":"WebPage","@id":"https:\/\/www.novotek.com\/no\/bransjer\/legemiddel\/kundehistorie-alcon-couvreur\/","url":"https:\/\/www.novotek.com\/no\/bransjer\/legemiddel\/kundehistorie-alcon-couvreur\/","name":"Kundehistorie Alcon Couvreur - Novotek Norge","isPartOf":{"@id":"https:\/\/www.novotek.com\/no\/#website"},"primaryImageOfPage":{"@id":"https:\/\/www.novotek.com\/no\/bransjer\/legemiddel\/kundehistorie-alcon-couvreur\/#primaryimage"},"image":{"@id":"https:\/\/www.novotek.com\/no\/bransjer\/legemiddel\/kundehistorie-alcon-couvreur\/#primaryimage"},"thumbnailUrl":"https:\/\/www.novotek.com\/no\/wp-content\/uploads\/sites\/5\/Bransjer\/Novotek_CheckBox.png","datePublished":"2021-07-07T08:53:07+00:00","dateModified":"2025-08-29T13:14:29+00:00","description":"Det belgiske legemiddelforetaket Alcon Couvreur har valgt Proficy iFIX og Proficy Historian for bedre validering i produksjon av \u00f8yepleieprodukter.","breadcrumb":{"@id":"https:\/\/www.novotek.com\/no\/bransjer\/legemiddel\/kundehistorie-alcon-couvreur\/#breadcrumb"},"inLanguage":"nb-NO","potentialAction":[{"@type":"ReadAction","target":["https:\/\/www.novotek.com\/no\/bransjer\/legemiddel\/kundehistorie-alcon-couvreur\/"]}]},{"@type":"ImageObject","inLanguage":"nb-NO","@id":"https:\/\/www.novotek.com\/no\/bransjer\/legemiddel\/kundehistorie-alcon-couvreur\/#primaryimage","url":"https:\/\/www.novotek.com\/no\/wp-content\/uploads\/sites\/5\/Bransjer\/Novotek_CheckBox.png","contentUrl":"https:\/\/www.novotek.com\/no\/wp-content\/uploads\/sites\/5\/Bransjer\/Novotek_CheckBox.png","width":500,"height":500,"caption":"Novotek piktogram: Check."},{"@type":"BreadcrumbList","@id":"https:\/\/www.novotek.com\/no\/bransjer\/legemiddel\/kundehistorie-alcon-couvreur\/#breadcrumb","itemListElement":[{"@type":"ListItem","position":1,"name":"Home","item":"https:\/\/www.novotek.com\/no\/"},{"@type":"ListItem","position":2,"name":"Bransjer","item":"https:\/\/www.novotek.com\/no\/bransjer\/"},{"@type":"ListItem","position":3,"name":"Legemiddel","item":"https:\/\/www.novotek.com\/no\/bransjer\/legemiddel\/"},{"@type":"ListItem","position":4,"name":"Kundehistorie Alcon Couvreur"}]},{"@type":"WebSite","@id":"https:\/\/www.novotek.com\/no\/#website","url":"https:\/\/www.novotek.com\/no\/","name":"Novotek Norge","description":"Automasjon, digitalisering og Analytics","publisher":{"@id":"https:\/\/www.novotek.com\/no\/#organization"},"potentialAction":[{"@type":"SearchAction","target":{"@type":"EntryPoint","urlTemplate":"https:\/\/www.novotek.com\/no\/?s={search_term_string}"},"query-input":{"@type":"PropertyValueSpecification","valueRequired":true,"valueName":"search_term_string"}}],"inLanguage":"nb-NO"},{"@type":"Organization","@id":"https:\/\/www.novotek.com\/no\/#organization","name":"Novotek AS","url":"https:\/\/www.novotek.com\/no\/","logo":{"@type":"ImageObject","inLanguage":"nb-NO","@id":"https:\/\/www.novotek.com\/no\/#\/schema\/logo\/image\/","url":"https:\/\/www.novotek.com\/no\/wp-content\/uploads\/sites\/5\/Forside\/Novotek_logo.png","contentUrl":"https:\/\/www.novotek.com\/no\/wp-content\/uploads\/sites\/5\/Forside\/Novotek_logo.png","width":1200,"height":348,"caption":"Novotek AS"},"image":{"@id":"https:\/\/www.novotek.com\/no\/#\/schema\/logo\/image\/"},"sameAs":["https:\/\/www.linkedin.com\/company\/novotek-as"]}]}},"_links":{"self":[{"href":"https:\/\/www.novotek.com\/no\/wp-json\/wp\/v2\/pages\/2408","targetHints":{"allow":["GET"]}}],"collection":[{"href":"https:\/\/www.novotek.com\/no\/wp-json\/wp\/v2\/pages"}],"about":[{"href":"https:\/\/www.novotek.com\/no\/wp-json\/wp\/v2\/types\/page"}],"author":[{"embeddable":true,"href":"https:\/\/www.novotek.com\/no\/wp-json\/wp\/v2\/users\/7"}],"replies":[{"embeddable":true,"href":"https:\/\/www.novotek.com\/no\/wp-json\/wp\/v2\/comments?post=2408"}],"version-history":[{"count":21,"href":"https:\/\/www.novotek.com\/no\/wp-json\/wp\/v2\/pages\/2408\/revisions"}],"predecessor-version":[{"id":16620,"href":"https:\/\/www.novotek.com\/no\/wp-json\/wp\/v2\/pages\/2408\/revisions\/16620"}],"up":[{"embeddable":true,"href":"https:\/\/www.novotek.com\/no\/wp-json\/wp\/v2\/pages\/2325"}],"wp:attachment":[{"href":"https:\/\/www.novotek.com\/no\/wp-json\/wp\/v2\/media?parent=2408"}],"curies":[{"name":"wp","href":"https:\/\/api.w.org\/{rel}","templated":true}]}}