{"id":2432,"date":"2021-07-07T10:22:02","date_gmt":"2021-07-07T10:22:02","guid":{"rendered":"https:\/\/www.novotek.com\/no\/?page_id=2432"},"modified":"2025-08-29T12:16:39","modified_gmt":"2025-08-29T12:16:39","slug":"infrastruktur","status":"publish","type":"page","link":"https:\/\/www.novotek.com\/no\/bransjer\/infrastruktur\/","title":{"rendered":"Infrastruktur"},"content":{"rendered":"  <div class=\"hero\">\n    <div class=\"carousel hero-slider small\" data-flickity data-flickity-options='{\"prevNextButtons\": false}'>\n              <div class=\"carousel-cell\">\n          <div class=\"container\">\n            <div class=\"hero-content\">\n                              <h1>Infrastruktur<\/h1>\n<p>Novotek har v\u00e6rt delaktig i flere infrastrukturprosjekter hvor vi har levert v\u00e5re digitaliseringsl\u00f8sninger. V\u00e5re systemer styrer og overv\u00e5ker tunneler, broer, trafikkoverganger, undergrunnsbaner og jernbane.<\/p>\n<p>Mange av disse prosjektene er gjennomf\u00f8rt i samarbeid med v\u00e5re partnere.<\/p>\n              \n                          <\/div>\n          <\/div>\n\n          <img decoding=\"async\" width=\"1024\" height=\"320\" src=\"https:\/\/www.novotek.com\/no\/wp-content\/uploads\/sites\/5\/Bransjer\/Infrastruktur\/Novotek_infrastructure_1920x600px_NEW-1024x320.jpg\" class=\"hero-bg\" alt=\"Hero Img\" fetchpriority=\"high\" srcset=\"https:\/\/www.novotek.com\/no\/wp-content\/uploads\/sites\/5\/Bransjer\/Infrastruktur\/Novotek_infrastructure_1920x600px_NEW-1024x320.jpg 1024w, https:\/\/www.novotek.com\/no\/wp-content\/uploads\/sites\/5\/Bransjer\/Infrastruktur\/Novotek_infrastructure_1920x600px_NEW-300x94.jpg 300w, https:\/\/www.novotek.com\/no\/wp-content\/uploads\/sites\/5\/Bransjer\/Infrastruktur\/Novotek_infrastructure_1920x600px_NEW-768x240.jpg 768w, https:\/\/www.novotek.com\/no\/wp-content\/uploads\/sites\/5\/Bransjer\/Infrastruktur\/Novotek_infrastructure_1920x600px_NEW-1536x480.jpg 1536w, https:\/\/www.novotek.com\/no\/wp-content\/uploads\/sites\/5\/Bransjer\/Infrastruktur\/Novotek_infrastructure_1920x600px_NEW.jpg 1920w\" sizes=\"(max-width: 1024px) 100vw, 1024px\" \/>                  <\/div>\n          <\/div>\n\n      <\/div>\n\n   <div class=\"floating-breadcrumb\"><div class=\"container\"><span><span><a href=\"https:\/\/www.novotek.com\/no\/\" class=\"breadcrumb-frontpage\">Home<\/a><\/span><\/span><\/div><\/div>\n\n\n<div class=\"container media-text  align\">\n<div class=\"wp-block-media-text is-stacked-on-mobile\"><figure class=\"wp-block-media-text__media\"><img loading=\"lazy\" decoding=\"async\" width=\"800\" height=\"800\" src=\"https:\/\/www.novotek.com\/no\/wp-content\/uploads\/sites\/5\/Bransjer\/Infrastruktur\/Jimmy-Andersen_Odense_Bolig_ApS_duplex_cyan_NEW.jpg\" alt=\"Jimmy Andersen i Odense Bolig\" class=\"wp-image-7578 size-full\" srcset=\"https:\/\/www.novotek.com\/no\/wp-content\/uploads\/sites\/5\/Bransjer\/Infrastruktur\/Jimmy-Andersen_Odense_Bolig_ApS_duplex_cyan_NEW.jpg 800w, https:\/\/www.novotek.com\/no\/wp-content\/uploads\/sites\/5\/Bransjer\/Infrastruktur\/Jimmy-Andersen_Odense_Bolig_ApS_duplex_cyan_NEW-300x300.jpg 300w, https:\/\/www.novotek.com\/no\/wp-content\/uploads\/sites\/5\/Bransjer\/Infrastruktur\/Jimmy-Andersen_Odense_Bolig_ApS_duplex_cyan_NEW-150x150.jpg 150w, https:\/\/www.novotek.com\/no\/wp-content\/uploads\/sites\/5\/Bransjer\/Infrastruktur\/Jimmy-Andersen_Odense_Bolig_ApS_duplex_cyan_NEW-768x768.jpg 768w\" sizes=\"auto, (max-width: 800px) 100vw, 800px\" \/><\/figure><div class=\"wp-block-media-text__content\"><div class=\"container-md heading  \">\n<h5 class=\"wp-block-heading\">Referanse<\/h5>\n<\/div>\n\n<div class=\"container-md heading  \">\n<h2 class=\"wp-block-heading\"><strong>Odense Bolig ApS<\/strong><\/h2>\n<\/div>\n\n<div class=\"container-md paragraph  \">\n<p>Odense Bolig ApS har implementert planleggingsverkt\u00f8yet Proficy Scheduler \/ ROB-EX for \u00e5 f\u00e5 bedre kontroll og klarere oversikt over oppdrag i sine eiendommer.&nbsp;<\/p>\n<\/div>\n\n<div class=\"container-md buttons  \">\n<div class=\"wp-block-buttons is-layout-flex wp-block-buttons-is-layout-flex\"><div class=\"container-md button  \">\n<div class=\"wp-block-button\"><a class=\"wp-block-button__link has-background wp-element-button\" href=\"https:\/\/www.novotek.com\/no\/bransjer\/infrastruktur\/kundehistorie-odense-bolig-aps\/\" style=\"background-color:#ed1c24\">Les mer<\/a><\/div>\n<\/div><\/div>\n<\/div><\/div><\/div>\n<\/div>\n\n\n\n  <div class=\"hero\">\n    <div class=\"carousel hero-slider small\" data-flickity data-flickity-options='{\"prevNextButtons\": false}'>\n              <div class=\"carousel-cell\">\n          <div class=\"container\">\n            <div class=\"hero-content\">\n                              <h5>Referanse<\/h5>\n<h2>Mipro OY<\/h2>\n<p>Mipro OY har ved hjelp av operat\u00f8rsystemet Proficy iFIX utviklet et system som overv\u00e5ker og kontrollerer Finlands jernbaneforvaltning (RHK).<\/p>\n              \n                              <a class=\"btn btn-primary\" href=\"https:\/\/www.novotek.com\/no\/bransjer\/infrastruktur\/kundehistorie-mipro-oy\/\">\n                  Les mer                <\/a>\n                          <\/div>\n          <\/div>\n\n          <img decoding=\"async\" width=\"1024\" height=\"427\" src=\"https:\/\/www.novotek.com\/no\/wp-content\/uploads\/sites\/5\/Bransjer\/Infrastruktur\/Mipro_OY\/Novotek_Website_Infrastructure_reference_Mipro_OY_1920x800px_NEW-1024x427.jpg\" class=\"hero-bg\" alt=\"Hero Img\" fetchpriority=\"high\" srcset=\"https:\/\/www.novotek.com\/no\/wp-content\/uploads\/sites\/5\/Bransjer\/Infrastruktur\/Mipro_OY\/Novotek_Website_Infrastructure_reference_Mipro_OY_1920x800px_NEW-1024x427.jpg 1024w, https:\/\/www.novotek.com\/no\/wp-content\/uploads\/sites\/5\/Bransjer\/Infrastruktur\/Mipro_OY\/Novotek_Website_Infrastructure_reference_Mipro_OY_1920x800px_NEW-300x125.jpg 300w, https:\/\/www.novotek.com\/no\/wp-content\/uploads\/sites\/5\/Bransjer\/Infrastruktur\/Mipro_OY\/Novotek_Website_Infrastructure_reference_Mipro_OY_1920x800px_NEW-768x320.jpg 768w, https:\/\/www.novotek.com\/no\/wp-content\/uploads\/sites\/5\/Bransjer\/Infrastruktur\/Mipro_OY\/Novotek_Website_Infrastructure_reference_Mipro_OY_1920x800px_NEW-1536x640.jpg 1536w, https:\/\/www.novotek.com\/no\/wp-content\/uploads\/sites\/5\/Bransjer\/Infrastruktur\/Mipro_OY\/Novotek_Website_Infrastructure_reference_Mipro_OY_1920x800px_NEW.jpg 1920w\" sizes=\"(max-width: 1024px) 100vw, 1024px\" \/>                  <\/div>\n          <\/div>\n\n      <\/div>\n\n   \n\n\n<div class=\"container-md group  \">\n<div class=\"wp-block-group\"><div class=\"wp-block-group__inner-container is-layout-flow wp-block-group-is-layout-flow\"><\/div>\n<\/div><\/div>","protected":false},"excerpt":{"rendered":"<p>Vi har levert digitaliseringsl\u00f8sninger til flere infrastrukturprosjekter. V\u00e5re systemer styrer og overv\u00e5ker tunneler, broer, trafikkoverganger, undergrunnsbaner og jernbane.<\/p>\n","protected":false},"author":7,"featured_media":0,"parent":3685,"menu_order":0,"comment_status":"closed","ping_status":"closed","template":"","meta":{"_acf_changed":false,"_relevanssi_hide_post":"","_relevanssi_pin_for_all":"","_relevanssi_pin_keywords":"","_relevanssi_unpin_keywords":"","_relevanssi_related_keywords":"","_relevanssi_related_include_ids":"","_relevanssi_related_exclude_ids":"","_relevanssi_related_no_append":"","_relevanssi_related_not_related":"","_relevanssi_related_posts":"1","_relevanssi_noindex_reason":"","footnotes":""},"class_list":["post-2432","page","type-page","status-publish","hentry"],"acf":[],"yoast_head":"<!-- This site is optimized with the Yoast SEO plugin v27.4 - https:\/\/yoast.com\/product\/yoast-seo-wordpress\/ -->\n<title>Infrastruktur - Novotek Norge<\/title>\n<meta name=\"description\" content=\"Novotek har v\u00e6rt delaktig i flere prosjekter for infrastruktur. V\u00e5re systemer styrer og overv\u00e5ker blant annet tunneler, broer og jernbane.\" \/>\n<meta name=\"robots\" content=\"index, follow, max-snippet:-1, max-image-preview:large, max-video-preview:-1\" \/>\n<link rel=\"canonical\" href=\"https:\/\/www.novotek.com\/no\/bransjer\/infrastruktur\/\" \/>\n<meta property=\"og:locale\" content=\"nb_NO\" \/>\n<meta property=\"og:type\" content=\"article\" \/>\n<meta property=\"og:title\" content=\"Infrastruktur - Novotek Norge\" \/>\n<meta property=\"og:description\" content=\"Novotek har v\u00e6rt delaktig i flere prosjekter for infrastruktur. V\u00e5re systemer styrer og overv\u00e5ker blant annet tunneler, broer og jernbane.\" \/>\n<meta property=\"og:url\" content=\"https:\/\/www.novotek.com\/no\/bransjer\/infrastruktur\/\" \/>\n<meta property=\"og:site_name\" content=\"Novotek Norge\" \/>\n<meta property=\"article:modified_time\" content=\"2025-08-29T12:16:39+00:00\" \/>\n<meta property=\"og:image\" content=\"https:\/\/www.novotek.com\/no\/wp-content\/uploads\/sites\/5\/Bransjer\/Infrastruktur\/Jimmy-Andersen_Odense_Bolig_ApS_duplex_cyan_NEW.jpg\" \/>\n<meta name=\"twitter:card\" content=\"summary_large_image\" \/>\n<meta name=\"twitter:label1\" content=\"Ansl. lesetid\" \/>\n\t<meta name=\"twitter:data1\" content=\"1 minutt\" \/>\n<script type=\"application\/ld+json\" class=\"yoast-schema-graph\">{\"@context\":\"https:\\\/\\\/schema.org\",\"@graph\":[{\"@type\":\"WebPage\",\"@id\":\"https:\\\/\\\/www.novotek.com\\\/no\\\/bransjer\\\/infrastruktur\\\/\",\"url\":\"https:\\\/\\\/www.novotek.com\\\/no\\\/bransjer\\\/infrastruktur\\\/\",\"name\":\"Infrastruktur - Novotek Norge\",\"isPartOf\":{\"@id\":\"https:\\\/\\\/www.novotek.com\\\/no\\\/#website\"},\"primaryImageOfPage\":{\"@id\":\"https:\\\/\\\/www.novotek.com\\\/no\\\/bransjer\\\/infrastruktur\\\/#primaryimage\"},\"image\":{\"@id\":\"https:\\\/\\\/www.novotek.com\\\/no\\\/bransjer\\\/infrastruktur\\\/#primaryimage\"},\"thumbnailUrl\":\"https:\\\/\\\/www.novotek.com\\\/no\\\/wp-content\\\/uploads\\\/sites\\\/5\\\/Bransjer\\\/Infrastruktur\\\/Jimmy-Andersen_Odense_Bolig_ApS_duplex_cyan_NEW.jpg\",\"datePublished\":\"2021-07-07T10:22:02+00:00\",\"dateModified\":\"2025-08-29T12:16:39+00:00\",\"description\":\"Novotek har v\u00e6rt delaktig i flere prosjekter for infrastruktur. V\u00e5re systemer styrer og overv\u00e5ker blant annet tunneler, broer og jernbane.\",\"breadcrumb\":{\"@id\":\"https:\\\/\\\/www.novotek.com\\\/no\\\/bransjer\\\/infrastruktur\\\/#breadcrumb\"},\"inLanguage\":\"nb-NO\",\"potentialAction\":[{\"@type\":\"ReadAction\",\"target\":[\"https:\\\/\\\/www.novotek.com\\\/no\\\/bransjer\\\/infrastruktur\\\/\"]}]},{\"@type\":\"ImageObject\",\"inLanguage\":\"nb-NO\",\"@id\":\"https:\\\/\\\/www.novotek.com\\\/no\\\/bransjer\\\/infrastruktur\\\/#primaryimage\",\"url\":\"https:\\\/\\\/www.novotek.com\\\/no\\\/wp-content\\\/uploads\\\/sites\\\/5\\\/Bransjer\\\/Infrastruktur\\\/Jimmy-Andersen_Odense_Bolig_ApS_duplex_cyan_NEW.jpg\",\"contentUrl\":\"https:\\\/\\\/www.novotek.com\\\/no\\\/wp-content\\\/uploads\\\/sites\\\/5\\\/Bransjer\\\/Infrastruktur\\\/Jimmy-Andersen_Odense_Bolig_ApS_duplex_cyan_NEW.jpg\",\"width\":800,\"height\":800,\"caption\":\"Jimmy Andersen i Odense Bolig\"},{\"@type\":\"BreadcrumbList\",\"@id\":\"https:\\\/\\\/www.novotek.com\\\/no\\\/bransjer\\\/infrastruktur\\\/#breadcrumb\",\"itemListElement\":[{\"@type\":\"ListItem\",\"position\":1,\"name\":\"Home\",\"item\":\"https:\\\/\\\/www.novotek.com\\\/no\\\/\"},{\"@type\":\"ListItem\",\"position\":2,\"name\":\"Bransjer\",\"item\":\"https:\\\/\\\/www.novotek.com\\\/no\\\/bransjer\\\/\"},{\"@type\":\"ListItem\",\"position\":3,\"name\":\"Infrastruktur\"}]},{\"@type\":\"WebSite\",\"@id\":\"https:\\\/\\\/www.novotek.com\\\/no\\\/#website\",\"url\":\"https:\\\/\\\/www.novotek.com\\\/no\\\/\",\"name\":\"Novotek Norge\",\"description\":\"Automasjon, digitalisering og Analytics\",\"publisher\":{\"@id\":\"https:\\\/\\\/www.novotek.com\\\/no\\\/#organization\"},\"potentialAction\":[{\"@type\":\"SearchAction\",\"target\":{\"@type\":\"EntryPoint\",\"urlTemplate\":\"https:\\\/\\\/www.novotek.com\\\/no\\\/?s={search_term_string}\"},\"query-input\":{\"@type\":\"PropertyValueSpecification\",\"valueRequired\":true,\"valueName\":\"search_term_string\"}}],\"inLanguage\":\"nb-NO\"},{\"@type\":\"Organization\",\"@id\":\"https:\\\/\\\/www.novotek.com\\\/no\\\/#organization\",\"name\":\"Novotek AS\",\"url\":\"https:\\\/\\\/www.novotek.com\\\/no\\\/\",\"logo\":{\"@type\":\"ImageObject\",\"inLanguage\":\"nb-NO\",\"@id\":\"https:\\\/\\\/www.novotek.com\\\/no\\\/#\\\/schema\\\/logo\\\/image\\\/\",\"url\":\"https:\\\/\\\/www.novotek.com\\\/no\\\/wp-content\\\/uploads\\\/sites\\\/5\\\/Forside\\\/Novotek_logo.png\",\"contentUrl\":\"https:\\\/\\\/www.novotek.com\\\/no\\\/wp-content\\\/uploads\\\/sites\\\/5\\\/Forside\\\/Novotek_logo.png\",\"width\":1200,\"height\":348,\"caption\":\"Novotek AS\"},\"image\":{\"@id\":\"https:\\\/\\\/www.novotek.com\\\/no\\\/#\\\/schema\\\/logo\\\/image\\\/\"},\"sameAs\":[\"https:\\\/\\\/www.linkedin.com\\\/company\\\/novotek-as\"]}]}<\/script>\n<!-- \/ Yoast SEO plugin. -->","yoast_head_json":{"title":"Infrastruktur - Novotek Norge","description":"Novotek har v\u00e6rt delaktig i flere prosjekter for infrastruktur. V\u00e5re systemer styrer og overv\u00e5ker blant annet tunneler, broer og jernbane.","robots":{"index":"index","follow":"follow","max-snippet":"max-snippet:-1","max-image-preview":"max-image-preview:large","max-video-preview":"max-video-preview:-1"},"canonical":"https:\/\/www.novotek.com\/no\/bransjer\/infrastruktur\/","og_locale":"nb_NO","og_type":"article","og_title":"Infrastruktur - Novotek Norge","og_description":"Novotek har v\u00e6rt delaktig i flere prosjekter for infrastruktur. V\u00e5re systemer styrer og overv\u00e5ker blant annet tunneler, broer og jernbane.","og_url":"https:\/\/www.novotek.com\/no\/bransjer\/infrastruktur\/","og_site_name":"Novotek Norge","article_modified_time":"2025-08-29T12:16:39+00:00","og_image":[{"url":"https:\/\/www.novotek.com\/no\/wp-content\/uploads\/sites\/5\/Bransjer\/Infrastruktur\/Jimmy-Andersen_Odense_Bolig_ApS_duplex_cyan_NEW.jpg","type":"","width":"","height":""}],"twitter_card":"summary_large_image","twitter_misc":{"Ansl. lesetid":"1 minutt"},"schema":{"@context":"https:\/\/schema.org","@graph":[{"@type":"WebPage","@id":"https:\/\/www.novotek.com\/no\/bransjer\/infrastruktur\/","url":"https:\/\/www.novotek.com\/no\/bransjer\/infrastruktur\/","name":"Infrastruktur - Novotek Norge","isPartOf":{"@id":"https:\/\/www.novotek.com\/no\/#website"},"primaryImageOfPage":{"@id":"https:\/\/www.novotek.com\/no\/bransjer\/infrastruktur\/#primaryimage"},"image":{"@id":"https:\/\/www.novotek.com\/no\/bransjer\/infrastruktur\/#primaryimage"},"thumbnailUrl":"https:\/\/www.novotek.com\/no\/wp-content\/uploads\/sites\/5\/Bransjer\/Infrastruktur\/Jimmy-Andersen_Odense_Bolig_ApS_duplex_cyan_NEW.jpg","datePublished":"2021-07-07T10:22:02+00:00","dateModified":"2025-08-29T12:16:39+00:00","description":"Novotek har v\u00e6rt delaktig i flere prosjekter for infrastruktur. V\u00e5re systemer styrer og overv\u00e5ker blant annet tunneler, broer og jernbane.","breadcrumb":{"@id":"https:\/\/www.novotek.com\/no\/bransjer\/infrastruktur\/#breadcrumb"},"inLanguage":"nb-NO","potentialAction":[{"@type":"ReadAction","target":["https:\/\/www.novotek.com\/no\/bransjer\/infrastruktur\/"]}]},{"@type":"ImageObject","inLanguage":"nb-NO","@id":"https:\/\/www.novotek.com\/no\/bransjer\/infrastruktur\/#primaryimage","url":"https:\/\/www.novotek.com\/no\/wp-content\/uploads\/sites\/5\/Bransjer\/Infrastruktur\/Jimmy-Andersen_Odense_Bolig_ApS_duplex_cyan_NEW.jpg","contentUrl":"https:\/\/www.novotek.com\/no\/wp-content\/uploads\/sites\/5\/Bransjer\/Infrastruktur\/Jimmy-Andersen_Odense_Bolig_ApS_duplex_cyan_NEW.jpg","width":800,"height":800,"caption":"Jimmy Andersen i Odense Bolig"},{"@type":"BreadcrumbList","@id":"https:\/\/www.novotek.com\/no\/bransjer\/infrastruktur\/#breadcrumb","itemListElement":[{"@type":"ListItem","position":1,"name":"Home","item":"https:\/\/www.novotek.com\/no\/"},{"@type":"ListItem","position":2,"name":"Bransjer","item":"https:\/\/www.novotek.com\/no\/bransjer\/"},{"@type":"ListItem","position":3,"name":"Infrastruktur"}]},{"@type":"WebSite","@id":"https:\/\/www.novotek.com\/no\/#website","url":"https:\/\/www.novotek.com\/no\/","name":"Novotek Norge","description":"Automasjon, digitalisering og Analytics","publisher":{"@id":"https:\/\/www.novotek.com\/no\/#organization"},"potentialAction":[{"@type":"SearchAction","target":{"@type":"EntryPoint","urlTemplate":"https:\/\/www.novotek.com\/no\/?s={search_term_string}"},"query-input":{"@type":"PropertyValueSpecification","valueRequired":true,"valueName":"search_term_string"}}],"inLanguage":"nb-NO"},{"@type":"Organization","@id":"https:\/\/www.novotek.com\/no\/#organization","name":"Novotek AS","url":"https:\/\/www.novotek.com\/no\/","logo":{"@type":"ImageObject","inLanguage":"nb-NO","@id":"https:\/\/www.novotek.com\/no\/#\/schema\/logo\/image\/","url":"https:\/\/www.novotek.com\/no\/wp-content\/uploads\/sites\/5\/Forside\/Novotek_logo.png","contentUrl":"https:\/\/www.novotek.com\/no\/wp-content\/uploads\/sites\/5\/Forside\/Novotek_logo.png","width":1200,"height":348,"caption":"Novotek AS"},"image":{"@id":"https:\/\/www.novotek.com\/no\/#\/schema\/logo\/image\/"},"sameAs":["https:\/\/www.linkedin.com\/company\/novotek-as"]}]}},"_links":{"self":[{"href":"https:\/\/www.novotek.com\/no\/wp-json\/wp\/v2\/pages\/2432","targetHints":{"allow":["GET"]}}],"collection":[{"href":"https:\/\/www.novotek.com\/no\/wp-json\/wp\/v2\/pages"}],"about":[{"href":"https:\/\/www.novotek.com\/no\/wp-json\/wp\/v2\/types\/page"}],"author":[{"embeddable":true,"href":"https:\/\/www.novotek.com\/no\/wp-json\/wp\/v2\/users\/7"}],"replies":[{"embeddable":true,"href":"https:\/\/www.novotek.com\/no\/wp-json\/wp\/v2\/comments?post=2432"}],"version-history":[{"count":27,"href":"https:\/\/www.novotek.com\/no\/wp-json\/wp\/v2\/pages\/2432\/revisions"}],"predecessor-version":[{"id":16598,"href":"https:\/\/www.novotek.com\/no\/wp-json\/wp\/v2\/pages\/2432\/revisions\/16598"}],"up":[{"embeddable":true,"href":"https:\/\/www.novotek.com\/no\/wp-json\/wp\/v2\/pages\/3685"}],"wp:attachment":[{"href":"https:\/\/www.novotek.com\/no\/wp-json\/wp\/v2\/media?parent=2432"}],"curies":[{"name":"wp","href":"https:\/\/api.w.org\/{rel}","templated":true}]}}