{"id":2478,"date":"2021-07-07T12:30:47","date_gmt":"2021-07-07T12:30:47","guid":{"rendered":"https:\/\/www.novotek.com\/no\/?page_id=2478"},"modified":"2025-08-29T12:23:15","modified_gmt":"2025-08-29T12:23:15","slug":"kundehistorie-odense-bolig-aps","status":"publish","type":"page","link":"https:\/\/www.novotek.com\/no\/bransjer\/infrastruktur\/kundehistorie-odense-bolig-aps\/","title":{"rendered":"Kundehistorie Odense Bolig ApS"},"content":{"rendered":"  <div class=\"hero\">\n    <div class=\"carousel hero-slider small\" data-flickity data-flickity-options='{\"prevNextButtons\": false}'>\n              <div class=\"carousel-cell\">\n          <div class=\"container\">\n            <div class=\"hero-content\">\n                              <h5>Referanse<\/h5>\n<h1>Odense Bolig ApS<\/h1>\n<p>Odense Bolig ApS har implementert planleggingsverkt\u00f8yet Proficy Scheduler \/ ROB-EX for \u00e5 f\u00e5 bedre kontroll og klarere oversikt over oppdrag i sine eiendommer.<\/p>\n              \n                          <\/div>\n          <\/div>\n\n          <img decoding=\"async\" width=\"1024\" height=\"427\" src=\"https:\/\/www.novotek.com\/no\/wp-content\/uploads\/sites\/5\/Bransjer\/Infrastruktur\/Odense_Bolig_ApS\/Reference_Odense_Bolig_ApS_street_duplex_cyan_NEW-1024x427.jpg\" class=\"hero-bg\" alt=\"Hero Img\" fetchpriority=\"high\" srcset=\"https:\/\/www.novotek.com\/no\/wp-content\/uploads\/sites\/5\/Bransjer\/Infrastruktur\/Odense_Bolig_ApS\/Reference_Odense_Bolig_ApS_street_duplex_cyan_NEW-1024x427.jpg 1024w, https:\/\/www.novotek.com\/no\/wp-content\/uploads\/sites\/5\/Bransjer\/Infrastruktur\/Odense_Bolig_ApS\/Reference_Odense_Bolig_ApS_street_duplex_cyan_NEW-300x125.jpg 300w, https:\/\/www.novotek.com\/no\/wp-content\/uploads\/sites\/5\/Bransjer\/Infrastruktur\/Odense_Bolig_ApS\/Reference_Odense_Bolig_ApS_street_duplex_cyan_NEW-768x320.jpg 768w, https:\/\/www.novotek.com\/no\/wp-content\/uploads\/sites\/5\/Bransjer\/Infrastruktur\/Odense_Bolig_ApS\/Reference_Odense_Bolig_ApS_street_duplex_cyan_NEW-1536x640.jpg 1536w, https:\/\/www.novotek.com\/no\/wp-content\/uploads\/sites\/5\/Bransjer\/Infrastruktur\/Odense_Bolig_ApS\/Reference_Odense_Bolig_ApS_street_duplex_cyan_NEW.jpg 1920w\" sizes=\"(max-width: 1024px) 100vw, 1024px\" \/>                  <\/div>\n          <\/div>\n\n      <\/div>\n\n   <div class=\"floating-breadcrumb\"><div class=\"container\"><span><span><a href=\"https:\/\/www.novotek.com\/no\/\" class=\"breadcrumb-frontpage\">Home<\/a><\/span><\/span><\/div><\/div>\n\n\n<div class=\"quotes-parent\">\n  <div class=\"container\">\n    <div class=\"carousel quotes-carousel\">\n              <div class=\"quote-cell carousel-cell\">\n          <div class=\"container-quote\">\n            <strong>&laquo;Vi er sv\u00e6rt forn\u00f8yde med Proficy Scheduler \/ ROB-EX. Systemet gir oss en krystallklar oversikt over oppdragene.&raquo;<\/strong>\n            <span>Sitat fra administrerende direkt\u00f8r i Odense Bolig ApS<\/span>\n          <\/div>\n        <\/div>\n          <\/div>\n  <\/div>\n<\/div>\n\n\n<div class=\"container-md columns  \">\n<div class=\"wp-block-columns is-layout-flex wp-container-core-columns-is-layout-9d6595d7 wp-block-columns-is-layout-flex\"><div class=\"container-md column  \">\n<div class=\"wp-block-column is-layout-flow wp-block-column-is-layout-flow\"><div class=\"container-md heading  \">\n<h4 class=\"wp-block-heading\">L\u00f8sning<\/h4>\n<\/div>\n\n<div class=\"container-md paragraph  \">\n<p>F\u00e5 bedre kontroll og oversikt over ledige leiligheter som skal renoveres eller forberedes for nye leietakere.&nbsp;<\/p>\n<\/div>\n\n<div class=\"container-md spacer  \">\n<div style=\"height:15px\" aria-hidden=\"true\" class=\"wp-block-spacer\"><\/div>\n<\/div>\n\n<div class=\"container-md heading  \">\n<h4 class=\"wp-block-heading\">Produkter<\/h4>\n<\/div>\n\n<div class=\"container-md list  \">\n<ul id=\"block-2d4fa3a5-0225-45d9-b019-8a335f11a235\" class=\"wp-block-list\"><div class=\"container-md list-item  \">\n<li><a href=\"https:\/\/www.novotek.com\/no\/digitalisering\/produksjonsplanlegging\/proficy-scheduler-rob-ex\/\">Proficy Scheduler \/ ROB-EX<\/a><\/li>\n<\/div><\/ul>\n<\/div>\n\n<div class=\"container-md spacer  \">\n<div style=\"height:15px\" aria-hidden=\"true\" class=\"wp-block-spacer\"><\/div>\n<\/div>\n\n<div class=\"container-md heading  \">\n<h4 class=\"wp-block-heading\">Fordeler<\/h4>\n<\/div>\n\n<div class=\"container-md paragraph  \">\n<p>Med Proficy Scheduler \/ ROB-EX f\u00e5r Odense Bolig Aps en klar oversikt over alle oppdrag som m\u00e5 gj\u00f8res f\u00f8r en ny leieavtale kan startes. Med verkt\u00f8y for planlegging og oppf\u00f8lging kan man sikre at oppdragene blir utf\u00f8rt effektivt etter planen.<\/p>\n<\/div><\/div>\n<\/div>\n\n<div class=\"container-md column  \">\n<div class=\"wp-block-column is-layout-flow wp-block-column-is-layout-flow\"><div class=\"wp-block-image\"><div class=\"container-md image  alignright\">\n<figure class=\"alignright size-full is-resized\"><img loading=\"lazy\" decoding=\"async\" width=\"500\" height=\"500\" src=\"https:\/\/www.novotek.com\/no\/wp-content\/uploads\/sites\/5\/Bransjer\/Novotek_CheckBox.png\" alt=\"Novotek piktogram: Check.\" class=\"wp-image-1835\" style=\"width:210px;height:210px\" srcset=\"https:\/\/www.novotek.com\/no\/wp-content\/uploads\/sites\/5\/Bransjer\/Novotek_CheckBox.png 500w, https:\/\/www.novotek.com\/no\/wp-content\/uploads\/sites\/5\/Bransjer\/Novotek_CheckBox-300x300.png 300w, https:\/\/www.novotek.com\/no\/wp-content\/uploads\/sites\/5\/Bransjer\/Novotek_CheckBox-150x150.png 150w\" sizes=\"auto, (max-width: 500px) 100vw, 500px\" \/><\/figure>\n<\/div><\/div><\/div>\n<\/div><\/div>\n<\/div>\n\n<div class=\"container media-text  align\">\n<div class=\"wp-block-media-text is-stacked-on-mobile\"><figure class=\"wp-block-media-text__media\"><img loading=\"lazy\" decoding=\"async\" width=\"800\" height=\"800\" src=\"https:\/\/www.novotek.com\/no\/wp-content\/uploads\/sites\/5\/Bransjer\/Infrastruktur\/Odense_Bolig_ApS\/Novotek_Website_Infrastructure_Odense_Bolig_ApS_800x800px.png\" alt=\"Odense Bolig hus med dansk flagg.\" class=\"wp-image-2485 size-full\" srcset=\"https:\/\/www.novotek.com\/no\/wp-content\/uploads\/sites\/5\/Bransjer\/Infrastruktur\/Odense_Bolig_ApS\/Novotek_Website_Infrastructure_Odense_Bolig_ApS_800x800px.png 800w, https:\/\/www.novotek.com\/no\/wp-content\/uploads\/sites\/5\/Bransjer\/Infrastruktur\/Odense_Bolig_ApS\/Novotek_Website_Infrastructure_Odense_Bolig_ApS_800x800px-300x300.png 300w, https:\/\/www.novotek.com\/no\/wp-content\/uploads\/sites\/5\/Bransjer\/Infrastruktur\/Odense_Bolig_ApS\/Novotek_Website_Infrastructure_Odense_Bolig_ApS_800x800px-150x150.png 150w, https:\/\/www.novotek.com\/no\/wp-content\/uploads\/sites\/5\/Bransjer\/Infrastruktur\/Odense_Bolig_ApS\/Novotek_Website_Infrastructure_Odense_Bolig_ApS_800x800px-768x768.png 768w\" sizes=\"auto, (max-width: 800px) 100vw, 800px\" \/><\/figure><div class=\"wp-block-media-text__content\"><div class=\"container-md heading  \">\n<h2 class=\"wp-block-heading\">Odense Bolig ApS<\/h2>\n<\/div>\n\n<div class=\"container-md paragraph  \">\n<p>Odense Bolig ApS er et privat eiendomsselskap som spesialiserer seg p\u00e5 investering i avanserte boliger og n\u00e6ringseiendommer p\u00e5 Fyn, prim\u00e6rt i Odense. Selskapets hovedkontor ligger i Odense, og de eier og forvalter en portef\u00f8lje av velholdte eiendommer.<\/p>\n<\/div>\n\n<div class=\"container-md paragraph  \">\n<p>Odense Bolig ApS har et klart m\u00e5l: \u00c5 tilby boligeiendommer av h\u00f8y kvalitet som blir matchet med tjenester som passer leietakerne, &#8211; til konkurransedyktige priser. Skissene for m\u00e5lene er basert p\u00e5 \u00e5 holde \u00f8ye med den interne og eksterne utviklingen og kontinuerlig forbedre hele eiendomsportef\u00f8ljen. Eiendommene m\u00e5 v\u00e6re i god stand, b\u00e5de innvendig og utvendig.&nbsp;<\/p>\n<\/div><\/div><\/div>\n<\/div>\n\n<div class=\"quotes-parent\">\n  <div class=\"container\">\n    <div class=\"carousel quotes-carousel\">\n              <div class=\"quote-cell carousel-cell\">\n          <div class=\"container-quote\">\n            <strong>&laquo;I dag h\u00e5ndterer vi rundt 500 leietakere, og 5-10% av disse boligene blir n\u00e5r som helst renovert eller forberedt for nye leietakere. Vi pleide \u00e5 planlegge oppgavene v\u00e5re i Excel, men det ble stadig vanskeligere og mer tidkrevende etterhvert som antallet leietakere \u00f8kte&raquo;<\/strong>\n            <span>Sitat fra administrerende direkt\u00f8r i Odense Bolig ApS<\/span>\n          <\/div>\n        <\/div>\n          <\/div>\n  <\/div>\n<\/div>\n\n\n<div class=\"container-md heading  \">\n<h2 class=\"wp-block-heading\">Enkelt \u00e5 planlegge og gjennomf\u00f8re oppdrag<\/h2>\n<\/div>\n\n<div class=\"container-md paragraph  \">\n<p>I dag bruker vi Proficy Scheduler \/ ROB-EX for \u00e5 planlegge og h\u00e5ndtere oppdragene i samsvar med renoveringer og oppgraderinger. N\u00e5r en leieavtale sies opp planlegger vi oppdrag for v\u00e5re malere, murere, snekkere og ryddepersonell slik at boligen er klar for neste leietager p\u00e5 riktig dato. Foruten planleggingen som involverer leietakerne, tillater systemet \u00e5 inkludere alle sm\u00e5, mer isolerte jobber som m\u00e5 utf\u00f8res i boligene og omr\u00e5dene rundt. H\u00e5ndverkere og annet personell kan n\u00e5 utf\u00f8re mindre, uforberedte oppgaver umiddelbart. Dette har forbedret effektiviteten betydelig.<\/p>\n<\/div>\n\n<div class=\"container media-text  align\">\n<div class=\"wp-block-media-text has-media-on-the-right is-stacked-on-mobile\"><div class=\"wp-block-media-text__content\"><div class=\"container-md heading  \">\n<h2 class=\"wp-block-heading\">Gir god oversikt<\/h2>\n<\/div>\n\n<div class=\"container-md paragraph  \">\n<p>Med Proficy Scheduler \/ROB-EX kan vi planlegge oppdrag for hver gruppe ansatte, som m\u00e5lere og snekkere, separat. Planleggingen kan gj\u00f8res ned til hver enkelt ansatt. Vi bruker l\u00f8sningen som et frittst\u00e5ende system, men har i tillegg mulighet til \u00e5 overf\u00f8re datoer for overtagelse og oppsigelser direkte fra v\u00e5re leieadministrasjonssystem. Vi utf\u00f8rer jevnlige oppdateringer, og hver uke skriver vi ut en oppdatert rapport for v\u00e5re ansatte. Dette gir alle en prioritert liste over oppgaver som skal fullf\u00f8res neste uke. Vi er veldig forn\u00f8yde med Proficy Scheduler \/ ROB-EX.\u00a0<\/p>\n<\/div><\/div><figure class=\"wp-block-media-text__media\"><img loading=\"lazy\" decoding=\"async\" width=\"800\" height=\"800\" src=\"https:\/\/www.novotek.com\/no\/wp-content\/uploads\/sites\/5\/Bransjer\/Infrastruktur\/Jimmy-Andersen_Odense_Bolig_ApS_duplex_cyan_NEW.jpg\" alt=\"Jimmy Andersen i Odense Bolig\" class=\"wp-image-7578 size-full\" srcset=\"https:\/\/www.novotek.com\/no\/wp-content\/uploads\/sites\/5\/Bransjer\/Infrastruktur\/Jimmy-Andersen_Odense_Bolig_ApS_duplex_cyan_NEW.jpg 800w, https:\/\/www.novotek.com\/no\/wp-content\/uploads\/sites\/5\/Bransjer\/Infrastruktur\/Jimmy-Andersen_Odense_Bolig_ApS_duplex_cyan_NEW-300x300.jpg 300w, https:\/\/www.novotek.com\/no\/wp-content\/uploads\/sites\/5\/Bransjer\/Infrastruktur\/Jimmy-Andersen_Odense_Bolig_ApS_duplex_cyan_NEW-150x150.jpg 150w, https:\/\/www.novotek.com\/no\/wp-content\/uploads\/sites\/5\/Bransjer\/Infrastruktur\/Jimmy-Andersen_Odense_Bolig_ApS_duplex_cyan_NEW-768x768.jpg 768w\" sizes=\"auto, (max-width: 800px) 100vw, 800px\" \/><\/figure><\/div>\n<\/div>\n\n  <div class=\"slider-column-parent\">\n    <div class=\"container\">\n      <div class=\"slider-column-title\">Les mer om Proficy Scheduler \/ ROB-EX:<\/div>\n\n      <div class=\"row\">\n        <div class=\"col-12 col-md-4\"><div class=\"column-box\">\n  \n      <div class=\"title\">\n      Proficy Scheduler \/ ROB-EX    <\/div>\n  \n      <div class=\"text\">\n      <p>Et verkt\u00f8y spesialisert for produksjonsplanlegging.<\/p>\n    <\/div>\n  \n      <a class=\"link\"  href=\"https:\/\/www.novotek.com\/no\/digitalisering\/produksjonsplanlegging\/proficy-scheduler-rob-ex\/\" target=\"\">\n      Les mer    <\/a>\n  \n  <\/div>\n\n<\/div>      <\/div>\n    <\/div>\n  <\/div>\n","protected":false},"excerpt":{"rendered":"<p>Amet minim mollit non deserunt ullamco est sit aliqua dolor do amet sint elit officia consequat duis<\/p>\n","protected":false},"author":7,"featured_media":0,"parent":2432,"menu_order":0,"comment_status":"closed","ping_status":"closed","template":"","meta":{"_acf_changed":false,"_relevanssi_hide_post":"","_relevanssi_pin_for_all":"","_relevanssi_pin_keywords":"","_relevanssi_unpin_keywords":"","_relevanssi_related_keywords":"","_relevanssi_related_include_ids":"","_relevanssi_related_exclude_ids":"","_relevanssi_related_no_append":"","_relevanssi_related_not_related":"","_relevanssi_related_posts":"1","_relevanssi_noindex_reason":"","footnotes":""},"class_list":["post-2478","page","type-page","status-publish","hentry"],"acf":[],"yoast_head":"<!-- This site is optimized with the Yoast SEO plugin v27.4 - https:\/\/yoast.com\/product\/yoast-seo-wordpress\/ -->\n<title>Kundehistorie Odense Bolig ApS - Novotek Norge<\/title>\n<meta name=\"description\" content=\"Odense Bolig ApS bruker planleggingsverkt\u00f8yet Proficy Scheduler \/ ROB-EX for \u00e5 f\u00e5 bedre kontroll og klarere oversikt over oppdrag i sine eiendommer.\" \/>\n<meta name=\"robots\" content=\"index, follow, max-snippet:-1, max-image-preview:large, max-video-preview:-1\" \/>\n<link rel=\"canonical\" href=\"https:\/\/www.novotek.com\/no\/bransjer\/infrastruktur\/kundehistorie-odense-bolig-aps\/\" \/>\n<meta property=\"og:locale\" content=\"nb_NO\" \/>\n<meta property=\"og:type\" content=\"article\" \/>\n<meta property=\"og:title\" content=\"Kundehistorie Odense Bolig ApS - Novotek Norge\" \/>\n<meta property=\"og:description\" content=\"Odense Bolig ApS bruker planleggingsverkt\u00f8yet Proficy Scheduler \/ ROB-EX for \u00e5 f\u00e5 bedre kontroll og klarere oversikt over oppdrag i sine eiendommer.\" \/>\n<meta property=\"og:url\" content=\"https:\/\/www.novotek.com\/no\/bransjer\/infrastruktur\/kundehistorie-odense-bolig-aps\/\" \/>\n<meta property=\"og:site_name\" content=\"Novotek Norge\" \/>\n<meta property=\"article:modified_time\" content=\"2025-08-29T12:23:15+00:00\" \/>\n<meta property=\"og:image\" content=\"https:\/\/www.novotek.com\/no\/wp-content\/uploads\/sites\/5\/Bransjer\/Novotek_CheckBox.png\" \/>\n<meta name=\"twitter:card\" content=\"summary_large_image\" \/>\n<meta name=\"twitter:label1\" content=\"Ansl. lesetid\" \/>\n\t<meta name=\"twitter:data1\" content=\"3 minutter\" \/>\n<script type=\"application\/ld+json\" class=\"yoast-schema-graph\">{\"@context\":\"https:\\\/\\\/schema.org\",\"@graph\":[{\"@type\":\"WebPage\",\"@id\":\"https:\\\/\\\/www.novotek.com\\\/no\\\/bransjer\\\/infrastruktur\\\/kundehistorie-odense-bolig-aps\\\/\",\"url\":\"https:\\\/\\\/www.novotek.com\\\/no\\\/bransjer\\\/infrastruktur\\\/kundehistorie-odense-bolig-aps\\\/\",\"name\":\"Kundehistorie Odense Bolig ApS - Novotek Norge\",\"isPartOf\":{\"@id\":\"https:\\\/\\\/www.novotek.com\\\/no\\\/#website\"},\"primaryImageOfPage\":{\"@id\":\"https:\\\/\\\/www.novotek.com\\\/no\\\/bransjer\\\/infrastruktur\\\/kundehistorie-odense-bolig-aps\\\/#primaryimage\"},\"image\":{\"@id\":\"https:\\\/\\\/www.novotek.com\\\/no\\\/bransjer\\\/infrastruktur\\\/kundehistorie-odense-bolig-aps\\\/#primaryimage\"},\"thumbnailUrl\":\"https:\\\/\\\/www.novotek.com\\\/no\\\/wp-content\\\/uploads\\\/sites\\\/5\\\/Bransjer\\\/Novotek_CheckBox.png\",\"datePublished\":\"2021-07-07T12:30:47+00:00\",\"dateModified\":\"2025-08-29T12:23:15+00:00\",\"description\":\"Odense Bolig ApS bruker planleggingsverkt\u00f8yet Proficy Scheduler \\\/ ROB-EX for \u00e5 f\u00e5 bedre kontroll og klarere oversikt over oppdrag i sine eiendommer.\",\"breadcrumb\":{\"@id\":\"https:\\\/\\\/www.novotek.com\\\/no\\\/bransjer\\\/infrastruktur\\\/kundehistorie-odense-bolig-aps\\\/#breadcrumb\"},\"inLanguage\":\"nb-NO\",\"potentialAction\":[{\"@type\":\"ReadAction\",\"target\":[\"https:\\\/\\\/www.novotek.com\\\/no\\\/bransjer\\\/infrastruktur\\\/kundehistorie-odense-bolig-aps\\\/\"]}]},{\"@type\":\"ImageObject\",\"inLanguage\":\"nb-NO\",\"@id\":\"https:\\\/\\\/www.novotek.com\\\/no\\\/bransjer\\\/infrastruktur\\\/kundehistorie-odense-bolig-aps\\\/#primaryimage\",\"url\":\"https:\\\/\\\/www.novotek.com\\\/no\\\/wp-content\\\/uploads\\\/sites\\\/5\\\/Bransjer\\\/Novotek_CheckBox.png\",\"contentUrl\":\"https:\\\/\\\/www.novotek.com\\\/no\\\/wp-content\\\/uploads\\\/sites\\\/5\\\/Bransjer\\\/Novotek_CheckBox.png\",\"width\":500,\"height\":500,\"caption\":\"Novotek piktogram: Check.\"},{\"@type\":\"BreadcrumbList\",\"@id\":\"https:\\\/\\\/www.novotek.com\\\/no\\\/bransjer\\\/infrastruktur\\\/kundehistorie-odense-bolig-aps\\\/#breadcrumb\",\"itemListElement\":[{\"@type\":\"ListItem\",\"position\":1,\"name\":\"Home\",\"item\":\"https:\\\/\\\/www.novotek.com\\\/no\\\/\"},{\"@type\":\"ListItem\",\"position\":2,\"name\":\"Bransjer\",\"item\":\"https:\\\/\\\/www.novotek.com\\\/no\\\/bransjer\\\/\"},{\"@type\":\"ListItem\",\"position\":3,\"name\":\"Infrastruktur\",\"item\":\"https:\\\/\\\/www.novotek.com\\\/no\\\/bransjer\\\/infrastruktur\\\/\"},{\"@type\":\"ListItem\",\"position\":4,\"name\":\"Kundehistorie Odense Bolig ApS\"}]},{\"@type\":\"WebSite\",\"@id\":\"https:\\\/\\\/www.novotek.com\\\/no\\\/#website\",\"url\":\"https:\\\/\\\/www.novotek.com\\\/no\\\/\",\"name\":\"Novotek Norge\",\"description\":\"Automasjon, digitalisering og Analytics\",\"publisher\":{\"@id\":\"https:\\\/\\\/www.novotek.com\\\/no\\\/#organization\"},\"potentialAction\":[{\"@type\":\"SearchAction\",\"target\":{\"@type\":\"EntryPoint\",\"urlTemplate\":\"https:\\\/\\\/www.novotek.com\\\/no\\\/?s={search_term_string}\"},\"query-input\":{\"@type\":\"PropertyValueSpecification\",\"valueRequired\":true,\"valueName\":\"search_term_string\"}}],\"inLanguage\":\"nb-NO\"},{\"@type\":\"Organization\",\"@id\":\"https:\\\/\\\/www.novotek.com\\\/no\\\/#organization\",\"name\":\"Novotek AS\",\"url\":\"https:\\\/\\\/www.novotek.com\\\/no\\\/\",\"logo\":{\"@type\":\"ImageObject\",\"inLanguage\":\"nb-NO\",\"@id\":\"https:\\\/\\\/www.novotek.com\\\/no\\\/#\\\/schema\\\/logo\\\/image\\\/\",\"url\":\"https:\\\/\\\/www.novotek.com\\\/no\\\/wp-content\\\/uploads\\\/sites\\\/5\\\/Forside\\\/Novotek_logo.png\",\"contentUrl\":\"https:\\\/\\\/www.novotek.com\\\/no\\\/wp-content\\\/uploads\\\/sites\\\/5\\\/Forside\\\/Novotek_logo.png\",\"width\":1200,\"height\":348,\"caption\":\"Novotek AS\"},\"image\":{\"@id\":\"https:\\\/\\\/www.novotek.com\\\/no\\\/#\\\/schema\\\/logo\\\/image\\\/\"},\"sameAs\":[\"https:\\\/\\\/www.linkedin.com\\\/company\\\/novotek-as\"]}]}<\/script>\n<!-- \/ Yoast SEO plugin. -->","yoast_head_json":{"title":"Kundehistorie Odense Bolig ApS - Novotek Norge","description":"Odense Bolig ApS bruker planleggingsverkt\u00f8yet Proficy Scheduler \/ ROB-EX for \u00e5 f\u00e5 bedre kontroll og klarere oversikt over oppdrag i sine eiendommer.","robots":{"index":"index","follow":"follow","max-snippet":"max-snippet:-1","max-image-preview":"max-image-preview:large","max-video-preview":"max-video-preview:-1"},"canonical":"https:\/\/www.novotek.com\/no\/bransjer\/infrastruktur\/kundehistorie-odense-bolig-aps\/","og_locale":"nb_NO","og_type":"article","og_title":"Kundehistorie Odense Bolig ApS - Novotek Norge","og_description":"Odense Bolig ApS bruker planleggingsverkt\u00f8yet Proficy Scheduler \/ ROB-EX for \u00e5 f\u00e5 bedre kontroll og klarere oversikt over oppdrag i sine eiendommer.","og_url":"https:\/\/www.novotek.com\/no\/bransjer\/infrastruktur\/kundehistorie-odense-bolig-aps\/","og_site_name":"Novotek Norge","article_modified_time":"2025-08-29T12:23:15+00:00","og_image":[{"url":"https:\/\/www.novotek.com\/no\/wp-content\/uploads\/sites\/5\/Bransjer\/Novotek_CheckBox.png","type":"","width":"","height":""}],"twitter_card":"summary_large_image","twitter_misc":{"Ansl. lesetid":"3 minutter"},"schema":{"@context":"https:\/\/schema.org","@graph":[{"@type":"WebPage","@id":"https:\/\/www.novotek.com\/no\/bransjer\/infrastruktur\/kundehistorie-odense-bolig-aps\/","url":"https:\/\/www.novotek.com\/no\/bransjer\/infrastruktur\/kundehistorie-odense-bolig-aps\/","name":"Kundehistorie Odense Bolig ApS - Novotek Norge","isPartOf":{"@id":"https:\/\/www.novotek.com\/no\/#website"},"primaryImageOfPage":{"@id":"https:\/\/www.novotek.com\/no\/bransjer\/infrastruktur\/kundehistorie-odense-bolig-aps\/#primaryimage"},"image":{"@id":"https:\/\/www.novotek.com\/no\/bransjer\/infrastruktur\/kundehistorie-odense-bolig-aps\/#primaryimage"},"thumbnailUrl":"https:\/\/www.novotek.com\/no\/wp-content\/uploads\/sites\/5\/Bransjer\/Novotek_CheckBox.png","datePublished":"2021-07-07T12:30:47+00:00","dateModified":"2025-08-29T12:23:15+00:00","description":"Odense Bolig ApS bruker planleggingsverkt\u00f8yet Proficy Scheduler \/ ROB-EX for \u00e5 f\u00e5 bedre kontroll og klarere oversikt over oppdrag i sine eiendommer.","breadcrumb":{"@id":"https:\/\/www.novotek.com\/no\/bransjer\/infrastruktur\/kundehistorie-odense-bolig-aps\/#breadcrumb"},"inLanguage":"nb-NO","potentialAction":[{"@type":"ReadAction","target":["https:\/\/www.novotek.com\/no\/bransjer\/infrastruktur\/kundehistorie-odense-bolig-aps\/"]}]},{"@type":"ImageObject","inLanguage":"nb-NO","@id":"https:\/\/www.novotek.com\/no\/bransjer\/infrastruktur\/kundehistorie-odense-bolig-aps\/#primaryimage","url":"https:\/\/www.novotek.com\/no\/wp-content\/uploads\/sites\/5\/Bransjer\/Novotek_CheckBox.png","contentUrl":"https:\/\/www.novotek.com\/no\/wp-content\/uploads\/sites\/5\/Bransjer\/Novotek_CheckBox.png","width":500,"height":500,"caption":"Novotek piktogram: Check."},{"@type":"BreadcrumbList","@id":"https:\/\/www.novotek.com\/no\/bransjer\/infrastruktur\/kundehistorie-odense-bolig-aps\/#breadcrumb","itemListElement":[{"@type":"ListItem","position":1,"name":"Home","item":"https:\/\/www.novotek.com\/no\/"},{"@type":"ListItem","position":2,"name":"Bransjer","item":"https:\/\/www.novotek.com\/no\/bransjer\/"},{"@type":"ListItem","position":3,"name":"Infrastruktur","item":"https:\/\/www.novotek.com\/no\/bransjer\/infrastruktur\/"},{"@type":"ListItem","position":4,"name":"Kundehistorie Odense Bolig ApS"}]},{"@type":"WebSite","@id":"https:\/\/www.novotek.com\/no\/#website","url":"https:\/\/www.novotek.com\/no\/","name":"Novotek Norge","description":"Automasjon, digitalisering og Analytics","publisher":{"@id":"https:\/\/www.novotek.com\/no\/#organization"},"potentialAction":[{"@type":"SearchAction","target":{"@type":"EntryPoint","urlTemplate":"https:\/\/www.novotek.com\/no\/?s={search_term_string}"},"query-input":{"@type":"PropertyValueSpecification","valueRequired":true,"valueName":"search_term_string"}}],"inLanguage":"nb-NO"},{"@type":"Organization","@id":"https:\/\/www.novotek.com\/no\/#organization","name":"Novotek AS","url":"https:\/\/www.novotek.com\/no\/","logo":{"@type":"ImageObject","inLanguage":"nb-NO","@id":"https:\/\/www.novotek.com\/no\/#\/schema\/logo\/image\/","url":"https:\/\/www.novotek.com\/no\/wp-content\/uploads\/sites\/5\/Forside\/Novotek_logo.png","contentUrl":"https:\/\/www.novotek.com\/no\/wp-content\/uploads\/sites\/5\/Forside\/Novotek_logo.png","width":1200,"height":348,"caption":"Novotek AS"},"image":{"@id":"https:\/\/www.novotek.com\/no\/#\/schema\/logo\/image\/"},"sameAs":["https:\/\/www.linkedin.com\/company\/novotek-as"]}]}},"_links":{"self":[{"href":"https:\/\/www.novotek.com\/no\/wp-json\/wp\/v2\/pages\/2478","targetHints":{"allow":["GET"]}}],"collection":[{"href":"https:\/\/www.novotek.com\/no\/wp-json\/wp\/v2\/pages"}],"about":[{"href":"https:\/\/www.novotek.com\/no\/wp-json\/wp\/v2\/types\/page"}],"author":[{"embeddable":true,"href":"https:\/\/www.novotek.com\/no\/wp-json\/wp\/v2\/users\/7"}],"replies":[{"embeddable":true,"href":"https:\/\/www.novotek.com\/no\/wp-json\/wp\/v2\/comments?post=2478"}],"version-history":[{"count":17,"href":"https:\/\/www.novotek.com\/no\/wp-json\/wp\/v2\/pages\/2478\/revisions"}],"predecessor-version":[{"id":16600,"href":"https:\/\/www.novotek.com\/no\/wp-json\/wp\/v2\/pages\/2478\/revisions\/16600"}],"up":[{"embeddable":true,"href":"https:\/\/www.novotek.com\/no\/wp-json\/wp\/v2\/pages\/2432"}],"wp:attachment":[{"href":"https:\/\/www.novotek.com\/no\/wp-json\/wp\/v2\/media?parent=2478"}],"curies":[{"name":"wp","href":"https:\/\/api.w.org\/{rel}","templated":true}]}}