{"id":2542,"date":"2021-07-08T06:28:33","date_gmt":"2021-07-08T06:28:33","guid":{"rendered":"https:\/\/www.novotek.com\/no\/?page_id=2542"},"modified":"2022-02-25T12:55:09","modified_gmt":"2022-02-25T12:55:09","slug":"connect","status":"publish","type":"page","link":"https:\/\/www.novotek.com\/no\/connect\/","title":{"rendered":"Connect"},"content":{"rendered":"  <div class=\"hero\">\n    <div class=\"carousel hero-slider small\" data-flickity data-flickity-options='{\"prevNextButtons\": false}'>\n              <div class=\"carousel-cell\">\n          <div class=\"container\">\n            <div class=\"hero-content\">\n                              <h1>Connect<\/h1>\n<div>\n<p>Koble sammen dine industrielle maskiner, systemer, prosesser og mennesker, og send data fra anleggsgulvet til skyen.<\/p>\n<\/div>\n              \n                          <\/div>\n          <\/div>\n\n          <img decoding=\"async\" width=\"1024\" height=\"427\" src=\"https:\/\/www.novotek.com\/no\/wp-content\/uploads\/sites\/5\/Forside\/Connect\/Connect_1920x800-1024x427.jpg\" class=\"hero-bg\" alt=\"Hero Img\" fetchpriority=\"high\" srcset=\"https:\/\/www.novotek.com\/no\/wp-content\/uploads\/sites\/5\/Forside\/Connect\/Connect_1920x800-1024x427.jpg 1024w, https:\/\/www.novotek.com\/no\/wp-content\/uploads\/sites\/5\/Forside\/Connect\/Connect_1920x800-300x125.jpg 300w, https:\/\/www.novotek.com\/no\/wp-content\/uploads\/sites\/5\/Forside\/Connect\/Connect_1920x800-768x320.jpg 768w, https:\/\/www.novotek.com\/no\/wp-content\/uploads\/sites\/5\/Forside\/Connect\/Connect_1920x800-1536x640.jpg 1536w, https:\/\/www.novotek.com\/no\/wp-content\/uploads\/sites\/5\/Forside\/Connect\/Connect_1920x800.jpg 1920w\" sizes=\"(max-width: 1024px) 100vw, 1024px\" \/>                  <\/div>\n          <\/div>\n\n          <div class=\"scroll-down\">\n        <img decoding=\"async\" src=\"https:\/\/www.novotek.com\/no\/wp-content\/themes\/novotek-multi\/assets\/svg\/arrow-down.svg\">\n      <\/div>\n      <\/div>\n\n   \n\n\n<div class=\"container-md paragraph  \">\n<p>Digitalisering starter med &laquo;connect&raquo;, eller integrasjoner. Maskiner, systemer, prosesser og mennesker kobles sammen for \u00e5 kunne levere OT-data til IT-systemer p\u00e5 en effektiv m\u00e5te. Med denne sammenkoblingen kan du hente inn kritisk prosess- og produksjonsdata, og sende kontekstualisert data videre for analyse. Med en enorm \u00f8kning i datamengde, ser vi i dag et st\u00f8rre behov for enkel datautveksling mellom OT- og IT-systemer enn tidligere. M\u00e5let er forbedret datatilgang i hele virksomheten.&nbsp;<\/p>\n<\/div>\n\n<div class=\"container-md paragraph  \">\n<p>Utfordringen mange industrianlegg og produksjonsbedrifter st\u00e5r overfor, er at maskiner og systemer er av varierende alder, fra ulike leverand\u00f8rer, og derfor ikke kan kommunisere med hverandre. Data lagres p\u00e5 ulike steder, og det mangler en felles database som kan h\u00e5ndtere de store mengdene h\u00f8yoppl\u00f8selige prosessdata. Ofte er dataene inkonsekvente og mangler struktur, som gj\u00f8r videre bruk vanskelig. I mange tilfeller gj\u00f8r dette at un\u00f8dvendige mengder data sendes til skyl\u00f8sninger. Hvordan kan vi l\u00f8se disse utfordringene?<\/p>\n<\/div>\n\n<div class=\"container media-text  \">\n<div class=\"wp-block-media-text alignwide has-media-on-the-right is-stacked-on-mobile\"><figure class=\"wp-block-media-text__media\"><img decoding=\"async\" src=\"https:\/\/www.novotek.com\/no\/wp-content\/uploads\/sites\/5\/Automasjon\/OPC\/Novotek_OPC_grafikk-1024x640.png\" alt=\"Grafikk som viser funksjonaliteten til en OPC-kommunikasjonsplattform. Connect.\" class=\"wp-image-2237 size-full\"\/><\/figure><div class=\"wp-block-media-text__content\"><div class=\"container-md heading  \">\n<h2 class=\"wp-block-heading\" id=\"fra-anleggsgulvet-1\">Fra anleggsgulvet<\/h2>\n<\/div>\n\n<div class=\"container-md paragraph  \">\n<p>For \u00e5 kunne hente data fra maskiner og utstyr trenger du et <strong><a href=\"https:\/\/www.novotek.com\/no\/automasjon\/pls-og-styresystemer\/\" target=\"_blank\" rel=\"noreferrer noopener\">styresystem<\/a><\/strong>, som for eksempel en PLS eller PAC. Styresystemer tilpasset industrielle milj\u00f8er er utviklet for \u00e5 levere h\u00f8y ytelse under t\u00f8ffe forhold.<\/p>\n<\/div>\n\n<div class=\"container-md paragraph  \">\n<p>Ved hjelp av en <strong><a href=\"https:\/\/www.novotek.com\/no\/automasjon\/opc-kommunikasjonsplattform\/\" target=\"_blank\" rel=\"noreferrer noopener\">OPC-kommunikasjonsplattform<\/a><\/strong> kan du hente data fra styresystemet, og sende disse videre til en prosessdatabase, HMI\/SCADA-, MES- og\/eller et ERP-system. OPC st\u00e5r for Open Platform Communications, og s\u00f8rger for sikker dataflyt mellom klienter og servere, samt p\u00e5 tvers av ulike servere. Dette gir en s\u00f8ml\u00f8s informasjonsflyt mellom systemer fra ulike leverand\u00f8rer, og gir deg tilgang til data fra \u00e9n enkelt kilde.&nbsp;<\/p>\n<\/div><\/div><\/div>\n<\/div>\n\n<div class=\"container media-text  \">\n<div class=\"wp-block-media-text alignwide has-media-on-the-right is-stacked-on-mobile\"><figure class=\"wp-block-media-text__media\"><img loading=\"lazy\" decoding=\"async\" width=\"1024\" height=\"683\" src=\"https:\/\/www.novotek.com\/no\/wp-content\/uploads\/sites\/5\/Digitalisering\/Datafangst_og_rapportering\/Proficy_Historian\/Historian_sirkel_Novotek-1024x683.png\" alt=\"Illustrasjon over funksjonene til en prosessdatabase. \" class=\"wp-image-6421 size-full\" srcset=\"https:\/\/www.novotek.com\/no\/wp-content\/uploads\/sites\/5\/Digitalisering\/Datafangst_og_rapportering\/Proficy_Historian\/Historian_sirkel_Novotek-1024x683.png 1024w, https:\/\/www.novotek.com\/no\/wp-content\/uploads\/sites\/5\/Digitalisering\/Datafangst_og_rapportering\/Proficy_Historian\/Historian_sirkel_Novotek-300x200.png 300w, https:\/\/www.novotek.com\/no\/wp-content\/uploads\/sites\/5\/Digitalisering\/Datafangst_og_rapportering\/Proficy_Historian\/Historian_sirkel_Novotek-768x512.png 768w, https:\/\/www.novotek.com\/no\/wp-content\/uploads\/sites\/5\/Digitalisering\/Datafangst_og_rapportering\/Proficy_Historian\/Historian_sirkel_Novotek.png 1500w\" sizes=\"auto, (max-width: 1024px) 100vw, 1024px\" \/><\/figure><div class=\"wp-block-media-text__content\"><div class=\"container-md heading  \">\n<h2 class=\"wp-block-heading\" id=\"via-en-kraftig-prosessdatabase-1\">Via en kraftig prosessdatabase<\/h2>\n<\/div>\n\n<div class=\"container-md paragraph  \">\n<p>En <strong><a href=\"https:\/\/www.novotek.com\/no\/digitalisering\/datafangst-og-rapportering\/proficy-historian\/\" target=\"_blank\" rel=\"noreferrer noopener\">prosessdatabase<\/a><\/strong> samler inn data fra OPC-kommunikasjonsplattformen, og andre \u00abcollectors\u00bb som MQTT, ODBC og XML. Deretter lagres dataene sikkert, p\u00e5 samme sted. Prosessdatabaser er utviklet for \u00e5 h\u00e5ndtere store mengder h\u00f8yoppl\u00f8selige data, og er opptil 1000 ganger raskere enn vanlige relasjonsdatabaser. Data samles inn p\u00e5 millisekunder, komprimeres f\u00f8r lagring, tar lite plass og reduserer verken hastighet eller ytelse. Med alle data samlet p\u00e5 ett sted, har du alltid \u00e5revis med data lett tilgjengelig. &laquo;Store and Forward&raquo;-teknologi \u00f8ker datasikkerheten, og s\u00f8rger for at kritiske data ikke g\u00e5r tapt. <\/p>\n<\/div><\/div><\/div>\n<\/div>\n\n<div class=\"container-md heading  \">\n<h2 class=\"wp-block-heading\" id=\"til-kontekstualisert-data-i-skyen\">Til kontekstualisert data i skyen<\/h2>\n<\/div>\n\n<div class=\"container-md paragraph  \">\n<p>Dagens tilkoblinger er stadig under mindre tilsyn. Derfor er det avgj\u00f8rende at koblingene tar vare p\u00e5 kvalitet, gyldighet og forberedelse av data. <strong><a href=\"https:\/\/www.novotek.com\/no\/digitalisering\/dataops\/\" target=\"_blank\" rel=\"noreferrer noopener\">DataOps<\/a><\/strong> kommer fra ordet dataoperasjoner, og er en ny datah\u00e5ndteringsstrategi. Ved \u00e5 administrere dataens livssyklus p\u00e5 tvers av IT- og OT, brytes datasiloer mellom applikasjoner. I praksis inneb\u00e6rer dette at data fra flere kilder eller systemer sammenstilles, kontekstualiseres, struktureres og klargj\u00f8res lokalt av OT-personell som kjenner utstyret. Deretter sendes dataene til analyse og videre bruk hos Data Scientists, analytikere, ingeni\u00f8rer og IT-personell, uten behov for ytterligere bearbeiding og modellering.&nbsp;<\/p>\n<\/div>\n\n<div class=\"container-md image  \">\n<figure class=\"wp-block-image size-large\"><img loading=\"lazy\" decoding=\"async\" width=\"1024\" height=\"605\" src=\"https:\/\/www.novotek.com\/no\/wp-content\/uploads\/sites\/5\/Digitalisering\/DataOps\/Data_Analytics_Cloud4-1024x605.png\" alt=\"Data Analytics i cloud\" class=\"wp-image-6437\" srcset=\"https:\/\/www.novotek.com\/no\/wp-content\/uploads\/sites\/5\/Digitalisering\/DataOps\/Data_Analytics_Cloud4-1024x605.png 1024w, https:\/\/www.novotek.com\/no\/wp-content\/uploads\/sites\/5\/Digitalisering\/DataOps\/Data_Analytics_Cloud4-300x177.png 300w, https:\/\/www.novotek.com\/no\/wp-content\/uploads\/sites\/5\/Digitalisering\/DataOps\/Data_Analytics_Cloud4-768x454.png 768w, https:\/\/www.novotek.com\/no\/wp-content\/uploads\/sites\/5\/Digitalisering\/DataOps\/Data_Analytics_Cloud4-1536x908.png 1536w, https:\/\/www.novotek.com\/no\/wp-content\/uploads\/sites\/5\/Digitalisering\/DataOps\/Data_Analytics_Cloud4.png 1600w\" sizes=\"auto, (max-width: 1024px) 100vw, 1024px\" \/><\/figure>\n<\/div>\n\n<div class=\"container-md paragraph  \">\n<p>Ved \u00e5 klargj\u00f8re og strukturere data f\u00f8r de sendes videre, unng\u00e5r du \u00e5 sende overfl\u00f8dig data gjennom systemet, &#8211; uavhengig av om du sender data rundt i anlegget eller til skyl\u00f8sninger. Med denne tiln\u00e6rmingen til distribuert dataarkitektur sparer du tid og kostnader, og sikrer at dataene blir brukt fleksibelt og effektivt. Enkel tilgang til riktig data kan gi din produksjon gode resultater.<\/p>\n<\/div>\n\n<div class=\"container-md spacer  \">\n<div style=\"height:50px\" aria-hidden=\"true\" class=\"wp-block-spacer\"><\/div>\n<\/div>\n\n<div class=\"container-md heading  \">\n<h2 class=\"has-text-align-center wp-block-heading\" id=\"connect-your-plant\">Connect your plant<\/h2>\n<\/div>\n\n<div class=\"posts-columns \">\n  <div class=\"container\">\n  <div class=\"row\">\n    <div class=\"col-12 col-md-4\">\n<article class=\"basic \">\n    <div class=\"image\">\n      <a href=\"https:\/\/www.novotek.com\/no\/digitalisering\/datainnsamling-og-rapportering\/\">\n                  <img loading=\"lazy\" decoding=\"async\" width=\"306\" height=\"234\" src=\"https:\/\/www.novotek.com\/no\/wp-content\/uploads\/sites\/5\/Datapunkter-392x300-1-306x234.jpg.webp\" class=\"attachment-sm size-sm\" alt=\"Datapunkter illustrerer datainnsamling.\" srcset=\"https:\/\/www.novotek.com\/no\/wp-content\/uploads\/sites\/5\/Datapunkter-392x300-1-306x234.jpg.webp 306w, https:\/\/www.novotek.com\/no\/wp-content\/uploads\/sites\/5\/Datapunkter-392x300-1-300x230.jpg.webp 300w, https:\/\/www.novotek.com\/no\/wp-content\/uploads\/sites\/5\/Datapunkter-392x300-1-86x66.jpg.webp 86w, https:\/\/www.novotek.com\/no\/wp-content\/uploads\/sites\/5\/Datapunkter-392x300-1.jpg.webp 392w\" sizes=\"auto, (max-width: 306px) 100vw, 306px\" \/>              <\/a>\n    <\/div>\n\n    <div>\n              <h4>Datainnsamling og rapportering<\/h4>\n      \n              <p>Gj\u00f8r dine produksjonsdata tilgjengelig med et system for datainnsamling, lagring, distribusjon og rapportering.<\/p>\n      \n      <div>\n        <a href=\"https:\/\/www.novotek.com\/no\/digitalisering\/datainnsamling-og-rapportering\/\">\n          Les mer        <\/a>\n      <\/div>\n    <\/div>\n<\/article>\n<\/div><div class=\"col-12 col-md-4\">\n<article class=\"basic \">\n    <div class=\"image\">\n      <a href=\"https:\/\/www.novotek.com\/no\/automasjon\/opc-industriell-kommunikasjon\/\">\n                  <img loading=\"lazy\" decoding=\"async\" width=\"306\" height=\"128\" src=\"https:\/\/www.novotek.com\/no\/wp-content\/uploads\/sites\/5\/Automasjon\/OPC\/OPC_Connectivity_1920x800.jpg\" class=\"attachment-sm size-sm\" alt=\"Illustrasjon av kommunikasjon mellom ulike systemer\" srcset=\"https:\/\/www.novotek.com\/no\/wp-content\/uploads\/sites\/5\/Automasjon\/OPC\/OPC_Connectivity_1920x800.jpg 1920w, https:\/\/www.novotek.com\/no\/wp-content\/uploads\/sites\/5\/Automasjon\/OPC\/OPC_Connectivity_1920x800-300x125.jpg 300w, https:\/\/www.novotek.com\/no\/wp-content\/uploads\/sites\/5\/Automasjon\/OPC\/OPC_Connectivity_1920x800-1024x427.jpg 1024w, https:\/\/www.novotek.com\/no\/wp-content\/uploads\/sites\/5\/Automasjon\/OPC\/OPC_Connectivity_1920x800-768x320.jpg 768w, https:\/\/www.novotek.com\/no\/wp-content\/uploads\/sites\/5\/Automasjon\/OPC\/OPC_Connectivity_1920x800-1536x640.jpg 1536w\" sizes=\"auto, (max-width: 306px) 100vw, 306px\" \/>              <\/a>\n    <\/div>\n\n    <div>\n              <h4>OPC &#8211; Industriell kommunikasjon<\/h4>\n      \n              <p>F\u00e5 bedre kommunikasjonsflyt mellom enheter og systemer fra ulike leverand\u00f8rer med OPC.<\/p>\n      \n      <div>\n        <a href=\"https:\/\/www.novotek.com\/no\/automasjon\/opc-industriell-kommunikasjon\/\">\n          Les mer        <\/a>\n      <\/div>\n    <\/div>\n<\/article>\n<\/div><div class=\"col-12 col-md-4\">\n<article class=\"basic \">\n    <div class=\"image\">\n      <a href=\"https:\/\/www.novotek.com\/no\/digitalisering\/dataops\/\">\n                  <img loading=\"lazy\" decoding=\"async\" width=\"306\" height=\"204\" src=\"https:\/\/www.novotek.com\/no\/wp-content\/uploads\/sites\/5\/Digitalisering\/Digitalisering_DataOps_duotone.jpg\" class=\"attachment-sm size-sm\" alt=\"Skylagring.\" srcset=\"https:\/\/www.novotek.com\/no\/wp-content\/uploads\/sites\/5\/Digitalisering\/Digitalisering_DataOps_duotone.jpg 1202w, https:\/\/www.novotek.com\/no\/wp-content\/uploads\/sites\/5\/Digitalisering\/Digitalisering_DataOps_duotone-300x200.jpg 300w, https:\/\/www.novotek.com\/no\/wp-content\/uploads\/sites\/5\/Digitalisering\/Digitalisering_DataOps_duotone-1024x682.jpg 1024w, https:\/\/www.novotek.com\/no\/wp-content\/uploads\/sites\/5\/Digitalisering\/Digitalisering_DataOps_duotone-768x512.jpg 768w\" sizes=\"auto, (max-width: 306px) 100vw, 306px\" \/>              <\/a>\n    <\/div>\n\n    <div>\n              <h4>DataOps<\/h4>\n      \n              <p>Forenkle dataarkitekturen og gj\u00f8r dine industrielle data lettere tilgjengelig med DataOps og Unified Namespace (UNS).<\/p>\n      \n      <div>\n        <a href=\"https:\/\/www.novotek.com\/no\/digitalisering\/dataops\/\">\n          Les mer        <\/a>\n      <\/div>\n    <\/div>\n<\/article>\n<\/div>  <\/div>\n\n  <\/div><\/div>\n\n\n<div class=\"container-md spacer  \">\n<div style=\"height:50px\" aria-hidden=\"true\" class=\"wp-block-spacer\"><\/div>\n<\/div>","protected":false},"excerpt":{"rendered":"<p>Koble sammen mennesker, utstyr og systemer fra fabrikkgulv til sky.<\/p>\n","protected":false},"author":7,"featured_media":0,"parent":0,"menu_order":0,"comment_status":"closed","ping_status":"closed","template":"","meta":{"_acf_changed":false,"_relevanssi_hide_post":"","_relevanssi_pin_for_all":"","_relevanssi_pin_keywords":"","_relevanssi_unpin_keywords":"","_relevanssi_related_keywords":"","_relevanssi_related_include_ids":"","_relevanssi_related_exclude_ids":"","_relevanssi_related_no_append":"","_relevanssi_related_not_related":"","_relevanssi_related_posts":"1","_relevanssi_noindex_reason":"","footnotes":""},"class_list":["post-2542","page","type-page","status-publish","hentry"],"acf":[],"yoast_head":"<!-- This site is optimized with the Yoast SEO plugin v27.4 - https:\/\/yoast.com\/product\/yoast-seo-wordpress\/ -->\n<title>Connect - Novotek Norge<\/title>\n<meta name=\"description\" content=\"Connect: Benytt v\u00e5re l\u00f8sninger til \u00e5 koble sammen dine industrielle systemer, prosesser, produkter og mennesker fra fabrikkgulv til sky.\" \/>\n<meta name=\"robots\" content=\"index, follow, max-snippet:-1, max-image-preview:large, max-video-preview:-1\" \/>\n<link rel=\"canonical\" href=\"https:\/\/www.novotek.com\/no\/connect\/\" \/>\n<meta property=\"og:locale\" content=\"nb_NO\" \/>\n<meta property=\"og:type\" content=\"article\" \/>\n<meta property=\"og:title\" content=\"Connect - Novotek Norge\" \/>\n<meta property=\"og:description\" content=\"Connect: Benytt v\u00e5re l\u00f8sninger til \u00e5 koble sammen dine industrielle systemer, prosesser, produkter og mennesker fra fabrikkgulv til sky.\" \/>\n<meta property=\"og:url\" content=\"https:\/\/www.novotek.com\/no\/connect\/\" \/>\n<meta property=\"og:site_name\" content=\"Novotek Norge\" \/>\n<meta property=\"article:modified_time\" content=\"2022-02-25T12:55:09+00:00\" \/>\n<meta property=\"og:image\" content=\"https:\/\/www.novotek.com\/no\/wp-content\/uploads\/sites\/5\/Automasjon\/OPC\/Novotek_OPC_grafikk-1024x640.png\" \/>\n<meta name=\"twitter:card\" content=\"summary_large_image\" \/>\n<meta name=\"twitter:label1\" content=\"Ansl. lesetid\" \/>\n\t<meta name=\"twitter:data1\" content=\"4 minutter\" \/>\n<script type=\"application\/ld+json\" class=\"yoast-schema-graph\">{\"@context\":\"https:\\\/\\\/schema.org\",\"@graph\":[{\"@type\":\"WebPage\",\"@id\":\"https:\\\/\\\/www.novotek.com\\\/no\\\/connect\\\/\",\"url\":\"https:\\\/\\\/www.novotek.com\\\/no\\\/connect\\\/\",\"name\":\"Connect - Novotek Norge\",\"isPartOf\":{\"@id\":\"https:\\\/\\\/www.novotek.com\\\/no\\\/#website\"},\"primaryImageOfPage\":{\"@id\":\"https:\\\/\\\/www.novotek.com\\\/no\\\/connect\\\/#primaryimage\"},\"image\":{\"@id\":\"https:\\\/\\\/www.novotek.com\\\/no\\\/connect\\\/#primaryimage\"},\"thumbnailUrl\":\"https:\\\/\\\/www.novotek.com\\\/no\\\/wp-content\\\/uploads\\\/sites\\\/5\\\/Automasjon\\\/OPC\\\/Novotek_OPC_grafikk-1024x640.png\",\"datePublished\":\"2021-07-08T06:28:33+00:00\",\"dateModified\":\"2022-02-25T12:55:09+00:00\",\"description\":\"Connect: Benytt v\u00e5re l\u00f8sninger til \u00e5 koble sammen dine industrielle systemer, prosesser, produkter og mennesker fra fabrikkgulv til sky.\",\"breadcrumb\":{\"@id\":\"https:\\\/\\\/www.novotek.com\\\/no\\\/connect\\\/#breadcrumb\"},\"inLanguage\":\"nb-NO\",\"potentialAction\":[{\"@type\":\"ReadAction\",\"target\":[\"https:\\\/\\\/www.novotek.com\\\/no\\\/connect\\\/\"]}]},{\"@type\":\"ImageObject\",\"inLanguage\":\"nb-NO\",\"@id\":\"https:\\\/\\\/www.novotek.com\\\/no\\\/connect\\\/#primaryimage\",\"url\":\"https:\\\/\\\/www.novotek.com\\\/no\\\/wp-content\\\/uploads\\\/sites\\\/5\\\/Automasjon\\\/OPC\\\/Novotek_OPC_grafikk.png\",\"contentUrl\":\"https:\\\/\\\/www.novotek.com\\\/no\\\/wp-content\\\/uploads\\\/sites\\\/5\\\/Automasjon\\\/OPC\\\/Novotek_OPC_grafikk.png\",\"width\":1920,\"height\":1200,\"caption\":\"Grafikk som viser funksjonaliteten til en OPC-kommunikasjonsplattform. Connect.\"},{\"@type\":\"BreadcrumbList\",\"@id\":\"https:\\\/\\\/www.novotek.com\\\/no\\\/connect\\\/#breadcrumb\",\"itemListElement\":[{\"@type\":\"ListItem\",\"position\":1,\"name\":\"Home\",\"item\":\"https:\\\/\\\/www.novotek.com\\\/no\\\/\"},{\"@type\":\"ListItem\",\"position\":2,\"name\":\"Connect\"}]},{\"@type\":\"WebSite\",\"@id\":\"https:\\\/\\\/www.novotek.com\\\/no\\\/#website\",\"url\":\"https:\\\/\\\/www.novotek.com\\\/no\\\/\",\"name\":\"Novotek Norge\",\"description\":\"Automasjon, digitalisering og Analytics\",\"publisher\":{\"@id\":\"https:\\\/\\\/www.novotek.com\\\/no\\\/#organization\"},\"potentialAction\":[{\"@type\":\"SearchAction\",\"target\":{\"@type\":\"EntryPoint\",\"urlTemplate\":\"https:\\\/\\\/www.novotek.com\\\/no\\\/?s={search_term_string}\"},\"query-input\":{\"@type\":\"PropertyValueSpecification\",\"valueRequired\":true,\"valueName\":\"search_term_string\"}}],\"inLanguage\":\"nb-NO\"},{\"@type\":\"Organization\",\"@id\":\"https:\\\/\\\/www.novotek.com\\\/no\\\/#organization\",\"name\":\"Novotek AS\",\"url\":\"https:\\\/\\\/www.novotek.com\\\/no\\\/\",\"logo\":{\"@type\":\"ImageObject\",\"inLanguage\":\"nb-NO\",\"@id\":\"https:\\\/\\\/www.novotek.com\\\/no\\\/#\\\/schema\\\/logo\\\/image\\\/\",\"url\":\"https:\\\/\\\/www.novotek.com\\\/no\\\/wp-content\\\/uploads\\\/sites\\\/5\\\/Forside\\\/Novotek_logo.png\",\"contentUrl\":\"https:\\\/\\\/www.novotek.com\\\/no\\\/wp-content\\\/uploads\\\/sites\\\/5\\\/Forside\\\/Novotek_logo.png\",\"width\":1200,\"height\":348,\"caption\":\"Novotek AS\"},\"image\":{\"@id\":\"https:\\\/\\\/www.novotek.com\\\/no\\\/#\\\/schema\\\/logo\\\/image\\\/\"},\"sameAs\":[\"https:\\\/\\\/www.linkedin.com\\\/company\\\/novotek-as\"]}]}<\/script>\n<!-- \/ Yoast SEO plugin. -->","yoast_head_json":{"title":"Connect - Novotek Norge","description":"Connect: Benytt v\u00e5re l\u00f8sninger til \u00e5 koble sammen dine industrielle systemer, prosesser, produkter og mennesker fra fabrikkgulv til sky.","robots":{"index":"index","follow":"follow","max-snippet":"max-snippet:-1","max-image-preview":"max-image-preview:large","max-video-preview":"max-video-preview:-1"},"canonical":"https:\/\/www.novotek.com\/no\/connect\/","og_locale":"nb_NO","og_type":"article","og_title":"Connect - Novotek Norge","og_description":"Connect: Benytt v\u00e5re l\u00f8sninger til \u00e5 koble sammen dine industrielle systemer, prosesser, produkter og mennesker fra fabrikkgulv til sky.","og_url":"https:\/\/www.novotek.com\/no\/connect\/","og_site_name":"Novotek Norge","article_modified_time":"2022-02-25T12:55:09+00:00","og_image":[{"url":"https:\/\/www.novotek.com\/no\/wp-content\/uploads\/sites\/5\/Automasjon\/OPC\/Novotek_OPC_grafikk-1024x640.png","type":"","width":"","height":""}],"twitter_card":"summary_large_image","twitter_misc":{"Ansl. lesetid":"4 minutter"},"schema":{"@context":"https:\/\/schema.org","@graph":[{"@type":"WebPage","@id":"https:\/\/www.novotek.com\/no\/connect\/","url":"https:\/\/www.novotek.com\/no\/connect\/","name":"Connect - Novotek Norge","isPartOf":{"@id":"https:\/\/www.novotek.com\/no\/#website"},"primaryImageOfPage":{"@id":"https:\/\/www.novotek.com\/no\/connect\/#primaryimage"},"image":{"@id":"https:\/\/www.novotek.com\/no\/connect\/#primaryimage"},"thumbnailUrl":"https:\/\/www.novotek.com\/no\/wp-content\/uploads\/sites\/5\/Automasjon\/OPC\/Novotek_OPC_grafikk-1024x640.png","datePublished":"2021-07-08T06:28:33+00:00","dateModified":"2022-02-25T12:55:09+00:00","description":"Connect: Benytt v\u00e5re l\u00f8sninger til \u00e5 koble sammen dine industrielle systemer, prosesser, produkter og mennesker fra fabrikkgulv til sky.","breadcrumb":{"@id":"https:\/\/www.novotek.com\/no\/connect\/#breadcrumb"},"inLanguage":"nb-NO","potentialAction":[{"@type":"ReadAction","target":["https:\/\/www.novotek.com\/no\/connect\/"]}]},{"@type":"ImageObject","inLanguage":"nb-NO","@id":"https:\/\/www.novotek.com\/no\/connect\/#primaryimage","url":"https:\/\/www.novotek.com\/no\/wp-content\/uploads\/sites\/5\/Automasjon\/OPC\/Novotek_OPC_grafikk.png","contentUrl":"https:\/\/www.novotek.com\/no\/wp-content\/uploads\/sites\/5\/Automasjon\/OPC\/Novotek_OPC_grafikk.png","width":1920,"height":1200,"caption":"Grafikk som viser funksjonaliteten til en OPC-kommunikasjonsplattform. Connect."},{"@type":"BreadcrumbList","@id":"https:\/\/www.novotek.com\/no\/connect\/#breadcrumb","itemListElement":[{"@type":"ListItem","position":1,"name":"Home","item":"https:\/\/www.novotek.com\/no\/"},{"@type":"ListItem","position":2,"name":"Connect"}]},{"@type":"WebSite","@id":"https:\/\/www.novotek.com\/no\/#website","url":"https:\/\/www.novotek.com\/no\/","name":"Novotek Norge","description":"Automasjon, digitalisering og Analytics","publisher":{"@id":"https:\/\/www.novotek.com\/no\/#organization"},"potentialAction":[{"@type":"SearchAction","target":{"@type":"EntryPoint","urlTemplate":"https:\/\/www.novotek.com\/no\/?s={search_term_string}"},"query-input":{"@type":"PropertyValueSpecification","valueRequired":true,"valueName":"search_term_string"}}],"inLanguage":"nb-NO"},{"@type":"Organization","@id":"https:\/\/www.novotek.com\/no\/#organization","name":"Novotek AS","url":"https:\/\/www.novotek.com\/no\/","logo":{"@type":"ImageObject","inLanguage":"nb-NO","@id":"https:\/\/www.novotek.com\/no\/#\/schema\/logo\/image\/","url":"https:\/\/www.novotek.com\/no\/wp-content\/uploads\/sites\/5\/Forside\/Novotek_logo.png","contentUrl":"https:\/\/www.novotek.com\/no\/wp-content\/uploads\/sites\/5\/Forside\/Novotek_logo.png","width":1200,"height":348,"caption":"Novotek AS"},"image":{"@id":"https:\/\/www.novotek.com\/no\/#\/schema\/logo\/image\/"},"sameAs":["https:\/\/www.linkedin.com\/company\/novotek-as"]}]}},"_links":{"self":[{"href":"https:\/\/www.novotek.com\/no\/wp-json\/wp\/v2\/pages\/2542","targetHints":{"allow":["GET"]}}],"collection":[{"href":"https:\/\/www.novotek.com\/no\/wp-json\/wp\/v2\/pages"}],"about":[{"href":"https:\/\/www.novotek.com\/no\/wp-json\/wp\/v2\/types\/page"}],"author":[{"embeddable":true,"href":"https:\/\/www.novotek.com\/no\/wp-json\/wp\/v2\/users\/7"}],"replies":[{"embeddable":true,"href":"https:\/\/www.novotek.com\/no\/wp-json\/wp\/v2\/comments?post=2542"}],"version-history":[{"count":71,"href":"https:\/\/www.novotek.com\/no\/wp-json\/wp\/v2\/pages\/2542\/revisions"}],"predecessor-version":[{"id":6658,"href":"https:\/\/www.novotek.com\/no\/wp-json\/wp\/v2\/pages\/2542\/revisions\/6658"}],"wp:attachment":[{"href":"https:\/\/www.novotek.com\/no\/wp-json\/wp\/v2\/media?parent=2542"}],"curies":[{"name":"wp","href":"https:\/\/api.w.org\/{rel}","templated":true}]}}