{"id":258,"date":"2021-05-21T11:21:29","date_gmt":"2021-05-21T11:21:29","guid":{"rendered":"https:\/\/www.novotek.com\/no\/?page_id=258"},"modified":"2025-08-29T08:24:14","modified_gmt":"2025-08-29T08:24:14","slug":"automasjon","status":"publish","type":"page","link":"https:\/\/www.novotek.com\/no\/automasjon\/","title":{"rendered":"Automasjon"},"content":{"rendered":"  <div class=\"hero\">\n    <div class=\"carousel hero-slider small\" data-flickity data-flickity-options='{\"prevNextButtons\": false}'>\n              <div class=\"carousel-cell\">\n          <div class=\"container\">\n            <div class=\"hero-content\">\n                              <h1>Automasjon<\/h1>\n<p>Novotek har v\u00e6rt leverand\u00f8r av l\u00f8sninger innen automasjon siden v\u00e5r oppstart i 1986. Vi tilbyr et bredt spekter av HMI\/SCADA-systemer, OPC-kommunikasjonsplattformer, styresystemer og versjonskontroll. V\u00e5re leverand\u00f8rer, GE Vernova, AMDT, Kepware, Inray og Emerson er alle markedsledende produsenter av systemer spesielt utviklet for industriell produksjon.<\/p>\n<p>V\u00e5re automasjonsl\u00f8sninger hjelper deg f\u00e5 bedre oversikt og kontroll over din produksjonsbedrift, med innsiktene du trenger for \u00e5 \u00f8ke produktiviteten og redusere kostnader.<\/p>\n              \n                          <\/div>\n          <\/div>\n\n          <img decoding=\"async\" width=\"1024\" height=\"427\" src=\"https:\/\/www.novotek.com\/no\/wp-content\/uploads\/sites\/5\/Automasjon\/Novotek_automasjon_duotone_1920x800-1024x427.jpg\" class=\"hero-bg\" alt=\"Hero Img\" fetchpriority=\"high\" srcset=\"https:\/\/www.novotek.com\/no\/wp-content\/uploads\/sites\/5\/Automasjon\/Novotek_automasjon_duotone_1920x800-1024x427.jpg 1024w, https:\/\/www.novotek.com\/no\/wp-content\/uploads\/sites\/5\/Automasjon\/Novotek_automasjon_duotone_1920x800-300x125.jpg 300w, https:\/\/www.novotek.com\/no\/wp-content\/uploads\/sites\/5\/Automasjon\/Novotek_automasjon_duotone_1920x800-768x320.jpg 768w, https:\/\/www.novotek.com\/no\/wp-content\/uploads\/sites\/5\/Automasjon\/Novotek_automasjon_duotone_1920x800-1536x640.jpg 1536w, https:\/\/www.novotek.com\/no\/wp-content\/uploads\/sites\/5\/Automasjon\/Novotek_automasjon_duotone_1920x800.jpg 1920w\" sizes=\"(max-width: 1024px) 100vw, 1024px\" \/>                  <\/div>\n          <\/div>\n\n      <\/div>\n\n   <div class=\"floating-breadcrumb\"><div class=\"container\"><span><span><a href=\"https:\/\/www.novotek.com\/no\/\" class=\"breadcrumb-frontpage\">Home<\/a><\/span><\/span><\/div><\/div>\n\n\n<div class=\"posts-columns \">\n  <div class=\"container\">\n  <div class=\"row\">\n    <div class=\"col-12 col-md-4\">\n<article class=\"basic \">\n    <div class=\"image\">\n      <a href=\"https:\/\/www.novotek.com\/no\/automasjon\/scada\/\">\n                  <img loading=\"lazy\" decoding=\"async\" width=\"306\" height=\"204\" src=\"https:\/\/www.novotek.com\/no\/wp-content\/uploads\/sites\/5\/Automasjon\/Novotek_Automasjon_HMISCADA_duotone.png\" class=\"attachment-sm size-sm\" alt=\"Kvinne og mann p\u00e5 gulvet i produksjonsfabrikk.\" srcset=\"https:\/\/www.novotek.com\/no\/wp-content\/uploads\/sites\/5\/Automasjon\/Novotek_Automasjon_HMISCADA_duotone.png 1500w, https:\/\/www.novotek.com\/no\/wp-content\/uploads\/sites\/5\/Automasjon\/Novotek_Automasjon_HMISCADA_duotone-300x200.png 300w, https:\/\/www.novotek.com\/no\/wp-content\/uploads\/sites\/5\/Automasjon\/Novotek_Automasjon_HMISCADA_duotone-1024x683.png 1024w, https:\/\/www.novotek.com\/no\/wp-content\/uploads\/sites\/5\/Automasjon\/Novotek_Automasjon_HMISCADA_duotone-768x513.png 768w\" sizes=\"auto, (max-width: 306px) 100vw, 306px\" \/>              <\/a>\n    <\/div>\n\n    <div>\n              <h4>HMI\/SCADA<\/h4>\n      \n              <p>HMI\/SCADA er et kjent begrep innen automasjon og industriell produksjon. Systemet lar operat\u00f8rer overv\u00e5ke, kontrollere og visualisere alle aspekter av driften.<\/p>\n      \n      <div>\n        <a href=\"https:\/\/www.novotek.com\/no\/automasjon\/scada\/\">\n          Les mer        <\/a>\n      <\/div>\n    <\/div>\n<\/article>\n<\/div><div class=\"col-12 col-md-4\">\n<article class=\"basic \">\n    <div class=\"image\">\n      <a href=\"https:\/\/www.novotek.com\/no\/automasjon\/opc-industriell-kommunikasjon\/\">\n                  <img loading=\"lazy\" decoding=\"async\" width=\"306\" height=\"128\" src=\"https:\/\/www.novotek.com\/no\/wp-content\/uploads\/sites\/5\/Automasjon\/OPC\/OPC_Connectivity_1920x800.jpg\" class=\"attachment-sm size-sm\" alt=\"Illustrasjon av kommunikasjon mellom ulike systemer\" srcset=\"https:\/\/www.novotek.com\/no\/wp-content\/uploads\/sites\/5\/Automasjon\/OPC\/OPC_Connectivity_1920x800.jpg 1920w, https:\/\/www.novotek.com\/no\/wp-content\/uploads\/sites\/5\/Automasjon\/OPC\/OPC_Connectivity_1920x800-300x125.jpg 300w, https:\/\/www.novotek.com\/no\/wp-content\/uploads\/sites\/5\/Automasjon\/OPC\/OPC_Connectivity_1920x800-1024x427.jpg 1024w, https:\/\/www.novotek.com\/no\/wp-content\/uploads\/sites\/5\/Automasjon\/OPC\/OPC_Connectivity_1920x800-768x320.jpg 768w, https:\/\/www.novotek.com\/no\/wp-content\/uploads\/sites\/5\/Automasjon\/OPC\/OPC_Connectivity_1920x800-1536x640.jpg 1536w\" sizes=\"auto, (max-width: 306px) 100vw, 306px\" \/>              <\/a>\n    <\/div>\n\n    <div>\n              <h4>OPC &#8211; Industriell kommunikasjon<\/h4>\n      \n              <p>F\u00e5 bedre kommunikasjonsflyt mellom enheter og systemer fra ulike leverand\u00f8rer med OPC.<\/p>\n      \n      <div>\n        <a href=\"https:\/\/www.novotek.com\/no\/automasjon\/opc-industriell-kommunikasjon\/\">\n          Les mer        <\/a>\n      <\/div>\n    <\/div>\n<\/article>\n<\/div><div class=\"col-12 col-md-4\">\n<article class=\"basic \">\n    <div class=\"image\">\n      <a href=\"https:\/\/www.novotek.com\/no\/automasjon\/versjonskontroll\/\">\n                  <img loading=\"lazy\" decoding=\"async\" width=\"306\" height=\"198\" src=\"https:\/\/www.novotek.com\/no\/wp-content\/uploads\/sites\/5\/Automasjon\/Versjonskontroll\/Automasjon_versjonskontroll_duotone.jpg\" class=\"attachment-sm size-sm\" alt=\"Konsentrert mann benytter versjonskontroll p\u00e5 PC.\" srcset=\"https:\/\/www.novotek.com\/no\/wp-content\/uploads\/sites\/5\/Automasjon\/Versjonskontroll\/Automasjon_versjonskontroll_duotone.jpg 870w, https:\/\/www.novotek.com\/no\/wp-content\/uploads\/sites\/5\/Automasjon\/Versjonskontroll\/Automasjon_versjonskontroll_duotone-300x194.jpg 300w, https:\/\/www.novotek.com\/no\/wp-content\/uploads\/sites\/5\/Automasjon\/Versjonskontroll\/Automasjon_versjonskontroll_duotone-768x497.jpg 768w\" sizes=\"auto, (max-width: 306px) 100vw, 306px\" \/>              <\/a>\n    <\/div>\n\n    <div>\n              <h4>Versjonskontroll og OT-sikkerhet<\/h4>\n      \n              <p>F\u00e5 automatisk backup av automasjonsl\u00f8sningene dine med versjonskontroll.<\/p>\n      \n      <div>\n        <a href=\"https:\/\/www.novotek.com\/no\/automasjon\/versjonskontroll\/\">\n          Les mer        <\/a>\n      <\/div>\n    <\/div>\n<\/article>\n<\/div><div class=\"col-12 col-md-4\">\n<article class=\"basic \">\n    <div class=\"image\">\n      <a href=\"https:\/\/www.novotek.com\/no\/automasjon\/pls-og-styresystemer\/\">\n                  <img loading=\"lazy\" decoding=\"async\" width=\"306\" height=\"204\" src=\"https:\/\/www.novotek.com\/no\/wp-content\/uploads\/sites\/5\/Automasjon\/Automasjon_PLS_og_styresystemer_duotone.jpg\" class=\"attachment-sm size-sm\" alt=\"Mann og kvinne ser inn i skap med PLSer og styresystemer.\" srcset=\"https:\/\/www.novotek.com\/no\/wp-content\/uploads\/sites\/5\/Automasjon\/Automasjon_PLS_og_styresystemer_duotone.jpg 844w, https:\/\/www.novotek.com\/no\/wp-content\/uploads\/sites\/5\/Automasjon\/Automasjon_PLS_og_styresystemer_duotone-300x200.jpg 300w, https:\/\/www.novotek.com\/no\/wp-content\/uploads\/sites\/5\/Automasjon\/Automasjon_PLS_og_styresystemer_duotone-768x512.jpg 768w\" sizes=\"auto, (max-width: 306px) 100vw, 306px\" \/>              <\/a>\n    <\/div>\n\n    <div>\n              <h4>PLS og styresystemer<\/h4>\n      \n              <p>Et styresystem, ogs\u00e5 kalt kontrollsystem, styrer maskiner, systemer og prosesser. Systemet s\u00f8rger for optimalisering og \u00f8kt ytelse av industrielle operasjoner.<\/p>\n      \n      <div>\n        <a href=\"https:\/\/www.novotek.com\/no\/automasjon\/pls-og-styresystemer\/\">\n          Les mer        <\/a>\n      <\/div>\n    <\/div>\n<\/article>\n<\/div>  <\/div>\n\n  <\/div><\/div>\n","protected":false},"excerpt":{"rendered":"<p>HMI\/SCADA, OPC, styresystemer og versjonskontroll. Se v\u00e5re  automasjonsl\u00f8sninger fra verdensledende akt\u00f8rer innen industriell produksjon.<\/p>\n","protected":false},"author":7,"featured_media":0,"parent":0,"menu_order":0,"comment_status":"closed","ping_status":"closed","template":"","meta":{"_acf_changed":false,"_relevanssi_hide_post":"","_relevanssi_pin_for_all":"","_relevanssi_pin_keywords":"","_relevanssi_unpin_keywords":"","_relevanssi_related_keywords":"","_relevanssi_related_include_ids":"","_relevanssi_related_exclude_ids":"","_relevanssi_related_no_append":"","_relevanssi_related_not_related":"","_relevanssi_related_posts":"1","_relevanssi_noindex_reason":"","footnotes":""},"class_list":["post-258","page","type-page","status-publish","hentry"],"acf":[],"yoast_head":"<!-- This site is optimized with the Yoast SEO plugin v27.4 - https:\/\/yoast.com\/product\/yoast-seo-wordpress\/ -->\n<title>Automasjon - Novotek Norge<\/title>\n<meta name=\"description\" content=\"Novotek er leverand\u00f8r av HMI\/SCADA-systemer, OPC-kommunikasjonsplattformer, styresystemer og versjonskontroll fra verdensledende akt\u00f8rer innen automasjon.\" \/>\n<meta name=\"robots\" content=\"index, follow, max-snippet:-1, max-image-preview:large, max-video-preview:-1\" \/>\n<link rel=\"canonical\" href=\"https:\/\/www.novotek.com\/no\/automasjon\/\" \/>\n<meta property=\"og:locale\" content=\"nb_NO\" \/>\n<meta property=\"og:type\" content=\"article\" \/>\n<meta property=\"og:title\" content=\"Automasjon - Novotek Norge\" \/>\n<meta property=\"og:description\" content=\"Novotek er leverand\u00f8r av HMI\/SCADA-systemer, OPC-kommunikasjonsplattformer, styresystemer og versjonskontroll fra verdensledende akt\u00f8rer innen automasjon.\" \/>\n<meta property=\"og:url\" content=\"https:\/\/www.novotek.com\/no\/automasjon\/\" \/>\n<meta property=\"og:site_name\" content=\"Novotek Norge\" \/>\n<meta property=\"article:modified_time\" content=\"2025-08-29T08:24:14+00:00\" \/>\n<meta name=\"twitter:card\" content=\"summary_large_image\" \/>\n<script type=\"application\/ld+json\" class=\"yoast-schema-graph\">{\"@context\":\"https:\\\/\\\/schema.org\",\"@graph\":[{\"@type\":\"WebPage\",\"@id\":\"https:\\\/\\\/www.novotek.com\\\/no\\\/automasjon\\\/\",\"url\":\"https:\\\/\\\/www.novotek.com\\\/no\\\/automasjon\\\/\",\"name\":\"Automasjon - Novotek Norge\",\"isPartOf\":{\"@id\":\"https:\\\/\\\/www.novotek.com\\\/no\\\/#website\"},\"datePublished\":\"2021-05-21T11:21:29+00:00\",\"dateModified\":\"2025-08-29T08:24:14+00:00\",\"description\":\"Novotek er leverand\u00f8r av HMI\\\/SCADA-systemer, OPC-kommunikasjonsplattformer, styresystemer og versjonskontroll fra verdensledende akt\u00f8rer innen automasjon.\",\"breadcrumb\":{\"@id\":\"https:\\\/\\\/www.novotek.com\\\/no\\\/automasjon\\\/#breadcrumb\"},\"inLanguage\":\"nb-NO\",\"potentialAction\":[{\"@type\":\"ReadAction\",\"target\":[\"https:\\\/\\\/www.novotek.com\\\/no\\\/automasjon\\\/\"]}]},{\"@type\":\"BreadcrumbList\",\"@id\":\"https:\\\/\\\/www.novotek.com\\\/no\\\/automasjon\\\/#breadcrumb\",\"itemListElement\":[{\"@type\":\"ListItem\",\"position\":1,\"name\":\"Home\",\"item\":\"https:\\\/\\\/www.novotek.com\\\/no\\\/\"},{\"@type\":\"ListItem\",\"position\":2,\"name\":\"Automasjon\"}]},{\"@type\":\"WebSite\",\"@id\":\"https:\\\/\\\/www.novotek.com\\\/no\\\/#website\",\"url\":\"https:\\\/\\\/www.novotek.com\\\/no\\\/\",\"name\":\"Novotek Norge\",\"description\":\"Automasjon, digitalisering og Analytics\",\"publisher\":{\"@id\":\"https:\\\/\\\/www.novotek.com\\\/no\\\/#organization\"},\"potentialAction\":[{\"@type\":\"SearchAction\",\"target\":{\"@type\":\"EntryPoint\",\"urlTemplate\":\"https:\\\/\\\/www.novotek.com\\\/no\\\/?s={search_term_string}\"},\"query-input\":{\"@type\":\"PropertyValueSpecification\",\"valueRequired\":true,\"valueName\":\"search_term_string\"}}],\"inLanguage\":\"nb-NO\"},{\"@type\":\"Organization\",\"@id\":\"https:\\\/\\\/www.novotek.com\\\/no\\\/#organization\",\"name\":\"Novotek AS\",\"url\":\"https:\\\/\\\/www.novotek.com\\\/no\\\/\",\"logo\":{\"@type\":\"ImageObject\",\"inLanguage\":\"nb-NO\",\"@id\":\"https:\\\/\\\/www.novotek.com\\\/no\\\/#\\\/schema\\\/logo\\\/image\\\/\",\"url\":\"https:\\\/\\\/www.novotek.com\\\/no\\\/wp-content\\\/uploads\\\/sites\\\/5\\\/Forside\\\/Novotek_logo.png\",\"contentUrl\":\"https:\\\/\\\/www.novotek.com\\\/no\\\/wp-content\\\/uploads\\\/sites\\\/5\\\/Forside\\\/Novotek_logo.png\",\"width\":1200,\"height\":348,\"caption\":\"Novotek AS\"},\"image\":{\"@id\":\"https:\\\/\\\/www.novotek.com\\\/no\\\/#\\\/schema\\\/logo\\\/image\\\/\"},\"sameAs\":[\"https:\\\/\\\/www.linkedin.com\\\/company\\\/novotek-as\"]}]}<\/script>\n<!-- \/ Yoast SEO plugin. -->","yoast_head_json":{"title":"Automasjon - Novotek Norge","description":"Novotek er leverand\u00f8r av HMI\/SCADA-systemer, OPC-kommunikasjonsplattformer, styresystemer og versjonskontroll fra verdensledende akt\u00f8rer innen automasjon.","robots":{"index":"index","follow":"follow","max-snippet":"max-snippet:-1","max-image-preview":"max-image-preview:large","max-video-preview":"max-video-preview:-1"},"canonical":"https:\/\/www.novotek.com\/no\/automasjon\/","og_locale":"nb_NO","og_type":"article","og_title":"Automasjon - Novotek Norge","og_description":"Novotek er leverand\u00f8r av HMI\/SCADA-systemer, OPC-kommunikasjonsplattformer, styresystemer og versjonskontroll fra verdensledende akt\u00f8rer innen automasjon.","og_url":"https:\/\/www.novotek.com\/no\/automasjon\/","og_site_name":"Novotek Norge","article_modified_time":"2025-08-29T08:24:14+00:00","twitter_card":"summary_large_image","schema":{"@context":"https:\/\/schema.org","@graph":[{"@type":"WebPage","@id":"https:\/\/www.novotek.com\/no\/automasjon\/","url":"https:\/\/www.novotek.com\/no\/automasjon\/","name":"Automasjon - Novotek Norge","isPartOf":{"@id":"https:\/\/www.novotek.com\/no\/#website"},"datePublished":"2021-05-21T11:21:29+00:00","dateModified":"2025-08-29T08:24:14+00:00","description":"Novotek er leverand\u00f8r av HMI\/SCADA-systemer, OPC-kommunikasjonsplattformer, styresystemer og versjonskontroll fra verdensledende akt\u00f8rer innen automasjon.","breadcrumb":{"@id":"https:\/\/www.novotek.com\/no\/automasjon\/#breadcrumb"},"inLanguage":"nb-NO","potentialAction":[{"@type":"ReadAction","target":["https:\/\/www.novotek.com\/no\/automasjon\/"]}]},{"@type":"BreadcrumbList","@id":"https:\/\/www.novotek.com\/no\/automasjon\/#breadcrumb","itemListElement":[{"@type":"ListItem","position":1,"name":"Home","item":"https:\/\/www.novotek.com\/no\/"},{"@type":"ListItem","position":2,"name":"Automasjon"}]},{"@type":"WebSite","@id":"https:\/\/www.novotek.com\/no\/#website","url":"https:\/\/www.novotek.com\/no\/","name":"Novotek Norge","description":"Automasjon, digitalisering og Analytics","publisher":{"@id":"https:\/\/www.novotek.com\/no\/#organization"},"potentialAction":[{"@type":"SearchAction","target":{"@type":"EntryPoint","urlTemplate":"https:\/\/www.novotek.com\/no\/?s={search_term_string}"},"query-input":{"@type":"PropertyValueSpecification","valueRequired":true,"valueName":"search_term_string"}}],"inLanguage":"nb-NO"},{"@type":"Organization","@id":"https:\/\/www.novotek.com\/no\/#organization","name":"Novotek AS","url":"https:\/\/www.novotek.com\/no\/","logo":{"@type":"ImageObject","inLanguage":"nb-NO","@id":"https:\/\/www.novotek.com\/no\/#\/schema\/logo\/image\/","url":"https:\/\/www.novotek.com\/no\/wp-content\/uploads\/sites\/5\/Forside\/Novotek_logo.png","contentUrl":"https:\/\/www.novotek.com\/no\/wp-content\/uploads\/sites\/5\/Forside\/Novotek_logo.png","width":1200,"height":348,"caption":"Novotek AS"},"image":{"@id":"https:\/\/www.novotek.com\/no\/#\/schema\/logo\/image\/"},"sameAs":["https:\/\/www.linkedin.com\/company\/novotek-as"]}]}},"_links":{"self":[{"href":"https:\/\/www.novotek.com\/no\/wp-json\/wp\/v2\/pages\/258","targetHints":{"allow":["GET"]}}],"collection":[{"href":"https:\/\/www.novotek.com\/no\/wp-json\/wp\/v2\/pages"}],"about":[{"href":"https:\/\/www.novotek.com\/no\/wp-json\/wp\/v2\/types\/page"}],"author":[{"embeddable":true,"href":"https:\/\/www.novotek.com\/no\/wp-json\/wp\/v2\/users\/7"}],"replies":[{"embeddable":true,"href":"https:\/\/www.novotek.com\/no\/wp-json\/wp\/v2\/comments?post=258"}],"version-history":[{"count":70,"href":"https:\/\/www.novotek.com\/no\/wp-json\/wp\/v2\/pages\/258\/revisions"}],"predecessor-version":[{"id":16539,"href":"https:\/\/www.novotek.com\/no\/wp-json\/wp\/v2\/pages\/258\/revisions\/16539"}],"wp:attachment":[{"href":"https:\/\/www.novotek.com\/no\/wp-json\/wp\/v2\/media?parent=258"}],"curies":[{"name":"wp","href":"https:\/\/api.w.org\/{rel}","templated":true}]}}