{"id":26,"date":"2021-04-06T13:46:34","date_gmt":"2021-04-06T13:46:34","guid":{"rendered":"https:\/\/www.novotek.com\/no\/?page_id=26"},"modified":"2026-01-12T12:37:17","modified_gmt":"2026-01-12T12:37:17","slug":"contact-us","status":"publish","type":"page","link":"https:\/\/www.novotek.com\/no\/contact-us\/","title":{"rendered":"Kontakt oss"},"content":{"rendered":"<div class=\"container-md heading  \">\n<h1 class=\"wp-block-heading\">Kontakt oss <\/h1>\n<\/div>\n\n<div class=\"container-md paragraph  \">\n<p>Novotek AS har kontorer i Larvik, og leverer l\u00f8sninger og produkter til hele landet. V\u00e5re selgere og teknikere er spesialister innen industrielle l\u00f8sninger, og tilgjengelige for \u00e5 hjelpe din bedrift optimalisere produksjonen. Har du sp\u00f8rsm\u00e5l om Novotek eller v\u00e5re l\u00f8sninger? Vi vil gjerne prate med deg!<\/p>\n<\/div>","protected":false},"excerpt":{"rendered":"<p>Kontakt oss Novotek AS har kontorer i Larvik, og leverer l\u00f8sninger og produkter til hele landet. V\u00e5re selgere og teknikere er spesialister innen industrielle l\u00f8sninger, og tilgjengelige for \u00e5 hjelpe din bedrift optimalisere produksjonen. Har du sp\u00f8rsm\u00e5l om Novotek eller v\u00e5re l\u00f8sninger? Vi vil gjerne prate med deg!<\/p>\n","protected":false},"author":1,"featured_media":3928,"parent":0,"menu_order":0,"comment_status":"closed","ping_status":"closed","template":"page-templates\/contact.php","meta":{"_acf_changed":false,"_relevanssi_hide_post":"","_relevanssi_pin_for_all":"","_relevanssi_pin_keywords":"","_relevanssi_unpin_keywords":"","_relevanssi_related_keywords":"","_relevanssi_related_include_ids":"","_relevanssi_related_exclude_ids":"","_relevanssi_related_no_append":"","_relevanssi_related_not_related":"","_relevanssi_related_posts":"1","_relevanssi_noindex_reason":"","footnotes":""},"class_list":["post-26","page","type-page","status-publish","has-post-thumbnail","hentry"],"acf":[],"yoast_head":"<!-- This site is optimized with the Yoast SEO plugin v27.4 - https:\/\/yoast.com\/product\/yoast-seo-wordpress\/ -->\n<title>Kontakt oss - Novotek Norge<\/title>\n<meta name=\"description\" content=\"Novotek AS har kontorer i Larvik, og leverer l\u00f8sninger og produkter til hele landet. Har du sp\u00f8rsm\u00e5l om Novotek eller v\u00e5re l\u00f8sninger? Kontakt oss!\" \/>\n<meta name=\"robots\" content=\"index, follow, max-snippet:-1, max-image-preview:large, max-video-preview:-1\" \/>\n<link rel=\"canonical\" href=\"https:\/\/www.novotek.com\/no\/contact-us\/\" \/>\n<meta property=\"og:locale\" content=\"nb_NO\" \/>\n<meta property=\"og:type\" content=\"article\" \/>\n<meta property=\"og:title\" content=\"Kontakt oss - Novotek Norge\" \/>\n<meta property=\"og:description\" content=\"Novotek AS har kontorer i Larvik, og leverer l\u00f8sninger og produkter til hele landet. Har du sp\u00f8rsm\u00e5l om Novotek eller v\u00e5re l\u00f8sninger? Kontakt oss!\" \/>\n<meta property=\"og:url\" content=\"https:\/\/www.novotek.com\/no\/contact-us\/\" \/>\n<meta property=\"og:site_name\" content=\"Novotek Norge\" \/>\n<meta property=\"article:modified_time\" content=\"2026-01-12T12:37:17+00:00\" \/>\n<meta property=\"og:image\" content=\"https:\/\/www.novotek.com\/no\/wp-content\/uploads\/sites\/5\/Forside\/Om_oss\/Kontakt_oss_office_1920x800.jpg\" \/>\n\t<meta property=\"og:image:width\" content=\"1920\" \/>\n\t<meta property=\"og:image:height\" content=\"800\" \/>\n\t<meta property=\"og:image:type\" content=\"image\/jpeg\" \/>\n<meta name=\"twitter:card\" content=\"summary_large_image\" \/>\n<meta name=\"twitter:label1\" content=\"Ansl. lesetid\" \/>\n\t<meta name=\"twitter:data1\" content=\"1 minutt\" \/>\n<script type=\"application\/ld+json\" class=\"yoast-schema-graph\">{\"@context\":\"https:\\\/\\\/schema.org\",\"@graph\":[{\"@type\":\"WebPage\",\"@id\":\"https:\\\/\\\/www.novotek.com\\\/no\\\/contact-us\\\/\",\"url\":\"https:\\\/\\\/www.novotek.com\\\/no\\\/contact-us\\\/\",\"name\":\"Kontakt oss - Novotek Norge\",\"isPartOf\":{\"@id\":\"https:\\\/\\\/www.novotek.com\\\/no\\\/#website\"},\"primaryImageOfPage\":{\"@id\":\"https:\\\/\\\/www.novotek.com\\\/no\\\/contact-us\\\/#primaryimage\"},\"image\":{\"@id\":\"https:\\\/\\\/www.novotek.com\\\/no\\\/contact-us\\\/#primaryimage\"},\"thumbnailUrl\":\"https:\\\/\\\/www.novotek.com\\\/no\\\/wp-content\\\/uploads\\\/sites\\\/5\\\/Forside\\\/Om_oss\\\/Kontakt_oss_office_1920x800.jpg\",\"datePublished\":\"2021-04-06T13:46:34+00:00\",\"dateModified\":\"2026-01-12T12:37:17+00:00\",\"description\":\"Novotek AS har kontorer i Larvik, og leverer l\u00f8sninger og produkter til hele landet. Har du sp\u00f8rsm\u00e5l om Novotek eller v\u00e5re l\u00f8sninger? Kontakt oss!\",\"breadcrumb\":{\"@id\":\"https:\\\/\\\/www.novotek.com\\\/no\\\/contact-us\\\/#breadcrumb\"},\"inLanguage\":\"nb-NO\",\"potentialAction\":[{\"@type\":\"ReadAction\",\"target\":[\"https:\\\/\\\/www.novotek.com\\\/no\\\/contact-us\\\/\"]}]},{\"@type\":\"ImageObject\",\"inLanguage\":\"nb-NO\",\"@id\":\"https:\\\/\\\/www.novotek.com\\\/no\\\/contact-us\\\/#primaryimage\",\"url\":\"https:\\\/\\\/www.novotek.com\\\/no\\\/wp-content\\\/uploads\\\/sites\\\/5\\\/Forside\\\/Om_oss\\\/Kontakt_oss_office_1920x800.jpg\",\"contentUrl\":\"https:\\\/\\\/www.novotek.com\\\/no\\\/wp-content\\\/uploads\\\/sites\\\/5\\\/Forside\\\/Om_oss\\\/Kontakt_oss_office_1920x800.jpg\",\"width\":1920,\"height\":800,\"caption\":\"Kontor\"},{\"@type\":\"BreadcrumbList\",\"@id\":\"https:\\\/\\\/www.novotek.com\\\/no\\\/contact-us\\\/#breadcrumb\",\"itemListElement\":[{\"@type\":\"ListItem\",\"position\":1,\"name\":\"Home\",\"item\":\"https:\\\/\\\/www.novotek.com\\\/no\\\/\"},{\"@type\":\"ListItem\",\"position\":2,\"name\":\"Kontakt oss\"}]},{\"@type\":\"WebSite\",\"@id\":\"https:\\\/\\\/www.novotek.com\\\/no\\\/#website\",\"url\":\"https:\\\/\\\/www.novotek.com\\\/no\\\/\",\"name\":\"Novotek Norge\",\"description\":\"Automasjon, digitalisering og Analytics\",\"publisher\":{\"@id\":\"https:\\\/\\\/www.novotek.com\\\/no\\\/#organization\"},\"potentialAction\":[{\"@type\":\"SearchAction\",\"target\":{\"@type\":\"EntryPoint\",\"urlTemplate\":\"https:\\\/\\\/www.novotek.com\\\/no\\\/?s={search_term_string}\"},\"query-input\":{\"@type\":\"PropertyValueSpecification\",\"valueRequired\":true,\"valueName\":\"search_term_string\"}}],\"inLanguage\":\"nb-NO\"},{\"@type\":\"Organization\",\"@id\":\"https:\\\/\\\/www.novotek.com\\\/no\\\/#organization\",\"name\":\"Novotek AS\",\"url\":\"https:\\\/\\\/www.novotek.com\\\/no\\\/\",\"logo\":{\"@type\":\"ImageObject\",\"inLanguage\":\"nb-NO\",\"@id\":\"https:\\\/\\\/www.novotek.com\\\/no\\\/#\\\/schema\\\/logo\\\/image\\\/\",\"url\":\"https:\\\/\\\/www.novotek.com\\\/no\\\/wp-content\\\/uploads\\\/sites\\\/5\\\/Forside\\\/Novotek_logo.png\",\"contentUrl\":\"https:\\\/\\\/www.novotek.com\\\/no\\\/wp-content\\\/uploads\\\/sites\\\/5\\\/Forside\\\/Novotek_logo.png\",\"width\":1200,\"height\":348,\"caption\":\"Novotek AS\"},\"image\":{\"@id\":\"https:\\\/\\\/www.novotek.com\\\/no\\\/#\\\/schema\\\/logo\\\/image\\\/\"},\"sameAs\":[\"https:\\\/\\\/www.linkedin.com\\\/company\\\/novotek-as\"]}]}<\/script>\n<!-- \/ Yoast SEO plugin. -->","yoast_head_json":{"title":"Kontakt oss - Novotek Norge","description":"Novotek AS har kontorer i Larvik, og leverer l\u00f8sninger og produkter til hele landet. Har du sp\u00f8rsm\u00e5l om Novotek eller v\u00e5re l\u00f8sninger? Kontakt oss!","robots":{"index":"index","follow":"follow","max-snippet":"max-snippet:-1","max-image-preview":"max-image-preview:large","max-video-preview":"max-video-preview:-1"},"canonical":"https:\/\/www.novotek.com\/no\/contact-us\/","og_locale":"nb_NO","og_type":"article","og_title":"Kontakt oss - Novotek Norge","og_description":"Novotek AS har kontorer i Larvik, og leverer l\u00f8sninger og produkter til hele landet. Har du sp\u00f8rsm\u00e5l om Novotek eller v\u00e5re l\u00f8sninger? Kontakt oss!","og_url":"https:\/\/www.novotek.com\/no\/contact-us\/","og_site_name":"Novotek Norge","article_modified_time":"2026-01-12T12:37:17+00:00","og_image":[{"width":1920,"height":800,"url":"https:\/\/www.novotek.com\/no\/wp-content\/uploads\/sites\/5\/Forside\/Om_oss\/Kontakt_oss_office_1920x800.jpg","type":"image\/jpeg"}],"twitter_card":"summary_large_image","twitter_misc":{"Ansl. lesetid":"1 minutt"},"schema":{"@context":"https:\/\/schema.org","@graph":[{"@type":"WebPage","@id":"https:\/\/www.novotek.com\/no\/contact-us\/","url":"https:\/\/www.novotek.com\/no\/contact-us\/","name":"Kontakt oss - Novotek Norge","isPartOf":{"@id":"https:\/\/www.novotek.com\/no\/#website"},"primaryImageOfPage":{"@id":"https:\/\/www.novotek.com\/no\/contact-us\/#primaryimage"},"image":{"@id":"https:\/\/www.novotek.com\/no\/contact-us\/#primaryimage"},"thumbnailUrl":"https:\/\/www.novotek.com\/no\/wp-content\/uploads\/sites\/5\/Forside\/Om_oss\/Kontakt_oss_office_1920x800.jpg","datePublished":"2021-04-06T13:46:34+00:00","dateModified":"2026-01-12T12:37:17+00:00","description":"Novotek AS har kontorer i Larvik, og leverer l\u00f8sninger og produkter til hele landet. Har du sp\u00f8rsm\u00e5l om Novotek eller v\u00e5re l\u00f8sninger? Kontakt oss!","breadcrumb":{"@id":"https:\/\/www.novotek.com\/no\/contact-us\/#breadcrumb"},"inLanguage":"nb-NO","potentialAction":[{"@type":"ReadAction","target":["https:\/\/www.novotek.com\/no\/contact-us\/"]}]},{"@type":"ImageObject","inLanguage":"nb-NO","@id":"https:\/\/www.novotek.com\/no\/contact-us\/#primaryimage","url":"https:\/\/www.novotek.com\/no\/wp-content\/uploads\/sites\/5\/Forside\/Om_oss\/Kontakt_oss_office_1920x800.jpg","contentUrl":"https:\/\/www.novotek.com\/no\/wp-content\/uploads\/sites\/5\/Forside\/Om_oss\/Kontakt_oss_office_1920x800.jpg","width":1920,"height":800,"caption":"Kontor"},{"@type":"BreadcrumbList","@id":"https:\/\/www.novotek.com\/no\/contact-us\/#breadcrumb","itemListElement":[{"@type":"ListItem","position":1,"name":"Home","item":"https:\/\/www.novotek.com\/no\/"},{"@type":"ListItem","position":2,"name":"Kontakt oss"}]},{"@type":"WebSite","@id":"https:\/\/www.novotek.com\/no\/#website","url":"https:\/\/www.novotek.com\/no\/","name":"Novotek Norge","description":"Automasjon, digitalisering og Analytics","publisher":{"@id":"https:\/\/www.novotek.com\/no\/#organization"},"potentialAction":[{"@type":"SearchAction","target":{"@type":"EntryPoint","urlTemplate":"https:\/\/www.novotek.com\/no\/?s={search_term_string}"},"query-input":{"@type":"PropertyValueSpecification","valueRequired":true,"valueName":"search_term_string"}}],"inLanguage":"nb-NO"},{"@type":"Organization","@id":"https:\/\/www.novotek.com\/no\/#organization","name":"Novotek AS","url":"https:\/\/www.novotek.com\/no\/","logo":{"@type":"ImageObject","inLanguage":"nb-NO","@id":"https:\/\/www.novotek.com\/no\/#\/schema\/logo\/image\/","url":"https:\/\/www.novotek.com\/no\/wp-content\/uploads\/sites\/5\/Forside\/Novotek_logo.png","contentUrl":"https:\/\/www.novotek.com\/no\/wp-content\/uploads\/sites\/5\/Forside\/Novotek_logo.png","width":1200,"height":348,"caption":"Novotek AS"},"image":{"@id":"https:\/\/www.novotek.com\/no\/#\/schema\/logo\/image\/"},"sameAs":["https:\/\/www.linkedin.com\/company\/novotek-as"]}]}},"_links":{"self":[{"href":"https:\/\/www.novotek.com\/no\/wp-json\/wp\/v2\/pages\/26","targetHints":{"allow":["GET"]}}],"collection":[{"href":"https:\/\/www.novotek.com\/no\/wp-json\/wp\/v2\/pages"}],"about":[{"href":"https:\/\/www.novotek.com\/no\/wp-json\/wp\/v2\/types\/page"}],"author":[{"embeddable":true,"href":"https:\/\/www.novotek.com\/no\/wp-json\/wp\/v2\/users\/1"}],"replies":[{"embeddable":true,"href":"https:\/\/www.novotek.com\/no\/wp-json\/wp\/v2\/comments?post=26"}],"version-history":[{"count":60,"href":"https:\/\/www.novotek.com\/no\/wp-json\/wp\/v2\/pages\/26\/revisions"}],"predecessor-version":[{"id":18266,"href":"https:\/\/www.novotek.com\/no\/wp-json\/wp\/v2\/pages\/26\/revisions\/18266"}],"wp:featuredmedia":[{"embeddable":true,"href":"https:\/\/www.novotek.com\/no\/wp-json\/wp\/v2\/media\/3928"}],"wp:attachment":[{"href":"https:\/\/www.novotek.com\/no\/wp-json\/wp\/v2\/media?parent=26"}],"curies":[{"name":"wp","href":"https:\/\/api.w.org\/{rel}","templated":true}]}}