{"id":275,"date":"2021-05-21T11:37:42","date_gmt":"2021-05-21T11:37:42","guid":{"rendered":"https:\/\/www.novotek.com\/no\/?page_id=275"},"modified":"2022-06-03T11:38:51","modified_gmt":"2022-06-03T11:38:51","slug":"industri-pc-ipc","status":"publish","type":"page","link":"https:\/\/www.novotek.com\/no\/automasjon\/pls-og-styresystemer\/industri-pc-ipc\/","title":{"rendered":"Industri-PC (IPC)"},"content":{"rendered":"  <div class=\"hero\">\n    <div class=\"carousel hero-slider small\" data-flickity data-flickity-options='{\"prevNextButtons\": false}'>\n              <div class=\"carousel-cell\">\n          <div class=\"container\">\n            <div class=\"hero-content\">\n                              <h1>Industri-PC (IPC)<\/h1>\n<p>Vi leverer kraftige industri-PCer fra Emerson, spesielt utviklet for produksjonsmilj\u00f8er.<\/p>\n              \n                          <\/div>\n          <\/div>\n\n          <img decoding=\"async\" width=\"1024\" height=\"427\" src=\"https:\/\/www.novotek.com\/no\/wp-content\/uploads\/sites\/5\/Automasjon\/PLS_og_styresystemer\/Industri_PC\/PC_duotone_1920x800-1024x427.jpg\" class=\"hero-bg\" alt=\"Hero Img\" fetchpriority=\"high\" srcset=\"https:\/\/www.novotek.com\/no\/wp-content\/uploads\/sites\/5\/Automasjon\/PLS_og_styresystemer\/Industri_PC\/PC_duotone_1920x800-1024x427.jpg 1024w, https:\/\/www.novotek.com\/no\/wp-content\/uploads\/sites\/5\/Automasjon\/PLS_og_styresystemer\/Industri_PC\/PC_duotone_1920x800-300x125.jpg 300w, https:\/\/www.novotek.com\/no\/wp-content\/uploads\/sites\/5\/Automasjon\/PLS_og_styresystemer\/Industri_PC\/PC_duotone_1920x800-768x320.jpg 768w, https:\/\/www.novotek.com\/no\/wp-content\/uploads\/sites\/5\/Automasjon\/PLS_og_styresystemer\/Industri_PC\/PC_duotone_1920x800-1536x640.jpg 1536w, https:\/\/www.novotek.com\/no\/wp-content\/uploads\/sites\/5\/Automasjon\/PLS_og_styresystemer\/Industri_PC\/PC_duotone_1920x800.jpg 1920w\" sizes=\"(max-width: 1024px) 100vw, 1024px\" \/>                  <\/div>\n          <\/div>\n\n      <\/div>\n\n   <div class=\"floating-breadcrumb\"><div class=\"container\"><span><span><a href=\"https:\/\/www.novotek.com\/no\/\" class=\"breadcrumb-frontpage\">Home<\/a><\/span><\/span><\/div><\/div>\n\n\n<div class=\"container-md paragraph  \">\n<p>Dagens industri krever teknologi av h\u00f8y ytelse som kan takle alle slags produksjonsmilj\u00f8er og kraftige applikasjoner. Vi er leverand\u00f8rer av ulike typer industri-PCer fra Emerson. Emersons RXi-portef\u00f8lje kommer med et bredt utvalg robuste PCer, designet for \u00e5 fungere effektivt i t\u00f8ffe industrielle milj\u00f8er. COM Express moduler og modul\u00e6re PCer og skjermer hjelper deg optimalisere prosesser og maskiner. <strong><a href=\"https:\/\/www.emerson.com\/no-no\/automation\/control-and-safety-systems\/industrial-computing\" target=\"_blank\" rel=\"noreferrer noopener\">Les mer om Industri-PCer p\u00e5 Emerson sine nettsider her.<\/a><\/strong><\/p>\n<\/div>\n\n<div class=\"container-md paragraph  \">\n<p>Velg mellom industri-pc, industri-skjerm, panel-PC og industrielle web-paneler, &#8211; vi i Novotek hjelper deg \u00e5 finne produktet som passer din produksjonsbedrift.&nbsp;<\/p>\n<\/div>\n\n<div class=\"container media-text  \">\n<div class=\"wp-block-media-text alignwide is-stacked-on-mobile\"><figure class=\"wp-block-media-text__media\"><img loading=\"lazy\" decoding=\"async\" width=\"555\" height=\"555\" src=\"https:\/\/www.novotek.com\/no\/wp-content\/uploads\/sites\/5\/Automasjon\/PLS_og_styresystemer\/Industri_PC\/Emerson_RXi2BP_IPC.jpg\" alt=\"Emerson RXi2-BP Industri-PC.\" class=\"wp-image-1609 size-full\" srcset=\"https:\/\/www.novotek.com\/no\/wp-content\/uploads\/sites\/5\/Automasjon\/PLS_og_styresystemer\/Industri_PC\/Emerson_RXi2BP_IPC.jpg 555w, https:\/\/www.novotek.com\/no\/wp-content\/uploads\/sites\/5\/Automasjon\/PLS_og_styresystemer\/Industri_PC\/Emerson_RXi2BP_IPC-300x300.jpg 300w, https:\/\/www.novotek.com\/no\/wp-content\/uploads\/sites\/5\/Automasjon\/PLS_og_styresystemer\/Industri_PC\/Emerson_RXi2BP_IPC-150x150.jpg 150w\" sizes=\"auto, (max-width: 555px) 100vw, 555px\" \/><\/figure><div class=\"wp-block-media-text__content\"><div class=\"container-md heading  \">\n<h2 class=\"wp-block-heading\">Industri-PC<\/h2>\n<\/div>\n\n<div class=\"container-md paragraph  \">\n<p>En industri-PC m\u00e5 kunne levere konstant ytelse mens maskiner med kraftige applikasjoner kj\u00f8rer i h\u00f8ye temperaturer. Emersons IPCer kombinerer h\u00f8y prosessorkraft med industriell styrke, og er designet for holdbarhet. Dobbel eller firekjerners prosessteknologi, viftel\u00f8s design og st\u00f8tbestandige komponenter forlenger livssyklusen til industri-PCen.&nbsp;<\/p>\n<\/div>\n\n<div class=\"container-md paragraph  \">\n<p>Emersons industri-PCer leveres med h\u00f8yytelsedatabehandling for applikasjoner som trenger \u00e5 laste, behandle og lagre store mengder data, og kan kj\u00f8re HMI, Historian og analytiske applikasjoner. H\u00f8yhastighets Ethernet-porter gir en kraftig kommunikasjonsfunksjon, mens nye USB 3.0-porter gir rask dataoverf\u00f8ring og forbedret sikkerhet. Enkel integrasjon med andre systemer legger til rette for \u00f8kt produktivitet.<\/p>\n<\/div>\n\n<div class=\"container-md paragraph  \">\n<p><strong><a href=\"https:\/\/www.novotek.com\/no\/automasjon\/pls-og-styresystemer\/industri-pc-ipc\/rxi2-bp-industrial-pc\/\">Les mer om RXi2-BP Industrial PC.<\/a><\/strong><\/p>\n<\/div><\/div><\/div>\n<\/div>\n\n<div class=\"container media-text  \">\n<div class=\"wp-block-media-text alignwide has-media-on-the-right is-stacked-on-mobile\"><figure class=\"wp-block-media-text__media\"><img loading=\"lazy\" decoding=\"async\" width=\"555\" height=\"555\" src=\"https:\/\/www.novotek.com\/no\/wp-content\/uploads\/sites\/5\/Automasjon\/PLS_og_styresystemer\/Industri_PC\/Emerson_industrial_monitor.jpg\" alt=\"Industri-skjerm.\" class=\"wp-image-1610 size-full\" srcset=\"https:\/\/www.novotek.com\/no\/wp-content\/uploads\/sites\/5\/Automasjon\/PLS_og_styresystemer\/Industri_PC\/Emerson_industrial_monitor.jpg 555w, https:\/\/www.novotek.com\/no\/wp-content\/uploads\/sites\/5\/Automasjon\/PLS_og_styresystemer\/Industri_PC\/Emerson_industrial_monitor-300x300.jpg 300w, https:\/\/www.novotek.com\/no\/wp-content\/uploads\/sites\/5\/Automasjon\/PLS_og_styresystemer\/Industri_PC\/Emerson_industrial_monitor-150x150.jpg 150w\" sizes=\"auto, (max-width: 555px) 100vw, 555px\" \/><\/figure><div class=\"wp-block-media-text__content\"><div class=\"container-md heading  \">\n<h2 class=\"wp-block-heading\">Industri-skjerm<\/h2>\n<\/div>\n\n<div class=\"container-md paragraph  \">\n<p>Emerson leverer robuste, modul\u00e6re touch-skjermer, utviklet for bruk i krevende industrielle milj\u00f8er. Industri-skjermene kombinerer brukervennlighet for operat\u00f8rer med holdbarhet p\u00e5 industrielt niv\u00e5. Skjermene er modul\u00e6re, og kan kobles sammen uten brytning for \u00e5 forenkle databehandlingsarkitekturen.<\/p>\n<\/div>\n\n<div class=\"container-md paragraph  \">\n<p>RXi Industrial Display-portef\u00f8ljen tilbyr 7&#8243; &#8211; 24&#8243; industri-skjermer i widescreenformat. 12&#8243; og 15&#8243; er ogs\u00e5 tilgjengelige med skjerm som er lesbar i sollys. Den modul\u00e6re funksjonen forbedrer den visuelle ytelsen, mens MST-seriekobling forbedrer arkitekturformatet. Touch-skjermen gir samme brukervennlighet som en smarttelefon, og gj\u00f8r det lettere for operat\u00f8rer \u00e5 ta b\u00e5de raskere og smartere beslutninger.&nbsp;<\/p>\n<\/div><\/div><\/div>\n<\/div>\n\n<div class=\"container media-text  \">\n<div class=\"wp-block-media-text alignwide is-stacked-on-mobile\"><figure class=\"wp-block-media-text__media\"><img loading=\"lazy\" decoding=\"async\" width=\"555\" height=\"555\" src=\"https:\/\/www.novotek.com\/no\/wp-content\/uploads\/sites\/5\/Automasjon\/PLS_og_styresystemer\/Industri_PC\/Emerson_industrial_monitor.jpg\" alt=\"Industri-skjerm.\" class=\"wp-image-1610 size-full\" srcset=\"https:\/\/www.novotek.com\/no\/wp-content\/uploads\/sites\/5\/Automasjon\/PLS_og_styresystemer\/Industri_PC\/Emerson_industrial_monitor.jpg 555w, https:\/\/www.novotek.com\/no\/wp-content\/uploads\/sites\/5\/Automasjon\/PLS_og_styresystemer\/Industri_PC\/Emerson_industrial_monitor-300x300.jpg 300w, https:\/\/www.novotek.com\/no\/wp-content\/uploads\/sites\/5\/Automasjon\/PLS_og_styresystemer\/Industri_PC\/Emerson_industrial_monitor-150x150.jpg 150w\" sizes=\"auto, (max-width: 555px) 100vw, 555px\" \/><\/figure><div class=\"wp-block-media-text__content\"><div class=\"container-md heading  \">\n<h2 class=\"wp-block-heading\">Panel-PC<\/h2>\n<\/div>\n\n<div class=\"container-md paragraph  \">\n<p>Emersons RXi Panel PC-portef\u00f8lje inneholder fleksible, ytelsesdrevne databehandlingsenheter med robust datakraft og mer minne, og h\u00e5ndterer et bredt spekter av applikasjoner. Panel-PCen leveres i sv\u00e6rt tynt kabinett, tilpasset plassering i anlegg eller fabrikk. Pcene er modul\u00e6re og kan tilpasses dine behov.&nbsp;<\/p>\n<\/div>\n\n<div class=\"container-md paragraph  \">\n<p>Panel-PCen er utviklet for \u00e5 kunne operere raskere og &laquo;lean&raquo; mens man i stadig st\u00f8rre grad er tilkoblet data. Med dual core 1.0GHz prosessor, quad core 1.2GHz prosessor med 4 eller 8 GB DDR3 RAM, og Windows 10 IOT Enterprise LTSB OS installert som standard er panel-PCen klar til \u00e5 dekke dine programvarebehov.<\/p>\n<\/div><\/div><\/div>\n<\/div>\n\n<div class=\"container media-text  \">\n<div class=\"wp-block-media-text alignwide has-media-on-the-right is-stacked-on-mobile\"><figure class=\"wp-block-media-text__media\"><img loading=\"lazy\" decoding=\"async\" width=\"555\" height=\"555\" src=\"https:\/\/www.novotek.com\/no\/wp-content\/uploads\/sites\/5\/Automasjon\/PLS_og_styresystemer\/Industri_PC\/Emerson_industrial_monitor.jpg\" alt=\"Industri-skjerm.\" class=\"wp-image-1610 size-full\" srcset=\"https:\/\/www.novotek.com\/no\/wp-content\/uploads\/sites\/5\/Automasjon\/PLS_og_styresystemer\/Industri_PC\/Emerson_industrial_monitor.jpg 555w, https:\/\/www.novotek.com\/no\/wp-content\/uploads\/sites\/5\/Automasjon\/PLS_og_styresystemer\/Industri_PC\/Emerson_industrial_monitor-300x300.jpg 300w, https:\/\/www.novotek.com\/no\/wp-content\/uploads\/sites\/5\/Automasjon\/PLS_og_styresystemer\/Industri_PC\/Emerson_industrial_monitor-150x150.jpg 150w\" sizes=\"auto, (max-width: 555px) 100vw, 555px\" \/><\/figure><div class=\"wp-block-media-text__content\"><div class=\"container-md heading  \">\n<h2 class=\"wp-block-heading\">Industrielle web-paneler<\/h2>\n<\/div>\n\n<div class=\"container-md paragraph  \">\n<p>Emersons industrielle web-paneler gir en kostnadseffektiv m\u00e5te \u00e5 vise HTML-baserte websider fra web-baserte applikasjoner, med egenskapene til industrielle paneler. Web-panelene er modul\u00e6re, og kan sammenkobles uten brytning for bedre visuell klarhet. Panelet leveres med kapasativ touchskjerm som reagerer p\u00e5 ber\u00f8ring selv om personell er if\u00f8rt verneutstyr.<\/p>\n<\/div>\n\n<div class=\"container-md paragraph  \">\n<p>RXi Web Panel-portef\u00f8ljen tilbyr 7&#8243; &#8211; 24&#8243; industri-skjermer i widescreenformat, med SLR-skjerm b\u00e5de innend\u00f8rs og utend\u00f8rs. Skjermen er beskyttet mot st\u00f8v, fuktighet og direkte vannstr\u00e5ler. Web panelet h\u00e5ndterer et bredt spekter av applikasjoner og er utviklet for \u00e5 h\u00e5ndtere t\u00f8ffe industrielle milj\u00f8er. RXi Web Panel kombinerer brukervennlighet og industriell holdbarhet p\u00e5 et sv\u00e6rt h\u00f8yt niv\u00e5.<\/p>\n<\/div><\/div><\/div>\n<\/div>\n\n  <div class=\"slider-column-parent\">\n    <div class=\"container\">\n      <div class=\"slider-column-title\">Les mer om Emersons industri-PCer<\/div>\n\n      <div class=\"row\">\n        <div class=\"col-12 col-md-4\"><div class=\"column-box\">\n  \n      <div class=\"title\">\n      RXi2-BP Industrial PC    <\/div>\n  \n      <div class=\"text\">\n      <p>En sv\u00e6rt robust industri-PC, designet for \u00e5 takle t\u00f8ffe industrielle milj\u00f8er.<\/p>\n    <\/div>\n  \n      <a class=\"link\"  href=\"https:\/\/www.novotek.com\/no\/automasjon\/pls-og-styresystemer\/industri-pc-ipc\/rxi2-bp-industrial-pc\/\" target=\"\">\n      Les mer    <\/a>\n  \n  <\/div>\n\n<\/div>      <\/div>\n    <\/div>\n  <\/div>\n","protected":false},"excerpt":{"rendered":"<p>Dagens industri krever teknologi av h\u00f8y ytelse som kan takle alle slags produksjonsmilj\u00f8er og kraftige applikasjoner. Vi er leverand\u00f8rer av ulike typer industri-PCer fra Emerson. Emersons RXi-portef\u00f8lje kommer med et bredt utvalg robuste PCer, designet for \u00e5 fungere effektivt i t\u00f8ffe industrielle milj\u00f8er. COM Express moduler og modul\u00e6re PCer og skjermer hjelper deg optimalisere prosesser [&hellip;]<\/p>\n","protected":false},"author":7,"featured_media":0,"parent":80,"menu_order":0,"comment_status":"closed","ping_status":"closed","template":"","meta":{"_acf_changed":false,"_relevanssi_hide_post":"","_relevanssi_pin_for_all":"","_relevanssi_pin_keywords":"","_relevanssi_unpin_keywords":"","_relevanssi_related_keywords":"","_relevanssi_related_include_ids":"","_relevanssi_related_exclude_ids":"","_relevanssi_related_no_append":"","_relevanssi_related_not_related":"","_relevanssi_related_posts":"1","_relevanssi_noindex_reason":"","footnotes":""},"class_list":["post-275","page","type-page","status-publish","hentry"],"acf":[],"yoast_head":"<!-- This site is optimized with the Yoast SEO plugin v27.4 - https:\/\/yoast.com\/product\/yoast-seo-wordpress\/ -->\n<title>Industri-PC (IPC) - Novotek Norge<\/title>\n<meta name=\"description\" content=\"Vi leverer kraftige industri-PCer fra Emerson, utviklet for industrielle milj\u00f8er. Velg mellom industri-PC, industri-skjerm, panel-PC og web-baserte paneler.\" \/>\n<meta name=\"robots\" content=\"index, follow, max-snippet:-1, max-image-preview:large, max-video-preview:-1\" \/>\n<link rel=\"canonical\" href=\"https:\/\/www.novotek.com\/no\/automasjon\/pls-og-styresystemer\/industri-pc-ipc\/\" \/>\n<meta property=\"og:locale\" content=\"nb_NO\" \/>\n<meta property=\"og:type\" content=\"article\" \/>\n<meta property=\"og:title\" content=\"Industri-PC (IPC) - Novotek Norge\" \/>\n<meta property=\"og:description\" content=\"Vi leverer kraftige industri-PCer fra Emerson, utviklet for industrielle milj\u00f8er. Velg mellom industri-PC, industri-skjerm, panel-PC og web-baserte paneler.\" \/>\n<meta property=\"og:url\" content=\"https:\/\/www.novotek.com\/no\/automasjon\/pls-og-styresystemer\/industri-pc-ipc\/\" \/>\n<meta property=\"og:site_name\" content=\"Novotek Norge\" \/>\n<meta property=\"article:modified_time\" content=\"2022-06-03T11:38:51+00:00\" \/>\n<meta property=\"og:image\" content=\"https:\/\/www.novotek.com\/no\/wp-content\/uploads\/sites\/5\/Automasjon\/PLS_og_styresystemer\/Industri_PC\/Emerson_RXi2BP_IPC.jpg\" \/>\n<meta name=\"twitter:card\" content=\"summary_large_image\" \/>\n<meta name=\"twitter:label1\" content=\"Ansl. lesetid\" \/>\n\t<meta name=\"twitter:data1\" content=\"4 minutter\" \/>\n<script type=\"application\/ld+json\" class=\"yoast-schema-graph\">{\"@context\":\"https:\\\/\\\/schema.org\",\"@graph\":[{\"@type\":\"WebPage\",\"@id\":\"https:\\\/\\\/www.novotek.com\\\/no\\\/automasjon\\\/pls-og-styresystemer\\\/industri-pc-ipc\\\/\",\"url\":\"https:\\\/\\\/www.novotek.com\\\/no\\\/automasjon\\\/pls-og-styresystemer\\\/industri-pc-ipc\\\/\",\"name\":\"Industri-PC (IPC) - Novotek Norge\",\"isPartOf\":{\"@id\":\"https:\\\/\\\/www.novotek.com\\\/no\\\/#website\"},\"primaryImageOfPage\":{\"@id\":\"https:\\\/\\\/www.novotek.com\\\/no\\\/automasjon\\\/pls-og-styresystemer\\\/industri-pc-ipc\\\/#primaryimage\"},\"image\":{\"@id\":\"https:\\\/\\\/www.novotek.com\\\/no\\\/automasjon\\\/pls-og-styresystemer\\\/industri-pc-ipc\\\/#primaryimage\"},\"thumbnailUrl\":\"https:\\\/\\\/www.novotek.com\\\/no\\\/wp-content\\\/uploads\\\/sites\\\/5\\\/Automasjon\\\/PLS_og_styresystemer\\\/Industri_PC\\\/Emerson_RXi2BP_IPC.jpg\",\"datePublished\":\"2021-05-21T11:37:42+00:00\",\"dateModified\":\"2022-06-03T11:38:51+00:00\",\"description\":\"Vi leverer kraftige industri-PCer fra Emerson, utviklet for industrielle milj\u00f8er. Velg mellom industri-PC, industri-skjerm, panel-PC og web-baserte paneler.\",\"breadcrumb\":{\"@id\":\"https:\\\/\\\/www.novotek.com\\\/no\\\/automasjon\\\/pls-og-styresystemer\\\/industri-pc-ipc\\\/#breadcrumb\"},\"inLanguage\":\"nb-NO\",\"potentialAction\":[{\"@type\":\"ReadAction\",\"target\":[\"https:\\\/\\\/www.novotek.com\\\/no\\\/automasjon\\\/pls-og-styresystemer\\\/industri-pc-ipc\\\/\"]}]},{\"@type\":\"ImageObject\",\"inLanguage\":\"nb-NO\",\"@id\":\"https:\\\/\\\/www.novotek.com\\\/no\\\/automasjon\\\/pls-og-styresystemer\\\/industri-pc-ipc\\\/#primaryimage\",\"url\":\"https:\\\/\\\/www.novotek.com\\\/no\\\/wp-content\\\/uploads\\\/sites\\\/5\\\/Automasjon\\\/PLS_og_styresystemer\\\/Industri_PC\\\/Emerson_RXi2BP_IPC.jpg\",\"contentUrl\":\"https:\\\/\\\/www.novotek.com\\\/no\\\/wp-content\\\/uploads\\\/sites\\\/5\\\/Automasjon\\\/PLS_og_styresystemer\\\/Industri_PC\\\/Emerson_RXi2BP_IPC.jpg\",\"width\":555,\"height\":555,\"caption\":\"Emerson RXi2-BP Industri-PC.\"},{\"@type\":\"BreadcrumbList\",\"@id\":\"https:\\\/\\\/www.novotek.com\\\/no\\\/automasjon\\\/pls-og-styresystemer\\\/industri-pc-ipc\\\/#breadcrumb\",\"itemListElement\":[{\"@type\":\"ListItem\",\"position\":1,\"name\":\"Home\",\"item\":\"https:\\\/\\\/www.novotek.com\\\/no\\\/\"},{\"@type\":\"ListItem\",\"position\":2,\"name\":\"Automasjon\",\"item\":\"https:\\\/\\\/www.novotek.com\\\/no\\\/automasjon\\\/\"},{\"@type\":\"ListItem\",\"position\":3,\"name\":\"PLS og styresystemer\",\"item\":\"https:\\\/\\\/www.novotek.com\\\/no\\\/automasjon\\\/pls-og-styresystemer\\\/\"},{\"@type\":\"ListItem\",\"position\":4,\"name\":\"Industri-PC (IPC)\"}]},{\"@type\":\"WebSite\",\"@id\":\"https:\\\/\\\/www.novotek.com\\\/no\\\/#website\",\"url\":\"https:\\\/\\\/www.novotek.com\\\/no\\\/\",\"name\":\"Novotek Norge\",\"description\":\"Automasjon, digitalisering og Analytics\",\"publisher\":{\"@id\":\"https:\\\/\\\/www.novotek.com\\\/no\\\/#organization\"},\"potentialAction\":[{\"@type\":\"SearchAction\",\"target\":{\"@type\":\"EntryPoint\",\"urlTemplate\":\"https:\\\/\\\/www.novotek.com\\\/no\\\/?s={search_term_string}\"},\"query-input\":{\"@type\":\"PropertyValueSpecification\",\"valueRequired\":true,\"valueName\":\"search_term_string\"}}],\"inLanguage\":\"nb-NO\"},{\"@type\":\"Organization\",\"@id\":\"https:\\\/\\\/www.novotek.com\\\/no\\\/#organization\",\"name\":\"Novotek AS\",\"url\":\"https:\\\/\\\/www.novotek.com\\\/no\\\/\",\"logo\":{\"@type\":\"ImageObject\",\"inLanguage\":\"nb-NO\",\"@id\":\"https:\\\/\\\/www.novotek.com\\\/no\\\/#\\\/schema\\\/logo\\\/image\\\/\",\"url\":\"https:\\\/\\\/www.novotek.com\\\/no\\\/wp-content\\\/uploads\\\/sites\\\/5\\\/Forside\\\/Novotek_logo.png\",\"contentUrl\":\"https:\\\/\\\/www.novotek.com\\\/no\\\/wp-content\\\/uploads\\\/sites\\\/5\\\/Forside\\\/Novotek_logo.png\",\"width\":1200,\"height\":348,\"caption\":\"Novotek AS\"},\"image\":{\"@id\":\"https:\\\/\\\/www.novotek.com\\\/no\\\/#\\\/schema\\\/logo\\\/image\\\/\"},\"sameAs\":[\"https:\\\/\\\/www.linkedin.com\\\/company\\\/novotek-as\"]}]}<\/script>\n<!-- \/ Yoast SEO plugin. -->","yoast_head_json":{"title":"Industri-PC (IPC) - Novotek Norge","description":"Vi leverer kraftige industri-PCer fra Emerson, utviklet for industrielle milj\u00f8er. Velg mellom industri-PC, industri-skjerm, panel-PC og web-baserte paneler.","robots":{"index":"index","follow":"follow","max-snippet":"max-snippet:-1","max-image-preview":"max-image-preview:large","max-video-preview":"max-video-preview:-1"},"canonical":"https:\/\/www.novotek.com\/no\/automasjon\/pls-og-styresystemer\/industri-pc-ipc\/","og_locale":"nb_NO","og_type":"article","og_title":"Industri-PC (IPC) - Novotek Norge","og_description":"Vi leverer kraftige industri-PCer fra Emerson, utviklet for industrielle milj\u00f8er. Velg mellom industri-PC, industri-skjerm, panel-PC og web-baserte paneler.","og_url":"https:\/\/www.novotek.com\/no\/automasjon\/pls-og-styresystemer\/industri-pc-ipc\/","og_site_name":"Novotek Norge","article_modified_time":"2022-06-03T11:38:51+00:00","og_image":[{"url":"https:\/\/www.novotek.com\/no\/wp-content\/uploads\/sites\/5\/Automasjon\/PLS_og_styresystemer\/Industri_PC\/Emerson_RXi2BP_IPC.jpg","type":"","width":"","height":""}],"twitter_card":"summary_large_image","twitter_misc":{"Ansl. lesetid":"4 minutter"},"schema":{"@context":"https:\/\/schema.org","@graph":[{"@type":"WebPage","@id":"https:\/\/www.novotek.com\/no\/automasjon\/pls-og-styresystemer\/industri-pc-ipc\/","url":"https:\/\/www.novotek.com\/no\/automasjon\/pls-og-styresystemer\/industri-pc-ipc\/","name":"Industri-PC (IPC) - Novotek Norge","isPartOf":{"@id":"https:\/\/www.novotek.com\/no\/#website"},"primaryImageOfPage":{"@id":"https:\/\/www.novotek.com\/no\/automasjon\/pls-og-styresystemer\/industri-pc-ipc\/#primaryimage"},"image":{"@id":"https:\/\/www.novotek.com\/no\/automasjon\/pls-og-styresystemer\/industri-pc-ipc\/#primaryimage"},"thumbnailUrl":"https:\/\/www.novotek.com\/no\/wp-content\/uploads\/sites\/5\/Automasjon\/PLS_og_styresystemer\/Industri_PC\/Emerson_RXi2BP_IPC.jpg","datePublished":"2021-05-21T11:37:42+00:00","dateModified":"2022-06-03T11:38:51+00:00","description":"Vi leverer kraftige industri-PCer fra Emerson, utviklet for industrielle milj\u00f8er. Velg mellom industri-PC, industri-skjerm, panel-PC og web-baserte paneler.","breadcrumb":{"@id":"https:\/\/www.novotek.com\/no\/automasjon\/pls-og-styresystemer\/industri-pc-ipc\/#breadcrumb"},"inLanguage":"nb-NO","potentialAction":[{"@type":"ReadAction","target":["https:\/\/www.novotek.com\/no\/automasjon\/pls-og-styresystemer\/industri-pc-ipc\/"]}]},{"@type":"ImageObject","inLanguage":"nb-NO","@id":"https:\/\/www.novotek.com\/no\/automasjon\/pls-og-styresystemer\/industri-pc-ipc\/#primaryimage","url":"https:\/\/www.novotek.com\/no\/wp-content\/uploads\/sites\/5\/Automasjon\/PLS_og_styresystemer\/Industri_PC\/Emerson_RXi2BP_IPC.jpg","contentUrl":"https:\/\/www.novotek.com\/no\/wp-content\/uploads\/sites\/5\/Automasjon\/PLS_og_styresystemer\/Industri_PC\/Emerson_RXi2BP_IPC.jpg","width":555,"height":555,"caption":"Emerson RXi2-BP Industri-PC."},{"@type":"BreadcrumbList","@id":"https:\/\/www.novotek.com\/no\/automasjon\/pls-og-styresystemer\/industri-pc-ipc\/#breadcrumb","itemListElement":[{"@type":"ListItem","position":1,"name":"Home","item":"https:\/\/www.novotek.com\/no\/"},{"@type":"ListItem","position":2,"name":"Automasjon","item":"https:\/\/www.novotek.com\/no\/automasjon\/"},{"@type":"ListItem","position":3,"name":"PLS og styresystemer","item":"https:\/\/www.novotek.com\/no\/automasjon\/pls-og-styresystemer\/"},{"@type":"ListItem","position":4,"name":"Industri-PC (IPC)"}]},{"@type":"WebSite","@id":"https:\/\/www.novotek.com\/no\/#website","url":"https:\/\/www.novotek.com\/no\/","name":"Novotek Norge","description":"Automasjon, digitalisering og Analytics","publisher":{"@id":"https:\/\/www.novotek.com\/no\/#organization"},"potentialAction":[{"@type":"SearchAction","target":{"@type":"EntryPoint","urlTemplate":"https:\/\/www.novotek.com\/no\/?s={search_term_string}"},"query-input":{"@type":"PropertyValueSpecification","valueRequired":true,"valueName":"search_term_string"}}],"inLanguage":"nb-NO"},{"@type":"Organization","@id":"https:\/\/www.novotek.com\/no\/#organization","name":"Novotek AS","url":"https:\/\/www.novotek.com\/no\/","logo":{"@type":"ImageObject","inLanguage":"nb-NO","@id":"https:\/\/www.novotek.com\/no\/#\/schema\/logo\/image\/","url":"https:\/\/www.novotek.com\/no\/wp-content\/uploads\/sites\/5\/Forside\/Novotek_logo.png","contentUrl":"https:\/\/www.novotek.com\/no\/wp-content\/uploads\/sites\/5\/Forside\/Novotek_logo.png","width":1200,"height":348,"caption":"Novotek AS"},"image":{"@id":"https:\/\/www.novotek.com\/no\/#\/schema\/logo\/image\/"},"sameAs":["https:\/\/www.linkedin.com\/company\/novotek-as"]}]}},"_links":{"self":[{"href":"https:\/\/www.novotek.com\/no\/wp-json\/wp\/v2\/pages\/275","targetHints":{"allow":["GET"]}}],"collection":[{"href":"https:\/\/www.novotek.com\/no\/wp-json\/wp\/v2\/pages"}],"about":[{"href":"https:\/\/www.novotek.com\/no\/wp-json\/wp\/v2\/types\/page"}],"author":[{"embeddable":true,"href":"https:\/\/www.novotek.com\/no\/wp-json\/wp\/v2\/users\/7"}],"replies":[{"embeddable":true,"href":"https:\/\/www.novotek.com\/no\/wp-json\/wp\/v2\/comments?post=275"}],"version-history":[{"count":19,"href":"https:\/\/www.novotek.com\/no\/wp-json\/wp\/v2\/pages\/275\/revisions"}],"predecessor-version":[{"id":7453,"href":"https:\/\/www.novotek.com\/no\/wp-json\/wp\/v2\/pages\/275\/revisions\/7453"}],"up":[{"embeddable":true,"href":"https:\/\/www.novotek.com\/no\/wp-json\/wp\/v2\/pages\/80"}],"wp:attachment":[{"href":"https:\/\/www.novotek.com\/no\/wp-json\/wp\/v2\/media?parent=275"}],"curies":[{"name":"wp","href":"https:\/\/api.w.org\/{rel}","templated":true}]}}