{"id":2946,"date":"2021-07-09T12:33:53","date_gmt":"2021-07-09T12:33:53","guid":{"rendered":"https:\/\/www.novotek.com\/no\/?page_id=2946"},"modified":"2025-09-01T08:25:40","modified_gmt":"2025-09-01T08:25:40","slug":"kurs-og-opplaering","status":"publish","type":"page","link":"https:\/\/www.novotek.com\/no\/vare-tjenester\/kurs-og-opplaering\/","title":{"rendered":"Kurs og oppl\u00e6ring"},"content":{"rendered":"  <div class=\"hero\">\n    <div class=\"carousel hero-slider small\" data-flickity data-flickity-options='{\"prevNextButtons\": false}'>\n              <div class=\"carousel-cell\">\n          <div class=\"container\">\n            <div class=\"hero-content\">\n                              <h1>Kurs og oppl\u00e6ring<\/h1>\n<p>Bli bedre kjent med dine l\u00f8sninger og produkter. Vi tilbyr b\u00e5de grunnleggende produktoppl\u00e6ring og kurs i mer avanserte funksjoner.<\/p>\n              \n                          <\/div>\n          <\/div>\n\n          <img decoding=\"async\" width=\"1024\" height=\"427\" src=\"https:\/\/www.novotek.com\/no\/wp-content\/uploads\/sites\/5\/Tjenester\/Novotek_kurs_og_opplaering_duotone_1920x800-1024x427.jpg\" class=\"hero-bg\" alt=\"Hero Img\" fetchpriority=\"high\" srcset=\"https:\/\/www.novotek.com\/no\/wp-content\/uploads\/sites\/5\/Tjenester\/Novotek_kurs_og_opplaering_duotone_1920x800-1024x427.jpg 1024w, https:\/\/www.novotek.com\/no\/wp-content\/uploads\/sites\/5\/Tjenester\/Novotek_kurs_og_opplaering_duotone_1920x800-300x125.jpg 300w, https:\/\/www.novotek.com\/no\/wp-content\/uploads\/sites\/5\/Tjenester\/Novotek_kurs_og_opplaering_duotone_1920x800-768x320.jpg 768w, https:\/\/www.novotek.com\/no\/wp-content\/uploads\/sites\/5\/Tjenester\/Novotek_kurs_og_opplaering_duotone_1920x800-1536x640.jpg 1536w, https:\/\/www.novotek.com\/no\/wp-content\/uploads\/sites\/5\/Tjenester\/Novotek_kurs_og_opplaering_duotone_1920x800.jpg 1920w\" sizes=\"(max-width: 1024px) 100vw, 1024px\" \/>                  <\/div>\n          <\/div>\n\n      <\/div>\n\n   <div class=\"floating-breadcrumb\"><div class=\"container\"><span><span><a href=\"https:\/\/www.novotek.com\/no\/\" class=\"breadcrumb-frontpage\">Home<\/a><\/span><\/span><\/div><\/div>\n\n\n<div class=\"container-md paragraph  \">\n<p>Utviklingen innen industriell automasjon og digitalisering g\u00e5r raskt, og krever oppdaterte kunnskaper og ferdigheter, &#8211; til fordel for b\u00e5de for deg og bedriften din. Vi tilbyr derfor et bredt utvalg kurs og oppl\u00e6ring i v\u00e5re l\u00f8sninger og produkter. V\u00e5re kurs kommer i ulike niv\u00e5er: Fra grunnleggende oppl\u00e6ring til mer avansert funksjonsdesign for viderekomne brukere, slik at du kan velge kurs tilpasset ditt niv\u00e5.&nbsp;<\/p>\n<\/div>\n\n<div class=\"container-md paragraph  \">\n<p>Standardkurs holdes i lokalene v\u00e5re i Larvik. I tillegg holder vi kurs ute hos v\u00e5re kunder, og tilbyr kundetilpassede spesialkurs. Samtlige kurs omfatter en kombinasjon av n\u00f8dvendig teori, og praktiske, realistiske \u00f8velsesoppgaver. Kursene holdes p\u00e5 skandinavisk, og kursmateriell leveres p\u00e5 enten engelsk eller skandinavisk. Alle programmer er p\u00e5 engelsk.&nbsp;<\/p>\n<\/div>\n\n<div class=\"container-md paragraph  \">\n<p>M\u00e5let v\u00e5rt er \u00e5 gi god og kvalifisert oppl\u00e6ring, slik at du kan l\u00f8se dine oppgaver bedre og raskere!<\/p>\n<\/div>\n\n<div class=\"container-md paragraph  \">\n<p>\u00d8nsker du \u00e5 delta p\u00e5 et av v\u00e5re kurs? Ta kontakt med oss p\u00e5<br>info.norway@novotek.com, s\u00e5 finner vi kurs som passer deg og din bedrifts behov.\u00a0<\/p>\n<\/div>\n\n<div class=\"container-md spacer  \">\n<div style=\"height:50px\" aria-hidden=\"true\" class=\"wp-block-spacer\"><\/div>\n<\/div>\n\n  <div class=\"slider-column-parent\">\n    <div class=\"container\">\n      <div class=\"slider-column-title\">Flere tjenester<\/div>\n\n      <div class=\"row\">\n        <div class=\"col-12 col-md-4\"><div class=\"column-box\">\n  \n      <div class=\"title\">\n      Teknisk support    <\/div>\n  \n      <div class=\"text\">\n      <p>Trenger du hjelp med dine l\u00f8sninger eller produkter? Vi er tilgjengelige for teknisk support.<\/p>\n    <\/div>\n  \n      <a class=\"link\"  href=\"https:\/\/www.novotek.com\/no\/vare-tjenester\/teknisk-support\/\" target=\"\">\n      Les mer    <\/a>\n  \n  <\/div>\n\n<\/div><div class=\"col-12 col-md-4\"><div class=\"column-box\">\n  \n      <div class=\"title\">\n      Service- og supportavtaler    <\/div>\n  \n      <div class=\"text\">\n      <p>Vi tilbyr ulike service- og supportavtaler.<\/p>\n    <\/div>\n  \n      <a class=\"link\"  href=\"https:\/\/www.novotek.com\/no\/vare-tjenester\/service-og-supportavtaler\/\" target=\"\">\n      Les mer    <\/a>\n  \n  <\/div>\n\n<\/div>      <\/div>\n    <\/div>\n  <\/div>\n","protected":false},"excerpt":{"rendered":"<p>Bli bedre kjent med dine l\u00f8sninger og produkter. Vi tilbyr b\u00e5de grunnleggende produktoppl\u00e6ring og kurs i mer avanserte funksjoner.<\/p>\n","protected":false},"author":7,"featured_media":2869,"parent":65,"menu_order":0,"comment_status":"closed","ping_status":"closed","template":"","meta":{"_acf_changed":false,"_relevanssi_hide_post":"","_relevanssi_pin_for_all":"","_relevanssi_pin_keywords":"","_relevanssi_unpin_keywords":"","_relevanssi_related_keywords":"","_relevanssi_related_include_ids":"","_relevanssi_related_exclude_ids":"","_relevanssi_related_no_append":"","_relevanssi_related_not_related":"","_relevanssi_related_posts":"1","_relevanssi_noindex_reason":"","footnotes":""},"class_list":["post-2946","page","type-page","status-publish","has-post-thumbnail","hentry"],"acf":[],"yoast_head":"<!-- This site is optimized with the Yoast SEO plugin v27.4 - https:\/\/yoast.com\/product\/yoast-seo-wordpress\/ -->\n<title>Kurs og oppl\u00e6ring - Novotek Norge<\/title>\n<meta name=\"description\" content=\"Bli bedre kjent med dine l\u00f8sninger og produkter. Vi tilbyr b\u00e5de grunnleggende produktoppl\u00e6ring og kurs i mer avanserte funksjoner. Se kurs og oppl\u00e6ring her.\" \/>\n<meta name=\"robots\" content=\"index, follow, max-snippet:-1, max-image-preview:large, max-video-preview:-1\" \/>\n<link rel=\"canonical\" href=\"https:\/\/www.novotek.com\/no\/vare-tjenester\/kurs-og-opplaering\/\" \/>\n<meta property=\"og:locale\" content=\"nb_NO\" \/>\n<meta property=\"og:type\" content=\"article\" \/>\n<meta property=\"og:title\" content=\"Kurs og oppl\u00e6ring - Novotek Norge\" \/>\n<meta property=\"og:description\" content=\"Bli bedre kjent med dine l\u00f8sninger og produkter. Vi tilbyr b\u00e5de grunnleggende produktoppl\u00e6ring og kurs i mer avanserte funksjoner. Se kurs og oppl\u00e6ring her.\" \/>\n<meta property=\"og:url\" content=\"https:\/\/www.novotek.com\/no\/vare-tjenester\/kurs-og-opplaering\/\" \/>\n<meta property=\"og:site_name\" content=\"Novotek Norge\" \/>\n<meta property=\"article:modified_time\" content=\"2025-09-01T08:25:40+00:00\" \/>\n<meta property=\"og:image\" content=\"https:\/\/www.novotek.com\/no\/wp-content\/uploads\/sites\/5\/Tjenester\/Novotek_kurs_og_opplaering_duotone_1920x800.jpg\" \/>\n\t<meta property=\"og:image:width\" content=\"1920\" \/>\n\t<meta property=\"og:image:height\" content=\"800\" \/>\n\t<meta property=\"og:image:type\" content=\"image\/jpeg\" \/>\n<meta name=\"twitter:card\" content=\"summary_large_image\" \/>\n<meta name=\"twitter:label1\" content=\"Ansl. lesetid\" \/>\n\t<meta name=\"twitter:data1\" content=\"2 minutter\" \/>\n<script type=\"application\/ld+json\" class=\"yoast-schema-graph\">{\"@context\":\"https:\\\/\\\/schema.org\",\"@graph\":[{\"@type\":\"WebPage\",\"@id\":\"https:\\\/\\\/www.novotek.com\\\/no\\\/vare-tjenester\\\/kurs-og-opplaering\\\/\",\"url\":\"https:\\\/\\\/www.novotek.com\\\/no\\\/vare-tjenester\\\/kurs-og-opplaering\\\/\",\"name\":\"Kurs og oppl\u00e6ring - Novotek Norge\",\"isPartOf\":{\"@id\":\"https:\\\/\\\/www.novotek.com\\\/no\\\/#website\"},\"primaryImageOfPage\":{\"@id\":\"https:\\\/\\\/www.novotek.com\\\/no\\\/vare-tjenester\\\/kurs-og-opplaering\\\/#primaryimage\"},\"image\":{\"@id\":\"https:\\\/\\\/www.novotek.com\\\/no\\\/vare-tjenester\\\/kurs-og-opplaering\\\/#primaryimage\"},\"thumbnailUrl\":\"https:\\\/\\\/www.novotek.com\\\/no\\\/wp-content\\\/uploads\\\/sites\\\/5\\\/Tjenester\\\/Novotek_kurs_og_opplaering_duotone_1920x800.jpg\",\"datePublished\":\"2021-07-09T12:33:53+00:00\",\"dateModified\":\"2025-09-01T08:25:40+00:00\",\"description\":\"Bli bedre kjent med dine l\u00f8sninger og produkter. Vi tilbyr b\u00e5de grunnleggende produktoppl\u00e6ring og kurs i mer avanserte funksjoner. Se kurs og oppl\u00e6ring her.\",\"breadcrumb\":{\"@id\":\"https:\\\/\\\/www.novotek.com\\\/no\\\/vare-tjenester\\\/kurs-og-opplaering\\\/#breadcrumb\"},\"inLanguage\":\"nb-NO\",\"potentialAction\":[{\"@type\":\"ReadAction\",\"target\":[\"https:\\\/\\\/www.novotek.com\\\/no\\\/vare-tjenester\\\/kurs-og-opplaering\\\/\"]}]},{\"@type\":\"ImageObject\",\"inLanguage\":\"nb-NO\",\"@id\":\"https:\\\/\\\/www.novotek.com\\\/no\\\/vare-tjenester\\\/kurs-og-opplaering\\\/#primaryimage\",\"url\":\"https:\\\/\\\/www.novotek.com\\\/no\\\/wp-content\\\/uploads\\\/sites\\\/5\\\/Tjenester\\\/Novotek_kurs_og_opplaering_duotone_1920x800.jpg\",\"contentUrl\":\"https:\\\/\\\/www.novotek.com\\\/no\\\/wp-content\\\/uploads\\\/sites\\\/5\\\/Tjenester\\\/Novotek_kurs_og_opplaering_duotone_1920x800.jpg\",\"width\":1920,\"height\":800,\"caption\":\"Personer skriver under kurs og oppl\u00e6ring.\"},{\"@type\":\"BreadcrumbList\",\"@id\":\"https:\\\/\\\/www.novotek.com\\\/no\\\/vare-tjenester\\\/kurs-og-opplaering\\\/#breadcrumb\",\"itemListElement\":[{\"@type\":\"ListItem\",\"position\":1,\"name\":\"Home\",\"item\":\"https:\\\/\\\/www.novotek.com\\\/no\\\/\"},{\"@type\":\"ListItem\",\"position\":2,\"name\":\"Tjenester\",\"item\":\"https:\\\/\\\/www.novotek.com\\\/no\\\/vare-tjenester\\\/\"},{\"@type\":\"ListItem\",\"position\":3,\"name\":\"Kurs og oppl\u00e6ring\"}]},{\"@type\":\"WebSite\",\"@id\":\"https:\\\/\\\/www.novotek.com\\\/no\\\/#website\",\"url\":\"https:\\\/\\\/www.novotek.com\\\/no\\\/\",\"name\":\"Novotek Norge\",\"description\":\"Automasjon, digitalisering og Analytics\",\"publisher\":{\"@id\":\"https:\\\/\\\/www.novotek.com\\\/no\\\/#organization\"},\"potentialAction\":[{\"@type\":\"SearchAction\",\"target\":{\"@type\":\"EntryPoint\",\"urlTemplate\":\"https:\\\/\\\/www.novotek.com\\\/no\\\/?s={search_term_string}\"},\"query-input\":{\"@type\":\"PropertyValueSpecification\",\"valueRequired\":true,\"valueName\":\"search_term_string\"}}],\"inLanguage\":\"nb-NO\"},{\"@type\":\"Organization\",\"@id\":\"https:\\\/\\\/www.novotek.com\\\/no\\\/#organization\",\"name\":\"Novotek AS\",\"url\":\"https:\\\/\\\/www.novotek.com\\\/no\\\/\",\"logo\":{\"@type\":\"ImageObject\",\"inLanguage\":\"nb-NO\",\"@id\":\"https:\\\/\\\/www.novotek.com\\\/no\\\/#\\\/schema\\\/logo\\\/image\\\/\",\"url\":\"https:\\\/\\\/www.novotek.com\\\/no\\\/wp-content\\\/uploads\\\/sites\\\/5\\\/Forside\\\/Novotek_logo.png\",\"contentUrl\":\"https:\\\/\\\/www.novotek.com\\\/no\\\/wp-content\\\/uploads\\\/sites\\\/5\\\/Forside\\\/Novotek_logo.png\",\"width\":1200,\"height\":348,\"caption\":\"Novotek AS\"},\"image\":{\"@id\":\"https:\\\/\\\/www.novotek.com\\\/no\\\/#\\\/schema\\\/logo\\\/image\\\/\"},\"sameAs\":[\"https:\\\/\\\/www.linkedin.com\\\/company\\\/novotek-as\"]}]}<\/script>\n<!-- \/ Yoast SEO plugin. -->","yoast_head_json":{"title":"Kurs og oppl\u00e6ring - Novotek Norge","description":"Bli bedre kjent med dine l\u00f8sninger og produkter. Vi tilbyr b\u00e5de grunnleggende produktoppl\u00e6ring og kurs i mer avanserte funksjoner. Se kurs og oppl\u00e6ring her.","robots":{"index":"index","follow":"follow","max-snippet":"max-snippet:-1","max-image-preview":"max-image-preview:large","max-video-preview":"max-video-preview:-1"},"canonical":"https:\/\/www.novotek.com\/no\/vare-tjenester\/kurs-og-opplaering\/","og_locale":"nb_NO","og_type":"article","og_title":"Kurs og oppl\u00e6ring - Novotek Norge","og_description":"Bli bedre kjent med dine l\u00f8sninger og produkter. Vi tilbyr b\u00e5de grunnleggende produktoppl\u00e6ring og kurs i mer avanserte funksjoner. Se kurs og oppl\u00e6ring her.","og_url":"https:\/\/www.novotek.com\/no\/vare-tjenester\/kurs-og-opplaering\/","og_site_name":"Novotek Norge","article_modified_time":"2025-09-01T08:25:40+00:00","og_image":[{"width":1920,"height":800,"url":"https:\/\/www.novotek.com\/no\/wp-content\/uploads\/sites\/5\/Tjenester\/Novotek_kurs_og_opplaering_duotone_1920x800.jpg","type":"image\/jpeg"}],"twitter_card":"summary_large_image","twitter_misc":{"Ansl. lesetid":"2 minutter"},"schema":{"@context":"https:\/\/schema.org","@graph":[{"@type":"WebPage","@id":"https:\/\/www.novotek.com\/no\/vare-tjenester\/kurs-og-opplaering\/","url":"https:\/\/www.novotek.com\/no\/vare-tjenester\/kurs-og-opplaering\/","name":"Kurs og oppl\u00e6ring - Novotek Norge","isPartOf":{"@id":"https:\/\/www.novotek.com\/no\/#website"},"primaryImageOfPage":{"@id":"https:\/\/www.novotek.com\/no\/vare-tjenester\/kurs-og-opplaering\/#primaryimage"},"image":{"@id":"https:\/\/www.novotek.com\/no\/vare-tjenester\/kurs-og-opplaering\/#primaryimage"},"thumbnailUrl":"https:\/\/www.novotek.com\/no\/wp-content\/uploads\/sites\/5\/Tjenester\/Novotek_kurs_og_opplaering_duotone_1920x800.jpg","datePublished":"2021-07-09T12:33:53+00:00","dateModified":"2025-09-01T08:25:40+00:00","description":"Bli bedre kjent med dine l\u00f8sninger og produkter. Vi tilbyr b\u00e5de grunnleggende produktoppl\u00e6ring og kurs i mer avanserte funksjoner. Se kurs og oppl\u00e6ring her.","breadcrumb":{"@id":"https:\/\/www.novotek.com\/no\/vare-tjenester\/kurs-og-opplaering\/#breadcrumb"},"inLanguage":"nb-NO","potentialAction":[{"@type":"ReadAction","target":["https:\/\/www.novotek.com\/no\/vare-tjenester\/kurs-og-opplaering\/"]}]},{"@type":"ImageObject","inLanguage":"nb-NO","@id":"https:\/\/www.novotek.com\/no\/vare-tjenester\/kurs-og-opplaering\/#primaryimage","url":"https:\/\/www.novotek.com\/no\/wp-content\/uploads\/sites\/5\/Tjenester\/Novotek_kurs_og_opplaering_duotone_1920x800.jpg","contentUrl":"https:\/\/www.novotek.com\/no\/wp-content\/uploads\/sites\/5\/Tjenester\/Novotek_kurs_og_opplaering_duotone_1920x800.jpg","width":1920,"height":800,"caption":"Personer skriver under kurs og oppl\u00e6ring."},{"@type":"BreadcrumbList","@id":"https:\/\/www.novotek.com\/no\/vare-tjenester\/kurs-og-opplaering\/#breadcrumb","itemListElement":[{"@type":"ListItem","position":1,"name":"Home","item":"https:\/\/www.novotek.com\/no\/"},{"@type":"ListItem","position":2,"name":"Tjenester","item":"https:\/\/www.novotek.com\/no\/vare-tjenester\/"},{"@type":"ListItem","position":3,"name":"Kurs og oppl\u00e6ring"}]},{"@type":"WebSite","@id":"https:\/\/www.novotek.com\/no\/#website","url":"https:\/\/www.novotek.com\/no\/","name":"Novotek Norge","description":"Automasjon, digitalisering og Analytics","publisher":{"@id":"https:\/\/www.novotek.com\/no\/#organization"},"potentialAction":[{"@type":"SearchAction","target":{"@type":"EntryPoint","urlTemplate":"https:\/\/www.novotek.com\/no\/?s={search_term_string}"},"query-input":{"@type":"PropertyValueSpecification","valueRequired":true,"valueName":"search_term_string"}}],"inLanguage":"nb-NO"},{"@type":"Organization","@id":"https:\/\/www.novotek.com\/no\/#organization","name":"Novotek AS","url":"https:\/\/www.novotek.com\/no\/","logo":{"@type":"ImageObject","inLanguage":"nb-NO","@id":"https:\/\/www.novotek.com\/no\/#\/schema\/logo\/image\/","url":"https:\/\/www.novotek.com\/no\/wp-content\/uploads\/sites\/5\/Forside\/Novotek_logo.png","contentUrl":"https:\/\/www.novotek.com\/no\/wp-content\/uploads\/sites\/5\/Forside\/Novotek_logo.png","width":1200,"height":348,"caption":"Novotek AS"},"image":{"@id":"https:\/\/www.novotek.com\/no\/#\/schema\/logo\/image\/"},"sameAs":["https:\/\/www.linkedin.com\/company\/novotek-as"]}]}},"_links":{"self":[{"href":"https:\/\/www.novotek.com\/no\/wp-json\/wp\/v2\/pages\/2946","targetHints":{"allow":["GET"]}}],"collection":[{"href":"https:\/\/www.novotek.com\/no\/wp-json\/wp\/v2\/pages"}],"about":[{"href":"https:\/\/www.novotek.com\/no\/wp-json\/wp\/v2\/types\/page"}],"author":[{"embeddable":true,"href":"https:\/\/www.novotek.com\/no\/wp-json\/wp\/v2\/users\/7"}],"replies":[{"embeddable":true,"href":"https:\/\/www.novotek.com\/no\/wp-json\/wp\/v2\/comments?post=2946"}],"version-history":[{"count":15,"href":"https:\/\/www.novotek.com\/no\/wp-json\/wp\/v2\/pages\/2946\/revisions"}],"predecessor-version":[{"id":16655,"href":"https:\/\/www.novotek.com\/no\/wp-json\/wp\/v2\/pages\/2946\/revisions\/16655"}],"up":[{"embeddable":true,"href":"https:\/\/www.novotek.com\/no\/wp-json\/wp\/v2\/pages\/65"}],"wp:featuredmedia":[{"embeddable":true,"href":"https:\/\/www.novotek.com\/no\/wp-json\/wp\/v2\/media\/2869"}],"wp:attachment":[{"href":"https:\/\/www.novotek.com\/no\/wp-json\/wp\/v2\/media?parent=2946"}],"curies":[{"name":"wp","href":"https:\/\/api.w.org\/{rel}","templated":true}]}}