{"id":2955,"date":"2021-07-09T12:47:15","date_gmt":"2021-07-09T12:47:15","guid":{"rendered":"https:\/\/www.novotek.com\/no\/?page_id=2955"},"modified":"2025-03-13T14:16:24","modified_gmt":"2025-03-13T14:16:24","slug":"teknisk-support","status":"publish","type":"page","link":"https:\/\/www.novotek.com\/no\/vare-tjenester\/teknisk-support\/","title":{"rendered":"Teknisk support"},"content":{"rendered":"  <div class=\"hero\">\n    <div class=\"carousel hero-slider small\" data-flickity data-flickity-options='{\"prevNextButtons\": false}'>\n              <div class=\"carousel-cell\">\n          <div class=\"container\">\n            <div class=\"hero-content\">\n                              <h1>Teknisk support<\/h1>\n<div class=\"text\">\n<p>Trenger du hjelp med dine l\u00f8sninger eller produkter? Vi er tilgjengelige for teknisk support.<\/p>\n<\/div>\n              \n                          <\/div>\n          <\/div>\n\n          <img decoding=\"async\" width=\"1024\" height=\"427\" src=\"https:\/\/www.novotek.com\/no\/wp-content\/uploads\/sites\/5\/Tjenester\/Novotek_teknisksupport_duotone_1920x800-1024x427.jpg\" class=\"hero-bg\" alt=\"Hero Img\" fetchpriority=\"high\" srcset=\"https:\/\/www.novotek.com\/no\/wp-content\/uploads\/sites\/5\/Tjenester\/Novotek_teknisksupport_duotone_1920x800-1024x427.jpg 1024w, https:\/\/www.novotek.com\/no\/wp-content\/uploads\/sites\/5\/Tjenester\/Novotek_teknisksupport_duotone_1920x800-300x125.jpg 300w, https:\/\/www.novotek.com\/no\/wp-content\/uploads\/sites\/5\/Tjenester\/Novotek_teknisksupport_duotone_1920x800-768x320.jpg 768w, https:\/\/www.novotek.com\/no\/wp-content\/uploads\/sites\/5\/Tjenester\/Novotek_teknisksupport_duotone_1920x800-1536x640.jpg 1536w, https:\/\/www.novotek.com\/no\/wp-content\/uploads\/sites\/5\/Tjenester\/Novotek_teknisksupport_duotone_1920x800.jpg 1920w\" sizes=\"(max-width: 1024px) 100vw, 1024px\" \/>                  <\/div>\n          <\/div>\n\n      <\/div>\n\n   <div class=\"floating-breadcrumb\"><div class=\"container\"><span><span><a href=\"https:\/\/www.novotek.com\/no\/\" class=\"breadcrumb-frontpage\">Home<\/a><\/span><\/span><\/div><\/div>\n\n\n<div class=\"container-md paragraph  \">\n<p>\u00c5 tilby god teknisk support er en av v\u00e5re viktigste oppgaver. V\u00e5r supportavdeling er tilgjengelig over mail og telefon alle ukedager.&nbsp;<\/p>\n<\/div>\n\n<div class=\"container-md paragraph  \">\n<p>Telefon: 33 16 58 00<br>Mail: support.norway@novotek.com<\/p>\n<\/div>\n\n<div class=\"container-md paragraph  \">\n<p>\u00c5pningstider: Mandag &#8211; fredag 08.00-16.00.<\/p>\n<\/div>\n\n<div class=\"container-md spacer  \">\n<div style=\"height:50px\" aria-hidden=\"true\" class=\"wp-block-spacer\"><\/div>\n<\/div>\n\n  <div class=\"slider-column-parent\">\n    <div class=\"container\">\n      <div class=\"slider-column-title\">Flere tjenester<\/div>\n\n      <div class=\"row\">\n        <div class=\"col-12 col-md-4\"><div class=\"column-box\">\n  \n      <div class=\"title\">\n      Service- og supportavtaler    <\/div>\n  \n      <div class=\"text\">\n      <p>Vi tilbyr ulike service- og supportavtaler.<\/p>\n    <\/div>\n  \n      <a class=\"link\"  href=\"https:\/\/www.novotek.com\/no\/vare-tjenester\/service-og-supportavtaler\/\" target=\"\">\n      Les mer    <\/a>\n  \n  <\/div>\n\n<\/div><div class=\"col-12 col-md-4\"><div class=\"column-box\">\n  \n      <div class=\"title\">\n      Kurs og oppl\u00e6ring    <\/div>\n  \n      <div class=\"text\">\n      <p>Vi tilbyr b\u00e5de grunnleggende produktoppl\u00e6ring og kurs i mer avanserte funksjoner.<\/p>\n    <\/div>\n  \n      <a class=\"link\"  href=\"https:\/\/www.novotek.com\/no\/vare-tjenester\/kurs-og-opplaering\/\" target=\"\">\n      Les mer    <\/a>\n  \n  <\/div>\n\n<\/div>      <\/div>\n    <\/div>\n  <\/div>\n","protected":false},"excerpt":{"rendered":"<p>Vi er tilgjengelige for teknisk support. Ta kontakt med v\u00e5r supportavdeling p\u00e5 support.norway@novotek.com<br \/>\n\u00c5pningstider: Mandag &#8211; fredag 08.00-16.00.<\/p>\n","protected":false},"author":7,"featured_media":2870,"parent":65,"menu_order":0,"comment_status":"closed","ping_status":"closed","template":"","meta":{"_acf_changed":false,"_relevanssi_hide_post":"","_relevanssi_pin_for_all":"","_relevanssi_pin_keywords":"","_relevanssi_unpin_keywords":"","_relevanssi_related_keywords":"","_relevanssi_related_include_ids":"","_relevanssi_related_exclude_ids":"","_relevanssi_related_no_append":"","_relevanssi_related_not_related":"","_relevanssi_related_posts":"1","_relevanssi_noindex_reason":"","footnotes":""},"class_list":["post-2955","page","type-page","status-publish","has-post-thumbnail","hentry"],"acf":[],"yoast_head":"<!-- This site is optimized with the Yoast SEO plugin v27.4 - https:\/\/yoast.com\/product\/yoast-seo-wordpress\/ -->\n<title>Teknisk support - Novotek Norge<\/title>\n<meta name=\"description\" content=\"Trenger du hjelp med dine l\u00f8sninger eller produkter? V\u00e5r supportavdeling er tilgjengelige for teknisk support alle ukedager.\" \/>\n<meta name=\"robots\" content=\"index, follow, max-snippet:-1, max-image-preview:large, max-video-preview:-1\" \/>\n<link rel=\"canonical\" href=\"https:\/\/www.novotek.com\/no\/vare-tjenester\/teknisk-support\/\" \/>\n<meta property=\"og:locale\" content=\"nb_NO\" \/>\n<meta property=\"og:type\" content=\"article\" \/>\n<meta property=\"og:title\" content=\"Teknisk support - Novotek Norge\" \/>\n<meta property=\"og:description\" content=\"Trenger du hjelp med dine l\u00f8sninger eller produkter? V\u00e5r supportavdeling er tilgjengelige for teknisk support alle ukedager.\" \/>\n<meta property=\"og:url\" content=\"https:\/\/www.novotek.com\/no\/vare-tjenester\/teknisk-support\/\" \/>\n<meta property=\"og:site_name\" content=\"Novotek Norge\" \/>\n<meta property=\"article:modified_time\" content=\"2025-03-13T14:16:24+00:00\" \/>\n<meta property=\"og:image\" content=\"https:\/\/www.novotek.com\/no\/wp-content\/uploads\/sites\/5\/Tjenester\/Novotek_teknisksupport_duotone_1920x800.jpg\" \/>\n\t<meta property=\"og:image:width\" content=\"1920\" \/>\n\t<meta property=\"og:image:height\" content=\"800\" \/>\n\t<meta property=\"og:image:type\" content=\"image\/jpeg\" \/>\n<meta name=\"twitter:card\" content=\"summary_large_image\" \/>\n<meta name=\"twitter:label1\" content=\"Ansl. lesetid\" \/>\n\t<meta name=\"twitter:data1\" content=\"1 minutt\" \/>\n<script type=\"application\/ld+json\" class=\"yoast-schema-graph\">{\"@context\":\"https:\\\/\\\/schema.org\",\"@graph\":[{\"@type\":\"WebPage\",\"@id\":\"https:\\\/\\\/www.novotek.com\\\/no\\\/vare-tjenester\\\/teknisk-support\\\/\",\"url\":\"https:\\\/\\\/www.novotek.com\\\/no\\\/vare-tjenester\\\/teknisk-support\\\/\",\"name\":\"Teknisk support - Novotek Norge\",\"isPartOf\":{\"@id\":\"https:\\\/\\\/www.novotek.com\\\/no\\\/#website\"},\"primaryImageOfPage\":{\"@id\":\"https:\\\/\\\/www.novotek.com\\\/no\\\/vare-tjenester\\\/teknisk-support\\\/#primaryimage\"},\"image\":{\"@id\":\"https:\\\/\\\/www.novotek.com\\\/no\\\/vare-tjenester\\\/teknisk-support\\\/#primaryimage\"},\"thumbnailUrl\":\"https:\\\/\\\/www.novotek.com\\\/no\\\/wp-content\\\/uploads\\\/sites\\\/5\\\/Tjenester\\\/Novotek_teknisksupport_duotone_1920x800.jpg\",\"datePublished\":\"2021-07-09T12:47:15+00:00\",\"dateModified\":\"2025-03-13T14:16:24+00:00\",\"description\":\"Trenger du hjelp med dine l\u00f8sninger eller produkter? V\u00e5r supportavdeling er tilgjengelige for teknisk support alle ukedager.\",\"breadcrumb\":{\"@id\":\"https:\\\/\\\/www.novotek.com\\\/no\\\/vare-tjenester\\\/teknisk-support\\\/#breadcrumb\"},\"inLanguage\":\"nb-NO\",\"potentialAction\":[{\"@type\":\"ReadAction\",\"target\":[\"https:\\\/\\\/www.novotek.com\\\/no\\\/vare-tjenester\\\/teknisk-support\\\/\"]}]},{\"@type\":\"ImageObject\",\"inLanguage\":\"nb-NO\",\"@id\":\"https:\\\/\\\/www.novotek.com\\\/no\\\/vare-tjenester\\\/teknisk-support\\\/#primaryimage\",\"url\":\"https:\\\/\\\/www.novotek.com\\\/no\\\/wp-content\\\/uploads\\\/sites\\\/5\\\/Tjenester\\\/Novotek_teknisksupport_duotone_1920x800.jpg\",\"contentUrl\":\"https:\\\/\\\/www.novotek.com\\\/no\\\/wp-content\\\/uploads\\\/sites\\\/5\\\/Tjenester\\\/Novotek_teknisksupport_duotone_1920x800.jpg\",\"width\":1920,\"height\":800,\"caption\":\"Konsentrert mann sitter foran PC.\"},{\"@type\":\"BreadcrumbList\",\"@id\":\"https:\\\/\\\/www.novotek.com\\\/no\\\/vare-tjenester\\\/teknisk-support\\\/#breadcrumb\",\"itemListElement\":[{\"@type\":\"ListItem\",\"position\":1,\"name\":\"Home\",\"item\":\"https:\\\/\\\/www.novotek.com\\\/no\\\/\"},{\"@type\":\"ListItem\",\"position\":2,\"name\":\"Tjenester\",\"item\":\"https:\\\/\\\/www.novotek.com\\\/no\\\/vare-tjenester\\\/\"},{\"@type\":\"ListItem\",\"position\":3,\"name\":\"Teknisk support\"}]},{\"@type\":\"WebSite\",\"@id\":\"https:\\\/\\\/www.novotek.com\\\/no\\\/#website\",\"url\":\"https:\\\/\\\/www.novotek.com\\\/no\\\/\",\"name\":\"Novotek Norge\",\"description\":\"Automasjon, digitalisering og Analytics\",\"publisher\":{\"@id\":\"https:\\\/\\\/www.novotek.com\\\/no\\\/#organization\"},\"potentialAction\":[{\"@type\":\"SearchAction\",\"target\":{\"@type\":\"EntryPoint\",\"urlTemplate\":\"https:\\\/\\\/www.novotek.com\\\/no\\\/?s={search_term_string}\"},\"query-input\":{\"@type\":\"PropertyValueSpecification\",\"valueRequired\":true,\"valueName\":\"search_term_string\"}}],\"inLanguage\":\"nb-NO\"},{\"@type\":\"Organization\",\"@id\":\"https:\\\/\\\/www.novotek.com\\\/no\\\/#organization\",\"name\":\"Novotek AS\",\"url\":\"https:\\\/\\\/www.novotek.com\\\/no\\\/\",\"logo\":{\"@type\":\"ImageObject\",\"inLanguage\":\"nb-NO\",\"@id\":\"https:\\\/\\\/www.novotek.com\\\/no\\\/#\\\/schema\\\/logo\\\/image\\\/\",\"url\":\"https:\\\/\\\/www.novotek.com\\\/no\\\/wp-content\\\/uploads\\\/sites\\\/5\\\/Forside\\\/Novotek_logo.png\",\"contentUrl\":\"https:\\\/\\\/www.novotek.com\\\/no\\\/wp-content\\\/uploads\\\/sites\\\/5\\\/Forside\\\/Novotek_logo.png\",\"width\":1200,\"height\":348,\"caption\":\"Novotek AS\"},\"image\":{\"@id\":\"https:\\\/\\\/www.novotek.com\\\/no\\\/#\\\/schema\\\/logo\\\/image\\\/\"},\"sameAs\":[\"https:\\\/\\\/www.linkedin.com\\\/company\\\/novotek-as\"]}]}<\/script>\n<!-- \/ Yoast SEO plugin. -->","yoast_head_json":{"title":"Teknisk support - Novotek Norge","description":"Trenger du hjelp med dine l\u00f8sninger eller produkter? V\u00e5r supportavdeling er tilgjengelige for teknisk support alle ukedager.","robots":{"index":"index","follow":"follow","max-snippet":"max-snippet:-1","max-image-preview":"max-image-preview:large","max-video-preview":"max-video-preview:-1"},"canonical":"https:\/\/www.novotek.com\/no\/vare-tjenester\/teknisk-support\/","og_locale":"nb_NO","og_type":"article","og_title":"Teknisk support - Novotek Norge","og_description":"Trenger du hjelp med dine l\u00f8sninger eller produkter? V\u00e5r supportavdeling er tilgjengelige for teknisk support alle ukedager.","og_url":"https:\/\/www.novotek.com\/no\/vare-tjenester\/teknisk-support\/","og_site_name":"Novotek Norge","article_modified_time":"2025-03-13T14:16:24+00:00","og_image":[{"width":1920,"height":800,"url":"https:\/\/www.novotek.com\/no\/wp-content\/uploads\/sites\/5\/Tjenester\/Novotek_teknisksupport_duotone_1920x800.jpg","type":"image\/jpeg"}],"twitter_card":"summary_large_image","twitter_misc":{"Ansl. lesetid":"1 minutt"},"schema":{"@context":"https:\/\/schema.org","@graph":[{"@type":"WebPage","@id":"https:\/\/www.novotek.com\/no\/vare-tjenester\/teknisk-support\/","url":"https:\/\/www.novotek.com\/no\/vare-tjenester\/teknisk-support\/","name":"Teknisk support - Novotek Norge","isPartOf":{"@id":"https:\/\/www.novotek.com\/no\/#website"},"primaryImageOfPage":{"@id":"https:\/\/www.novotek.com\/no\/vare-tjenester\/teknisk-support\/#primaryimage"},"image":{"@id":"https:\/\/www.novotek.com\/no\/vare-tjenester\/teknisk-support\/#primaryimage"},"thumbnailUrl":"https:\/\/www.novotek.com\/no\/wp-content\/uploads\/sites\/5\/Tjenester\/Novotek_teknisksupport_duotone_1920x800.jpg","datePublished":"2021-07-09T12:47:15+00:00","dateModified":"2025-03-13T14:16:24+00:00","description":"Trenger du hjelp med dine l\u00f8sninger eller produkter? V\u00e5r supportavdeling er tilgjengelige for teknisk support alle ukedager.","breadcrumb":{"@id":"https:\/\/www.novotek.com\/no\/vare-tjenester\/teknisk-support\/#breadcrumb"},"inLanguage":"nb-NO","potentialAction":[{"@type":"ReadAction","target":["https:\/\/www.novotek.com\/no\/vare-tjenester\/teknisk-support\/"]}]},{"@type":"ImageObject","inLanguage":"nb-NO","@id":"https:\/\/www.novotek.com\/no\/vare-tjenester\/teknisk-support\/#primaryimage","url":"https:\/\/www.novotek.com\/no\/wp-content\/uploads\/sites\/5\/Tjenester\/Novotek_teknisksupport_duotone_1920x800.jpg","contentUrl":"https:\/\/www.novotek.com\/no\/wp-content\/uploads\/sites\/5\/Tjenester\/Novotek_teknisksupport_duotone_1920x800.jpg","width":1920,"height":800,"caption":"Konsentrert mann sitter foran PC."},{"@type":"BreadcrumbList","@id":"https:\/\/www.novotek.com\/no\/vare-tjenester\/teknisk-support\/#breadcrumb","itemListElement":[{"@type":"ListItem","position":1,"name":"Home","item":"https:\/\/www.novotek.com\/no\/"},{"@type":"ListItem","position":2,"name":"Tjenester","item":"https:\/\/www.novotek.com\/no\/vare-tjenester\/"},{"@type":"ListItem","position":3,"name":"Teknisk support"}]},{"@type":"WebSite","@id":"https:\/\/www.novotek.com\/no\/#website","url":"https:\/\/www.novotek.com\/no\/","name":"Novotek Norge","description":"Automasjon, digitalisering og Analytics","publisher":{"@id":"https:\/\/www.novotek.com\/no\/#organization"},"potentialAction":[{"@type":"SearchAction","target":{"@type":"EntryPoint","urlTemplate":"https:\/\/www.novotek.com\/no\/?s={search_term_string}"},"query-input":{"@type":"PropertyValueSpecification","valueRequired":true,"valueName":"search_term_string"}}],"inLanguage":"nb-NO"},{"@type":"Organization","@id":"https:\/\/www.novotek.com\/no\/#organization","name":"Novotek AS","url":"https:\/\/www.novotek.com\/no\/","logo":{"@type":"ImageObject","inLanguage":"nb-NO","@id":"https:\/\/www.novotek.com\/no\/#\/schema\/logo\/image\/","url":"https:\/\/www.novotek.com\/no\/wp-content\/uploads\/sites\/5\/Forside\/Novotek_logo.png","contentUrl":"https:\/\/www.novotek.com\/no\/wp-content\/uploads\/sites\/5\/Forside\/Novotek_logo.png","width":1200,"height":348,"caption":"Novotek AS"},"image":{"@id":"https:\/\/www.novotek.com\/no\/#\/schema\/logo\/image\/"},"sameAs":["https:\/\/www.linkedin.com\/company\/novotek-as"]}]}},"_links":{"self":[{"href":"https:\/\/www.novotek.com\/no\/wp-json\/wp\/v2\/pages\/2955","targetHints":{"allow":["GET"]}}],"collection":[{"href":"https:\/\/www.novotek.com\/no\/wp-json\/wp\/v2\/pages"}],"about":[{"href":"https:\/\/www.novotek.com\/no\/wp-json\/wp\/v2\/types\/page"}],"author":[{"embeddable":true,"href":"https:\/\/www.novotek.com\/no\/wp-json\/wp\/v2\/users\/7"}],"replies":[{"embeddable":true,"href":"https:\/\/www.novotek.com\/no\/wp-json\/wp\/v2\/comments?post=2955"}],"version-history":[{"count":19,"href":"https:\/\/www.novotek.com\/no\/wp-json\/wp\/v2\/pages\/2955\/revisions"}],"predecessor-version":[{"id":15627,"href":"https:\/\/www.novotek.com\/no\/wp-json\/wp\/v2\/pages\/2955\/revisions\/15627"}],"up":[{"embeddable":true,"href":"https:\/\/www.novotek.com\/no\/wp-json\/wp\/v2\/pages\/65"}],"wp:featuredmedia":[{"embeddable":true,"href":"https:\/\/www.novotek.com\/no\/wp-json\/wp\/v2\/media\/2870"}],"wp:attachment":[{"href":"https:\/\/www.novotek.com\/no\/wp-json\/wp\/v2\/media?parent=2955"}],"curies":[{"name":"wp","href":"https:\/\/api.w.org\/{rel}","templated":true}]}}