{"id":301,"date":"2021-05-21T12:38:25","date_gmt":"2021-05-21T12:38:25","guid":{"rendered":"https:\/\/www.novotek.com\/no\/?page_id=301"},"modified":"2022-06-03T11:35:54","modified_gmt":"2022-06-03T11:35:54","slug":"service-og-supportavtaler","status":"publish","type":"page","link":"https:\/\/www.novotek.com\/no\/vare-tjenester\/service-og-supportavtaler\/","title":{"rendered":"Service- og supportavtaler"},"content":{"rendered":"  <div class=\"hero\">\n    <div class=\"carousel hero-slider small\" data-flickity data-flickity-options='{\"prevNextButtons\": false}'>\n              <div class=\"carousel-cell\">\n          <div class=\"container\">\n            <div class=\"hero-content\">\n                              <h1>Service- og supportavtaler<\/h1>\n<p>Vi tilbyr ulike service- og supportavtaler som kan tilpasses din bedrift.<\/p>\n              \n                          <\/div>\n          <\/div>\n\n          <img decoding=\"async\" width=\"1024\" height=\"426\" src=\"https:\/\/www.novotek.com\/no\/wp-content\/uploads\/sites\/5\/Tjenester\/Novotek_service_og_supportavtaler_duotone_1920x800_-1024x426.jpg\" class=\"hero-bg\" alt=\"Hero Img\" fetchpriority=\"high\" srcset=\"https:\/\/www.novotek.com\/no\/wp-content\/uploads\/sites\/5\/Tjenester\/Novotek_service_og_supportavtaler_duotone_1920x800_-1024x426.jpg 1024w, https:\/\/www.novotek.com\/no\/wp-content\/uploads\/sites\/5\/Tjenester\/Novotek_service_og_supportavtaler_duotone_1920x800_-300x125.jpg 300w, https:\/\/www.novotek.com\/no\/wp-content\/uploads\/sites\/5\/Tjenester\/Novotek_service_og_supportavtaler_duotone_1920x800_-768x320.jpg 768w, https:\/\/www.novotek.com\/no\/wp-content\/uploads\/sites\/5\/Tjenester\/Novotek_service_og_supportavtaler_duotone_1920x800_-1536x639.jpg 1536w, https:\/\/www.novotek.com\/no\/wp-content\/uploads\/sites\/5\/Tjenester\/Novotek_service_og_supportavtaler_duotone_1920x800_.jpg 1920w\" sizes=\"(max-width: 1024px) 100vw, 1024px\" \/>                  <\/div>\n          <\/div>\n\n      <\/div>\n\n   \n\n\n<div class=\"container-md paragraph  \">\n<p>Komplekse anlegg og produksjonsmilj\u00f8er har ofte tilsvarende komplekse supportbehov. Derfor tilbyr vi ulike service- og supportavtaler, slik at du kan v\u00e6re sikker p\u00e5 at du f\u00e5r hjelpen og veiledningen du har behov for, &#8211; n\u00e5r du trenger det.<\/p>\n<\/div>\n\n<div class=\"container-md paragraph  \">\n<p>Vi \u00f8nsker \u00e5 levere et kontinuerlig h\u00f8yt serviceniv\u00e5 for alle v\u00e5re kunder. V\u00e5r supportmodell inneb\u00e6rer at vi gir deg raske og effektive l\u00f8sninger p\u00e5 dine utfordringer gjennom hele produktets levetid. Ulike service- og supportavtaler kan tilpasses slik at du f\u00e5r en supportl\u00f8sning som passer deg og din bedrift.&nbsp;<\/p>\n<\/div>\n\n<div class=\"container-md paragraph  \">\n<p>\u00d8nsker du en service og supportavtale? Se v\u00e5re ulike avtaler nedenfor, og ta kontakt med oss p\u00e5 info@novotek.no eller via v\u00e5rt kontaktskjema.<\/p>\n<\/div>\n\n<div class=\"container-md spacer  \">\n<div style=\"height:10px\" aria-hidden=\"true\" class=\"wp-block-spacer\"><\/div>\n<\/div>\n\n<div class=\"container-md heading  \">\n<h2 class=\"wp-block-heading\">V\u00e5re service- og supportavtaler<\/h2>\n<\/div>\n\n<div class=\"container-md heading  \">\n<h4 class=\"wp-block-heading\"><strong>Supportavtale<\/strong><\/h4>\n<\/div>\n\n<div class=\"container-md paragraph  \">\n<p>En supportavtale garanterer at vi alltid har teknikere som har f\u00e5tt oppl\u00e6ring i dine standardprodukter fra Novotek. Service og support er tilgjengelig via telefon eller fjerntilkobling.<\/p>\n<\/div>\n\n<div class=\"container-md heading  \">\n<h4 class=\"wp-block-heading\"><strong>SupportPlus avtale<\/strong><\/h4>\n<\/div>\n\n<div class=\"container-md paragraph  \">\n<p>En SupportPlus avtale garanterer at Novotek alltid leverer siste patcher og oppgraderinger.&nbsp;<\/p>\n<\/div>\n\n<div class=\"container-md heading  \">\n<h4 class=\"wp-block-heading\"><strong>Serviceavtale<\/strong><\/h4>\n<\/div>\n\n<div class=\"container-md paragraph  \">\n<p>En serviceavtale garanterer at vi alltid har teknikere som har f\u00e5tt oppl\u00e6ring i dine standardprodukter fra Novotek. Teknikerne vil v\u00e6re tilgjengelige for vedlikehold, service og support. Avtalen kan tilpasses kundens behov med valgfrie supporttider, garantert svartid, hjelp p\u00e5 stedet og sikkerhetskopiering.<\/p>\n<\/div>\n\n<div class=\"container-md spacer  \">\n<div style=\"height:50px\" aria-hidden=\"true\" class=\"wp-block-spacer\"><\/div>\n<\/div>\n\n  <div class=\"slider-column-parent\">\n    <div class=\"container\">\n      <div class=\"slider-column-title\">Flere tjenester<\/div>\n\n      <div class=\"row\">\n        <div class=\"col-12 col-md-4\"><div class=\"column-box\">\n  \n      <div class=\"title\">\n      Teknisk support    <\/div>\n  \n      <div class=\"text\">\n      <p>Trenger du hjelp med dine l\u00f8sninger eller produkter? Vi er tilgjengelige for teknisk support.<\/p>\n    <\/div>\n  \n      <a class=\"link\"  href=\"https:\/\/www.novotek.com\/no\/vare-tjenester\/teknisk-support\/\" target=\"\">\n      Les mer    <\/a>\n  \n  <\/div>\n\n<\/div><div class=\"col-12 col-md-4\"><div class=\"column-box\">\n  \n      <div class=\"title\">\n      Kurs og oppl\u00e6ring    <\/div>\n  \n      <div class=\"text\">\n      <p>Vi tilbyr b\u00e5de grunnleggende produktoppl\u00e6ring og kurs i mer avanserte funksjoner.<\/p>\n    <\/div>\n  \n      <a class=\"link\"  href=\"https:\/\/www.novotek.com\/no\/vare-tjenester\/kurs-og-opplaering\/\" target=\"\">\n      Les mer    <\/a>\n  \n  <\/div>\n\n<\/div>      <\/div>\n    <\/div>\n  <\/div>\n","protected":false},"excerpt":{"rendered":"<p>Velg mellom ulike service- og supportavtaler som sikrer at vi alltid har teknikere med oppl\u00e6ring i dine produkter og l\u00f8sninger fra Novotek.<\/p>\n","protected":false},"author":7,"featured_media":2938,"parent":65,"menu_order":0,"comment_status":"closed","ping_status":"closed","template":"","meta":{"_acf_changed":false,"_relevanssi_hide_post":"","_relevanssi_pin_for_all":"","_relevanssi_pin_keywords":"","_relevanssi_unpin_keywords":"","_relevanssi_related_keywords":"","_relevanssi_related_include_ids":"","_relevanssi_related_exclude_ids":"","_relevanssi_related_no_append":"","_relevanssi_related_not_related":"","_relevanssi_related_posts":"1","_relevanssi_noindex_reason":"","footnotes":""},"class_list":["post-301","page","type-page","status-publish","has-post-thumbnail","hentry"],"acf":[],"yoast_head":"<!-- This site is optimized with the Yoast SEO plugin v27.4 - https:\/\/yoast.com\/product\/yoast-seo-wordpress\/ -->\n<title>Service- og supportavtaler - Novotek Norge<\/title>\n<meta name=\"description\" content=\"Anlegg og produksjonsmilj\u00f8er har komplekse supportbehov. Derfor tilbyr vi ulike service- og supportavtaler, slik at du f\u00e5r hjelpen du har behov for.\" \/>\n<meta name=\"robots\" content=\"index, follow, max-snippet:-1, max-image-preview:large, max-video-preview:-1\" \/>\n<link rel=\"canonical\" href=\"https:\/\/www.novotek.com\/no\/vare-tjenester\/service-og-supportavtaler\/\" \/>\n<meta property=\"og:locale\" content=\"nb_NO\" \/>\n<meta property=\"og:type\" content=\"article\" \/>\n<meta property=\"og:title\" content=\"Service- og supportavtaler - Novotek Norge\" \/>\n<meta property=\"og:description\" content=\"Anlegg og produksjonsmilj\u00f8er har komplekse supportbehov. Derfor tilbyr vi ulike service- og supportavtaler, slik at du f\u00e5r hjelpen du har behov for.\" \/>\n<meta property=\"og:url\" content=\"https:\/\/www.novotek.com\/no\/vare-tjenester\/service-og-supportavtaler\/\" \/>\n<meta property=\"og:site_name\" content=\"Novotek Norge\" \/>\n<meta property=\"article:modified_time\" content=\"2022-06-03T11:35:54+00:00\" \/>\n<meta property=\"og:image\" content=\"https:\/\/www.novotek.com\/no\/wp-content\/uploads\/sites\/5\/Tjenester\/Novotek_service_og_supportavtaler_duotone_1920x800_.jpg\" \/>\n\t<meta property=\"og:image:width\" content=\"1920\" \/>\n\t<meta property=\"og:image:height\" content=\"799\" \/>\n\t<meta property=\"og:image:type\" content=\"image\/jpeg\" \/>\n<meta name=\"twitter:card\" content=\"summary_large_image\" \/>\n<meta name=\"twitter:label1\" content=\"Ansl. lesetid\" \/>\n\t<meta name=\"twitter:data1\" content=\"2 minutter\" \/>\n<script type=\"application\/ld+json\" class=\"yoast-schema-graph\">{\"@context\":\"https:\\\/\\\/schema.org\",\"@graph\":[{\"@type\":\"WebPage\",\"@id\":\"https:\\\/\\\/www.novotek.com\\\/no\\\/vare-tjenester\\\/service-og-supportavtaler\\\/\",\"url\":\"https:\\\/\\\/www.novotek.com\\\/no\\\/vare-tjenester\\\/service-og-supportavtaler\\\/\",\"name\":\"Service- og supportavtaler - Novotek Norge\",\"isPartOf\":{\"@id\":\"https:\\\/\\\/www.novotek.com\\\/no\\\/#website\"},\"primaryImageOfPage\":{\"@id\":\"https:\\\/\\\/www.novotek.com\\\/no\\\/vare-tjenester\\\/service-og-supportavtaler\\\/#primaryimage\"},\"image\":{\"@id\":\"https:\\\/\\\/www.novotek.com\\\/no\\\/vare-tjenester\\\/service-og-supportavtaler\\\/#primaryimage\"},\"thumbnailUrl\":\"https:\\\/\\\/www.novotek.com\\\/no\\\/wp-content\\\/uploads\\\/sites\\\/5\\\/Tjenester\\\/Novotek_service_og_supportavtaler_duotone_1920x800_.jpg\",\"datePublished\":\"2021-05-21T12:38:25+00:00\",\"dateModified\":\"2022-06-03T11:35:54+00:00\",\"description\":\"Anlegg og produksjonsmilj\u00f8er har komplekse supportbehov. Derfor tilbyr vi ulike service- og supportavtaler, slik at du f\u00e5r hjelpen du har behov for.\",\"breadcrumb\":{\"@id\":\"https:\\\/\\\/www.novotek.com\\\/no\\\/vare-tjenester\\\/service-og-supportavtaler\\\/#breadcrumb\"},\"inLanguage\":\"nb-NO\",\"potentialAction\":[{\"@type\":\"ReadAction\",\"target\":[\"https:\\\/\\\/www.novotek.com\\\/no\\\/vare-tjenester\\\/service-og-supportavtaler\\\/\"]}]},{\"@type\":\"ImageObject\",\"inLanguage\":\"nb-NO\",\"@id\":\"https:\\\/\\\/www.novotek.com\\\/no\\\/vare-tjenester\\\/service-og-supportavtaler\\\/#primaryimage\",\"url\":\"https:\\\/\\\/www.novotek.com\\\/no\\\/wp-content\\\/uploads\\\/sites\\\/5\\\/Tjenester\\\/Novotek_service_og_supportavtaler_duotone_1920x800_.jpg\",\"contentUrl\":\"https:\\\/\\\/www.novotek.com\\\/no\\\/wp-content\\\/uploads\\\/sites\\\/5\\\/Tjenester\\\/Novotek_service_og_supportavtaler_duotone_1920x800_.jpg\",\"width\":1920,\"height\":799,\"caption\":\"To menn ser p\u00e5 maskiner og koblinger.\"},{\"@type\":\"BreadcrumbList\",\"@id\":\"https:\\\/\\\/www.novotek.com\\\/no\\\/vare-tjenester\\\/service-og-supportavtaler\\\/#breadcrumb\",\"itemListElement\":[{\"@type\":\"ListItem\",\"position\":1,\"name\":\"Home\",\"item\":\"https:\\\/\\\/www.novotek.com\\\/no\\\/\"},{\"@type\":\"ListItem\",\"position\":2,\"name\":\"Tjenester\",\"item\":\"https:\\\/\\\/www.novotek.com\\\/no\\\/vare-tjenester\\\/\"},{\"@type\":\"ListItem\",\"position\":3,\"name\":\"Service- og supportavtaler\"}]},{\"@type\":\"WebSite\",\"@id\":\"https:\\\/\\\/www.novotek.com\\\/no\\\/#website\",\"url\":\"https:\\\/\\\/www.novotek.com\\\/no\\\/\",\"name\":\"Novotek Norge\",\"description\":\"Automasjon, digitalisering og Analytics\",\"publisher\":{\"@id\":\"https:\\\/\\\/www.novotek.com\\\/no\\\/#organization\"},\"potentialAction\":[{\"@type\":\"SearchAction\",\"target\":{\"@type\":\"EntryPoint\",\"urlTemplate\":\"https:\\\/\\\/www.novotek.com\\\/no\\\/?s={search_term_string}\"},\"query-input\":{\"@type\":\"PropertyValueSpecification\",\"valueRequired\":true,\"valueName\":\"search_term_string\"}}],\"inLanguage\":\"nb-NO\"},{\"@type\":\"Organization\",\"@id\":\"https:\\\/\\\/www.novotek.com\\\/no\\\/#organization\",\"name\":\"Novotek AS\",\"url\":\"https:\\\/\\\/www.novotek.com\\\/no\\\/\",\"logo\":{\"@type\":\"ImageObject\",\"inLanguage\":\"nb-NO\",\"@id\":\"https:\\\/\\\/www.novotek.com\\\/no\\\/#\\\/schema\\\/logo\\\/image\\\/\",\"url\":\"https:\\\/\\\/www.novotek.com\\\/no\\\/wp-content\\\/uploads\\\/sites\\\/5\\\/Forside\\\/Novotek_logo.png\",\"contentUrl\":\"https:\\\/\\\/www.novotek.com\\\/no\\\/wp-content\\\/uploads\\\/sites\\\/5\\\/Forside\\\/Novotek_logo.png\",\"width\":1200,\"height\":348,\"caption\":\"Novotek AS\"},\"image\":{\"@id\":\"https:\\\/\\\/www.novotek.com\\\/no\\\/#\\\/schema\\\/logo\\\/image\\\/\"},\"sameAs\":[\"https:\\\/\\\/www.linkedin.com\\\/company\\\/novotek-as\"]}]}<\/script>\n<!-- \/ Yoast SEO plugin. -->","yoast_head_json":{"title":"Service- og supportavtaler - Novotek Norge","description":"Anlegg og produksjonsmilj\u00f8er har komplekse supportbehov. Derfor tilbyr vi ulike service- og supportavtaler, slik at du f\u00e5r hjelpen du har behov for.","robots":{"index":"index","follow":"follow","max-snippet":"max-snippet:-1","max-image-preview":"max-image-preview:large","max-video-preview":"max-video-preview:-1"},"canonical":"https:\/\/www.novotek.com\/no\/vare-tjenester\/service-og-supportavtaler\/","og_locale":"nb_NO","og_type":"article","og_title":"Service- og supportavtaler - Novotek Norge","og_description":"Anlegg og produksjonsmilj\u00f8er har komplekse supportbehov. Derfor tilbyr vi ulike service- og supportavtaler, slik at du f\u00e5r hjelpen du har behov for.","og_url":"https:\/\/www.novotek.com\/no\/vare-tjenester\/service-og-supportavtaler\/","og_site_name":"Novotek Norge","article_modified_time":"2022-06-03T11:35:54+00:00","og_image":[{"width":1920,"height":799,"url":"https:\/\/www.novotek.com\/no\/wp-content\/uploads\/sites\/5\/Tjenester\/Novotek_service_og_supportavtaler_duotone_1920x800_.jpg","type":"image\/jpeg"}],"twitter_card":"summary_large_image","twitter_misc":{"Ansl. lesetid":"2 minutter"},"schema":{"@context":"https:\/\/schema.org","@graph":[{"@type":"WebPage","@id":"https:\/\/www.novotek.com\/no\/vare-tjenester\/service-og-supportavtaler\/","url":"https:\/\/www.novotek.com\/no\/vare-tjenester\/service-og-supportavtaler\/","name":"Service- og supportavtaler - Novotek Norge","isPartOf":{"@id":"https:\/\/www.novotek.com\/no\/#website"},"primaryImageOfPage":{"@id":"https:\/\/www.novotek.com\/no\/vare-tjenester\/service-og-supportavtaler\/#primaryimage"},"image":{"@id":"https:\/\/www.novotek.com\/no\/vare-tjenester\/service-og-supportavtaler\/#primaryimage"},"thumbnailUrl":"https:\/\/www.novotek.com\/no\/wp-content\/uploads\/sites\/5\/Tjenester\/Novotek_service_og_supportavtaler_duotone_1920x800_.jpg","datePublished":"2021-05-21T12:38:25+00:00","dateModified":"2022-06-03T11:35:54+00:00","description":"Anlegg og produksjonsmilj\u00f8er har komplekse supportbehov. Derfor tilbyr vi ulike service- og supportavtaler, slik at du f\u00e5r hjelpen du har behov for.","breadcrumb":{"@id":"https:\/\/www.novotek.com\/no\/vare-tjenester\/service-og-supportavtaler\/#breadcrumb"},"inLanguage":"nb-NO","potentialAction":[{"@type":"ReadAction","target":["https:\/\/www.novotek.com\/no\/vare-tjenester\/service-og-supportavtaler\/"]}]},{"@type":"ImageObject","inLanguage":"nb-NO","@id":"https:\/\/www.novotek.com\/no\/vare-tjenester\/service-og-supportavtaler\/#primaryimage","url":"https:\/\/www.novotek.com\/no\/wp-content\/uploads\/sites\/5\/Tjenester\/Novotek_service_og_supportavtaler_duotone_1920x800_.jpg","contentUrl":"https:\/\/www.novotek.com\/no\/wp-content\/uploads\/sites\/5\/Tjenester\/Novotek_service_og_supportavtaler_duotone_1920x800_.jpg","width":1920,"height":799,"caption":"To menn ser p\u00e5 maskiner og koblinger."},{"@type":"BreadcrumbList","@id":"https:\/\/www.novotek.com\/no\/vare-tjenester\/service-og-supportavtaler\/#breadcrumb","itemListElement":[{"@type":"ListItem","position":1,"name":"Home","item":"https:\/\/www.novotek.com\/no\/"},{"@type":"ListItem","position":2,"name":"Tjenester","item":"https:\/\/www.novotek.com\/no\/vare-tjenester\/"},{"@type":"ListItem","position":3,"name":"Service- og supportavtaler"}]},{"@type":"WebSite","@id":"https:\/\/www.novotek.com\/no\/#website","url":"https:\/\/www.novotek.com\/no\/","name":"Novotek Norge","description":"Automasjon, digitalisering og Analytics","publisher":{"@id":"https:\/\/www.novotek.com\/no\/#organization"},"potentialAction":[{"@type":"SearchAction","target":{"@type":"EntryPoint","urlTemplate":"https:\/\/www.novotek.com\/no\/?s={search_term_string}"},"query-input":{"@type":"PropertyValueSpecification","valueRequired":true,"valueName":"search_term_string"}}],"inLanguage":"nb-NO"},{"@type":"Organization","@id":"https:\/\/www.novotek.com\/no\/#organization","name":"Novotek AS","url":"https:\/\/www.novotek.com\/no\/","logo":{"@type":"ImageObject","inLanguage":"nb-NO","@id":"https:\/\/www.novotek.com\/no\/#\/schema\/logo\/image\/","url":"https:\/\/www.novotek.com\/no\/wp-content\/uploads\/sites\/5\/Forside\/Novotek_logo.png","contentUrl":"https:\/\/www.novotek.com\/no\/wp-content\/uploads\/sites\/5\/Forside\/Novotek_logo.png","width":1200,"height":348,"caption":"Novotek AS"},"image":{"@id":"https:\/\/www.novotek.com\/no\/#\/schema\/logo\/image\/"},"sameAs":["https:\/\/www.linkedin.com\/company\/novotek-as"]}]}},"_links":{"self":[{"href":"https:\/\/www.novotek.com\/no\/wp-json\/wp\/v2\/pages\/301","targetHints":{"allow":["GET"]}}],"collection":[{"href":"https:\/\/www.novotek.com\/no\/wp-json\/wp\/v2\/pages"}],"about":[{"href":"https:\/\/www.novotek.com\/no\/wp-json\/wp\/v2\/types\/page"}],"author":[{"embeddable":true,"href":"https:\/\/www.novotek.com\/no\/wp-json\/wp\/v2\/users\/7"}],"replies":[{"embeddable":true,"href":"https:\/\/www.novotek.com\/no\/wp-json\/wp\/v2\/comments?post=301"}],"version-history":[{"count":29,"href":"https:\/\/www.novotek.com\/no\/wp-json\/wp\/v2\/pages\/301\/revisions"}],"predecessor-version":[{"id":7448,"href":"https:\/\/www.novotek.com\/no\/wp-json\/wp\/v2\/pages\/301\/revisions\/7448"}],"up":[{"embeddable":true,"href":"https:\/\/www.novotek.com\/no\/wp-json\/wp\/v2\/pages\/65"}],"wp:featuredmedia":[{"embeddable":true,"href":"https:\/\/www.novotek.com\/no\/wp-json\/wp\/v2\/media\/2938"}],"wp:attachment":[{"href":"https:\/\/www.novotek.com\/no\/wp-json\/wp\/v2\/media?parent=301"}],"curies":[{"name":"wp","href":"https:\/\/api.w.org\/{rel}","templated":true}]}}