{"id":315,"date":"2021-05-21T14:05:57","date_gmt":"2021-05-21T14:05:57","guid":{"rendered":"https:\/\/www.novotek.com\/no\/?page_id=315"},"modified":"2025-09-01T08:38:48","modified_gmt":"2025-09-01T08:38:48","slug":"jobb-i-novotek","status":"publish","type":"page","link":"https:\/\/www.novotek.com\/no\/om-oss\/jobb-i-novotek\/","title":{"rendered":"Jobb i Novotek"},"content":{"rendered":"  <div class=\"hero\">\n    <div class=\"carousel hero-slider small\" data-flickity data-flickity-options='{\"prevNextButtons\": false}'>\n              <div class=\"carousel-cell\">\n          <div class=\"container\">\n            <div class=\"hero-content\">\n                              <h1>Jobb i Novotek<\/h1>\n<p>V\u00e5re ansattes engasjement og lojalitet har alltid st\u00e5tt sentralt hos oss i Novotek, og er en forutsetning for v\u00e5r suksess.<\/p>\n              \n                          <\/div>\n          <\/div>\n\n          <img decoding=\"async\" width=\"1024\" height=\"427\" src=\"https:\/\/www.novotek.com\/no\/wp-content\/uploads\/sites\/5\/Forside\/Om_oss\/Jobb_i_Novotek_1920x800-1024x427.jpg\" class=\"hero-bg\" alt=\"Hero Img\" fetchpriority=\"high\" srcset=\"https:\/\/www.novotek.com\/no\/wp-content\/uploads\/sites\/5\/Forside\/Om_oss\/Jobb_i_Novotek_1920x800-1024x427.jpg 1024w, https:\/\/www.novotek.com\/no\/wp-content\/uploads\/sites\/5\/Forside\/Om_oss\/Jobb_i_Novotek_1920x800-300x125.jpg 300w, https:\/\/www.novotek.com\/no\/wp-content\/uploads\/sites\/5\/Forside\/Om_oss\/Jobb_i_Novotek_1920x800-768x320.jpg 768w, https:\/\/www.novotek.com\/no\/wp-content\/uploads\/sites\/5\/Forside\/Om_oss\/Jobb_i_Novotek_1920x800-1536x640.jpg 1536w, https:\/\/www.novotek.com\/no\/wp-content\/uploads\/sites\/5\/Forside\/Om_oss\/Jobb_i_Novotek_1920x800-86x36.jpg 86w, https:\/\/www.novotek.com\/no\/wp-content\/uploads\/sites\/5\/Forside\/Om_oss\/Jobb_i_Novotek_1920x800-306x128.jpg 306w, https:\/\/www.novotek.com\/no\/wp-content\/uploads\/sites\/5\/Forside\/Om_oss\/Jobb_i_Novotek_1920x800-636x265.jpg 636w, https:\/\/www.novotek.com\/no\/wp-content\/uploads\/sites\/5\/Forside\/Om_oss\/Jobb_i_Novotek_1920x800-1632x680.jpg 1632w, https:\/\/www.novotek.com\/no\/wp-content\/uploads\/sites\/5\/Forside\/Om_oss\/Jobb_i_Novotek_1920x800.jpg 1920w\" sizes=\"(max-width: 1024px) 100vw, 1024px\" \/>                  <\/div>\n          <\/div>\n\n      <\/div>\n\n   <div class=\"floating-breadcrumb\"><div class=\"container\"><span><span><a href=\"https:\/\/www.novotek.com\/no\/\" class=\"breadcrumb-frontpage\">Home<\/a><\/span><\/span><\/div><\/div>\n\n\n<div class=\"quotes-parent\">\n  <div class=\"container\">\n    <div class=\"carousel quotes-carousel\">\n              <div class=\"quote-cell carousel-cell\">\n          <div class=\"container-quote\">\n            <strong>&laquo;I Novotek tror vi p\u00e5 langsiktige relasjoner basert p\u00e5 kompetanse, fleksibilitet, p\u00e5litelighet og entusiasme&raquo;<\/strong>\n            <span><\/span>\n          <\/div>\n        <\/div>\n          <\/div>\n  <\/div>\n<\/div>\n\n\n<div class=\"container-md paragraph  \">\n<p>\u00d8nsker du jobb i Novotek? Vi vil v\u00e6re et givende sted \u00e5 jobbe. Bedriftskulturen kan oppsummeres med v\u00e5re kjerneverdier: CARE. CARE er et akronym som st\u00e5r for kompetent, smidig, p\u00e5litelig og entusiastisk. Ordene beskriver klimaet vi \u00f8nsker \u00e5 v\u00e6re preget av, b\u00e5de internt og sammen med v\u00e5re kunder.<\/p>\n<\/div>\n\n<div class=\"container-md heading  \">\n<h5 class=\"wp-block-heading\" id=\"h-competent\">Competent<\/h5>\n<\/div>\n\n<div class=\"container-md paragraph  \">\n<p>Grunnlaget til Novotek er v\u00e5r h\u00f8ye kompetanse med spesialister innen industriell IT og digitalisering, med kunnskapen som trengs for \u00e5 m\u00f8te v\u00e5re kunders behov.<\/p>\n<\/div>\n\n<div class=\"container-md heading  \">\n<h5 class=\"wp-block-heading\" id=\"h-agile\">Agile<\/h5>\n<\/div>\n\n<div class=\"container-md paragraph  \">\n<p>Helt siden v\u00e5r oppstart har vi operert i omr\u00e5der innen industriell IT, digitalisering og automasjon. Vi var pionerer, og har siden hatt en ledende stilling i disse omr\u00e5dene.<\/p>\n<\/div>\n\n<div class=\"container-md heading  \">\n<h5 class=\"wp-block-heading\" id=\"h-reliable\">Reliable<\/h5>\n<\/div>\n\n<div class=\"container-md paragraph  \">\n<p>V\u00e5re kunder legger ofte de viktigste delene av sin produksjon i v\u00e5re hender, derfor er det viktig for oss \u00e5 v\u00e6re en p\u00e5litelig samarbeidspartner.&nbsp;Vi tar ansvar og passer p\u00e5 hverandre, b\u00e5de kollegaer og kunder. Slik skaper vi tilliten og arbeidsgleden vi trenger for \u00e5 oppn\u00e5 gode resultater. <\/p>\n<\/div>\n\n<div class=\"container-md heading  \">\n<h5 class=\"wp-block-heading\" id=\"h-enthusiastic\">Enthusiastic<\/h5>\n<\/div>\n\n<div class=\"container-md paragraph  \">\n<p>Vi har et stort engasjement for v\u00e5r jobb i Novotek, noe som driver oss til \u00e5 levere enda bedre tjenester og l\u00f8sninger.<\/p>\n<\/div>\n\n<div class=\"container-md paragraph  \">\n<p>Vi har per n\u00e5 ingen ledige stillinger, men du kan alltid sende en mail til oss p\u00e5 info.novotek@norway.com!<\/p>\n<\/div>\n\n<div class=\"container-md spacer  \">\n<div style=\"height:30px\" aria-hidden=\"true\" class=\"wp-block-spacer\"><\/div>\n<\/div>\n\n<div class=\"container-md spacer  \">\n<div style=\"height:150px\" aria-hidden=\"true\" class=\"wp-block-spacer\"><\/div>\n<\/div>","protected":false},"excerpt":{"rendered":"<p>\u00d8nsker du jobb i Novotek? Vi vil v\u00e6re et givende sted \u00e5 jobbe. Bedriftskulturen kan oppsummeres med v\u00e5re kjerneverdier: CARE. CARE er et akronym som st\u00e5r for kompetent, smidig, p\u00e5litelig og entusiastisk. Ordene beskriver klimaet vi \u00f8nsker \u00e5 v\u00e6re preget av, b\u00e5de internt og sammen med v\u00e5re kunder. Competent Grunnlaget til Novotek er v\u00e5r h\u00f8ye [&hellip;]<\/p>\n","protected":false},"author":7,"featured_media":0,"parent":51,"menu_order":0,"comment_status":"closed","ping_status":"closed","template":"","meta":{"_acf_changed":false,"_relevanssi_hide_post":"","_relevanssi_pin_for_all":"","_relevanssi_pin_keywords":"","_relevanssi_unpin_keywords":"","_relevanssi_related_keywords":"","_relevanssi_related_include_ids":"","_relevanssi_related_exclude_ids":"","_relevanssi_related_no_append":"","_relevanssi_related_not_related":"","_relevanssi_related_posts":"1","_relevanssi_noindex_reason":"","footnotes":""},"class_list":["post-315","page","type-page","status-publish","hentry"],"acf":[],"yoast_head":"<!-- This site is optimized with the Yoast SEO plugin v27.4 - https:\/\/yoast.com\/product\/yoast-seo-wordpress\/ -->\n<title>Jobb i Novotek - Novotek Norge<\/title>\n<meta name=\"description\" content=\"\u00d8nsker du jobb i Novotek? Vi tror p\u00e5 langsiktige relasjoner basert p\u00e5 kompetanse, fleksibilitet, p\u00e5litelighet og entusiasme.\" \/>\n<meta name=\"robots\" content=\"index, follow, max-snippet:-1, max-image-preview:large, max-video-preview:-1\" \/>\n<link rel=\"canonical\" href=\"https:\/\/www.novotek.com\/no\/om-oss\/jobb-i-novotek\/\" \/>\n<meta property=\"og:locale\" content=\"nb_NO\" \/>\n<meta property=\"og:type\" content=\"article\" \/>\n<meta property=\"og:title\" content=\"Jobb i Novotek - Novotek Norge\" \/>\n<meta property=\"og:description\" content=\"\u00d8nsker du jobb i Novotek? Vi tror p\u00e5 langsiktige relasjoner basert p\u00e5 kompetanse, fleksibilitet, p\u00e5litelighet og entusiasme.\" \/>\n<meta property=\"og:url\" content=\"https:\/\/www.novotek.com\/no\/om-oss\/jobb-i-novotek\/\" \/>\n<meta property=\"og:site_name\" content=\"Novotek Norge\" \/>\n<meta property=\"article:modified_time\" content=\"2025-09-01T08:38:48+00:00\" \/>\n<meta name=\"twitter:card\" content=\"summary_large_image\" \/>\n<meta name=\"twitter:label1\" content=\"Ansl. lesetid\" \/>\n\t<meta name=\"twitter:data1\" content=\"2 minutter\" \/>\n<script type=\"application\/ld+json\" class=\"yoast-schema-graph\">{\"@context\":\"https:\\\/\\\/schema.org\",\"@graph\":[{\"@type\":\"WebPage\",\"@id\":\"https:\\\/\\\/www.novotek.com\\\/no\\\/om-oss\\\/jobb-i-novotek\\\/\",\"url\":\"https:\\\/\\\/www.novotek.com\\\/no\\\/om-oss\\\/jobb-i-novotek\\\/\",\"name\":\"Jobb i Novotek - Novotek Norge\",\"isPartOf\":{\"@id\":\"https:\\\/\\\/www.novotek.com\\\/no\\\/#website\"},\"datePublished\":\"2021-05-21T14:05:57+00:00\",\"dateModified\":\"2025-09-01T08:38:48+00:00\",\"description\":\"\u00d8nsker du jobb i Novotek? Vi tror p\u00e5 langsiktige relasjoner basert p\u00e5 kompetanse, fleksibilitet, p\u00e5litelighet og entusiasme.\",\"breadcrumb\":{\"@id\":\"https:\\\/\\\/www.novotek.com\\\/no\\\/om-oss\\\/jobb-i-novotek\\\/#breadcrumb\"},\"inLanguage\":\"nb-NO\",\"potentialAction\":[{\"@type\":\"ReadAction\",\"target\":[\"https:\\\/\\\/www.novotek.com\\\/no\\\/om-oss\\\/jobb-i-novotek\\\/\"]}]},{\"@type\":\"BreadcrumbList\",\"@id\":\"https:\\\/\\\/www.novotek.com\\\/no\\\/om-oss\\\/jobb-i-novotek\\\/#breadcrumb\",\"itemListElement\":[{\"@type\":\"ListItem\",\"position\":1,\"name\":\"Home\",\"item\":\"https:\\\/\\\/www.novotek.com\\\/no\\\/\"},{\"@type\":\"ListItem\",\"position\":2,\"name\":\"Om oss\",\"item\":\"https:\\\/\\\/www.novotek.com\\\/no\\\/om-oss\\\/\"},{\"@type\":\"ListItem\",\"position\":3,\"name\":\"Jobb i Novotek\"}]},{\"@type\":\"WebSite\",\"@id\":\"https:\\\/\\\/www.novotek.com\\\/no\\\/#website\",\"url\":\"https:\\\/\\\/www.novotek.com\\\/no\\\/\",\"name\":\"Novotek Norge\",\"description\":\"Automasjon, digitalisering og Analytics\",\"publisher\":{\"@id\":\"https:\\\/\\\/www.novotek.com\\\/no\\\/#organization\"},\"potentialAction\":[{\"@type\":\"SearchAction\",\"target\":{\"@type\":\"EntryPoint\",\"urlTemplate\":\"https:\\\/\\\/www.novotek.com\\\/no\\\/?s={search_term_string}\"},\"query-input\":{\"@type\":\"PropertyValueSpecification\",\"valueRequired\":true,\"valueName\":\"search_term_string\"}}],\"inLanguage\":\"nb-NO\"},{\"@type\":\"Organization\",\"@id\":\"https:\\\/\\\/www.novotek.com\\\/no\\\/#organization\",\"name\":\"Novotek AS\",\"url\":\"https:\\\/\\\/www.novotek.com\\\/no\\\/\",\"logo\":{\"@type\":\"ImageObject\",\"inLanguage\":\"nb-NO\",\"@id\":\"https:\\\/\\\/www.novotek.com\\\/no\\\/#\\\/schema\\\/logo\\\/image\\\/\",\"url\":\"https:\\\/\\\/www.novotek.com\\\/no\\\/wp-content\\\/uploads\\\/sites\\\/5\\\/Forside\\\/Novotek_logo.png\",\"contentUrl\":\"https:\\\/\\\/www.novotek.com\\\/no\\\/wp-content\\\/uploads\\\/sites\\\/5\\\/Forside\\\/Novotek_logo.png\",\"width\":1200,\"height\":348,\"caption\":\"Novotek AS\"},\"image\":{\"@id\":\"https:\\\/\\\/www.novotek.com\\\/no\\\/#\\\/schema\\\/logo\\\/image\\\/\"},\"sameAs\":[\"https:\\\/\\\/www.linkedin.com\\\/company\\\/novotek-as\"]}]}<\/script>\n<!-- \/ Yoast SEO plugin. -->","yoast_head_json":{"title":"Jobb i Novotek - Novotek Norge","description":"\u00d8nsker du jobb i Novotek? Vi tror p\u00e5 langsiktige relasjoner basert p\u00e5 kompetanse, fleksibilitet, p\u00e5litelighet og entusiasme.","robots":{"index":"index","follow":"follow","max-snippet":"max-snippet:-1","max-image-preview":"max-image-preview:large","max-video-preview":"max-video-preview:-1"},"canonical":"https:\/\/www.novotek.com\/no\/om-oss\/jobb-i-novotek\/","og_locale":"nb_NO","og_type":"article","og_title":"Jobb i Novotek - Novotek Norge","og_description":"\u00d8nsker du jobb i Novotek? Vi tror p\u00e5 langsiktige relasjoner basert p\u00e5 kompetanse, fleksibilitet, p\u00e5litelighet og entusiasme.","og_url":"https:\/\/www.novotek.com\/no\/om-oss\/jobb-i-novotek\/","og_site_name":"Novotek Norge","article_modified_time":"2025-09-01T08:38:48+00:00","twitter_card":"summary_large_image","twitter_misc":{"Ansl. lesetid":"2 minutter"},"schema":{"@context":"https:\/\/schema.org","@graph":[{"@type":"WebPage","@id":"https:\/\/www.novotek.com\/no\/om-oss\/jobb-i-novotek\/","url":"https:\/\/www.novotek.com\/no\/om-oss\/jobb-i-novotek\/","name":"Jobb i Novotek - Novotek Norge","isPartOf":{"@id":"https:\/\/www.novotek.com\/no\/#website"},"datePublished":"2021-05-21T14:05:57+00:00","dateModified":"2025-09-01T08:38:48+00:00","description":"\u00d8nsker du jobb i Novotek? Vi tror p\u00e5 langsiktige relasjoner basert p\u00e5 kompetanse, fleksibilitet, p\u00e5litelighet og entusiasme.","breadcrumb":{"@id":"https:\/\/www.novotek.com\/no\/om-oss\/jobb-i-novotek\/#breadcrumb"},"inLanguage":"nb-NO","potentialAction":[{"@type":"ReadAction","target":["https:\/\/www.novotek.com\/no\/om-oss\/jobb-i-novotek\/"]}]},{"@type":"BreadcrumbList","@id":"https:\/\/www.novotek.com\/no\/om-oss\/jobb-i-novotek\/#breadcrumb","itemListElement":[{"@type":"ListItem","position":1,"name":"Home","item":"https:\/\/www.novotek.com\/no\/"},{"@type":"ListItem","position":2,"name":"Om oss","item":"https:\/\/www.novotek.com\/no\/om-oss\/"},{"@type":"ListItem","position":3,"name":"Jobb i Novotek"}]},{"@type":"WebSite","@id":"https:\/\/www.novotek.com\/no\/#website","url":"https:\/\/www.novotek.com\/no\/","name":"Novotek Norge","description":"Automasjon, digitalisering og Analytics","publisher":{"@id":"https:\/\/www.novotek.com\/no\/#organization"},"potentialAction":[{"@type":"SearchAction","target":{"@type":"EntryPoint","urlTemplate":"https:\/\/www.novotek.com\/no\/?s={search_term_string}"},"query-input":{"@type":"PropertyValueSpecification","valueRequired":true,"valueName":"search_term_string"}}],"inLanguage":"nb-NO"},{"@type":"Organization","@id":"https:\/\/www.novotek.com\/no\/#organization","name":"Novotek AS","url":"https:\/\/www.novotek.com\/no\/","logo":{"@type":"ImageObject","inLanguage":"nb-NO","@id":"https:\/\/www.novotek.com\/no\/#\/schema\/logo\/image\/","url":"https:\/\/www.novotek.com\/no\/wp-content\/uploads\/sites\/5\/Forside\/Novotek_logo.png","contentUrl":"https:\/\/www.novotek.com\/no\/wp-content\/uploads\/sites\/5\/Forside\/Novotek_logo.png","width":1200,"height":348,"caption":"Novotek AS"},"image":{"@id":"https:\/\/www.novotek.com\/no\/#\/schema\/logo\/image\/"},"sameAs":["https:\/\/www.linkedin.com\/company\/novotek-as"]}]}},"_links":{"self":[{"href":"https:\/\/www.novotek.com\/no\/wp-json\/wp\/v2\/pages\/315","targetHints":{"allow":["GET"]}}],"collection":[{"href":"https:\/\/www.novotek.com\/no\/wp-json\/wp\/v2\/pages"}],"about":[{"href":"https:\/\/www.novotek.com\/no\/wp-json\/wp\/v2\/types\/page"}],"author":[{"embeddable":true,"href":"https:\/\/www.novotek.com\/no\/wp-json\/wp\/v2\/users\/7"}],"replies":[{"embeddable":true,"href":"https:\/\/www.novotek.com\/no\/wp-json\/wp\/v2\/comments?post=315"}],"version-history":[{"count":19,"href":"https:\/\/www.novotek.com\/no\/wp-json\/wp\/v2\/pages\/315\/revisions"}],"predecessor-version":[{"id":16667,"href":"https:\/\/www.novotek.com\/no\/wp-json\/wp\/v2\/pages\/315\/revisions\/16667"}],"up":[{"embeddable":true,"href":"https:\/\/www.novotek.com\/no\/wp-json\/wp\/v2\/pages\/51"}],"wp:attachment":[{"href":"https:\/\/www.novotek.com\/no\/wp-json\/wp\/v2\/media?parent=315"}],"curies":[{"name":"wp","href":"https:\/\/api.w.org\/{rel}","templated":true}]}}