{"id":317,"date":"2021-05-21T14:06:48","date_gmt":"2021-05-21T14:06:48","guid":{"rendered":"https:\/\/www.novotek.com\/no\/?page_id=317"},"modified":"2025-11-19T10:23:02","modified_gmt":"2025-11-19T10:23:02","slug":"miljo-og-kvalitetspolicy","status":"publish","type":"page","link":"https:\/\/www.novotek.com\/no\/om-oss\/miljo-og-kvalitetspolicy\/","title":{"rendered":"Milj\u00f8- og kvalitetspolicy"},"content":{"rendered":"  <div class=\"hero\">\n    <div class=\"carousel hero-slider small\" data-flickity data-flickity-options='{\"prevNextButtons\": false}'>\n              <div class=\"carousel-cell\">\n          <div class=\"container\">\n            <div class=\"hero-content\">\n                              <h1>Kvalitet og milj\u00f8<\/h1>\n<p>Vi i Novotek jobber med fokus p\u00e5 kvalitet og milj\u00f8. Se hvordan v\u00e5re l\u00f8sninger kan optimalisere din produksjon og samtidig hjelpe din bedrift med milj\u00f8arbeidet.<\/p>\n              \n                          <\/div>\n          <\/div>\n\n          <img decoding=\"async\" width=\"1024\" height=\"320\" src=\"https:\/\/www.novotek.com\/no\/wp-content\/uploads\/sites\/5\/Forside\/Om_oss\/Novotek_Website_Environment_Arrow_1920x600x-1024x320.jpg\" class=\"hero-bg\" alt=\"Hero Img\" fetchpriority=\"high\" srcset=\"https:\/\/www.novotek.com\/no\/wp-content\/uploads\/sites\/5\/Forside\/Om_oss\/Novotek_Website_Environment_Arrow_1920x600x-1024x320.jpg 1024w, https:\/\/www.novotek.com\/no\/wp-content\/uploads\/sites\/5\/Forside\/Om_oss\/Novotek_Website_Environment_Arrow_1920x600x-300x94.jpg 300w, https:\/\/www.novotek.com\/no\/wp-content\/uploads\/sites\/5\/Forside\/Om_oss\/Novotek_Website_Environment_Arrow_1920x600x-768x240.jpg 768w, https:\/\/www.novotek.com\/no\/wp-content\/uploads\/sites\/5\/Forside\/Om_oss\/Novotek_Website_Environment_Arrow_1920x600x-1536x480.jpg 1536w, https:\/\/www.novotek.com\/no\/wp-content\/uploads\/sites\/5\/Forside\/Om_oss\/Novotek_Website_Environment_Arrow_1920x600x-86x27.jpg 86w, https:\/\/www.novotek.com\/no\/wp-content\/uploads\/sites\/5\/Forside\/Om_oss\/Novotek_Website_Environment_Arrow_1920x600x-306x96.jpg 306w, https:\/\/www.novotek.com\/no\/wp-content\/uploads\/sites\/5\/Forside\/Om_oss\/Novotek_Website_Environment_Arrow_1920x600x-636x199.jpg 636w, https:\/\/www.novotek.com\/no\/wp-content\/uploads\/sites\/5\/Forside\/Om_oss\/Novotek_Website_Environment_Arrow_1920x600x-1632x510.jpg 1632w, https:\/\/www.novotek.com\/no\/wp-content\/uploads\/sites\/5\/Forside\/Om_oss\/Novotek_Website_Environment_Arrow_1920x600x.jpg 1920w\" sizes=\"(max-width: 1024px) 100vw, 1024px\" \/>                  <\/div>\n          <\/div>\n\n      <\/div>\n\n   <div class=\"floating-breadcrumb\"><div class=\"container\"><span><span><a href=\"https:\/\/www.novotek.com\/no\/\" class=\"breadcrumb-frontpage\">Home<\/a><\/span><\/span><\/div><\/div>\n\n\n<div class=\"container-md paragraph  \">\n<p>Novotek tilbyr tekniske l\u00f8sninger, tjenester og produkter innen industriell IT og automasjon. Med spesialkompetanse innen samtlige av v\u00e5re innovative og p\u00e5litelige l\u00f8sninger, har vi kunnskapen som trengs for \u00e5 integrere produktet i din bedrift. Etter integrasjon er vi alltid til stede for st\u00f8tte, service eller oppl\u00e6ring, slik at du kan benytte din l\u00f8sning eller produkt p\u00e5 best mulig m\u00e5te.&nbsp;<\/p>\n<\/div>\n\n<div class=\"container-md paragraph  \">\n<p>Vi er forpliktet til \u00e5 overholde lover og krav, forebygge forurensning, beskytte milj\u00f8et og forhindre d\u00e5rlig helse og ulykker. Vi utvikler derfor v\u00e5re systemer kontinuerlig for h\u00f8yere kvalitet, \u00f8kt brukervennlighet og et lavere milj\u00f8avtrykk.<\/p>\n<\/div>\n\n<div class=\"container-md spacer  \">\n<div style=\"height:50px\" aria-hidden=\"true\" class=\"wp-block-spacer\"><\/div>\n<\/div>\n\n<div class=\"container-md heading  \">\n<h2 class=\"wp-block-heading\" style=\"font-size:32px\">ISO-sertifisering<\/h2>\n<\/div>\n\n<div class=\"container-md paragraph  \">\n<p><strong>Kvalitetssikring<\/strong><\/p>\n<\/div>\n\n<div class=\"container-md paragraph  \">\n<p>Kvalitetssertifisert ISO 9001.<\/p>\n<\/div>\n\n<div class=\"container-md paragraph  \">\n<p><strong>Milj\u00f8sikring<\/strong><\/p>\n<\/div>\n\n<div class=\"container-md paragraph  \">\n<p>Milj\u00f8sertifisert ISO 14001.<\/p>\n<\/div>\n\n<div class=\"container-md paragraph  \">\n<p><strong>Informasjonssikkerhet<\/strong><\/p>\n<\/div>\n\n<div class=\"container-md paragraph  \">\n<p>Sikkerhetssertifisering ISO 27001.<\/p>\n<\/div>\n\n<div class=\"container-md spacer  \">\n<div style=\"height:50px\" aria-hidden=\"true\" class=\"wp-block-spacer\"><\/div>\n<\/div>\n\n<div class=\"container-md heading  \">\n<h3 class=\"wp-block-heading\">Noen av milj\u00f8forbedringene v\u00e5re produkter og kompetanse kan bidra med:<\/h3>\n<\/div>\n\n<div class=\"container-md list  \">\n<ul style=\"background-color:#f8f8f8\" class=\"wp-block-list has-background\"><div class=\"container-md list-item  \">\n<li>Koble kontrollsystemer sammen med Kepwares OPC-kommunikasjonsplattform <a href=\"https:\/\/www.novotek.com\/no\/automasjon\/opc-kommunikasjonsplattform\/kepserverex\/\">KEPServerEX<\/a>, og reduser behov for transport til eksterne anlegg for \u00e5 hente informasjon. Du unng\u00e5r utslipp fra kj\u00f8ret\u00f8y og sparer arbeidstid.<\/li>\n<\/div><\/ul>\n<\/div>\n\n<div class=\"container-md list  \">\n<ul style=\"background-color:#f8f8f8\" class=\"wp-block-list has-background\"><div class=\"container-md list-item  \">\n<li>Overv\u00e5k produksjonsprosesser med HMI\/SCADA-systemet <a href=\"https:\/\/www.novotek.com\/no\/automasjon\/scada\/proficy-ifix\/\">Proficy iFIX<\/a>, og f\u00e5 tidlige alarmer om for eksempel \u00f8kt utslipp fra en dampkjele. Kom raskt i gang med feils\u00f8king og probleml\u00f8sning, og minimer farlige utslipp.&nbsp;<\/li>\n<\/div><\/ul>\n<\/div>\n\n<div class=\"container-md list  \">\n<ul style=\"background-color:#f8f8f8\" class=\"wp-block-list has-background\"><div class=\"container-md list-item  \">\n<li>Loggf\u00f8r prosessverdier i en <a href=\"https:\/\/www.novotek.com\/no\/digitalisering\/datainnsamling-og-rapportering\/proficy-historian\/\">Proficy Historian<\/a>-database og analyser innsamlede data. Benytt informasjonen til \u00e5 optimalisere kontrollparametere, og reduser forbruket av r\u00e5varer.&nbsp;<\/li>\n<\/div><\/ul>\n<\/div>\n\n<div class=\"container-md list  \">\n<ul style=\"background-color:#f8f8f8\" class=\"wp-block-list has-background\"><div class=\"container-md list-item  \">\n<li>Benytt MES-l\u00f8sningen <a href=\"https:\/\/www.novotek.com\/no\/digitalisering\/mes\/proficy-smart-factory\/\">Proficy Smart Factory<\/a> sin OEE-funksjon <a href=\"https:\/\/www.novotek.com\/no\/digitalisering\/oee\/proficy-efficiency\/\">Proficy Efficency<\/a> for \u00e5 overv\u00e5ke utstyrseffektiviteten. Oppdag \u00e5rsaker til nedetid og avfall, og reduser dette for mer optimal produksjon av produkter med h\u00f8yere kvalitet.<\/li>\n<\/div><\/ul>\n<\/div>\n\n<div class=\"container-md spacer  \">\n<div style=\"height:50px\" aria-hidden=\"true\" class=\"wp-block-spacer\"><\/div>\n<\/div>\n\n<div class=\"cta-block\">\n  <div class=\"container\">\n          <h2>La oss fortelle mer!<\/h2>\n    \n    \n          <a class=\"btn btn-primary\" href=\"https:\/\/www.novotek.com\/no\/contact-us\/\">Kontakt oss<\/a>\n      <\/div>\n<\/div>\n","protected":false},"excerpt":{"rendered":"<p>Novotek tilbyr tekniske l\u00f8sninger, tjenester og produkter innen industriell IT og automasjon. Med spesialkompetanse innen samtlige av v\u00e5re innovative og p\u00e5litelige l\u00f8sninger, har vi kunnskapen som trengs for \u00e5 integrere produktet i din bedrift. Etter integrasjon er vi alltid til stede for st\u00f8tte, service eller oppl\u00e6ring, slik at du kan benytte din l\u00f8sning eller produkt [&hellip;]<\/p>\n","protected":false},"author":7,"featured_media":0,"parent":51,"menu_order":0,"comment_status":"closed","ping_status":"closed","template":"","meta":{"_acf_changed":false,"_relevanssi_hide_post":"","_relevanssi_pin_for_all":"","_relevanssi_pin_keywords":"","_relevanssi_unpin_keywords":"","_relevanssi_related_keywords":"","_relevanssi_related_include_ids":"","_relevanssi_related_exclude_ids":"","_relevanssi_related_no_append":"","_relevanssi_related_not_related":"","_relevanssi_related_posts":"1","_relevanssi_noindex_reason":"","footnotes":""},"class_list":["post-317","page","type-page","status-publish","hentry"],"acf":[],"yoast_head":"<!-- This site is optimized with the Yoast SEO plugin v27.4 - https:\/\/yoast.com\/product\/yoast-seo-wordpress\/ -->\n<title>Milj\u00f8- og kvalitetspolicy - Novotek Norge<\/title>\n<meta name=\"description\" content=\"Vi i Novotek jobber med fokus p\u00e5 kvalitet og milj\u00f8. Se hvordan v\u00e5re l\u00f8sninger kan optimalisere din produksjon og hjelpe med mil\u00f8arbeidet.\" \/>\n<meta name=\"robots\" content=\"index, follow, max-snippet:-1, max-image-preview:large, max-video-preview:-1\" \/>\n<link rel=\"canonical\" href=\"https:\/\/www.novotek.com\/no\/om-oss\/miljo-og-kvalitetspolicy\/\" \/>\n<meta property=\"og:locale\" content=\"nb_NO\" \/>\n<meta property=\"og:type\" content=\"article\" \/>\n<meta property=\"og:title\" content=\"Milj\u00f8- og kvalitetspolicy - Novotek Norge\" \/>\n<meta property=\"og:description\" content=\"Vi i Novotek jobber med fokus p\u00e5 kvalitet og milj\u00f8. Se hvordan v\u00e5re l\u00f8sninger kan optimalisere din produksjon og hjelpe med mil\u00f8arbeidet.\" \/>\n<meta property=\"og:url\" content=\"https:\/\/www.novotek.com\/no\/om-oss\/miljo-og-kvalitetspolicy\/\" \/>\n<meta property=\"og:site_name\" content=\"Novotek Norge\" \/>\n<meta property=\"article:modified_time\" content=\"2025-11-19T10:23:02+00:00\" \/>\n<meta name=\"twitter:card\" content=\"summary_large_image\" \/>\n<meta name=\"twitter:label1\" content=\"Ansl. lesetid\" \/>\n\t<meta name=\"twitter:data1\" content=\"2 minutter\" \/>\n<script type=\"application\/ld+json\" class=\"yoast-schema-graph\">{\"@context\":\"https:\\\/\\\/schema.org\",\"@graph\":[{\"@type\":\"WebPage\",\"@id\":\"https:\\\/\\\/www.novotek.com\\\/no\\\/om-oss\\\/miljo-og-kvalitetspolicy\\\/\",\"url\":\"https:\\\/\\\/www.novotek.com\\\/no\\\/om-oss\\\/miljo-og-kvalitetspolicy\\\/\",\"name\":\"Milj\u00f8- og kvalitetspolicy - Novotek Norge\",\"isPartOf\":{\"@id\":\"https:\\\/\\\/www.novotek.com\\\/no\\\/#website\"},\"datePublished\":\"2021-05-21T14:06:48+00:00\",\"dateModified\":\"2025-11-19T10:23:02+00:00\",\"description\":\"Vi i Novotek jobber med fokus p\u00e5 kvalitet og milj\u00f8. Se hvordan v\u00e5re l\u00f8sninger kan optimalisere din produksjon og hjelpe med mil\u00f8arbeidet.\",\"breadcrumb\":{\"@id\":\"https:\\\/\\\/www.novotek.com\\\/no\\\/om-oss\\\/miljo-og-kvalitetspolicy\\\/#breadcrumb\"},\"inLanguage\":\"nb-NO\",\"potentialAction\":[{\"@type\":\"ReadAction\",\"target\":[\"https:\\\/\\\/www.novotek.com\\\/no\\\/om-oss\\\/miljo-og-kvalitetspolicy\\\/\"]}]},{\"@type\":\"BreadcrumbList\",\"@id\":\"https:\\\/\\\/www.novotek.com\\\/no\\\/om-oss\\\/miljo-og-kvalitetspolicy\\\/#breadcrumb\",\"itemListElement\":[{\"@type\":\"ListItem\",\"position\":1,\"name\":\"Home\",\"item\":\"https:\\\/\\\/www.novotek.com\\\/no\\\/\"},{\"@type\":\"ListItem\",\"position\":2,\"name\":\"Om oss\",\"item\":\"https:\\\/\\\/www.novotek.com\\\/no\\\/om-oss\\\/\"},{\"@type\":\"ListItem\",\"position\":3,\"name\":\"Milj\u00f8- og kvalitetspolicy\"}]},{\"@type\":\"WebSite\",\"@id\":\"https:\\\/\\\/www.novotek.com\\\/no\\\/#website\",\"url\":\"https:\\\/\\\/www.novotek.com\\\/no\\\/\",\"name\":\"Novotek Norge\",\"description\":\"Automasjon, digitalisering og Analytics\",\"publisher\":{\"@id\":\"https:\\\/\\\/www.novotek.com\\\/no\\\/#organization\"},\"potentialAction\":[{\"@type\":\"SearchAction\",\"target\":{\"@type\":\"EntryPoint\",\"urlTemplate\":\"https:\\\/\\\/www.novotek.com\\\/no\\\/?s={search_term_string}\"},\"query-input\":{\"@type\":\"PropertyValueSpecification\",\"valueRequired\":true,\"valueName\":\"search_term_string\"}}],\"inLanguage\":\"nb-NO\"},{\"@type\":\"Organization\",\"@id\":\"https:\\\/\\\/www.novotek.com\\\/no\\\/#organization\",\"name\":\"Novotek AS\",\"url\":\"https:\\\/\\\/www.novotek.com\\\/no\\\/\",\"logo\":{\"@type\":\"ImageObject\",\"inLanguage\":\"nb-NO\",\"@id\":\"https:\\\/\\\/www.novotek.com\\\/no\\\/#\\\/schema\\\/logo\\\/image\\\/\",\"url\":\"https:\\\/\\\/www.novotek.com\\\/no\\\/wp-content\\\/uploads\\\/sites\\\/5\\\/Forside\\\/Novotek_logo.png\",\"contentUrl\":\"https:\\\/\\\/www.novotek.com\\\/no\\\/wp-content\\\/uploads\\\/sites\\\/5\\\/Forside\\\/Novotek_logo.png\",\"width\":1200,\"height\":348,\"caption\":\"Novotek AS\"},\"image\":{\"@id\":\"https:\\\/\\\/www.novotek.com\\\/no\\\/#\\\/schema\\\/logo\\\/image\\\/\"},\"sameAs\":[\"https:\\\/\\\/www.linkedin.com\\\/company\\\/novotek-as\"]}]}<\/script>\n<!-- \/ Yoast SEO plugin. -->","yoast_head_json":{"title":"Milj\u00f8- og kvalitetspolicy - Novotek Norge","description":"Vi i Novotek jobber med fokus p\u00e5 kvalitet og milj\u00f8. Se hvordan v\u00e5re l\u00f8sninger kan optimalisere din produksjon og hjelpe med mil\u00f8arbeidet.","robots":{"index":"index","follow":"follow","max-snippet":"max-snippet:-1","max-image-preview":"max-image-preview:large","max-video-preview":"max-video-preview:-1"},"canonical":"https:\/\/www.novotek.com\/no\/om-oss\/miljo-og-kvalitetspolicy\/","og_locale":"nb_NO","og_type":"article","og_title":"Milj\u00f8- og kvalitetspolicy - Novotek Norge","og_description":"Vi i Novotek jobber med fokus p\u00e5 kvalitet og milj\u00f8. Se hvordan v\u00e5re l\u00f8sninger kan optimalisere din produksjon og hjelpe med mil\u00f8arbeidet.","og_url":"https:\/\/www.novotek.com\/no\/om-oss\/miljo-og-kvalitetspolicy\/","og_site_name":"Novotek Norge","article_modified_time":"2025-11-19T10:23:02+00:00","twitter_card":"summary_large_image","twitter_misc":{"Ansl. lesetid":"2 minutter"},"schema":{"@context":"https:\/\/schema.org","@graph":[{"@type":"WebPage","@id":"https:\/\/www.novotek.com\/no\/om-oss\/miljo-og-kvalitetspolicy\/","url":"https:\/\/www.novotek.com\/no\/om-oss\/miljo-og-kvalitetspolicy\/","name":"Milj\u00f8- og kvalitetspolicy - Novotek Norge","isPartOf":{"@id":"https:\/\/www.novotek.com\/no\/#website"},"datePublished":"2021-05-21T14:06:48+00:00","dateModified":"2025-11-19T10:23:02+00:00","description":"Vi i Novotek jobber med fokus p\u00e5 kvalitet og milj\u00f8. Se hvordan v\u00e5re l\u00f8sninger kan optimalisere din produksjon og hjelpe med mil\u00f8arbeidet.","breadcrumb":{"@id":"https:\/\/www.novotek.com\/no\/om-oss\/miljo-og-kvalitetspolicy\/#breadcrumb"},"inLanguage":"nb-NO","potentialAction":[{"@type":"ReadAction","target":["https:\/\/www.novotek.com\/no\/om-oss\/miljo-og-kvalitetspolicy\/"]}]},{"@type":"BreadcrumbList","@id":"https:\/\/www.novotek.com\/no\/om-oss\/miljo-og-kvalitetspolicy\/#breadcrumb","itemListElement":[{"@type":"ListItem","position":1,"name":"Home","item":"https:\/\/www.novotek.com\/no\/"},{"@type":"ListItem","position":2,"name":"Om oss","item":"https:\/\/www.novotek.com\/no\/om-oss\/"},{"@type":"ListItem","position":3,"name":"Milj\u00f8- og kvalitetspolicy"}]},{"@type":"WebSite","@id":"https:\/\/www.novotek.com\/no\/#website","url":"https:\/\/www.novotek.com\/no\/","name":"Novotek Norge","description":"Automasjon, digitalisering og Analytics","publisher":{"@id":"https:\/\/www.novotek.com\/no\/#organization"},"potentialAction":[{"@type":"SearchAction","target":{"@type":"EntryPoint","urlTemplate":"https:\/\/www.novotek.com\/no\/?s={search_term_string}"},"query-input":{"@type":"PropertyValueSpecification","valueRequired":true,"valueName":"search_term_string"}}],"inLanguage":"nb-NO"},{"@type":"Organization","@id":"https:\/\/www.novotek.com\/no\/#organization","name":"Novotek AS","url":"https:\/\/www.novotek.com\/no\/","logo":{"@type":"ImageObject","inLanguage":"nb-NO","@id":"https:\/\/www.novotek.com\/no\/#\/schema\/logo\/image\/","url":"https:\/\/www.novotek.com\/no\/wp-content\/uploads\/sites\/5\/Forside\/Novotek_logo.png","contentUrl":"https:\/\/www.novotek.com\/no\/wp-content\/uploads\/sites\/5\/Forside\/Novotek_logo.png","width":1200,"height":348,"caption":"Novotek AS"},"image":{"@id":"https:\/\/www.novotek.com\/no\/#\/schema\/logo\/image\/"},"sameAs":["https:\/\/www.linkedin.com\/company\/novotek-as"]}]}},"_links":{"self":[{"href":"https:\/\/www.novotek.com\/no\/wp-json\/wp\/v2\/pages\/317","targetHints":{"allow":["GET"]}}],"collection":[{"href":"https:\/\/www.novotek.com\/no\/wp-json\/wp\/v2\/pages"}],"about":[{"href":"https:\/\/www.novotek.com\/no\/wp-json\/wp\/v2\/types\/page"}],"author":[{"embeddable":true,"href":"https:\/\/www.novotek.com\/no\/wp-json\/wp\/v2\/users\/7"}],"replies":[{"embeddable":true,"href":"https:\/\/www.novotek.com\/no\/wp-json\/wp\/v2\/comments?post=317"}],"version-history":[{"count":30,"href":"https:\/\/www.novotek.com\/no\/wp-json\/wp\/v2\/pages\/317\/revisions"}],"predecessor-version":[{"id":17200,"href":"https:\/\/www.novotek.com\/no\/wp-json\/wp\/v2\/pages\/317\/revisions\/17200"}],"up":[{"embeddable":true,"href":"https:\/\/www.novotek.com\/no\/wp-json\/wp\/v2\/pages\/51"}],"wp:attachment":[{"href":"https:\/\/www.novotek.com\/no\/wp-json\/wp\/v2\/media?parent=317"}],"curies":[{"name":"wp","href":"https:\/\/api.w.org\/{rel}","templated":true}]}}