{"id":3220,"date":"2021-07-28T14:15:58","date_gmt":"2021-07-28T14:15:58","guid":{"rendered":"https:\/\/www.novotek.com\/no\/?page_id=3220"},"modified":"2026-04-22T11:11:41","modified_gmt":"2026-04-22T11:11:41","slug":"vann-og-avlop","status":"publish","type":"page","link":"https:\/\/www.novotek.com\/no\/bransjer\/vann-og-avlop\/","title":{"rendered":"Vann og avl\u00f8p"},"content":{"rendered":"  <div class=\"hero\">\n    <div class=\"carousel hero-slider small\" data-flickity data-flickity-options='{\"prevNextButtons\": false}'>\n              <div class=\"carousel-cell\">\n          <div class=\"container\">\n            <div class=\"hero-content\">\n                              <h1>Vann og avl\u00f8p<\/h1>\n<p>Vann og avl\u00f8p (VA) er et av segmentene som er representert i alle landene v\u00e5re. Sammen med v\u00e5re leverand\u00f8rer har vi utviklet komplette l\u00f8sninger for vann og avl\u00f8p i mer enn 35 \u00e5r. Ved \u00e5 digitalisere anlegget oppn\u00e5r du en fleksibel og fremtidssikker l\u00f8sning som tar hensyn til krav om holdbarhet og sirkul\u00e6r \u00f8konomi.<\/p>\n              \n                          <\/div>\n          <\/div>\n\n          <img decoding=\"async\" width=\"1024\" height=\"427\" src=\"https:\/\/www.novotek.com\/no\/wp-content\/uploads\/sites\/5\/Bransjer\/Vann_og_avl\u00f8p\/Vann_og_avlopp_1920x800_NEW-1024x427.jpg\" class=\"hero-bg\" alt=\"Hero Img\" fetchpriority=\"high\" srcset=\"https:\/\/www.novotek.com\/no\/wp-content\/uploads\/sites\/5\/Bransjer\/Vann_og_avl\u00f8p\/Vann_og_avlopp_1920x800_NEW-1024x427.jpg 1024w, https:\/\/www.novotek.com\/no\/wp-content\/uploads\/sites\/5\/Bransjer\/Vann_og_avl\u00f8p\/Vann_og_avlopp_1920x800_NEW-300x125.jpg 300w, https:\/\/www.novotek.com\/no\/wp-content\/uploads\/sites\/5\/Bransjer\/Vann_og_avl\u00f8p\/Vann_og_avlopp_1920x800_NEW-768x320.jpg 768w, https:\/\/www.novotek.com\/no\/wp-content\/uploads\/sites\/5\/Bransjer\/Vann_og_avl\u00f8p\/Vann_og_avlopp_1920x800_NEW-1536x640.jpg 1536w, https:\/\/www.novotek.com\/no\/wp-content\/uploads\/sites\/5\/Bransjer\/Vann_og_avl\u00f8p\/Vann_og_avlopp_1920x800_NEW.jpg 1920w\" sizes=\"(max-width: 1024px) 100vw, 1024px\" \/>                  <\/div>\n          <\/div>\n\n      <\/div>\n\n   <div class=\"floating-breadcrumb\"><div class=\"container\"><span><span><a href=\"https:\/\/www.novotek.com\/no\/\" class=\"breadcrumb-frontpage\">Home<\/a><\/span><\/span><\/div><\/div>\n\n\n<div class=\"container-md paragraph  \">\n<p><strong><a href=\"https:\/\/www.novotek.com\/no\/automasjon\/scada\/proficy-ifix\/\">Proficy iFIX<\/a><\/strong> fra GE Vernova er et av de vanligste SCADA\/driftskontrollsystemene som finnes i anlegg for vann og avl\u00f8p. Viktige egenskaper som kreves av et moderne operat\u00f8rsystem er blant annet fleksibel kommunikasjon via Ethernet, RS232\/RS422\/RS485, radio og GSM. Her har vi i Novotek v\u00e6rt med p\u00e5 \u00e5 utvikle mange typer protokoller for blant annet oppringt kommunikasjon til pumpestasjoner, boosterstasjoner og vannt\u00e5rn.&nbsp;<\/p>\n<\/div>\n\n<div class=\"container-md paragraph  \">\n<p>Operat\u00f8rsystemet Proficy iFIX kan kommunisere med de fleste typer kontrollere for pumpestasjoner, som ABB OP45, Flygt AquaCom (MACTEC), Swedmaster Called Comli Driver og mange andre typer.&nbsp;<\/p>\n<\/div>\n\n<div class=\"container media-text  align\">\n<div class=\"wp-block-media-text has-media-on-the-right is-stacked-on-mobile\"><div class=\"wp-block-media-text__content\"><div class=\"container-md heading  \">\n<h2 class=\"wp-block-heading\" id=\"h-alarmhandtering\">Alarmh\u00e5ndtering<\/h2>\n<\/div>\n\n<div class=\"container-md paragraph  \">\n<p>Operat\u00f8rsystemet har avansert alarmh\u00e5ndtering der alarmer fra b\u00e5de sentrale anlegg og avsidesliggende anlegg, samt pumpestasjoner, vannt\u00e5rn og trykk\u00f8kende stasjoner samles inn, lagres og presenteres i operat\u00f8rsystemets alarmliste. Alarmer kan grupperes i ulike alarmomr\u00e5der og med forskjellig prioritet, avhengig av hvor kritisk alarmen er. N\u00e5r en alarm utl\u00f8ses kan man sende ut alarmvarsling via operat\u00f8rsystemets tilleggsmodul Messenger til mobiltelefoner, e-post, minicall og annet. Alarmer fra operat\u00f8rsystemet kan ogs\u00e5 bekreftes via en app for Android-telefoner.<\/p>\n<\/div>\n\n<div class=\"container-md paragraph  \">\n<p>For f\u00e5 bedre oversikt over alarmene kan en alarmanalysemodul integreres i operat\u00f8rsystemets prosessbilder. Her kan man sortere og filtrere alarmer basert p\u00e5 alarmomr\u00e5de, prioritet med mer. I tillegg kan man enkelt se hvor mange ganger et signal har v\u00e6rt i alarmtilstand, samt hvor lenge den varte i l\u00f8pet av en bestemt tidsperiode.<\/p>\n<\/div><\/div><figure class=\"wp-block-media-text__media\"><img loading=\"lazy\" decoding=\"async\" width=\"1024\" height=\"682\" src=\"https:\/\/www.novotek.com\/no\/wp-content\/uploads\/sites\/5\/Bransjer\/Vann_og_avl\u00f8p\/HMI_SCADA_vann_og_avl\u00f8p\/Wate-dashbord_new_hmi-1024x682.png\" alt=\"Water dashbord, Proficy iFIX, High Performance HMI\" class=\"wp-image-17387 size-full\" srcset=\"https:\/\/www.novotek.com\/no\/wp-content\/uploads\/sites\/5\/Bransjer\/Vann_og_avl\u00f8p\/HMI_SCADA_vann_og_avl\u00f8p\/Wate-dashbord_new_hmi-1024x682.png 1024w, https:\/\/www.novotek.com\/no\/wp-content\/uploads\/sites\/5\/Bransjer\/Vann_og_avl\u00f8p\/HMI_SCADA_vann_og_avl\u00f8p\/Wate-dashbord_new_hmi-300x200.png 300w, https:\/\/www.novotek.com\/no\/wp-content\/uploads\/sites\/5\/Bransjer\/Vann_og_avl\u00f8p\/HMI_SCADA_vann_og_avl\u00f8p\/Wate-dashbord_new_hmi-768x512.png 768w, https:\/\/www.novotek.com\/no\/wp-content\/uploads\/sites\/5\/Bransjer\/Vann_og_avl\u00f8p\/HMI_SCADA_vann_og_avl\u00f8p\/Wate-dashbord_new_hmi-86x57.png 86w, https:\/\/www.novotek.com\/no\/wp-content\/uploads\/sites\/5\/Bransjer\/Vann_og_avl\u00f8p\/HMI_SCADA_vann_og_avl\u00f8p\/Wate-dashbord_new_hmi-306x204.png 306w, https:\/\/www.novotek.com\/no\/wp-content\/uploads\/sites\/5\/Bransjer\/Vann_og_avl\u00f8p\/HMI_SCADA_vann_og_avl\u00f8p\/Wate-dashbord_new_hmi-636x424.png 636w, https:\/\/www.novotek.com\/no\/wp-content\/uploads\/sites\/5\/Bransjer\/Vann_og_avl\u00f8p\/HMI_SCADA_vann_og_avl\u00f8p\/Wate-dashbord_new_hmi.png 1256w\" sizes=\"auto, (max-width: 1024px) 100vw, 1024px\" \/><\/figure><\/div>\n<\/div>\n\n<div class=\"container media-text  align\">\n<div class=\"wp-block-media-text is-stacked-on-mobile\"><figure class=\"wp-block-media-text__media\"><img loading=\"lazy\" decoding=\"async\" width=\"691\" height=\"506\" src=\"https:\/\/www.novotek.com\/no\/wp-content\/uploads\/sites\/5\/Digitalisering\/Datafangst_og_rapportering\/Novotek_Report_Plus\/Novotek_Report_Plus.png\" alt=\"Skjerm viser Novotek Report Plus.\" class=\"wp-image-1605 size-full\" srcset=\"https:\/\/www.novotek.com\/no\/wp-content\/uploads\/sites\/5\/Digitalisering\/Datafangst_og_rapportering\/Novotek_Report_Plus\/Novotek_Report_Plus.png 691w, https:\/\/www.novotek.com\/no\/wp-content\/uploads\/sites\/5\/Digitalisering\/Datafangst_og_rapportering\/Novotek_Report_Plus\/Novotek_Report_Plus-300x220.png 300w\" sizes=\"auto, (max-width: 691px) 100vw, 691px\" \/><\/figure><div class=\"wp-block-media-text__content\"><div class=\"container-md heading  \">\n<h2 class=\"wp-block-heading\" id=\"h-rapportering\">Rapportering<\/h2>\n<\/div>\n\n<div class=\"container-md paragraph  \">\n<p>En annen kritisk del for vann og avl\u00f8p er rapportering. Novoteks programvare <strong><a href=\"https:\/\/www.novotek.com\/no\/digitalisering\/datainnsamling-og-rapportering\/novotek-report-plus\/\">Novotek Report Plus<\/a><\/strong> er et kraftig rapportverkt\u00f8y der man kan bygge sine egne rapporter ut ifra et stort utvalg maler. En stor fordel er at du kan bruke samme rapportmal for ulike perioder som d\u00f8gn, uke, m\u00e5ned, kvartal og \u00e5rsrapport.&nbsp;<\/p>\n<\/div>\n\n<div class=\"container-md spacer  \">\n<div style=\"height:30px\" aria-hidden=\"true\" class=\"wp-block-spacer\"><\/div>\n<\/div>\n\n<div class=\"container-md paragraph  \">\n<p>Dette inneb\u00e6rer at man med \u00e9n rapport kan f\u00e5 rapporter for hvilket som helst tidsintervall. Dette gj\u00f8r det enklere med l\u00f8pende vedlikehold av de ulike rapportmalene som finnes tilgjengelig i systemet.&nbsp;<\/p>\n<\/div><\/div><\/div>\n<\/div>\n\n<div class=\"container-md heading  \">\n<h2 class=\"wp-block-heading\" id=\"h-fleksibelt-operatormiljo\">Fleksibelt operat\u00f8rmilj\u00f8<\/h2>\n<\/div>\n\n<div class=\"container-md paragraph  \">\n<p>Operat\u00f8rmilj\u00f8et til Proficy iFIX har tiln\u00e6rmet ubegrenset med muligheter. Operat\u00f8rsystemet kan kj\u00f8res som tjukke klienter (iClient) installert p\u00e5 standard datamaskin, som tynne terminalserver klienter (iClient TS) eller som Webklienter (WebSpace) i Internet Explorer. \u00d8nsker man \u00e5 v\u00e6re mobil kan man styre og overv\u00e5ke vannverket via nettbrett. Man kan bruke \u00e9n eller flere datamaskiner, og \u00e9n eller flere skjermer i operat\u00f8rmilj\u00f8et. For \u00e5 enkelt kunne bygge opp operat\u00f8rmilj\u00f8et finnes en ferdig bildestruktur, samt et ferdig objektbibliotek med blant annet motorer, pumper, on\/off ventiler, reguleringsventiler, regulatorer og mer.&nbsp;<\/p>\n<\/div>\n\n<div class=\"container-md paragraph  \">\n<p>I operat\u00f8rsystemet Proficy iFIX skjer all konfigurering online, noe som inneb\u00e6rer at man ikke beh\u00f8ver \u00e5 bygge redundante l\u00f8sninger eller stenge ned systemet ved forandringer. Man kan hele tiden holde kontroll p\u00e5 anlegget, uten avbrudd.&nbsp;<\/p>\n<\/div>\n\n<div class=\"container-md heading  \">\n<h2 class=\"wp-block-heading\" id=\"h-enkelt-og-oversiktlig\">Enkelt og oversiktlig<\/h2>\n<\/div>\n\n<div class=\"container-md paragraph  \">\n<p>I tillegg til HMI\/SCADA-systemer har vannverk og renseanlegg ofte andre systemer som laboratoriesystemer, rapporteringssystemer, vedlikeholdssystemer og kamerasystemer.<\/p>\n<\/div>\n\n<div class=\"container-md paragraph  \">\n<p>Med dashbord-verkt\u00f8yet Proficy Operations Hub kan du samle alle disse systemene i ett strukturert milj\u00f8, og bygge dine egne dashbord for datavisualisering, trending og analyse &#8211; helt uten kode. <\/p>\n<\/div>\n\n<div class=\"container-md paragraph  \">\n<p>Proficy Operations Hub er spesielt tett integrert med andre l\u00f8sninger fra GE Vernova. I tillegg st\u00f8ttes en en rekke protokoller, s\u00e5 andre datakilder fra tredjepartssystemer enkelt kan kobles til.<\/p>\n<\/div>\n\n<div class=\"container-md heading  \">\n<h2 class=\"wp-block-heading\" id=\"h-scada-sikkerhet\">SCADA sikkerhet<\/h2>\n<\/div>\n\n<div class=\"container-md paragraph  \">\n<p>Ettersom vann er en av de viktigste ressursene i samfunnet, er det sv\u00e6rt viktig at ingen uvedkommende kan p\u00e5virke prosessene i vann- og renseanlegg. Med Proficy iFIX garanterer vi et sikkert operat\u00f8rsystem. Nettverkstrafikken mellom SCADA-noder og operat\u00f8rnoder er kryptert for at driftkritisk data ikke skal kunne manipuleres. Passord er ogs\u00e5 kryptert med 256 bit AES-kryptering. Proficy iFIX sitt SCADA-system kan integreres med Active Directory (AD), s\u00e5 brukere og passord administreres sentralt fra samme sted.&nbsp;<\/p>\n<\/div>\n\n<div class=\"container-md spacer  \">\n<div style=\"height:50px\" aria-hidden=\"true\" class=\"wp-block-spacer\"><\/div>\n<\/div>\n\n  <div class=\"hero\">\n    <div class=\"carousel hero-slider small\" data-flickity data-flickity-options='{\"prevNextButtons\": false}'>\n              <div class=\"carousel-cell\">\n          <div class=\"container\">\n            <div class=\"hero-content\">\n                              <h5>Mer om Proficy iFIX<\/h5>\n<h2>HMI\/SCADA for vann og avl\u00f8p<\/h2>\n<p>Vi leverer HMI\/SCADA-systemer n\u00f8ye tilpasset vann og avl\u00f8ps-industrien.<\/p>\n              \n                              <a class=\"btn btn-primary\" href=\"https:\/\/www.novotek.com\/no\/automasjon\/scada\/proficy-ifix\/hmi-scada-for-vann-og-avlop\/\">\n                  Les mer                <\/a>\n                          <\/div>\n          <\/div>\n\n          <img decoding=\"async\" width=\"1024\" height=\"427\" src=\"https:\/\/www.novotek.com\/no\/wp-content\/uploads\/sites\/5\/Bransjer\/Vann_og_avl\u00f8p\/HMI_SCADA_vann_og_avl\u00f8p\/Novotek_HMISCADA_vannogavlop_duotone_1920x800-1024x427.jpg\" class=\"hero-bg\" alt=\"Hero Img\" fetchpriority=\"high\" srcset=\"https:\/\/www.novotek.com\/no\/wp-content\/uploads\/sites\/5\/Bransjer\/Vann_og_avl\u00f8p\/HMI_SCADA_vann_og_avl\u00f8p\/Novotek_HMISCADA_vannogavlop_duotone_1920x800-1024x427.jpg 1024w, https:\/\/www.novotek.com\/no\/wp-content\/uploads\/sites\/5\/Bransjer\/Vann_og_avl\u00f8p\/HMI_SCADA_vann_og_avl\u00f8p\/Novotek_HMISCADA_vannogavlop_duotone_1920x800-300x125.jpg 300w, https:\/\/www.novotek.com\/no\/wp-content\/uploads\/sites\/5\/Bransjer\/Vann_og_avl\u00f8p\/HMI_SCADA_vann_og_avl\u00f8p\/Novotek_HMISCADA_vannogavlop_duotone_1920x800-768x320.jpg 768w, https:\/\/www.novotek.com\/no\/wp-content\/uploads\/sites\/5\/Bransjer\/Vann_og_avl\u00f8p\/HMI_SCADA_vann_og_avl\u00f8p\/Novotek_HMISCADA_vannogavlop_duotone_1920x800-1536x641.jpg 1536w, https:\/\/www.novotek.com\/no\/wp-content\/uploads\/sites\/5\/Bransjer\/Vann_og_avl\u00f8p\/HMI_SCADA_vann_og_avl\u00f8p\/Novotek_HMISCADA_vannogavlop_duotone_1920x800.jpg 1920w\" sizes=\"(max-width: 1024px) 100vw, 1024px\" \/>                  <\/div>\n          <\/div>\n\n      <\/div>\n\n   \n\n\n  <div class=\"slider-column-parent\">\n    <div class=\"container\">\n      <div class=\"slider-column-title\">V\u00e5re l\u00f8sninger for vann og avl\u00f8p<\/div>\n\n      <div class=\"row\">\n        <div class=\"col-12 col-md-4\"><div class=\"column-box\">\n  \n      <div class=\"title\">\n      Proficy iFIX    <\/div>\n  \n      <div class=\"text\">\n      <p>Den mest komplette HMI\/SCADA-l\u00f8sningen p\u00e5 markedet.<\/p>\n    <\/div>\n  \n      <a class=\"link\"  href=\"https:\/\/www.novotek.com\/no\/automasjon\/scada\/proficy-ifix\/\" target=\"\">\n      Les mer    <\/a>\n  \n  <\/div>\n\n<\/div><div class=\"col-12 col-md-4\"><div class=\"column-box\">\n  \n      <div class=\"title\">\n      Novotek Report Plus    <\/div>\n  \n      <div class=\"text\">\n      <p>F\u00e5 korrekte rapporter i sanntid med dette rapportverkt\u00f8yet for Proficy iFIX.<\/p>\n    <\/div>\n  \n      <a class=\"link\"  href=\"https:\/\/www.novotek.com\/no\/digitalisering\/datainnsamling-og-rapportering\/novotek-report-plus\/\" target=\"\">\n      Les mer    <\/a>\n  \n  <\/div>\n\n<\/div>      <\/div>\n    <\/div>\n  <\/div>\n","protected":false},"excerpt":{"rendered":"<p>Sammen med v\u00e5re leverand\u00f8rer har vi utviklet komplette l\u00f8sninger for vann og avl\u00f8p i mer enn 35 \u00e5r. Vi tilbyr HMI\/SCADA-systemer spesielt tilpasset vann og avl\u00f8ps-bransjen.<\/p>\n","protected":false},"author":7,"featured_media":0,"parent":3685,"menu_order":0,"comment_status":"closed","ping_status":"closed","template":"","meta":{"_acf_changed":false,"_relevanssi_hide_post":"","_relevanssi_pin_for_all":"","_relevanssi_pin_keywords":"","_relevanssi_unpin_keywords":"","_relevanssi_related_keywords":"","_relevanssi_related_include_ids":"","_relevanssi_related_exclude_ids":"","_relevanssi_related_no_append":"","_relevanssi_related_not_related":"","_relevanssi_related_posts":"1","_relevanssi_noindex_reason":"","footnotes":""},"class_list":["post-3220","page","type-page","status-publish","hentry"],"acf":[],"yoast_head":"<!-- This site is optimized with the Yoast SEO plugin v27.4 - https:\/\/yoast.com\/product\/yoast-seo-wordpress\/ -->\n<title>Vann og avl\u00f8p - Novotek Norge<\/title>\n<meta name=\"description\" content=\"Vi utviklet komplette l\u00f8sninger for vann og avl\u00f8p i mer enn 35 \u00e5r. Digitalisering av ditt anlegg er en fleksibel og fremtidssikker l\u00f8sning.\" \/>\n<meta name=\"robots\" content=\"index, follow, max-snippet:-1, max-image-preview:large, max-video-preview:-1\" \/>\n<link rel=\"canonical\" href=\"https:\/\/www.novotek.com\/no\/bransjer\/vann-og-avlop\/\" \/>\n<meta property=\"og:locale\" content=\"nb_NO\" \/>\n<meta property=\"og:type\" content=\"article\" \/>\n<meta property=\"og:title\" content=\"Vann og avl\u00f8p - Novotek Norge\" \/>\n<meta property=\"og:description\" content=\"Vi utviklet komplette l\u00f8sninger for vann og avl\u00f8p i mer enn 35 \u00e5r. Digitalisering av ditt anlegg er en fleksibel og fremtidssikker l\u00f8sning.\" \/>\n<meta property=\"og:url\" content=\"https:\/\/www.novotek.com\/no\/bransjer\/vann-og-avlop\/\" \/>\n<meta property=\"og:site_name\" content=\"Novotek Norge\" \/>\n<meta property=\"article:modified_time\" content=\"2026-04-22T11:11:41+00:00\" \/>\n<meta property=\"og:image\" content=\"https:\/\/www.novotek.com\/no\/wp-content\/uploads\/sites\/5\/Digitalisering\/Datafangst_og_rapportering\/Novotek_Report_Plus\/Novotek_Report_Plus.png\" \/>\n<meta name=\"twitter:card\" content=\"summary_large_image\" \/>\n<meta name=\"twitter:label1\" content=\"Ansl. lesetid\" \/>\n\t<meta name=\"twitter:data1\" content=\"4 minutter\" \/>\n<script type=\"application\/ld+json\" class=\"yoast-schema-graph\">{\"@context\":\"https:\\\/\\\/schema.org\",\"@graph\":[{\"@type\":\"WebPage\",\"@id\":\"https:\\\/\\\/www.novotek.com\\\/no\\\/bransjer\\\/vann-og-avlop\\\/\",\"url\":\"https:\\\/\\\/www.novotek.com\\\/no\\\/bransjer\\\/vann-og-avlop\\\/\",\"name\":\"Vann og avl\u00f8p - Novotek Norge\",\"isPartOf\":{\"@id\":\"https:\\\/\\\/www.novotek.com\\\/no\\\/#website\"},\"primaryImageOfPage\":{\"@id\":\"https:\\\/\\\/www.novotek.com\\\/no\\\/bransjer\\\/vann-og-avlop\\\/#primaryimage\"},\"image\":{\"@id\":\"https:\\\/\\\/www.novotek.com\\\/no\\\/bransjer\\\/vann-og-avlop\\\/#primaryimage\"},\"thumbnailUrl\":\"https:\\\/\\\/www.novotek.com\\\/no\\\/wp-content\\\/uploads\\\/sites\\\/5\\\/Digitalisering\\\/Datafangst_og_rapportering\\\/Novotek_Report_Plus\\\/Novotek_Report_Plus.png\",\"datePublished\":\"2021-07-28T14:15:58+00:00\",\"dateModified\":\"2026-04-22T11:11:41+00:00\",\"description\":\"Vi utviklet komplette l\u00f8sninger for vann og avl\u00f8p i mer enn 35 \u00e5r. Digitalisering av ditt anlegg er en fleksibel og fremtidssikker l\u00f8sning.\",\"breadcrumb\":{\"@id\":\"https:\\\/\\\/www.novotek.com\\\/no\\\/bransjer\\\/vann-og-avlop\\\/#breadcrumb\"},\"inLanguage\":\"nb-NO\",\"potentialAction\":[{\"@type\":\"ReadAction\",\"target\":[\"https:\\\/\\\/www.novotek.com\\\/no\\\/bransjer\\\/vann-og-avlop\\\/\"]}]},{\"@type\":\"ImageObject\",\"inLanguage\":\"nb-NO\",\"@id\":\"https:\\\/\\\/www.novotek.com\\\/no\\\/bransjer\\\/vann-og-avlop\\\/#primaryimage\",\"url\":\"https:\\\/\\\/www.novotek.com\\\/no\\\/wp-content\\\/uploads\\\/sites\\\/5\\\/Digitalisering\\\/Datafangst_og_rapportering\\\/Novotek_Report_Plus\\\/Novotek_Report_Plus.png\",\"contentUrl\":\"https:\\\/\\\/www.novotek.com\\\/no\\\/wp-content\\\/uploads\\\/sites\\\/5\\\/Digitalisering\\\/Datafangst_og_rapportering\\\/Novotek_Report_Plus\\\/Novotek_Report_Plus.png\",\"width\":691,\"height\":506,\"caption\":\"Skjerm viser Novotek Report Plus.\"},{\"@type\":\"BreadcrumbList\",\"@id\":\"https:\\\/\\\/www.novotek.com\\\/no\\\/bransjer\\\/vann-og-avlop\\\/#breadcrumb\",\"itemListElement\":[{\"@type\":\"ListItem\",\"position\":1,\"name\":\"Home\",\"item\":\"https:\\\/\\\/www.novotek.com\\\/no\\\/\"},{\"@type\":\"ListItem\",\"position\":2,\"name\":\"Bransjer\",\"item\":\"https:\\\/\\\/www.novotek.com\\\/no\\\/bransjer\\\/\"},{\"@type\":\"ListItem\",\"position\":3,\"name\":\"Vann og avl\u00f8p\"}]},{\"@type\":\"WebSite\",\"@id\":\"https:\\\/\\\/www.novotek.com\\\/no\\\/#website\",\"url\":\"https:\\\/\\\/www.novotek.com\\\/no\\\/\",\"name\":\"Novotek Norge\",\"description\":\"Automasjon, digitalisering og Analytics\",\"publisher\":{\"@id\":\"https:\\\/\\\/www.novotek.com\\\/no\\\/#organization\"},\"potentialAction\":[{\"@type\":\"SearchAction\",\"target\":{\"@type\":\"EntryPoint\",\"urlTemplate\":\"https:\\\/\\\/www.novotek.com\\\/no\\\/?s={search_term_string}\"},\"query-input\":{\"@type\":\"PropertyValueSpecification\",\"valueRequired\":true,\"valueName\":\"search_term_string\"}}],\"inLanguage\":\"nb-NO\"},{\"@type\":\"Organization\",\"@id\":\"https:\\\/\\\/www.novotek.com\\\/no\\\/#organization\",\"name\":\"Novotek AS\",\"url\":\"https:\\\/\\\/www.novotek.com\\\/no\\\/\",\"logo\":{\"@type\":\"ImageObject\",\"inLanguage\":\"nb-NO\",\"@id\":\"https:\\\/\\\/www.novotek.com\\\/no\\\/#\\\/schema\\\/logo\\\/image\\\/\",\"url\":\"https:\\\/\\\/www.novotek.com\\\/no\\\/wp-content\\\/uploads\\\/sites\\\/5\\\/Forside\\\/Novotek_logo.png\",\"contentUrl\":\"https:\\\/\\\/www.novotek.com\\\/no\\\/wp-content\\\/uploads\\\/sites\\\/5\\\/Forside\\\/Novotek_logo.png\",\"width\":1200,\"height\":348,\"caption\":\"Novotek AS\"},\"image\":{\"@id\":\"https:\\\/\\\/www.novotek.com\\\/no\\\/#\\\/schema\\\/logo\\\/image\\\/\"},\"sameAs\":[\"https:\\\/\\\/www.linkedin.com\\\/company\\\/novotek-as\"]}]}<\/script>\n<!-- \/ Yoast SEO plugin. -->","yoast_head_json":{"title":"Vann og avl\u00f8p - Novotek Norge","description":"Vi utviklet komplette l\u00f8sninger for vann og avl\u00f8p i mer enn 35 \u00e5r. Digitalisering av ditt anlegg er en fleksibel og fremtidssikker l\u00f8sning.","robots":{"index":"index","follow":"follow","max-snippet":"max-snippet:-1","max-image-preview":"max-image-preview:large","max-video-preview":"max-video-preview:-1"},"canonical":"https:\/\/www.novotek.com\/no\/bransjer\/vann-og-avlop\/","og_locale":"nb_NO","og_type":"article","og_title":"Vann og avl\u00f8p - Novotek Norge","og_description":"Vi utviklet komplette l\u00f8sninger for vann og avl\u00f8p i mer enn 35 \u00e5r. Digitalisering av ditt anlegg er en fleksibel og fremtidssikker l\u00f8sning.","og_url":"https:\/\/www.novotek.com\/no\/bransjer\/vann-og-avlop\/","og_site_name":"Novotek Norge","article_modified_time":"2026-04-22T11:11:41+00:00","og_image":[{"url":"https:\/\/www.novotek.com\/no\/wp-content\/uploads\/sites\/5\/Digitalisering\/Datafangst_og_rapportering\/Novotek_Report_Plus\/Novotek_Report_Plus.png","type":"","width":"","height":""}],"twitter_card":"summary_large_image","twitter_misc":{"Ansl. lesetid":"4 minutter"},"schema":{"@context":"https:\/\/schema.org","@graph":[{"@type":"WebPage","@id":"https:\/\/www.novotek.com\/no\/bransjer\/vann-og-avlop\/","url":"https:\/\/www.novotek.com\/no\/bransjer\/vann-og-avlop\/","name":"Vann og avl\u00f8p - Novotek Norge","isPartOf":{"@id":"https:\/\/www.novotek.com\/no\/#website"},"primaryImageOfPage":{"@id":"https:\/\/www.novotek.com\/no\/bransjer\/vann-og-avlop\/#primaryimage"},"image":{"@id":"https:\/\/www.novotek.com\/no\/bransjer\/vann-og-avlop\/#primaryimage"},"thumbnailUrl":"https:\/\/www.novotek.com\/no\/wp-content\/uploads\/sites\/5\/Digitalisering\/Datafangst_og_rapportering\/Novotek_Report_Plus\/Novotek_Report_Plus.png","datePublished":"2021-07-28T14:15:58+00:00","dateModified":"2026-04-22T11:11:41+00:00","description":"Vi utviklet komplette l\u00f8sninger for vann og avl\u00f8p i mer enn 35 \u00e5r. Digitalisering av ditt anlegg er en fleksibel og fremtidssikker l\u00f8sning.","breadcrumb":{"@id":"https:\/\/www.novotek.com\/no\/bransjer\/vann-og-avlop\/#breadcrumb"},"inLanguage":"nb-NO","potentialAction":[{"@type":"ReadAction","target":["https:\/\/www.novotek.com\/no\/bransjer\/vann-og-avlop\/"]}]},{"@type":"ImageObject","inLanguage":"nb-NO","@id":"https:\/\/www.novotek.com\/no\/bransjer\/vann-og-avlop\/#primaryimage","url":"https:\/\/www.novotek.com\/no\/wp-content\/uploads\/sites\/5\/Digitalisering\/Datafangst_og_rapportering\/Novotek_Report_Plus\/Novotek_Report_Plus.png","contentUrl":"https:\/\/www.novotek.com\/no\/wp-content\/uploads\/sites\/5\/Digitalisering\/Datafangst_og_rapportering\/Novotek_Report_Plus\/Novotek_Report_Plus.png","width":691,"height":506,"caption":"Skjerm viser Novotek Report Plus."},{"@type":"BreadcrumbList","@id":"https:\/\/www.novotek.com\/no\/bransjer\/vann-og-avlop\/#breadcrumb","itemListElement":[{"@type":"ListItem","position":1,"name":"Home","item":"https:\/\/www.novotek.com\/no\/"},{"@type":"ListItem","position":2,"name":"Bransjer","item":"https:\/\/www.novotek.com\/no\/bransjer\/"},{"@type":"ListItem","position":3,"name":"Vann og avl\u00f8p"}]},{"@type":"WebSite","@id":"https:\/\/www.novotek.com\/no\/#website","url":"https:\/\/www.novotek.com\/no\/","name":"Novotek Norge","description":"Automasjon, digitalisering og Analytics","publisher":{"@id":"https:\/\/www.novotek.com\/no\/#organization"},"potentialAction":[{"@type":"SearchAction","target":{"@type":"EntryPoint","urlTemplate":"https:\/\/www.novotek.com\/no\/?s={search_term_string}"},"query-input":{"@type":"PropertyValueSpecification","valueRequired":true,"valueName":"search_term_string"}}],"inLanguage":"nb-NO"},{"@type":"Organization","@id":"https:\/\/www.novotek.com\/no\/#organization","name":"Novotek AS","url":"https:\/\/www.novotek.com\/no\/","logo":{"@type":"ImageObject","inLanguage":"nb-NO","@id":"https:\/\/www.novotek.com\/no\/#\/schema\/logo\/image\/","url":"https:\/\/www.novotek.com\/no\/wp-content\/uploads\/sites\/5\/Forside\/Novotek_logo.png","contentUrl":"https:\/\/www.novotek.com\/no\/wp-content\/uploads\/sites\/5\/Forside\/Novotek_logo.png","width":1200,"height":348,"caption":"Novotek AS"},"image":{"@id":"https:\/\/www.novotek.com\/no\/#\/schema\/logo\/image\/"},"sameAs":["https:\/\/www.linkedin.com\/company\/novotek-as"]}]}},"_links":{"self":[{"href":"https:\/\/www.novotek.com\/no\/wp-json\/wp\/v2\/pages\/3220","targetHints":{"allow":["GET"]}}],"collection":[{"href":"https:\/\/www.novotek.com\/no\/wp-json\/wp\/v2\/pages"}],"about":[{"href":"https:\/\/www.novotek.com\/no\/wp-json\/wp\/v2\/types\/page"}],"author":[{"embeddable":true,"href":"https:\/\/www.novotek.com\/no\/wp-json\/wp\/v2\/users\/7"}],"replies":[{"embeddable":true,"href":"https:\/\/www.novotek.com\/no\/wp-json\/wp\/v2\/comments?post=3220"}],"version-history":[{"count":66,"href":"https:\/\/www.novotek.com\/no\/wp-json\/wp\/v2\/pages\/3220\/revisions"}],"predecessor-version":[{"id":19431,"href":"https:\/\/www.novotek.com\/no\/wp-json\/wp\/v2\/pages\/3220\/revisions\/19431"}],"up":[{"embeddable":true,"href":"https:\/\/www.novotek.com\/no\/wp-json\/wp\/v2\/pages\/3685"}],"wp:attachment":[{"href":"https:\/\/www.novotek.com\/no\/wp-json\/wp\/v2\/media?parent=3220"}],"curies":[{"name":"wp","href":"https:\/\/api.w.org\/{rel}","templated":true}]}}