{"id":324,"date":"2021-05-25T06:23:33","date_gmt":"2021-05-25T06:23:33","guid":{"rendered":"https:\/\/www.novotek.com\/no\/?page_id=324"},"modified":"2025-09-01T08:41:24","modified_gmt":"2025-09-01T08:41:24","slug":"bli-novotek-solution-provider","status":"publish","type":"page","link":"https:\/\/www.novotek.com\/no\/om-oss\/bli-novotek-solution-provider\/","title":{"rendered":"Novotek Solution Provider"},"content":{"rendered":"  <div class=\"hero\">\n    <div class=\"carousel hero-slider small\" data-flickity data-flickity-options='{\"prevNextButtons\": false}'>\n              <div class=\"carousel-cell\">\n          <div class=\"container\">\n            <div class=\"hero-content\">\n                              <h1>Novotek Solution Provider<\/h1>\n<p>Kombiner v\u00e5re produkter med din kompetanse, og skap konkurransedyktige l\u00f8sninger.<\/p>\n              \n                          <\/div>\n          <\/div>\n\n          <img decoding=\"async\" width=\"1024\" height=\"427\" src=\"https:\/\/www.novotek.com\/no\/wp-content\/uploads\/sites\/5\/Forside\/Om_oss\/Novotek_solution_partners_1920x800px_NEW-1024x427.jpg\" class=\"hero-bg\" alt=\"Hero Img\" fetchpriority=\"high\" srcset=\"https:\/\/www.novotek.com\/no\/wp-content\/uploads\/sites\/5\/Forside\/Om_oss\/Novotek_solution_partners_1920x800px_NEW-1024x427.jpg 1024w, https:\/\/www.novotek.com\/no\/wp-content\/uploads\/sites\/5\/Forside\/Om_oss\/Novotek_solution_partners_1920x800px_NEW-300x125.jpg 300w, https:\/\/www.novotek.com\/no\/wp-content\/uploads\/sites\/5\/Forside\/Om_oss\/Novotek_solution_partners_1920x800px_NEW-768x320.jpg 768w, https:\/\/www.novotek.com\/no\/wp-content\/uploads\/sites\/5\/Forside\/Om_oss\/Novotek_solution_partners_1920x800px_NEW-1536x640.jpg 1536w, https:\/\/www.novotek.com\/no\/wp-content\/uploads\/sites\/5\/Forside\/Om_oss\/Novotek_solution_partners_1920x800px_NEW-86x36.jpg 86w, https:\/\/www.novotek.com\/no\/wp-content\/uploads\/sites\/5\/Forside\/Om_oss\/Novotek_solution_partners_1920x800px_NEW-306x128.jpg 306w, https:\/\/www.novotek.com\/no\/wp-content\/uploads\/sites\/5\/Forside\/Om_oss\/Novotek_solution_partners_1920x800px_NEW-636x265.jpg 636w, https:\/\/www.novotek.com\/no\/wp-content\/uploads\/sites\/5\/Forside\/Om_oss\/Novotek_solution_partners_1920x800px_NEW-1632x680.jpg 1632w, https:\/\/www.novotek.com\/no\/wp-content\/uploads\/sites\/5\/Forside\/Om_oss\/Novotek_solution_partners_1920x800px_NEW.jpg 1920w\" sizes=\"(max-width: 1024px) 100vw, 1024px\" \/>                  <\/div>\n          <\/div>\n\n      <\/div>\n\n   <div class=\"floating-breadcrumb\"><div class=\"container\"><span><span><a href=\"https:\/\/www.novotek.com\/no\/\" class=\"breadcrumb-frontpage\">Home<\/a><\/span><\/span><\/div><\/div>\n\n\n<div class=\"container-md paragraph  \">\n<p>Vi i Novotek har utviklet partnerskapet Novotek Solution Provider for \u00e5 kunne tilby systemintegratorer tilgang til v\u00e5r support, produktportef\u00f8lje og v\u00e5re utviklingsverkt\u00f8y p\u00e5 en effektiv og konkurransedyktig m\u00e5te.<\/p>\n<\/div>\n\n<div class=\"container-md paragraph  \">\n<p>Ved \u00e5 bli partner hos oss f\u00e5r du tilgang til ferdige funksjoner som kun trenger \u00e5 konfigureres. Spar tid og bli mer effektiv ved \u00e5 unng\u00e5 programmering. Sammen skreddersyr vi l\u00f8sninger som du kan benytte hos dine kunder.<\/p>\n<\/div>\n\n<div class=\"container media-text  align\">\n<div class=\"wp-block-media-text is-stacked-on-mobile\"><figure class=\"wp-block-media-text__media\"><img loading=\"lazy\" decoding=\"async\" width=\"800\" height=\"500\" src=\"https:\/\/www.novotek.com\/no\/wp-content\/uploads\/sites\/5\/Forside\/Om_oss\/NovotekCheck_800x500.png\" alt=\"Novotek Check Ikon\" class=\"wp-image-2183 size-full\" srcset=\"https:\/\/www.novotek.com\/no\/wp-content\/uploads\/sites\/5\/Forside\/Om_oss\/NovotekCheck_800x500.png 800w, https:\/\/www.novotek.com\/no\/wp-content\/uploads\/sites\/5\/Forside\/Om_oss\/NovotekCheck_800x500-300x188.png 300w, https:\/\/www.novotek.com\/no\/wp-content\/uploads\/sites\/5\/Forside\/Om_oss\/NovotekCheck_800x500-768x480.png 768w, https:\/\/www.novotek.com\/no\/wp-content\/uploads\/sites\/5\/Forside\/Om_oss\/NovotekCheck_800x500-86x54.png 86w, https:\/\/www.novotek.com\/no\/wp-content\/uploads\/sites\/5\/Forside\/Om_oss\/NovotekCheck_800x500-306x191.png 306w, https:\/\/www.novotek.com\/no\/wp-content\/uploads\/sites\/5\/Forside\/Om_oss\/NovotekCheck_800x500-636x398.png 636w\" sizes=\"auto, (max-width: 800px) 100vw, 800px\" \/><\/figure><div class=\"wp-block-media-text__content\"><div class=\"container-md heading  \">\n<h2 class=\"wp-block-heading\">Hvem kan bli Novotek Solution Provider?<\/h2>\n<\/div>\n\n<div class=\"container-md paragraph  \">\n<p>Er du systemintegrator med automatiserings- og IT-kompetanse og har fullf\u00f8rt prosjekter med Novoteks produktportef\u00f8lje? Da kan du signere et partnerskap ned oss.&nbsp;<\/p>\n<\/div>\n\n<div class=\"container-md paragraph  \">\n<p>V\u00e5re partnere m\u00e5 ha en lokal virksomhet, ha en etablert kundebase og v\u00e6re villige til \u00e5 selge Novoteks produkter med tilh\u00f8rende tjenester.&nbsp;<\/p>\n<\/div>\n\n<div class=\"container-md paragraph  \">\n<p>Som godkjent partner blir du en Novotek Solution Provider. F\u00f8r du blir godkjent vil det bli foretatt en analyse av selskapet ditt i henhold til en evalueringsrutine med tilh\u00f8rende sjekkliste.<\/p>\n<\/div><\/div><\/div>\n<\/div>\n\n<div class=\"container-md heading  \">\n<h2 class=\"wp-block-heading\">V\u00e5re partnerskap<\/h2>\n<\/div>\n\n<div class=\"container-md paragraph  \">\n<p>Avhengig av st\u00f8rrelse og ferdighetsniv\u00e5, kan vi tilby to niv\u00e5er av partnerskap med ulike lisensinnhold:&nbsp;<\/p>\n<\/div>\n\n<div class=\"container-md heading  \">\n<h4 class=\"wp-block-heading\">Selected Solution Provider<\/h4>\n<\/div>\n\n<div class=\"container-md list  \">\n<ul class=\"wp-block-list\"><div class=\"container-md list-item  \">\n<li>Nettopriser p\u00e5 demo-utstyr<\/li>\n<\/div>\n\n<div class=\"container-md list-item  \">\n<li>Salg- og teknisk support<\/li>\n<\/div>\n\n<div class=\"container-md list-item  \">\n<li>Oppl\u00e6ring av \u00e9n person<\/li>\n<\/div>\n\n<div class=\"container-md list-item  \">\n<li>Rabatt p\u00e5 produkter og oppl\u00e6ring<\/li>\n<\/div>\n\n<div class=\"container-md list-item  \">\n<li>Forretningsmuligheter fra Novotek<\/li>\n<\/div>\n\n<div class=\"container-md list-item  \">\n<li>Systemintegratordag(er) med oppl\u00e6ring og info<\/li>\n<\/div><\/ul>\n<\/div>\n\n<div class=\"container-md heading  \">\n<h4 class=\"wp-block-heading\">Premium Solution Provider<\/h4>\n<\/div>\n\n<div class=\"container-md list  \">\n<ul class=\"wp-block-list\"><div class=\"container-md list-item  \">\n<li>Nettopriser p\u00e5 demo-utstyr<\/li>\n<\/div>\n\n<div class=\"container-md list-item  \">\n<li>Salg- og teknisk support<\/li>\n<\/div>\n\n<div class=\"container-md list-item  \">\n<li>Oppl\u00e6ring av to personer med sertifisering<\/li>\n<\/div>\n\n<div class=\"container-md list-item  \">\n<li>Rabatt p\u00e5 produkter og oppl\u00e6ring<\/li>\n<\/div>\n\n<div class=\"container-md list-item  \">\n<li>Forretningsmuligheter fra Novotek<\/li>\n<\/div>\n\n<div class=\"container-md list-item  \">\n<li>Systemintegratordag(er) med oppl\u00e6ring og info<\/li>\n<\/div>\n\n<div class=\"container-md list-item  \">\n<li>Er prioritert n\u00e5r Novotek velger NSP<\/li>\n<\/div><\/ul>\n<\/div>\n\n<div class=\"container-md spacer  \">\n<div style=\"height:10px\" aria-hidden=\"true\" class=\"wp-block-spacer\"><\/div>\n<\/div>\n\n<div class=\"container-md heading  \">\n<h2 class=\"wp-block-heading\">Lisensinnhold<\/h2>\n<\/div>\n\n<div class=\"container-md paragraph  \">\n<p>Som Novotek Solution Provider kan du velge mellom to forskjellige lisenspakker, og antall brukere.&nbsp;<\/p>\n<\/div>\n\n<div class=\"container-md columns  \">\n<div class=\"wp-block-columns is-layout-flex wp-container-core-columns-is-layout-9d6595d7 wp-block-columns-is-layout-flex\"><div class=\"container-md column  \">\n<div class=\"wp-block-column is-layout-flow wp-block-column-is-layout-flow\"><div class=\"container-md heading  \">\n<h4 class=\"wp-block-heading\">Lisenspakke 1<\/h4>\n<\/div>\n\n<div class=\"container-md paragraph  \">\n<p>Standardsett med:<\/p>\n<\/div>\n\n<div class=\"container-md list  \">\n<ul id=\"block-2c3e7397-c494-45b7-8de6-6c7ad82cba2a\" class=\"wp-block-list\"><div class=\"container-md list-item  \">\n<li><a href=\"https:\/\/www.novotek.com\/no\/automasjon\/scada\/proficy-ifix\/\">Proficy iFIX<\/a> (ubegrenset)<\/li>\n<\/div>\n\n<div class=\"container-md list-item  \">\n<li><a href=\"https:\/\/www.novotek.com\/no\/automasjon\/scada\/proficy-cimplicity\/\">Proficy Cimplicity<\/a> (Ubregrenset)<\/li>\n<\/div>\n\n<div class=\"container-md list-item  \">\n<li><a href=\"https:\/\/www.novotek.com\/no\/digitalisering\/datavisualisering\/proficy-operations-hub\/\">Proficy Operations Hub<\/a><\/li>\n<\/div>\n\n<div class=\"container-md list-item  \">\n<li><a href=\"https:\/\/www.novotek.com\/no\/digitalisering\/datainnsamling-og-rapportering\/proficy-historian\/\">Proficy Historian<\/a><\/li>\n<\/div>\n\n<div class=\"container-md list-item  \">\n<li><a href=\"https:\/\/www.novotek.com\/no\/digitalisering\/mes\/proficy-workflow\/\">Proficy Workflow<\/a><\/li>\n<\/div>\n\n<div class=\"container-md list-item  \">\n<li><a href=\"https:\/\/www.novotek.com\/no\/digitalisering\/analytics-ai-og-machine-learning\/proficy-csense\/\">Proficy CSense<\/a><\/li>\n<\/div>\n\n<div class=\"container-md list-item  \">\n<li>Proficy Webspace<\/li>\n<\/div>\n\n<div class=\"container-md list-item  \">\n<li><a href=\"https:\/\/www.novotek.com\/no\/automasjon\/scada\/proficy-batch-execution\/\">Proficy Batch Execution<\/a><\/li>\n<\/div><\/ul>\n<\/div><\/div>\n<\/div>\n\n<div class=\"container-md column  \">\n<div class=\"wp-block-column is-layout-flow wp-block-column-is-layout-flow\"><div class=\"container-md heading  \">\n<h4 class=\"wp-block-heading\">Lisenspakke 2<\/h4>\n<\/div>\n\n<div class=\"container-md list  \">\n<ul id=\"block-41f52749-bb6f-4ce5-96fa-09e7b48c9661\" class=\"wp-block-list\"><div class=\"container-md list-item  \">\n<li><a href=\"https:\/\/www.novotek.com\/no\/digitalisering\/mes\/proficy-smart-factory\/\">Proficy Smart Factory<\/a><\/li>\n<\/div>\n\n<div class=\"container-md list-item  \">\n<li>Open Enterprise<\/li>\n<\/div>\n\n<div class=\"container-md list-item  \">\n<li>Tracker<\/li>\n<\/div>\n\n<div class=\"container-md list-item  \">\n<li><a href=\"https:\/\/www.novotek.com\/no\/digitalisering\/produksjonsplanlegging\/proficy-scheduler-rob-ex\/\">Proficy Scheduler \/ ROB-EX<\/a><\/li>\n<\/div><\/ul>\n<\/div><\/div>\n<\/div><\/div>\n<\/div>\n\n<div class=\"container-md spacer  \">\n<div style=\"height:10px\" aria-hidden=\"true\" class=\"wp-block-spacer\"><\/div>\n<\/div>\n\n<div class=\"container-md heading  \">\n<h2 class=\"wp-block-heading\">Oppf\u00f8lging og evaluering<\/h2>\n<\/div>\n\n<div class=\"container-md paragraph  \">\n<p>Hver Novotek Solution Provider signerer en 1-\u00e5rs kontrakt som inkluderer avtalte tjenester og rabatter. Rabatter gjenspeiler salgsvolumet fra partneren. Dette volumet f\u00f8lges opp \u00e5rlig i forbindelse med utvidelsen av partnerskapet.&nbsp;<\/p>\n<\/div>\n\n<div class=\"container-md spacer  \">\n<div style=\"height:100px\" aria-hidden=\"true\" class=\"wp-block-spacer\"><\/div>\n<\/div>","protected":false},"excerpt":{"rendered":"<p>Vi i Novotek har utviklet partnerskapet Novotek Solution Provider for \u00e5 kunne tilby systemintegratorer tilgang til v\u00e5r support, produktportef\u00f8lje og v\u00e5re utviklingsverkt\u00f8y p\u00e5 en effektiv og konkurransedyktig m\u00e5te. Ved \u00e5 bli partner hos oss f\u00e5r du tilgang til ferdige funksjoner som kun trenger \u00e5 konfigureres. Spar tid og bli mer effektiv ved \u00e5 unng\u00e5 programmering. [&hellip;]<\/p>\n","protected":false},"author":7,"featured_media":0,"parent":51,"menu_order":0,"comment_status":"closed","ping_status":"closed","template":"","meta":{"_acf_changed":false,"_relevanssi_hide_post":"","_relevanssi_pin_for_all":"","_relevanssi_pin_keywords":"","_relevanssi_unpin_keywords":"","_relevanssi_related_keywords":"","_relevanssi_related_include_ids":"","_relevanssi_related_exclude_ids":"","_relevanssi_related_no_append":"","_relevanssi_related_not_related":"","_relevanssi_related_posts":"1","_relevanssi_noindex_reason":"","footnotes":""},"class_list":["post-324","page","type-page","status-publish","hentry"],"acf":[],"yoast_head":"<!-- This site is optimized with the Yoast SEO plugin v27.4 - https:\/\/yoast.com\/product\/yoast-seo-wordpress\/ -->\n<title>Novotek Solution Provider - Novotek Norge<\/title>\n<meta name=\"description\" content=\"Kombiner v\u00e5re produkter med din kompetanse, og skap konkurransedyktige l\u00f8sninger som Novotek Solution Provider. Vi tilbyr to ulike partnerskap.\" \/>\n<meta name=\"robots\" content=\"index, follow, max-snippet:-1, max-image-preview:large, max-video-preview:-1\" \/>\n<link rel=\"canonical\" href=\"https:\/\/www.novotek.com\/no\/om-oss\/bli-novotek-solution-provider\/\" \/>\n<meta property=\"og:locale\" content=\"nb_NO\" \/>\n<meta property=\"og:type\" content=\"article\" \/>\n<meta property=\"og:title\" content=\"Novotek Solution Provider - Novotek Norge\" \/>\n<meta property=\"og:description\" content=\"Kombiner v\u00e5re produkter med din kompetanse, og skap konkurransedyktige l\u00f8sninger som Novotek Solution Provider. Vi tilbyr to ulike partnerskap.\" \/>\n<meta property=\"og:url\" content=\"https:\/\/www.novotek.com\/no\/om-oss\/bli-novotek-solution-provider\/\" \/>\n<meta property=\"og:site_name\" content=\"Novotek Norge\" \/>\n<meta property=\"article:modified_time\" content=\"2025-09-01T08:41:24+00:00\" \/>\n<meta property=\"og:image\" content=\"https:\/\/www.novotek.com\/no\/wp-content\/uploads\/sites\/5\/Forside\/Om_oss\/NovotekCheck_800x500.png\" \/>\n<meta name=\"twitter:card\" content=\"summary_large_image\" \/>\n<meta name=\"twitter:label1\" content=\"Ansl. lesetid\" \/>\n\t<meta name=\"twitter:data1\" content=\"2 minutter\" \/>\n<script type=\"application\/ld+json\" class=\"yoast-schema-graph\">{\"@context\":\"https:\\\/\\\/schema.org\",\"@graph\":[{\"@type\":\"WebPage\",\"@id\":\"https:\\\/\\\/www.novotek.com\\\/no\\\/om-oss\\\/bli-novotek-solution-provider\\\/\",\"url\":\"https:\\\/\\\/www.novotek.com\\\/no\\\/om-oss\\\/bli-novotek-solution-provider\\\/\",\"name\":\"Novotek Solution Provider - Novotek Norge\",\"isPartOf\":{\"@id\":\"https:\\\/\\\/www.novotek.com\\\/no\\\/#website\"},\"primaryImageOfPage\":{\"@id\":\"https:\\\/\\\/www.novotek.com\\\/no\\\/om-oss\\\/bli-novotek-solution-provider\\\/#primaryimage\"},\"image\":{\"@id\":\"https:\\\/\\\/www.novotek.com\\\/no\\\/om-oss\\\/bli-novotek-solution-provider\\\/#primaryimage\"},\"thumbnailUrl\":\"https:\\\/\\\/www.novotek.com\\\/no\\\/wp-content\\\/uploads\\\/sites\\\/5\\\/Forside\\\/Om_oss\\\/NovotekCheck_800x500.png\",\"datePublished\":\"2021-05-25T06:23:33+00:00\",\"dateModified\":\"2025-09-01T08:41:24+00:00\",\"description\":\"Kombiner v\u00e5re produkter med din kompetanse, og skap konkurransedyktige l\u00f8sninger som Novotek Solution Provider. Vi tilbyr to ulike partnerskap.\",\"breadcrumb\":{\"@id\":\"https:\\\/\\\/www.novotek.com\\\/no\\\/om-oss\\\/bli-novotek-solution-provider\\\/#breadcrumb\"},\"inLanguage\":\"nb-NO\",\"potentialAction\":[{\"@type\":\"ReadAction\",\"target\":[\"https:\\\/\\\/www.novotek.com\\\/no\\\/om-oss\\\/bli-novotek-solution-provider\\\/\"]}]},{\"@type\":\"ImageObject\",\"inLanguage\":\"nb-NO\",\"@id\":\"https:\\\/\\\/www.novotek.com\\\/no\\\/om-oss\\\/bli-novotek-solution-provider\\\/#primaryimage\",\"url\":\"https:\\\/\\\/www.novotek.com\\\/no\\\/wp-content\\\/uploads\\\/sites\\\/5\\\/Forside\\\/Om_oss\\\/NovotekCheck_800x500.png\",\"contentUrl\":\"https:\\\/\\\/www.novotek.com\\\/no\\\/wp-content\\\/uploads\\\/sites\\\/5\\\/Forside\\\/Om_oss\\\/NovotekCheck_800x500.png\",\"width\":800,\"height\":500,\"caption\":\"Novotek Check Ikon\"},{\"@type\":\"BreadcrumbList\",\"@id\":\"https:\\\/\\\/www.novotek.com\\\/no\\\/om-oss\\\/bli-novotek-solution-provider\\\/#breadcrumb\",\"itemListElement\":[{\"@type\":\"ListItem\",\"position\":1,\"name\":\"Home\",\"item\":\"https:\\\/\\\/www.novotek.com\\\/no\\\/\"},{\"@type\":\"ListItem\",\"position\":2,\"name\":\"Om oss\",\"item\":\"https:\\\/\\\/www.novotek.com\\\/no\\\/om-oss\\\/\"},{\"@type\":\"ListItem\",\"position\":3,\"name\":\"Novotek Solution Provider\"}]},{\"@type\":\"WebSite\",\"@id\":\"https:\\\/\\\/www.novotek.com\\\/no\\\/#website\",\"url\":\"https:\\\/\\\/www.novotek.com\\\/no\\\/\",\"name\":\"Novotek Norge\",\"description\":\"Automasjon, digitalisering og Analytics\",\"publisher\":{\"@id\":\"https:\\\/\\\/www.novotek.com\\\/no\\\/#organization\"},\"potentialAction\":[{\"@type\":\"SearchAction\",\"target\":{\"@type\":\"EntryPoint\",\"urlTemplate\":\"https:\\\/\\\/www.novotek.com\\\/no\\\/?s={search_term_string}\"},\"query-input\":{\"@type\":\"PropertyValueSpecification\",\"valueRequired\":true,\"valueName\":\"search_term_string\"}}],\"inLanguage\":\"nb-NO\"},{\"@type\":\"Organization\",\"@id\":\"https:\\\/\\\/www.novotek.com\\\/no\\\/#organization\",\"name\":\"Novotek AS\",\"url\":\"https:\\\/\\\/www.novotek.com\\\/no\\\/\",\"logo\":{\"@type\":\"ImageObject\",\"inLanguage\":\"nb-NO\",\"@id\":\"https:\\\/\\\/www.novotek.com\\\/no\\\/#\\\/schema\\\/logo\\\/image\\\/\",\"url\":\"https:\\\/\\\/www.novotek.com\\\/no\\\/wp-content\\\/uploads\\\/sites\\\/5\\\/Forside\\\/Novotek_logo.png\",\"contentUrl\":\"https:\\\/\\\/www.novotek.com\\\/no\\\/wp-content\\\/uploads\\\/sites\\\/5\\\/Forside\\\/Novotek_logo.png\",\"width\":1200,\"height\":348,\"caption\":\"Novotek AS\"},\"image\":{\"@id\":\"https:\\\/\\\/www.novotek.com\\\/no\\\/#\\\/schema\\\/logo\\\/image\\\/\"},\"sameAs\":[\"https:\\\/\\\/www.linkedin.com\\\/company\\\/novotek-as\"]}]}<\/script>\n<!-- \/ Yoast SEO plugin. -->","yoast_head_json":{"title":"Novotek Solution Provider - Novotek Norge","description":"Kombiner v\u00e5re produkter med din kompetanse, og skap konkurransedyktige l\u00f8sninger som Novotek Solution Provider. Vi tilbyr to ulike partnerskap.","robots":{"index":"index","follow":"follow","max-snippet":"max-snippet:-1","max-image-preview":"max-image-preview:large","max-video-preview":"max-video-preview:-1"},"canonical":"https:\/\/www.novotek.com\/no\/om-oss\/bli-novotek-solution-provider\/","og_locale":"nb_NO","og_type":"article","og_title":"Novotek Solution Provider - Novotek Norge","og_description":"Kombiner v\u00e5re produkter med din kompetanse, og skap konkurransedyktige l\u00f8sninger som Novotek Solution Provider. Vi tilbyr to ulike partnerskap.","og_url":"https:\/\/www.novotek.com\/no\/om-oss\/bli-novotek-solution-provider\/","og_site_name":"Novotek Norge","article_modified_time":"2025-09-01T08:41:24+00:00","og_image":[{"url":"https:\/\/www.novotek.com\/no\/wp-content\/uploads\/sites\/5\/Forside\/Om_oss\/NovotekCheck_800x500.png","type":"","width":"","height":""}],"twitter_card":"summary_large_image","twitter_misc":{"Ansl. lesetid":"2 minutter"},"schema":{"@context":"https:\/\/schema.org","@graph":[{"@type":"WebPage","@id":"https:\/\/www.novotek.com\/no\/om-oss\/bli-novotek-solution-provider\/","url":"https:\/\/www.novotek.com\/no\/om-oss\/bli-novotek-solution-provider\/","name":"Novotek Solution Provider - Novotek Norge","isPartOf":{"@id":"https:\/\/www.novotek.com\/no\/#website"},"primaryImageOfPage":{"@id":"https:\/\/www.novotek.com\/no\/om-oss\/bli-novotek-solution-provider\/#primaryimage"},"image":{"@id":"https:\/\/www.novotek.com\/no\/om-oss\/bli-novotek-solution-provider\/#primaryimage"},"thumbnailUrl":"https:\/\/www.novotek.com\/no\/wp-content\/uploads\/sites\/5\/Forside\/Om_oss\/NovotekCheck_800x500.png","datePublished":"2021-05-25T06:23:33+00:00","dateModified":"2025-09-01T08:41:24+00:00","description":"Kombiner v\u00e5re produkter med din kompetanse, og skap konkurransedyktige l\u00f8sninger som Novotek Solution Provider. Vi tilbyr to ulike partnerskap.","breadcrumb":{"@id":"https:\/\/www.novotek.com\/no\/om-oss\/bli-novotek-solution-provider\/#breadcrumb"},"inLanguage":"nb-NO","potentialAction":[{"@type":"ReadAction","target":["https:\/\/www.novotek.com\/no\/om-oss\/bli-novotek-solution-provider\/"]}]},{"@type":"ImageObject","inLanguage":"nb-NO","@id":"https:\/\/www.novotek.com\/no\/om-oss\/bli-novotek-solution-provider\/#primaryimage","url":"https:\/\/www.novotek.com\/no\/wp-content\/uploads\/sites\/5\/Forside\/Om_oss\/NovotekCheck_800x500.png","contentUrl":"https:\/\/www.novotek.com\/no\/wp-content\/uploads\/sites\/5\/Forside\/Om_oss\/NovotekCheck_800x500.png","width":800,"height":500,"caption":"Novotek Check Ikon"},{"@type":"BreadcrumbList","@id":"https:\/\/www.novotek.com\/no\/om-oss\/bli-novotek-solution-provider\/#breadcrumb","itemListElement":[{"@type":"ListItem","position":1,"name":"Home","item":"https:\/\/www.novotek.com\/no\/"},{"@type":"ListItem","position":2,"name":"Om oss","item":"https:\/\/www.novotek.com\/no\/om-oss\/"},{"@type":"ListItem","position":3,"name":"Novotek Solution Provider"}]},{"@type":"WebSite","@id":"https:\/\/www.novotek.com\/no\/#website","url":"https:\/\/www.novotek.com\/no\/","name":"Novotek Norge","description":"Automasjon, digitalisering og Analytics","publisher":{"@id":"https:\/\/www.novotek.com\/no\/#organization"},"potentialAction":[{"@type":"SearchAction","target":{"@type":"EntryPoint","urlTemplate":"https:\/\/www.novotek.com\/no\/?s={search_term_string}"},"query-input":{"@type":"PropertyValueSpecification","valueRequired":true,"valueName":"search_term_string"}}],"inLanguage":"nb-NO"},{"@type":"Organization","@id":"https:\/\/www.novotek.com\/no\/#organization","name":"Novotek AS","url":"https:\/\/www.novotek.com\/no\/","logo":{"@type":"ImageObject","inLanguage":"nb-NO","@id":"https:\/\/www.novotek.com\/no\/#\/schema\/logo\/image\/","url":"https:\/\/www.novotek.com\/no\/wp-content\/uploads\/sites\/5\/Forside\/Novotek_logo.png","contentUrl":"https:\/\/www.novotek.com\/no\/wp-content\/uploads\/sites\/5\/Forside\/Novotek_logo.png","width":1200,"height":348,"caption":"Novotek AS"},"image":{"@id":"https:\/\/www.novotek.com\/no\/#\/schema\/logo\/image\/"},"sameAs":["https:\/\/www.linkedin.com\/company\/novotek-as"]}]}},"_links":{"self":[{"href":"https:\/\/www.novotek.com\/no\/wp-json\/wp\/v2\/pages\/324","targetHints":{"allow":["GET"]}}],"collection":[{"href":"https:\/\/www.novotek.com\/no\/wp-json\/wp\/v2\/pages"}],"about":[{"href":"https:\/\/www.novotek.com\/no\/wp-json\/wp\/v2\/types\/page"}],"author":[{"embeddable":true,"href":"https:\/\/www.novotek.com\/no\/wp-json\/wp\/v2\/users\/7"}],"replies":[{"embeddable":true,"href":"https:\/\/www.novotek.com\/no\/wp-json\/wp\/v2\/comments?post=324"}],"version-history":[{"count":24,"href":"https:\/\/www.novotek.com\/no\/wp-json\/wp\/v2\/pages\/324\/revisions"}],"predecessor-version":[{"id":16668,"href":"https:\/\/www.novotek.com\/no\/wp-json\/wp\/v2\/pages\/324\/revisions\/16668"}],"up":[{"embeddable":true,"href":"https:\/\/www.novotek.com\/no\/wp-json\/wp\/v2\/pages\/51"}],"wp:attachment":[{"href":"https:\/\/www.novotek.com\/no\/wp-json\/wp\/v2\/media?parent=324"}],"curies":[{"name":"wp","href":"https:\/\/api.w.org\/{rel}","templated":true}]}}