{"id":329,"date":"2021-05-25T06:36:46","date_gmt":"2021-05-25T06:36:46","guid":{"rendered":"https:\/\/www.novotek.com\/no\/?page_id=329"},"modified":"2023-09-19T12:51:29","modified_gmt":"2023-09-19T12:51:29","slug":"hmi-scada-for-naeringsmiddel","status":"publish","type":"page","link":"https:\/\/www.novotek.com\/no\/automasjon\/scada\/proficy-ifix\/hmi-scada-for-naeringsmiddel\/","title":{"rendered":"HMI\/SCADA for n\u00e6ringsmiddel"},"content":{"rendered":"  <div class=\"hero\">\n    <div class=\"carousel hero-slider small\" data-flickity data-flickity-options='{\"prevNextButtons\": false}'>\n              <div class=\"carousel-cell\">\n          <div class=\"container\">\n            <div class=\"hero-content\">\n                              <h1>HMI\/SCADA for n\u00e6ringsmiddel<\/h1>\n<p>Vi leverer HMI\/SCADA-systemer n\u00f8ye tilpasset n\u00e6ringsmiddelproduksjon.<\/p>\n              \n                          <\/div>\n          <\/div>\n\n          <img decoding=\"async\" width=\"1024\" height=\"427\" src=\"https:\/\/www.novotek.com\/no\/wp-content\/uploads\/sites\/5\/Bransjer\/N\u00e6ringsmiddel\/HMI_SCADA_n\u00e6ringsmiddel\/Novotek_HMISCADA_naeringsmiddel_duotone_1920x800-1024x427.jpg\" class=\"hero-bg\" alt=\"Hero Img\" fetchpriority=\"high\" srcset=\"https:\/\/www.novotek.com\/no\/wp-content\/uploads\/sites\/5\/Bransjer\/N\u00e6ringsmiddel\/HMI_SCADA_n\u00e6ringsmiddel\/Novotek_HMISCADA_naeringsmiddel_duotone_1920x800-1024x427.jpg 1024w, https:\/\/www.novotek.com\/no\/wp-content\/uploads\/sites\/5\/Bransjer\/N\u00e6ringsmiddel\/HMI_SCADA_n\u00e6ringsmiddel\/Novotek_HMISCADA_naeringsmiddel_duotone_1920x800-300x125.jpg 300w, https:\/\/www.novotek.com\/no\/wp-content\/uploads\/sites\/5\/Bransjer\/N\u00e6ringsmiddel\/HMI_SCADA_n\u00e6ringsmiddel\/Novotek_HMISCADA_naeringsmiddel_duotone_1920x800-768x320.jpg 768w, https:\/\/www.novotek.com\/no\/wp-content\/uploads\/sites\/5\/Bransjer\/N\u00e6ringsmiddel\/HMI_SCADA_n\u00e6ringsmiddel\/Novotek_HMISCADA_naeringsmiddel_duotone_1920x800-1536x640.jpg 1536w, https:\/\/www.novotek.com\/no\/wp-content\/uploads\/sites\/5\/Bransjer\/N\u00e6ringsmiddel\/HMI_SCADA_n\u00e6ringsmiddel\/Novotek_HMISCADA_naeringsmiddel_duotone_1920x800.jpg 1920w\" sizes=\"(max-width: 1024px) 100vw, 1024px\" \/>                  <\/div>\n          <\/div>\n\n      <\/div>\n\n   <div class=\"floating-breadcrumb\"><div class=\"container\"><span><span><a href=\"https:\/\/www.novotek.com\/no\/\" class=\"breadcrumb-frontpage\">Home<\/a><\/span><\/span><\/div><\/div>\n\n\n<div class=\"container-md paragraph  \">\n<p>Med myndighetskrav og reguleringer for matsikkerhet, m\u00f8ter styre- og overv\u00e5kningssystemer egne utfordringer i n\u00e6ringsmiddelindustrien. Basert p\u00e5 <a href=\"https:\/\/www.ge.com\/digital\/applications\/hmi-scada\/ifix\">Proficy iFIX fra GE Digital<\/a>, leverer vi n\u00f8ye tilpasset HMI\/SCADA for n\u00e6ringsmiddel.<\/p>\n<\/div>\n\n<div class=\"container-md image  \">\n<figure class=\"wp-block-image size-large\"><img loading=\"lazy\" decoding=\"async\" width=\"700\" height=\"445\" src=\"https:\/\/www.novotek.com\/no\/wp-content\/uploads\/sites\/5\/Bransjer\/N\u00e6ringsmiddel\/HMI_SCADA_n\u00e6ringsmiddel\/hmiscada_naeringsmiddel_mockup.png\" alt=\"Proficy iFIX for n\u00e6ringsmiddel, mockup.\" class=\"wp-image-2282\" srcset=\"https:\/\/www.novotek.com\/no\/wp-content\/uploads\/sites\/5\/Bransjer\/N\u00e6ringsmiddel\/HMI_SCADA_n\u00e6ringsmiddel\/hmiscada_naeringsmiddel_mockup.png 700w, https:\/\/www.novotek.com\/no\/wp-content\/uploads\/sites\/5\/Bransjer\/N\u00e6ringsmiddel\/HMI_SCADA_n\u00e6ringsmiddel\/hmiscada_naeringsmiddel_mockup-300x191.png 300w\" sizes=\"auto, (max-width: 700px) 100vw, 700px\" \/><\/figure>\n<\/div>\n\n<div class=\"container-md paragraph  \">\n<p>Novotek har levert HMI\/SCADA-l\u00f8sninger til n\u00e6ringsmiddelindustrien i 35 \u00e5r. V\u00e5r l\u00f8sning er topp moderne, og gir deg tilgang til det siste innen HMI-design og alarmh\u00e5ndtering.<\/p>\n<\/div>\n\n<div class=\"container media-text  align\">\n<div class=\"wp-block-media-text has-media-on-the-right is-stacked-on-mobile\"><div class=\"wp-block-media-text__content\"><div class=\"container-md heading  \">\n<h2 class=\"wp-block-heading\" id=\"h-innovative-og-fleksible-operatormiljoer\">Innovative og fleksible operat\u00f8rmilj\u00f8er<\/h2>\n<\/div>\n\n<div class=\"container-md paragraph  \">\n<p><strong><a href=\"https:\/\/www.novotek.com\/no\/automasjon\/scada\/proficy-ifix\/\">Proficy iFIX<\/a><\/strong> gir operat\u00f8rer enkel tilgang til systemet. Velg mellom tykk eller tynn klient: iClient, iClient TS, Webspace og Proficy Operations Hub (HTML5), p\u00e5 PC, nettklient via nettleser eller app for Android og Apple. Hver operat\u00f8r kan velge plattformen de selv foretrekker.<\/p>\n<\/div>\n\n<div class=\"container-md paragraph  \">\n<p>Systemet kommer med mulighet for modellbasert visning av utstyr og KPI\u2019er. Her finnes objekter for alt vanlig utstyr som pumper, ventiler, regulatorer og vifter klare til bruk.<\/p>\n<\/div>\n\n<div class=\"container-md paragraph  \">\n<p>En av de viktigste funksjonene er muligheten til \u00e5 gj\u00f8re endringer underveis i deler av installasjonen, uten \u00e5 m\u00e5tte koble fra. Proficy iFIX har alle n\u00f8dvendige muligheter for redundans.<\/p>\n<\/div><\/div><figure class=\"wp-block-media-text__media\"><img loading=\"lazy\" decoding=\"async\" width=\"599\" height=\"393\" src=\"https:\/\/www.novotek.com\/no\/wp-content\/uploads\/sites\/5\/Bransjer\/N\u00e6ringsmiddel\/HMI_SCADA_n\u00e6ringsmiddel\/hmiscada_naeringsmiddel_anleggsoversikt.png\" alt=\"Illustrert oversiktsbilde: Proficy iFIX viser hele anlegget\/fabrikken.\" class=\"wp-image-2281 size-full\" srcset=\"https:\/\/www.novotek.com\/no\/wp-content\/uploads\/sites\/5\/Bransjer\/N\u00e6ringsmiddel\/HMI_SCADA_n\u00e6ringsmiddel\/hmiscada_naeringsmiddel_anleggsoversikt.png 599w, https:\/\/www.novotek.com\/no\/wp-content\/uploads\/sites\/5\/Bransjer\/N\u00e6ringsmiddel\/HMI_SCADA_n\u00e6ringsmiddel\/hmiscada_naeringsmiddel_anleggsoversikt-300x197.png 300w\" sizes=\"auto, (max-width: 599px) 100vw, 599px\" \/><\/figure><\/div>\n<\/div>\n\n<div class=\"container-md heading  \">\n<h2 class=\"wp-block-heading\" id=\"h-funksjoner-som-moter-kravene-til-matsikkerhet\">Funksjoner som m\u00f8ter kravene til matsikkerhet<\/h2>\n<\/div>\n\n<div class=\"container-md paragraph  \">\n<p>Matindustrien blir m\u00f8tt med stadig flere myndighetskrav og regulereringer. Proficy iFIX kommer med omfattende funksjoner som overholder kravene. \u00abAudit trail\u00bb sikrer at alle endringer, registreringer og verdier kan loggf\u00f8res, dokumenteres og identifiseres. Dette kan gj\u00f8res p\u00e5 alle niv\u00e5er, fra individuelle informasjonstagger til komplette klienter.<\/p>\n<\/div>\n\n<div class=\"container-md paragraph  \">\n<p>For bedre brukervennlighet benyttes <strong><a href=\"https:\/\/www.novotek.com\/no\/digitalisering\/mes\/proficy-workflow\/\">Proficy Workflow<\/a>.<\/strong> Valgt arbeidsflyt kan utformes slik at de utl\u00f8ses av alle typer hendelser, og dokumentasjon av arbeidsflyt er gjort enklere med full sporbarhet.&nbsp;<\/p>\n<\/div>\n\n<div class=\"container-md spacer  \">\n<div style=\"height:10px\" aria-hidden=\"true\" class=\"wp-block-spacer\"><\/div>\n<\/div>\n\n<div class=\"container-md heading  \">\n<h2 class=\"wp-block-heading\" id=\"h-allsidig-kommunikasjon\">Allsidig kommunikasjon<\/h2>\n<\/div>\n\n<div class=\"container-md paragraph  \">\n<p>Proficy iFIX er et av de vanligste HMI\/SCADA-systemene innen n\u00e6ringsmiddelindustrien. En av de viktigste funksjonene med et HMI\/SCADA-system, er muligheten til \u00e5 kommunisere med annet utstyr og systemer.&nbsp;<\/p>\n<\/div>\n\n<div class=\"container-md paragraph  \">\n<p>V\u00e5r l\u00f8sning kan kobles opp til alle de vanlige utstyrsprodusentene. I tillegg har vi en rekke drivere for eldre utstyr som fortsatt er i bruk i matindustrien. L\u00f8sningen kan ogs\u00e5 kobles til systemer for laboratorietester og lignende.<\/p>\n<\/div>\n\n<div class=\"container media-text  align\">\n<div class=\"wp-block-media-text has-media-on-the-right is-stacked-on-mobile\"><div class=\"wp-block-media-text__content\"><div class=\"container-md heading  \">\n<h2 class=\"wp-block-heading\" id=\"h-bedre-alarmhandtering\">Bedre alarmh\u00e5ndtering<\/h2>\n<\/div>\n\n<div class=\"container-md paragraph  \">\n<p>Proficy iFIX kommer med et av de beste og mest avanserte alarmsystemene innen HMI\/SCADA-verdenen. Alarmer samles inn, lagres og presenteres med tidsstempel og sporbarhet. Deretter kan de grupperes, prioriteres, arkiveres og videresendes til alle typer enheter.&nbsp;<\/p>\n<\/div>\n\n<div class=\"container-md paragraph  \">\n<p>Novotek har moduler for avansert alarmadministrasjon via e-post, SMS, telefon, internett og app. I tillegg har vi moduler for analyse og rapportering av alarmer for bedre og raskere alarmh\u00e5ndtering.<\/p>\n<\/div><\/div><figure class=\"wp-block-media-text__media\"><img decoding=\"async\" src=\"https:\/\/www.novotek.com\/no\/wp-content\/uploads\/sites\/5\/Automasjon\/HMI_SCADA\/Proficy_iFIX\/GEdigital_proficy_iFIX2.png\" alt=\"Proficy iFIX vises p\u00e5 skjerm.\" class=\"wp-image-1588 size-full\" \/><\/figure><\/div>\n<\/div>\n\n<div class=\"container-md heading  \">\n<h2 class=\"wp-block-heading\" id=\"h-datalogging-for-a-ta-vare-pa-historikken\">Datalogging for \u00e5 ta vare p\u00e5 historikken<\/h2>\n<\/div>\n\n<div class=\"container-md paragraph  \">\n<p>Oppbevaring av data og historiske trender er en viktig del av HMI\/SCADA-l\u00f8sninger for n\u00e6ringsmiddelindustrien. Proficy-familien kommer med et stort utvalg funksjoner for datalogging. Proficy iFIX leveres med alle funksjoner du trenger for logging av mengder, niv\u00e5er, trykk, temperaturer og energi. Trenger du mer, eller har en st\u00f8rre installasjon, kan du velge <strong><a href=\"https:\/\/www.novotek.com\/no\/digitalisering\/datainnsamling-og-rapportering\/proficy-historian\/\">Proficy Historian<\/a> <\/strong>som tar seg av enda flere signaler.<\/p>\n<\/div>\n\n<div class=\"container-md paragraph  \">\n<p>Begge systemene innhenter og lagrer data sv\u00e6rt effektivt. I tillegg f\u00e5r du sikkerhet mot databehandling av korrupte data, samt mulighet til \u00e5 ha en \u00abaudit trail\u00bb. N\u00e5r dataene er lagret kan de enkelt integreres tilbake til HMI-l\u00f8sninger. Se trender eller tabeller basert p\u00e5 r\u00e5data, eller velg en av de seks andre m\u00e5tene \u00e5 hente data fra historikk. L\u00f8sningen kommer med et av de beste trendverkt\u00f8yene for avanserte brukere, med funksjoner for avspilling av hendelsessekvenser basert p\u00e5 lagret data.&nbsp;<\/p>\n<\/div>\n\n<div class=\"container media-text  align\">\n<div class=\"wp-block-media-text is-stacked-on-mobile\"><figure class=\"wp-block-media-text__media\"><img loading=\"lazy\" decoding=\"async\" width=\"567\" height=\"269\" src=\"https:\/\/www.novotek.com\/no\/wp-content\/uploads\/sites\/5\/Bransjer\/N\u00e6ringsmiddel\/HMI_SCADA_n\u00e6ringsmiddel\/hmiscada_naeringsmiddel_reportplus_mockup.png\" alt=\"Novotek Report Plus for n\u00e6ringsmiddel.\" class=\"wp-image-2283 size-full\" srcset=\"https:\/\/www.novotek.com\/no\/wp-content\/uploads\/sites\/5\/Bransjer\/N\u00e6ringsmiddel\/HMI_SCADA_n\u00e6ringsmiddel\/hmiscada_naeringsmiddel_reportplus_mockup.png 567w, https:\/\/www.novotek.com\/no\/wp-content\/uploads\/sites\/5\/Bransjer\/N\u00e6ringsmiddel\/HMI_SCADA_n\u00e6ringsmiddel\/hmiscada_naeringsmiddel_reportplus_mockup-300x142.png 300w\" sizes=\"auto, (max-width: 567px) 100vw, 567px\" \/><\/figure><div class=\"wp-block-media-text__content\"><div class=\"container-md heading  \">\n<h2 class=\"wp-block-heading\" id=\"h-intuitiv-rapportering-for-batcher-og-produksjon\">Intuitiv rapportering for batcher og produksjon<\/h2>\n<\/div>\n\n<div class=\"container-md paragraph  \">\n<p>Rapportering er en viktig funksjon i HMI\/SCADA-systemer innen n\u00e6ringsmiddel. Vi leverer Novotek Report Plus, en standardisert l\u00f8sning basert p\u00e5 Microsoft Reporting Services. Her kan data presenteres p\u00e5 ulike m\u00e5ter, og du har tilgang til en portal for \u00e5 kunne integrere rapporter i l\u00f8sningen. Du kan ogs\u00e5 hente inn dataene og overf\u00f8re dem til ditt foretrukne verkt\u00f8y for dataanalyse.<\/p>\n<\/div><\/div><\/div>\n<\/div>\n\n<div class=\"container-md spacer  \">\n<div style=\"height:10px\" aria-hidden=\"true\" class=\"wp-block-spacer\"><\/div>\n<\/div>\n\n<div class=\"container-md heading  \">\n<h2 class=\"wp-block-heading\" id=\"h-integrering-med-andre-systemer\">Integrasjon med andre systemer<\/h2>\n<\/div>\n\n<div class=\"container-md paragraph  \">\n<p>Proficy iFIX gir mulighet til s\u00f8ml\u00f8s integrering med andre systemer, som vedlikeholdssystemer, laboratoriesystemer, SD-anlegg og overv\u00e5kningskameraer. Denne integrasjonen gir deg enklere tilgang til aktiviteter i systemer p\u00e5 tvers av bedriften.&nbsp;<\/p>\n<\/div>\n\n<div class=\"container-md spacer  \">\n<div style=\"height:50px\" aria-hidden=\"true\" class=\"wp-block-spacer\"><\/div>\n<\/div>\n\n  <div class=\"slider-column-parent\">\n    <div class=\"container\">\n      <div class=\"slider-column-title\">V\u00e5re HMI\/SCADA-l\u00f8sninger for n\u00e6ringsmiddel<\/div>\n\n      <div class=\"row\">\n        <div class=\"col-12 col-md-4\"><div class=\"column-box\">\n  \n      <div class=\"title\">\n      Proficy iFIX    <\/div>\n  \n      <div class=\"text\">\n      <p>Den mest komplette HMI\/SCADA-l\u00f8sningen p\u00e5 markedet.<\/p>\n    <\/div>\n  \n      <a class=\"link\"  href=\"https:\/\/www.novotek.com\/no\/automasjon\/scada\/proficy-ifix\/\" target=\"\">\n      Les mer    <\/a>\n  \n  <\/div>\n\n<\/div><div class=\"col-12 col-md-4\"><div class=\"column-box\">\n  \n      <div class=\"title\">\n      Proficy Historian    <\/div>\n  \n      <div class=\"text\">\n      <p>Markedets kraftigste prosessdatabase utviklet for produksjonsdata.<\/p>\n    <\/div>\n  \n      <a class=\"link\"  href=\"https:\/\/www.novotek.com\/no\/digitalisering\/datainnsamling-og-rapportering\/proficy-historian\/\" target=\"\">\n      Les mer    <\/a>\n  \n  <\/div>\n\n<\/div><div class=\"col-12 col-md-4\"><div class=\"column-box\">\n  \n      <div class=\"title\">\n      Novotek Report Plus    <\/div>\n  \n      <div class=\"text\">\n      <p>F\u00e5 korrekte rapporter i sanntid med dette rapportverkt\u00f8yet for Proficy iFIX.<\/p>\n    <\/div>\n  \n      <a class=\"link\"  href=\"https:\/\/www.novotek.com\/no\/digitalisering\/datainnsamling-og-rapportering\/novotek-report-plus\/\" target=\"\">\n      Les mer    <\/a>\n  \n  <\/div>\n\n<\/div>      <\/div>\n    <\/div>\n  <\/div>\n","protected":false},"excerpt":{"rendered":"<p>Med myndighetskrav og reguleringer for matsikkerhet, m\u00f8ter styre- og overv\u00e5kningssystemer egne utfordringer i n\u00e6ringsmiddelindustrien. Basert p\u00e5 Proficy iFIX fra GE Digital, leverer vi n\u00f8ye tilpasset HMI\/SCADA for n\u00e6ringsmiddel. Novotek har levert HMI\/SCADA-l\u00f8sninger til n\u00e6ringsmiddelindustrien i 35 \u00e5r. V\u00e5r l\u00f8sning er topp moderne, og gir deg tilgang til det siste innen HMI-design og alarmh\u00e5ndtering. Innovative og [&hellip;]<\/p>\n","protected":false},"author":7,"featured_media":0,"parent":110,"menu_order":0,"comment_status":"closed","ping_status":"closed","template":"","meta":{"_acf_changed":false,"_relevanssi_hide_post":"","_relevanssi_pin_for_all":"","_relevanssi_pin_keywords":"","_relevanssi_unpin_keywords":"","_relevanssi_related_keywords":"","_relevanssi_related_include_ids":"","_relevanssi_related_exclude_ids":"","_relevanssi_related_no_append":"","_relevanssi_related_not_related":"","_relevanssi_related_posts":"1","_relevanssi_noindex_reason":"","footnotes":""},"class_list":["post-329","page","type-page","status-publish","hentry"],"acf":[],"yoast_head":"<!-- This site is optimized with the Yoast SEO plugin v27.4 - https:\/\/yoast.com\/product\/yoast-seo-wordpress\/ -->\n<title>HMI\/SCADA for n\u00e6ringsmiddel - Novotek Norge<\/title>\n<meta name=\"description\" content=\"Med myndighetskrav og reguleringer m\u00f8ter automasjonssystemer utfordringer i n\u00e6ringsmiddelindutrien. Vi leverer HMI\/SCADA for n\u00e6ringsmiddel.\" \/>\n<meta name=\"robots\" content=\"index, follow, max-snippet:-1, max-image-preview:large, max-video-preview:-1\" \/>\n<link rel=\"canonical\" href=\"https:\/\/www.novotek.com\/no\/automasjon\/scada\/proficy-ifix\/hmi-scada-for-naeringsmiddel\/\" \/>\n<meta property=\"og:locale\" content=\"nb_NO\" \/>\n<meta property=\"og:type\" content=\"article\" \/>\n<meta property=\"og:title\" content=\"HMI\/SCADA for n\u00e6ringsmiddel - Novotek Norge\" \/>\n<meta property=\"og:description\" content=\"Med myndighetskrav og reguleringer m\u00f8ter automasjonssystemer utfordringer i n\u00e6ringsmiddelindutrien. Vi leverer HMI\/SCADA for n\u00e6ringsmiddel.\" \/>\n<meta property=\"og:url\" content=\"https:\/\/www.novotek.com\/no\/automasjon\/scada\/proficy-ifix\/hmi-scada-for-naeringsmiddel\/\" \/>\n<meta property=\"og:site_name\" content=\"Novotek Norge\" \/>\n<meta property=\"article:modified_time\" content=\"2023-09-19T12:51:29+00:00\" \/>\n<meta property=\"og:image\" content=\"https:\/\/www.novotek.com\/no\/wp-content\/uploads\/sites\/5\/Automasjon\/HMI_SCADA\/Proficy_iFIX\/GEdigital_proficy_iFIX2.png\" \/>\n<meta name=\"twitter:card\" content=\"summary_large_image\" \/>\n<meta name=\"twitter:label1\" content=\"Ansl. lesetid\" \/>\n\t<meta name=\"twitter:data1\" content=\"5 minutter\" \/>\n<script type=\"application\/ld+json\" class=\"yoast-schema-graph\">{\"@context\":\"https:\\\/\\\/schema.org\",\"@graph\":[{\"@type\":\"WebPage\",\"@id\":\"https:\\\/\\\/www.novotek.com\\\/no\\\/automasjon\\\/scada\\\/proficy-ifix\\\/hmi-scada-for-naeringsmiddel\\\/\",\"url\":\"https:\\\/\\\/www.novotek.com\\\/no\\\/automasjon\\\/scada\\\/proficy-ifix\\\/hmi-scada-for-naeringsmiddel\\\/\",\"name\":\"HMI\\\/SCADA for n\u00e6ringsmiddel - Novotek Norge\",\"isPartOf\":{\"@id\":\"https:\\\/\\\/www.novotek.com\\\/no\\\/#website\"},\"primaryImageOfPage\":{\"@id\":\"https:\\\/\\\/www.novotek.com\\\/no\\\/automasjon\\\/scada\\\/proficy-ifix\\\/hmi-scada-for-naeringsmiddel\\\/#primaryimage\"},\"image\":{\"@id\":\"https:\\\/\\\/www.novotek.com\\\/no\\\/automasjon\\\/scada\\\/proficy-ifix\\\/hmi-scada-for-naeringsmiddel\\\/#primaryimage\"},\"thumbnailUrl\":\"https:\\\/\\\/www.novotek.com\\\/no\\\/wp-content\\\/uploads\\\/sites\\\/5\\\/Automasjon\\\/HMI_SCADA\\\/Proficy_iFIX\\\/GEdigital_proficy_iFIX2.png\",\"datePublished\":\"2021-05-25T06:36:46+00:00\",\"dateModified\":\"2023-09-19T12:51:29+00:00\",\"description\":\"Med myndighetskrav og reguleringer m\u00f8ter automasjonssystemer utfordringer i n\u00e6ringsmiddelindutrien. Vi leverer HMI\\\/SCADA for n\u00e6ringsmiddel.\",\"breadcrumb\":{\"@id\":\"https:\\\/\\\/www.novotek.com\\\/no\\\/automasjon\\\/scada\\\/proficy-ifix\\\/hmi-scada-for-naeringsmiddel\\\/#breadcrumb\"},\"inLanguage\":\"nb-NO\",\"potentialAction\":[{\"@type\":\"ReadAction\",\"target\":[\"https:\\\/\\\/www.novotek.com\\\/no\\\/automasjon\\\/scada\\\/proficy-ifix\\\/hmi-scada-for-naeringsmiddel\\\/\"]}]},{\"@type\":\"ImageObject\",\"inLanguage\":\"nb-NO\",\"@id\":\"https:\\\/\\\/www.novotek.com\\\/no\\\/automasjon\\\/scada\\\/proficy-ifix\\\/hmi-scada-for-naeringsmiddel\\\/#primaryimage\",\"url\":\"\",\"contentUrl\":\"\"},{\"@type\":\"BreadcrumbList\",\"@id\":\"https:\\\/\\\/www.novotek.com\\\/no\\\/automasjon\\\/scada\\\/proficy-ifix\\\/hmi-scada-for-naeringsmiddel\\\/#breadcrumb\",\"itemListElement\":[{\"@type\":\"ListItem\",\"position\":1,\"name\":\"Home\",\"item\":\"https:\\\/\\\/www.novotek.com\\\/no\\\/\"},{\"@type\":\"ListItem\",\"position\":2,\"name\":\"Automasjon\",\"item\":\"https:\\\/\\\/www.novotek.com\\\/no\\\/automasjon\\\/\"},{\"@type\":\"ListItem\",\"position\":3,\"name\":\"HMI\\\/SCADA\",\"item\":\"https:\\\/\\\/www.novotek.com\\\/no\\\/automasjon\\\/scada\\\/\"},{\"@type\":\"ListItem\",\"position\":4,\"name\":\"Proficy iFIX HMI\\\/SCADA\",\"item\":\"https:\\\/\\\/www.novotek.com\\\/no\\\/automasjon\\\/scada\\\/proficy-ifix\\\/\"},{\"@type\":\"ListItem\",\"position\":5,\"name\":\"HMI\\\/SCADA for n\u00e6ringsmiddel\"}]},{\"@type\":\"WebSite\",\"@id\":\"https:\\\/\\\/www.novotek.com\\\/no\\\/#website\",\"url\":\"https:\\\/\\\/www.novotek.com\\\/no\\\/\",\"name\":\"Novotek Norge\",\"description\":\"Automasjon, digitalisering og Analytics\",\"publisher\":{\"@id\":\"https:\\\/\\\/www.novotek.com\\\/no\\\/#organization\"},\"potentialAction\":[{\"@type\":\"SearchAction\",\"target\":{\"@type\":\"EntryPoint\",\"urlTemplate\":\"https:\\\/\\\/www.novotek.com\\\/no\\\/?s={search_term_string}\"},\"query-input\":{\"@type\":\"PropertyValueSpecification\",\"valueRequired\":true,\"valueName\":\"search_term_string\"}}],\"inLanguage\":\"nb-NO\"},{\"@type\":\"Organization\",\"@id\":\"https:\\\/\\\/www.novotek.com\\\/no\\\/#organization\",\"name\":\"Novotek AS\",\"url\":\"https:\\\/\\\/www.novotek.com\\\/no\\\/\",\"logo\":{\"@type\":\"ImageObject\",\"inLanguage\":\"nb-NO\",\"@id\":\"https:\\\/\\\/www.novotek.com\\\/no\\\/#\\\/schema\\\/logo\\\/image\\\/\",\"url\":\"https:\\\/\\\/www.novotek.com\\\/no\\\/wp-content\\\/uploads\\\/sites\\\/5\\\/Forside\\\/Novotek_logo.png\",\"contentUrl\":\"https:\\\/\\\/www.novotek.com\\\/no\\\/wp-content\\\/uploads\\\/sites\\\/5\\\/Forside\\\/Novotek_logo.png\",\"width\":1200,\"height\":348,\"caption\":\"Novotek AS\"},\"image\":{\"@id\":\"https:\\\/\\\/www.novotek.com\\\/no\\\/#\\\/schema\\\/logo\\\/image\\\/\"},\"sameAs\":[\"https:\\\/\\\/www.linkedin.com\\\/company\\\/novotek-as\"]}]}<\/script>\n<!-- \/ Yoast SEO plugin. -->","yoast_head_json":{"title":"HMI\/SCADA for n\u00e6ringsmiddel - Novotek Norge","description":"Med myndighetskrav og reguleringer m\u00f8ter automasjonssystemer utfordringer i n\u00e6ringsmiddelindutrien. Vi leverer HMI\/SCADA for n\u00e6ringsmiddel.","robots":{"index":"index","follow":"follow","max-snippet":"max-snippet:-1","max-image-preview":"max-image-preview:large","max-video-preview":"max-video-preview:-1"},"canonical":"https:\/\/www.novotek.com\/no\/automasjon\/scada\/proficy-ifix\/hmi-scada-for-naeringsmiddel\/","og_locale":"nb_NO","og_type":"article","og_title":"HMI\/SCADA for n\u00e6ringsmiddel - Novotek Norge","og_description":"Med myndighetskrav og reguleringer m\u00f8ter automasjonssystemer utfordringer i n\u00e6ringsmiddelindutrien. Vi leverer HMI\/SCADA for n\u00e6ringsmiddel.","og_url":"https:\/\/www.novotek.com\/no\/automasjon\/scada\/proficy-ifix\/hmi-scada-for-naeringsmiddel\/","og_site_name":"Novotek Norge","article_modified_time":"2023-09-19T12:51:29+00:00","og_image":[{"url":"https:\/\/www.novotek.com\/no\/wp-content\/uploads\/sites\/5\/Automasjon\/HMI_SCADA\/Proficy_iFIX\/GEdigital_proficy_iFIX2.png","type":"","width":"","height":""}],"twitter_card":"summary_large_image","twitter_misc":{"Ansl. lesetid":"5 minutter"},"schema":{"@context":"https:\/\/schema.org","@graph":[{"@type":"WebPage","@id":"https:\/\/www.novotek.com\/no\/automasjon\/scada\/proficy-ifix\/hmi-scada-for-naeringsmiddel\/","url":"https:\/\/www.novotek.com\/no\/automasjon\/scada\/proficy-ifix\/hmi-scada-for-naeringsmiddel\/","name":"HMI\/SCADA for n\u00e6ringsmiddel - Novotek Norge","isPartOf":{"@id":"https:\/\/www.novotek.com\/no\/#website"},"primaryImageOfPage":{"@id":"https:\/\/www.novotek.com\/no\/automasjon\/scada\/proficy-ifix\/hmi-scada-for-naeringsmiddel\/#primaryimage"},"image":{"@id":"https:\/\/www.novotek.com\/no\/automasjon\/scada\/proficy-ifix\/hmi-scada-for-naeringsmiddel\/#primaryimage"},"thumbnailUrl":"https:\/\/www.novotek.com\/no\/wp-content\/uploads\/sites\/5\/Automasjon\/HMI_SCADA\/Proficy_iFIX\/GEdigital_proficy_iFIX2.png","datePublished":"2021-05-25T06:36:46+00:00","dateModified":"2023-09-19T12:51:29+00:00","description":"Med myndighetskrav og reguleringer m\u00f8ter automasjonssystemer utfordringer i n\u00e6ringsmiddelindutrien. Vi leverer HMI\/SCADA for n\u00e6ringsmiddel.","breadcrumb":{"@id":"https:\/\/www.novotek.com\/no\/automasjon\/scada\/proficy-ifix\/hmi-scada-for-naeringsmiddel\/#breadcrumb"},"inLanguage":"nb-NO","potentialAction":[{"@type":"ReadAction","target":["https:\/\/www.novotek.com\/no\/automasjon\/scada\/proficy-ifix\/hmi-scada-for-naeringsmiddel\/"]}]},{"@type":"ImageObject","inLanguage":"nb-NO","@id":"https:\/\/www.novotek.com\/no\/automasjon\/scada\/proficy-ifix\/hmi-scada-for-naeringsmiddel\/#primaryimage","url":"","contentUrl":""},{"@type":"BreadcrumbList","@id":"https:\/\/www.novotek.com\/no\/automasjon\/scada\/proficy-ifix\/hmi-scada-for-naeringsmiddel\/#breadcrumb","itemListElement":[{"@type":"ListItem","position":1,"name":"Home","item":"https:\/\/www.novotek.com\/no\/"},{"@type":"ListItem","position":2,"name":"Automasjon","item":"https:\/\/www.novotek.com\/no\/automasjon\/"},{"@type":"ListItem","position":3,"name":"HMI\/SCADA","item":"https:\/\/www.novotek.com\/no\/automasjon\/scada\/"},{"@type":"ListItem","position":4,"name":"Proficy iFIX HMI\/SCADA","item":"https:\/\/www.novotek.com\/no\/automasjon\/scada\/proficy-ifix\/"},{"@type":"ListItem","position":5,"name":"HMI\/SCADA for n\u00e6ringsmiddel"}]},{"@type":"WebSite","@id":"https:\/\/www.novotek.com\/no\/#website","url":"https:\/\/www.novotek.com\/no\/","name":"Novotek Norge","description":"Automasjon, digitalisering og Analytics","publisher":{"@id":"https:\/\/www.novotek.com\/no\/#organization"},"potentialAction":[{"@type":"SearchAction","target":{"@type":"EntryPoint","urlTemplate":"https:\/\/www.novotek.com\/no\/?s={search_term_string}"},"query-input":{"@type":"PropertyValueSpecification","valueRequired":true,"valueName":"search_term_string"}}],"inLanguage":"nb-NO"},{"@type":"Organization","@id":"https:\/\/www.novotek.com\/no\/#organization","name":"Novotek AS","url":"https:\/\/www.novotek.com\/no\/","logo":{"@type":"ImageObject","inLanguage":"nb-NO","@id":"https:\/\/www.novotek.com\/no\/#\/schema\/logo\/image\/","url":"https:\/\/www.novotek.com\/no\/wp-content\/uploads\/sites\/5\/Forside\/Novotek_logo.png","contentUrl":"https:\/\/www.novotek.com\/no\/wp-content\/uploads\/sites\/5\/Forside\/Novotek_logo.png","width":1200,"height":348,"caption":"Novotek AS"},"image":{"@id":"https:\/\/www.novotek.com\/no\/#\/schema\/logo\/image\/"},"sameAs":["https:\/\/www.linkedin.com\/company\/novotek-as"]}]}},"_links":{"self":[{"href":"https:\/\/www.novotek.com\/no\/wp-json\/wp\/v2\/pages\/329","targetHints":{"allow":["GET"]}}],"collection":[{"href":"https:\/\/www.novotek.com\/no\/wp-json\/wp\/v2\/pages"}],"about":[{"href":"https:\/\/www.novotek.com\/no\/wp-json\/wp\/v2\/types\/page"}],"author":[{"embeddable":true,"href":"https:\/\/www.novotek.com\/no\/wp-json\/wp\/v2\/users\/7"}],"replies":[{"embeddable":true,"href":"https:\/\/www.novotek.com\/no\/wp-json\/wp\/v2\/comments?post=329"}],"version-history":[{"count":23,"href":"https:\/\/www.novotek.com\/no\/wp-json\/wp\/v2\/pages\/329\/revisions"}],"predecessor-version":[{"id":11864,"href":"https:\/\/www.novotek.com\/no\/wp-json\/wp\/v2\/pages\/329\/revisions\/11864"}],"up":[{"embeddable":true,"href":"https:\/\/www.novotek.com\/no\/wp-json\/wp\/v2\/pages\/110"}],"wp:attachment":[{"href":"https:\/\/www.novotek.com\/no\/wp-json\/wp\/v2\/media?parent=329"}],"curies":[{"name":"wp","href":"https:\/\/api.w.org\/{rel}","templated":true}]}}