{"id":4167,"date":"2021-08-30T07:38:13","date_gmt":"2021-08-30T07:38:13","guid":{"rendered":"https:\/\/www.novotek.com\/no\/?page_id=4167"},"modified":"2023-09-19T12:35:33","modified_gmt":"2023-09-19T12:35:33","slug":"kundehistorie-arctic-paper-grycksbo-ab","status":"publish","type":"page","link":"https:\/\/www.novotek.com\/no\/bransjer\/papir-og-masse\/kundehistorie-arctic-paper-grycksbo-ab\/","title":{"rendered":"Kundehistorie Arctic Paper Grycksbo AB"},"content":{"rendered":"  <div class=\"hero\">\n    <div class=\"carousel hero-slider small\" data-flickity data-flickity-options='{\"prevNextButtons\": false}'>\n              <div class=\"carousel-cell\">\n          <div class=\"container\">\n            <div class=\"hero-content\">\n                              <h5>Referanse<\/h5>\n<h1>Arctic Paper Grycksbo AB<\/h1>\n<p>Med Proficy iFIX fikk Arctic Paper et felles brukergrensesnitt og \u00f8kte papirproduksjonen.<\/p>\n              \n                          <\/div>\n          <\/div>\n\n          <img decoding=\"async\" width=\"1024\" height=\"427\" src=\"https:\/\/www.novotek.com\/no\/wp-content\/uploads\/sites\/5\/Bransjer\/Papir_og_masse\/Arctic_Paper_Grycksbo\/Papir_ark_1920x800-1024x427.jpg\" class=\"hero-bg\" alt=\"Hero Img\" fetchpriority=\"high\" srcset=\"https:\/\/www.novotek.com\/no\/wp-content\/uploads\/sites\/5\/Bransjer\/Papir_og_masse\/Arctic_Paper_Grycksbo\/Papir_ark_1920x800-1024x427.jpg 1024w, https:\/\/www.novotek.com\/no\/wp-content\/uploads\/sites\/5\/Bransjer\/Papir_og_masse\/Arctic_Paper_Grycksbo\/Papir_ark_1920x800-300x125.jpg 300w, https:\/\/www.novotek.com\/no\/wp-content\/uploads\/sites\/5\/Bransjer\/Papir_og_masse\/Arctic_Paper_Grycksbo\/Papir_ark_1920x800-768x320.jpg 768w, https:\/\/www.novotek.com\/no\/wp-content\/uploads\/sites\/5\/Bransjer\/Papir_og_masse\/Arctic_Paper_Grycksbo\/Papir_ark_1920x800-1536x640.jpg 1536w, https:\/\/www.novotek.com\/no\/wp-content\/uploads\/sites\/5\/Bransjer\/Papir_og_masse\/Arctic_Paper_Grycksbo\/Papir_ark_1920x800.jpg 1920w\" sizes=\"(max-width: 1024px) 100vw, 1024px\" \/>                  <\/div>\n          <\/div>\n\n      <\/div>\n\n   <div class=\"floating-breadcrumb\"><div class=\"container\"><span><span><a href=\"https:\/\/www.novotek.com\/no\/\" class=\"breadcrumb-frontpage\">Home<\/a><\/span><\/span><\/div><\/div>\n\n\n<div class=\"quotes-parent\">\n  <div class=\"container\">\n    <div class=\"carousel quotes-carousel\">\n              <div class=\"quote-cell carousel-cell\">\n          <div class=\"container-quote\">\n            <strong>&laquo;Proficy iFIX gir alle brukerne et felles grensesnitt for prosessen.&raquo;<\/strong>\n            <span>Dan Christensen, Arctic Paper Grycksbo AB<\/span>\n          <\/div>\n        <\/div>\n          <\/div>\n  <\/div>\n<\/div>\n\n\n<div class=\"container-md columns  \">\n<div class=\"wp-block-columns is-layout-flex wp-container-core-columns-is-layout-9d6595d7 wp-block-columns-is-layout-flex\"><div class=\"container-md column  \">\n<div class=\"wp-block-column is-layout-flow wp-block-column-is-layout-flow\"><div class=\"container-md heading  \">\n<h4 class=\"wp-block-heading\">L\u00f8sning<\/h4>\n<\/div>\n\n<div class=\"container-md list  \">\n<ul class=\"wp-block-list\" id=\"block-d063825a-443c-4258-82cf-b4957aba7416\"><div class=\"container-md list-item  \">\n<li>Automasjonsl\u00f8sning HMI\/SCADA<\/li>\n<\/div>\n\n<div class=\"container-md list-item  \">\n<li>Integrasjon med informasjonssystemer<\/li>\n<\/div>\n\n<div class=\"container-md list-item  \">\n<li>Web-basert trendoversikt<\/li>\n<\/div><\/ul>\n<\/div>\n\n<div class=\"container-md spacer  \">\n<div style=\"height:15px\" aria-hidden=\"true\" class=\"wp-block-spacer\"><\/div>\n<\/div>\n\n<div class=\"container-md heading  \">\n<h4 class=\"wp-block-heading\">Produkter<\/h4>\n<\/div>\n\n<div class=\"container-md list  \">\n<ul class=\"wp-block-list\" id=\"block-2d4fa3a5-0225-45d9-b019-8a335f11a235\"><div class=\"container-md list-item  \">\n<li><a href=\"https:\/\/www.novotek.com\/no\/automasjon\/scada\/proficy-ifix\/\">Proficy iFIX<\/a><\/li>\n<\/div>\n\n<div class=\"container-md list-item  \">\n<li><a href=\"https:\/\/www.novotek.com\/no\/digitalisering\/datainnsamling-og-rapportering\/proficy-historian\/\">Proficy Historian<\/a><\/li>\n<\/div><\/ul>\n<\/div>\n\n<div class=\"container-md spacer  \">\n<div style=\"height:15px\" aria-hidden=\"true\" class=\"wp-block-spacer\"><\/div>\n<\/div>\n\n<div class=\"container-md heading  \">\n<h4 class=\"wp-block-heading\">Fordeler<\/h4>\n<\/div>\n\n<div class=\"container-md list  \">\n<ul class=\"wp-block-list\"><div class=\"container-md list-item  \">\n<li>Felles brukergrensesnitt for produksjonsprosessen<\/li>\n<\/div>\n\n<div class=\"container-md list-item  \">\n<li>Integrasjon med eksisterende DCS- og PLS-systemer<\/li>\n<\/div>\n\n<div class=\"container-md list-item  \">\n<li>God datatilgang med redundans<\/li>\n<\/div>\n\n<div class=\"container-md list-item  \">\n<li>Integrasjon med eksisterende informasjonssjonssystemer<\/li>\n<\/div><\/ul>\n<\/div><\/div>\n<\/div>\n\n<div class=\"container-md column  \">\n<div class=\"wp-block-column is-layout-flow wp-block-column-is-layout-flow\"><div class=\"wp-block-image\"><div class=\"container-md image  alignright\">\n<figure class=\"alignright size-large is-resized\"><img loading=\"lazy\" decoding=\"async\" src=\"https:\/\/www.novotek.com\/no\/wp-content\/uploads\/sites\/5\/Bransjer\/Novotek_CheckBox.png\" alt=\"Novotek piktogram: Check.\" class=\"wp-image-1835\" style=\"width:190px;height:190px\" width=\"190\" height=\"190\" srcset=\"https:\/\/www.novotek.com\/no\/wp-content\/uploads\/sites\/5\/Bransjer\/Novotek_CheckBox.png 500w, https:\/\/www.novotek.com\/no\/wp-content\/uploads\/sites\/5\/Bransjer\/Novotek_CheckBox-300x300.png 300w, https:\/\/www.novotek.com\/no\/wp-content\/uploads\/sites\/5\/Bransjer\/Novotek_CheckBox-150x150.png 150w\" sizes=\"auto, (max-width: 190px) 100vw, 190px\" \/><\/figure>\n<\/div><\/div><\/div>\n<\/div><\/div>\n<\/div>\n\n<div class=\"container-md spacer  \">\n<div style=\"height:30px\" aria-hidden=\"true\" class=\"wp-block-spacer\"><\/div>\n<\/div>\n\n<div class=\"container-md paragraph  \">\n<p>Med en gjenoppbygging for \u00e5 forbedre papirmaskinen i anlegget i Grycksbo, hadde Arctic Paper behov for en automasjonsl\u00f8sning som kunne integreres med informasjonssystemer. Et Proficy iFIX-system var allerede koblet til en mindre del av anlegget, og etter n\u00f8ye evaluering av ulike l\u00f8sninger falt valget p\u00e5 \u00e5 ekspandere dette.&nbsp;<\/p>\n<\/div>\n\n<div class=\"container-md spacer  \">\n<div style=\"height:50px\" aria-hidden=\"true\" class=\"wp-block-spacer\"><\/div>\n<\/div>\n\n  <div class=\"hero\">\n    <div class=\"carousel hero-slider small\" data-flickity data-flickity-options='{\"prevNextButtons\": false}'>\n              <div class=\"carousel-cell\">\n          <div class=\"container\">\n            <div class=\"hero-content\">\n                              <h2>Kvalitetspapir i 200 \u00e5r<\/h2>\n<p>Arctic Paper Grycksbo AB har produsert papir i Grycksbo i Dalarne i Sverige helt tilbake til 1740. Med over 200 \u00e5rs erfaring fokuserer de p\u00e5 \u00e5 lage papir i sv\u00e6rt h\u00f8y kvalitet, og har som m\u00e5l \u00e5 bli Europas mest milj\u00f8vennlige papirm\u00f8lle. Hvert \u00e5r blir omtrent 220\u00a0000 tonn papir produsert her. Novotek har samarbeidet med Arctic Paper Grycksbo AB for l\u00f8sninger innen automasjon og industriell IT i en \u00e5rrekke.<\/p>\n              \n                          <\/div>\n          <\/div>\n\n          <img decoding=\"async\" width=\"1024\" height=\"427\" src=\"https:\/\/www.novotek.com\/no\/wp-content\/uploads\/sites\/5\/Bransjer\/Papir_og_masse\/Arctic_Paper_Grycksbo\/Dalarne_Sverige_1920x800-1024x427.jpg\" class=\"hero-bg\" alt=\"Hero Img\" fetchpriority=\"high\" srcset=\"https:\/\/www.novotek.com\/no\/wp-content\/uploads\/sites\/5\/Bransjer\/Papir_og_masse\/Arctic_Paper_Grycksbo\/Dalarne_Sverige_1920x800-1024x427.jpg 1024w, https:\/\/www.novotek.com\/no\/wp-content\/uploads\/sites\/5\/Bransjer\/Papir_og_masse\/Arctic_Paper_Grycksbo\/Dalarne_Sverige_1920x800-300x125.jpg 300w, https:\/\/www.novotek.com\/no\/wp-content\/uploads\/sites\/5\/Bransjer\/Papir_og_masse\/Arctic_Paper_Grycksbo\/Dalarne_Sverige_1920x800-768x320.jpg 768w, https:\/\/www.novotek.com\/no\/wp-content\/uploads\/sites\/5\/Bransjer\/Papir_og_masse\/Arctic_Paper_Grycksbo\/Dalarne_Sverige_1920x800-1536x640.jpg 1536w, https:\/\/www.novotek.com\/no\/wp-content\/uploads\/sites\/5\/Bransjer\/Papir_og_masse\/Arctic_Paper_Grycksbo\/Dalarne_Sverige_1920x800.jpg 1920w\" sizes=\"(max-width: 1024px) 100vw, 1024px\" \/>                  <\/div>\n          <\/div>\n\n      <\/div>\n\n   \n\n\n<div class=\"container-md heading  \">\n<h2 class=\"wp-block-heading\">Bedre brukergrensesnitt<\/h2>\n<\/div>\n\n<div class=\"container-md paragraph  \">\n<p>Arctic Paper\u2019s hovedfokus for implementeringen av Proficy iFIX var brukergrensesnittet.&nbsp;<\/p>\n<\/div>\n\n<div class=\"container-md paragraph  \">\n<p>\u2013&nbsp;Vi la stor vekt p\u00e5 operat\u00f8renes arbeidsmilj\u00f8 med tanke p\u00e5 overv\u00e5kning og kontroll. Proficy iFIX gir alle et felles brukergrensesnitt for visualisering av produksjonsprosessen, forklarer Dan Christensen fra Arctic Paper.&nbsp;<\/p>\n<\/div>\n\n<div class=\"container-md paragraph  \">\n<p>Arctic Paper-fabrikken i Grycksbo hadde flere ulike DCS-modeller og kontrollsystemer fra ulike leverand\u00f8rer. Ved \u00e5 benytte det eksisterende kontrollutstyret til \u00e5 kommunisere med h\u00f8yhastighets bus-systemer kunne optimal kontroll og overv\u00e5kning av anlegget oppn\u00e5s. I tillegg ble redundante serverl\u00f8sninger implementert, &#8211; alt etter Arctic Paper\u2019s spesifikasjoner og behov. Resultatet ble bedre oversikt og enklere h\u00e5ndtering og konfigurasjon.&nbsp;<\/p>\n<\/div>\n\n<div class=\"container media-text  align\">\n<div class=\"wp-block-media-text is-stacked-on-mobile\"><figure class=\"wp-block-media-text__media\"><img loading=\"lazy\" decoding=\"async\" width=\"800\" height=\"838\" src=\"https:\/\/www.novotek.com\/no\/wp-content\/uploads\/sites\/5\/Bransjer\/Papir_og_masse\/Arctic_Paper_Grycksbo\/Ark_duotone.jpg\" alt=\"Kvalitetsark, likt Arctic Paper.\" class=\"wp-image-4173 size-full\" srcset=\"https:\/\/www.novotek.com\/no\/wp-content\/uploads\/sites\/5\/Bransjer\/Papir_og_masse\/Arctic_Paper_Grycksbo\/Ark_duotone.jpg 800w, https:\/\/www.novotek.com\/no\/wp-content\/uploads\/sites\/5\/Bransjer\/Papir_og_masse\/Arctic_Paper_Grycksbo\/Ark_duotone-286x300.jpg 286w, https:\/\/www.novotek.com\/no\/wp-content\/uploads\/sites\/5\/Bransjer\/Papir_og_masse\/Arctic_Paper_Grycksbo\/Ark_duotone-768x804.jpg 768w\" sizes=\"auto, (max-width: 800px) 100vw, 800px\" \/><\/figure><div class=\"wp-block-media-text__content\"><div class=\"container-md heading  \">\n<h2 class=\"wp-block-heading\">Integrasjon med eksisterende systemer<\/h2>\n<\/div>\n\n<div class=\"container-md paragraph  \">\n<p>Neste steg i fornyelsesprosessen var \u00e5 forbedre kommunikasjonen til det eksisterende informasjonssystemet, WinMOPS. Med Siemens Teleperm M OPC Server Gateway overf\u00f8res kommunikasjonen fra det serielle grensesnittet til Teleperms CS275 med h\u00f8yhastighets bus-systemer. Dette gir produksjonspersonell tilgang til kvalitetssikret sanntidsdata, som lar dem ta bedre og raskere valg.&nbsp;<\/p>\n<\/div>\n\n<div class=\"container-md paragraph  \">\n<p>Ulf Persson, Systems Manager for Proficy iFIX i Arcitc Paper, er spesielt forn\u00f8yd med hvordan l\u00f8sningen kan integreres med fabrikkens eksisterende systemer.&nbsp;\u2013&nbsp;Siden Proficy iFIX muliggj\u00f8r en gradvis fornyelse, kan vi gj\u00f8re det meste ut av v\u00e5re eksisterende kontrollsystemer, forteller han.&nbsp;<\/p>\n<\/div>\n\n<div class=\"container-md spacer  \">\n<div style=\"height:20px\" aria-hidden=\"true\" class=\"wp-block-spacer\"><\/div>\n<\/div>\n\n<div class=\"container-md heading  \">\n<h2 class=\"wp-block-heading\">\u00d8kt papirproduksjon<\/h2>\n<\/div>\n\n<div class=\"container-md paragraph  \">\n<p>Med utvidelsen av Proficy iFIX, sammen med fornyelsen av papirmaskinen, har produksjonen hos Arctic Paper i Grycksbo \u00f8kt fra 830 meter til 1100 meter papirproduksjon per minutt. Operat\u00f8rene har n\u00e5 et moderne Windows-basert system som distribuerer prosessert data til informasjonssystemer, b\u00e5de raskt og sikkert. Personellet kan ta umiddelbare valg basert p\u00e5 data og informasjon i sanntid, som s\u00f8rger for kontinuerlig optimalisering av produksjonen.&nbsp;<\/p>\n<\/div><\/div><\/div>\n<\/div>\n\n<div class=\"container-md spacer  \">\n<div style=\"height:50px\" aria-hidden=\"true\" class=\"wp-block-spacer\"><\/div>\n<\/div>\n\n  <div class=\"slider-column-parent\">\n    <div class=\"container\">\n      <div class=\"slider-column-title\">Les mer om l\u00f8sningene<\/div>\n\n      <div class=\"row\">\n        <div class=\"col-12 col-md-4\"><div class=\"column-box\">\n  \n      <div class=\"title\">\n      Proficy iFIX    <\/div>\n  \n      <div class=\"text\">\n      <p>Den mest komplette HMI\/SCADA-l\u00f8sningen p\u00e5 markedet.<\/p>\n    <\/div>\n  \n      <a class=\"link\"  href=\"https:\/\/www.novotek.com\/no\/automasjon\/scada\/proficy-ifix\/\" target=\"\">\n      Les mer    <\/a>\n  \n  <\/div>\n\n<\/div><div class=\"col-12 col-md-4\"><div class=\"column-box\">\n  \n      <div class=\"title\">\n      Proficy Historian    <\/div>\n  \n      <div class=\"text\">\n      <p>Markedets kraftigste prosessdatabase utviklet for produksjonsdata.<\/p>\n    <\/div>\n  \n      <a class=\"link\"  href=\"https:\/\/www.novotek.com\/no\/digitalisering\/datainnsamling-og-rapportering\/proficy-historian\/\" target=\"\">\n      Les mer    <\/a>\n  \n  <\/div>\n\n<\/div>      <\/div>\n    <\/div>\n  <\/div>\n","protected":false},"excerpt":{"rendered":"<p>L\u00f8sning Produkter Fordeler Med en gjenoppbygging for \u00e5 forbedre papirmaskinen i anlegget i Grycksbo, hadde Arctic Paper behov for en automasjonsl\u00f8sning som kunne integreres med informasjonssystemer. Et Proficy iFIX-system var allerede koblet til en mindre del av anlegget, og etter n\u00f8ye evaluering av ulike l\u00f8sninger falt valget p\u00e5 \u00e5 ekspandere dette.&nbsp; Bedre brukergrensesnitt Arctic Paper\u2019s [&hellip;]<\/p>\n","protected":false},"author":7,"featured_media":0,"parent":1005,"menu_order":0,"comment_status":"closed","ping_status":"closed","template":"","meta":{"_acf_changed":false,"_relevanssi_hide_post":"","_relevanssi_pin_for_all":"","_relevanssi_pin_keywords":"","_relevanssi_unpin_keywords":"","_relevanssi_related_keywords":"","_relevanssi_related_include_ids":"","_relevanssi_related_exclude_ids":"","_relevanssi_related_no_append":"","_relevanssi_related_not_related":"","_relevanssi_related_posts":"1","_relevanssi_noindex_reason":"","footnotes":""},"class_list":["post-4167","page","type-page","status-publish","hentry"],"acf":[],"yoast_head":"<!-- This site is optimized with the Yoast SEO plugin v27.4 - https:\/\/yoast.com\/product\/yoast-seo-wordpress\/ -->\n<title>Kundehistorie Arctic Paper Grycksbo AB - Novotek Norge<\/title>\n<meta name=\"description\" content=\"Arctic Paper Grycksbo AB integrerte Proficy iFIX med sine eksiterende systemer for et felles brukergrensesnitt. Resultatet var \u00f8kt papirproduksjon.\" \/>\n<meta name=\"robots\" content=\"index, follow, max-snippet:-1, max-image-preview:large, max-video-preview:-1\" \/>\n<link rel=\"canonical\" href=\"https:\/\/www.novotek.com\/no\/bransjer\/papir-og-masse\/kundehistorie-arctic-paper-grycksbo-ab\/\" \/>\n<meta property=\"og:locale\" content=\"nb_NO\" \/>\n<meta property=\"og:type\" content=\"article\" \/>\n<meta property=\"og:title\" content=\"Kundehistorie Arctic Paper Grycksbo AB - Novotek Norge\" \/>\n<meta property=\"og:description\" content=\"Arctic Paper Grycksbo AB integrerte Proficy iFIX med sine eksiterende systemer for et felles brukergrensesnitt. Resultatet var \u00f8kt papirproduksjon.\" \/>\n<meta property=\"og:url\" content=\"https:\/\/www.novotek.com\/no\/bransjer\/papir-og-masse\/kundehistorie-arctic-paper-grycksbo-ab\/\" \/>\n<meta property=\"og:site_name\" content=\"Novotek Norge\" \/>\n<meta property=\"article:modified_time\" content=\"2023-09-19T12:35:33+00:00\" \/>\n<meta property=\"og:image\" content=\"https:\/\/www.novotek.com\/no\/wp-content\/uploads\/sites\/5\/Bransjer\/Novotek_CheckBox.png\" \/>\n<meta name=\"twitter:card\" content=\"summary_large_image\" \/>\n<meta name=\"twitter:label1\" content=\"Ansl. lesetid\" \/>\n\t<meta name=\"twitter:data1\" content=\"3 minutter\" \/>\n<script type=\"application\/ld+json\" class=\"yoast-schema-graph\">{\"@context\":\"https:\\\/\\\/schema.org\",\"@graph\":[{\"@type\":\"WebPage\",\"@id\":\"https:\\\/\\\/www.novotek.com\\\/no\\\/bransjer\\\/papir-og-masse\\\/kundehistorie-arctic-paper-grycksbo-ab\\\/\",\"url\":\"https:\\\/\\\/www.novotek.com\\\/no\\\/bransjer\\\/papir-og-masse\\\/kundehistorie-arctic-paper-grycksbo-ab\\\/\",\"name\":\"Kundehistorie Arctic Paper Grycksbo AB - Novotek Norge\",\"isPartOf\":{\"@id\":\"https:\\\/\\\/www.novotek.com\\\/no\\\/#website\"},\"primaryImageOfPage\":{\"@id\":\"https:\\\/\\\/www.novotek.com\\\/no\\\/bransjer\\\/papir-og-masse\\\/kundehistorie-arctic-paper-grycksbo-ab\\\/#primaryimage\"},\"image\":{\"@id\":\"https:\\\/\\\/www.novotek.com\\\/no\\\/bransjer\\\/papir-og-masse\\\/kundehistorie-arctic-paper-grycksbo-ab\\\/#primaryimage\"},\"thumbnailUrl\":\"https:\\\/\\\/www.novotek.com\\\/no\\\/wp-content\\\/uploads\\\/sites\\\/5\\\/Bransjer\\\/Novotek_CheckBox.png\",\"datePublished\":\"2021-08-30T07:38:13+00:00\",\"dateModified\":\"2023-09-19T12:35:33+00:00\",\"description\":\"Arctic Paper Grycksbo AB integrerte Proficy iFIX med sine eksiterende systemer for et felles brukergrensesnitt. Resultatet var \u00f8kt papirproduksjon.\",\"breadcrumb\":{\"@id\":\"https:\\\/\\\/www.novotek.com\\\/no\\\/bransjer\\\/papir-og-masse\\\/kundehistorie-arctic-paper-grycksbo-ab\\\/#breadcrumb\"},\"inLanguage\":\"nb-NO\",\"potentialAction\":[{\"@type\":\"ReadAction\",\"target\":[\"https:\\\/\\\/www.novotek.com\\\/no\\\/bransjer\\\/papir-og-masse\\\/kundehistorie-arctic-paper-grycksbo-ab\\\/\"]}]},{\"@type\":\"ImageObject\",\"inLanguage\":\"nb-NO\",\"@id\":\"https:\\\/\\\/www.novotek.com\\\/no\\\/bransjer\\\/papir-og-masse\\\/kundehistorie-arctic-paper-grycksbo-ab\\\/#primaryimage\",\"url\":\"https:\\\/\\\/www.novotek.com\\\/no\\\/wp-content\\\/uploads\\\/sites\\\/5\\\/Bransjer\\\/Novotek_CheckBox.png\",\"contentUrl\":\"https:\\\/\\\/www.novotek.com\\\/no\\\/wp-content\\\/uploads\\\/sites\\\/5\\\/Bransjer\\\/Novotek_CheckBox.png\",\"width\":500,\"height\":500,\"caption\":\"Novotek piktogram: Check.\"},{\"@type\":\"BreadcrumbList\",\"@id\":\"https:\\\/\\\/www.novotek.com\\\/no\\\/bransjer\\\/papir-og-masse\\\/kundehistorie-arctic-paper-grycksbo-ab\\\/#breadcrumb\",\"itemListElement\":[{\"@type\":\"ListItem\",\"position\":1,\"name\":\"Home\",\"item\":\"https:\\\/\\\/www.novotek.com\\\/no\\\/\"},{\"@type\":\"ListItem\",\"position\":2,\"name\":\"Bransjer\",\"item\":\"https:\\\/\\\/www.novotek.com\\\/no\\\/bransjer\\\/\"},{\"@type\":\"ListItem\",\"position\":3,\"name\":\"Papir og masse\",\"item\":\"https:\\\/\\\/www.novotek.com\\\/no\\\/bransjer\\\/papir-og-masse\\\/\"},{\"@type\":\"ListItem\",\"position\":4,\"name\":\"Kundehistorie Arctic Paper Grycksbo AB\"}]},{\"@type\":\"WebSite\",\"@id\":\"https:\\\/\\\/www.novotek.com\\\/no\\\/#website\",\"url\":\"https:\\\/\\\/www.novotek.com\\\/no\\\/\",\"name\":\"Novotek Norge\",\"description\":\"Automasjon, digitalisering og Analytics\",\"publisher\":{\"@id\":\"https:\\\/\\\/www.novotek.com\\\/no\\\/#organization\"},\"potentialAction\":[{\"@type\":\"SearchAction\",\"target\":{\"@type\":\"EntryPoint\",\"urlTemplate\":\"https:\\\/\\\/www.novotek.com\\\/no\\\/?s={search_term_string}\"},\"query-input\":{\"@type\":\"PropertyValueSpecification\",\"valueRequired\":true,\"valueName\":\"search_term_string\"}}],\"inLanguage\":\"nb-NO\"},{\"@type\":\"Organization\",\"@id\":\"https:\\\/\\\/www.novotek.com\\\/no\\\/#organization\",\"name\":\"Novotek AS\",\"url\":\"https:\\\/\\\/www.novotek.com\\\/no\\\/\",\"logo\":{\"@type\":\"ImageObject\",\"inLanguage\":\"nb-NO\",\"@id\":\"https:\\\/\\\/www.novotek.com\\\/no\\\/#\\\/schema\\\/logo\\\/image\\\/\",\"url\":\"https:\\\/\\\/www.novotek.com\\\/no\\\/wp-content\\\/uploads\\\/sites\\\/5\\\/Forside\\\/Novotek_logo.png\",\"contentUrl\":\"https:\\\/\\\/www.novotek.com\\\/no\\\/wp-content\\\/uploads\\\/sites\\\/5\\\/Forside\\\/Novotek_logo.png\",\"width\":1200,\"height\":348,\"caption\":\"Novotek AS\"},\"image\":{\"@id\":\"https:\\\/\\\/www.novotek.com\\\/no\\\/#\\\/schema\\\/logo\\\/image\\\/\"},\"sameAs\":[\"https:\\\/\\\/www.linkedin.com\\\/company\\\/novotek-as\"]}]}<\/script>\n<!-- \/ Yoast SEO plugin. -->","yoast_head_json":{"title":"Kundehistorie Arctic Paper Grycksbo AB - Novotek Norge","description":"Arctic Paper Grycksbo AB integrerte Proficy iFIX med sine eksiterende systemer for et felles brukergrensesnitt. Resultatet var \u00f8kt papirproduksjon.","robots":{"index":"index","follow":"follow","max-snippet":"max-snippet:-1","max-image-preview":"max-image-preview:large","max-video-preview":"max-video-preview:-1"},"canonical":"https:\/\/www.novotek.com\/no\/bransjer\/papir-og-masse\/kundehistorie-arctic-paper-grycksbo-ab\/","og_locale":"nb_NO","og_type":"article","og_title":"Kundehistorie Arctic Paper Grycksbo AB - Novotek Norge","og_description":"Arctic Paper Grycksbo AB integrerte Proficy iFIX med sine eksiterende systemer for et felles brukergrensesnitt. Resultatet var \u00f8kt papirproduksjon.","og_url":"https:\/\/www.novotek.com\/no\/bransjer\/papir-og-masse\/kundehistorie-arctic-paper-grycksbo-ab\/","og_site_name":"Novotek Norge","article_modified_time":"2023-09-19T12:35:33+00:00","og_image":[{"url":"https:\/\/www.novotek.com\/no\/wp-content\/uploads\/sites\/5\/Bransjer\/Novotek_CheckBox.png","type":"","width":"","height":""}],"twitter_card":"summary_large_image","twitter_misc":{"Ansl. lesetid":"3 minutter"},"schema":{"@context":"https:\/\/schema.org","@graph":[{"@type":"WebPage","@id":"https:\/\/www.novotek.com\/no\/bransjer\/papir-og-masse\/kundehistorie-arctic-paper-grycksbo-ab\/","url":"https:\/\/www.novotek.com\/no\/bransjer\/papir-og-masse\/kundehistorie-arctic-paper-grycksbo-ab\/","name":"Kundehistorie Arctic Paper Grycksbo AB - Novotek Norge","isPartOf":{"@id":"https:\/\/www.novotek.com\/no\/#website"},"primaryImageOfPage":{"@id":"https:\/\/www.novotek.com\/no\/bransjer\/papir-og-masse\/kundehistorie-arctic-paper-grycksbo-ab\/#primaryimage"},"image":{"@id":"https:\/\/www.novotek.com\/no\/bransjer\/papir-og-masse\/kundehistorie-arctic-paper-grycksbo-ab\/#primaryimage"},"thumbnailUrl":"https:\/\/www.novotek.com\/no\/wp-content\/uploads\/sites\/5\/Bransjer\/Novotek_CheckBox.png","datePublished":"2021-08-30T07:38:13+00:00","dateModified":"2023-09-19T12:35:33+00:00","description":"Arctic Paper Grycksbo AB integrerte Proficy iFIX med sine eksiterende systemer for et felles brukergrensesnitt. Resultatet var \u00f8kt papirproduksjon.","breadcrumb":{"@id":"https:\/\/www.novotek.com\/no\/bransjer\/papir-og-masse\/kundehistorie-arctic-paper-grycksbo-ab\/#breadcrumb"},"inLanguage":"nb-NO","potentialAction":[{"@type":"ReadAction","target":["https:\/\/www.novotek.com\/no\/bransjer\/papir-og-masse\/kundehistorie-arctic-paper-grycksbo-ab\/"]}]},{"@type":"ImageObject","inLanguage":"nb-NO","@id":"https:\/\/www.novotek.com\/no\/bransjer\/papir-og-masse\/kundehistorie-arctic-paper-grycksbo-ab\/#primaryimage","url":"https:\/\/www.novotek.com\/no\/wp-content\/uploads\/sites\/5\/Bransjer\/Novotek_CheckBox.png","contentUrl":"https:\/\/www.novotek.com\/no\/wp-content\/uploads\/sites\/5\/Bransjer\/Novotek_CheckBox.png","width":500,"height":500,"caption":"Novotek piktogram: Check."},{"@type":"BreadcrumbList","@id":"https:\/\/www.novotek.com\/no\/bransjer\/papir-og-masse\/kundehistorie-arctic-paper-grycksbo-ab\/#breadcrumb","itemListElement":[{"@type":"ListItem","position":1,"name":"Home","item":"https:\/\/www.novotek.com\/no\/"},{"@type":"ListItem","position":2,"name":"Bransjer","item":"https:\/\/www.novotek.com\/no\/bransjer\/"},{"@type":"ListItem","position":3,"name":"Papir og masse","item":"https:\/\/www.novotek.com\/no\/bransjer\/papir-og-masse\/"},{"@type":"ListItem","position":4,"name":"Kundehistorie Arctic Paper Grycksbo AB"}]},{"@type":"WebSite","@id":"https:\/\/www.novotek.com\/no\/#website","url":"https:\/\/www.novotek.com\/no\/","name":"Novotek Norge","description":"Automasjon, digitalisering og Analytics","publisher":{"@id":"https:\/\/www.novotek.com\/no\/#organization"},"potentialAction":[{"@type":"SearchAction","target":{"@type":"EntryPoint","urlTemplate":"https:\/\/www.novotek.com\/no\/?s={search_term_string}"},"query-input":{"@type":"PropertyValueSpecification","valueRequired":true,"valueName":"search_term_string"}}],"inLanguage":"nb-NO"},{"@type":"Organization","@id":"https:\/\/www.novotek.com\/no\/#organization","name":"Novotek AS","url":"https:\/\/www.novotek.com\/no\/","logo":{"@type":"ImageObject","inLanguage":"nb-NO","@id":"https:\/\/www.novotek.com\/no\/#\/schema\/logo\/image\/","url":"https:\/\/www.novotek.com\/no\/wp-content\/uploads\/sites\/5\/Forside\/Novotek_logo.png","contentUrl":"https:\/\/www.novotek.com\/no\/wp-content\/uploads\/sites\/5\/Forside\/Novotek_logo.png","width":1200,"height":348,"caption":"Novotek AS"},"image":{"@id":"https:\/\/www.novotek.com\/no\/#\/schema\/logo\/image\/"},"sameAs":["https:\/\/www.linkedin.com\/company\/novotek-as"]}]}},"_links":{"self":[{"href":"https:\/\/www.novotek.com\/no\/wp-json\/wp\/v2\/pages\/4167","targetHints":{"allow":["GET"]}}],"collection":[{"href":"https:\/\/www.novotek.com\/no\/wp-json\/wp\/v2\/pages"}],"about":[{"href":"https:\/\/www.novotek.com\/no\/wp-json\/wp\/v2\/types\/page"}],"author":[{"embeddable":true,"href":"https:\/\/www.novotek.com\/no\/wp-json\/wp\/v2\/users\/7"}],"replies":[{"embeddable":true,"href":"https:\/\/www.novotek.com\/no\/wp-json\/wp\/v2\/comments?post=4167"}],"version-history":[{"count":18,"href":"https:\/\/www.novotek.com\/no\/wp-json\/wp\/v2\/pages\/4167\/revisions"}],"predecessor-version":[{"id":11849,"href":"https:\/\/www.novotek.com\/no\/wp-json\/wp\/v2\/pages\/4167\/revisions\/11849"}],"up":[{"embeddable":true,"href":"https:\/\/www.novotek.com\/no\/wp-json\/wp\/v2\/pages\/1005"}],"wp:attachment":[{"href":"https:\/\/www.novotek.com\/no\/wp-json\/wp\/v2\/media?parent=4167"}],"curies":[{"name":"wp","href":"https:\/\/api.w.org\/{rel}","templated":true}]}}