{"id":4369,"date":"2021-08-31T13:09:29","date_gmt":"2021-08-31T13:09:29","guid":{"rendered":"https:\/\/www.novotek.com\/no\/?page_id=4369"},"modified":"2025-09-01T07:47:02","modified_gmt":"2025-09-01T07:47:02","slug":"kundehistorie-weber-sverige-ab","status":"publish","type":"page","link":"https:\/\/www.novotek.com\/no\/bransjer\/produksjon\/kundehistorie-weber-sverige-ab\/","title":{"rendered":"Kundehistorie Weber Sverige AB"},"content":{"rendered":"  <div class=\"hero\">\n    <div class=\"carousel hero-slider small\" data-flickity data-flickity-options='{\"prevNextButtons\": false}'>\n              <div class=\"carousel-cell\">\n          <div class=\"container\">\n            <div class=\"hero-content\">\n                              <h5>Referanse<\/h5>\n<h1>Weber Saint-Gobain Sverige AB<\/h1>\n<p>Med MES-l\u00f8sning med automatisk kj\u00f8ring, samt produksjonsplanlegging med Proficy Scheduler \/ ROB-EX, \u00f8kte produksjonseffektiviteten hos Weber-fabrikken i Ving\u00e5ker i Sverige.<\/p>\n              \n                          <\/div>\n          <\/div>\n\n          <img decoding=\"async\" width=\"1024\" height=\"427\" src=\"https:\/\/www.novotek.com\/no\/wp-content\/uploads\/sites\/5\/Bransjer\/Stykkproduksjon\/Weber_Sverige\/Constuction_site-1024x427.jpg\" class=\"hero-bg\" alt=\"Hero Img\" fetchpriority=\"high\" srcset=\"https:\/\/www.novotek.com\/no\/wp-content\/uploads\/sites\/5\/Bransjer\/Stykkproduksjon\/Weber_Sverige\/Constuction_site-1024x427.jpg 1024w, https:\/\/www.novotek.com\/no\/wp-content\/uploads\/sites\/5\/Bransjer\/Stykkproduksjon\/Weber_Sverige\/Constuction_site-300x125.jpg 300w, https:\/\/www.novotek.com\/no\/wp-content\/uploads\/sites\/5\/Bransjer\/Stykkproduksjon\/Weber_Sverige\/Constuction_site-768x320.jpg 768w, https:\/\/www.novotek.com\/no\/wp-content\/uploads\/sites\/5\/Bransjer\/Stykkproduksjon\/Weber_Sverige\/Constuction_site-1536x640.jpg 1536w, https:\/\/www.novotek.com\/no\/wp-content\/uploads\/sites\/5\/Bransjer\/Stykkproduksjon\/Weber_Sverige\/Constuction_site.jpg 1920w\" sizes=\"(max-width: 1024px) 100vw, 1024px\" \/>                  <\/div>\n          <\/div>\n\n      <\/div>\n\n   <div class=\"floating-breadcrumb\"><div class=\"container\"><span><span><a href=\"https:\/\/www.novotek.com\/no\/\" class=\"breadcrumb-frontpage\">Home<\/a><\/span><\/span><\/div><\/div>\n\n\n<div class=\"quotes-parent\">\n  <div class=\"container\">\n    <div class=\"carousel quotes-carousel\">\n              <div class=\"quote-cell carousel-cell\">\n          <div class=\"container-quote\">\n            <strong>&laquo;Siden installasjonen av MES har prosessen blitt mer effektiv og vi kan produsere mer enn vi gjorde tidligere.&raquo;<\/strong>\n            <span>Lennart Carlsson, fabrikksjef, Weber Ving\u00e5ker<\/span>\n          <\/div>\n        <\/div>\n          <\/div>\n  <\/div>\n<\/div>\n\n\n<div class=\"container-md columns  \">\n<div class=\"wp-block-columns is-layout-flex wp-container-core-columns-is-layout-9d6595d7 wp-block-columns-is-layout-flex\"><div class=\"container-md column  \">\n<div class=\"wp-block-column is-layout-flow wp-block-column-is-layout-flow\"><div class=\"container-md heading  \">\n<h4 class=\"wp-block-heading\">L\u00f8sning<\/h4>\n<\/div>\n\n<div class=\"container-md list  \">\n<ul id=\"block-d063825a-443c-4258-82cf-b4957aba7416\" class=\"wp-block-list\"><div class=\"container-md list-item  \">\n<li>Batchh\u00e5ndtering<\/li>\n<\/div>\n\n<div class=\"container-md list-item  \">\n<li>Oppskriftsh\u00e5ndtering<\/li>\n<\/div>\n\n<div class=\"container-md list-item  \">\n<li>Sporbarhet<\/li>\n<\/div>\n\n<div class=\"container-md list-item  \">\n<li>Rapportering<\/li>\n<\/div>\n\n<div class=\"container-md list-item  \">\n<li>Analyse<\/li>\n<\/div>\n\n<div class=\"container-md list-item  \">\n<li>Integrasjon med planleggings- og bedriftssystemer<\/li>\n<\/div>\n\n<div class=\"container-md list-item  \">\n<li>Produksjonsplanlegging<\/li>\n<\/div>\n\n<div class=\"container-md list-item  \">\n<li>Automatisk kj\u00f8ring<\/li>\n<\/div><\/ul>\n<\/div>\n\n<div class=\"container-md spacer  \">\n<div style=\"height:15px\" aria-hidden=\"true\" class=\"wp-block-spacer\"><\/div>\n<\/div>\n\n<div class=\"container-md heading  \">\n<h4 class=\"wp-block-heading\">Produkter<\/h4>\n<\/div>\n\n<div class=\"container-md list  \">\n<ul class=\"wp-block-list\"><div class=\"container-md list-item  \">\n<li><a href=\"https:\/\/www.novotek.com\/no\/digitalisering\/mes\/proficy-smart-factory\/\">Proficy Smart Factory<\/a><\/li>\n<\/div>\n\n<div class=\"container-md list-item  \">\n<li><a href=\"https:\/\/www.novotek.com\/no\/digitalisering\/produksjonsplanlegging\/proficy-scheduler-rob-ex\/\">Proficy Scheduler \/ ROB-EX<\/a><\/li>\n<\/div><\/ul>\n<\/div>\n\n<div class=\"container-md spacer  \">\n<div style=\"height:15px\" aria-hidden=\"true\" class=\"wp-block-spacer\"><\/div>\n<\/div>\n\n<div class=\"container-md heading  \">\n<h4 class=\"wp-block-heading\">Fordeler<\/h4>\n<\/div>\n\n<div class=\"container-md list  \">\n<ul class=\"wp-block-list\"><div class=\"container-md list-item  \">\n<li>Bedre oversikt over produksjonsplanen<\/li>\n<\/div>\n\n<div class=\"container-md list-item  \">\n<li>Mer n\u00f8yaktig oppskriftsh\u00e5ndtering<\/li>\n<\/div>\n\n<div class=\"container-md list-item  \">\n<li>\u00d8kt produksjon med eksisterende utstyr<\/li>\n<\/div>\n\n<div class=\"container-md list-item  \">\n<li>Mindre belastning p\u00e5 operat\u00f8rene<\/li>\n<\/div>\n\n<div class=\"container-md list-item  \">\n<li>Integrasjon med bedriftssystem<\/li>\n<\/div>\n\n<div class=\"container-md list-item  \">\n<li>Serviceavtale for rask support fra Novotek via VPN<\/li>\n<\/div><\/ul>\n<\/div><\/div>\n<\/div>\n\n<div class=\"container-md column  \">\n<div class=\"wp-block-column is-layout-flow wp-block-column-is-layout-flow\"><div class=\"wp-block-image\"><div class=\"container-md image  alignright\">\n<figure class=\"alignright size-large is-resized\"><img loading=\"lazy\" decoding=\"async\" width=\"500\" height=\"500\" src=\"https:\/\/www.novotek.com\/no\/wp-content\/uploads\/sites\/5\/Bransjer\/Novotek_CheckBox.png\" alt=\"Novotek piktogram: Check.\" class=\"wp-image-1835\" style=\"width:190px;height:190px\" srcset=\"https:\/\/www.novotek.com\/no\/wp-content\/uploads\/sites\/5\/Bransjer\/Novotek_CheckBox.png 500w, https:\/\/www.novotek.com\/no\/wp-content\/uploads\/sites\/5\/Bransjer\/Novotek_CheckBox-300x300.png 300w, https:\/\/www.novotek.com\/no\/wp-content\/uploads\/sites\/5\/Bransjer\/Novotek_CheckBox-150x150.png 150w\" sizes=\"auto, (max-width: 500px) 100vw, 500px\" \/><\/figure>\n<\/div><\/div><\/div>\n<\/div><\/div>\n<\/div>\n\n<div class=\"container-md spacer  \">\n<div style=\"height:30px\" aria-hidden=\"true\" class=\"wp-block-spacer\"><\/div>\n<\/div>\n\n<div class=\"container-md paragraph  \">\n<p>Weber-fabrikken i Ving\u00e5ker produserer og eksporterer store mengder gulvutjevning av sement. Med hele 25 ordrer per d\u00f8gn kj\u00f8rer fabrikken 20 timer i d\u00f8gnet. En batch tar knapt fire minutter \u00e5 produsere. For hver oppskrift som skal kj\u00f8res m\u00e5 store mengder r\u00e5varer doseres, t\u00f8mmes og blandes f\u00f8r det fraktes til pakkemaskinen. Dette krever et godt system som kan gi god oversikt gjennom hele produksjonsprosessen.<\/p>\n<\/div>\n\n<div class=\"container-md spacer  \">\n<div style=\"height:50px\" aria-hidden=\"true\" class=\"wp-block-spacer\"><\/div>\n<\/div>\n\n  <div class=\"hero\">\n    <div class=\"carousel hero-slider small\" data-flickity data-flickity-options='{\"prevNextButtons\": false}'>\n              <div class=\"carousel-cell\">\n          <div class=\"container\">\n            <div class=\"hero-content\">\n                              <h2>Produserer 200 000 tonn<\/h2>\n<p>Weber Saint-Gobain Sverige AB, tidligere kjent som Maxit, produserer materiell til byggevarebransjen, b\u00e5de for industri og privatbruk. P\u00e5 fabrikken i Ving\u00e5ker produseres omtrent 200\u00a0000 tonn gulvutjevning av sement \u00e5rlig. Sementblandingen pakkes som pulver og eksporteres hovedsakelig til Norge, Danmark, Finland, Tyskland og Kina.<\/p>\n              \n                          <\/div>\n          <\/div>\n\n          <img decoding=\"async\" width=\"1024\" height=\"427\" src=\"https:\/\/www.novotek.com\/no\/wp-content\/uploads\/sites\/5\/Bransjer\/Stykkproduksjon\/Weber_Sverige\/Sementvegg-1024x427.jpg\" class=\"hero-bg\" alt=\"Hero Img\" fetchpriority=\"high\" srcset=\"https:\/\/www.novotek.com\/no\/wp-content\/uploads\/sites\/5\/Bransjer\/Stykkproduksjon\/Weber_Sverige\/Sementvegg-1024x427.jpg 1024w, https:\/\/www.novotek.com\/no\/wp-content\/uploads\/sites\/5\/Bransjer\/Stykkproduksjon\/Weber_Sverige\/Sementvegg-300x125.jpg 300w, https:\/\/www.novotek.com\/no\/wp-content\/uploads\/sites\/5\/Bransjer\/Stykkproduksjon\/Weber_Sverige\/Sementvegg-768x320.jpg 768w, https:\/\/www.novotek.com\/no\/wp-content\/uploads\/sites\/5\/Bransjer\/Stykkproduksjon\/Weber_Sverige\/Sementvegg-1536x640.jpg 1536w, https:\/\/www.novotek.com\/no\/wp-content\/uploads\/sites\/5\/Bransjer\/Stykkproduksjon\/Weber_Sverige\/Sementvegg.jpg 1920w\" sizes=\"(max-width: 1024px) 100vw, 1024px\" \/>                  <\/div>\n          <\/div>\n\n      <\/div>\n\n   \n\n\n<div class=\"container-md paragraph  \">\n<p>Etter et produksjonsavbrudd som f\u00f8lge av et eldre styresystem, hadde Weber-fabrikken i Ving\u00e5ker behov for en oppgradering. De \u00f8nsket et system som ville gi en helhetlig oversikt over produksjonen, gi operat\u00f8rene mer frihet og effektivisere produksjonsprosessene ytterligere. Valget falt p\u00e5 en MES-l\u00f8sning fra Novotek.&nbsp;<\/p>\n<\/div>\n\n<div class=\"container-md paragraph  \">\n<p>Med Proficy Smart Factory er produksjonen bygd opp p\u00e5 automatisk styring. Det inneb\u00e6rer at MES-systemet har kontroll p\u00e5 blant annet oppskrifter, artikler og ordrer, samt innsamling av data for rapporter. Nummererte produksjonsordrer sendes automatisk fra bedriftssystemet til produksjonsplanleggingssystemet Proficy Scheduler \/ ROB-EX. Her vises alle ordrer sammen med r\u00e5varetilgangen, slik at man alltid har oversikt over n\u00e5r det vil g\u00e5 tomt for r\u00e5varer.<\/p>\n<\/div>\n\n<div class=\"container-md paragraph  \">\n<p>MES-systemet h\u00e5ndterer deretter distribusjonen av produksjonsordrer, s\u00e5 korrekt mengde leveres til riktig destinasjon (vanligvis pakkemaskinen). Systemet balanserer produksjonen i henhold til behov, slik at destinasjonen med st\u00f8rst behov mottar neste ordre. Prioriteringer kan ogs\u00e5 angis manuelt av operat\u00f8ren.&nbsp;<\/p>\n<\/div>\n\n<div class=\"container media-text  align\">\n<div class=\"wp-block-media-text is-stacked-on-mobile\"><figure class=\"wp-block-media-text__media\"><img loading=\"lazy\" decoding=\"async\" width=\"800\" height=\"800\" src=\"https:\/\/www.novotek.com\/no\/wp-content\/uploads\/sites\/5\/Bransjer\/Stykkproduksjon\/Weber_Sverige\/Weber_sement_800x800.jpg\" alt=\"Mann legger sement, Weber Sveriges hovedprodukt\" class=\"wp-image-4373 size-full\" srcset=\"https:\/\/www.novotek.com\/no\/wp-content\/uploads\/sites\/5\/Bransjer\/Stykkproduksjon\/Weber_Sverige\/Weber_sement_800x800.jpg 800w, https:\/\/www.novotek.com\/no\/wp-content\/uploads\/sites\/5\/Bransjer\/Stykkproduksjon\/Weber_Sverige\/Weber_sement_800x800-300x300.jpg 300w, https:\/\/www.novotek.com\/no\/wp-content\/uploads\/sites\/5\/Bransjer\/Stykkproduksjon\/Weber_Sverige\/Weber_sement_800x800-150x150.jpg 150w, https:\/\/www.novotek.com\/no\/wp-content\/uploads\/sites\/5\/Bransjer\/Stykkproduksjon\/Weber_Sverige\/Weber_sement_800x800-768x768.jpg 768w\" sizes=\"auto, (max-width: 800px) 100vw, 800px\" \/><\/figure><div class=\"wp-block-media-text__content\"><div class=\"container-md heading  \">\n<h2 class=\"wp-block-heading\">Nye muligheter<\/h2>\n<\/div>\n\n<div class=\"container-md paragraph  \">\n<p>Det tidligere styresystemet gjorde at operat\u00f8ren var n\u00f8dt til \u00e5 v\u00e6re betydelig delaktig i selve produksjonsprosessen. Med implementeringen av MES-systemet med automatisk kj\u00f8ring endret operat\u00f8rens rolle seg betraktelig. N\u00e5, med et moderne HMI-system har operat\u00f8ren et brukervennlig grensesnitt for oversikt og kontroll over produksjonen.&nbsp;<\/p>\n<\/div>\n\n<div class=\"container-md paragraph  \">\n<p>Lennart Carlsson, fabrikksjef hos Weber, er forn\u00f8yd med investeringen i Proficy Smart Factory. Fremover er planen \u00e5 utnytte integrasjonen mellom de ulike delsystemene, for \u00e5 oppn\u00e5 enda bedre produksjonsplanlegging og sporbarhet.\u00a0<\/p>\n<\/div>\n\n<div class=\"container-md paragraph  \">\n<p>\u2013&nbsp;MES-systemet har gjort at vi har kunne redusere antallet produksjonslinjer, men samtidig overholde, og fremover kanskje forbedre produksjonskapasiteten, avslutter han.&nbsp;<\/p>\n<\/div><\/div><\/div>\n<\/div>\n\n<div class=\"container-md spacer  \">\n<div style=\"height:50px\" aria-hidden=\"true\" class=\"wp-block-spacer\"><\/div>\n<\/div>\n\n  <div class=\"slider-column-parent\">\n    <div class=\"container\">\n      <div class=\"slider-column-title\">Les mer om l\u00f8sningene<\/div>\n\n      <div class=\"row\">\n        <div class=\"col-12 col-md-4\"><div class=\"column-box\">\n  \n      <div class=\"title\">\n      Proficy Smart Factory    <\/div>\n  \n      <div class=\"text\">\n      <p>En komplett MES-l\u00f8sning for alle typer produksjon.<\/p>\n    <\/div>\n  \n      <a class=\"link\"  href=\"https:\/\/www.novotek.com\/no\/digitalisering\/mes\/proficy-smart-factory\/\" target=\"\">\n      Les mer    <\/a>\n  \n  <\/div>\n\n<\/div><div class=\"col-12 col-md-4\"><div class=\"column-box\">\n  \n      <div class=\"title\">\n      Proficy Scheduler \/ ROB-EX    <\/div>\n  \n      <div class=\"text\">\n      <p>Et verkt\u00f8y spesialisert for produksjonsplanlegging.<\/p>\n    <\/div>\n  \n      <a class=\"link\"  href=\"https:\/\/www.novotek.com\/no\/digitalisering\/produksjonsplanlegging\/proficy-scheduler-rob-ex\/\" target=\"\">\n      Les mer    <\/a>\n  \n  <\/div>\n\n<\/div>      <\/div>\n    <\/div>\n  <\/div>\n","protected":false},"excerpt":{"rendered":"<p>L\u00f8sning Produkter Fordeler Weber-fabrikken i Ving\u00e5ker produserer og eksporterer store mengder gulvutjevning av sement. Med hele 25 ordrer per d\u00f8gn kj\u00f8rer fabrikken 20 timer i d\u00f8gnet. En batch tar knapt fire minutter \u00e5 produsere. For hver oppskrift som skal kj\u00f8res m\u00e5 store mengder r\u00e5varer doseres, t\u00f8mmes og blandes f\u00f8r det fraktes til pakkemaskinen. Dette krever [&hellip;]<\/p>\n","protected":false},"author":7,"featured_media":0,"parent":1003,"menu_order":0,"comment_status":"closed","ping_status":"closed","template":"","meta":{"_acf_changed":false,"_relevanssi_hide_post":"","_relevanssi_pin_for_all":"","_relevanssi_pin_keywords":"","_relevanssi_unpin_keywords":"","_relevanssi_related_keywords":"","_relevanssi_related_include_ids":"","_relevanssi_related_exclude_ids":"","_relevanssi_related_no_append":"","_relevanssi_related_not_related":"","_relevanssi_related_posts":"1","_relevanssi_noindex_reason":"","footnotes":""},"class_list":["post-4369","page","type-page","status-publish","hentry"],"acf":[],"yoast_head":"<!-- This site is optimized with the Yoast SEO plugin v27.4 - https:\/\/yoast.com\/product\/yoast-seo-wordpress\/ -->\n<title>Kundehistorie Weber Sverige AB - Novotek Norge<\/title>\n<meta name=\"description\" content=\"Med MES-l\u00f8sning med automatisk kj\u00f8ring, samt produksjonsplanlegging, \u00f8kte produksjonseffektiviteten hos Weber-fabrikken i Ving\u00e5ker i Sverige.\" \/>\n<meta name=\"robots\" content=\"index, follow, max-snippet:-1, max-image-preview:large, max-video-preview:-1\" \/>\n<link rel=\"canonical\" href=\"https:\/\/www.novotek.com\/no\/bransjer\/produksjon\/kundehistorie-weber-sverige-ab\/\" \/>\n<meta property=\"og:locale\" content=\"nb_NO\" \/>\n<meta property=\"og:type\" content=\"article\" \/>\n<meta property=\"og:title\" content=\"Kundehistorie Weber Sverige AB - Novotek Norge\" \/>\n<meta property=\"og:description\" content=\"Med MES-l\u00f8sning med automatisk kj\u00f8ring, samt produksjonsplanlegging, \u00f8kte produksjonseffektiviteten hos Weber-fabrikken i Ving\u00e5ker i Sverige.\" \/>\n<meta property=\"og:url\" content=\"https:\/\/www.novotek.com\/no\/bransjer\/produksjon\/kundehistorie-weber-sverige-ab\/\" \/>\n<meta property=\"og:site_name\" content=\"Novotek Norge\" \/>\n<meta property=\"article:modified_time\" content=\"2025-09-01T07:47:02+00:00\" \/>\n<meta property=\"og:image\" content=\"https:\/\/www.novotek.com\/no\/wp-content\/uploads\/sites\/5\/Bransjer\/Novotek_CheckBox.png\" \/>\n<meta name=\"twitter:card\" content=\"summary_large_image\" \/>\n<meta name=\"twitter:label1\" content=\"Ansl. lesetid\" \/>\n\t<meta name=\"twitter:data1\" content=\"3 minutter\" \/>\n<script type=\"application\/ld+json\" class=\"yoast-schema-graph\">{\"@context\":\"https:\\\/\\\/schema.org\",\"@graph\":[{\"@type\":\"WebPage\",\"@id\":\"https:\\\/\\\/www.novotek.com\\\/no\\\/bransjer\\\/produksjon\\\/kundehistorie-weber-sverige-ab\\\/\",\"url\":\"https:\\\/\\\/www.novotek.com\\\/no\\\/bransjer\\\/produksjon\\\/kundehistorie-weber-sverige-ab\\\/\",\"name\":\"Kundehistorie Weber Sverige AB - Novotek Norge\",\"isPartOf\":{\"@id\":\"https:\\\/\\\/www.novotek.com\\\/no\\\/#website\"},\"primaryImageOfPage\":{\"@id\":\"https:\\\/\\\/www.novotek.com\\\/no\\\/bransjer\\\/produksjon\\\/kundehistorie-weber-sverige-ab\\\/#primaryimage\"},\"image\":{\"@id\":\"https:\\\/\\\/www.novotek.com\\\/no\\\/bransjer\\\/produksjon\\\/kundehistorie-weber-sverige-ab\\\/#primaryimage\"},\"thumbnailUrl\":\"https:\\\/\\\/www.novotek.com\\\/no\\\/wp-content\\\/uploads\\\/sites\\\/5\\\/Bransjer\\\/Novotek_CheckBox.png\",\"datePublished\":\"2021-08-31T13:09:29+00:00\",\"dateModified\":\"2025-09-01T07:47:02+00:00\",\"description\":\"Med MES-l\u00f8sning med automatisk kj\u00f8ring, samt produksjonsplanlegging, \u00f8kte produksjonseffektiviteten hos Weber-fabrikken i Ving\u00e5ker i Sverige.\",\"breadcrumb\":{\"@id\":\"https:\\\/\\\/www.novotek.com\\\/no\\\/bransjer\\\/produksjon\\\/kundehistorie-weber-sverige-ab\\\/#breadcrumb\"},\"inLanguage\":\"nb-NO\",\"potentialAction\":[{\"@type\":\"ReadAction\",\"target\":[\"https:\\\/\\\/www.novotek.com\\\/no\\\/bransjer\\\/produksjon\\\/kundehistorie-weber-sverige-ab\\\/\"]}]},{\"@type\":\"ImageObject\",\"inLanguage\":\"nb-NO\",\"@id\":\"https:\\\/\\\/www.novotek.com\\\/no\\\/bransjer\\\/produksjon\\\/kundehistorie-weber-sverige-ab\\\/#primaryimage\",\"url\":\"https:\\\/\\\/www.novotek.com\\\/no\\\/wp-content\\\/uploads\\\/sites\\\/5\\\/Bransjer\\\/Novotek_CheckBox.png\",\"contentUrl\":\"https:\\\/\\\/www.novotek.com\\\/no\\\/wp-content\\\/uploads\\\/sites\\\/5\\\/Bransjer\\\/Novotek_CheckBox.png\",\"width\":500,\"height\":500,\"caption\":\"Novotek piktogram: Check.\"},{\"@type\":\"BreadcrumbList\",\"@id\":\"https:\\\/\\\/www.novotek.com\\\/no\\\/bransjer\\\/produksjon\\\/kundehistorie-weber-sverige-ab\\\/#breadcrumb\",\"itemListElement\":[{\"@type\":\"ListItem\",\"position\":1,\"name\":\"Home\",\"item\":\"https:\\\/\\\/www.novotek.com\\\/no\\\/\"},{\"@type\":\"ListItem\",\"position\":2,\"name\":\"Bransjer\",\"item\":\"https:\\\/\\\/www.novotek.com\\\/no\\\/bransjer\\\/\"},{\"@type\":\"ListItem\",\"position\":3,\"name\":\"Produksjon\",\"item\":\"https:\\\/\\\/www.novotek.com\\\/no\\\/bransjer\\\/produksjon\\\/\"},{\"@type\":\"ListItem\",\"position\":4,\"name\":\"Kundehistorie Weber Sverige AB\"}]},{\"@type\":\"WebSite\",\"@id\":\"https:\\\/\\\/www.novotek.com\\\/no\\\/#website\",\"url\":\"https:\\\/\\\/www.novotek.com\\\/no\\\/\",\"name\":\"Novotek Norge\",\"description\":\"Automasjon, digitalisering og Analytics\",\"publisher\":{\"@id\":\"https:\\\/\\\/www.novotek.com\\\/no\\\/#organization\"},\"potentialAction\":[{\"@type\":\"SearchAction\",\"target\":{\"@type\":\"EntryPoint\",\"urlTemplate\":\"https:\\\/\\\/www.novotek.com\\\/no\\\/?s={search_term_string}\"},\"query-input\":{\"@type\":\"PropertyValueSpecification\",\"valueRequired\":true,\"valueName\":\"search_term_string\"}}],\"inLanguage\":\"nb-NO\"},{\"@type\":\"Organization\",\"@id\":\"https:\\\/\\\/www.novotek.com\\\/no\\\/#organization\",\"name\":\"Novotek AS\",\"url\":\"https:\\\/\\\/www.novotek.com\\\/no\\\/\",\"logo\":{\"@type\":\"ImageObject\",\"inLanguage\":\"nb-NO\",\"@id\":\"https:\\\/\\\/www.novotek.com\\\/no\\\/#\\\/schema\\\/logo\\\/image\\\/\",\"url\":\"https:\\\/\\\/www.novotek.com\\\/no\\\/wp-content\\\/uploads\\\/sites\\\/5\\\/Forside\\\/Novotek_logo.png\",\"contentUrl\":\"https:\\\/\\\/www.novotek.com\\\/no\\\/wp-content\\\/uploads\\\/sites\\\/5\\\/Forside\\\/Novotek_logo.png\",\"width\":1200,\"height\":348,\"caption\":\"Novotek AS\"},\"image\":{\"@id\":\"https:\\\/\\\/www.novotek.com\\\/no\\\/#\\\/schema\\\/logo\\\/image\\\/\"},\"sameAs\":[\"https:\\\/\\\/www.linkedin.com\\\/company\\\/novotek-as\"]}]}<\/script>\n<!-- \/ Yoast SEO plugin. -->","yoast_head_json":{"title":"Kundehistorie Weber Sverige AB - Novotek Norge","description":"Med MES-l\u00f8sning med automatisk kj\u00f8ring, samt produksjonsplanlegging, \u00f8kte produksjonseffektiviteten hos Weber-fabrikken i Ving\u00e5ker i Sverige.","robots":{"index":"index","follow":"follow","max-snippet":"max-snippet:-1","max-image-preview":"max-image-preview:large","max-video-preview":"max-video-preview:-1"},"canonical":"https:\/\/www.novotek.com\/no\/bransjer\/produksjon\/kundehistorie-weber-sverige-ab\/","og_locale":"nb_NO","og_type":"article","og_title":"Kundehistorie Weber Sverige AB - Novotek Norge","og_description":"Med MES-l\u00f8sning med automatisk kj\u00f8ring, samt produksjonsplanlegging, \u00f8kte produksjonseffektiviteten hos Weber-fabrikken i Ving\u00e5ker i Sverige.","og_url":"https:\/\/www.novotek.com\/no\/bransjer\/produksjon\/kundehistorie-weber-sverige-ab\/","og_site_name":"Novotek Norge","article_modified_time":"2025-09-01T07:47:02+00:00","og_image":[{"url":"https:\/\/www.novotek.com\/no\/wp-content\/uploads\/sites\/5\/Bransjer\/Novotek_CheckBox.png","type":"","width":"","height":""}],"twitter_card":"summary_large_image","twitter_misc":{"Ansl. lesetid":"3 minutter"},"schema":{"@context":"https:\/\/schema.org","@graph":[{"@type":"WebPage","@id":"https:\/\/www.novotek.com\/no\/bransjer\/produksjon\/kundehistorie-weber-sverige-ab\/","url":"https:\/\/www.novotek.com\/no\/bransjer\/produksjon\/kundehistorie-weber-sverige-ab\/","name":"Kundehistorie Weber Sverige AB - Novotek Norge","isPartOf":{"@id":"https:\/\/www.novotek.com\/no\/#website"},"primaryImageOfPage":{"@id":"https:\/\/www.novotek.com\/no\/bransjer\/produksjon\/kundehistorie-weber-sverige-ab\/#primaryimage"},"image":{"@id":"https:\/\/www.novotek.com\/no\/bransjer\/produksjon\/kundehistorie-weber-sverige-ab\/#primaryimage"},"thumbnailUrl":"https:\/\/www.novotek.com\/no\/wp-content\/uploads\/sites\/5\/Bransjer\/Novotek_CheckBox.png","datePublished":"2021-08-31T13:09:29+00:00","dateModified":"2025-09-01T07:47:02+00:00","description":"Med MES-l\u00f8sning med automatisk kj\u00f8ring, samt produksjonsplanlegging, \u00f8kte produksjonseffektiviteten hos Weber-fabrikken i Ving\u00e5ker i Sverige.","breadcrumb":{"@id":"https:\/\/www.novotek.com\/no\/bransjer\/produksjon\/kundehistorie-weber-sverige-ab\/#breadcrumb"},"inLanguage":"nb-NO","potentialAction":[{"@type":"ReadAction","target":["https:\/\/www.novotek.com\/no\/bransjer\/produksjon\/kundehistorie-weber-sverige-ab\/"]}]},{"@type":"ImageObject","inLanguage":"nb-NO","@id":"https:\/\/www.novotek.com\/no\/bransjer\/produksjon\/kundehistorie-weber-sverige-ab\/#primaryimage","url":"https:\/\/www.novotek.com\/no\/wp-content\/uploads\/sites\/5\/Bransjer\/Novotek_CheckBox.png","contentUrl":"https:\/\/www.novotek.com\/no\/wp-content\/uploads\/sites\/5\/Bransjer\/Novotek_CheckBox.png","width":500,"height":500,"caption":"Novotek piktogram: Check."},{"@type":"BreadcrumbList","@id":"https:\/\/www.novotek.com\/no\/bransjer\/produksjon\/kundehistorie-weber-sverige-ab\/#breadcrumb","itemListElement":[{"@type":"ListItem","position":1,"name":"Home","item":"https:\/\/www.novotek.com\/no\/"},{"@type":"ListItem","position":2,"name":"Bransjer","item":"https:\/\/www.novotek.com\/no\/bransjer\/"},{"@type":"ListItem","position":3,"name":"Produksjon","item":"https:\/\/www.novotek.com\/no\/bransjer\/produksjon\/"},{"@type":"ListItem","position":4,"name":"Kundehistorie Weber Sverige AB"}]},{"@type":"WebSite","@id":"https:\/\/www.novotek.com\/no\/#website","url":"https:\/\/www.novotek.com\/no\/","name":"Novotek Norge","description":"Automasjon, digitalisering og Analytics","publisher":{"@id":"https:\/\/www.novotek.com\/no\/#organization"},"potentialAction":[{"@type":"SearchAction","target":{"@type":"EntryPoint","urlTemplate":"https:\/\/www.novotek.com\/no\/?s={search_term_string}"},"query-input":{"@type":"PropertyValueSpecification","valueRequired":true,"valueName":"search_term_string"}}],"inLanguage":"nb-NO"},{"@type":"Organization","@id":"https:\/\/www.novotek.com\/no\/#organization","name":"Novotek AS","url":"https:\/\/www.novotek.com\/no\/","logo":{"@type":"ImageObject","inLanguage":"nb-NO","@id":"https:\/\/www.novotek.com\/no\/#\/schema\/logo\/image\/","url":"https:\/\/www.novotek.com\/no\/wp-content\/uploads\/sites\/5\/Forside\/Novotek_logo.png","contentUrl":"https:\/\/www.novotek.com\/no\/wp-content\/uploads\/sites\/5\/Forside\/Novotek_logo.png","width":1200,"height":348,"caption":"Novotek AS"},"image":{"@id":"https:\/\/www.novotek.com\/no\/#\/schema\/logo\/image\/"},"sameAs":["https:\/\/www.linkedin.com\/company\/novotek-as"]}]}},"_links":{"self":[{"href":"https:\/\/www.novotek.com\/no\/wp-json\/wp\/v2\/pages\/4369","targetHints":{"allow":["GET"]}}],"collection":[{"href":"https:\/\/www.novotek.com\/no\/wp-json\/wp\/v2\/pages"}],"about":[{"href":"https:\/\/www.novotek.com\/no\/wp-json\/wp\/v2\/types\/page"}],"author":[{"embeddable":true,"href":"https:\/\/www.novotek.com\/no\/wp-json\/wp\/v2\/users\/7"}],"replies":[{"embeddable":true,"href":"https:\/\/www.novotek.com\/no\/wp-json\/wp\/v2\/comments?post=4369"}],"version-history":[{"count":10,"href":"https:\/\/www.novotek.com\/no\/wp-json\/wp\/v2\/pages\/4369\/revisions"}],"predecessor-version":[{"id":16639,"href":"https:\/\/www.novotek.com\/no\/wp-json\/wp\/v2\/pages\/4369\/revisions\/16639"}],"up":[{"embeddable":true,"href":"https:\/\/www.novotek.com\/no\/wp-json\/wp\/v2\/pages\/1003"}],"wp:attachment":[{"href":"https:\/\/www.novotek.com\/no\/wp-json\/wp\/v2\/media?parent=4369"}],"curies":[{"name":"wp","href":"https:\/\/api.w.org\/{rel}","templated":true}]}}