{"id":51,"date":"2021-05-11T07:00:36","date_gmt":"2021-05-11T07:00:36","guid":{"rendered":"https:\/\/www.novotek.com\/no\/?page_id=51"},"modified":"2022-06-03T13:48:07","modified_gmt":"2022-06-03T13:48:07","slug":"om-oss","status":"publish","type":"page","link":"https:\/\/www.novotek.com\/no\/om-oss\/","title":{"rendered":"Om oss"},"content":{"rendered":"<div class=\"container-md spacer  \">\n<div style=\"height:50px\" aria-hidden=\"true\" class=\"wp-block-spacer\"><\/div>\n<\/div>\n\n  <div class=\"hero\">\n    <div class=\"carousel hero-slider small\" data-flickity data-flickity-options='{\"prevNextButtons\": false}'>\n              <div class=\"carousel-cell\">\n          <div class=\"container\">\n            <div class=\"hero-content\">\n                              <h1>Om oss<\/h1>\n<p>Novotek leverer fleksible l\u00f8sninger innen automasjon og digitalisering.<\/p>\n              \n                          <\/div>\n          <\/div>\n\n          <img decoding=\"async\" width=\"1024\" height=\"427\" src=\"https:\/\/www.novotek.com\/no\/wp-content\/uploads\/sites\/5\/Forside\/Om_oss\/Novotek_ansatte_1920x800-1024x427.jpg\" class=\"hero-bg\" alt=\"Hero Img\" fetchpriority=\"high\" srcset=\"https:\/\/www.novotek.com\/no\/wp-content\/uploads\/sites\/5\/Forside\/Om_oss\/Novotek_ansatte_1920x800-1024x427.jpg 1024w, https:\/\/www.novotek.com\/no\/wp-content\/uploads\/sites\/5\/Forside\/Om_oss\/Novotek_ansatte_1920x800-300x125.jpg 300w, https:\/\/www.novotek.com\/no\/wp-content\/uploads\/sites\/5\/Forside\/Om_oss\/Novotek_ansatte_1920x800-768x320.jpg 768w, https:\/\/www.novotek.com\/no\/wp-content\/uploads\/sites\/5\/Forside\/Om_oss\/Novotek_ansatte_1920x800-1536x640.jpg 1536w, https:\/\/www.novotek.com\/no\/wp-content\/uploads\/sites\/5\/Forside\/Om_oss\/Novotek_ansatte_1920x800-86x36.jpg 86w, https:\/\/www.novotek.com\/no\/wp-content\/uploads\/sites\/5\/Forside\/Om_oss\/Novotek_ansatte_1920x800-306x128.jpg 306w, https:\/\/www.novotek.com\/no\/wp-content\/uploads\/sites\/5\/Forside\/Om_oss\/Novotek_ansatte_1920x800-636x265.jpg 636w, https:\/\/www.novotek.com\/no\/wp-content\/uploads\/sites\/5\/Forside\/Om_oss\/Novotek_ansatte_1920x800-1632x680.jpg 1632w, https:\/\/www.novotek.com\/no\/wp-content\/uploads\/sites\/5\/Forside\/Om_oss\/Novotek_ansatte_1920x800.jpg 1920w\" sizes=\"(max-width: 1024px) 100vw, 1024px\" \/>                  <\/div>\n          <\/div>\n\n      <\/div>\n\n   \n\n\n<div class=\"container-md paragraph  \">\n<p>Novotek er leverand\u00f8r av industrielle automasjon- og digitaliseringsl\u00f8sninger basert p\u00e5 standardprodukter og Novoteks spesialkompetanse. V\u00e5rt fokus ligger p\u00e5 produksjonen, der vi arbeider innen omr\u00e5der som strekker seg fra produksjonsindustri, non-profit produksjonsanlegg som energi og vann og avl\u00f8p, til avanserte petrokjemiske og tunge prosessindustrier.<\/p>\n<\/div>\n\n<div class=\"container-md paragraph  \">\n<p>Novotek har eksistert i mer enn trettifem \u00e5r, og begynte som pionerer p\u00e5 \u00e5 anvende PC-baserte l\u00f8sninger innen produksjon. V\u00e5rt m\u00e5l er \u00e5 alltid levere rett l\u00f8sning til hver enkelt kunde. Vi utformer, implementerer, drifter og vedlikeholder v\u00e5re kunders system for produksjonsstyring og overv\u00e5kning. Dette gir v\u00e5re kunder maksimal evne til styring, optimalisering og oppf\u00f8lging av sine produksjonsprosesser.<\/p>\n<\/div>\n\n<div class=\"container-md paragraph  \">\n<p>For \u00e5 kunne oppn\u00e5 dette arbeider vi kontinuerlig med v\u00e5re kjerneverdier som kan oppsummeres i ordet CARE (Competent Agile Reliable Enthusiastic). Med kompetanse, tilpasningsevne, troverdighet og engasjement finnes de viktigste byggeklossene for et fremgangsrikt samarbeid.&nbsp;<\/p>\n<\/div>\n\n<div class=\"container-md spacer  \">\n<div style=\"height:10px\" aria-hidden=\"true\" class=\"wp-block-spacer\"><\/div>\n<\/div>\n\n<div class=\"container-md heading  \">\n<h5 class=\"wp-block-heading\">Velkommen til Novotek!<\/h5>\n<\/div>\n\n<div class=\"container-md spacer  \">\n<div style=\"height:100px\" aria-hidden=\"true\" class=\"wp-block-spacer\"><\/div>\n<\/div>\n\n  <div class=\"slider-column-parent\">\n    <div class=\"container\">\n      <div class=\"slider-column-title\">Mer om oss<\/div>\n\n      <div class=\"row\">\n        <div class=\"col-12 col-md-4\"><div class=\"column-box\">\n  \n      <div class=\"title\">\n      V\u00e5re leverand\u00f8rer    <\/div>\n  \n      <div class=\"text\">\n      <p>Vi leverer l\u00f8sninger fra verdensledende akt\u00f8rer innen automasjon, IIoT og industriell digitalisering.<\/p>\n    <\/div>\n  \n      <a class=\"link\"  href=\"https:\/\/www.novotek.com\/no\/om-oss\/vare-leverandorer\/\" target=\"\">\n      Les mer    <\/a>\n  \n  <\/div>\n\n<\/div><div class=\"col-12 col-md-4\"><div class=\"column-box\">\n  \n      <div class=\"title\">\n      Nyheter    <\/div>\n  \n      <div class=\"text\">\n      <p>Hva skjer hos Novotek? Se de nyeste produktoppdateringene, kommende eventer og annet.<\/p>\n    <\/div>\n  \n      <a class=\"link\"  href=\"https:\/\/www.novotek.com\/no\/nyheter\/\" target=\"\">\n      Les mer    <\/a>\n  \n  <\/div>\n\n<\/div><div class=\"col-12 col-md-4\"><div class=\"column-box\">\n  \n      <div class=\"title\">\n      Jobb i Novotek    <\/div>\n  \n      <div class=\"text\">\n      <p>I Novotek tror vi p\u00e5 langsiktige relasjoner basert p\u00e5 kompetanse, fleksibilitet, p\u00e5litelighet og entusiasme.<\/p>\n    <\/div>\n  \n      <a class=\"link\"  href=\"https:\/\/www.novotek.com\/no\/om-oss\/jobb-i-novotek\/\" target=\"\">\n      Les mer    <\/a>\n  \n  <\/div>\n\n<\/div><div class=\"col-12 col-md-4\"><div class=\"column-box\">\n  \n      <div class=\"title\">\n      Bli Novotek Solution Provider    <\/div>\n  \n      <div class=\"text\">\n      <p>Som Novotek-partner kombinerer du din bedrifts kompetanse med v\u00e5re l\u00f8sninger og produkter.<\/p>\n    <\/div>\n  \n      <a class=\"link\"  href=\"https:\/\/www.novotek.com\/no\/om-oss\/bli-novotek-solution-provider\/\" target=\"\">\n      Les mer    <\/a>\n  \n  <\/div>\n\n<\/div><div class=\"col-12 col-md-4\"><div class=\"column-box\">\n  \n      <div class=\"title\">\n      Milj\u00f8- og kvalitetspolicy    <\/div>\n  \n      <div class=\"text\">\n      <p>Vi fokuserer p\u00e5 b\u00e6rekraftig kvalitet som kan hjelpe din bedrift produsere mer milj\u00f8vennlig.<\/p>\n    <\/div>\n  \n      <a class=\"link\"  href=\"https:\/\/www.novotek.com\/no\/om-oss\/miljo-og-kvalitetspolicy\/\" target=\"\">\n      Les mer    <\/a>\n  \n  <\/div>\n\n<\/div>      <\/div>\n    <\/div>\n  <\/div>\n","protected":false},"excerpt":{"rendered":"<p>Novotek er leverand\u00f8r av industrielle automasjon- og digitaliseringsl\u00f8sninger basert p\u00e5 standardprodukter og Novoteks spesialkompetanse. V\u00e5rt fokus ligger p\u00e5 produksjonen, der vi arbeider innen omr\u00e5der som strekker seg fra produksjonsindustri, non-profit produksjonsanlegg som energi og vann og avl\u00f8p, til avanserte petrokjemiske og tunge prosessindustrier. Novotek har eksistert i mer enn trettifem \u00e5r, og begynte som pionerer [&hellip;]<\/p>\n","protected":false},"author":7,"featured_media":0,"parent":0,"menu_order":0,"comment_status":"closed","ping_status":"closed","template":"","meta":{"_acf_changed":false,"_relevanssi_hide_post":"","_relevanssi_pin_for_all":"","_relevanssi_pin_keywords":"","_relevanssi_unpin_keywords":"","_relevanssi_related_keywords":"","_relevanssi_related_include_ids":"","_relevanssi_related_exclude_ids":"","_relevanssi_related_no_append":"","_relevanssi_related_not_related":"","_relevanssi_related_posts":"1","_relevanssi_noindex_reason":"","footnotes":""},"class_list":["post-51","page","type-page","status-publish","hentry"],"acf":[],"yoast_head":"<!-- This site is optimized with the Yoast SEO plugin v27.4 - https:\/\/yoast.com\/product\/yoast-seo-wordpress\/ -->\n<title>Om oss - Novotek Norge<\/title>\n<meta name=\"description\" content=\"Novotek leverer fleksible l\u00f8sninger innen industriell IT, IIoT og automasjon. Vi er din samarbeidspartner innen digitalisering.\" \/>\n<meta name=\"robots\" content=\"index, follow, max-snippet:-1, max-image-preview:large, max-video-preview:-1\" \/>\n<link rel=\"canonical\" href=\"https:\/\/www.novotek.com\/no\/om-oss\/\" \/>\n<meta property=\"og:locale\" content=\"nb_NO\" \/>\n<meta property=\"og:type\" content=\"article\" \/>\n<meta property=\"og:title\" content=\"Om oss - Novotek Norge\" \/>\n<meta property=\"og:description\" content=\"Novotek leverer fleksible l\u00f8sninger innen industriell IT, IIoT og automasjon. Vi er din samarbeidspartner innen digitalisering.\" \/>\n<meta property=\"og:url\" content=\"https:\/\/www.novotek.com\/no\/om-oss\/\" \/>\n<meta property=\"og:site_name\" content=\"Novotek Norge\" \/>\n<meta property=\"article:modified_time\" content=\"2022-06-03T13:48:07+00:00\" \/>\n<meta name=\"twitter:card\" content=\"summary_large_image\" \/>\n<meta name=\"twitter:label1\" content=\"Ansl. lesetid\" \/>\n\t<meta name=\"twitter:data1\" content=\"1 minutt\" \/>\n<script type=\"application\/ld+json\" class=\"yoast-schema-graph\">{\"@context\":\"https:\\\/\\\/schema.org\",\"@graph\":[{\"@type\":\"WebPage\",\"@id\":\"https:\\\/\\\/www.novotek.com\\\/no\\\/om-oss\\\/\",\"url\":\"https:\\\/\\\/www.novotek.com\\\/no\\\/om-oss\\\/\",\"name\":\"Om oss - Novotek Norge\",\"isPartOf\":{\"@id\":\"https:\\\/\\\/www.novotek.com\\\/no\\\/#website\"},\"datePublished\":\"2021-05-11T07:00:36+00:00\",\"dateModified\":\"2022-06-03T13:48:07+00:00\",\"description\":\"Novotek leverer fleksible l\u00f8sninger innen industriell IT, IIoT og automasjon. Vi er din samarbeidspartner innen digitalisering.\",\"breadcrumb\":{\"@id\":\"https:\\\/\\\/www.novotek.com\\\/no\\\/om-oss\\\/#breadcrumb\"},\"inLanguage\":\"nb-NO\",\"potentialAction\":[{\"@type\":\"ReadAction\",\"target\":[\"https:\\\/\\\/www.novotek.com\\\/no\\\/om-oss\\\/\"]}]},{\"@type\":\"BreadcrumbList\",\"@id\":\"https:\\\/\\\/www.novotek.com\\\/no\\\/om-oss\\\/#breadcrumb\",\"itemListElement\":[{\"@type\":\"ListItem\",\"position\":1,\"name\":\"Home\",\"item\":\"https:\\\/\\\/www.novotek.com\\\/no\\\/\"},{\"@type\":\"ListItem\",\"position\":2,\"name\":\"Om oss\"}]},{\"@type\":\"WebSite\",\"@id\":\"https:\\\/\\\/www.novotek.com\\\/no\\\/#website\",\"url\":\"https:\\\/\\\/www.novotek.com\\\/no\\\/\",\"name\":\"Novotek Norge\",\"description\":\"Automasjon, digitalisering og Analytics\",\"publisher\":{\"@id\":\"https:\\\/\\\/www.novotek.com\\\/no\\\/#organization\"},\"potentialAction\":[{\"@type\":\"SearchAction\",\"target\":{\"@type\":\"EntryPoint\",\"urlTemplate\":\"https:\\\/\\\/www.novotek.com\\\/no\\\/?s={search_term_string}\"},\"query-input\":{\"@type\":\"PropertyValueSpecification\",\"valueRequired\":true,\"valueName\":\"search_term_string\"}}],\"inLanguage\":\"nb-NO\"},{\"@type\":\"Organization\",\"@id\":\"https:\\\/\\\/www.novotek.com\\\/no\\\/#organization\",\"name\":\"Novotek AS\",\"url\":\"https:\\\/\\\/www.novotek.com\\\/no\\\/\",\"logo\":{\"@type\":\"ImageObject\",\"inLanguage\":\"nb-NO\",\"@id\":\"https:\\\/\\\/www.novotek.com\\\/no\\\/#\\\/schema\\\/logo\\\/image\\\/\",\"url\":\"https:\\\/\\\/www.novotek.com\\\/no\\\/wp-content\\\/uploads\\\/sites\\\/5\\\/Forside\\\/Novotek_logo.png\",\"contentUrl\":\"https:\\\/\\\/www.novotek.com\\\/no\\\/wp-content\\\/uploads\\\/sites\\\/5\\\/Forside\\\/Novotek_logo.png\",\"width\":1200,\"height\":348,\"caption\":\"Novotek AS\"},\"image\":{\"@id\":\"https:\\\/\\\/www.novotek.com\\\/no\\\/#\\\/schema\\\/logo\\\/image\\\/\"},\"sameAs\":[\"https:\\\/\\\/www.linkedin.com\\\/company\\\/novotek-as\"]}]}<\/script>\n<!-- \/ Yoast SEO plugin. -->","yoast_head_json":{"title":"Om oss - Novotek Norge","description":"Novotek leverer fleksible l\u00f8sninger innen industriell IT, IIoT og automasjon. Vi er din samarbeidspartner innen digitalisering.","robots":{"index":"index","follow":"follow","max-snippet":"max-snippet:-1","max-image-preview":"max-image-preview:large","max-video-preview":"max-video-preview:-1"},"canonical":"https:\/\/www.novotek.com\/no\/om-oss\/","og_locale":"nb_NO","og_type":"article","og_title":"Om oss - Novotek Norge","og_description":"Novotek leverer fleksible l\u00f8sninger innen industriell IT, IIoT og automasjon. Vi er din samarbeidspartner innen digitalisering.","og_url":"https:\/\/www.novotek.com\/no\/om-oss\/","og_site_name":"Novotek Norge","article_modified_time":"2022-06-03T13:48:07+00:00","twitter_card":"summary_large_image","twitter_misc":{"Ansl. lesetid":"1 minutt"},"schema":{"@context":"https:\/\/schema.org","@graph":[{"@type":"WebPage","@id":"https:\/\/www.novotek.com\/no\/om-oss\/","url":"https:\/\/www.novotek.com\/no\/om-oss\/","name":"Om oss - Novotek Norge","isPartOf":{"@id":"https:\/\/www.novotek.com\/no\/#website"},"datePublished":"2021-05-11T07:00:36+00:00","dateModified":"2022-06-03T13:48:07+00:00","description":"Novotek leverer fleksible l\u00f8sninger innen industriell IT, IIoT og automasjon. Vi er din samarbeidspartner innen digitalisering.","breadcrumb":{"@id":"https:\/\/www.novotek.com\/no\/om-oss\/#breadcrumb"},"inLanguage":"nb-NO","potentialAction":[{"@type":"ReadAction","target":["https:\/\/www.novotek.com\/no\/om-oss\/"]}]},{"@type":"BreadcrumbList","@id":"https:\/\/www.novotek.com\/no\/om-oss\/#breadcrumb","itemListElement":[{"@type":"ListItem","position":1,"name":"Home","item":"https:\/\/www.novotek.com\/no\/"},{"@type":"ListItem","position":2,"name":"Om oss"}]},{"@type":"WebSite","@id":"https:\/\/www.novotek.com\/no\/#website","url":"https:\/\/www.novotek.com\/no\/","name":"Novotek Norge","description":"Automasjon, digitalisering og Analytics","publisher":{"@id":"https:\/\/www.novotek.com\/no\/#organization"},"potentialAction":[{"@type":"SearchAction","target":{"@type":"EntryPoint","urlTemplate":"https:\/\/www.novotek.com\/no\/?s={search_term_string}"},"query-input":{"@type":"PropertyValueSpecification","valueRequired":true,"valueName":"search_term_string"}}],"inLanguage":"nb-NO"},{"@type":"Organization","@id":"https:\/\/www.novotek.com\/no\/#organization","name":"Novotek AS","url":"https:\/\/www.novotek.com\/no\/","logo":{"@type":"ImageObject","inLanguage":"nb-NO","@id":"https:\/\/www.novotek.com\/no\/#\/schema\/logo\/image\/","url":"https:\/\/www.novotek.com\/no\/wp-content\/uploads\/sites\/5\/Forside\/Novotek_logo.png","contentUrl":"https:\/\/www.novotek.com\/no\/wp-content\/uploads\/sites\/5\/Forside\/Novotek_logo.png","width":1200,"height":348,"caption":"Novotek AS"},"image":{"@id":"https:\/\/www.novotek.com\/no\/#\/schema\/logo\/image\/"},"sameAs":["https:\/\/www.linkedin.com\/company\/novotek-as"]}]}},"_links":{"self":[{"href":"https:\/\/www.novotek.com\/no\/wp-json\/wp\/v2\/pages\/51","targetHints":{"allow":["GET"]}}],"collection":[{"href":"https:\/\/www.novotek.com\/no\/wp-json\/wp\/v2\/pages"}],"about":[{"href":"https:\/\/www.novotek.com\/no\/wp-json\/wp\/v2\/types\/page"}],"author":[{"embeddable":true,"href":"https:\/\/www.novotek.com\/no\/wp-json\/wp\/v2\/users\/7"}],"replies":[{"embeddable":true,"href":"https:\/\/www.novotek.com\/no\/wp-json\/wp\/v2\/comments?post=51"}],"version-history":[{"count":44,"href":"https:\/\/www.novotek.com\/no\/wp-json\/wp\/v2\/pages\/51\/revisions"}],"predecessor-version":[{"id":7487,"href":"https:\/\/www.novotek.com\/no\/wp-json\/wp\/v2\/pages\/51\/revisions\/7487"}],"wp:attachment":[{"href":"https:\/\/www.novotek.com\/no\/wp-json\/wp\/v2\/media?parent=51"}],"curies":[{"name":"wp","href":"https:\/\/api.w.org\/{rel}","templated":true}]}}