{"id":5403,"date":"2021-11-12T07:59:42","date_gmt":"2021-11-12T07:59:42","guid":{"rendered":"https:\/\/www.novotek.com\/no\/?page_id=5403"},"modified":"2025-09-01T07:37:19","modified_gmt":"2025-09-01T07:37:19","slug":"kundehistorie-metso-paper-karlstad","status":"publish","type":"page","link":"https:\/\/www.novotek.com\/no\/bransjer\/papir-og-masse\/kundehistorie-metso-paper-karlstad\/","title":{"rendered":"Kundehistorie Metso Paper Karlstad"},"content":{"rendered":"  <div class=\"hero\">\n    <div class=\"carousel hero-slider small\" data-flickity data-flickity-options='{\"prevNextButtons\": false}'>\n              <div class=\"carousel-cell\">\n          <div class=\"container\">\n            <div class=\"hero-content\">\n                              <h5>Referanse<\/h5>\n<h1>Metso Paper Karlstad<\/h1>\n<p>Med Proficy Scheduler \/ ROB-EX fikk Metso Paper Karlstad bedre kontroll over produksjonen av papirmaskiner.<\/p>\n              \n                          <\/div>\n          <\/div>\n\n          <img decoding=\"async\" width=\"1024\" height=\"427\" src=\"https:\/\/www.novotek.com\/no\/wp-content\/uploads\/sites\/5\/Bransjer\/Papir_og_masse\/Metso_Paper_Karlstad\/MetsoPaper_1920x800-1024x427.jpg\" class=\"hero-bg\" alt=\"Hero Img\" fetchpriority=\"high\" srcset=\"https:\/\/www.novotek.com\/no\/wp-content\/uploads\/sites\/5\/Bransjer\/Papir_og_masse\/Metso_Paper_Karlstad\/MetsoPaper_1920x800-1024x427.jpg 1024w, https:\/\/www.novotek.com\/no\/wp-content\/uploads\/sites\/5\/Bransjer\/Papir_og_masse\/Metso_Paper_Karlstad\/MetsoPaper_1920x800-300x125.jpg 300w, https:\/\/www.novotek.com\/no\/wp-content\/uploads\/sites\/5\/Bransjer\/Papir_og_masse\/Metso_Paper_Karlstad\/MetsoPaper_1920x800-768x320.jpg 768w, https:\/\/www.novotek.com\/no\/wp-content\/uploads\/sites\/5\/Bransjer\/Papir_og_masse\/Metso_Paper_Karlstad\/MetsoPaper_1920x800-1536x640.jpg 1536w, https:\/\/www.novotek.com\/no\/wp-content\/uploads\/sites\/5\/Bransjer\/Papir_og_masse\/Metso_Paper_Karlstad\/MetsoPaper_1920x800.jpg 1920w\" sizes=\"(max-width: 1024px) 100vw, 1024px\" \/>                  <\/div>\n          <\/div>\n\n      <\/div>\n\n   <div class=\"floating-breadcrumb\"><div class=\"container\"><span><span><a href=\"https:\/\/www.novotek.com\/no\/\" class=\"breadcrumb-frontpage\">Home<\/a><\/span><\/span><\/div><\/div>\n\n\n<div class=\"quotes-parent\">\n  <div class=\"container\">\n    <div class=\"carousel quotes-carousel\">\n              <div class=\"quote-cell carousel-cell\">\n          <div class=\"container-quote\">\n            <strong>&laquo;Vi valgte Proficy Scheduler \/ ROB-EX fordi det passet til v\u00e5re behov.&raquo;<\/strong>\n            <span>Simon St\u00e5hl, planleggingssjef hos Metso Paper Karlstad.<\/span>\n          <\/div>\n        <\/div>\n          <\/div>\n  <\/div>\n<\/div>\n\n\n<div class=\"container-md columns  \">\n<div class=\"wp-block-columns is-layout-flex wp-container-core-columns-is-layout-9d6595d7 wp-block-columns-is-layout-flex\"><div class=\"container-md column  \">\n<div class=\"wp-block-column is-layout-flow wp-block-column-is-layout-flow\"><div class=\"container-md heading  \">\n<h4 class=\"wp-block-heading\">L\u00f8sning<\/h4>\n<\/div>\n\n<div class=\"container-md list  \">\n<ul id=\"block-d063825a-443c-4258-82cf-b4957aba7416\" class=\"wp-block-list\"><div class=\"container-md list-item  \">\n<li>Produksjonsplanlegging<\/li>\n<\/div><\/ul>\n<\/div>\n\n<div class=\"container-md spacer  \">\n<div style=\"height:15px\" aria-hidden=\"true\" class=\"wp-block-spacer\"><\/div>\n<\/div>\n\n<div class=\"container-md heading  \">\n<h4 class=\"wp-block-heading\">Produkter<\/h4>\n<\/div>\n\n<div class=\"container-md list  \">\n<ul id=\"block-2d4fa3a5-0225-45d9-b019-8a335f11a235\" class=\"wp-block-list\"><div class=\"container-md list-item  \">\n<li><a href=\"https:\/\/www.novotek.com\/no\/digitalisering\/produksjonsplanlegging\/proficy-scheduler-rob-ex\/\">Proficy Scheduler \/ ROB-EX<\/a><\/li>\n<\/div><\/ul>\n<\/div>\n\n<div class=\"container-md spacer  \">\n<div style=\"height:15px\" aria-hidden=\"true\" class=\"wp-block-spacer\"><\/div>\n<\/div>\n\n<div class=\"container-md heading  \">\n<h4 class=\"wp-block-heading\">Fordeler<\/h4>\n<\/div>\n\n<div class=\"container-md list  \">\n<ul class=\"wp-block-list\"><div class=\"container-md list-item  \">\n<li>Bedre oversikt<\/li>\n<\/div>\n\n<div class=\"container-md list-item  \">\n<li>Bedre kontroll over produksjonen<\/li>\n<\/div>\n\n<div class=\"container-md list-item  \">\n<li>F\u00e6rre flaskehalser<\/li>\n<\/div>\n\n<div class=\"container-md list-item  \">\n<li>Brukervennlig grensesnitt<\/li>\n<\/div><\/ul>\n<\/div><\/div>\n<\/div>\n\n<div class=\"container-md column  \">\n<div class=\"wp-block-column is-layout-flow wp-block-column-is-layout-flow\"><div class=\"wp-block-image\"><div class=\"container-md image  alignright\">\n<figure class=\"alignright size-large is-resized\"><img loading=\"lazy\" decoding=\"async\" width=\"500\" height=\"500\" src=\"https:\/\/www.novotek.com\/no\/wp-content\/uploads\/sites\/5\/Bransjer\/Novotek_CheckBox.png\" alt=\"Novotek piktogram: Check.\" class=\"wp-image-1835\" style=\"width:190px;height:190px\" srcset=\"https:\/\/www.novotek.com\/no\/wp-content\/uploads\/sites\/5\/Bransjer\/Novotek_CheckBox.png 500w, https:\/\/www.novotek.com\/no\/wp-content\/uploads\/sites\/5\/Bransjer\/Novotek_CheckBox-300x300.png 300w, https:\/\/www.novotek.com\/no\/wp-content\/uploads\/sites\/5\/Bransjer\/Novotek_CheckBox-150x150.png 150w\" sizes=\"auto, (max-width: 500px) 100vw, 500px\" \/><\/figure>\n<\/div><\/div><\/div>\n<\/div><\/div>\n<\/div>\n\n<div class=\"container-md spacer  \">\n<div style=\"height:30px\" aria-hidden=\"true\" class=\"wp-block-spacer\"><\/div>\n<\/div>\n\n<div class=\"container-md paragraph  \">\n<p>Metso Paper i Karlstad produserer papirmaskiner. Med en krevende produksjon hadde de behov for et system som gjorde produksjonsplanleggingen enklere. Valget endte p\u00e5 Proficy Scheduler \/ ROB-EX fra Novotek.<\/p>\n<\/div>\n\n<div class=\"container-md spacer  \">\n<div style=\"height:50px\" aria-hidden=\"true\" class=\"wp-block-spacer\"><\/div>\n<\/div>\n\n  <div class=\"hero\">\n    <div class=\"carousel hero-slider small\" data-flickity data-flickity-options='{\"prevNextButtons\": false}'>\n              <div class=\"carousel-cell\">\n          <div class=\"container\">\n            <div class=\"hero-content\">\n                              <h2>Produksjon av papirmaskiner for et globalt marked<\/h2>\n<p>Metso Paper er et verdensledende foretak innen teknologi for papp, papir og masse, og tilbyr et omfattende utvalg produkter og tjenester innenfor sektoren. Fabrikken i Karlstad produserer papirmaskiner, inkludert hele linjer for papirproduksjon. I tillegg tilbyr de ombygging av eksisterende maskiner. Metso Paper Karlstad har levert mer enn 1500 papirmaskiner og 800 fullstendige produksjonslinjer til kunder over hele verden.<\/p>\n              \n                          <\/div>\n          <\/div>\n\n          <img decoding=\"async\" width=\"1024\" height=\"427\" src=\"https:\/\/www.novotek.com\/no\/wp-content\/uploads\/sites\/5\/Bransjer\/Papir_og_masse\/Metso_Paper_Karlstad\/MetsoPaper_2_1920x800-1024x427.jpg\" class=\"hero-bg\" alt=\"Hero Img\" fetchpriority=\"high\" srcset=\"https:\/\/www.novotek.com\/no\/wp-content\/uploads\/sites\/5\/Bransjer\/Papir_og_masse\/Metso_Paper_Karlstad\/MetsoPaper_2_1920x800-1024x427.jpg 1024w, https:\/\/www.novotek.com\/no\/wp-content\/uploads\/sites\/5\/Bransjer\/Papir_og_masse\/Metso_Paper_Karlstad\/MetsoPaper_2_1920x800-300x125.jpg 300w, https:\/\/www.novotek.com\/no\/wp-content\/uploads\/sites\/5\/Bransjer\/Papir_og_masse\/Metso_Paper_Karlstad\/MetsoPaper_2_1920x800-768x320.jpg 768w, https:\/\/www.novotek.com\/no\/wp-content\/uploads\/sites\/5\/Bransjer\/Papir_og_masse\/Metso_Paper_Karlstad\/MetsoPaper_2_1920x800-1536x640.jpg 1536w, https:\/\/www.novotek.com\/no\/wp-content\/uploads\/sites\/5\/Bransjer\/Papir_og_masse\/Metso_Paper_Karlstad\/MetsoPaper_2_1920x800.jpg 1920w\" sizes=\"(max-width: 1024px) 100vw, 1024px\" \/>                  <\/div>\n          <\/div>\n\n      <\/div>\n\n   \n\n\n<div class=\"container-md paragraph  \">\n<p>\u00c5 lage papirmaskiner er ingen enkel oppgave. Hver maskin best\u00e5r av ulike mekaniske delkomponenter, som alle skal produseres, behandles, monteres og testes. I tillegg m\u00e5 instrumenter og kontrollelektronikk installeres p\u00e5 maskinen. Ofte utf\u00f8res flere av gj\u00f8rem\u00e5lene parallelt i produksjonen, noe som betyr at en forsinkelse p\u00e5 en delkomponent eller gj\u00f8rem\u00e5l kan ha store effekter p\u00e5 endelig leveringsdato. Det kan ogs\u00e5 utgj\u00f8re problemer for neste papirmaskin som skal produseres.&nbsp;<\/p>\n<\/div>\n\n<div class=\"container-md spacer  \">\n<div style=\"height:10px\" aria-hidden=\"true\" class=\"wp-block-spacer\"><\/div>\n<\/div>\n\n<div class=\"container-md heading  \">\n<h2 class=\"wp-block-heading\">Behov for god oversikt over hele produksjonen<\/h2>\n<\/div>\n\n<div class=\"container-md paragraph  \">\n<p>Tidligere benyttet Metso Paper ERP-systemet sitt og Excel som planleggingsverkt\u00f8y. Utfordringen var at det var vanskelig \u00e5 oppdage flaskehalser som ville oppst\u00e5 lengre frem i tid. Dermed falt valget p\u00e5 \u00e5 investere i Proficy Scheduler \/ ROB-EX fra Novotek.\u00a0<\/p>\n<\/div>\n\n<div class=\"container-md paragraph  \">\n<p>\u2013\u00a0Vi unders\u00f8kte flere av de tilgjengelige verkt\u00f8yene p\u00e5 markedet, og valgte Proficy Scheduler \/ ROB-EX fordi systemet passet best til v\u00e5re behov. Det enkle brukergrensesnittet og muligheten til \u00e5 f\u00e5 support p\u00e5 skandinavisk var ogs\u00e5 viktig for oss, forteller Simon St\u00e5hl, planleggingssjef hos Metso Paper Karlstad.\u00a0<\/p>\n<\/div>\n\n<div class=\"container-md paragraph  \">\n<p>Med Proficy Scheduler \/ ROB-EX fikk Metso Paper bedre oversikt over produksjonen, kunne gjennomf\u00f8re mer detaljert planlegging og fikk kontroll over mulige flaskehalser. Dette gjorde det enklere \u00e5 planlegge leveringstider, &#8211; noe som ogs\u00e5 ga positiv p\u00e5virkning hos underleverand\u00f8rene.\u00a0\u2013\u00a0Tidligere har vi alltid hatt det travelt n\u00e5r vi har bestilt komponenter. N\u00e5 vet vi akkurat n\u00e5r vi kommer til \u00e5 trenge flere materialer, og kan bestille i god tid slik at underleverand\u00f8rene v\u00e5re f\u00e5r tiden de trenger p\u00e5 \u00e5 produsere komponentene.\u00a0<\/p>\n<\/div>\n\n<div class=\"container media-text  align\">\n<div class=\"wp-block-media-text is-stacked-on-mobile\"><figure class=\"wp-block-media-text__media\"><img loading=\"lazy\" decoding=\"async\" width=\"1000\" height=\"750\" src=\"https:\/\/www.novotek.com\/no\/wp-content\/uploads\/sites\/5\/Bransjer\/Papir_og_masse\/Metso_Paper_Karlstad\/Papirmaskiner.jpg\" alt=\"Papirmaskiner, Metso Paper.\" class=\"wp-image-5401 size-full\" srcset=\"https:\/\/www.novotek.com\/no\/wp-content\/uploads\/sites\/5\/Bransjer\/Papir_og_masse\/Metso_Paper_Karlstad\/Papirmaskiner.jpg 1000w, https:\/\/www.novotek.com\/no\/wp-content\/uploads\/sites\/5\/Bransjer\/Papir_og_masse\/Metso_Paper_Karlstad\/Papirmaskiner-300x225.jpg 300w, https:\/\/www.novotek.com\/no\/wp-content\/uploads\/sites\/5\/Bransjer\/Papir_og_masse\/Metso_Paper_Karlstad\/Papirmaskiner-768x576.jpg 768w\" sizes=\"auto, (max-width: 1000px) 100vw, 1000px\" \/><\/figure><div class=\"wp-block-media-text__content\"><div class=\"container-md heading  \">\n<h2 class=\"wp-block-heading\">En endringsprosess som har n\u00e5dd m\u00e5let<\/h2>\n<\/div>\n\n<div class=\"container-md paragraph  \">\n<p>Proficy Scheduler \/ ROB-EX kan kobles med ERP-systemet, men Simon s\u00e5 flere fordeler ved \u00e5 holde de to systemene separat.\u00a0<\/p>\n<\/div>\n\n<div class=\"container-md paragraph  \">\n<p>\u2013&nbsp;En viktig faktor mange undervurderer er evnen til \u00e5 planlegge maskinkapasitet f\u00f8r forberedelsene er utf\u00f8rt. Det b\u00f8r gjennomf\u00f8res en grovplanlegging i produksjonsplanen f\u00f8r ordren finnes i ERP-systemet, kanskje til og med f\u00f8r salgsavdelingen har solgt prosjektet, fastsl\u00e5r han.<\/p>\n<\/div>\n\n<div class=\"container-md paragraph  \">\n<p>For Simon er planleggingen viktig. Dette ser man ogs\u00e5 i m\u00e5ten Metso Paper valgte \u00e5 implementere systemet. Med halvannen time oppl\u00e6ring hver dag i en periode p\u00e5 to m\u00e5neder, kunne Simon v\u00e6re sikker p\u00e5 at planleggerne var kjent med systemet.\u00a0<\/p>\n<\/div>\n\n<div class=\"container-md paragraph  \">\n<p>\u2013&nbsp;Ofte er reisen m\u00e5let. \u00c5 bruke lenger tid p\u00e5 implementeringen gj\u00f8r bruken mye mer effektiv i fremtiden. M\u00e5let v\u00e5rt er \u00e5 alltid utnytte alle ressurser for \u00e5 forbedre foretakets totale resultat, avslutter Simon.&nbsp;<\/p>\n<\/div><\/div><\/div>\n<\/div>\n\n<div class=\"container-md spacer  \">\n<div style=\"height:50px\" aria-hidden=\"true\" class=\"wp-block-spacer\"><\/div>\n<\/div>\n\n<div class=\"cta-block\">\n  <div class=\"container\">\n          <h2>Proficy Scheduler \/ ROB-EX<\/h2>\n    \n          <div><p>Et verkt\u00f8y spesialisert for produksjonsplanlegging.<\/p>\n<\/div>\n    \n          <a class=\"btn btn-primary\" href=\"https:\/\/www.novotek.com\/no\/digitalisering\/produksjonsplanlegging\/proficy-scheduler-rob-ex\/\">Les mer<\/a>\n      <\/div>\n<\/div>\n","protected":false},"excerpt":{"rendered":"<p>L\u00f8sning Produkter Fordeler Metso Paper i Karlstad produserer papirmaskiner. Med en krevende produksjon hadde de behov for et system som gjorde produksjonsplanleggingen enklere. Valget endte p\u00e5 Proficy Scheduler \/ ROB-EX fra Novotek. \u00c5 lage papirmaskiner er ingen enkel oppgave. Hver maskin best\u00e5r av ulike mekaniske delkomponenter, som alle skal produseres, behandles, monteres og testes. I [&hellip;]<\/p>\n","protected":false},"author":7,"featured_media":0,"parent":1005,"menu_order":0,"comment_status":"closed","ping_status":"closed","template":"","meta":{"_acf_changed":false,"_relevanssi_hide_post":"","_relevanssi_pin_for_all":"","_relevanssi_pin_keywords":"","_relevanssi_unpin_keywords":"","_relevanssi_related_keywords":"","_relevanssi_related_include_ids":"","_relevanssi_related_exclude_ids":"","_relevanssi_related_no_append":"","_relevanssi_related_not_related":"","_relevanssi_related_posts":"1","_relevanssi_noindex_reason":"","footnotes":""},"class_list":["post-5403","page","type-page","status-publish","hentry"],"acf":[],"yoast_head":"<!-- This site is optimized with the Yoast SEO plugin v27.4 - https:\/\/yoast.com\/product\/yoast-seo-wordpress\/ -->\n<title>Kundehistorie Metso Paper Karlstad - Novotek Norge<\/title>\n<meta name=\"description\" content=\"Metso Paper i Karlstad produserer papirmaskiner. Med en krevende produksjon hadde de behov for et system som gjorde produksjonsplanleggingen enklere.\" \/>\n<meta name=\"robots\" content=\"index, follow, max-snippet:-1, max-image-preview:large, max-video-preview:-1\" \/>\n<link rel=\"canonical\" href=\"https:\/\/www.novotek.com\/no\/bransjer\/papir-og-masse\/kundehistorie-metso-paper-karlstad\/\" \/>\n<meta property=\"og:locale\" content=\"nb_NO\" \/>\n<meta property=\"og:type\" content=\"article\" \/>\n<meta property=\"og:title\" content=\"Kundehistorie Metso Paper Karlstad - Novotek Norge\" \/>\n<meta property=\"og:description\" content=\"Metso Paper i Karlstad produserer papirmaskiner. Med en krevende produksjon hadde de behov for et system som gjorde produksjonsplanleggingen enklere.\" \/>\n<meta property=\"og:url\" content=\"https:\/\/www.novotek.com\/no\/bransjer\/papir-og-masse\/kundehistorie-metso-paper-karlstad\/\" \/>\n<meta property=\"og:site_name\" content=\"Novotek Norge\" \/>\n<meta property=\"article:modified_time\" content=\"2025-09-01T07:37:19+00:00\" \/>\n<meta property=\"og:image\" content=\"https:\/\/www.novotek.com\/no\/wp-content\/uploads\/sites\/5\/Bransjer\/Novotek_CheckBox.png\" \/>\n<meta name=\"twitter:card\" content=\"summary_large_image\" \/>\n<meta name=\"twitter:label1\" content=\"Ansl. lesetid\" \/>\n\t<meta name=\"twitter:data1\" content=\"3 minutter\" \/>\n<script type=\"application\/ld+json\" class=\"yoast-schema-graph\">{\"@context\":\"https:\\\/\\\/schema.org\",\"@graph\":[{\"@type\":\"WebPage\",\"@id\":\"https:\\\/\\\/www.novotek.com\\\/no\\\/bransjer\\\/papir-og-masse\\\/kundehistorie-metso-paper-karlstad\\\/\",\"url\":\"https:\\\/\\\/www.novotek.com\\\/no\\\/bransjer\\\/papir-og-masse\\\/kundehistorie-metso-paper-karlstad\\\/\",\"name\":\"Kundehistorie Metso Paper Karlstad - Novotek Norge\",\"isPartOf\":{\"@id\":\"https:\\\/\\\/www.novotek.com\\\/no\\\/#website\"},\"primaryImageOfPage\":{\"@id\":\"https:\\\/\\\/www.novotek.com\\\/no\\\/bransjer\\\/papir-og-masse\\\/kundehistorie-metso-paper-karlstad\\\/#primaryimage\"},\"image\":{\"@id\":\"https:\\\/\\\/www.novotek.com\\\/no\\\/bransjer\\\/papir-og-masse\\\/kundehistorie-metso-paper-karlstad\\\/#primaryimage\"},\"thumbnailUrl\":\"https:\\\/\\\/www.novotek.com\\\/no\\\/wp-content\\\/uploads\\\/sites\\\/5\\\/Bransjer\\\/Novotek_CheckBox.png\",\"datePublished\":\"2021-11-12T07:59:42+00:00\",\"dateModified\":\"2025-09-01T07:37:19+00:00\",\"description\":\"Metso Paper i Karlstad produserer papirmaskiner. Med en krevende produksjon hadde de behov for et system som gjorde produksjonsplanleggingen enklere.\",\"breadcrumb\":{\"@id\":\"https:\\\/\\\/www.novotek.com\\\/no\\\/bransjer\\\/papir-og-masse\\\/kundehistorie-metso-paper-karlstad\\\/#breadcrumb\"},\"inLanguage\":\"nb-NO\",\"potentialAction\":[{\"@type\":\"ReadAction\",\"target\":[\"https:\\\/\\\/www.novotek.com\\\/no\\\/bransjer\\\/papir-og-masse\\\/kundehistorie-metso-paper-karlstad\\\/\"]}]},{\"@type\":\"ImageObject\",\"inLanguage\":\"nb-NO\",\"@id\":\"https:\\\/\\\/www.novotek.com\\\/no\\\/bransjer\\\/papir-og-masse\\\/kundehistorie-metso-paper-karlstad\\\/#primaryimage\",\"url\":\"https:\\\/\\\/www.novotek.com\\\/no\\\/wp-content\\\/uploads\\\/sites\\\/5\\\/Bransjer\\\/Novotek_CheckBox.png\",\"contentUrl\":\"https:\\\/\\\/www.novotek.com\\\/no\\\/wp-content\\\/uploads\\\/sites\\\/5\\\/Bransjer\\\/Novotek_CheckBox.png\",\"width\":500,\"height\":500,\"caption\":\"Novotek piktogram: Check.\"},{\"@type\":\"BreadcrumbList\",\"@id\":\"https:\\\/\\\/www.novotek.com\\\/no\\\/bransjer\\\/papir-og-masse\\\/kundehistorie-metso-paper-karlstad\\\/#breadcrumb\",\"itemListElement\":[{\"@type\":\"ListItem\",\"position\":1,\"name\":\"Home\",\"item\":\"https:\\\/\\\/www.novotek.com\\\/no\\\/\"},{\"@type\":\"ListItem\",\"position\":2,\"name\":\"Bransjer\",\"item\":\"https:\\\/\\\/www.novotek.com\\\/no\\\/bransjer\\\/\"},{\"@type\":\"ListItem\",\"position\":3,\"name\":\"Papir og masse\",\"item\":\"https:\\\/\\\/www.novotek.com\\\/no\\\/bransjer\\\/papir-og-masse\\\/\"},{\"@type\":\"ListItem\",\"position\":4,\"name\":\"Kundehistorie Metso Paper Karlstad\"}]},{\"@type\":\"WebSite\",\"@id\":\"https:\\\/\\\/www.novotek.com\\\/no\\\/#website\",\"url\":\"https:\\\/\\\/www.novotek.com\\\/no\\\/\",\"name\":\"Novotek Norge\",\"description\":\"Automasjon, digitalisering og Analytics\",\"publisher\":{\"@id\":\"https:\\\/\\\/www.novotek.com\\\/no\\\/#organization\"},\"potentialAction\":[{\"@type\":\"SearchAction\",\"target\":{\"@type\":\"EntryPoint\",\"urlTemplate\":\"https:\\\/\\\/www.novotek.com\\\/no\\\/?s={search_term_string}\"},\"query-input\":{\"@type\":\"PropertyValueSpecification\",\"valueRequired\":true,\"valueName\":\"search_term_string\"}}],\"inLanguage\":\"nb-NO\"},{\"@type\":\"Organization\",\"@id\":\"https:\\\/\\\/www.novotek.com\\\/no\\\/#organization\",\"name\":\"Novotek AS\",\"url\":\"https:\\\/\\\/www.novotek.com\\\/no\\\/\",\"logo\":{\"@type\":\"ImageObject\",\"inLanguage\":\"nb-NO\",\"@id\":\"https:\\\/\\\/www.novotek.com\\\/no\\\/#\\\/schema\\\/logo\\\/image\\\/\",\"url\":\"https:\\\/\\\/www.novotek.com\\\/no\\\/wp-content\\\/uploads\\\/sites\\\/5\\\/Forside\\\/Novotek_logo.png\",\"contentUrl\":\"https:\\\/\\\/www.novotek.com\\\/no\\\/wp-content\\\/uploads\\\/sites\\\/5\\\/Forside\\\/Novotek_logo.png\",\"width\":1200,\"height\":348,\"caption\":\"Novotek AS\"},\"image\":{\"@id\":\"https:\\\/\\\/www.novotek.com\\\/no\\\/#\\\/schema\\\/logo\\\/image\\\/\"},\"sameAs\":[\"https:\\\/\\\/www.linkedin.com\\\/company\\\/novotek-as\"]}]}<\/script>\n<!-- \/ Yoast SEO plugin. -->","yoast_head_json":{"title":"Kundehistorie Metso Paper Karlstad - Novotek Norge","description":"Metso Paper i Karlstad produserer papirmaskiner. Med en krevende produksjon hadde de behov for et system som gjorde produksjonsplanleggingen enklere.","robots":{"index":"index","follow":"follow","max-snippet":"max-snippet:-1","max-image-preview":"max-image-preview:large","max-video-preview":"max-video-preview:-1"},"canonical":"https:\/\/www.novotek.com\/no\/bransjer\/papir-og-masse\/kundehistorie-metso-paper-karlstad\/","og_locale":"nb_NO","og_type":"article","og_title":"Kundehistorie Metso Paper Karlstad - Novotek Norge","og_description":"Metso Paper i Karlstad produserer papirmaskiner. Med en krevende produksjon hadde de behov for et system som gjorde produksjonsplanleggingen enklere.","og_url":"https:\/\/www.novotek.com\/no\/bransjer\/papir-og-masse\/kundehistorie-metso-paper-karlstad\/","og_site_name":"Novotek Norge","article_modified_time":"2025-09-01T07:37:19+00:00","og_image":[{"url":"https:\/\/www.novotek.com\/no\/wp-content\/uploads\/sites\/5\/Bransjer\/Novotek_CheckBox.png","type":"","width":"","height":""}],"twitter_card":"summary_large_image","twitter_misc":{"Ansl. lesetid":"3 minutter"},"schema":{"@context":"https:\/\/schema.org","@graph":[{"@type":"WebPage","@id":"https:\/\/www.novotek.com\/no\/bransjer\/papir-og-masse\/kundehistorie-metso-paper-karlstad\/","url":"https:\/\/www.novotek.com\/no\/bransjer\/papir-og-masse\/kundehistorie-metso-paper-karlstad\/","name":"Kundehistorie Metso Paper Karlstad - Novotek Norge","isPartOf":{"@id":"https:\/\/www.novotek.com\/no\/#website"},"primaryImageOfPage":{"@id":"https:\/\/www.novotek.com\/no\/bransjer\/papir-og-masse\/kundehistorie-metso-paper-karlstad\/#primaryimage"},"image":{"@id":"https:\/\/www.novotek.com\/no\/bransjer\/papir-og-masse\/kundehistorie-metso-paper-karlstad\/#primaryimage"},"thumbnailUrl":"https:\/\/www.novotek.com\/no\/wp-content\/uploads\/sites\/5\/Bransjer\/Novotek_CheckBox.png","datePublished":"2021-11-12T07:59:42+00:00","dateModified":"2025-09-01T07:37:19+00:00","description":"Metso Paper i Karlstad produserer papirmaskiner. Med en krevende produksjon hadde de behov for et system som gjorde produksjonsplanleggingen enklere.","breadcrumb":{"@id":"https:\/\/www.novotek.com\/no\/bransjer\/papir-og-masse\/kundehistorie-metso-paper-karlstad\/#breadcrumb"},"inLanguage":"nb-NO","potentialAction":[{"@type":"ReadAction","target":["https:\/\/www.novotek.com\/no\/bransjer\/papir-og-masse\/kundehistorie-metso-paper-karlstad\/"]}]},{"@type":"ImageObject","inLanguage":"nb-NO","@id":"https:\/\/www.novotek.com\/no\/bransjer\/papir-og-masse\/kundehistorie-metso-paper-karlstad\/#primaryimage","url":"https:\/\/www.novotek.com\/no\/wp-content\/uploads\/sites\/5\/Bransjer\/Novotek_CheckBox.png","contentUrl":"https:\/\/www.novotek.com\/no\/wp-content\/uploads\/sites\/5\/Bransjer\/Novotek_CheckBox.png","width":500,"height":500,"caption":"Novotek piktogram: Check."},{"@type":"BreadcrumbList","@id":"https:\/\/www.novotek.com\/no\/bransjer\/papir-og-masse\/kundehistorie-metso-paper-karlstad\/#breadcrumb","itemListElement":[{"@type":"ListItem","position":1,"name":"Home","item":"https:\/\/www.novotek.com\/no\/"},{"@type":"ListItem","position":2,"name":"Bransjer","item":"https:\/\/www.novotek.com\/no\/bransjer\/"},{"@type":"ListItem","position":3,"name":"Papir og masse","item":"https:\/\/www.novotek.com\/no\/bransjer\/papir-og-masse\/"},{"@type":"ListItem","position":4,"name":"Kundehistorie Metso Paper Karlstad"}]},{"@type":"WebSite","@id":"https:\/\/www.novotek.com\/no\/#website","url":"https:\/\/www.novotek.com\/no\/","name":"Novotek Norge","description":"Automasjon, digitalisering og Analytics","publisher":{"@id":"https:\/\/www.novotek.com\/no\/#organization"},"potentialAction":[{"@type":"SearchAction","target":{"@type":"EntryPoint","urlTemplate":"https:\/\/www.novotek.com\/no\/?s={search_term_string}"},"query-input":{"@type":"PropertyValueSpecification","valueRequired":true,"valueName":"search_term_string"}}],"inLanguage":"nb-NO"},{"@type":"Organization","@id":"https:\/\/www.novotek.com\/no\/#organization","name":"Novotek AS","url":"https:\/\/www.novotek.com\/no\/","logo":{"@type":"ImageObject","inLanguage":"nb-NO","@id":"https:\/\/www.novotek.com\/no\/#\/schema\/logo\/image\/","url":"https:\/\/www.novotek.com\/no\/wp-content\/uploads\/sites\/5\/Forside\/Novotek_logo.png","contentUrl":"https:\/\/www.novotek.com\/no\/wp-content\/uploads\/sites\/5\/Forside\/Novotek_logo.png","width":1200,"height":348,"caption":"Novotek AS"},"image":{"@id":"https:\/\/www.novotek.com\/no\/#\/schema\/logo\/image\/"},"sameAs":["https:\/\/www.linkedin.com\/company\/novotek-as"]}]}},"_links":{"self":[{"href":"https:\/\/www.novotek.com\/no\/wp-json\/wp\/v2\/pages\/5403","targetHints":{"allow":["GET"]}}],"collection":[{"href":"https:\/\/www.novotek.com\/no\/wp-json\/wp\/v2\/pages"}],"about":[{"href":"https:\/\/www.novotek.com\/no\/wp-json\/wp\/v2\/types\/page"}],"author":[{"embeddable":true,"href":"https:\/\/www.novotek.com\/no\/wp-json\/wp\/v2\/users\/7"}],"replies":[{"embeddable":true,"href":"https:\/\/www.novotek.com\/no\/wp-json\/wp\/v2\/comments?post=5403"}],"version-history":[{"count":13,"href":"https:\/\/www.novotek.com\/no\/wp-json\/wp\/v2\/pages\/5403\/revisions"}],"predecessor-version":[{"id":16635,"href":"https:\/\/www.novotek.com\/no\/wp-json\/wp\/v2\/pages\/5403\/revisions\/16635"}],"up":[{"embeddable":true,"href":"https:\/\/www.novotek.com\/no\/wp-json\/wp\/v2\/pages\/1005"}],"wp:attachment":[{"href":"https:\/\/www.novotek.com\/no\/wp-json\/wp\/v2\/media?parent=5403"}],"curies":[{"name":"wp","href":"https:\/\/api.w.org\/{rel}","templated":true}]}}