{"id":5473,"date":"2021-11-22T13:58:27","date_gmt":"2021-11-22T13:58:27","guid":{"rendered":"https:\/\/www.novotek.com\/no\/?page_id=5473"},"modified":"2023-09-19T12:20:41","modified_gmt":"2023-09-19T12:20:41","slug":"kundehistorie-kanthal","status":"publish","type":"page","link":"https:\/\/www.novotek.com\/no\/bransjer\/metall\/kundehistorie-kanthal\/","title":{"rendered":"Kanthal"},"content":{"rendered":"  <div class=\"hero\">\n    <div class=\"carousel hero-slider small\" data-flickity data-flickity-options='{\"prevNextButtons\": false}'>\n              <div class=\"carousel-cell\">\n          <div class=\"container\">\n            <div class=\"hero-content\">\n                              <h5>Referanse<\/h5>\n<h1>Kanthal<\/h1>\n<p>Kanthal AB har overv\u00e5ket st\u00e5lproduksjonen med HMI\/SCADA-l\u00f8sningen Proficy iFIX i mer enn 25 \u00e5r.<\/p>\n              \n                          <\/div>\n          <\/div>\n\n          <img decoding=\"async\" width=\"1024\" height=\"426\" src=\"https:\/\/www.novotek.com\/no\/wp-content\/uploads\/sites\/5\/Bransjer\/Metall\/Kanthal\/Kanthal_hero-1024x426.jpg\" class=\"hero-bg\" alt=\"Hero Img\" fetchpriority=\"high\" srcset=\"https:\/\/www.novotek.com\/no\/wp-content\/uploads\/sites\/5\/Bransjer\/Metall\/Kanthal\/Kanthal_hero-1024x426.jpg 1024w, https:\/\/www.novotek.com\/no\/wp-content\/uploads\/sites\/5\/Bransjer\/Metall\/Kanthal\/Kanthal_hero-300x125.jpg 300w, https:\/\/www.novotek.com\/no\/wp-content\/uploads\/sites\/5\/Bransjer\/Metall\/Kanthal\/Kanthal_hero-768x320.jpg 768w, https:\/\/www.novotek.com\/no\/wp-content\/uploads\/sites\/5\/Bransjer\/Metall\/Kanthal\/Kanthal_hero-1536x640.jpg 1536w, https:\/\/www.novotek.com\/no\/wp-content\/uploads\/sites\/5\/Bransjer\/Metall\/Kanthal\/Kanthal_hero.jpg 1825w\" sizes=\"(max-width: 1024px) 100vw, 1024px\" \/>                  <\/div>\n          <\/div>\n\n      <\/div>\n\n   <div class=\"floating-breadcrumb\"><div class=\"container\"><span><span><a href=\"https:\/\/www.novotek.com\/no\/\" class=\"breadcrumb-frontpage\">Home<\/a><\/span><\/span><\/div><\/div>\n\n\n<div class=\"quotes-parent\">\n  <div class=\"container\">\n    <div class=\"carousel quotes-carousel\">\n              <div class=\"quote-cell carousel-cell\">\n          <div class=\"container-quote\">\n            <strong>&laquo;Utvidelsen av iFIX har g\u00e5tt problemfritt. Det er en stor fordel at iFIX er uavhengig av hvilket system vi kj\u00f8rer det mot.&raquo;<\/strong>\n            <span>Per Eriksson, prosjektansvarlig, Kanthal Hallstahammar.<\/span>\n          <\/div>\n        <\/div>\n          <\/div>\n  <\/div>\n<\/div>\n\n\n<div class=\"container-md columns  \">\n<div class=\"wp-block-columns is-layout-flex wp-container-core-columns-is-layout-9d6595d7 wp-block-columns-is-layout-flex\"><div class=\"container-md column  \">\n<div class=\"wp-block-column is-layout-flow wp-block-column-is-layout-flow\"><div class=\"container-md heading  \">\n<h4 class=\"wp-block-heading\">L\u00f8sning<\/h4>\n<\/div>\n\n<div class=\"container-md list  \">\n<ul class=\"wp-block-list\" id=\"block-d063825a-443c-4258-82cf-b4957aba7416\"><div class=\"container-md list-item  \">\n<li>Produksjonsinformasjon<\/li>\n<\/div>\n\n<div class=\"container-md list-item  \">\n<li>Rapportering<\/li>\n<\/div>\n\n<div class=\"container-md list-item  \">\n<li>Prosessoptimalisering<\/li>\n<\/div>\n\n<div class=\"container-md list-item  \">\n<li>Stopptidsregistrering<\/li>\n<\/div>\n\n<div class=\"container-md list-item  \">\n<li>Overv\u00e5kning<\/li>\n<\/div>\n\n<div class=\"container-md list-item  \">\n<li>Versjonsh\u00e5ndtering<\/li>\n<\/div><\/ul>\n<\/div>\n\n<div class=\"container-md spacer  \">\n<div style=\"height:15px\" aria-hidden=\"true\" class=\"wp-block-spacer\"><\/div>\n<\/div>\n\n<div class=\"container-md heading  \">\n<h4 class=\"wp-block-heading\">Produkter<\/h4>\n<\/div>\n\n<div class=\"container-md list  \">\n<ul class=\"wp-block-list\" id=\"block-2d4fa3a5-0225-45d9-b019-8a335f11a235\"><div class=\"container-md list-item  \">\n<li><a href=\"https:\/\/www.novotek.com\/no\/automasjon\/scada\/proficy-ifix\/\">Proficy iFIX<\/a><\/li>\n<\/div>\n\n<div class=\"container-md list-item  \">\n<li><a href=\"https:\/\/www.novotek.com\/no\/digitalisering\/datainnsamling-og-rapportering\/proficy-historian\/\">Proficy Historian<\/a><\/li>\n<\/div><\/ul>\n<\/div>\n\n<div class=\"container-md spacer  \">\n<div style=\"height:15px\" aria-hidden=\"true\" class=\"wp-block-spacer\"><\/div>\n<\/div>\n\n<div class=\"container-md heading  \">\n<h4 class=\"wp-block-heading\">Fordeler<\/h4>\n<\/div>\n\n<div class=\"container-md list  \">\n<ul class=\"wp-block-list\"><div class=\"container-md list-item  \">\n<li>Ett integrert operat\u00f8r- og informasjonssystem<\/li>\n<\/div>\n\n<div class=\"container-md list-item  \">\n<li>Effektiv maskin- og stoppoppf\u00f8lging<\/li>\n<\/div>\n\n<div class=\"container-md list-item  \">\n<li>Rask tilgang til informasjon<\/li>\n<\/div>\n\n<div class=\"container-md list-item  \">\n<li>Enklere \u00e5 oppdage skjulte problemer<\/li>\n<\/div>\n\n<div class=\"container-md list-item  \">\n<li>N\u00f8kkeltallanalyser<\/li>\n<\/div>\n\n<div class=\"container-md list-item  \">\n<li>Datasikkerhet<\/li>\n<\/div>\n\n<div class=\"container-md list-item  \">\n<li>Standardisert bildestruktur for enkel navigasjon<\/li>\n<\/div><\/ul>\n<\/div><\/div>\n<\/div>\n\n<div class=\"container-md column  \">\n<div class=\"wp-block-column is-layout-flow wp-block-column-is-layout-flow\"><div class=\"wp-block-image\"><div class=\"container-md image  alignright\">\n<figure class=\"alignright size-large is-resized\"><img loading=\"lazy\" decoding=\"async\" src=\"https:\/\/www.novotek.com\/no\/wp-content\/uploads\/sites\/5\/Bransjer\/Novotek_CheckBox.png\" alt=\"Novotek piktogram: Check.\" class=\"wp-image-1835\" style=\"width:190px;height:190px\" width=\"190\" height=\"190\" srcset=\"https:\/\/www.novotek.com\/no\/wp-content\/uploads\/sites\/5\/Bransjer\/Novotek_CheckBox.png 500w, https:\/\/www.novotek.com\/no\/wp-content\/uploads\/sites\/5\/Bransjer\/Novotek_CheckBox-300x300.png 300w, https:\/\/www.novotek.com\/no\/wp-content\/uploads\/sites\/5\/Bransjer\/Novotek_CheckBox-150x150.png 150w\" sizes=\"auto, (max-width: 190px) 100vw, 190px\" \/><\/figure>\n<\/div><\/div><\/div>\n<\/div><\/div>\n<\/div>\n\n<div class=\"container-md spacer  \">\n<div style=\"height:30px\" aria-hidden=\"true\" class=\"wp-block-spacer\"><\/div>\n<\/div>\n\n<div class=\"container-md paragraph  \">\n<p>Kanthal AB har benyttet Proficy iFIX i mer enn 25 \u00e5r. Systemet har st\u00e5tt st\u00f8dig gjennom mange oppdateringer, og med implementeringen av Proficy Historian fikk Kanthal AB enda bedre innsikt i produksjonsprosessene.&nbsp;<\/p>\n<\/div>\n\n<div class=\"container-md spacer  \">\n<div style=\"height:50px\" aria-hidden=\"true\" class=\"wp-block-spacer\"><\/div>\n<\/div>\n\n  <div class=\"hero\">\n    <div class=\"carousel hero-slider small\" data-flickity data-flickity-options='{\"prevNextButtons\": false}'>\n              <div class=\"carousel-cell\">\n          <div class=\"container\">\n            <div class=\"hero-content\">\n                              <h2>Fra 0 til 2000\u00b0C<\/h2>\n<p>Kanthal er en st\u00e5llegering av krom, aluminium og jern. Legeringen er kjent for \u00e5 t\u00e5le h\u00f8y temperatur, og har stor elektrisk motstand. Kanthal AB ble grunnlagt i 1931 av Hans von Kantzow, oppfinneren av kanthallegeringen. I dag er Kanthal AB verdens-ledende produsent av motstandsmateriale i form av wirer, bimetaller, varmeelementer og komplette varmel\u00f8sninger for industriovner som kommer opp i 2000\u00b0C. Kanthal AB produserer ogs\u00e5 materialer for andre produkter som varmes opp med str\u00f8m, blant annet husholdningsapparater. Siden 1997 har Kanthal AB v\u00e6rt en del av Sandviken AB.<\/p>\n              \n                          <\/div>\n          <\/div>\n\n          <img decoding=\"async\" width=\"1024\" height=\"427\" src=\"https:\/\/www.novotek.com\/no\/wp-content\/uploads\/sites\/5\/Bransjer\/Metall\/Kanthal\/Smelteovn_duotone_colors_NEW-1024x427.jpg\" class=\"hero-bg\" alt=\"Hero Img\" fetchpriority=\"high\" srcset=\"https:\/\/www.novotek.com\/no\/wp-content\/uploads\/sites\/5\/Bransjer\/Metall\/Kanthal\/Smelteovn_duotone_colors_NEW-1024x427.jpg 1024w, https:\/\/www.novotek.com\/no\/wp-content\/uploads\/sites\/5\/Bransjer\/Metall\/Kanthal\/Smelteovn_duotone_colors_NEW-300x125.jpg 300w, https:\/\/www.novotek.com\/no\/wp-content\/uploads\/sites\/5\/Bransjer\/Metall\/Kanthal\/Smelteovn_duotone_colors_NEW-768x320.jpg 768w, https:\/\/www.novotek.com\/no\/wp-content\/uploads\/sites\/5\/Bransjer\/Metall\/Kanthal\/Smelteovn_duotone_colors_NEW-1536x640.jpg 1536w, https:\/\/www.novotek.com\/no\/wp-content\/uploads\/sites\/5\/Bransjer\/Metall\/Kanthal\/Smelteovn_duotone_colors_NEW.jpg 1920w\" sizes=\"(max-width: 1024px) 100vw, 1024px\" \/>                  <\/div>\n          <\/div>\n\n      <\/div>\n\n   \n\n\n<div class=\"container-md paragraph  \">\n<p>\u2013&nbsp;V\u00e5rt samarbeid med Novotek begynte da vi \u00f8nsket \u00e5 styre produksjonen p\u00e5 smelteverket. Det var f\u00f8rste gang vi brukte en PC ute i produksjonen, minnes Per Eriksson, prosjektansvarlig hos Kanthal Hallstahammar.&nbsp;<\/p>\n<\/div>\n\n<div class=\"container-md paragraph  \">\n<p>P\u00e5 denne tiden, tilbake i 1994, hadde Kanthal Hallstahammar \u00e5tte datamaskiner, hvor to kj\u00f8rte iFIX. De var selv med p\u00e5 implementeringen av de f\u00f8rste versjonene, og i ettertid har systemet vokst kontinuerlig.&nbsp;<\/p>\n<\/div>\n\n<div class=\"container-md paragraph  \">\n<p>\u2013&nbsp;Vi tok beslutningen om \u00e5 holde oss til ett system p\u00e5 b\u00e5de PC- og SCADA-siden. Det har f\u00f8rt til at vi har bygd opp en god kompetanse i iFIX, forklarer Per.&nbsp;<\/p>\n<\/div>\n\n<div class=\"container-md spacer  \">\n<div style=\"height:10px\" aria-hidden=\"true\" class=\"wp-block-spacer\"><\/div>\n<\/div>\n\n<div class=\"container-md heading  \">\n<h4 class=\"wp-block-heading\">Komplett overv\u00e5kning av produksjonen<\/h4>\n<\/div>\n\n<div class=\"container-md paragraph  \">\n<p>Proficy iFIX er et \u00e5pent system, noe som gjorde det enkelt for Kanthal AB \u00e5 bygge ut systemet etter behov. I dag er iFIX knyttet til smelteovner, valseverk og renseanlegg, med permanent overv\u00e5kning av produksjonen og det sentrale alarmanlegget. Strukturen i brukergrensesnittet gj\u00f8r det mulig for operat\u00f8ren \u00e5 overv\u00e5ke hele produksjonsomr\u00e5det, og klikke seg ned til ulike bygninger og maskiner.&nbsp;<\/p>\n<\/div>\n\n<div class=\"container-md paragraph  \">\n<p>\u2013&nbsp;Det er samme grunnstruktur i alle bildene. Du kjenner deg igjen overalt, forteller Per.<\/p>\n<\/div>\n\n<div class=\"container-md paragraph  \">\n<p>Utvidelsen av iFIX gjennom en \u00e5rrekke, med nye installasjoner og oppgraderinger, har g\u00e5tt uten problemer.&nbsp;<\/p>\n<\/div>\n\n<div class=\"container-md paragraph  \">\n<p>\u2013&nbsp;Det er en stor fordel at iFIX er uavhengig av hvilket system vi kj\u00f8rer det mot.<\/p>\n<\/div>\n\n<div class=\"container media-text  align\">\n<div class=\"wp-block-media-text is-stacked-on-mobile\"><figure class=\"wp-block-media-text__media\"><img loading=\"lazy\" decoding=\"async\" width=\"1024\" height=\"822\" src=\"https:\/\/www.novotek.com\/no\/wp-content\/uploads\/sites\/5\/Bransjer\/Metall\/Kanthal\/Metallwire_2-1024x822.jpg\" alt=\"Metallwire, et av produktene til Kanthal AB\" class=\"wp-image-5504 size-full\" srcset=\"https:\/\/www.novotek.com\/no\/wp-content\/uploads\/sites\/5\/Bransjer\/Metall\/Kanthal\/Metallwire_2-1024x822.jpg 1024w, https:\/\/www.novotek.com\/no\/wp-content\/uploads\/sites\/5\/Bransjer\/Metall\/Kanthal\/Metallwire_2-300x241.jpg 300w, https:\/\/www.novotek.com\/no\/wp-content\/uploads\/sites\/5\/Bransjer\/Metall\/Kanthal\/Metallwire_2-768x616.jpg 768w, https:\/\/www.novotek.com\/no\/wp-content\/uploads\/sites\/5\/Bransjer\/Metall\/Kanthal\/Metallwire_2.jpg 1500w\" sizes=\"auto, (max-width: 1024px) 100vw, 1024px\" \/><\/figure><div class=\"wp-block-media-text__content\"><div class=\"container-md heading  \">\n<h4 class=\"wp-block-heading\">Produksjons\u00f8kende tiltak<\/h4>\n<\/div>\n\n<div class=\"container-md paragraph  \">\n<p>Den siste oppgraderingen av systemet var installasjonen av Proficy Historian. Gjennom analyse av historiske data fra produksjonen kan Kanthal AB finne skjulte problemer og sammenhenger mellom ulike parametere, og bruke innsikten til \u00e5 gjennomf\u00f8re produksjons\u00f8kende tiltak. Stopptidsregistrering for n\u00f8kkeltallsanalyse av nedetid er en viktig del av denne l\u00f8sningen. I tillegg s\u00f8rger Proficy Historian for betydelig enklere datatilgang.&nbsp;<\/p>\n<\/div>\n\n<div class=\"container-md paragraph  \">\n<p>\u2013&nbsp;Det g\u00e5r sv\u00e6rt raskt \u00e5 f\u00e5 frem data. Til og med kompliserte, store datamengder kommer direkte opp p\u00e5 skjermen. Komprimeringen er ogs\u00e5 mye bedre, s\u00e5 dataene tar opp mindre lagringsplass, forteller Per.&nbsp;<\/p>\n<\/div><\/div><\/div>\n<\/div>\n\n<div class=\"container-md heading  \">\n<h4 class=\"wp-block-heading\">God sikkerhet<\/h4>\n<\/div>\n\n<div class=\"container-md paragraph  \">\n<p>Systemets sikkerhet er ogs\u00e5 velutviklet. Alle har mulighet til \u00e5 se samme informasjon, samtidig som det er enkelt \u00e5 styre hvem som kan se hvilke signaturer og parametere.&nbsp;<\/p>\n<\/div>\n\n<div class=\"container-md paragraph  \">\n<p>\u2013&nbsp;Visse deler av prosessen vil man ikke at hvem som helst skal se. Ofte holder det at prosessutvikleren i en bestemt avdeling f\u00e5r tilgang til sin informasjon. Det handler ogs\u00e5 om at sensitiv informasjon ikke skal havne i feil hender, forklarer Per.&nbsp;<\/p>\n<\/div>\n\n<div class=\"container-md spacer  \">\n<div style=\"height:10px\" aria-hidden=\"true\" class=\"wp-block-spacer\"><\/div>\n<\/div>\n\n<div class=\"container-md heading  \">\n<h4 class=\"wp-block-heading\">Service og support<\/h4>\n<\/div>\n\n<div class=\"container-md paragraph  \">\n<p>I l\u00f8pet av \u00e5rene har Kanthal f\u00e5tt erfaring med Novoteks service og support gjennom sin serviceavtale og ulike oppgraderinger.<\/p>\n<\/div>\n\n<div class=\"container-md paragraph  \">\n<p>\u2013&nbsp;Vi har ikke hatt s\u00e6rlig mange problemer, og n\u00e5r vi har hatt behov for hjelp har vi f\u00e5tt god st\u00f8tte. Det har v\u00e6rt et godt samarbeid mellom oss og Novotek, avslutter Per Eriksson.&nbsp;<\/p>\n<\/div>\n\n<div class=\"container-md spacer  \">\n<div style=\"height:50px\" aria-hidden=\"true\" class=\"wp-block-spacer\"><\/div>\n<\/div>\n\n  <div class=\"slider-column-parent\">\n    <div class=\"container\">\n      <div class=\"slider-column-title\">Les mer om l\u00f8sningen<\/div>\n\n      <div class=\"row\">\n        <div class=\"col-12 col-md-4\"><div class=\"column-box\">\n  \n      <div class=\"title\">\n      Proficy iFIX    <\/div>\n  \n      <div class=\"text\">\n      <p>Den mest komplette HMI\/SCADA-l\u00f8sningen p\u00e5 markedet.<\/p>\n    <\/div>\n  \n      <a class=\"link\"  href=\"https:\/\/www.novotek.com\/no\/automasjon\/scada\/proficy-ifix\/\" target=\"\">\n      Les mer    <\/a>\n  \n  <\/div>\n\n<\/div><div class=\"col-12 col-md-4\"><div class=\"column-box\">\n  \n      <div class=\"title\">\n      Proficy Historian    <\/div>\n  \n      <div class=\"text\">\n      <p>Markedets kraftigste prosessdatabase utviklet for produksjonsdata.<\/p>\n    <\/div>\n  \n      <a class=\"link\"  href=\"https:\/\/www.novotek.com\/no\/digitalisering\/datainnsamling-og-rapportering\/proficy-historian\/\" target=\"\">\n      Les mer    <\/a>\n  \n  <\/div>\n\n<\/div>      <\/div>\n    <\/div>\n  <\/div>\n","protected":false},"excerpt":{"rendered":"<p>Kanthal har overv\u00e5ket metallproduksjonen med iFIX HMI\/SCADA i mer enn 25 \u00e5r. L\u00f8sningen, som har vokst kontinuerlig med Kanthal, gir komplett overv\u00e5kning av produksjonen.<\/p>\n","protected":false},"author":7,"featured_media":0,"parent":1001,"menu_order":0,"comment_status":"closed","ping_status":"closed","template":"","meta":{"_acf_changed":false,"_relevanssi_hide_post":"","_relevanssi_pin_for_all":"","_relevanssi_pin_keywords":"","_relevanssi_unpin_keywords":"","_relevanssi_related_keywords":"","_relevanssi_related_include_ids":"","_relevanssi_related_exclude_ids":"","_relevanssi_related_no_append":"","_relevanssi_related_not_related":"","_relevanssi_related_posts":"1","_relevanssi_noindex_reason":"","footnotes":""},"class_list":["post-5473","page","type-page","status-publish","hentry"],"acf":[],"yoast_head":"<!-- This site is optimized with the Yoast SEO plugin v27.4 - https:\/\/yoast.com\/product\/yoast-seo-wordpress\/ -->\n<title>Kanthal - Novotek Norge<\/title>\n<meta name=\"description\" content=\"Kanthal AB har overv\u00e5ket st\u00e5lproduksjonen med HMI\/SCADA-l\u00f8sningen Proficy iFIX i mer enn 25 \u00e5r. N\u00e5 benytter de systemet sammen med Proficy Historian.\" \/>\n<meta name=\"robots\" content=\"index, follow, max-snippet:-1, max-image-preview:large, max-video-preview:-1\" \/>\n<link rel=\"canonical\" href=\"https:\/\/www.novotek.com\/no\/bransjer\/metall\/kundehistorie-kanthal\/\" \/>\n<meta property=\"og:locale\" content=\"nb_NO\" \/>\n<meta property=\"og:type\" content=\"article\" \/>\n<meta property=\"og:title\" content=\"Kanthal - Novotek Norge\" \/>\n<meta property=\"og:description\" content=\"Kanthal AB har overv\u00e5ket st\u00e5lproduksjonen med HMI\/SCADA-l\u00f8sningen Proficy iFIX i mer enn 25 \u00e5r. N\u00e5 benytter de systemet sammen med Proficy Historian.\" \/>\n<meta property=\"og:url\" content=\"https:\/\/www.novotek.com\/no\/bransjer\/metall\/kundehistorie-kanthal\/\" \/>\n<meta property=\"og:site_name\" content=\"Novotek Norge\" \/>\n<meta property=\"article:modified_time\" content=\"2023-09-19T12:20:41+00:00\" \/>\n<meta property=\"og:image\" content=\"https:\/\/www.novotek.com\/no\/wp-content\/uploads\/sites\/5\/Bransjer\/Novotek_CheckBox.png\" \/>\n<meta name=\"twitter:card\" content=\"summary_large_image\" \/>\n<meta name=\"twitter:label1\" content=\"Ansl. lesetid\" \/>\n\t<meta name=\"twitter:data1\" content=\"4 minutter\" \/>\n<script type=\"application\/ld+json\" class=\"yoast-schema-graph\">{\"@context\":\"https:\\\/\\\/schema.org\",\"@graph\":[{\"@type\":\"WebPage\",\"@id\":\"https:\\\/\\\/www.novotek.com\\\/no\\\/bransjer\\\/metall\\\/kundehistorie-kanthal\\\/\",\"url\":\"https:\\\/\\\/www.novotek.com\\\/no\\\/bransjer\\\/metall\\\/kundehistorie-kanthal\\\/\",\"name\":\"Kanthal - Novotek Norge\",\"isPartOf\":{\"@id\":\"https:\\\/\\\/www.novotek.com\\\/no\\\/#website\"},\"primaryImageOfPage\":{\"@id\":\"https:\\\/\\\/www.novotek.com\\\/no\\\/bransjer\\\/metall\\\/kundehistorie-kanthal\\\/#primaryimage\"},\"image\":{\"@id\":\"https:\\\/\\\/www.novotek.com\\\/no\\\/bransjer\\\/metall\\\/kundehistorie-kanthal\\\/#primaryimage\"},\"thumbnailUrl\":\"https:\\\/\\\/www.novotek.com\\\/no\\\/wp-content\\\/uploads\\\/sites\\\/5\\\/Bransjer\\\/Novotek_CheckBox.png\",\"datePublished\":\"2021-11-22T13:58:27+00:00\",\"dateModified\":\"2023-09-19T12:20:41+00:00\",\"description\":\"Kanthal AB har overv\u00e5ket st\u00e5lproduksjonen med HMI\\\/SCADA-l\u00f8sningen Proficy iFIX i mer enn 25 \u00e5r. N\u00e5 benytter de systemet sammen med Proficy Historian.\",\"breadcrumb\":{\"@id\":\"https:\\\/\\\/www.novotek.com\\\/no\\\/bransjer\\\/metall\\\/kundehistorie-kanthal\\\/#breadcrumb\"},\"inLanguage\":\"nb-NO\",\"potentialAction\":[{\"@type\":\"ReadAction\",\"target\":[\"https:\\\/\\\/www.novotek.com\\\/no\\\/bransjer\\\/metall\\\/kundehistorie-kanthal\\\/\"]}]},{\"@type\":\"ImageObject\",\"inLanguage\":\"nb-NO\",\"@id\":\"https:\\\/\\\/www.novotek.com\\\/no\\\/bransjer\\\/metall\\\/kundehistorie-kanthal\\\/#primaryimage\",\"url\":\"https:\\\/\\\/www.novotek.com\\\/no\\\/wp-content\\\/uploads\\\/sites\\\/5\\\/Bransjer\\\/Novotek_CheckBox.png\",\"contentUrl\":\"https:\\\/\\\/www.novotek.com\\\/no\\\/wp-content\\\/uploads\\\/sites\\\/5\\\/Bransjer\\\/Novotek_CheckBox.png\",\"width\":500,\"height\":500,\"caption\":\"Novotek piktogram: Check.\"},{\"@type\":\"BreadcrumbList\",\"@id\":\"https:\\\/\\\/www.novotek.com\\\/no\\\/bransjer\\\/metall\\\/kundehistorie-kanthal\\\/#breadcrumb\",\"itemListElement\":[{\"@type\":\"ListItem\",\"position\":1,\"name\":\"Home\",\"item\":\"https:\\\/\\\/www.novotek.com\\\/no\\\/\"},{\"@type\":\"ListItem\",\"position\":2,\"name\":\"Bransjer\",\"item\":\"https:\\\/\\\/www.novotek.com\\\/no\\\/bransjer\\\/\"},{\"@type\":\"ListItem\",\"position\":3,\"name\":\"Metall\",\"item\":\"https:\\\/\\\/www.novotek.com\\\/no\\\/bransjer\\\/metall\\\/\"},{\"@type\":\"ListItem\",\"position\":4,\"name\":\"Kanthal\"}]},{\"@type\":\"WebSite\",\"@id\":\"https:\\\/\\\/www.novotek.com\\\/no\\\/#website\",\"url\":\"https:\\\/\\\/www.novotek.com\\\/no\\\/\",\"name\":\"Novotek Norge\",\"description\":\"Automasjon, digitalisering og Analytics\",\"publisher\":{\"@id\":\"https:\\\/\\\/www.novotek.com\\\/no\\\/#organization\"},\"potentialAction\":[{\"@type\":\"SearchAction\",\"target\":{\"@type\":\"EntryPoint\",\"urlTemplate\":\"https:\\\/\\\/www.novotek.com\\\/no\\\/?s={search_term_string}\"},\"query-input\":{\"@type\":\"PropertyValueSpecification\",\"valueRequired\":true,\"valueName\":\"search_term_string\"}}],\"inLanguage\":\"nb-NO\"},{\"@type\":\"Organization\",\"@id\":\"https:\\\/\\\/www.novotek.com\\\/no\\\/#organization\",\"name\":\"Novotek AS\",\"url\":\"https:\\\/\\\/www.novotek.com\\\/no\\\/\",\"logo\":{\"@type\":\"ImageObject\",\"inLanguage\":\"nb-NO\",\"@id\":\"https:\\\/\\\/www.novotek.com\\\/no\\\/#\\\/schema\\\/logo\\\/image\\\/\",\"url\":\"https:\\\/\\\/www.novotek.com\\\/no\\\/wp-content\\\/uploads\\\/sites\\\/5\\\/Forside\\\/Novotek_logo.png\",\"contentUrl\":\"https:\\\/\\\/www.novotek.com\\\/no\\\/wp-content\\\/uploads\\\/sites\\\/5\\\/Forside\\\/Novotek_logo.png\",\"width\":1200,\"height\":348,\"caption\":\"Novotek AS\"},\"image\":{\"@id\":\"https:\\\/\\\/www.novotek.com\\\/no\\\/#\\\/schema\\\/logo\\\/image\\\/\"},\"sameAs\":[\"https:\\\/\\\/www.linkedin.com\\\/company\\\/novotek-as\"]}]}<\/script>\n<!-- \/ Yoast SEO plugin. -->","yoast_head_json":{"title":"Kanthal - Novotek Norge","description":"Kanthal AB har overv\u00e5ket st\u00e5lproduksjonen med HMI\/SCADA-l\u00f8sningen Proficy iFIX i mer enn 25 \u00e5r. N\u00e5 benytter de systemet sammen med Proficy Historian.","robots":{"index":"index","follow":"follow","max-snippet":"max-snippet:-1","max-image-preview":"max-image-preview:large","max-video-preview":"max-video-preview:-1"},"canonical":"https:\/\/www.novotek.com\/no\/bransjer\/metall\/kundehistorie-kanthal\/","og_locale":"nb_NO","og_type":"article","og_title":"Kanthal - Novotek Norge","og_description":"Kanthal AB har overv\u00e5ket st\u00e5lproduksjonen med HMI\/SCADA-l\u00f8sningen Proficy iFIX i mer enn 25 \u00e5r. N\u00e5 benytter de systemet sammen med Proficy Historian.","og_url":"https:\/\/www.novotek.com\/no\/bransjer\/metall\/kundehistorie-kanthal\/","og_site_name":"Novotek Norge","article_modified_time":"2023-09-19T12:20:41+00:00","og_image":[{"url":"https:\/\/www.novotek.com\/no\/wp-content\/uploads\/sites\/5\/Bransjer\/Novotek_CheckBox.png","type":"","width":"","height":""}],"twitter_card":"summary_large_image","twitter_misc":{"Ansl. lesetid":"4 minutter"},"schema":{"@context":"https:\/\/schema.org","@graph":[{"@type":"WebPage","@id":"https:\/\/www.novotek.com\/no\/bransjer\/metall\/kundehistorie-kanthal\/","url":"https:\/\/www.novotek.com\/no\/bransjer\/metall\/kundehistorie-kanthal\/","name":"Kanthal - Novotek Norge","isPartOf":{"@id":"https:\/\/www.novotek.com\/no\/#website"},"primaryImageOfPage":{"@id":"https:\/\/www.novotek.com\/no\/bransjer\/metall\/kundehistorie-kanthal\/#primaryimage"},"image":{"@id":"https:\/\/www.novotek.com\/no\/bransjer\/metall\/kundehistorie-kanthal\/#primaryimage"},"thumbnailUrl":"https:\/\/www.novotek.com\/no\/wp-content\/uploads\/sites\/5\/Bransjer\/Novotek_CheckBox.png","datePublished":"2021-11-22T13:58:27+00:00","dateModified":"2023-09-19T12:20:41+00:00","description":"Kanthal AB har overv\u00e5ket st\u00e5lproduksjonen med HMI\/SCADA-l\u00f8sningen Proficy iFIX i mer enn 25 \u00e5r. N\u00e5 benytter de systemet sammen med Proficy Historian.","breadcrumb":{"@id":"https:\/\/www.novotek.com\/no\/bransjer\/metall\/kundehistorie-kanthal\/#breadcrumb"},"inLanguage":"nb-NO","potentialAction":[{"@type":"ReadAction","target":["https:\/\/www.novotek.com\/no\/bransjer\/metall\/kundehistorie-kanthal\/"]}]},{"@type":"ImageObject","inLanguage":"nb-NO","@id":"https:\/\/www.novotek.com\/no\/bransjer\/metall\/kundehistorie-kanthal\/#primaryimage","url":"https:\/\/www.novotek.com\/no\/wp-content\/uploads\/sites\/5\/Bransjer\/Novotek_CheckBox.png","contentUrl":"https:\/\/www.novotek.com\/no\/wp-content\/uploads\/sites\/5\/Bransjer\/Novotek_CheckBox.png","width":500,"height":500,"caption":"Novotek piktogram: Check."},{"@type":"BreadcrumbList","@id":"https:\/\/www.novotek.com\/no\/bransjer\/metall\/kundehistorie-kanthal\/#breadcrumb","itemListElement":[{"@type":"ListItem","position":1,"name":"Home","item":"https:\/\/www.novotek.com\/no\/"},{"@type":"ListItem","position":2,"name":"Bransjer","item":"https:\/\/www.novotek.com\/no\/bransjer\/"},{"@type":"ListItem","position":3,"name":"Metall","item":"https:\/\/www.novotek.com\/no\/bransjer\/metall\/"},{"@type":"ListItem","position":4,"name":"Kanthal"}]},{"@type":"WebSite","@id":"https:\/\/www.novotek.com\/no\/#website","url":"https:\/\/www.novotek.com\/no\/","name":"Novotek Norge","description":"Automasjon, digitalisering og Analytics","publisher":{"@id":"https:\/\/www.novotek.com\/no\/#organization"},"potentialAction":[{"@type":"SearchAction","target":{"@type":"EntryPoint","urlTemplate":"https:\/\/www.novotek.com\/no\/?s={search_term_string}"},"query-input":{"@type":"PropertyValueSpecification","valueRequired":true,"valueName":"search_term_string"}}],"inLanguage":"nb-NO"},{"@type":"Organization","@id":"https:\/\/www.novotek.com\/no\/#organization","name":"Novotek AS","url":"https:\/\/www.novotek.com\/no\/","logo":{"@type":"ImageObject","inLanguage":"nb-NO","@id":"https:\/\/www.novotek.com\/no\/#\/schema\/logo\/image\/","url":"https:\/\/www.novotek.com\/no\/wp-content\/uploads\/sites\/5\/Forside\/Novotek_logo.png","contentUrl":"https:\/\/www.novotek.com\/no\/wp-content\/uploads\/sites\/5\/Forside\/Novotek_logo.png","width":1200,"height":348,"caption":"Novotek AS"},"image":{"@id":"https:\/\/www.novotek.com\/no\/#\/schema\/logo\/image\/"},"sameAs":["https:\/\/www.linkedin.com\/company\/novotek-as"]}]}},"_links":{"self":[{"href":"https:\/\/www.novotek.com\/no\/wp-json\/wp\/v2\/pages\/5473","targetHints":{"allow":["GET"]}}],"collection":[{"href":"https:\/\/www.novotek.com\/no\/wp-json\/wp\/v2\/pages"}],"about":[{"href":"https:\/\/www.novotek.com\/no\/wp-json\/wp\/v2\/types\/page"}],"author":[{"embeddable":true,"href":"https:\/\/www.novotek.com\/no\/wp-json\/wp\/v2\/users\/7"}],"replies":[{"embeddable":true,"href":"https:\/\/www.novotek.com\/no\/wp-json\/wp\/v2\/comments?post=5473"}],"version-history":[{"count":52,"href":"https:\/\/www.novotek.com\/no\/wp-json\/wp\/v2\/pages\/5473\/revisions"}],"predecessor-version":[{"id":11835,"href":"https:\/\/www.novotek.com\/no\/wp-json\/wp\/v2\/pages\/5473\/revisions\/11835"}],"up":[{"embeddable":true,"href":"https:\/\/www.novotek.com\/no\/wp-json\/wp\/v2\/pages\/1001"}],"wp:attachment":[{"href":"https:\/\/www.novotek.com\/no\/wp-json\/wp\/v2\/media?parent=5473"}],"curies":[{"name":"wp","href":"https:\/\/api.w.org\/{rel}","templated":true}]}}