{"id":5549,"date":"2021-11-26T09:06:56","date_gmt":"2021-11-26T09:06:56","guid":{"rendered":"https:\/\/www.novotek.com\/no\/?page_id=5549"},"modified":"2025-09-01T08:02:35","modified_gmt":"2025-09-01T08:02:35","slug":"kundehistorie-otv-plast-a-s","status":"publish","type":"page","link":"https:\/\/www.novotek.com\/no\/bransjer\/produksjon\/kundehistorie-otv-plast-a-s\/","title":{"rendered":"Kundehistorie OTV Plast A\/S"},"content":{"rendered":"  <div class=\"hero\">\n    <div class=\"carousel hero-slider small\" data-flickity data-flickity-options='{\"prevNextButtons\": false}'>\n              <div class=\"carousel-cell\">\n          <div class=\"container\">\n            <div class=\"hero-content\">\n                              <h5>Referanse<\/h5>\n<h1>OTV Plast A\/S<\/h1>\n<p>Med Proficy Scheduler \/ ROB-EX fikk OTV Plast A\/S bedre oversikt over produksjonen, og kunne gi mer p\u00e5litelige leveringsdatoer.<\/p>\n              \n                          <\/div>\n          <\/div>\n\n          <img decoding=\"async\" width=\"1024\" height=\"427\" src=\"https:\/\/www.novotek.com\/no\/wp-content\/uploads\/sites\/5\/Bransjer\/Stykkproduksjon\/OTV_Plast\/Plastror_1920x800-1024x427.jpg\" class=\"hero-bg\" alt=\"Hero Img\" fetchpriority=\"high\" srcset=\"https:\/\/www.novotek.com\/no\/wp-content\/uploads\/sites\/5\/Bransjer\/Stykkproduksjon\/OTV_Plast\/Plastror_1920x800-1024x427.jpg 1024w, https:\/\/www.novotek.com\/no\/wp-content\/uploads\/sites\/5\/Bransjer\/Stykkproduksjon\/OTV_Plast\/Plastror_1920x800-300x125.jpg 300w, https:\/\/www.novotek.com\/no\/wp-content\/uploads\/sites\/5\/Bransjer\/Stykkproduksjon\/OTV_Plast\/Plastror_1920x800-768x320.jpg 768w, https:\/\/www.novotek.com\/no\/wp-content\/uploads\/sites\/5\/Bransjer\/Stykkproduksjon\/OTV_Plast\/Plastror_1920x800-1536x640.jpg 1536w, https:\/\/www.novotek.com\/no\/wp-content\/uploads\/sites\/5\/Bransjer\/Stykkproduksjon\/OTV_Plast\/Plastror_1920x800.jpg 1920w\" sizes=\"(max-width: 1024px) 100vw, 1024px\" \/>                  <\/div>\n          <\/div>\n\n      <\/div>\n\n   <div class=\"floating-breadcrumb\"><div class=\"container\"><span><span><a href=\"https:\/\/www.novotek.com\/no\/\" class=\"breadcrumb-frontpage\">Home<\/a><\/span><\/span><\/div><\/div>\n\n\n<div class=\"quotes-parent\">\n  <div class=\"container\">\n    <div class=\"carousel quotes-carousel\">\n              <div class=\"quote-cell carousel-cell\">\n          <div class=\"container-quote\">\n            <strong>&laquo;Med Proficy Scheduler \/ ROB-EX kan vi gi p\u00e5litelige leveringsdatoer til kundene v\u00e5re.&raquo;<\/strong>\n            <span>Henrik Jylov, administrerende direkt\u00f8r, OTV Plast A\/S.<\/span>\n          <\/div>\n        <\/div>\n          <\/div>\n  <\/div>\n<\/div>\n\n\n<div class=\"container-md columns  \">\n<div class=\"wp-block-columns is-layout-flex wp-container-core-columns-is-layout-9d6595d7 wp-block-columns-is-layout-flex\"><div class=\"container-md column  \">\n<div class=\"wp-block-column is-layout-flow wp-block-column-is-layout-flow\"><div class=\"container-md heading  \">\n<h4 class=\"wp-block-heading\" id=\"h-losning\">L\u00f8sning<\/h4>\n<\/div>\n\n<div class=\"container-md list  \">\n<ul id=\"block-d063825a-443c-4258-82cf-b4957aba7416\" class=\"wp-block-list\"><div class=\"container-md list-item  \">\n<li>Bedre oversikt over produksjonen<\/li>\n<\/div><\/ul>\n<\/div>\n\n<div class=\"container-md spacer  \">\n<div style=\"height:15px\" aria-hidden=\"true\" class=\"wp-block-spacer\"><\/div>\n<\/div>\n\n<div class=\"container-md heading  \">\n<h4 class=\"wp-block-heading\" id=\"h-produkter\">Produkter<\/h4>\n<\/div>\n\n<div class=\"container-md list  \">\n<ul class=\"wp-block-list\"><div class=\"container-md list-item  \">\n<li><a href=\"https:\/\/www.novotek.com\/no\/digitalisering\/produksjonsplanlegging\/proficy-scheduler-rob-ex\/\">Proficy Scheduler \/ ROB-EX<\/a><\/li>\n<\/div><\/ul>\n<\/div>\n\n<div class=\"container-md spacer  \">\n<div style=\"height:15px\" aria-hidden=\"true\" class=\"wp-block-spacer\"><\/div>\n<\/div>\n\n<div class=\"container-md heading  \">\n<h4 class=\"wp-block-heading\" id=\"h-fordeler\">Fordeler<\/h4>\n<\/div>\n\n<div class=\"container-md list  \">\n<ul class=\"wp-block-list\"><div class=\"container-md list-item  \">\n<li>\u00d8kt produktivitet<\/li>\n<\/div>\n\n<div class=\"container-md list-item  \">\n<li>Mer eksakte leveringstider<\/li>\n<\/div><\/ul>\n<\/div><\/div>\n<\/div>\n\n<div class=\"container-md column  \">\n<div class=\"wp-block-column is-layout-flow wp-block-column-is-layout-flow\"><div class=\"wp-block-image\"><div class=\"container-md image  alignright\">\n<figure class=\"alignright size-large is-resized\"><img loading=\"lazy\" decoding=\"async\" width=\"500\" height=\"500\" src=\"https:\/\/www.novotek.com\/no\/wp-content\/uploads\/sites\/5\/Bransjer\/Novotek_CheckBox.png\" alt=\"Novotek piktogram: Check.\" class=\"wp-image-1835\" style=\"width:190px;height:190px\" srcset=\"https:\/\/www.novotek.com\/no\/wp-content\/uploads\/sites\/5\/Bransjer\/Novotek_CheckBox.png 500w, https:\/\/www.novotek.com\/no\/wp-content\/uploads\/sites\/5\/Bransjer\/Novotek_CheckBox-300x300.png 300w, https:\/\/www.novotek.com\/no\/wp-content\/uploads\/sites\/5\/Bransjer\/Novotek_CheckBox-150x150.png 150w\" sizes=\"auto, (max-width: 500px) 100vw, 500px\" \/><\/figure>\n<\/div><\/div><\/div>\n<\/div><\/div>\n<\/div>\n\n<div class=\"container-md spacer  \">\n<div style=\"height:30px\" aria-hidden=\"true\" class=\"wp-block-spacer\"><\/div>\n<\/div>\n\n<div class=\"container-md paragraph  \">\n<p>Som underleverand\u00f8r var det avgj\u00f8rende for OTV Plast \u00e5 kunne gi kundene sine mer p\u00e5litelige leveringstider. Proficy Scheduler \/ ROB-EX fra Novotek l\u00f8ste utfordringen.\u00a0\u00a0<\/p>\n<\/div>\n\n<div class=\"container-md spacer  \">\n<div style=\"height:50px\" aria-hidden=\"true\" class=\"wp-block-spacer\"><\/div>\n<\/div>\n\n  <div class=\"hero\">\n    <div class=\"carousel hero-slider small\" data-flickity data-flickity-options='{\"prevNextButtons\": false}'>\n              <div class=\"carousel-cell\">\n          <div class=\"container\">\n            <div class=\"hero-content\">\n                              <h2>OTV Plast A\/S<\/h2>\n<p>OTV Plast A\/S ble grunnlagt som Orla Toft V\u00e6rkt\u00f8jsfabrik i 1969, og har v\u00e6rt leverand\u00f8r av teknisk plast i mer enn 40 \u00e5r. I 2003 ble OTV Plast en del av Primo, f\u00f8r de i 2010 igjen ble et selvstendig firma under Gunea-konsernet. OTV Plast er en av Danmarks st\u00f8rste leverand\u00f8rer av teknisk plast, med stor kundebase i Skandinavia. De leverer produkter tilpasset ulike bransjer, kundetilpassede spesiall\u00f8sninger og har i tillegg et stort standard produktsortiment.<\/p>\n              \n                          <\/div>\n          <\/div>\n\n          <img decoding=\"async\" width=\"1024\" height=\"427\" src=\"https:\/\/www.novotek.com\/no\/wp-content\/uploads\/sites\/5\/Bransjer\/Stykkproduksjon\/OTV_Plast\/Fresing-1024x427.jpg\" class=\"hero-bg\" alt=\"Hero Img\" fetchpriority=\"high\" srcset=\"https:\/\/www.novotek.com\/no\/wp-content\/uploads\/sites\/5\/Bransjer\/Stykkproduksjon\/OTV_Plast\/Fresing-1024x427.jpg 1024w, https:\/\/www.novotek.com\/no\/wp-content\/uploads\/sites\/5\/Bransjer\/Stykkproduksjon\/OTV_Plast\/Fresing-300x125.jpg 300w, https:\/\/www.novotek.com\/no\/wp-content\/uploads\/sites\/5\/Bransjer\/Stykkproduksjon\/OTV_Plast\/Fresing-768x320.jpg 768w, https:\/\/www.novotek.com\/no\/wp-content\/uploads\/sites\/5\/Bransjer\/Stykkproduksjon\/OTV_Plast\/Fresing-1536x640.jpg 1536w, https:\/\/www.novotek.com\/no\/wp-content\/uploads\/sites\/5\/Bransjer\/Stykkproduksjon\/OTV_Plast\/Fresing.jpg 1920w\" sizes=\"(max-width: 1024px) 100vw, 1024px\" \/>                  <\/div>\n          <\/div>\n\n      <\/div>\n\n   \n\n\n<div class=\"container-md paragraph  \">\n<p>OTV Plast sin maskinpark best\u00e5r av avanserte prosesseringsentre, inkludert 14 fresestasjoner, store planfreser og et titalls andre bearbeidingsstasjoner med tilh\u00f8rende kontrollutstyr. Bearbeidingen inneb\u00e6rer blant annet b\u00f8ying, liming og sveising av PVC-plast og akryl. OTV Plast er spesialister p\u00e5 b\u00e5de serieproduksjon og prototyper, og har et standardsortiment best\u00e5ende av blant annet plater, lister og r\u00f8r for rask levering. I tillegg produserer de spesialprodukter til kunder basert p\u00e5 maler, skisser og tegninger.<\/p>\n<\/div>\n\n<div class=\"container-md spacer  \">\n<div style=\"height:10px\" aria-hidden=\"true\" class=\"wp-block-spacer\"><\/div>\n<\/div>\n\n<div class=\"container media-text  align\">\n<div class=\"wp-block-media-text is-stacked-on-mobile\"><figure class=\"wp-block-media-text__media\"><img loading=\"lazy\" decoding=\"async\" width=\"846\" height=\"1024\" src=\"https:\/\/www.novotek.com\/no\/wp-content\/uploads\/sites\/5\/Bransjer\/Stykkproduksjon\/OTV_Plast\/Plastror_3-846x1024.jpg\" alt=\"OTV Plast leverer blant annet plastr\u00f8r.\" class=\"wp-image-5561 size-full\" srcset=\"https:\/\/www.novotek.com\/no\/wp-content\/uploads\/sites\/5\/Bransjer\/Stykkproduksjon\/OTV_Plast\/Plastror_3-846x1024.jpg 846w, https:\/\/www.novotek.com\/no\/wp-content\/uploads\/sites\/5\/Bransjer\/Stykkproduksjon\/OTV_Plast\/Plastror_3-248x300.jpg 248w, https:\/\/www.novotek.com\/no\/wp-content\/uploads\/sites\/5\/Bransjer\/Stykkproduksjon\/OTV_Plast\/Plastror_3-768x929.jpg 768w, https:\/\/www.novotek.com\/no\/wp-content\/uploads\/sites\/5\/Bransjer\/Stykkproduksjon\/OTV_Plast\/Plastror_3-1269x1536.jpg 1269w, https:\/\/www.novotek.com\/no\/wp-content\/uploads\/sites\/5\/Bransjer\/Stykkproduksjon\/OTV_Plast\/Plastror_3.jpg 1500w\" sizes=\"auto, (max-width: 846px) 100vw, 846px\" \/><\/figure><div class=\"wp-block-media-text__content\"><div class=\"container-md heading  \">\n<h2 class=\"wp-block-heading\" id=\"h-en-dobling-av-ordre\">En dobling av ordre<\/h2>\n<\/div>\n\n<div class=\"container-md paragraph  \">\n<p>I l\u00f8pet av kun tre \u00e5r doblet OTV Plast ordremengden, uten \u00e5 m\u00e5tte ansette mer personell.&nbsp;<\/p>\n<\/div>\n\n<div class=\"container-md paragraph  \">\n<p>\u2013\u00a0Noe av \u00e6ren for dette vil jeg gi Proficy Scheduler \/ ROB-EX. Hvis vi ikke hadde dette verkt\u00f8yet for \u00e5 overv\u00e5ke produksjonen hadde det v\u00e6rt vanskelig \u00e5 holde oversikt over de aktive ordrene, sier Henrik Jylov, administrerende direkt\u00f8r for OTV Plast A\/S.\u00a0<\/p>\n<\/div>\n\n<div class=\"container-md paragraph  \">\n<p>Tidligere ble alle bestillingene lagt inn i ordresystemet, og det var vanskelig \u00e5 f\u00e5 oversikt over den totale belastningen og utnyttelsen av produksjonskapasiteten. Produksjonssjefen var ofte den eneste som kunne svare p\u00e5 n\u00e5r en ordre skulle leveres.&nbsp;<\/p>\n<\/div>\n\n<div class=\"container-md paragraph  \">\n<p>\u2013&nbsp;Fordi vi manglet oversikt, hendte det at vi overskred leveringsdatoen. I tillegg fikk produksjonssjefen mye ekstraarbeid, forteller Henrik.&nbsp;<\/p>\n<\/div>\n\n<div class=\"container-md paragraph  \">\n<p>Med Proficy Scheduler \/ ROB-EX fikk OTV Plast oversikten de trengte. Alle fikk tilgang til produksjonsplanen, og har mulighet til \u00e5 kontrollere ordrestatus og se n\u00e5r det er plass til en ny bestilling.\u00a0<\/p>\n<\/div><\/div><\/div>\n<\/div>\n\n<div class=\"container-md heading  \">\n<h2 class=\"wp-block-heading\" id=\"h-fornoyde-kunder\">Forn\u00f8yde kunder<\/h2>\n<\/div>\n\n<div class=\"container-md paragraph  \">\n<p>Med Proficy Scheduler \/ ROB-EX kan OTV Plast gi mer p\u00e5litelige leveringstider til kundene sine. Ved hendelser som materialbrist, problemer med maskiner, sykdom eller annet som p\u00e5virker produksjonen, meldes leveringsforsinkelser i fra om umiddelbart.\u00a0\u00a0<\/p>\n<\/div>\n\n<div class=\"container-md paragraph  \">\n<p>\u2013&nbsp;Som underleverand\u00f8r er det avgj\u00f8rende at vi kan gi korrekt og eksakt informasjon om leveransesituasjonen, slik at v\u00e5re kunder kan ta hensyn til forsinkelsen i sin produksjon, forklarer Henrik.<\/p>\n<\/div>\n\n<div class=\"container-md paragraph  \">\n<p>I tillegg til mer p\u00e5litelige leveringstider, og bedre innsikt for \u00e5 svare kunder p\u00e5 sp\u00f8rsm\u00e5l om ordrestatus, har OTV Plast siden implementeringen av ROB-EX ogs\u00e5 opplevd \u00f8kt produktivitet og kortere leveringstider. Dette har blitt lagt merke til i bransjen.<\/p>\n<\/div>\n\n<div class=\"container-md paragraph  \">\n<p>\u2013&nbsp;En av v\u00e5re viktigste fokusomr\u00e5der er kort og p\u00e5litelig leveringstid. Dette er viktig for kundene v\u00e5re, og derfor er det viktig for oss, avslutter Henrik.&nbsp;<\/p>\n<\/div>\n\n<div class=\"container-md spacer  \">\n<div style=\"height:75px\" aria-hidden=\"true\" class=\"wp-block-spacer\"><\/div>\n<\/div>\n\n<div class=\"cta-block\">\n  <div class=\"container\">\n          <h2>Proficy Scheduler \/ ROB-EX<\/h2>\n    \n          <div><p>Et verkt\u00f8y spesialisert for produksjonsplanlegging.<\/p>\n<\/div>\n    \n          <a class=\"btn btn-primary\" href=\"https:\/\/www.novotek.com\/no\/digitalisering\/produksjonsplanlegging\/proficy-scheduler-rob-ex\/\">Les mer<\/a>\n      <\/div>\n<\/div>\n","protected":false},"excerpt":{"rendered":"<p>L\u00f8sning Produkter Fordeler Som underleverand\u00f8r var det avgj\u00f8rende for OTV Plast \u00e5 kunne gi kundene sine mer p\u00e5litelige leveringstider. Proficy Scheduler \/ ROB-EX fra Novotek l\u00f8ste utfordringen.\u00a0\u00a0 OTV Plast sin maskinpark best\u00e5r av avanserte prosesseringsentre, inkludert 14 fresestasjoner, store planfreser og et titalls andre bearbeidingsstasjoner med tilh\u00f8rende kontrollutstyr. Bearbeidingen inneb\u00e6rer blant annet b\u00f8ying, liming og [&hellip;]<\/p>\n","protected":false},"author":7,"featured_media":0,"parent":1003,"menu_order":0,"comment_status":"closed","ping_status":"closed","template":"","meta":{"_acf_changed":false,"_relevanssi_hide_post":"","_relevanssi_pin_for_all":"","_relevanssi_pin_keywords":"","_relevanssi_unpin_keywords":"","_relevanssi_related_keywords":"","_relevanssi_related_include_ids":"","_relevanssi_related_exclude_ids":"","_relevanssi_related_no_append":"","_relevanssi_related_not_related":"","_relevanssi_related_posts":"1","_relevanssi_noindex_reason":"","footnotes":""},"class_list":["post-5549","page","type-page","status-publish","hentry"],"acf":[],"yoast_head":"<!-- This site is optimized with the Yoast SEO plugin v27.4 - https:\/\/yoast.com\/product\/yoast-seo-wordpress\/ -->\n<title>Kundehistorie OTV Plast A\/S - Novotek Norge<\/title>\n<meta name=\"description\" content=\"OTV Plast A\/S er leverand\u00f8r av teknisk plast. Med Proficy Scheduler \/ ROB-EX oppn\u00e5dde de \u00f8kt produktivitet og mer eksakte leveringstider.\" \/>\n<meta name=\"robots\" content=\"index, follow, max-snippet:-1, max-image-preview:large, max-video-preview:-1\" \/>\n<link rel=\"canonical\" href=\"https:\/\/www.novotek.com\/no\/bransjer\/produksjon\/kundehistorie-otv-plast-a-s\/\" \/>\n<meta property=\"og:locale\" content=\"nb_NO\" \/>\n<meta property=\"og:type\" content=\"article\" \/>\n<meta property=\"og:title\" content=\"Kundehistorie OTV Plast A\/S - Novotek Norge\" \/>\n<meta property=\"og:description\" content=\"OTV Plast A\/S er leverand\u00f8r av teknisk plast. Med Proficy Scheduler \/ ROB-EX oppn\u00e5dde de \u00f8kt produktivitet og mer eksakte leveringstider.\" \/>\n<meta property=\"og:url\" content=\"https:\/\/www.novotek.com\/no\/bransjer\/produksjon\/kundehistorie-otv-plast-a-s\/\" \/>\n<meta property=\"og:site_name\" content=\"Novotek Norge\" \/>\n<meta property=\"article:modified_time\" content=\"2025-09-01T08:02:35+00:00\" \/>\n<meta property=\"og:image\" content=\"https:\/\/www.novotek.com\/no\/wp-content\/uploads\/sites\/5\/Bransjer\/Novotek_CheckBox.png\" \/>\n<meta name=\"twitter:card\" content=\"summary_large_image\" \/>\n<meta name=\"twitter:label1\" content=\"Ansl. lesetid\" \/>\n\t<meta name=\"twitter:data1\" content=\"3 minutter\" \/>\n<script type=\"application\/ld+json\" class=\"yoast-schema-graph\">{\"@context\":\"https:\\\/\\\/schema.org\",\"@graph\":[{\"@type\":\"WebPage\",\"@id\":\"https:\\\/\\\/www.novotek.com\\\/no\\\/bransjer\\\/produksjon\\\/kundehistorie-otv-plast-a-s\\\/\",\"url\":\"https:\\\/\\\/www.novotek.com\\\/no\\\/bransjer\\\/produksjon\\\/kundehistorie-otv-plast-a-s\\\/\",\"name\":\"Kundehistorie OTV Plast A\\\/S - Novotek Norge\",\"isPartOf\":{\"@id\":\"https:\\\/\\\/www.novotek.com\\\/no\\\/#website\"},\"primaryImageOfPage\":{\"@id\":\"https:\\\/\\\/www.novotek.com\\\/no\\\/bransjer\\\/produksjon\\\/kundehistorie-otv-plast-a-s\\\/#primaryimage\"},\"image\":{\"@id\":\"https:\\\/\\\/www.novotek.com\\\/no\\\/bransjer\\\/produksjon\\\/kundehistorie-otv-plast-a-s\\\/#primaryimage\"},\"thumbnailUrl\":\"https:\\\/\\\/www.novotek.com\\\/no\\\/wp-content\\\/uploads\\\/sites\\\/5\\\/Bransjer\\\/Novotek_CheckBox.png\",\"datePublished\":\"2021-11-26T09:06:56+00:00\",\"dateModified\":\"2025-09-01T08:02:35+00:00\",\"description\":\"OTV Plast A\\\/S er leverand\u00f8r av teknisk plast. Med Proficy Scheduler \\\/ ROB-EX oppn\u00e5dde de \u00f8kt produktivitet og mer eksakte leveringstider.\",\"breadcrumb\":{\"@id\":\"https:\\\/\\\/www.novotek.com\\\/no\\\/bransjer\\\/produksjon\\\/kundehistorie-otv-plast-a-s\\\/#breadcrumb\"},\"inLanguage\":\"nb-NO\",\"potentialAction\":[{\"@type\":\"ReadAction\",\"target\":[\"https:\\\/\\\/www.novotek.com\\\/no\\\/bransjer\\\/produksjon\\\/kundehistorie-otv-plast-a-s\\\/\"]}]},{\"@type\":\"ImageObject\",\"inLanguage\":\"nb-NO\",\"@id\":\"https:\\\/\\\/www.novotek.com\\\/no\\\/bransjer\\\/produksjon\\\/kundehistorie-otv-plast-a-s\\\/#primaryimage\",\"url\":\"https:\\\/\\\/www.novotek.com\\\/no\\\/wp-content\\\/uploads\\\/sites\\\/5\\\/Bransjer\\\/Novotek_CheckBox.png\",\"contentUrl\":\"https:\\\/\\\/www.novotek.com\\\/no\\\/wp-content\\\/uploads\\\/sites\\\/5\\\/Bransjer\\\/Novotek_CheckBox.png\",\"width\":500,\"height\":500,\"caption\":\"Novotek piktogram: Check.\"},{\"@type\":\"BreadcrumbList\",\"@id\":\"https:\\\/\\\/www.novotek.com\\\/no\\\/bransjer\\\/produksjon\\\/kundehistorie-otv-plast-a-s\\\/#breadcrumb\",\"itemListElement\":[{\"@type\":\"ListItem\",\"position\":1,\"name\":\"Home\",\"item\":\"https:\\\/\\\/www.novotek.com\\\/no\\\/\"},{\"@type\":\"ListItem\",\"position\":2,\"name\":\"Bransjer\",\"item\":\"https:\\\/\\\/www.novotek.com\\\/no\\\/bransjer\\\/\"},{\"@type\":\"ListItem\",\"position\":3,\"name\":\"Produksjon\",\"item\":\"https:\\\/\\\/www.novotek.com\\\/no\\\/bransjer\\\/produksjon\\\/\"},{\"@type\":\"ListItem\",\"position\":4,\"name\":\"Kundehistorie OTV Plast A\\\/S\"}]},{\"@type\":\"WebSite\",\"@id\":\"https:\\\/\\\/www.novotek.com\\\/no\\\/#website\",\"url\":\"https:\\\/\\\/www.novotek.com\\\/no\\\/\",\"name\":\"Novotek Norge\",\"description\":\"Automasjon, digitalisering og Analytics\",\"publisher\":{\"@id\":\"https:\\\/\\\/www.novotek.com\\\/no\\\/#organization\"},\"potentialAction\":[{\"@type\":\"SearchAction\",\"target\":{\"@type\":\"EntryPoint\",\"urlTemplate\":\"https:\\\/\\\/www.novotek.com\\\/no\\\/?s={search_term_string}\"},\"query-input\":{\"@type\":\"PropertyValueSpecification\",\"valueRequired\":true,\"valueName\":\"search_term_string\"}}],\"inLanguage\":\"nb-NO\"},{\"@type\":\"Organization\",\"@id\":\"https:\\\/\\\/www.novotek.com\\\/no\\\/#organization\",\"name\":\"Novotek AS\",\"url\":\"https:\\\/\\\/www.novotek.com\\\/no\\\/\",\"logo\":{\"@type\":\"ImageObject\",\"inLanguage\":\"nb-NO\",\"@id\":\"https:\\\/\\\/www.novotek.com\\\/no\\\/#\\\/schema\\\/logo\\\/image\\\/\",\"url\":\"https:\\\/\\\/www.novotek.com\\\/no\\\/wp-content\\\/uploads\\\/sites\\\/5\\\/Forside\\\/Novotek_logo.png\",\"contentUrl\":\"https:\\\/\\\/www.novotek.com\\\/no\\\/wp-content\\\/uploads\\\/sites\\\/5\\\/Forside\\\/Novotek_logo.png\",\"width\":1200,\"height\":348,\"caption\":\"Novotek AS\"},\"image\":{\"@id\":\"https:\\\/\\\/www.novotek.com\\\/no\\\/#\\\/schema\\\/logo\\\/image\\\/\"},\"sameAs\":[\"https:\\\/\\\/www.linkedin.com\\\/company\\\/novotek-as\"]}]}<\/script>\n<!-- \/ Yoast SEO plugin. -->","yoast_head_json":{"title":"Kundehistorie OTV Plast A\/S - Novotek Norge","description":"OTV Plast A\/S er leverand\u00f8r av teknisk plast. Med Proficy Scheduler \/ ROB-EX oppn\u00e5dde de \u00f8kt produktivitet og mer eksakte leveringstider.","robots":{"index":"index","follow":"follow","max-snippet":"max-snippet:-1","max-image-preview":"max-image-preview:large","max-video-preview":"max-video-preview:-1"},"canonical":"https:\/\/www.novotek.com\/no\/bransjer\/produksjon\/kundehistorie-otv-plast-a-s\/","og_locale":"nb_NO","og_type":"article","og_title":"Kundehistorie OTV Plast A\/S - Novotek Norge","og_description":"OTV Plast A\/S er leverand\u00f8r av teknisk plast. Med Proficy Scheduler \/ ROB-EX oppn\u00e5dde de \u00f8kt produktivitet og mer eksakte leveringstider.","og_url":"https:\/\/www.novotek.com\/no\/bransjer\/produksjon\/kundehistorie-otv-plast-a-s\/","og_site_name":"Novotek Norge","article_modified_time":"2025-09-01T08:02:35+00:00","og_image":[{"url":"https:\/\/www.novotek.com\/no\/wp-content\/uploads\/sites\/5\/Bransjer\/Novotek_CheckBox.png","type":"","width":"","height":""}],"twitter_card":"summary_large_image","twitter_misc":{"Ansl. lesetid":"3 minutter"},"schema":{"@context":"https:\/\/schema.org","@graph":[{"@type":"WebPage","@id":"https:\/\/www.novotek.com\/no\/bransjer\/produksjon\/kundehistorie-otv-plast-a-s\/","url":"https:\/\/www.novotek.com\/no\/bransjer\/produksjon\/kundehistorie-otv-plast-a-s\/","name":"Kundehistorie OTV Plast A\/S - Novotek Norge","isPartOf":{"@id":"https:\/\/www.novotek.com\/no\/#website"},"primaryImageOfPage":{"@id":"https:\/\/www.novotek.com\/no\/bransjer\/produksjon\/kundehistorie-otv-plast-a-s\/#primaryimage"},"image":{"@id":"https:\/\/www.novotek.com\/no\/bransjer\/produksjon\/kundehistorie-otv-plast-a-s\/#primaryimage"},"thumbnailUrl":"https:\/\/www.novotek.com\/no\/wp-content\/uploads\/sites\/5\/Bransjer\/Novotek_CheckBox.png","datePublished":"2021-11-26T09:06:56+00:00","dateModified":"2025-09-01T08:02:35+00:00","description":"OTV Plast A\/S er leverand\u00f8r av teknisk plast. Med Proficy Scheduler \/ ROB-EX oppn\u00e5dde de \u00f8kt produktivitet og mer eksakte leveringstider.","breadcrumb":{"@id":"https:\/\/www.novotek.com\/no\/bransjer\/produksjon\/kundehistorie-otv-plast-a-s\/#breadcrumb"},"inLanguage":"nb-NO","potentialAction":[{"@type":"ReadAction","target":["https:\/\/www.novotek.com\/no\/bransjer\/produksjon\/kundehistorie-otv-plast-a-s\/"]}]},{"@type":"ImageObject","inLanguage":"nb-NO","@id":"https:\/\/www.novotek.com\/no\/bransjer\/produksjon\/kundehistorie-otv-plast-a-s\/#primaryimage","url":"https:\/\/www.novotek.com\/no\/wp-content\/uploads\/sites\/5\/Bransjer\/Novotek_CheckBox.png","contentUrl":"https:\/\/www.novotek.com\/no\/wp-content\/uploads\/sites\/5\/Bransjer\/Novotek_CheckBox.png","width":500,"height":500,"caption":"Novotek piktogram: Check."},{"@type":"BreadcrumbList","@id":"https:\/\/www.novotek.com\/no\/bransjer\/produksjon\/kundehistorie-otv-plast-a-s\/#breadcrumb","itemListElement":[{"@type":"ListItem","position":1,"name":"Home","item":"https:\/\/www.novotek.com\/no\/"},{"@type":"ListItem","position":2,"name":"Bransjer","item":"https:\/\/www.novotek.com\/no\/bransjer\/"},{"@type":"ListItem","position":3,"name":"Produksjon","item":"https:\/\/www.novotek.com\/no\/bransjer\/produksjon\/"},{"@type":"ListItem","position":4,"name":"Kundehistorie OTV Plast A\/S"}]},{"@type":"WebSite","@id":"https:\/\/www.novotek.com\/no\/#website","url":"https:\/\/www.novotek.com\/no\/","name":"Novotek Norge","description":"Automasjon, digitalisering og Analytics","publisher":{"@id":"https:\/\/www.novotek.com\/no\/#organization"},"potentialAction":[{"@type":"SearchAction","target":{"@type":"EntryPoint","urlTemplate":"https:\/\/www.novotek.com\/no\/?s={search_term_string}"},"query-input":{"@type":"PropertyValueSpecification","valueRequired":true,"valueName":"search_term_string"}}],"inLanguage":"nb-NO"},{"@type":"Organization","@id":"https:\/\/www.novotek.com\/no\/#organization","name":"Novotek AS","url":"https:\/\/www.novotek.com\/no\/","logo":{"@type":"ImageObject","inLanguage":"nb-NO","@id":"https:\/\/www.novotek.com\/no\/#\/schema\/logo\/image\/","url":"https:\/\/www.novotek.com\/no\/wp-content\/uploads\/sites\/5\/Forside\/Novotek_logo.png","contentUrl":"https:\/\/www.novotek.com\/no\/wp-content\/uploads\/sites\/5\/Forside\/Novotek_logo.png","width":1200,"height":348,"caption":"Novotek AS"},"image":{"@id":"https:\/\/www.novotek.com\/no\/#\/schema\/logo\/image\/"},"sameAs":["https:\/\/www.linkedin.com\/company\/novotek-as"]}]}},"_links":{"self":[{"href":"https:\/\/www.novotek.com\/no\/wp-json\/wp\/v2\/pages\/5549","targetHints":{"allow":["GET"]}}],"collection":[{"href":"https:\/\/www.novotek.com\/no\/wp-json\/wp\/v2\/pages"}],"about":[{"href":"https:\/\/www.novotek.com\/no\/wp-json\/wp\/v2\/types\/page"}],"author":[{"embeddable":true,"href":"https:\/\/www.novotek.com\/no\/wp-json\/wp\/v2\/users\/7"}],"replies":[{"embeddable":true,"href":"https:\/\/www.novotek.com\/no\/wp-json\/wp\/v2\/comments?post=5549"}],"version-history":[{"count":17,"href":"https:\/\/www.novotek.com\/no\/wp-json\/wp\/v2\/pages\/5549\/revisions"}],"predecessor-version":[{"id":16641,"href":"https:\/\/www.novotek.com\/no\/wp-json\/wp\/v2\/pages\/5549\/revisions\/16641"}],"up":[{"embeddable":true,"href":"https:\/\/www.novotek.com\/no\/wp-json\/wp\/v2\/pages\/1003"}],"wp:attachment":[{"href":"https:\/\/www.novotek.com\/no\/wp-json\/wp\/v2\/media?parent=5549"}],"curies":[{"name":"wp","href":"https:\/\/api.w.org\/{rel}","templated":true}]}}