{"id":65,"date":"2021-05-11T07:16:02","date_gmt":"2021-05-11T07:16:02","guid":{"rendered":"https:\/\/www.novotek.com\/no\/?page_id=65"},"modified":"2021-07-09T12:48:03","modified_gmt":"2021-07-09T12:48:03","slug":"vare-tjenester","status":"publish","type":"page","link":"https:\/\/www.novotek.com\/no\/vare-tjenester\/","title":{"rendered":"Tjenester"},"content":{"rendered":"  <div class=\"hero\">\n    <div class=\"carousel hero-slider small\" data-flickity data-flickity-options='{\"prevNextButtons\": false}'>\n              <div class=\"carousel-cell\">\n          <div class=\"container\">\n            <div class=\"hero-content\">\n                              <h1>V\u00e5re tjenester<\/h1>\n<p>Vi leverer service- og supportavtaler til v\u00e5re kunder og samarbeidspartnere. I tillegg tilbyr vi kurs og oppl\u00e6ring i v\u00e5re l\u00f8sninger og produkter.<\/p>\n              \n                          <\/div>\n          <\/div>\n\n          <img decoding=\"async\" width=\"1024\" height=\"427\" src=\"https:\/\/www.novotek.com\/no\/wp-content\/uploads\/sites\/5\/Forside\/Om_oss\/Novotek_tjenester_1920x800-1024x427.jpg\" class=\"hero-bg\" alt=\"Hero Img\" fetchpriority=\"high\" srcset=\"https:\/\/www.novotek.com\/no\/wp-content\/uploads\/sites\/5\/Forside\/Om_oss\/Novotek_tjenester_1920x800-1024x427.jpg 1024w, https:\/\/www.novotek.com\/no\/wp-content\/uploads\/sites\/5\/Forside\/Om_oss\/Novotek_tjenester_1920x800-300x125.jpg 300w, https:\/\/www.novotek.com\/no\/wp-content\/uploads\/sites\/5\/Forside\/Om_oss\/Novotek_tjenester_1920x800-768x320.jpg 768w, https:\/\/www.novotek.com\/no\/wp-content\/uploads\/sites\/5\/Forside\/Om_oss\/Novotek_tjenester_1920x800-1536x640.jpg 1536w, https:\/\/www.novotek.com\/no\/wp-content\/uploads\/sites\/5\/Forside\/Om_oss\/Novotek_tjenester_1920x800-86x36.jpg 86w, https:\/\/www.novotek.com\/no\/wp-content\/uploads\/sites\/5\/Forside\/Om_oss\/Novotek_tjenester_1920x800-306x128.jpg 306w, https:\/\/www.novotek.com\/no\/wp-content\/uploads\/sites\/5\/Forside\/Om_oss\/Novotek_tjenester_1920x800-636x265.jpg 636w, https:\/\/www.novotek.com\/no\/wp-content\/uploads\/sites\/5\/Forside\/Om_oss\/Novotek_tjenester_1920x800-1632x680.jpg 1632w, https:\/\/www.novotek.com\/no\/wp-content\/uploads\/sites\/5\/Forside\/Om_oss\/Novotek_tjenester_1920x800.jpg 1920w\" sizes=\"(max-width: 1024px) 100vw, 1024px\" \/>                  <\/div>\n          <\/div>\n\n      <\/div>\n\n   <div class=\"floating-breadcrumb\"><div class=\"container\"><span><span><a href=\"https:\/\/www.novotek.com\/no\/\" class=\"breadcrumb-frontpage\">Home<\/a><\/span><\/span><\/div><\/div>\n\n\n<div class=\"posts-columns \">\n  <div class=\"container\">\n  <div class=\"row\">\n    <div class=\"col-12 col-md-4\">\n<article class=\"basic \">\n    <div class=\"image\">\n      <a href=\"https:\/\/www.novotek.com\/no\/vare-tjenester\/teknisk-support\/\">\n                  <img loading=\"lazy\" decoding=\"async\" width=\"1920\" height=\"800\" src=\"https:\/\/www.novotek.com\/no\/wp-content\/uploads\/sites\/5\/Tjenester\/Novotek_teknisksupport_duotone_1920x800.jpg\" class=\"attachment-post-thumbnail size-post-thumbnail wp-post-image\" alt=\"Konsentrert mann sitter foran PC.\" srcset=\"https:\/\/www.novotek.com\/no\/wp-content\/uploads\/sites\/5\/Tjenester\/Novotek_teknisksupport_duotone_1920x800.jpg 1920w, https:\/\/www.novotek.com\/no\/wp-content\/uploads\/sites\/5\/Tjenester\/Novotek_teknisksupport_duotone_1920x800-300x125.jpg 300w, https:\/\/www.novotek.com\/no\/wp-content\/uploads\/sites\/5\/Tjenester\/Novotek_teknisksupport_duotone_1920x800-1024x427.jpg 1024w, https:\/\/www.novotek.com\/no\/wp-content\/uploads\/sites\/5\/Tjenester\/Novotek_teknisksupport_duotone_1920x800-768x320.jpg 768w, https:\/\/www.novotek.com\/no\/wp-content\/uploads\/sites\/5\/Tjenester\/Novotek_teknisksupport_duotone_1920x800-1536x640.jpg 1536w\" sizes=\"auto, (max-width: 1920px) 100vw, 1920px\" \/>              <\/a>\n    <\/div>\n\n    <div>\n              <h4>Teknisk support<\/h4>\n      \n              <p>Vi er tilgjengelige for teknisk support. Ta kontakt med v\u00e5r supportavdeling p\u00e5 support.norway@novotek.com \u00c5pningstider: Mandag &#8211; fredag 08.00-16.00.<\/p>\n      \n      <div>\n        <a href=\"https:\/\/www.novotek.com\/no\/vare-tjenester\/teknisk-support\/\">\n          Les mer        <\/a>\n      <\/div>\n    <\/div>\n<\/article>\n<\/div><div class=\"col-12 col-md-4\">\n<article class=\"basic \">\n    <div class=\"image\">\n      <a href=\"https:\/\/www.novotek.com\/no\/vare-tjenester\/service-og-supportavtaler\/\">\n                  <img loading=\"lazy\" decoding=\"async\" width=\"1920\" height=\"799\" src=\"https:\/\/www.novotek.com\/no\/wp-content\/uploads\/sites\/5\/Tjenester\/Novotek_service_og_supportavtaler_duotone_1920x800_.jpg\" class=\"attachment-post-thumbnail size-post-thumbnail wp-post-image\" alt=\"To menn ser p\u00e5 maskiner og koblinger.\" srcset=\"https:\/\/www.novotek.com\/no\/wp-content\/uploads\/sites\/5\/Tjenester\/Novotek_service_og_supportavtaler_duotone_1920x800_.jpg 1920w, https:\/\/www.novotek.com\/no\/wp-content\/uploads\/sites\/5\/Tjenester\/Novotek_service_og_supportavtaler_duotone_1920x800_-300x125.jpg 300w, https:\/\/www.novotek.com\/no\/wp-content\/uploads\/sites\/5\/Tjenester\/Novotek_service_og_supportavtaler_duotone_1920x800_-1024x426.jpg 1024w, https:\/\/www.novotek.com\/no\/wp-content\/uploads\/sites\/5\/Tjenester\/Novotek_service_og_supportavtaler_duotone_1920x800_-768x320.jpg 768w, https:\/\/www.novotek.com\/no\/wp-content\/uploads\/sites\/5\/Tjenester\/Novotek_service_og_supportavtaler_duotone_1920x800_-1536x639.jpg 1536w\" sizes=\"auto, (max-width: 1920px) 100vw, 1920px\" \/>              <\/a>\n    <\/div>\n\n    <div>\n              <h4>Service- og supportavtaler<\/h4>\n      \n              <p>Velg mellom ulike service- og supportavtaler som sikrer at vi alltid har teknikere med oppl\u00e6ring i dine produkter og l\u00f8sninger fra Novotek.<\/p>\n      \n      <div>\n        <a href=\"https:\/\/www.novotek.com\/no\/vare-tjenester\/service-og-supportavtaler\/\">\n          Les mer        <\/a>\n      <\/div>\n    <\/div>\n<\/article>\n<\/div><div class=\"col-12 col-md-4\">\n<article class=\"basic \">\n    <div class=\"image\">\n      <a href=\"https:\/\/www.novotek.com\/no\/vare-tjenester\/kurs-og-opplaering\/\">\n                  <img loading=\"lazy\" decoding=\"async\" width=\"1920\" height=\"800\" src=\"https:\/\/www.novotek.com\/no\/wp-content\/uploads\/sites\/5\/Tjenester\/Novotek_kurs_og_opplaering_duotone_1920x800.jpg\" class=\"attachment-post-thumbnail size-post-thumbnail wp-post-image\" alt=\"Personer skriver under kurs og oppl\u00e6ring.\" srcset=\"https:\/\/www.novotek.com\/no\/wp-content\/uploads\/sites\/5\/Tjenester\/Novotek_kurs_og_opplaering_duotone_1920x800.jpg 1920w, https:\/\/www.novotek.com\/no\/wp-content\/uploads\/sites\/5\/Tjenester\/Novotek_kurs_og_opplaering_duotone_1920x800-300x125.jpg 300w, https:\/\/www.novotek.com\/no\/wp-content\/uploads\/sites\/5\/Tjenester\/Novotek_kurs_og_opplaering_duotone_1920x800-1024x427.jpg 1024w, https:\/\/www.novotek.com\/no\/wp-content\/uploads\/sites\/5\/Tjenester\/Novotek_kurs_og_opplaering_duotone_1920x800-768x320.jpg 768w, https:\/\/www.novotek.com\/no\/wp-content\/uploads\/sites\/5\/Tjenester\/Novotek_kurs_og_opplaering_duotone_1920x800-1536x640.jpg 1536w\" sizes=\"auto, (max-width: 1920px) 100vw, 1920px\" \/>              <\/a>\n    <\/div>\n\n    <div>\n              <h4>Kurs og oppl\u00e6ring<\/h4>\n      \n              <p>Bli bedre kjent med dine l\u00f8sninger og produkter. Vi tilbyr b\u00e5de grunnleggende produktoppl\u00e6ring og kurs i mer avanserte funksjoner.<\/p>\n      \n      <div>\n        <a href=\"https:\/\/www.novotek.com\/no\/vare-tjenester\/kurs-og-opplaering\/\">\n          Les mer        <\/a>\n      <\/div>\n    <\/div>\n<\/article>\n<\/div>  <\/div>\n\n  <\/div><\/div>\n\n\n<div class=\"container-md spacer  \">\n<div style=\"height:10px\" aria-hidden=\"true\" class=\"wp-block-spacer\"><\/div>\n<\/div>\n\n<div class=\"container-md spacer  \">\n<div style=\"height:50px\" aria-hidden=\"true\" class=\"wp-block-spacer\"><\/div>\n<\/div>","protected":false},"excerpt":{"rendered":"","protected":false},"author":7,"featured_media":0,"parent":0,"menu_order":0,"comment_status":"closed","ping_status":"closed","template":"","meta":{"_acf_changed":false,"_relevanssi_hide_post":"","_relevanssi_pin_for_all":"","_relevanssi_pin_keywords":"","_relevanssi_unpin_keywords":"","_relevanssi_related_keywords":"","_relevanssi_related_include_ids":"","_relevanssi_related_exclude_ids":"","_relevanssi_related_no_append":"","_relevanssi_related_not_related":"","_relevanssi_related_posts":"1","_relevanssi_noindex_reason":"","footnotes":""},"class_list":["post-65","page","type-page","status-publish","hentry"],"acf":[],"yoast_head":"<!-- This site is optimized with the Yoast SEO plugin v27.4 - https:\/\/yoast.com\/product\/yoast-seo-wordpress\/ -->\n<title>Tjenester - Novotek Norge<\/title>\n<meta name=\"description\" content=\"Vi leverer tjenester i form av service- og supportavtaler til kunder og samarbeidspartnere. I tillegg tilbyr vi kurs og oppl\u00e6ring i v\u00e5re l\u00f8sninger.\" \/>\n<meta name=\"robots\" content=\"index, follow, max-snippet:-1, max-image-preview:large, max-video-preview:-1\" \/>\n<link rel=\"canonical\" href=\"https:\/\/www.novotek.com\/no\/vare-tjenester\/\" \/>\n<meta property=\"og:locale\" content=\"nb_NO\" \/>\n<meta property=\"og:type\" content=\"article\" \/>\n<meta property=\"og:title\" content=\"Tjenester - Novotek Norge\" \/>\n<meta property=\"og:description\" content=\"Vi leverer tjenester i form av service- og supportavtaler til kunder og samarbeidspartnere. I tillegg tilbyr vi kurs og oppl\u00e6ring i v\u00e5re l\u00f8sninger.\" \/>\n<meta property=\"og:url\" content=\"https:\/\/www.novotek.com\/no\/vare-tjenester\/\" \/>\n<meta property=\"og:site_name\" content=\"Novotek Norge\" \/>\n<meta property=\"article:modified_time\" content=\"2021-07-09T12:48:03+00:00\" \/>\n<meta name=\"twitter:card\" content=\"summary_large_image\" \/>\n<script type=\"application\/ld+json\" class=\"yoast-schema-graph\">{\"@context\":\"https:\\\/\\\/schema.org\",\"@graph\":[{\"@type\":\"WebPage\",\"@id\":\"https:\\\/\\\/www.novotek.com\\\/no\\\/vare-tjenester\\\/\",\"url\":\"https:\\\/\\\/www.novotek.com\\\/no\\\/vare-tjenester\\\/\",\"name\":\"Tjenester - Novotek Norge\",\"isPartOf\":{\"@id\":\"https:\\\/\\\/www.novotek.com\\\/no\\\/#website\"},\"datePublished\":\"2021-05-11T07:16:02+00:00\",\"dateModified\":\"2021-07-09T12:48:03+00:00\",\"description\":\"Vi leverer tjenester i form av service- og supportavtaler til kunder og samarbeidspartnere. I tillegg tilbyr vi kurs og oppl\u00e6ring i v\u00e5re l\u00f8sninger.\",\"breadcrumb\":{\"@id\":\"https:\\\/\\\/www.novotek.com\\\/no\\\/vare-tjenester\\\/#breadcrumb\"},\"inLanguage\":\"nb-NO\",\"potentialAction\":[{\"@type\":\"ReadAction\",\"target\":[\"https:\\\/\\\/www.novotek.com\\\/no\\\/vare-tjenester\\\/\"]}]},{\"@type\":\"BreadcrumbList\",\"@id\":\"https:\\\/\\\/www.novotek.com\\\/no\\\/vare-tjenester\\\/#breadcrumb\",\"itemListElement\":[{\"@type\":\"ListItem\",\"position\":1,\"name\":\"Home\",\"item\":\"https:\\\/\\\/www.novotek.com\\\/no\\\/\"},{\"@type\":\"ListItem\",\"position\":2,\"name\":\"Tjenester\"}]},{\"@type\":\"WebSite\",\"@id\":\"https:\\\/\\\/www.novotek.com\\\/no\\\/#website\",\"url\":\"https:\\\/\\\/www.novotek.com\\\/no\\\/\",\"name\":\"Novotek Norge\",\"description\":\"Automasjon, digitalisering og Analytics\",\"publisher\":{\"@id\":\"https:\\\/\\\/www.novotek.com\\\/no\\\/#organization\"},\"potentialAction\":[{\"@type\":\"SearchAction\",\"target\":{\"@type\":\"EntryPoint\",\"urlTemplate\":\"https:\\\/\\\/www.novotek.com\\\/no\\\/?s={search_term_string}\"},\"query-input\":{\"@type\":\"PropertyValueSpecification\",\"valueRequired\":true,\"valueName\":\"search_term_string\"}}],\"inLanguage\":\"nb-NO\"},{\"@type\":\"Organization\",\"@id\":\"https:\\\/\\\/www.novotek.com\\\/no\\\/#organization\",\"name\":\"Novotek AS\",\"url\":\"https:\\\/\\\/www.novotek.com\\\/no\\\/\",\"logo\":{\"@type\":\"ImageObject\",\"inLanguage\":\"nb-NO\",\"@id\":\"https:\\\/\\\/www.novotek.com\\\/no\\\/#\\\/schema\\\/logo\\\/image\\\/\",\"url\":\"https:\\\/\\\/www.novotek.com\\\/no\\\/wp-content\\\/uploads\\\/sites\\\/5\\\/Forside\\\/Novotek_logo.png\",\"contentUrl\":\"https:\\\/\\\/www.novotek.com\\\/no\\\/wp-content\\\/uploads\\\/sites\\\/5\\\/Forside\\\/Novotek_logo.png\",\"width\":1200,\"height\":348,\"caption\":\"Novotek AS\"},\"image\":{\"@id\":\"https:\\\/\\\/www.novotek.com\\\/no\\\/#\\\/schema\\\/logo\\\/image\\\/\"},\"sameAs\":[\"https:\\\/\\\/www.linkedin.com\\\/company\\\/novotek-as\"]}]}<\/script>\n<!-- \/ Yoast SEO plugin. -->","yoast_head_json":{"title":"Tjenester - Novotek Norge","description":"Vi leverer tjenester i form av service- og supportavtaler til kunder og samarbeidspartnere. I tillegg tilbyr vi kurs og oppl\u00e6ring i v\u00e5re l\u00f8sninger.","robots":{"index":"index","follow":"follow","max-snippet":"max-snippet:-1","max-image-preview":"max-image-preview:large","max-video-preview":"max-video-preview:-1"},"canonical":"https:\/\/www.novotek.com\/no\/vare-tjenester\/","og_locale":"nb_NO","og_type":"article","og_title":"Tjenester - Novotek Norge","og_description":"Vi leverer tjenester i form av service- og supportavtaler til kunder og samarbeidspartnere. I tillegg tilbyr vi kurs og oppl\u00e6ring i v\u00e5re l\u00f8sninger.","og_url":"https:\/\/www.novotek.com\/no\/vare-tjenester\/","og_site_name":"Novotek Norge","article_modified_time":"2021-07-09T12:48:03+00:00","twitter_card":"summary_large_image","schema":{"@context":"https:\/\/schema.org","@graph":[{"@type":"WebPage","@id":"https:\/\/www.novotek.com\/no\/vare-tjenester\/","url":"https:\/\/www.novotek.com\/no\/vare-tjenester\/","name":"Tjenester - Novotek Norge","isPartOf":{"@id":"https:\/\/www.novotek.com\/no\/#website"},"datePublished":"2021-05-11T07:16:02+00:00","dateModified":"2021-07-09T12:48:03+00:00","description":"Vi leverer tjenester i form av service- og supportavtaler til kunder og samarbeidspartnere. I tillegg tilbyr vi kurs og oppl\u00e6ring i v\u00e5re l\u00f8sninger.","breadcrumb":{"@id":"https:\/\/www.novotek.com\/no\/vare-tjenester\/#breadcrumb"},"inLanguage":"nb-NO","potentialAction":[{"@type":"ReadAction","target":["https:\/\/www.novotek.com\/no\/vare-tjenester\/"]}]},{"@type":"BreadcrumbList","@id":"https:\/\/www.novotek.com\/no\/vare-tjenester\/#breadcrumb","itemListElement":[{"@type":"ListItem","position":1,"name":"Home","item":"https:\/\/www.novotek.com\/no\/"},{"@type":"ListItem","position":2,"name":"Tjenester"}]},{"@type":"WebSite","@id":"https:\/\/www.novotek.com\/no\/#website","url":"https:\/\/www.novotek.com\/no\/","name":"Novotek Norge","description":"Automasjon, digitalisering og Analytics","publisher":{"@id":"https:\/\/www.novotek.com\/no\/#organization"},"potentialAction":[{"@type":"SearchAction","target":{"@type":"EntryPoint","urlTemplate":"https:\/\/www.novotek.com\/no\/?s={search_term_string}"},"query-input":{"@type":"PropertyValueSpecification","valueRequired":true,"valueName":"search_term_string"}}],"inLanguage":"nb-NO"},{"@type":"Organization","@id":"https:\/\/www.novotek.com\/no\/#organization","name":"Novotek AS","url":"https:\/\/www.novotek.com\/no\/","logo":{"@type":"ImageObject","inLanguage":"nb-NO","@id":"https:\/\/www.novotek.com\/no\/#\/schema\/logo\/image\/","url":"https:\/\/www.novotek.com\/no\/wp-content\/uploads\/sites\/5\/Forside\/Novotek_logo.png","contentUrl":"https:\/\/www.novotek.com\/no\/wp-content\/uploads\/sites\/5\/Forside\/Novotek_logo.png","width":1200,"height":348,"caption":"Novotek AS"},"image":{"@id":"https:\/\/www.novotek.com\/no\/#\/schema\/logo\/image\/"},"sameAs":["https:\/\/www.linkedin.com\/company\/novotek-as"]}]}},"_links":{"self":[{"href":"https:\/\/www.novotek.com\/no\/wp-json\/wp\/v2\/pages\/65","targetHints":{"allow":["GET"]}}],"collection":[{"href":"https:\/\/www.novotek.com\/no\/wp-json\/wp\/v2\/pages"}],"about":[{"href":"https:\/\/www.novotek.com\/no\/wp-json\/wp\/v2\/types\/page"}],"author":[{"embeddable":true,"href":"https:\/\/www.novotek.com\/no\/wp-json\/wp\/v2\/users\/7"}],"replies":[{"embeddable":true,"href":"https:\/\/www.novotek.com\/no\/wp-json\/wp\/v2\/comments?post=65"}],"version-history":[{"count":37,"href":"https:\/\/www.novotek.com\/no\/wp-json\/wp\/v2\/pages\/65\/revisions"}],"predecessor-version":[{"id":3361,"href":"https:\/\/www.novotek.com\/no\/wp-json\/wp\/v2\/pages\/65\/revisions\/3361"}],"wp:attachment":[{"href":"https:\/\/www.novotek.com\/no\/wp-json\/wp\/v2\/media?parent=65"}],"curies":[{"name":"wp","href":"https:\/\/api.w.org\/{rel}","templated":true}]}}