{"id":80,"date":"2021-05-11T07:35:36","date_gmt":"2021-05-11T07:35:36","guid":{"rendered":"https:\/\/www.novotek.com\/no\/?page_id=80"},"modified":"2022-06-09T06:55:47","modified_gmt":"2022-06-09T06:55:47","slug":"pls-og-styresystemer","status":"publish","type":"page","link":"https:\/\/www.novotek.com\/no\/automasjon\/pls-og-styresystemer\/","title":{"rendered":"PLS og styresystemer"},"content":{"rendered":"  <div class=\"hero\">\n    <div class=\"carousel hero-slider small\" data-flickity data-flickity-options='{\"prevNextButtons\": false}'>\n              <div class=\"carousel-cell\">\n          <div class=\"container\">\n            <div class=\"hero-content\">\n                              <h1>PLS og styresystemer<\/h1>\n<p>Novotek tilbyr et bredt utvalg PLS og styresystemer tilpasset industriell automasjon.<\/p>\n              \n                          <\/div>\n          <\/div>\n\n          <img decoding=\"async\" width=\"1024\" height=\"427\" src=\"https:\/\/www.novotek.com\/no\/wp-content\/uploads\/sites\/5\/Automasjon\/PLS_og_styresystemer\/Novotek_styresystemer_duotone_1920x800-1024x427.jpg\" class=\"hero-bg\" alt=\"Hero Img\" fetchpriority=\"high\" srcset=\"https:\/\/www.novotek.com\/no\/wp-content\/uploads\/sites\/5\/Automasjon\/PLS_og_styresystemer\/Novotek_styresystemer_duotone_1920x800-1024x427.jpg 1024w, https:\/\/www.novotek.com\/no\/wp-content\/uploads\/sites\/5\/Automasjon\/PLS_og_styresystemer\/Novotek_styresystemer_duotone_1920x800-300x125.jpg 300w, https:\/\/www.novotek.com\/no\/wp-content\/uploads\/sites\/5\/Automasjon\/PLS_og_styresystemer\/Novotek_styresystemer_duotone_1920x800-768x320.jpg 768w, https:\/\/www.novotek.com\/no\/wp-content\/uploads\/sites\/5\/Automasjon\/PLS_og_styresystemer\/Novotek_styresystemer_duotone_1920x800-1536x640.jpg 1536w, https:\/\/www.novotek.com\/no\/wp-content\/uploads\/sites\/5\/Automasjon\/PLS_og_styresystemer\/Novotek_styresystemer_duotone_1920x800.jpg 1920w\" sizes=\"(max-width: 1024px) 100vw, 1024px\" \/>                  <\/div>\n          <\/div>\n\n      <\/div>\n\n   \n\n\n<div class=\"container-md paragraph  \">\n<p>Dagens applikasjoner krever raskere ytelse og mer p\u00e5litelige tilkoblinger. Et styresystem m\u00e5 kunne optimalisere industrielle prosesser sikkert og p\u00e5litelig, samtidig som de \u00f8ker ytelsen av operasjoner selv i t\u00f8ffe industrielle milj\u00f8er. Ved automatisering av produksjonen er det viktig \u00e5 velge et styresystem som fungerer med den eksisterende infrastrukturen, og som kan skaleres etter bedriftens behov.&nbsp;<\/p>\n<\/div>\n\n<div class=\"container-md paragraph  \">\n<p>Som autorisert distribut\u00f8r for <a href=\"https:\/\/www.emerson.com\/no-no\/automation\/control-and-safety-systems\/programmable-automation-control-systems\" target=\"_blank\" rel=\"noreferrer noopener\"><strong>Emerson Machine Automation Solutions<\/strong><\/a> tilbyr vi et bredt utvalg PLS og styresystemer. Velg mellom <a href=\"https:\/\/www.novotek.com\/no\/automasjon\/pls-og-styresystemer\/pacsystems-2\/\">PAC-systemer<\/a>, <a href=\"https:\/\/www.novotek.com\/no\/automasjon\/pls-og-styresystemer\/versamax-2\/\">PLSer<\/a>, I\/O og <a href=\"https:\/\/www.novotek.com\/no\/automasjon\/pls-og-styresystemer\/machine-edition\/\">programmeringsverkt\u00f8y<\/a>. Emersons styresystemer er kraftige og funksjonsrike, og tilpasses din bedrift.&nbsp;<\/p>\n<\/div>\n\n<div class=\"container-md spacer  \">\n<div style=\"height:10px\" aria-hidden=\"true\" class=\"wp-block-spacer\"><\/div>\n<\/div>\n\n<div class=\"container-md heading  \">\n<h2 class=\"wp-block-heading\">Hvordan benytte PLS og styresystemer<\/h2>\n<\/div>\n\n<div class=\"container-md paragraph  \">\n<p>Et styresystem, ogs\u00e5 kalt kontrollsystem, styrer maskiner, systemer og prosesser. Innen industrien benyttes oftest logiske kontrollsystemer som PLS og PAC. Logiske kontrollere responderer p\u00e5 brytere og sensorer, kan starte og stoppe operasjoner og sekvensere mekaniske operasjoner i ulike applikasjoner. Et styresystem hjelper operat\u00f8rer \u00f8ke produktiviteten og redusere nedetid.&nbsp;<\/p>\n<\/div>\n\n<div class=\"container media-text  \">\n<div class=\"wp-block-media-text alignwide is-stacked-on-mobile\"><figure class=\"wp-block-media-text__media\"><img loading=\"lazy\" decoding=\"async\" width=\"1000\" height=\"630\" src=\"https:\/\/www.novotek.com\/no\/wp-content\/uploads\/sites\/5\/Automasjon\/PLS_og_styresystemer\/VersaMax\/VersaMax_Micro_NEW.jpg\" alt=\"VersaMax Micro PLS\" class=\"wp-image-7598 size-full\" srcset=\"https:\/\/www.novotek.com\/no\/wp-content\/uploads\/sites\/5\/Automasjon\/PLS_og_styresystemer\/VersaMax\/VersaMax_Micro_NEW.jpg 1000w, https:\/\/www.novotek.com\/no\/wp-content\/uploads\/sites\/5\/Automasjon\/PLS_og_styresystemer\/VersaMax\/VersaMax_Micro_NEW-300x189.jpg 300w, https:\/\/www.novotek.com\/no\/wp-content\/uploads\/sites\/5\/Automasjon\/PLS_og_styresystemer\/VersaMax\/VersaMax_Micro_NEW-768x484.jpg 768w\" sizes=\"auto, (max-width: 1000px) 100vw, 1000px\" \/><\/figure><div class=\"wp-block-media-text__content\"><div class=\"container-md heading  \">\n<h4 class=\"wp-block-heading\">PLS<\/h4>\n<\/div>\n\n<div class=\"container-md paragraph  \">\n<p>PLSen (Programmable Logic Controller) ble utviklet p\u00e5 1960-tallet som en forbedret versjon av relay-baserte systemer, basert p\u00e5 ladder-programmering. I dag er PLS en selvf\u00f8lgelig del av systemer for kontroll og styring, med et bredere spekter av funksjoner. PLSer leveres i robuste, sm\u00e5 pakker, utviklet for \u00e5 h\u00e5ndtere t\u00f8ffe industrielle milj\u00f8er, og muliggj\u00f8r kommunikasjon med andre PLSer, eksterne I\/O og HMI.&nbsp;<\/p>\n<\/div><\/div><\/div>\n<\/div>\n\n<div class=\"container media-text  \">\n<div class=\"wp-block-media-text alignwide is-stacked-on-mobile\"><figure class=\"wp-block-media-text__media\"><img loading=\"lazy\" decoding=\"async\" width=\"1000\" height=\"630\" src=\"https:\/\/www.novotek.com\/no\/wp-content\/uploads\/sites\/5\/Automasjon\/PLS_og_styresystemer\/PACSystems\/Emerson_PACSystems_controller.jpg\" alt=\"PACSystems kontroller\" class=\"wp-image-1983 size-full\" srcset=\"https:\/\/www.novotek.com\/no\/wp-content\/uploads\/sites\/5\/Automasjon\/PLS_og_styresystemer\/PACSystems\/Emerson_PACSystems_controller.jpg 1000w, https:\/\/www.novotek.com\/no\/wp-content\/uploads\/sites\/5\/Automasjon\/PLS_og_styresystemer\/PACSystems\/Emerson_PACSystems_controller-300x189.jpg 300w, https:\/\/www.novotek.com\/no\/wp-content\/uploads\/sites\/5\/Automasjon\/PLS_og_styresystemer\/PACSystems\/Emerson_PACSystems_controller-768x484.jpg 768w\" sizes=\"auto, (max-width: 1000px) 100vw, 1000px\" \/><\/figure><div class=\"wp-block-media-text__content\"><div class=\"container-md heading  \">\n<h4 class=\"wp-block-heading\">PAC<\/h4>\n<\/div>\n\n<div class=\"container-md paragraph  \">\n<p>PAC (Programmable Automation Controller) kom p\u00e5 markedet p\u00e5 starten av 2000-tallet. Et PAC-system gj\u00f8r det mulig \u00e5 gi mer komplekse instruksjoner til automasjonsutstyr med funksjoner tilsvarende PC-baserte-kontrollere. De kraftige funksjonene kommer i en liten, robust pakke, lignende en PLS. PAC-systemer er godt egnet for mer komplekse automasjonsl\u00f8sninger som h\u00e5ndterer avansert prosesskontroll og visualisering.<\/p>\n<\/div><\/div><\/div>\n<\/div>\n\n<div class=\"container-md paragraph  \">\n<p>Forskjellene mellom PLS og PAC er ikke definerte, men et PAC-system kan ses som en krysning mellom en PC og en PLS. Med stadig utvikling er b\u00e5de PLS og PAC blitt betydelig mer avanserte siden de f\u00f8rst kom p\u00e5 markedet, og forskjellene mellom dem er ikke lenger like mange. PLSer med h\u00f8y ytelse kommer med mange av de samme funksjonene som et PAC-system.&nbsp;<\/p>\n<\/div>\n\n<div class=\"container-md spacer  \">\n<div style=\"height:10px\" aria-hidden=\"true\" class=\"wp-block-spacer\"><\/div>\n<\/div>\n\n<div class=\"container-md heading  \">\n<h2 class=\"wp-block-heading\">F\u00e5 kraftige og skalerbare styresystemer fra Emerson<\/h2>\n<\/div>\n\n<div class=\"container-md paragraph  \">\n<p>Emersons programmerbare automasjonskontrollsystemer tilbyr en enkel skalerbar l\u00f8sning for \u00e5 levere trygg og sikker kommunikasjons mellom sanntidskontrollere. Resultatet er optimaliserte operasjoner, maksimal produktivitet og mindre nedetid.<\/p>\n<\/div>\n\n<div class=\"container-md paragraph  \">\n<p>Emersons unike serie med kombinerte styrings- og visualiseringsl\u00f8sninger integrerer QuickPanel+ ber\u00f8ringsskjermer for grafikk med PLS-funksjonalitet, og har en innebygd webserver for distribusjon av informasjon og betjening via internett.&nbsp;<\/p>\n<\/div>\n\n<div class=\"container-md paragraph  \">\n<p>Vi tilbyr hele spekteret fra kompakte mikro-PLSer til banebrytende, programmerbare automasjonskontrollere (PAC) \u2013 et omfattende utvalg med l\u00f8sninger for \u00e5 oppfylle akkurat dine behov. V\u00e5re konsulenter hjelper deg med \u00e5 finne l\u00f8sningen som passer din bedrift.&nbsp;<\/p>\n<\/div>\n\n<div class=\"container-md spacer  \">\n<div style=\"height:50px\" aria-hidden=\"true\" class=\"wp-block-spacer\"><\/div>\n<\/div>\n\n  <div class=\"slider-column-parent\">\n    <div class=\"container\">\n      <div class=\"slider-column-title\">V\u00e5re PLS og styresystemer<\/div>\n\n      <div class=\"row\">\n        <div class=\"col-12 col-md-4\"><div class=\"column-box\">\n  \n      <div class=\"title\">\n      PACSystems    <\/div>\n  \n      <div class=\"text\">\n      <p>Et komplett styresystem for din bedrifts automasjons- og kontrollbehov.<\/p>\n    <\/div>\n  \n      <a class=\"link\"  href=\"https:\/\/www.novotek.com\/no\/automasjon\/pls-og-styresystemer\/pacsystems-2\/\" target=\"\">\n      Les mer    <\/a>\n  \n  <\/div>\n\n<\/div><div class=\"col-12 col-md-4\"><div class=\"column-box\">\n  \n      <div class=\"title\">\n      VersaMax    <\/div>\n  \n      <div class=\"text\">\n      <p>En innovativ PLS-serie som kombinerer ytelse, p\u00e5litelighet og fleksibilitet.<\/p>\n    <\/div>\n  \n      <a class=\"link\"  href=\"https:\/\/www.novotek.com\/no\/automasjon\/pls-og-styresystemer\/versamax-2\/\" target=\"\">\n      Les mer    <\/a>\n  \n  <\/div>\n\n<\/div><div class=\"col-12 col-md-4\"><div class=\"column-box\">\n  \n      <div class=\"title\">\n      Machine Edition    <\/div>\n  \n      <div class=\"text\">\n      <p>Et verkt\u00f8y for \u00e5 konfigurere PAC-systemer, PLSer og mer.<\/p>\n    <\/div>\n  \n      <a class=\"link\"  href=\"https:\/\/www.novotek.com\/no\/automasjon\/pls-og-styresystemer\/machine-edition\/\" target=\"\">\n      Les mer    <\/a>\n  \n  <\/div>\n\n<\/div><div class=\"col-12 col-md-4\"><div class=\"column-box\">\n  \n      <div class=\"title\">\n      QuickPanel+    <\/div>\n  \n      <div class=\"text\">\n      <p>Et kraftig, multifunksjonelt touchpanel for kontroll og visualisering.<\/p>\n    <\/div>\n  \n      <a class=\"link\"  href=\"https:\/\/www.novotek.com\/no\/automasjon\/pls-og-styresystemer\/quickpanel\/\" target=\"\">\n      Les mer    <\/a>\n  \n  <\/div>\n\n<\/div><div class=\"col-12 col-md-4\"><div class=\"column-box\">\n  \n      <div class=\"title\">\n      Industri-PC (IPC)    <\/div>\n  \n      <div class=\"text\">\n      <p>Robuste industri-PCer med h\u00f8y ytelse, utviklet for produksjonsmilj\u00f8er.<\/p>\n    <\/div>\n  \n      <a class=\"link\"  href=\"https:\/\/www.novotek.com\/no\/automasjon\/pls-og-styresystemer\/industri-pc-ipc\/\" target=\"\">\n      Les mer    <\/a>\n  \n  <\/div>\n\n<\/div>      <\/div>\n    <\/div>\n  <\/div>\n","protected":false},"excerpt":{"rendered":"<p>Et styresystem, ogs\u00e5 kalt kontrollsystem, styrer maskiner, systemer og prosesser. Systemet s\u00f8rger for optimalisering og \u00f8kt ytelse av industrielle operasjoner.<\/p>\n","protected":false},"author":7,"featured_media":0,"parent":258,"menu_order":0,"comment_status":"closed","ping_status":"closed","template":"","meta":{"_acf_changed":false,"_relevanssi_hide_post":"","_relevanssi_pin_for_all":"","_relevanssi_pin_keywords":"","_relevanssi_unpin_keywords":"","_relevanssi_related_keywords":"","_relevanssi_related_include_ids":"","_relevanssi_related_exclude_ids":"","_relevanssi_related_no_append":"","_relevanssi_related_not_related":"","_relevanssi_related_posts":"1","_relevanssi_noindex_reason":"","footnotes":""},"class_list":["post-80","page","type-page","status-publish","hentry"],"acf":[],"yoast_head":"<!-- This site is optimized with the Yoast SEO plugin v27.4 - https:\/\/yoast.com\/product\/yoast-seo-wordpress\/ -->\n<title>PLS og styresystemer - Novotek Norge<\/title>\n<meta name=\"description\" content=\"Som autorisert distribut\u00f8r for Emerson Machine Automation Solutuins, tilbyr Novotek et bredt utvalg PLS og styresystemer.\" \/>\n<meta name=\"robots\" content=\"index, follow, max-snippet:-1, max-image-preview:large, max-video-preview:-1\" \/>\n<link rel=\"canonical\" href=\"https:\/\/www.novotek.com\/no\/automasjon\/pls-og-styresystemer\/\" \/>\n<meta property=\"og:locale\" content=\"nb_NO\" \/>\n<meta property=\"og:type\" content=\"article\" \/>\n<meta property=\"og:title\" content=\"PLS og styresystemer - Novotek Norge\" \/>\n<meta property=\"og:description\" content=\"Som autorisert distribut\u00f8r for Emerson Machine Automation Solutuins, tilbyr Novotek et bredt utvalg PLS og styresystemer.\" \/>\n<meta property=\"og:url\" content=\"https:\/\/www.novotek.com\/no\/automasjon\/pls-og-styresystemer\/\" \/>\n<meta property=\"og:site_name\" content=\"Novotek Norge\" \/>\n<meta property=\"article:modified_time\" content=\"2022-06-09T06:55:47+00:00\" \/>\n<meta property=\"og:image\" content=\"https:\/\/www.novotek.com\/no\/wp-content\/uploads\/sites\/5\/Automasjon\/PLS_og_styresystemer\/VersaMax\/VersaMax_Micro_NEW.jpg\" \/>\n<meta name=\"twitter:card\" content=\"summary_large_image\" \/>\n<meta name=\"twitter:label1\" content=\"Ansl. lesetid\" \/>\n\t<meta name=\"twitter:data1\" content=\"3 minutter\" \/>\n<script type=\"application\/ld+json\" class=\"yoast-schema-graph\">{\"@context\":\"https:\\\/\\\/schema.org\",\"@graph\":[{\"@type\":\"WebPage\",\"@id\":\"https:\\\/\\\/www.novotek.com\\\/no\\\/automasjon\\\/pls-og-styresystemer\\\/\",\"url\":\"https:\\\/\\\/www.novotek.com\\\/no\\\/automasjon\\\/pls-og-styresystemer\\\/\",\"name\":\"PLS og styresystemer - Novotek Norge\",\"isPartOf\":{\"@id\":\"https:\\\/\\\/www.novotek.com\\\/no\\\/#website\"},\"primaryImageOfPage\":{\"@id\":\"https:\\\/\\\/www.novotek.com\\\/no\\\/automasjon\\\/pls-og-styresystemer\\\/#primaryimage\"},\"image\":{\"@id\":\"https:\\\/\\\/www.novotek.com\\\/no\\\/automasjon\\\/pls-og-styresystemer\\\/#primaryimage\"},\"thumbnailUrl\":\"https:\\\/\\\/www.novotek.com\\\/no\\\/wp-content\\\/uploads\\\/sites\\\/5\\\/Automasjon\\\/PLS_og_styresystemer\\\/VersaMax\\\/VersaMax_Micro_NEW.jpg\",\"datePublished\":\"2021-05-11T07:35:36+00:00\",\"dateModified\":\"2022-06-09T06:55:47+00:00\",\"description\":\"Som autorisert distribut\u00f8r for Emerson Machine Automation Solutuins, tilbyr Novotek et bredt utvalg PLS og styresystemer.\",\"breadcrumb\":{\"@id\":\"https:\\\/\\\/www.novotek.com\\\/no\\\/automasjon\\\/pls-og-styresystemer\\\/#breadcrumb\"},\"inLanguage\":\"nb-NO\",\"potentialAction\":[{\"@type\":\"ReadAction\",\"target\":[\"https:\\\/\\\/www.novotek.com\\\/no\\\/automasjon\\\/pls-og-styresystemer\\\/\"]}]},{\"@type\":\"ImageObject\",\"inLanguage\":\"nb-NO\",\"@id\":\"https:\\\/\\\/www.novotek.com\\\/no\\\/automasjon\\\/pls-og-styresystemer\\\/#primaryimage\",\"url\":\"https:\\\/\\\/www.novotek.com\\\/no\\\/wp-content\\\/uploads\\\/sites\\\/5\\\/Automasjon\\\/PLS_og_styresystemer\\\/VersaMax\\\/VersaMax_Micro_NEW.jpg\",\"contentUrl\":\"https:\\\/\\\/www.novotek.com\\\/no\\\/wp-content\\\/uploads\\\/sites\\\/5\\\/Automasjon\\\/PLS_og_styresystemer\\\/VersaMax\\\/VersaMax_Micro_NEW.jpg\",\"width\":1000,\"height\":630,\"caption\":\"VersaMax Micro PLS\"},{\"@type\":\"BreadcrumbList\",\"@id\":\"https:\\\/\\\/www.novotek.com\\\/no\\\/automasjon\\\/pls-og-styresystemer\\\/#breadcrumb\",\"itemListElement\":[{\"@type\":\"ListItem\",\"position\":1,\"name\":\"Home\",\"item\":\"https:\\\/\\\/www.novotek.com\\\/no\\\/\"},{\"@type\":\"ListItem\",\"position\":2,\"name\":\"Automasjon\",\"item\":\"https:\\\/\\\/www.novotek.com\\\/no\\\/automasjon\\\/\"},{\"@type\":\"ListItem\",\"position\":3,\"name\":\"PLS og styresystemer\"}]},{\"@type\":\"WebSite\",\"@id\":\"https:\\\/\\\/www.novotek.com\\\/no\\\/#website\",\"url\":\"https:\\\/\\\/www.novotek.com\\\/no\\\/\",\"name\":\"Novotek Norge\",\"description\":\"Automasjon, digitalisering og Analytics\",\"publisher\":{\"@id\":\"https:\\\/\\\/www.novotek.com\\\/no\\\/#organization\"},\"potentialAction\":[{\"@type\":\"SearchAction\",\"target\":{\"@type\":\"EntryPoint\",\"urlTemplate\":\"https:\\\/\\\/www.novotek.com\\\/no\\\/?s={search_term_string}\"},\"query-input\":{\"@type\":\"PropertyValueSpecification\",\"valueRequired\":true,\"valueName\":\"search_term_string\"}}],\"inLanguage\":\"nb-NO\"},{\"@type\":\"Organization\",\"@id\":\"https:\\\/\\\/www.novotek.com\\\/no\\\/#organization\",\"name\":\"Novotek AS\",\"url\":\"https:\\\/\\\/www.novotek.com\\\/no\\\/\",\"logo\":{\"@type\":\"ImageObject\",\"inLanguage\":\"nb-NO\",\"@id\":\"https:\\\/\\\/www.novotek.com\\\/no\\\/#\\\/schema\\\/logo\\\/image\\\/\",\"url\":\"https:\\\/\\\/www.novotek.com\\\/no\\\/wp-content\\\/uploads\\\/sites\\\/5\\\/Forside\\\/Novotek_logo.png\",\"contentUrl\":\"https:\\\/\\\/www.novotek.com\\\/no\\\/wp-content\\\/uploads\\\/sites\\\/5\\\/Forside\\\/Novotek_logo.png\",\"width\":1200,\"height\":348,\"caption\":\"Novotek AS\"},\"image\":{\"@id\":\"https:\\\/\\\/www.novotek.com\\\/no\\\/#\\\/schema\\\/logo\\\/image\\\/\"},\"sameAs\":[\"https:\\\/\\\/www.linkedin.com\\\/company\\\/novotek-as\"]}]}<\/script>\n<!-- \/ Yoast SEO plugin. -->","yoast_head_json":{"title":"PLS og styresystemer - Novotek Norge","description":"Som autorisert distribut\u00f8r for Emerson Machine Automation Solutuins, tilbyr Novotek et bredt utvalg PLS og styresystemer.","robots":{"index":"index","follow":"follow","max-snippet":"max-snippet:-1","max-image-preview":"max-image-preview:large","max-video-preview":"max-video-preview:-1"},"canonical":"https:\/\/www.novotek.com\/no\/automasjon\/pls-og-styresystemer\/","og_locale":"nb_NO","og_type":"article","og_title":"PLS og styresystemer - Novotek Norge","og_description":"Som autorisert distribut\u00f8r for Emerson Machine Automation Solutuins, tilbyr Novotek et bredt utvalg PLS og styresystemer.","og_url":"https:\/\/www.novotek.com\/no\/automasjon\/pls-og-styresystemer\/","og_site_name":"Novotek Norge","article_modified_time":"2022-06-09T06:55:47+00:00","og_image":[{"url":"https:\/\/www.novotek.com\/no\/wp-content\/uploads\/sites\/5\/Automasjon\/PLS_og_styresystemer\/VersaMax\/VersaMax_Micro_NEW.jpg","type":"","width":"","height":""}],"twitter_card":"summary_large_image","twitter_misc":{"Ansl. lesetid":"3 minutter"},"schema":{"@context":"https:\/\/schema.org","@graph":[{"@type":"WebPage","@id":"https:\/\/www.novotek.com\/no\/automasjon\/pls-og-styresystemer\/","url":"https:\/\/www.novotek.com\/no\/automasjon\/pls-og-styresystemer\/","name":"PLS og styresystemer - Novotek Norge","isPartOf":{"@id":"https:\/\/www.novotek.com\/no\/#website"},"primaryImageOfPage":{"@id":"https:\/\/www.novotek.com\/no\/automasjon\/pls-og-styresystemer\/#primaryimage"},"image":{"@id":"https:\/\/www.novotek.com\/no\/automasjon\/pls-og-styresystemer\/#primaryimage"},"thumbnailUrl":"https:\/\/www.novotek.com\/no\/wp-content\/uploads\/sites\/5\/Automasjon\/PLS_og_styresystemer\/VersaMax\/VersaMax_Micro_NEW.jpg","datePublished":"2021-05-11T07:35:36+00:00","dateModified":"2022-06-09T06:55:47+00:00","description":"Som autorisert distribut\u00f8r for Emerson Machine Automation Solutuins, tilbyr Novotek et bredt utvalg PLS og styresystemer.","breadcrumb":{"@id":"https:\/\/www.novotek.com\/no\/automasjon\/pls-og-styresystemer\/#breadcrumb"},"inLanguage":"nb-NO","potentialAction":[{"@type":"ReadAction","target":["https:\/\/www.novotek.com\/no\/automasjon\/pls-og-styresystemer\/"]}]},{"@type":"ImageObject","inLanguage":"nb-NO","@id":"https:\/\/www.novotek.com\/no\/automasjon\/pls-og-styresystemer\/#primaryimage","url":"https:\/\/www.novotek.com\/no\/wp-content\/uploads\/sites\/5\/Automasjon\/PLS_og_styresystemer\/VersaMax\/VersaMax_Micro_NEW.jpg","contentUrl":"https:\/\/www.novotek.com\/no\/wp-content\/uploads\/sites\/5\/Automasjon\/PLS_og_styresystemer\/VersaMax\/VersaMax_Micro_NEW.jpg","width":1000,"height":630,"caption":"VersaMax Micro PLS"},{"@type":"BreadcrumbList","@id":"https:\/\/www.novotek.com\/no\/automasjon\/pls-og-styresystemer\/#breadcrumb","itemListElement":[{"@type":"ListItem","position":1,"name":"Home","item":"https:\/\/www.novotek.com\/no\/"},{"@type":"ListItem","position":2,"name":"Automasjon","item":"https:\/\/www.novotek.com\/no\/automasjon\/"},{"@type":"ListItem","position":3,"name":"PLS og styresystemer"}]},{"@type":"WebSite","@id":"https:\/\/www.novotek.com\/no\/#website","url":"https:\/\/www.novotek.com\/no\/","name":"Novotek Norge","description":"Automasjon, digitalisering og Analytics","publisher":{"@id":"https:\/\/www.novotek.com\/no\/#organization"},"potentialAction":[{"@type":"SearchAction","target":{"@type":"EntryPoint","urlTemplate":"https:\/\/www.novotek.com\/no\/?s={search_term_string}"},"query-input":{"@type":"PropertyValueSpecification","valueRequired":true,"valueName":"search_term_string"}}],"inLanguage":"nb-NO"},{"@type":"Organization","@id":"https:\/\/www.novotek.com\/no\/#organization","name":"Novotek AS","url":"https:\/\/www.novotek.com\/no\/","logo":{"@type":"ImageObject","inLanguage":"nb-NO","@id":"https:\/\/www.novotek.com\/no\/#\/schema\/logo\/image\/","url":"https:\/\/www.novotek.com\/no\/wp-content\/uploads\/sites\/5\/Forside\/Novotek_logo.png","contentUrl":"https:\/\/www.novotek.com\/no\/wp-content\/uploads\/sites\/5\/Forside\/Novotek_logo.png","width":1200,"height":348,"caption":"Novotek AS"},"image":{"@id":"https:\/\/www.novotek.com\/no\/#\/schema\/logo\/image\/"},"sameAs":["https:\/\/www.linkedin.com\/company\/novotek-as"]}]}},"_links":{"self":[{"href":"https:\/\/www.novotek.com\/no\/wp-json\/wp\/v2\/pages\/80","targetHints":{"allow":["GET"]}}],"collection":[{"href":"https:\/\/www.novotek.com\/no\/wp-json\/wp\/v2\/pages"}],"about":[{"href":"https:\/\/www.novotek.com\/no\/wp-json\/wp\/v2\/types\/page"}],"author":[{"embeddable":true,"href":"https:\/\/www.novotek.com\/no\/wp-json\/wp\/v2\/users\/7"}],"replies":[{"embeddable":true,"href":"https:\/\/www.novotek.com\/no\/wp-json\/wp\/v2\/comments?post=80"}],"version-history":[{"count":33,"href":"https:\/\/www.novotek.com\/no\/wp-json\/wp\/v2\/pages\/80\/revisions"}],"predecessor-version":[{"id":7792,"href":"https:\/\/www.novotek.com\/no\/wp-json\/wp\/v2\/pages\/80\/revisions\/7792"}],"up":[{"embeddable":true,"href":"https:\/\/www.novotek.com\/no\/wp-json\/wp\/v2\/pages\/258"}],"wp:attachment":[{"href":"https:\/\/www.novotek.com\/no\/wp-json\/wp\/v2\/media?parent=80"}],"curies":[{"name":"wp","href":"https:\/\/api.w.org\/{rel}","templated":true}]}}