{"id":945,"date":"2021-06-02T13:33:09","date_gmt":"2021-06-02T13:33:09","guid":{"rendered":"https:\/\/www.novotek.com\/no\/?page_id=945"},"modified":"2025-07-04T07:25:50","modified_gmt":"2025-07-04T07:25:50","slug":"rxi2-bp-industrial-pc","status":"publish","type":"page","link":"https:\/\/www.novotek.com\/no\/automasjon\/pls-og-styresystemer\/industri-pc-ipc\/rxi2-bp-industrial-pc\/","title":{"rendered":"RXi2-BP Industrial PC"},"content":{"rendered":"  <div class=\"hero\">\n    <div class=\"carousel hero-slider small\" data-flickity data-flickity-options='{\"prevNextButtons\": false}'>\n              <div class=\"carousel-cell\">\n          <div class=\"container\">\n            <div class=\"hero-content\">\n                              <h1>RXi2-BP Industrial PC<\/h1>\n<p>En sv\u00e6rt robust industri-PC, designet for \u00e5 takle t\u00f8ffe industrielle milj\u00f8er.<\/p>\n              \n                          <\/div>\n          <\/div>\n\n          <img decoding=\"async\" width=\"1024\" height=\"427\" src=\"https:\/\/www.novotek.com\/no\/wp-content\/uploads\/sites\/5\/Automasjon\/PLS_og_styresystemer\/Industri_PC\/Emerson_BlackBox_IPC_duotone_1920x800-1024x427.jpg\" class=\"hero-bg\" alt=\"Hero Img\" fetchpriority=\"high\" srcset=\"https:\/\/www.novotek.com\/no\/wp-content\/uploads\/sites\/5\/Automasjon\/PLS_og_styresystemer\/Industri_PC\/Emerson_BlackBox_IPC_duotone_1920x800-1024x427.jpg 1024w, https:\/\/www.novotek.com\/no\/wp-content\/uploads\/sites\/5\/Automasjon\/PLS_og_styresystemer\/Industri_PC\/Emerson_BlackBox_IPC_duotone_1920x800-300x125.jpg 300w, https:\/\/www.novotek.com\/no\/wp-content\/uploads\/sites\/5\/Automasjon\/PLS_og_styresystemer\/Industri_PC\/Emerson_BlackBox_IPC_duotone_1920x800-768x320.jpg 768w, https:\/\/www.novotek.com\/no\/wp-content\/uploads\/sites\/5\/Automasjon\/PLS_og_styresystemer\/Industri_PC\/Emerson_BlackBox_IPC_duotone_1920x800-1536x640.jpg 1536w, https:\/\/www.novotek.com\/no\/wp-content\/uploads\/sites\/5\/Automasjon\/PLS_og_styresystemer\/Industri_PC\/Emerson_BlackBox_IPC_duotone_1920x800.jpg 1920w\" sizes=\"(max-width: 1024px) 100vw, 1024px\" \/>                  <\/div>\n          <\/div>\n\n      <\/div>\n\n   <div class=\"floating-breadcrumb\"><div class=\"container\"><span><span><a href=\"https:\/\/www.novotek.com\/no\/\" class=\"breadcrumb-frontpage\">Home<\/a><\/span><\/span><\/div><\/div>\n\n\n<div class=\"container-md paragraph  \">\n<p>RXi2-BP Industrial PC fra Emerson er en kompakt, robust <strong><a href=\"https:\/\/www.novotek.com\/no\/automasjon\/pls-og-styresystemer\/industri-pc-ipc\/\">industri-PC<\/a><\/strong> med sv\u00e6rt h\u00f8y ytelse. IPC\u2019en er ideell for en rekke krevende industrielle applikasjoner, og kan kj\u00f8re <strong><a href=\"https:\/\/www.novotek.com\/no\/automasjon\/scada\/\">HMI\/SCADA<\/a><\/strong>, <a href=\"https:\/\/www.novotek.com\/no\/digitalisering\/datainnsamling-og-rapportering\/proficy-historian\/\"><strong>Historian<\/strong><\/a> og analyseprogrammer for bedre sanntidskontroll av drift og produksjon. RXi2-BP IPC kan enkelt integreres med andre systemer i produksjonen.<\/p>\n<\/div>\n\n<div class=\"container media-text  align\">\n<div class=\"wp-block-media-text is-stacked-on-mobile\"><figure class=\"wp-block-media-text__media\"><img loading=\"lazy\" decoding=\"async\" width=\"800\" height=\"800\" src=\"https:\/\/www.novotek.com\/no\/wp-content\/uploads\/sites\/5\/Automasjon\/PLS_og_styresystemer\/Industri_PC\/Emerson_BlackBox_IPC2_duotone_800x800.jpg\" alt=\"Emerson RXi2-BP Industri-PC\" class=\"wp-image-2776 size-full\" srcset=\"https:\/\/www.novotek.com\/no\/wp-content\/uploads\/sites\/5\/Automasjon\/PLS_og_styresystemer\/Industri_PC\/Emerson_BlackBox_IPC2_duotone_800x800.jpg 800w, https:\/\/www.novotek.com\/no\/wp-content\/uploads\/sites\/5\/Automasjon\/PLS_og_styresystemer\/Industri_PC\/Emerson_BlackBox_IPC2_duotone_800x800-300x300.jpg 300w, https:\/\/www.novotek.com\/no\/wp-content\/uploads\/sites\/5\/Automasjon\/PLS_og_styresystemer\/Industri_PC\/Emerson_BlackBox_IPC2_duotone_800x800-150x150.jpg 150w, https:\/\/www.novotek.com\/no\/wp-content\/uploads\/sites\/5\/Automasjon\/PLS_og_styresystemer\/Industri_PC\/Emerson_BlackBox_IPC2_duotone_800x800-768x768.jpg 768w\" sizes=\"auto, (max-width: 800px) 100vw, 800px\" \/><\/figure><div class=\"wp-block-media-text__content\"><div class=\"container-md heading  \">\n<h2 class=\"wp-block-heading\">Databehandling med h\u00f8y ytelse<\/h2>\n<\/div>\n\n<div class=\"container-md paragraph  \">\n<p>RXi2-BP kombinerer h\u00f8y ytelse og gode databehandlingsevner med et kompakt og robust kabinett: En \u00abBlack Box IPC\u00bb uten skjerm, tastatur eller mus. IPC-en er designet for \u00e5 fungere effektivt i t\u00f8ffe industrielle milj\u00f8er, er st\u00f8t og vibrasjonssikker og t\u00e5ler temperaturer fra -40 til 70 grader.<\/p>\n<\/div>\n\n<div class=\"container-md paragraph  \">\n<p>Programvaren er kompatibel med ulike applikasjoner, kraftig nok til \u00e5 st\u00f8tte flere protokoller og drivere inn i \u00e9n enkelt plattform, og gir sikker kommunikasjon og redundante nettverk. Emerson bruker de nyeste AMD Ryzen-prosessorene for best mulig ytelse. RXi2-BP IPC har opptil 16 GB ECC RAM, 4-6 GB Ethernet-grensesnitt og h\u00f8yhastighets SSD-disklagring i industriell kvalitet. Disse funksjonene gj\u00f8r RXi2-BP IPC til en optimal plattform for \u00e5 kj\u00f8re industrielle applikasjoner rett ved maskinen. PCIer kombinert med avanserte CPUer muliggj\u00f8r databehandling av h\u00f8y ytelse.<\/p>\n<\/div><\/div><\/div>\n<\/div>\n\n<div class=\"container-md heading  \">\n<h4 class=\"wp-block-heading\">Funksjoner<\/h4>\n<\/div>\n\n<div class=\"container-md list  \">\n<ul style=\"background-color:#f8f8f8\" class=\"wp-block-list has-background\"><div class=\"container-md list-item  \">\n<li>Kompakt, robust \u00abBlack Box\u00bb IPC uten skjerm, tastatur eller mus, utviklet for \u00e5 takle t\u00f8ffe, industrielle milj\u00f8er.<\/li>\n<\/div>\n\n<div class=\"container-md list-item  \">\n<li>Ideell for en rekke krevende industrielle applikasjoner, inkludert HMI\/SCADA, Historian og analyseprogrammer.\u00a0<\/li>\n<\/div>\n\n<div class=\"container-md list-item  \">\n<li>Enkel integrasjon med andre systemer i produksjonen.<\/li>\n<\/div>\n\n<div class=\"container-md list-item  \">\n<li>St\u00f8tte for mer enn 150 ulike protokoller.\u00a0<\/li>\n<\/div>\n\n<div class=\"container-md list-item  \">\n<li>St\u00f8t og vibrasjonssikker, t\u00e5ler temperaturer fra -40 til 70 grader.<\/li>\n<\/div>\n\n<div class=\"container-md list-item  \">\n<li>Uten vifte for \u00e5 minimere oppsamling av st\u00f8v.\u00a0<\/li>\n<\/div>\n\n<div class=\"container-md list-item  \">\n<li>16 GB ECC RAM, 4-6 GB Ethernet-grensesnitt og h\u00f8yhastighets SSD-disklagring i industriell kvalitet.<\/li>\n<\/div>\n\n<div class=\"container-md list-item  \">\n<li>Kombinerer PCIer med avanserte CPUer for databehandling av h\u00f8y ytelse.<\/li>\n<\/div>\n\n<div class=\"container-md list-item  \">\n<li>Benytter Trusted Platform Module 2.0 og Microsoft Secure Boot for \u00e5 gj\u00f8re datastr\u00f8mmen sikker.\u00a0<\/li>\n<\/div><\/ul>\n<\/div>\n\n<div class=\"container-md spacer  \">\n<div style=\"height:10px\" aria-hidden=\"true\" class=\"wp-block-spacer\"><\/div>\n<\/div>\n\n<div class=\"container-md heading  \">\n<h4 class=\"wp-block-heading\">Tekniske spesifikasjoner<\/h4>\n<\/div>\n\n<div class=\"container-md paragraph  \">\n<p><strong>IPC Family<\/strong><\/p>\n<\/div>\n\n<div class=\"container-md list  \">\n<ul style=\"background-color:#f8f8f8\" class=\"wp-block-list has-background\"><div class=\"container-md list-item  \">\n<li>RXi2-BP AMD Ryzen V1000\/R1000 Series<\/li>\n<\/div><\/ul>\n<\/div>\n\n<div class=\"container-md paragraph  \">\n<p><strong>CPU<\/strong><\/p>\n<\/div>\n\n<div class=\"container-md list  \">\n<ul style=\"background-color:#f8f8f8\" class=\"wp-block-list has-background\"><div class=\"container-md list-item  \">\n<li>V1605B, 12-25W, 4c 2.0GHz (3.6GHz), Vega 8 graphics<\/li>\n<\/div>\n\n<div class=\"container-md list-item  \">\n<li>V1404I, 12-25W, 4c 2.0GHz (3.6GHz), Vega 8 graphics<\/li>\n<\/div>\n\n<div class=\"container-md list-item  \">\n<li>R1505G, 12-25W, 2c 2.4GHz (3.3GHz), Vega 3 graphics<\/li>\n<\/div>\n\n<div class=\"container-md list-item  \">\n<li>R1305G, 8-10W, 2c1.5GHz (2.8GHz), Vega 3 graphics<br><\/li>\n<\/div><\/ul>\n<\/div>\n\n<div class=\"container-md paragraph  \">\n<p><strong>CPU Core Count:<\/strong>&nbsp;4<\/p>\n<\/div>\n\n<div class=\"container-md paragraph  \">\n<p><strong>Memory:<\/strong>&nbsp;4-16GB ECC<\/p>\n<\/div>\n\n<div class=\"container-md paragraph  \">\n<p><strong>Storage:<\/strong>&nbsp;64-512GB SSD<\/p>\n<\/div>\n\n<div class=\"container-md paragraph  \">\n<p><strong>Non-Volatile RAM:<\/strong>&nbsp;Optional 1 to 4 Mbit MRAM<br><\/p>\n<\/div>\n\n<div class=\"container-md paragraph  \">\n<p><strong>Ethernet<\/strong><\/p>\n<\/div>\n\n<div class=\"container-md list  \">\n<ul style=\"background-color:#f8f8f8\" class=\"wp-block-list has-background\"><div class=\"container-md list-item  \">\n<li>Four 10\/100\/1000BASE-T Ethernet ports<\/li>\n<\/div>\n\n<div class=\"container-md list-item  \">\n<li>Option to expand to 6 ports<\/li>\n<\/div>\n\n<div class=\"container-md list-item  \">\n<li>Option to support 3x SFP port<\/li>\n<\/div><\/ul>\n<\/div>\n\n<div class=\"container-md paragraph  \">\n<p><strong>USB:<\/strong><\/p>\n<\/div>\n\n<div class=\"container-md list  \">\n<ul style=\"background-color:#f8f8f8\" class=\"wp-block-list has-background\"><div class=\"container-md list-item  \">\n<li>Two USB 3.1 Gen 1<\/li>\n<\/div>\n\n<div class=\"container-md list-item  \">\n<li>Two USB 2.0<\/li>\n<\/div><\/ul>\n<\/div>\n\n<div class=\"container-md paragraph  \">\n<p><strong>Serial Interfaces:<\/strong>&nbsp;1xRS232, 1xRS422\/485<br><\/p>\n<\/div>\n\n<div class=\"container-md paragraph  \">\n<p><strong>Expansion Slots<\/strong><\/p>\n<\/div>\n\n<div class=\"container-md list  \">\n<ul style=\"background-color:#f8f8f8\" class=\"wp-block-list has-background\"><div class=\"container-md list-item  \">\n<li>Optional mini PCIe slot with UIM card holder, can be used for Cellular Modem or WiFi\/BlueTooth<\/li>\n<\/div>\n\n<div class=\"container-md list-item  \">\n<li>Optional 1, 2 PCIe expansion slots<\/li>\n<\/div><\/ul>\n<\/div>\n\n<div class=\"container-md paragraph  \">\n<p><strong>Pre-installed OS<\/strong><\/p>\n<\/div>\n\n<div class=\"container-md list  \">\n<ul style=\"background-color:#f8f8f8\" class=\"wp-block-list has-background\"><div class=\"container-md list-item  \">\n<li>Windows\u00ae 10 IoT 2019 LTSC<\/li>\n<\/div>\n\n<div class=\"container-md list-item  \">\n<li>Linux Ubuntu 18.04, 20.04, and above<\/li>\n<\/div>\n\n<div class=\"container-md list-item  \">\n<li>VxWorks\u00ae 7.0 (upon request)<\/li>\n<\/div><\/ul>\n<\/div>\n\n<div class=\"container-md paragraph  \">\n<p><strong>Operating Range<\/strong><\/p>\n<\/div>\n\n<div class=\"container-md list  \">\n<ul style=\"background-color:#f8f8f8\" class=\"wp-block-list has-background\"><div class=\"container-md list-item  \">\n<li>Standard 0\u00b0C up to +70\u00b0C<\/li>\n<\/div>\n\n<div class=\"container-md list-item  \">\n<li>Extended -40\u00b0C up to +70\u00b0C<\/li>\n<\/div>\n\n<div class=\"container-md list-item  \">\n<li>Humidity 5-95% @ +40\u00b0C<\/li>\n<\/div>\n\n<div class=\"container-md list-item  \">\n<li>Altitude 6,600 ft. (2.0km)<\/li>\n<\/div><\/ul>\n<\/div>\n\n<div class=\"container-md spacer  \">\n<div style=\"height:10px\" aria-hidden=\"true\" class=\"wp-block-spacer\"><\/div>\n<\/div>\n\n<div class=\"container-md heading  \">\n<h2 class=\"wp-block-heading\">RXi2-BP Industrial PC: Neste generasjons industri-PC fra Emerson<\/h2>\n<\/div>\n\n<div class=\"container-md image  \">\n<figure class=\"wp-block-image size-large\"><img loading=\"lazy\" decoding=\"async\" width=\"555\" height=\"288\" src=\"https:\/\/www.novotek.com\/no\/wp-content\/uploads\/sites\/5\/Automasjon\/PLS_og_styresystemer\/Industri_PC\/Emerson_RXi2BP_IPC_wide.jpg\" alt=\"Emerson industri-PC: RXi2BP IPC\" class=\"wp-image-2156\" srcset=\"https:\/\/www.novotek.com\/no\/wp-content\/uploads\/sites\/5\/Automasjon\/PLS_og_styresystemer\/Industri_PC\/Emerson_RXi2BP_IPC_wide.jpg 555w, https:\/\/www.novotek.com\/no\/wp-content\/uploads\/sites\/5\/Automasjon\/PLS_og_styresystemer\/Industri_PC\/Emerson_RXi2BP_IPC_wide-300x156.jpg 300w\" sizes=\"auto, (max-width: 555px) 100vw, 555px\" \/><\/figure>\n<\/div>\n\n<div class=\"container-md paragraph  \">\n<p>RXi2-BP IPC er en sv\u00e6rt p\u00e5litelig IPC med lang livssyklus, perfekt for h\u00e5ndtering av industrielle applikasjoner. Redusert vedlikehold, lavt str\u00f8mforbruk og enkel fremtidig ytelsesoppgradering er noen av fordelene som f\u00f8lger med IPCen.&nbsp;<\/p>\n<\/div>\n\n<div class=\"container-md paragraph  \">\n<p>Med RXi2-BP IPC utvikler Emerson neste generasjons industri-PC: Nye prosessorvalg, \u00f8kt og raskere lagring, bedre grafikk og h\u00f8yere sikkerhet er blant funksjonene.&nbsp;<a href=\"https:\/\/www.emerson.com\/no-no\/automation\/control-and-safety-systems\/industrial-computing\/industrial-pc-ipc\" target=\"_blank\" rel=\"noreferrer noopener\"><strong>Les mer om Emerson og RXi2-BP IPC p\u00e5 deres nettsider her<\/strong>.<\/a><\/p>\n<\/div>\n\n<div class=\"container-md paragraph  \">\n<p>Har du behov for en kraftig industri-PC i din bedrift? V\u00e5re konsulenter hjelper deg med \u00e5 finne rett m\u00e5te \u00e5 installere RXi2-BP IPC.&nbsp;<\/p>\n<\/div>\n\n<div class=\"container-md spacer  \">\n<div style=\"height:100px\" aria-hidden=\"true\" class=\"wp-block-spacer\"><\/div>\n<\/div>","protected":false},"excerpt":{"rendered":"<p>RXi2-BP Industrial PC fra Emerson er en kompakt, robust industri-PC med sv\u00e6rt h\u00f8y ytelse. IPC\u2019en er ideell for en rekke krevende industrielle applikasjoner, og kan kj\u00f8re HMI\/SCADA, Historian og analyseprogrammer for bedre sanntidskontroll av drift og produksjon. RXi2-BP IPC kan enkelt integreres med andre systemer i produksjonen. Databehandling med h\u00f8y ytelse RXi2-BP kombinerer h\u00f8y ytelse [&hellip;]<\/p>\n","protected":false},"author":7,"featured_media":0,"parent":275,"menu_order":0,"comment_status":"closed","ping_status":"closed","template":"","meta":{"_acf_changed":false,"_relevanssi_hide_post":"","_relevanssi_pin_for_all":"","_relevanssi_pin_keywords":"","_relevanssi_unpin_keywords":"","_relevanssi_related_keywords":"","_relevanssi_related_include_ids":"","_relevanssi_related_exclude_ids":"","_relevanssi_related_no_append":"","_relevanssi_related_not_related":"","_relevanssi_related_posts":"1","_relevanssi_noindex_reason":"","footnotes":""},"class_list":["post-945","page","type-page","status-publish","hentry"],"acf":[],"yoast_head":"<!-- This site is optimized with the Yoast SEO plugin v27.4 - https:\/\/yoast.com\/product\/yoast-seo-wordpress\/ -->\n<title>RXi2-BP Industrial PC - Novotek Norge<\/title>\n<meta name=\"description\" content=\"RXi2-BP Industrial PC fra Emerson er en kompakt, robust industri-PC med sv\u00e6rt h\u00f8y ytelse, designet for \u00e5 takle t\u00f8ffe industrielle milj\u00f8er.\" \/>\n<meta name=\"robots\" content=\"index, follow, max-snippet:-1, max-image-preview:large, max-video-preview:-1\" \/>\n<link rel=\"canonical\" href=\"https:\/\/www.novotek.com\/no\/automasjon\/pls-og-styresystemer\/industri-pc-ipc\/rxi2-bp-industrial-pc\/\" \/>\n<meta property=\"og:locale\" content=\"nb_NO\" \/>\n<meta property=\"og:type\" content=\"article\" \/>\n<meta property=\"og:title\" content=\"RXi2-BP Industrial PC - Novotek Norge\" \/>\n<meta property=\"og:description\" content=\"RXi2-BP Industrial PC fra Emerson er en kompakt, robust industri-PC med sv\u00e6rt h\u00f8y ytelse, designet for \u00e5 takle t\u00f8ffe industrielle milj\u00f8er.\" \/>\n<meta property=\"og:url\" content=\"https:\/\/www.novotek.com\/no\/automasjon\/pls-og-styresystemer\/industri-pc-ipc\/rxi2-bp-industrial-pc\/\" \/>\n<meta property=\"og:site_name\" content=\"Novotek Norge\" \/>\n<meta property=\"article:modified_time\" content=\"2025-07-04T07:25:50+00:00\" \/>\n<meta property=\"og:image\" content=\"https:\/\/www.novotek.com\/no\/wp-content\/uploads\/sites\/5\/Automasjon\/PLS_og_styresystemer\/Industri_PC\/Emerson_BlackBox_IPC2_duotone_800x800.jpg\" \/>\n<meta name=\"twitter:card\" content=\"summary_large_image\" \/>\n<meta name=\"twitter:label1\" content=\"Ansl. lesetid\" \/>\n\t<meta name=\"twitter:data1\" content=\"4 minutter\" \/>\n<script type=\"application\/ld+json\" class=\"yoast-schema-graph\">{\"@context\":\"https:\\\/\\\/schema.org\",\"@graph\":[{\"@type\":\"WebPage\",\"@id\":\"https:\\\/\\\/www.novotek.com\\\/no\\\/automasjon\\\/pls-og-styresystemer\\\/industri-pc-ipc\\\/rxi2-bp-industrial-pc\\\/\",\"url\":\"https:\\\/\\\/www.novotek.com\\\/no\\\/automasjon\\\/pls-og-styresystemer\\\/industri-pc-ipc\\\/rxi2-bp-industrial-pc\\\/\",\"name\":\"RXi2-BP Industrial PC - Novotek Norge\",\"isPartOf\":{\"@id\":\"https:\\\/\\\/www.novotek.com\\\/no\\\/#website\"},\"primaryImageOfPage\":{\"@id\":\"https:\\\/\\\/www.novotek.com\\\/no\\\/automasjon\\\/pls-og-styresystemer\\\/industri-pc-ipc\\\/rxi2-bp-industrial-pc\\\/#primaryimage\"},\"image\":{\"@id\":\"https:\\\/\\\/www.novotek.com\\\/no\\\/automasjon\\\/pls-og-styresystemer\\\/industri-pc-ipc\\\/rxi2-bp-industrial-pc\\\/#primaryimage\"},\"thumbnailUrl\":\"https:\\\/\\\/www.novotek.com\\\/no\\\/wp-content\\\/uploads\\\/sites\\\/5\\\/Automasjon\\\/PLS_og_styresystemer\\\/Industri_PC\\\/Emerson_BlackBox_IPC2_duotone_800x800.jpg\",\"datePublished\":\"2021-06-02T13:33:09+00:00\",\"dateModified\":\"2025-07-04T07:25:50+00:00\",\"description\":\"RXi2-BP Industrial PC fra Emerson er en kompakt, robust industri-PC med sv\u00e6rt h\u00f8y ytelse, designet for \u00e5 takle t\u00f8ffe industrielle milj\u00f8er.\",\"breadcrumb\":{\"@id\":\"https:\\\/\\\/www.novotek.com\\\/no\\\/automasjon\\\/pls-og-styresystemer\\\/industri-pc-ipc\\\/rxi2-bp-industrial-pc\\\/#breadcrumb\"},\"inLanguage\":\"nb-NO\",\"potentialAction\":[{\"@type\":\"ReadAction\",\"target\":[\"https:\\\/\\\/www.novotek.com\\\/no\\\/automasjon\\\/pls-og-styresystemer\\\/industri-pc-ipc\\\/rxi2-bp-industrial-pc\\\/\"]}]},{\"@type\":\"ImageObject\",\"inLanguage\":\"nb-NO\",\"@id\":\"https:\\\/\\\/www.novotek.com\\\/no\\\/automasjon\\\/pls-og-styresystemer\\\/industri-pc-ipc\\\/rxi2-bp-industrial-pc\\\/#primaryimage\",\"url\":\"https:\\\/\\\/www.novotek.com\\\/no\\\/wp-content\\\/uploads\\\/sites\\\/5\\\/Automasjon\\\/PLS_og_styresystemer\\\/Industri_PC\\\/Emerson_BlackBox_IPC2_duotone_800x800.jpg\",\"contentUrl\":\"https:\\\/\\\/www.novotek.com\\\/no\\\/wp-content\\\/uploads\\\/sites\\\/5\\\/Automasjon\\\/PLS_og_styresystemer\\\/Industri_PC\\\/Emerson_BlackBox_IPC2_duotone_800x800.jpg\",\"width\":800,\"height\":800,\"caption\":\"Emerson RXi2-BP Industri-PC\"},{\"@type\":\"BreadcrumbList\",\"@id\":\"https:\\\/\\\/www.novotek.com\\\/no\\\/automasjon\\\/pls-og-styresystemer\\\/industri-pc-ipc\\\/rxi2-bp-industrial-pc\\\/#breadcrumb\",\"itemListElement\":[{\"@type\":\"ListItem\",\"position\":1,\"name\":\"Home\",\"item\":\"https:\\\/\\\/www.novotek.com\\\/no\\\/\"},{\"@type\":\"ListItem\",\"position\":2,\"name\":\"Automasjon\",\"item\":\"https:\\\/\\\/www.novotek.com\\\/no\\\/automasjon\\\/\"},{\"@type\":\"ListItem\",\"position\":3,\"name\":\"PLS og styresystemer\",\"item\":\"https:\\\/\\\/www.novotek.com\\\/no\\\/automasjon\\\/pls-og-styresystemer\\\/\"},{\"@type\":\"ListItem\",\"position\":4,\"name\":\"Industri-PC (IPC)\",\"item\":\"https:\\\/\\\/www.novotek.com\\\/no\\\/automasjon\\\/pls-og-styresystemer\\\/industri-pc-ipc\\\/\"},{\"@type\":\"ListItem\",\"position\":5,\"name\":\"RXi2-BP Industrial PC\"}]},{\"@type\":\"WebSite\",\"@id\":\"https:\\\/\\\/www.novotek.com\\\/no\\\/#website\",\"url\":\"https:\\\/\\\/www.novotek.com\\\/no\\\/\",\"name\":\"Novotek Norge\",\"description\":\"Automasjon, digitalisering og Analytics\",\"publisher\":{\"@id\":\"https:\\\/\\\/www.novotek.com\\\/no\\\/#organization\"},\"potentialAction\":[{\"@type\":\"SearchAction\",\"target\":{\"@type\":\"EntryPoint\",\"urlTemplate\":\"https:\\\/\\\/www.novotek.com\\\/no\\\/?s={search_term_string}\"},\"query-input\":{\"@type\":\"PropertyValueSpecification\",\"valueRequired\":true,\"valueName\":\"search_term_string\"}}],\"inLanguage\":\"nb-NO\"},{\"@type\":\"Organization\",\"@id\":\"https:\\\/\\\/www.novotek.com\\\/no\\\/#organization\",\"name\":\"Novotek AS\",\"url\":\"https:\\\/\\\/www.novotek.com\\\/no\\\/\",\"logo\":{\"@type\":\"ImageObject\",\"inLanguage\":\"nb-NO\",\"@id\":\"https:\\\/\\\/www.novotek.com\\\/no\\\/#\\\/schema\\\/logo\\\/image\\\/\",\"url\":\"https:\\\/\\\/www.novotek.com\\\/no\\\/wp-content\\\/uploads\\\/sites\\\/5\\\/Forside\\\/Novotek_logo.png\",\"contentUrl\":\"https:\\\/\\\/www.novotek.com\\\/no\\\/wp-content\\\/uploads\\\/sites\\\/5\\\/Forside\\\/Novotek_logo.png\",\"width\":1200,\"height\":348,\"caption\":\"Novotek AS\"},\"image\":{\"@id\":\"https:\\\/\\\/www.novotek.com\\\/no\\\/#\\\/schema\\\/logo\\\/image\\\/\"},\"sameAs\":[\"https:\\\/\\\/www.linkedin.com\\\/company\\\/novotek-as\"]}]}<\/script>\n<!-- \/ Yoast SEO plugin. -->","yoast_head_json":{"title":"RXi2-BP Industrial PC - Novotek Norge","description":"RXi2-BP Industrial PC fra Emerson er en kompakt, robust industri-PC med sv\u00e6rt h\u00f8y ytelse, designet for \u00e5 takle t\u00f8ffe industrielle milj\u00f8er.","robots":{"index":"index","follow":"follow","max-snippet":"max-snippet:-1","max-image-preview":"max-image-preview:large","max-video-preview":"max-video-preview:-1"},"canonical":"https:\/\/www.novotek.com\/no\/automasjon\/pls-og-styresystemer\/industri-pc-ipc\/rxi2-bp-industrial-pc\/","og_locale":"nb_NO","og_type":"article","og_title":"RXi2-BP Industrial PC - Novotek Norge","og_description":"RXi2-BP Industrial PC fra Emerson er en kompakt, robust industri-PC med sv\u00e6rt h\u00f8y ytelse, designet for \u00e5 takle t\u00f8ffe industrielle milj\u00f8er.","og_url":"https:\/\/www.novotek.com\/no\/automasjon\/pls-og-styresystemer\/industri-pc-ipc\/rxi2-bp-industrial-pc\/","og_site_name":"Novotek Norge","article_modified_time":"2025-07-04T07:25:50+00:00","og_image":[{"url":"https:\/\/www.novotek.com\/no\/wp-content\/uploads\/sites\/5\/Automasjon\/PLS_og_styresystemer\/Industri_PC\/Emerson_BlackBox_IPC2_duotone_800x800.jpg","type":"","width":"","height":""}],"twitter_card":"summary_large_image","twitter_misc":{"Ansl. lesetid":"4 minutter"},"schema":{"@context":"https:\/\/schema.org","@graph":[{"@type":"WebPage","@id":"https:\/\/www.novotek.com\/no\/automasjon\/pls-og-styresystemer\/industri-pc-ipc\/rxi2-bp-industrial-pc\/","url":"https:\/\/www.novotek.com\/no\/automasjon\/pls-og-styresystemer\/industri-pc-ipc\/rxi2-bp-industrial-pc\/","name":"RXi2-BP Industrial PC - Novotek Norge","isPartOf":{"@id":"https:\/\/www.novotek.com\/no\/#website"},"primaryImageOfPage":{"@id":"https:\/\/www.novotek.com\/no\/automasjon\/pls-og-styresystemer\/industri-pc-ipc\/rxi2-bp-industrial-pc\/#primaryimage"},"image":{"@id":"https:\/\/www.novotek.com\/no\/automasjon\/pls-og-styresystemer\/industri-pc-ipc\/rxi2-bp-industrial-pc\/#primaryimage"},"thumbnailUrl":"https:\/\/www.novotek.com\/no\/wp-content\/uploads\/sites\/5\/Automasjon\/PLS_og_styresystemer\/Industri_PC\/Emerson_BlackBox_IPC2_duotone_800x800.jpg","datePublished":"2021-06-02T13:33:09+00:00","dateModified":"2025-07-04T07:25:50+00:00","description":"RXi2-BP Industrial PC fra Emerson er en kompakt, robust industri-PC med sv\u00e6rt h\u00f8y ytelse, designet for \u00e5 takle t\u00f8ffe industrielle milj\u00f8er.","breadcrumb":{"@id":"https:\/\/www.novotek.com\/no\/automasjon\/pls-og-styresystemer\/industri-pc-ipc\/rxi2-bp-industrial-pc\/#breadcrumb"},"inLanguage":"nb-NO","potentialAction":[{"@type":"ReadAction","target":["https:\/\/www.novotek.com\/no\/automasjon\/pls-og-styresystemer\/industri-pc-ipc\/rxi2-bp-industrial-pc\/"]}]},{"@type":"ImageObject","inLanguage":"nb-NO","@id":"https:\/\/www.novotek.com\/no\/automasjon\/pls-og-styresystemer\/industri-pc-ipc\/rxi2-bp-industrial-pc\/#primaryimage","url":"https:\/\/www.novotek.com\/no\/wp-content\/uploads\/sites\/5\/Automasjon\/PLS_og_styresystemer\/Industri_PC\/Emerson_BlackBox_IPC2_duotone_800x800.jpg","contentUrl":"https:\/\/www.novotek.com\/no\/wp-content\/uploads\/sites\/5\/Automasjon\/PLS_og_styresystemer\/Industri_PC\/Emerson_BlackBox_IPC2_duotone_800x800.jpg","width":800,"height":800,"caption":"Emerson RXi2-BP Industri-PC"},{"@type":"BreadcrumbList","@id":"https:\/\/www.novotek.com\/no\/automasjon\/pls-og-styresystemer\/industri-pc-ipc\/rxi2-bp-industrial-pc\/#breadcrumb","itemListElement":[{"@type":"ListItem","position":1,"name":"Home","item":"https:\/\/www.novotek.com\/no\/"},{"@type":"ListItem","position":2,"name":"Automasjon","item":"https:\/\/www.novotek.com\/no\/automasjon\/"},{"@type":"ListItem","position":3,"name":"PLS og styresystemer","item":"https:\/\/www.novotek.com\/no\/automasjon\/pls-og-styresystemer\/"},{"@type":"ListItem","position":4,"name":"Industri-PC (IPC)","item":"https:\/\/www.novotek.com\/no\/automasjon\/pls-og-styresystemer\/industri-pc-ipc\/"},{"@type":"ListItem","position":5,"name":"RXi2-BP Industrial PC"}]},{"@type":"WebSite","@id":"https:\/\/www.novotek.com\/no\/#website","url":"https:\/\/www.novotek.com\/no\/","name":"Novotek Norge","description":"Automasjon, digitalisering og Analytics","publisher":{"@id":"https:\/\/www.novotek.com\/no\/#organization"},"potentialAction":[{"@type":"SearchAction","target":{"@type":"EntryPoint","urlTemplate":"https:\/\/www.novotek.com\/no\/?s={search_term_string}"},"query-input":{"@type":"PropertyValueSpecification","valueRequired":true,"valueName":"search_term_string"}}],"inLanguage":"nb-NO"},{"@type":"Organization","@id":"https:\/\/www.novotek.com\/no\/#organization","name":"Novotek AS","url":"https:\/\/www.novotek.com\/no\/","logo":{"@type":"ImageObject","inLanguage":"nb-NO","@id":"https:\/\/www.novotek.com\/no\/#\/schema\/logo\/image\/","url":"https:\/\/www.novotek.com\/no\/wp-content\/uploads\/sites\/5\/Forside\/Novotek_logo.png","contentUrl":"https:\/\/www.novotek.com\/no\/wp-content\/uploads\/sites\/5\/Forside\/Novotek_logo.png","width":1200,"height":348,"caption":"Novotek AS"},"image":{"@id":"https:\/\/www.novotek.com\/no\/#\/schema\/logo\/image\/"},"sameAs":["https:\/\/www.linkedin.com\/company\/novotek-as"]}]}},"_links":{"self":[{"href":"https:\/\/www.novotek.com\/no\/wp-json\/wp\/v2\/pages\/945","targetHints":{"allow":["GET"]}}],"collection":[{"href":"https:\/\/www.novotek.com\/no\/wp-json\/wp\/v2\/pages"}],"about":[{"href":"https:\/\/www.novotek.com\/no\/wp-json\/wp\/v2\/types\/page"}],"author":[{"embeddable":true,"href":"https:\/\/www.novotek.com\/no\/wp-json\/wp\/v2\/users\/7"}],"replies":[{"embeddable":true,"href":"https:\/\/www.novotek.com\/no\/wp-json\/wp\/v2\/comments?post=945"}],"version-history":[{"count":14,"href":"https:\/\/www.novotek.com\/no\/wp-json\/wp\/v2\/pages\/945\/revisions"}],"predecessor-version":[{"id":16134,"href":"https:\/\/www.novotek.com\/no\/wp-json\/wp\/v2\/pages\/945\/revisions\/16134"}],"up":[{"embeddable":true,"href":"https:\/\/www.novotek.com\/no\/wp-json\/wp\/v2\/pages\/275"}],"wp:attachment":[{"href":"https:\/\/www.novotek.com\/no\/wp-json\/wp\/v2\/media?parent=945"}],"curies":[{"name":"wp","href":"https:\/\/api.w.org\/{rel}","templated":true}]}}