{"id":971,"date":"2021-06-04T10:49:55","date_gmt":"2021-06-04T10:49:55","guid":{"rendered":"https:\/\/www.novotek.com\/no\/?page_id=971"},"modified":"2025-08-29T09:05:20","modified_gmt":"2025-08-29T09:05:20","slug":"machine-edition","status":"publish","type":"page","link":"https:\/\/www.novotek.com\/no\/automasjon\/pls-og-styresystemer\/machine-edition\/","title":{"rendered":"Machine Edition"},"content":{"rendered":"  <div class=\"hero\">\n    <div class=\"carousel hero-slider small\" data-flickity data-flickity-options='{\"prevNextButtons\": false}'>\n              <div class=\"carousel-cell\">\n          <div class=\"container\">\n            <div class=\"hero-content\">\n                              <h1>Machine Edition<\/h1>\n<p>Et omfattende verkt\u00f8y for \u00e5 konfigurere kontroll- og HMI-applikasjoner for PAC-systemer, PLSer og mer.<\/p>\n              \n                          <\/div>\n          <\/div>\n\n          <img decoding=\"async\" width=\"1024\" height=\"427\" src=\"https:\/\/www.novotek.com\/no\/wp-content\/uploads\/sites\/5\/Automasjon\/PLS_og_styresystemer\/Machine_Edition\/Novotek_MachineEdition_duotone_1920x800-1024x427.jpg\" class=\"hero-bg\" alt=\"Hero Img\" fetchpriority=\"high\" srcset=\"https:\/\/www.novotek.com\/no\/wp-content\/uploads\/sites\/5\/Automasjon\/PLS_og_styresystemer\/Machine_Edition\/Novotek_MachineEdition_duotone_1920x800-1024x427.jpg 1024w, https:\/\/www.novotek.com\/no\/wp-content\/uploads\/sites\/5\/Automasjon\/PLS_og_styresystemer\/Machine_Edition\/Novotek_MachineEdition_duotone_1920x800-300x125.jpg 300w, https:\/\/www.novotek.com\/no\/wp-content\/uploads\/sites\/5\/Automasjon\/PLS_og_styresystemer\/Machine_Edition\/Novotek_MachineEdition_duotone_1920x800-768x320.jpg 768w, https:\/\/www.novotek.com\/no\/wp-content\/uploads\/sites\/5\/Automasjon\/PLS_og_styresystemer\/Machine_Edition\/Novotek_MachineEdition_duotone_1920x800-1536x640.jpg 1536w, https:\/\/www.novotek.com\/no\/wp-content\/uploads\/sites\/5\/Automasjon\/PLS_og_styresystemer\/Machine_Edition\/Novotek_MachineEdition_duotone_1920x800.jpg 1920w\" sizes=\"(max-width: 1024px) 100vw, 1024px\" \/>                  <\/div>\n          <\/div>\n\n      <\/div>\n\n   <div class=\"floating-breadcrumb\"><div class=\"container\"><span><span><a href=\"https:\/\/www.novotek.com\/no\/\" class=\"breadcrumb-frontpage\">Home<\/a><\/span><\/span><\/div><\/div>\n\n\n<div class=\"container-md paragraph  \">\n<p>Machine Edition fra Emerson er et komplett utviklingsverkt\u00f8y for programmering av kontrollere og oppsett av HMI-paneler. Ett enkelt sett med verkt\u00f8y dekker alle kontrollere, og sikrer at de bruker de samme dataene. Dette gj\u00f8r at hele automasjonsportef\u00f8ljen kan programmeres, konfigureres og vedlikeholdes med samme verkt\u00f8y, &#8211; p\u00e5 \u00e9n enkelt plattform.&nbsp;<\/p>\n<\/div>\n\n<div class=\"container-md paragraph  \">\n<p>\u00c5pne standarder tillater s\u00f8ml\u00f8s integrasjon mellom komponentene, mens forh\u00e5ndsdefinerte gjenbrukbare moduler gj\u00f8r det raskere \u00e5 gjennomf\u00f8re prosjekter. Programvaren kommer med blant annet drag-and-drop-funksjoner, ActiveX, dynamisk hjelp og felles diagnostisk verkt\u00f8y for bedre brukervennlighet. Med Machine Edition reduseres programmering- og konfigurasjonstiden betydelig, slik at operat\u00f8rer kan l\u00f8se produksjonsutfordringer raskere.<\/p>\n<\/div>\n\n<div class=\"container-md spacer  \">\n<div style=\"height:10px\" aria-hidden=\"true\" class=\"wp-block-spacer\"><\/div>\n<\/div>\n\n<div class=\"container-md heading  \">\n<h2 class=\"wp-block-heading\">Machine Edition kommer med komponenter med ulike funksjoner<\/h2>\n<\/div>\n\n<div class=\"container-md paragraph  \">\n<p>Machine Edition leveres med fire ulike komponenter, View, Logic Developer PC, Logic Developer PLS og Motion Developer.&nbsp;Komponentene kommer alle med kraftige funksjoner tilpasset ulike kontrollere, og det mulig \u00e5 konfigurere <a href=\"https:\/\/www.novotek.com\/no\/automasjon\/pls-og-styresystemer\/pacsystems-2\/\">PACSystems<\/a>, <a href=\"https:\/\/www.novotek.com\/no\/pls-og-pac\/\">VersaMAX<\/a>, RSTi-EP og <a href=\"https:\/\/www.novotek.com\/no\/automasjon\/pls-og-styresystemer\/quickpanel\/\">QuickPanel-enheter<\/a>.&nbsp;<\/p>\n<\/div>\n\n<div class=\"container media-text  align\">\n<div class=\"wp-block-media-text is-stacked-on-mobile\"><figure class=\"wp-block-media-text__media\"><img loading=\"lazy\" decoding=\"async\" width=\"1024\" height=\"683\" src=\"https:\/\/www.novotek.com\/no\/wp-content\/uploads\/sites\/5\/Automasjon\/PLS_og_styresystemer\/Machine_Edition\/MachineEdition_mockup_1200x800-1024x683.png\" alt=\"Emerson Machine Edition mockup\" class=\"wp-image-1987 size-full\" srcset=\"https:\/\/www.novotek.com\/no\/wp-content\/uploads\/sites\/5\/Automasjon\/PLS_og_styresystemer\/Machine_Edition\/MachineEdition_mockup_1200x800-1024x683.png 1024w, https:\/\/www.novotek.com\/no\/wp-content\/uploads\/sites\/5\/Automasjon\/PLS_og_styresystemer\/Machine_Edition\/MachineEdition_mockup_1200x800-300x200.png 300w, https:\/\/www.novotek.com\/no\/wp-content\/uploads\/sites\/5\/Automasjon\/PLS_og_styresystemer\/Machine_Edition\/MachineEdition_mockup_1200x800-768x512.png 768w, https:\/\/www.novotek.com\/no\/wp-content\/uploads\/sites\/5\/Automasjon\/PLS_og_styresystemer\/Machine_Edition\/MachineEdition_mockup_1200x800.png 1200w\" sizes=\"auto, (max-width: 1024px) 100vw, 1024px\" \/><\/figure><div class=\"wp-block-media-text__content\"><div class=\"container-md heading  \">\n<h4 class=\"wp-block-heading\">View &#8211; HMI\/Operat\u00f8rgrensesnitt<\/h4>\n<\/div>\n\n<div class=\"container-md paragraph  \">\n<p>View er et HMI-verkt\u00f8y spesielt utviklet for \u00e5 m\u00f8te behovene til et operat\u00f8rgrensesnitt p\u00e5 maskinniv\u00e5. Komponenten inkluderer et bredt spekter av I\/O-drivere mot PLSer, og st\u00f8tter OPC-servere og klienter. I tillegg tilbys fjernkobling og tynn klient-support for diagnostikk og dataoverv\u00e5king.&nbsp;View inkluderer support for QuickPanel, QuickPanel View (Windows CE-basert) og Windows NT\/2000\/XP.<\/p>\n<\/div>\n\n<div class=\"container-md paragraph  \">\n<p>Ved \u00e5 kombinere Machine Edition View med QuickPanel kan du utnytte HMI-funksjonaliteten med PLS-funksjonalitet i \u00e9n l\u00f8sning.&nbsp;<strong><a href=\"https:\/\/www.novotek.com\/no\/automasjon\/pls-og-styresystemer\/quickpanel\/\">Les mer om QuickPanel her.<\/a><\/strong><\/p>\n<\/div><\/div><\/div>\n<\/div>\n\n<div class=\"container-md heading  \">\n<h4 class=\"wp-block-heading\">Logic Developer PC &#8211; PC-kontroll<\/h4>\n<\/div>\n\n<div class=\"container-md paragraph  \">\n<p>Et PC-basert utviklings- og runtime-system som tilbyr alle fem iEC 1132-spr\u00e5kene (Ladder Diagram, Structured Text, Instruction List, Function Block Diagram og Squential Function Charts), webpublisering av logikk og tilkobling til en lang rekke PLSer og \u00e5pne I\/O-enheter.&nbsp;Inkluderer support for QuickPanel Control (Windows CE-basert), Windows NT\/2000\/XP og embedded NT\/XP.&nbsp;<\/p>\n<\/div>\n\n<div class=\"container-md spacer  \">\n<div style=\"height:10px\" aria-hidden=\"true\" class=\"wp-block-spacer\"><\/div>\n<\/div>\n\n<div class=\"container-md heading  \">\n<h4 class=\"wp-block-heading\">Logic Developer PLS &#8211; PLS-programmering<\/h4>\n<\/div>\n\n<div class=\"container-md paragraph  \">\n<p>Logic Developer PLS programmerer og konfigurerer alle Emerson Machine Automation Solutions PLSer og PAC-systemer, inkludert VersaMax, 90-30-serien, 90-70-serien og PACSystems RX7i og RX3i. Tilgjengelig i versjonene Nano\/Micro, Standard og Professional.&nbsp;<\/p>\n<\/div>\n\n<div class=\"container-md spacer  \">\n<div style=\"height:10px\" aria-hidden=\"true\" class=\"wp-block-spacer\"><\/div>\n<\/div>\n\n<div class=\"container-md heading  \">\n<h4 class=\"wp-block-heading\">Motion Developer &#8211; Motion-programmering<\/h4>\n<\/div>\n\n<div class=\"container-md paragraph  \">\n<p>Programmerer og konfigurerer Emerson Machine Automation Solutions S2K Motion-kontrollere.&nbsp;<\/p>\n<\/div>\n\n<div class=\"container-md image  \">\n<figure class=\"wp-block-image size-large\"><img loading=\"lazy\" decoding=\"async\" width=\"1024\" height=\"683\" src=\"https:\/\/www.novotek.com\/no\/wp-content\/uploads\/sites\/5\/Automasjon\/PLS_og_styresystemer\/Machine_Edition\/MachineEdition_mockup2_1200x800-1024x683.png\" alt=\"Emerson Machine Edition Operat\u00f8rgrensesnitt\" class=\"wp-image-2145\" srcset=\"https:\/\/www.novotek.com\/no\/wp-content\/uploads\/sites\/5\/Automasjon\/PLS_og_styresystemer\/Machine_Edition\/MachineEdition_mockup2_1200x800-1024x683.png 1024w, https:\/\/www.novotek.com\/no\/wp-content\/uploads\/sites\/5\/Automasjon\/PLS_og_styresystemer\/Machine_Edition\/MachineEdition_mockup2_1200x800-300x200.png 300w, https:\/\/www.novotek.com\/no\/wp-content\/uploads\/sites\/5\/Automasjon\/PLS_og_styresystemer\/Machine_Edition\/MachineEdition_mockup2_1200x800-768x512.png 768w, https:\/\/www.novotek.com\/no\/wp-content\/uploads\/sites\/5\/Automasjon\/PLS_og_styresystemer\/Machine_Edition\/MachineEdition_mockup2_1200x800.png 1200w\" sizes=\"auto, (max-width: 1024px) 100vw, 1024px\" \/><\/figure>\n<\/div>\n\n<div class=\"container-md heading  \">\n<h4 class=\"wp-block-heading\">Funksjoner<\/h4>\n<\/div>\n\n<div class=\"container-md list  \">\n<ul style=\"background-color:#f8f8f8\" class=\"wp-block-list has-background\"><div class=\"container-md list-item  \">\n<li>Et komplett utviklingsverkt\u00f8y for programmering og oppsett av HMI-paneler.<\/li>\n<\/div>\n\n<div class=\"container-md list-item  \">\n<li>Gir \u00e9n plattform med felles data for PACSystems, VersaMax, RSTi-EP og QuickPanel-enheter.<\/li>\n<\/div>\n\n<div class=\"container-md list-item  \">\n<li>S\u00f8ml\u00f8s integrering med \u00e5pne standarder.<\/li>\n<\/div>\n\n<div class=\"container-md list-item  \">\n<li>Tilgang til forh\u00e5ndsdefinerte gjenbrukbare moduler.<\/li>\n<\/div>\n\n<div class=\"container-md list-item  \">\n<li>Drag-and-drop-funksjoner, ActiveX, dynamisk hjelp og felles diagnostisk verkt\u00f8y for bedre brukervennlighet.<\/li>\n<\/div>\n\n<div class=\"container-md list-item  \">\n<li>Leveres med fire ulike komponenter: View, Logic Developer PC, Logic Developer PLS og Motion Developer.<\/li>\n<\/div>\n\n<div class=\"container-md list-item  \">\n<li>View: HMI-verkt\u00f8y med I\/O-drivere mot PLSer og OPC-servere.\u00a0<\/li>\n<\/div>\n\n<div class=\"container-md list-item  \">\n<li>Logic Developer PC: Et PC-basert utviklings- og runtime-system.\u00a0<\/li>\n<\/div>\n\n<div class=\"container-md list-item  \">\n<li>Logic Developer PLS: programmerer og konfigurerer alle Emerson Machine Automation Solutions PLSer og PAC-systemer.\u00a0<\/li>\n<\/div>\n\n<div class=\"container-md list-item  \">\n<li>Motion Developer: Programmerer og konfigurerer Emerson Machine Automation Solutions S2K Motion-kontrollere.\u00a0<\/li>\n<\/div><\/ul>\n<\/div>\n\n<div class=\"container-md spacer  \">\n<div style=\"height:10px\" aria-hidden=\"true\" class=\"wp-block-spacer\"><\/div>\n<\/div>\n\n<div class=\"container-md heading  \">\n<h2 class=\"wp-block-heading\">En del av Emerson Machine Automation Solutions<\/h2>\n<\/div>\n\n<div class=\"container-md paragraph  \">\n<p>Machine Edition tar produksjonen med p\u00e5 utviklingen av Industry 4.0, og legger til rette for bedre produktivitet og raskere utvikling.\u00a0<strong><a href=\"https:\/\/www.emerson.com\/en-us\/automation\/control-and-safety-systems\/programmable-automation-control-systems\/control-software\" target=\"_blank\" rel=\"noreferrer noopener\">Les mer p\u00e5 Emerson sine nettsider her.<\/a>\u00a0<\/strong><\/p>\n<\/div>\n\n<div class=\"container-md paragraph  \">\n<p>V\u00e5re konsulenter hjelper deg med \u00e5 finne rett m\u00e5te \u00e5 implementere Machine Edition i din bedrift. Les mer om systemene du kan bruke Machine Edition med under.&nbsp;<\/p>\n<\/div>\n\n<div class=\"container-md spacer  \">\n<div style=\"height:50px\" aria-hidden=\"true\" class=\"wp-block-spacer\"><\/div>\n<\/div>\n\n  <div class=\"slider-column-parent\">\n    <div class=\"container\">\n      <div class=\"slider-column-title\">Benytt Machine Edition med<\/div>\n\n      <div class=\"row\">\n        <div class=\"col-12 col-md-4\"><div class=\"column-box\">\n  \n      <div class=\"title\">\n      PACSystems    <\/div>\n  \n      <div class=\"text\">\n      <p>Et komplett styresystem for din bedrifts automasjons- og kontrollbehov.<\/p>\n    <\/div>\n  \n      <a class=\"link\"  href=\"https:\/\/www.novotek.com\/no\/automasjon\/pls-og-styresystemer\/pacsystems-2\/\" target=\"\">\n      Les mer    <\/a>\n  \n  <\/div>\n\n<\/div><div class=\"col-12 col-md-4\"><div class=\"column-box\">\n  \n      <div class=\"title\">\n      VersaMax    <\/div>\n  \n      <div class=\"text\">\n      <p>En innovativ PLS-serie som kombinerer ytelse, p\u00e5litelighet og fleksibilitet.<\/p>\n    <\/div>\n  \n      <a class=\"link\"  href=\"https:\/\/www.novotek.com\/no\/automasjon\/pls-og-styresystemer\/versamax-2\/\" target=\"\">\n      Les mer    <\/a>\n  \n  <\/div>\n\n<\/div><div class=\"col-12 col-md-4\"><div class=\"column-box\">\n  \n      <div class=\"title\">\n      QuickPanel+    <\/div>\n  \n      <div class=\"text\">\n      <p>Et kraftig, multifunksjonelt touchpanel for kontroll og visualisering.<\/p>\n    <\/div>\n  \n      <a class=\"link\"  href=\"https:\/\/www.novotek.com\/no\/automasjon\/pls-og-styresystemer\/quickpanel\/\" target=\"\">\n      Les mer    <\/a>\n  \n  <\/div>\n\n<\/div>      <\/div>\n    <\/div>\n  <\/div>\n","protected":false},"excerpt":{"rendered":"<p>Machine Edition fra Emerson er et komplett utviklingsverkt\u00f8y for programmering av kontrollere og oppsett av HMI-paneler. Ett enkelt sett med verkt\u00f8y dekker alle kontrollere, og sikrer at de bruker de samme dataene. Dette gj\u00f8r at hele automasjonsportef\u00f8ljen kan programmeres, konfigureres og vedlikeholdes med samme verkt\u00f8y, &#8211; p\u00e5 \u00e9n enkelt plattform.&nbsp; \u00c5pne standarder tillater s\u00f8ml\u00f8s integrasjon [&hellip;]<\/p>\n","protected":false},"author":7,"featured_media":0,"parent":80,"menu_order":0,"comment_status":"closed","ping_status":"closed","template":"","meta":{"_acf_changed":false,"_relevanssi_hide_post":"","_relevanssi_pin_for_all":"","_relevanssi_pin_keywords":"","_relevanssi_unpin_keywords":"","_relevanssi_related_keywords":"","_relevanssi_related_include_ids":"","_relevanssi_related_exclude_ids":"","_relevanssi_related_no_append":"","_relevanssi_related_not_related":"","_relevanssi_related_posts":"1","_relevanssi_noindex_reason":"","footnotes":""},"class_list":["post-971","page","type-page","status-publish","hentry"],"acf":[],"yoast_head":"<!-- This site is optimized with the Yoast SEO plugin v27.4 - https:\/\/yoast.com\/product\/yoast-seo-wordpress\/ -->\n<title>Machine Edition - Novotek Norge<\/title>\n<meta name=\"description\" content=\"Machine Edition fra Emerson er et komplett utviklingsverkt\u00f8y for programmering av kontrollere og oppsett av HMI-paneler. F\u00e5 alt p\u00e5 samme plattform.\" \/>\n<meta name=\"robots\" content=\"index, follow, max-snippet:-1, max-image-preview:large, max-video-preview:-1\" \/>\n<link rel=\"canonical\" href=\"https:\/\/www.novotek.com\/no\/automasjon\/pls-og-styresystemer\/machine-edition\/\" \/>\n<meta property=\"og:locale\" content=\"nb_NO\" \/>\n<meta property=\"og:type\" content=\"article\" \/>\n<meta property=\"og:title\" content=\"Machine Edition - Novotek Norge\" \/>\n<meta property=\"og:description\" content=\"Machine Edition fra Emerson er et komplett utviklingsverkt\u00f8y for programmering av kontrollere og oppsett av HMI-paneler. F\u00e5 alt p\u00e5 samme plattform.\" \/>\n<meta property=\"og:url\" content=\"https:\/\/www.novotek.com\/no\/automasjon\/pls-og-styresystemer\/machine-edition\/\" \/>\n<meta property=\"og:site_name\" content=\"Novotek Norge\" \/>\n<meta property=\"article:modified_time\" content=\"2025-08-29T09:05:20+00:00\" \/>\n<meta property=\"og:image\" content=\"https:\/\/www.novotek.com\/no\/wp-content\/uploads\/sites\/5\/Automasjon\/PLS_og_styresystemer\/Machine_Edition\/MachineEdition_mockup_1200x800-1024x683.png\" \/>\n<meta name=\"twitter:card\" content=\"summary_large_image\" \/>\n<meta name=\"twitter:label1\" content=\"Ansl. lesetid\" \/>\n\t<meta name=\"twitter:data1\" content=\"3 minutter\" \/>\n<script type=\"application\/ld+json\" class=\"yoast-schema-graph\">{\"@context\":\"https:\\\/\\\/schema.org\",\"@graph\":[{\"@type\":\"WebPage\",\"@id\":\"https:\\\/\\\/www.novotek.com\\\/no\\\/automasjon\\\/pls-og-styresystemer\\\/machine-edition\\\/\",\"url\":\"https:\\\/\\\/www.novotek.com\\\/no\\\/automasjon\\\/pls-og-styresystemer\\\/machine-edition\\\/\",\"name\":\"Machine Edition - Novotek Norge\",\"isPartOf\":{\"@id\":\"https:\\\/\\\/www.novotek.com\\\/no\\\/#website\"},\"primaryImageOfPage\":{\"@id\":\"https:\\\/\\\/www.novotek.com\\\/no\\\/automasjon\\\/pls-og-styresystemer\\\/machine-edition\\\/#primaryimage\"},\"image\":{\"@id\":\"https:\\\/\\\/www.novotek.com\\\/no\\\/automasjon\\\/pls-og-styresystemer\\\/machine-edition\\\/#primaryimage\"},\"thumbnailUrl\":\"https:\\\/\\\/www.novotek.com\\\/no\\\/wp-content\\\/uploads\\\/sites\\\/5\\\/Automasjon\\\/PLS_og_styresystemer\\\/Machine_Edition\\\/MachineEdition_mockup_1200x800-1024x683.png\",\"datePublished\":\"2021-06-04T10:49:55+00:00\",\"dateModified\":\"2025-08-29T09:05:20+00:00\",\"description\":\"Machine Edition fra Emerson er et komplett utviklingsverkt\u00f8y for programmering av kontrollere og oppsett av HMI-paneler. F\u00e5 alt p\u00e5 samme plattform.\",\"breadcrumb\":{\"@id\":\"https:\\\/\\\/www.novotek.com\\\/no\\\/automasjon\\\/pls-og-styresystemer\\\/machine-edition\\\/#breadcrumb\"},\"inLanguage\":\"nb-NO\",\"potentialAction\":[{\"@type\":\"ReadAction\",\"target\":[\"https:\\\/\\\/www.novotek.com\\\/no\\\/automasjon\\\/pls-og-styresystemer\\\/machine-edition\\\/\"]}]},{\"@type\":\"ImageObject\",\"inLanguage\":\"nb-NO\",\"@id\":\"https:\\\/\\\/www.novotek.com\\\/no\\\/automasjon\\\/pls-og-styresystemer\\\/machine-edition\\\/#primaryimage\",\"url\":\"https:\\\/\\\/www.novotek.com\\\/no\\\/wp-content\\\/uploads\\\/sites\\\/5\\\/Automasjon\\\/PLS_og_styresystemer\\\/Machine_Edition\\\/MachineEdition_mockup_1200x800.png\",\"contentUrl\":\"https:\\\/\\\/www.novotek.com\\\/no\\\/wp-content\\\/uploads\\\/sites\\\/5\\\/Automasjon\\\/PLS_og_styresystemer\\\/Machine_Edition\\\/MachineEdition_mockup_1200x800.png\",\"width\":1200,\"height\":800,\"caption\":\"Emerson Machine Edition mockup\"},{\"@type\":\"BreadcrumbList\",\"@id\":\"https:\\\/\\\/www.novotek.com\\\/no\\\/automasjon\\\/pls-og-styresystemer\\\/machine-edition\\\/#breadcrumb\",\"itemListElement\":[{\"@type\":\"ListItem\",\"position\":1,\"name\":\"Home\",\"item\":\"https:\\\/\\\/www.novotek.com\\\/no\\\/\"},{\"@type\":\"ListItem\",\"position\":2,\"name\":\"Automasjon\",\"item\":\"https:\\\/\\\/www.novotek.com\\\/no\\\/automasjon\\\/\"},{\"@type\":\"ListItem\",\"position\":3,\"name\":\"PLS og styresystemer\",\"item\":\"https:\\\/\\\/www.novotek.com\\\/no\\\/automasjon\\\/pls-og-styresystemer\\\/\"},{\"@type\":\"ListItem\",\"position\":4,\"name\":\"Machine Edition\"}]},{\"@type\":\"WebSite\",\"@id\":\"https:\\\/\\\/www.novotek.com\\\/no\\\/#website\",\"url\":\"https:\\\/\\\/www.novotek.com\\\/no\\\/\",\"name\":\"Novotek Norge\",\"description\":\"Automasjon, digitalisering og Analytics\",\"publisher\":{\"@id\":\"https:\\\/\\\/www.novotek.com\\\/no\\\/#organization\"},\"potentialAction\":[{\"@type\":\"SearchAction\",\"target\":{\"@type\":\"EntryPoint\",\"urlTemplate\":\"https:\\\/\\\/www.novotek.com\\\/no\\\/?s={search_term_string}\"},\"query-input\":{\"@type\":\"PropertyValueSpecification\",\"valueRequired\":true,\"valueName\":\"search_term_string\"}}],\"inLanguage\":\"nb-NO\"},{\"@type\":\"Organization\",\"@id\":\"https:\\\/\\\/www.novotek.com\\\/no\\\/#organization\",\"name\":\"Novotek AS\",\"url\":\"https:\\\/\\\/www.novotek.com\\\/no\\\/\",\"logo\":{\"@type\":\"ImageObject\",\"inLanguage\":\"nb-NO\",\"@id\":\"https:\\\/\\\/www.novotek.com\\\/no\\\/#\\\/schema\\\/logo\\\/image\\\/\",\"url\":\"https:\\\/\\\/www.novotek.com\\\/no\\\/wp-content\\\/uploads\\\/sites\\\/5\\\/Forside\\\/Novotek_logo.png\",\"contentUrl\":\"https:\\\/\\\/www.novotek.com\\\/no\\\/wp-content\\\/uploads\\\/sites\\\/5\\\/Forside\\\/Novotek_logo.png\",\"width\":1200,\"height\":348,\"caption\":\"Novotek AS\"},\"image\":{\"@id\":\"https:\\\/\\\/www.novotek.com\\\/no\\\/#\\\/schema\\\/logo\\\/image\\\/\"},\"sameAs\":[\"https:\\\/\\\/www.linkedin.com\\\/company\\\/novotek-as\"]}]}<\/script>\n<!-- \/ Yoast SEO plugin. -->","yoast_head_json":{"title":"Machine Edition - Novotek Norge","description":"Machine Edition fra Emerson er et komplett utviklingsverkt\u00f8y for programmering av kontrollere og oppsett av HMI-paneler. F\u00e5 alt p\u00e5 samme plattform.","robots":{"index":"index","follow":"follow","max-snippet":"max-snippet:-1","max-image-preview":"max-image-preview:large","max-video-preview":"max-video-preview:-1"},"canonical":"https:\/\/www.novotek.com\/no\/automasjon\/pls-og-styresystemer\/machine-edition\/","og_locale":"nb_NO","og_type":"article","og_title":"Machine Edition - Novotek Norge","og_description":"Machine Edition fra Emerson er et komplett utviklingsverkt\u00f8y for programmering av kontrollere og oppsett av HMI-paneler. F\u00e5 alt p\u00e5 samme plattform.","og_url":"https:\/\/www.novotek.com\/no\/automasjon\/pls-og-styresystemer\/machine-edition\/","og_site_name":"Novotek Norge","article_modified_time":"2025-08-29T09:05:20+00:00","og_image":[{"url":"https:\/\/www.novotek.com\/no\/wp-content\/uploads\/sites\/5\/Automasjon\/PLS_og_styresystemer\/Machine_Edition\/MachineEdition_mockup_1200x800-1024x683.png","type":"","width":"","height":""}],"twitter_card":"summary_large_image","twitter_misc":{"Ansl. lesetid":"3 minutter"},"schema":{"@context":"https:\/\/schema.org","@graph":[{"@type":"WebPage","@id":"https:\/\/www.novotek.com\/no\/automasjon\/pls-og-styresystemer\/machine-edition\/","url":"https:\/\/www.novotek.com\/no\/automasjon\/pls-og-styresystemer\/machine-edition\/","name":"Machine Edition - Novotek Norge","isPartOf":{"@id":"https:\/\/www.novotek.com\/no\/#website"},"primaryImageOfPage":{"@id":"https:\/\/www.novotek.com\/no\/automasjon\/pls-og-styresystemer\/machine-edition\/#primaryimage"},"image":{"@id":"https:\/\/www.novotek.com\/no\/automasjon\/pls-og-styresystemer\/machine-edition\/#primaryimage"},"thumbnailUrl":"https:\/\/www.novotek.com\/no\/wp-content\/uploads\/sites\/5\/Automasjon\/PLS_og_styresystemer\/Machine_Edition\/MachineEdition_mockup_1200x800-1024x683.png","datePublished":"2021-06-04T10:49:55+00:00","dateModified":"2025-08-29T09:05:20+00:00","description":"Machine Edition fra Emerson er et komplett utviklingsverkt\u00f8y for programmering av kontrollere og oppsett av HMI-paneler. F\u00e5 alt p\u00e5 samme plattform.","breadcrumb":{"@id":"https:\/\/www.novotek.com\/no\/automasjon\/pls-og-styresystemer\/machine-edition\/#breadcrumb"},"inLanguage":"nb-NO","potentialAction":[{"@type":"ReadAction","target":["https:\/\/www.novotek.com\/no\/automasjon\/pls-og-styresystemer\/machine-edition\/"]}]},{"@type":"ImageObject","inLanguage":"nb-NO","@id":"https:\/\/www.novotek.com\/no\/automasjon\/pls-og-styresystemer\/machine-edition\/#primaryimage","url":"https:\/\/www.novotek.com\/no\/wp-content\/uploads\/sites\/5\/Automasjon\/PLS_og_styresystemer\/Machine_Edition\/MachineEdition_mockup_1200x800.png","contentUrl":"https:\/\/www.novotek.com\/no\/wp-content\/uploads\/sites\/5\/Automasjon\/PLS_og_styresystemer\/Machine_Edition\/MachineEdition_mockup_1200x800.png","width":1200,"height":800,"caption":"Emerson Machine Edition mockup"},{"@type":"BreadcrumbList","@id":"https:\/\/www.novotek.com\/no\/automasjon\/pls-og-styresystemer\/machine-edition\/#breadcrumb","itemListElement":[{"@type":"ListItem","position":1,"name":"Home","item":"https:\/\/www.novotek.com\/no\/"},{"@type":"ListItem","position":2,"name":"Automasjon","item":"https:\/\/www.novotek.com\/no\/automasjon\/"},{"@type":"ListItem","position":3,"name":"PLS og styresystemer","item":"https:\/\/www.novotek.com\/no\/automasjon\/pls-og-styresystemer\/"},{"@type":"ListItem","position":4,"name":"Machine Edition"}]},{"@type":"WebSite","@id":"https:\/\/www.novotek.com\/no\/#website","url":"https:\/\/www.novotek.com\/no\/","name":"Novotek Norge","description":"Automasjon, digitalisering og Analytics","publisher":{"@id":"https:\/\/www.novotek.com\/no\/#organization"},"potentialAction":[{"@type":"SearchAction","target":{"@type":"EntryPoint","urlTemplate":"https:\/\/www.novotek.com\/no\/?s={search_term_string}"},"query-input":{"@type":"PropertyValueSpecification","valueRequired":true,"valueName":"search_term_string"}}],"inLanguage":"nb-NO"},{"@type":"Organization","@id":"https:\/\/www.novotek.com\/no\/#organization","name":"Novotek AS","url":"https:\/\/www.novotek.com\/no\/","logo":{"@type":"ImageObject","inLanguage":"nb-NO","@id":"https:\/\/www.novotek.com\/no\/#\/schema\/logo\/image\/","url":"https:\/\/www.novotek.com\/no\/wp-content\/uploads\/sites\/5\/Forside\/Novotek_logo.png","contentUrl":"https:\/\/www.novotek.com\/no\/wp-content\/uploads\/sites\/5\/Forside\/Novotek_logo.png","width":1200,"height":348,"caption":"Novotek AS"},"image":{"@id":"https:\/\/www.novotek.com\/no\/#\/schema\/logo\/image\/"},"sameAs":["https:\/\/www.linkedin.com\/company\/novotek-as"]}]}},"_links":{"self":[{"href":"https:\/\/www.novotek.com\/no\/wp-json\/wp\/v2\/pages\/971","targetHints":{"allow":["GET"]}}],"collection":[{"href":"https:\/\/www.novotek.com\/no\/wp-json\/wp\/v2\/pages"}],"about":[{"href":"https:\/\/www.novotek.com\/no\/wp-json\/wp\/v2\/types\/page"}],"author":[{"embeddable":true,"href":"https:\/\/www.novotek.com\/no\/wp-json\/wp\/v2\/users\/7"}],"replies":[{"embeddable":true,"href":"https:\/\/www.novotek.com\/no\/wp-json\/wp\/v2\/comments?post=971"}],"version-history":[{"count":32,"href":"https:\/\/www.novotek.com\/no\/wp-json\/wp\/v2\/pages\/971\/revisions"}],"predecessor-version":[{"id":16575,"href":"https:\/\/www.novotek.com\/no\/wp-json\/wp\/v2\/pages\/971\/revisions\/16575"}],"up":[{"embeddable":true,"href":"https:\/\/www.novotek.com\/no\/wp-json\/wp\/v2\/pages\/80"}],"wp:attachment":[{"href":"https:\/\/www.novotek.com\/no\/wp-json\/wp\/v2\/media?parent=971"}],"curies":[{"name":"wp","href":"https:\/\/api.w.org\/{rel}","templated":true}]}}