{"id":999,"date":"2021-06-08T08:15:43","date_gmt":"2021-06-08T08:15:43","guid":{"rendered":"https:\/\/www.novotek.com\/no\/?page_id=999"},"modified":"2025-11-14T09:46:38","modified_gmt":"2025-11-14T09:46:38","slug":"kjemisk-og-petrokjemisk","status":"publish","type":"page","link":"https:\/\/www.novotek.com\/no\/bransjer\/kjemisk-og-petrokjemisk\/","title":{"rendered":"Kjemisk og petrokjemisk"},"content":{"rendered":"  <div class=\"hero\">\n    <div class=\"carousel hero-slider large\" data-flickity data-flickity-options='{\"prevNextButtons\": false}'>\n              <div class=\"carousel-cell\">\n          <div class=\"container\">\n            <div class=\"hero-content\">\n                              <h1>Kjemisk og petrokjemisk<\/h1>\n<p>Novotek-konsernet har et omfattende samarbeid med virksomheter innen olje, gass og kjemi. Med kunder som Jotun, Nouryon og AkzoNobel bidrar vi kontinuerlig til disse bedriftenes forbedringsarbeid.<\/p>\n<p>Innen kjemi og petrokjemi jobber vi hovedsakelig med digitalisering av produksjonsstyring. Vi har utviklet komplette l\u00f8sninger for innsamling, lagring og presentasjon av historikk. Disse l\u00f8sningene brukes over hele verden.<\/p>\n              \n                          <\/div>\n          <\/div>\n\n          <img decoding=\"async\" width=\"1024\" height=\"427\" src=\"https:\/\/www.novotek.com\/no\/wp-content\/uploads\/sites\/5\/Bransjer\/Kjemisk_og_petrokjemisk\/Kjemisk_og_petrokjemisk_header_1920x800-1024x427.jpg\" class=\"hero-bg\" alt=\"Hero Img\" fetchpriority=\"high\" srcset=\"https:\/\/www.novotek.com\/no\/wp-content\/uploads\/sites\/5\/Bransjer\/Kjemisk_og_petrokjemisk\/Kjemisk_og_petrokjemisk_header_1920x800-1024x427.jpg 1024w, https:\/\/www.novotek.com\/no\/wp-content\/uploads\/sites\/5\/Bransjer\/Kjemisk_og_petrokjemisk\/Kjemisk_og_petrokjemisk_header_1920x800-300x125.jpg 300w, https:\/\/www.novotek.com\/no\/wp-content\/uploads\/sites\/5\/Bransjer\/Kjemisk_og_petrokjemisk\/Kjemisk_og_petrokjemisk_header_1920x800-768x320.jpg 768w, https:\/\/www.novotek.com\/no\/wp-content\/uploads\/sites\/5\/Bransjer\/Kjemisk_og_petrokjemisk\/Kjemisk_og_petrokjemisk_header_1920x800-1536x640.jpg 1536w, https:\/\/www.novotek.com\/no\/wp-content\/uploads\/sites\/5\/Bransjer\/Kjemisk_og_petrokjemisk\/Kjemisk_og_petrokjemisk_header_1920x800.jpg 1920w\" sizes=\"(max-width: 1024px) 100vw, 1024px\" \/>                  <\/div>\n          <\/div>\n\n      <\/div>\n\n   \n\n\n<div class=\"container media-text  align\">\n<div class=\"wp-block-media-text is-stacked-on-mobile\"><figure class=\"wp-block-media-text__media\"><img loading=\"lazy\" decoding=\"async\" width=\"826\" height=\"800\" src=\"https:\/\/www.novotek.com\/no\/wp-content\/uploads\/sites\/5\/Bransjer\/Kjemisk_og_petrokjemisk\/AkzoNobel_Rexolin\/sproytemiddel_forside.jpg\" alt=\"Kjemisk og petrokjemisk: Spr\u00f8ytemiddel\" class=\"wp-image-5389 size-full\" srcset=\"https:\/\/www.novotek.com\/no\/wp-content\/uploads\/sites\/5\/Bransjer\/Kjemisk_og_petrokjemisk\/AkzoNobel_Rexolin\/sproytemiddel_forside.jpg 826w, https:\/\/www.novotek.com\/no\/wp-content\/uploads\/sites\/5\/Bransjer\/Kjemisk_og_petrokjemisk\/AkzoNobel_Rexolin\/sproytemiddel_forside-300x291.jpg 300w, https:\/\/www.novotek.com\/no\/wp-content\/uploads\/sites\/5\/Bransjer\/Kjemisk_og_petrokjemisk\/AkzoNobel_Rexolin\/sproytemiddel_forside-768x744.jpg 768w\" sizes=\"auto, (max-width: 826px) 100vw, 826px\" \/><\/figure><div class=\"wp-block-media-text__content\"><div class=\"container-md heading  \">\n<h5 class=\"wp-block-heading\">Referanse<\/h5>\n<\/div>\n\n<div class=\"container-md heading  \">\n<h2 class=\"wp-block-heading\">AkzoNobel Rexolin AB<\/h2>\n<\/div>\n\n<div class=\"container-md paragraph  \">\n<p>AkzoNobel Rexolin AB\u2019s anlegg i Kumla i Sverige produserer mikron\u00e6ringsstoffer som brukes i landbruk. Ved \u00e5 implementere MES-l\u00f8sningen Proficy Smart Factory fikk de bedre dokumentasjon og sporing av batchproduksjonen. Resultatet var \u00f8kt produksjonseffektivitet og bedre produktkvalitet.&nbsp;<\/p>\n<\/div>\n\n<div class=\"container-md spacer  \">\n<div style=\"height:10px\" aria-hidden=\"true\" class=\"wp-block-spacer\"><\/div>\n<\/div>\n\n<div class=\"container-md buttons  \">\n<div class=\"wp-block-buttons is-layout-flex wp-block-buttons-is-layout-flex\"><div class=\"container-md button  \">\n<div class=\"wp-block-button\"><a class=\"wp-block-button__link has-background wp-element-button\" href=\"https:\/\/www.novotek.com\/no\/bransjer\/kjemisk-og-petrokjemisk\/kundehistorie-akzonobel-rexolin-ab\/\" style=\"background-color:#ed1c24\">Les mer<\/a><\/div>\n<\/div><\/div>\n<\/div><\/div><\/div>\n<\/div>\n\n<div class=\"container media-text  align\">\n<div class=\"wp-block-media-text has-media-on-the-right is-stacked-on-mobile\"><div class=\"wp-block-media-text__content\"><div class=\"container-md heading  \">\n<h5 class=\"wp-block-heading\">Referanse<\/h5>\n<\/div>\n\n<div class=\"container-md heading  \">\n<h2 class=\"wp-block-heading\">Nouryon<\/h2>\n<\/div>\n\n<div class=\"container-md paragraph  \">\n<p>Nouryon, tidligere Eka Chemicals, er verdensledende leverand\u00f8r av blekningskjemikalier. Ved \u00e5 koble sammen produksjonsanleggene over hele verden med en samling Proficy-l\u00f8sninger fra GE Vernova, oppn\u00e5dde de globalt samarbeid og mulighet for fjernoverv\u00e5kning og fjernstyring, &#8211; i \u00e9n integrert l\u00f8sning.<\/p>\n<\/div>\n\n<div class=\"container-md spacer  \">\n<div style=\"height:10px\" aria-hidden=\"true\" class=\"wp-block-spacer\"><\/div>\n<\/div>\n\n<div class=\"container-md buttons  \">\n<div class=\"wp-block-buttons is-layout-flex wp-block-buttons-is-layout-flex\"><div class=\"container-md button  \">\n<div class=\"wp-block-button\"><a class=\"wp-block-button__link has-background wp-element-button\" href=\"https:\/\/www.novotek.com\/no\/bransjer\/kjemisk-og-petrokjemisk\/kundehistorie-nouryon\/\" style=\"background-color:#ed1c24\">Les mer<\/a><\/div>\n<\/div><\/div>\n<\/div><\/div><figure class=\"wp-block-media-text__media\"><img loading=\"lazy\" decoding=\"async\" width=\"1024\" height=\"992\" src=\"https:\/\/www.novotek.com\/no\/wp-content\/uploads\/sites\/5\/Bransjer\/Kjemisk_og_petrokjemisk\/Nouryon\/Lab_personell_forside-1024x992.jpg\" alt=\"Labpersonell. Illustrasjonsbilde kjemisk og petrokjemisk.\" class=\"wp-image-5612 size-full\" srcset=\"https:\/\/www.novotek.com\/no\/wp-content\/uploads\/sites\/5\/Bransjer\/Kjemisk_og_petrokjemisk\/Nouryon\/Lab_personell_forside-1024x992.jpg 1024w, https:\/\/www.novotek.com\/no\/wp-content\/uploads\/sites\/5\/Bransjer\/Kjemisk_og_petrokjemisk\/Nouryon\/Lab_personell_forside-300x291.jpg 300w, https:\/\/www.novotek.com\/no\/wp-content\/uploads\/sites\/5\/Bransjer\/Kjemisk_og_petrokjemisk\/Nouryon\/Lab_personell_forside-768x744.jpg 768w, https:\/\/www.novotek.com\/no\/wp-content\/uploads\/sites\/5\/Bransjer\/Kjemisk_og_petrokjemisk\/Nouryon\/Lab_personell_forside.jpg 1500w\" sizes=\"auto, (max-width: 1024px) 100vw, 1024px\" \/><\/figure><\/div>\n<\/div>\n\n<div class=\"container-md spacer  \">\n<div style=\"height:50px\" aria-hidden=\"true\" class=\"wp-block-spacer\"><\/div>\n<\/div>","protected":false},"excerpt":{"rendered":"<p>Innen kjemi og petrokjemi jobber vi hovedsaklig med digitalisering av produksjonsstyring. Vi har utviklet komplette l\u00f8sninger som brukes av store virksomheter over hele verden.<\/p>\n","protected":false},"author":7,"featured_media":0,"parent":3685,"menu_order":0,"comment_status":"closed","ping_status":"closed","template":"","meta":{"_acf_changed":false,"_relevanssi_hide_post":"","_relevanssi_pin_for_all":"","_relevanssi_pin_keywords":"","_relevanssi_unpin_keywords":"","_relevanssi_related_keywords":"","_relevanssi_related_include_ids":"","_relevanssi_related_exclude_ids":"","_relevanssi_related_no_append":"","_relevanssi_related_not_related":"","_relevanssi_related_posts":"1","_relevanssi_noindex_reason":"","footnotes":""},"class_list":["post-999","page","type-page","status-publish","hentry"],"acf":[],"yoast_head":"<!-- This site is optimized with the Yoast SEO plugin v27.4 - https:\/\/yoast.com\/product\/yoast-seo-wordpress\/ -->\n<title>Kjemisk og petrokjemisk - Novotek Norge<\/title>\n<meta name=\"description\" content=\"Novotek har et omfattende samarbeid med virksomheter kjemisk og petrokjemisk bransje. Vi har utviklet komplette l\u00f8sninger som brukes over hele verden.\" \/>\n<meta name=\"robots\" content=\"index, follow, max-snippet:-1, max-image-preview:large, max-video-preview:-1\" \/>\n<link rel=\"canonical\" href=\"https:\/\/www.novotek.com\/no\/bransjer\/kjemisk-og-petrokjemisk\/\" \/>\n<meta property=\"og:locale\" content=\"nb_NO\" \/>\n<meta property=\"og:type\" content=\"article\" \/>\n<meta property=\"og:title\" content=\"Kjemisk og petrokjemisk - Novotek Norge\" \/>\n<meta property=\"og:description\" content=\"Novotek har et omfattende samarbeid med virksomheter kjemisk og petrokjemisk bransje. Vi har utviklet komplette l\u00f8sninger som brukes over hele verden.\" \/>\n<meta property=\"og:url\" content=\"https:\/\/www.novotek.com\/no\/bransjer\/kjemisk-og-petrokjemisk\/\" \/>\n<meta property=\"og:site_name\" content=\"Novotek Norge\" \/>\n<meta property=\"article:modified_time\" content=\"2025-11-14T09:46:38+00:00\" \/>\n<meta property=\"og:image\" content=\"https:\/\/www.novotek.com\/no\/wp-content\/uploads\/sites\/5\/Bransjer\/Kjemisk_og_petrokjemisk\/AkzoNobel_Rexolin\/sproytemiddel_forside.jpg\" \/>\n<meta name=\"twitter:card\" content=\"summary_large_image\" \/>\n<meta name=\"twitter:label1\" content=\"Ansl. lesetid\" \/>\n\t<meta name=\"twitter:data1\" content=\"1 minutt\" \/>\n<script type=\"application\/ld+json\" class=\"yoast-schema-graph\">{\"@context\":\"https:\\\/\\\/schema.org\",\"@graph\":[{\"@type\":\"WebPage\",\"@id\":\"https:\\\/\\\/www.novotek.com\\\/no\\\/bransjer\\\/kjemisk-og-petrokjemisk\\\/\",\"url\":\"https:\\\/\\\/www.novotek.com\\\/no\\\/bransjer\\\/kjemisk-og-petrokjemisk\\\/\",\"name\":\"Kjemisk og petrokjemisk - Novotek Norge\",\"isPartOf\":{\"@id\":\"https:\\\/\\\/www.novotek.com\\\/no\\\/#website\"},\"primaryImageOfPage\":{\"@id\":\"https:\\\/\\\/www.novotek.com\\\/no\\\/bransjer\\\/kjemisk-og-petrokjemisk\\\/#primaryimage\"},\"image\":{\"@id\":\"https:\\\/\\\/www.novotek.com\\\/no\\\/bransjer\\\/kjemisk-og-petrokjemisk\\\/#primaryimage\"},\"thumbnailUrl\":\"https:\\\/\\\/www.novotek.com\\\/no\\\/wp-content\\\/uploads\\\/sites\\\/5\\\/Bransjer\\\/Kjemisk_og_petrokjemisk\\\/AkzoNobel_Rexolin\\\/sproytemiddel_forside.jpg\",\"datePublished\":\"2021-06-08T08:15:43+00:00\",\"dateModified\":\"2025-11-14T09:46:38+00:00\",\"description\":\"Novotek har et omfattende samarbeid med virksomheter kjemisk og petrokjemisk bransje. Vi har utviklet komplette l\u00f8sninger som brukes over hele verden.\",\"breadcrumb\":{\"@id\":\"https:\\\/\\\/www.novotek.com\\\/no\\\/bransjer\\\/kjemisk-og-petrokjemisk\\\/#breadcrumb\"},\"inLanguage\":\"nb-NO\",\"potentialAction\":[{\"@type\":\"ReadAction\",\"target\":[\"https:\\\/\\\/www.novotek.com\\\/no\\\/bransjer\\\/kjemisk-og-petrokjemisk\\\/\"]}]},{\"@type\":\"ImageObject\",\"inLanguage\":\"nb-NO\",\"@id\":\"https:\\\/\\\/www.novotek.com\\\/no\\\/bransjer\\\/kjemisk-og-petrokjemisk\\\/#primaryimage\",\"url\":\"https:\\\/\\\/www.novotek.com\\\/no\\\/wp-content\\\/uploads\\\/sites\\\/5\\\/Bransjer\\\/Kjemisk_og_petrokjemisk\\\/AkzoNobel_Rexolin\\\/sproytemiddel_forside.jpg\",\"contentUrl\":\"https:\\\/\\\/www.novotek.com\\\/no\\\/wp-content\\\/uploads\\\/sites\\\/5\\\/Bransjer\\\/Kjemisk_og_petrokjemisk\\\/AkzoNobel_Rexolin\\\/sproytemiddel_forside.jpg\",\"width\":826,\"height\":800,\"caption\":\"Kjemisk og petrokjemisk: Spr\u00f8ytemiddel\"},{\"@type\":\"BreadcrumbList\",\"@id\":\"https:\\\/\\\/www.novotek.com\\\/no\\\/bransjer\\\/kjemisk-og-petrokjemisk\\\/#breadcrumb\",\"itemListElement\":[{\"@type\":\"ListItem\",\"position\":1,\"name\":\"Home\",\"item\":\"https:\\\/\\\/www.novotek.com\\\/no\\\/\"},{\"@type\":\"ListItem\",\"position\":2,\"name\":\"Bransjer\",\"item\":\"https:\\\/\\\/www.novotek.com\\\/no\\\/bransjer\\\/\"},{\"@type\":\"ListItem\",\"position\":3,\"name\":\"Kjemisk og petrokjemisk\"}]},{\"@type\":\"WebSite\",\"@id\":\"https:\\\/\\\/www.novotek.com\\\/no\\\/#website\",\"url\":\"https:\\\/\\\/www.novotek.com\\\/no\\\/\",\"name\":\"Novotek Norge\",\"description\":\"Automasjon, digitalisering og Analytics\",\"publisher\":{\"@id\":\"https:\\\/\\\/www.novotek.com\\\/no\\\/#organization\"},\"potentialAction\":[{\"@type\":\"SearchAction\",\"target\":{\"@type\":\"EntryPoint\",\"urlTemplate\":\"https:\\\/\\\/www.novotek.com\\\/no\\\/?s={search_term_string}\"},\"query-input\":{\"@type\":\"PropertyValueSpecification\",\"valueRequired\":true,\"valueName\":\"search_term_string\"}}],\"inLanguage\":\"nb-NO\"},{\"@type\":\"Organization\",\"@id\":\"https:\\\/\\\/www.novotek.com\\\/no\\\/#organization\",\"name\":\"Novotek AS\",\"url\":\"https:\\\/\\\/www.novotek.com\\\/no\\\/\",\"logo\":{\"@type\":\"ImageObject\",\"inLanguage\":\"nb-NO\",\"@id\":\"https:\\\/\\\/www.novotek.com\\\/no\\\/#\\\/schema\\\/logo\\\/image\\\/\",\"url\":\"https:\\\/\\\/www.novotek.com\\\/no\\\/wp-content\\\/uploads\\\/sites\\\/5\\\/Forside\\\/Novotek_logo.png\",\"contentUrl\":\"https:\\\/\\\/www.novotek.com\\\/no\\\/wp-content\\\/uploads\\\/sites\\\/5\\\/Forside\\\/Novotek_logo.png\",\"width\":1200,\"height\":348,\"caption\":\"Novotek AS\"},\"image\":{\"@id\":\"https:\\\/\\\/www.novotek.com\\\/no\\\/#\\\/schema\\\/logo\\\/image\\\/\"},\"sameAs\":[\"https:\\\/\\\/www.linkedin.com\\\/company\\\/novotek-as\"]}]}<\/script>\n<!-- \/ Yoast SEO plugin. -->","yoast_head_json":{"title":"Kjemisk og petrokjemisk - Novotek Norge","description":"Novotek har et omfattende samarbeid med virksomheter kjemisk og petrokjemisk bransje. Vi har utviklet komplette l\u00f8sninger som brukes over hele verden.","robots":{"index":"index","follow":"follow","max-snippet":"max-snippet:-1","max-image-preview":"max-image-preview:large","max-video-preview":"max-video-preview:-1"},"canonical":"https:\/\/www.novotek.com\/no\/bransjer\/kjemisk-og-petrokjemisk\/","og_locale":"nb_NO","og_type":"article","og_title":"Kjemisk og petrokjemisk - Novotek Norge","og_description":"Novotek har et omfattende samarbeid med virksomheter kjemisk og petrokjemisk bransje. Vi har utviklet komplette l\u00f8sninger som brukes over hele verden.","og_url":"https:\/\/www.novotek.com\/no\/bransjer\/kjemisk-og-petrokjemisk\/","og_site_name":"Novotek Norge","article_modified_time":"2025-11-14T09:46:38+00:00","og_image":[{"url":"https:\/\/www.novotek.com\/no\/wp-content\/uploads\/sites\/5\/Bransjer\/Kjemisk_og_petrokjemisk\/AkzoNobel_Rexolin\/sproytemiddel_forside.jpg","type":"","width":"","height":""}],"twitter_card":"summary_large_image","twitter_misc":{"Ansl. lesetid":"1 minutt"},"schema":{"@context":"https:\/\/schema.org","@graph":[{"@type":"WebPage","@id":"https:\/\/www.novotek.com\/no\/bransjer\/kjemisk-og-petrokjemisk\/","url":"https:\/\/www.novotek.com\/no\/bransjer\/kjemisk-og-petrokjemisk\/","name":"Kjemisk og petrokjemisk - Novotek Norge","isPartOf":{"@id":"https:\/\/www.novotek.com\/no\/#website"},"primaryImageOfPage":{"@id":"https:\/\/www.novotek.com\/no\/bransjer\/kjemisk-og-petrokjemisk\/#primaryimage"},"image":{"@id":"https:\/\/www.novotek.com\/no\/bransjer\/kjemisk-og-petrokjemisk\/#primaryimage"},"thumbnailUrl":"https:\/\/www.novotek.com\/no\/wp-content\/uploads\/sites\/5\/Bransjer\/Kjemisk_og_petrokjemisk\/AkzoNobel_Rexolin\/sproytemiddel_forside.jpg","datePublished":"2021-06-08T08:15:43+00:00","dateModified":"2025-11-14T09:46:38+00:00","description":"Novotek har et omfattende samarbeid med virksomheter kjemisk og petrokjemisk bransje. Vi har utviklet komplette l\u00f8sninger som brukes over hele verden.","breadcrumb":{"@id":"https:\/\/www.novotek.com\/no\/bransjer\/kjemisk-og-petrokjemisk\/#breadcrumb"},"inLanguage":"nb-NO","potentialAction":[{"@type":"ReadAction","target":["https:\/\/www.novotek.com\/no\/bransjer\/kjemisk-og-petrokjemisk\/"]}]},{"@type":"ImageObject","inLanguage":"nb-NO","@id":"https:\/\/www.novotek.com\/no\/bransjer\/kjemisk-og-petrokjemisk\/#primaryimage","url":"https:\/\/www.novotek.com\/no\/wp-content\/uploads\/sites\/5\/Bransjer\/Kjemisk_og_petrokjemisk\/AkzoNobel_Rexolin\/sproytemiddel_forside.jpg","contentUrl":"https:\/\/www.novotek.com\/no\/wp-content\/uploads\/sites\/5\/Bransjer\/Kjemisk_og_petrokjemisk\/AkzoNobel_Rexolin\/sproytemiddel_forside.jpg","width":826,"height":800,"caption":"Kjemisk og petrokjemisk: Spr\u00f8ytemiddel"},{"@type":"BreadcrumbList","@id":"https:\/\/www.novotek.com\/no\/bransjer\/kjemisk-og-petrokjemisk\/#breadcrumb","itemListElement":[{"@type":"ListItem","position":1,"name":"Home","item":"https:\/\/www.novotek.com\/no\/"},{"@type":"ListItem","position":2,"name":"Bransjer","item":"https:\/\/www.novotek.com\/no\/bransjer\/"},{"@type":"ListItem","position":3,"name":"Kjemisk og petrokjemisk"}]},{"@type":"WebSite","@id":"https:\/\/www.novotek.com\/no\/#website","url":"https:\/\/www.novotek.com\/no\/","name":"Novotek Norge","description":"Automasjon, digitalisering og Analytics","publisher":{"@id":"https:\/\/www.novotek.com\/no\/#organization"},"potentialAction":[{"@type":"SearchAction","target":{"@type":"EntryPoint","urlTemplate":"https:\/\/www.novotek.com\/no\/?s={search_term_string}"},"query-input":{"@type":"PropertyValueSpecification","valueRequired":true,"valueName":"search_term_string"}}],"inLanguage":"nb-NO"},{"@type":"Organization","@id":"https:\/\/www.novotek.com\/no\/#organization","name":"Novotek AS","url":"https:\/\/www.novotek.com\/no\/","logo":{"@type":"ImageObject","inLanguage":"nb-NO","@id":"https:\/\/www.novotek.com\/no\/#\/schema\/logo\/image\/","url":"https:\/\/www.novotek.com\/no\/wp-content\/uploads\/sites\/5\/Forside\/Novotek_logo.png","contentUrl":"https:\/\/www.novotek.com\/no\/wp-content\/uploads\/sites\/5\/Forside\/Novotek_logo.png","width":1200,"height":348,"caption":"Novotek AS"},"image":{"@id":"https:\/\/www.novotek.com\/no\/#\/schema\/logo\/image\/"},"sameAs":["https:\/\/www.linkedin.com\/company\/novotek-as"]}]}},"_links":{"self":[{"href":"https:\/\/www.novotek.com\/no\/wp-json\/wp\/v2\/pages\/999","targetHints":{"allow":["GET"]}}],"collection":[{"href":"https:\/\/www.novotek.com\/no\/wp-json\/wp\/v2\/pages"}],"about":[{"href":"https:\/\/www.novotek.com\/no\/wp-json\/wp\/v2\/types\/page"}],"author":[{"embeddable":true,"href":"https:\/\/www.novotek.com\/no\/wp-json\/wp\/v2\/users\/7"}],"replies":[{"embeddable":true,"href":"https:\/\/www.novotek.com\/no\/wp-json\/wp\/v2\/comments?post=999"}],"version-history":[{"count":23,"href":"https:\/\/www.novotek.com\/no\/wp-json\/wp\/v2\/pages\/999\/revisions"}],"predecessor-version":[{"id":17148,"href":"https:\/\/www.novotek.com\/no\/wp-json\/wp\/v2\/pages\/999\/revisions\/17148"}],"up":[{"embeddable":true,"href":"https:\/\/www.novotek.com\/no\/wp-json\/wp\/v2\/pages\/3685"}],"wp:attachment":[{"href":"https:\/\/www.novotek.com\/no\/wp-json\/wp\/v2\/media?parent=999"}],"curies":[{"name":"wp","href":"https:\/\/api.w.org\/{rel}","templated":true}]}}