{"id":14358,"date":"2024-04-16T09:28:39","date_gmt":"2024-04-16T09:28:39","guid":{"rendered":"https:\/\/www.novotek.com\/se\/?page_id=14358"},"modified":"2024-05-30T09:53:05","modified_gmt":"2024-05-30T09:53:05","slug":"tack","status":"publish","type":"page","link":"https:\/\/www.novotek.com\/se\/tack\/","title":{"rendered":"Tack"},"content":{"rendered":"  <div class=\"hero\">\n    <div class=\"carousel hero-slider small\" data-flickity data-flickity-options='{\"prevNextButtons\": false}'>\n              <div class=\"carousel-cell\">\n          <div class=\"container\">\n            <div class=\"hero-content\">\n                              <h1>Tack f\u00f6r att du fyllt i formul\u00e4ret<\/h1>\n<p>Vi har tagit emot ditt meddelande och kommer att kontakta dig s\u00e5 snart vi kan.<\/p>\n              \n                          <\/div>\n          <\/div>\n\n          <img decoding=\"async\" width=\"1024\" height=\"427\" src=\"https:\/\/www.novotek.com\/se\/wp-content\/uploads\/sites\/2\/Startpage\/Header_Novotek_digitalisera-din-produktion-1024x427.jpg.webp\" class=\"hero-bg\" alt=\"Hero Img\" fetchpriority=\"high\" srcset=\"https:\/\/www.novotek.com\/se\/wp-content\/uploads\/sites\/2\/Startpage\/Header_Novotek_digitalisera-din-produktion-1024x427.jpg.webp 1024w, https:\/\/www.novotek.com\/se\/wp-content\/uploads\/sites\/2\/Startpage\/Header_Novotek_digitalisera-din-produktion-300x125.jpg.webp 300w, https:\/\/www.novotek.com\/se\/wp-content\/uploads\/sites\/2\/Startpage\/Header_Novotek_digitalisera-din-produktion-768x320.jpg.webp 768w, https:\/\/www.novotek.com\/se\/wp-content\/uploads\/sites\/2\/Startpage\/Header_Novotek_digitalisera-din-produktion-1536x640.jpg.webp 1536w, https:\/\/www.novotek.com\/se\/wp-content\/uploads\/sites\/2\/Startpage\/Header_Novotek_digitalisera-din-produktion.jpg.webp 1920w\" sizes=\"(max-width: 1024px) 100vw, 1024px\" \/>                  <\/div>\n          <\/div>\n\n      <\/div>\n\n   \n\n\n<div class=\"container-md heading  \">\n<h2 class=\"wp-block-heading has-text-align-center\">Under tiden f\u00e5r du g\u00e4rna se dig omkring p\u00e5 v\u00e5r hemsida<\/h2>\n<\/div>\n\n<div class=\"container-md spacer  \">\n<div style=\"height:20px\" aria-hidden=\"true\" class=\"wp-block-spacer\"><\/div>\n<\/div>\n\n<div class=\"posts-columns \">\n  <div class=\"container\">\n  <div class=\"row\">\n    <div class=\"col-12 col-md-4\">\n<article class=\"basic \">\n    <div class=\"image\">\n      <a href=\"https:\/\/www.novotek.com\/se\/losningar-och-produkter\/\">\n                  <img loading=\"lazy\" decoding=\"async\" width=\"392\" height=\"300\" src=\"https:\/\/www.novotek.com\/se\/wp-content\/uploads\/sites\/2\/Products_and_Solutions\/Novotek_solutions_and_products_header_392x300px.jpg.webp\" class=\"attachment-post-thumbnail size-post-thumbnail wp-post-image\" alt=\"L\u00f6sningar och Produkter Novotek\" srcset=\"https:\/\/www.novotek.com\/se\/wp-content\/uploads\/sites\/2\/Products_and_Solutions\/Novotek_solutions_and_products_header_392x300px.jpg.webp 392w, https:\/\/www.novotek.com\/se\/wp-content\/uploads\/sites\/2\/Products_and_Solutions\/Novotek_solutions_and_products_header_392x300px-300x230.jpg.webp 300w\" sizes=\"auto, (max-width: 392px) 100vw, 392px\" \/>              <\/a>\n    <\/div>\n\n    <div>\n              <h4>L\u00f6sningar och Produkter<\/h4>\n      \n              <p>Ett komplett utbud av l\u00f6sningar f\u00f6r visualisering, styrning, digitalisering och produktionsoptimering i industriella produktionsmilj\u00f6er.<\/p>\n      \n      <div>\n        <a href=\"https:\/\/www.novotek.com\/se\/losningar-och-produkter\/\">\n          L\u00e4s mer        <\/a>\n      <\/div>\n    <\/div>\n<\/article>\n<\/div><div class=\"col-12 col-md-4\">\n<article class=\"basic \">\n    <div class=\"image\">\n      <a href=\"https:\/\/www.novotek.com\/se\/insight\/\">\n                  <img loading=\"lazy\" decoding=\"async\" width=\"1920\" height=\"800\" src=\"https:\/\/www.novotek.com\/se\/wp-content\/uploads\/sites\/2\/Startpage\/Insights\/AdobeStock_454571442-Insights-header-1920x800px.jpg.webp\" class=\"attachment-post-thumbnail size-post-thumbnail wp-post-image\" alt=\"\" srcset=\"https:\/\/www.novotek.com\/se\/wp-content\/uploads\/sites\/2\/Startpage\/Insights\/AdobeStock_454571442-Insights-header-1920x800px.jpg.webp 1920w, https:\/\/www.novotek.com\/se\/wp-content\/uploads\/sites\/2\/Startpage\/Insights\/AdobeStock_454571442-Insights-header-1920x800px-300x125.jpg.webp 300w, https:\/\/www.novotek.com\/se\/wp-content\/uploads\/sites\/2\/Startpage\/Insights\/AdobeStock_454571442-Insights-header-1920x800px-1024x427.jpg.webp 1024w, https:\/\/www.novotek.com\/se\/wp-content\/uploads\/sites\/2\/Startpage\/Insights\/AdobeStock_454571442-Insights-header-1920x800px-768x320.jpg.webp 768w, https:\/\/www.novotek.com\/se\/wp-content\/uploads\/sites\/2\/Startpage\/Insights\/AdobeStock_454571442-Insights-header-1920x800px-1536x640.jpg.webp 1536w\" sizes=\"auto, (max-width: 1920px) 100vw, 1920px\" \/>              <\/a>\n    <\/div>\n\n    <div>\n              <h4>Artiklar<\/h4>\n      \n              <p>V\u00e5ra artiklar Industri, teknik, data och m\u00e4nniskor: F\u00e5 b\u00e4ttre inblick i industriell digitalisering och l\u00e4r dig mer om olika l\u00f6sningar.<\/p>\n      \n      <div>\n        <a href=\"https:\/\/www.novotek.com\/se\/insight\/\">\n          L\u00e4s mer        <\/a>\n      <\/div>\n    <\/div>\n<\/article>\n<\/div><div class=\"col-12 col-md-4\">\n<article class=\"basic \">\n    <div class=\"image\">\n      <a href=\"https:\/\/www.novotek.com\/se\/nyheter\/\">\n                  <img loading=\"lazy\" decoding=\"async\" width=\"1920\" height=\"800\" src=\"https:\/\/www.novotek.com\/se\/wp-content\/uploads\/sites\/2\/Startpage\/News\/AdobeStock_454571442-News-header-1920x800px.jpg.webp\" class=\"attachment-post-thumbnail size-post-thumbnail wp-post-image\" alt=\"\" srcset=\"https:\/\/www.novotek.com\/se\/wp-content\/uploads\/sites\/2\/Startpage\/News\/AdobeStock_454571442-News-header-1920x800px.jpg.webp 1920w, https:\/\/www.novotek.com\/se\/wp-content\/uploads\/sites\/2\/Startpage\/News\/AdobeStock_454571442-News-header-1920x800px-300x125.jpg.webp 300w, https:\/\/www.novotek.com\/se\/wp-content\/uploads\/sites\/2\/Startpage\/News\/AdobeStock_454571442-News-header-1920x800px-1024x427.jpg.webp 1024w, https:\/\/www.novotek.com\/se\/wp-content\/uploads\/sites\/2\/Startpage\/News\/AdobeStock_454571442-News-header-1920x800px-768x320.jpg.webp 768w, https:\/\/www.novotek.com\/se\/wp-content\/uploads\/sites\/2\/Startpage\/News\/AdobeStock_454571442-News-header-1920x800px-1536x640.jpg.webp 1536w\" sizes=\"auto, (max-width: 1920px) 100vw, 1920px\" \/>              <\/a>\n    <\/div>\n\n    <div>\n              <h4>Nyheter<\/h4>\n      \n              <p>Vad h\u00e4nder p\u00e5 Novotek? Se de senaste produktuppdateringarna, kommande events och mycket mer<\/p>\n      \n      <div>\n        <a href=\"https:\/\/www.novotek.com\/se\/nyheter\/\">\n          L\u00e4s mer        <\/a>\n      <\/div>\n    <\/div>\n<\/article>\n<\/div>  <\/div>\n\n  <\/div><\/div>\n\n\n<div class=\"container-md spacer  \">\n<div style=\"height:100px\" aria-hidden=\"true\" class=\"wp-block-spacer\"><\/div>\n<\/div>","protected":false},"excerpt":{"rendered":"<p>Under tiden f\u00e5r du g\u00e4rna se dig omkring p\u00e5 v\u00e5r hemsida<\/p>\n","protected":false},"author":5,"featured_media":0,"parent":0,"menu_order":0,"comment_status":"closed","ping_status":"closed","template":"","meta":{"_acf_changed":false,"_relevanssi_hide_post":"","_relevanssi_pin_for_all":"","_relevanssi_pin_keywords":"","_relevanssi_unpin_keywords":"","_relevanssi_related_keywords":"","_relevanssi_related_include_ids":"","_relevanssi_related_exclude_ids":"","_relevanssi_related_no_append":"","_relevanssi_related_not_related":"","_relevanssi_related_posts":"10066,6526,8225,5315,11315,4691","_relevanssi_noindex_reason":"","footnotes":""},"class_list":["post-14358","page","type-page","status-publish","hentry"],"acf":[],"yoast_head":"<!-- This site is optimized with the Yoast SEO plugin v27.5 - https:\/\/yoast.com\/product\/yoast-seo-wordpress\/ -->\n<title>Tack - Novotek Sverige AB<\/title>\n<meta name=\"description\" content=\"Tack f\u00f6r att du fyllt i formul\u00e4ret. Vi har tagit emot dina uppgifter och kommer att kontakta dig s\u00e5 snart vi kan.\" \/>\n<meta name=\"robots\" content=\"index, follow, max-snippet:-1, max-image-preview:large, max-video-preview:-1\" \/>\n<link rel=\"canonical\" href=\"https:\/\/www.novotek.com\/se\/tack\/\" \/>\n<meta property=\"og:locale\" content=\"sv_SE\" \/>\n<meta property=\"og:type\" content=\"article\" \/>\n<meta property=\"og:title\" content=\"Tack - Novotek Sverige AB\" \/>\n<meta property=\"og:description\" content=\"Tack f\u00f6r att du fyllt i formul\u00e4ret. Vi har tagit emot dina uppgifter och kommer att kontakta dig s\u00e5 snart vi kan.\" \/>\n<meta property=\"og:url\" content=\"https:\/\/www.novotek.com\/se\/tack\/\" \/>\n<meta property=\"og:site_name\" content=\"Novotek Sverige AB\" \/>\n<meta property=\"article:modified_time\" content=\"2024-05-30T09:53:05+00:00\" \/>\n<meta name=\"twitter:card\" content=\"summary_large_image\" \/>\n<meta name=\"twitter:label1\" content=\"Ber\u00e4knad l\u00e4stid\" \/>\n\t<meta name=\"twitter:data1\" content=\"1 minut\" \/>\n<script type=\"application\/ld+json\" class=\"yoast-schema-graph\">{\"@context\":\"https:\\\/\\\/schema.org\",\"@graph\":[{\"@type\":\"WebPage\",\"@id\":\"https:\\\/\\\/www.novotek.com\\\/se\\\/tack\\\/\",\"url\":\"https:\\\/\\\/www.novotek.com\\\/se\\\/tack\\\/\",\"name\":\"Tack - Novotek Sverige AB\",\"isPartOf\":{\"@id\":\"https:\\\/\\\/www.novotek.com\\\/se\\\/#website\"},\"datePublished\":\"2024-04-16T09:28:39+00:00\",\"dateModified\":\"2024-05-30T09:53:05+00:00\",\"description\":\"Tack f\u00f6r att du fyllt i formul\u00e4ret. Vi har tagit emot dina uppgifter och kommer att kontakta dig s\u00e5 snart vi kan.\",\"breadcrumb\":{\"@id\":\"https:\\\/\\\/www.novotek.com\\\/se\\\/tack\\\/#breadcrumb\"},\"inLanguage\":\"sv-SE\",\"potentialAction\":[{\"@type\":\"ReadAction\",\"target\":[\"https:\\\/\\\/www.novotek.com\\\/se\\\/tack\\\/\"]}]},{\"@type\":\"BreadcrumbList\",\"@id\":\"https:\\\/\\\/www.novotek.com\\\/se\\\/tack\\\/#breadcrumb\",\"itemListElement\":[{\"@type\":\"ListItem\",\"position\":1,\"name\":\"Home\",\"item\":\"https:\\\/\\\/www.novotek.com\\\/se\\\/\"},{\"@type\":\"ListItem\",\"position\":2,\"name\":\"Tack\"}]},{\"@type\":\"WebSite\",\"@id\":\"https:\\\/\\\/www.novotek.com\\\/se\\\/#website\",\"url\":\"https:\\\/\\\/www.novotek.com\\\/se\\\/\",\"name\":\"Novotek Sverige AB\",\"description\":\"Connect - Digitalize - Optimize\",\"potentialAction\":[{\"@type\":\"SearchAction\",\"target\":{\"@type\":\"EntryPoint\",\"urlTemplate\":\"https:\\\/\\\/www.novotek.com\\\/se\\\/?s={search_term_string}\"},\"query-input\":{\"@type\":\"PropertyValueSpecification\",\"valueRequired\":true,\"valueName\":\"search_term_string\"}}],\"inLanguage\":\"sv-SE\"}]}<\/script>\n<!-- \/ Yoast SEO plugin. -->","yoast_head_json":{"title":"Tack - Novotek Sverige AB","description":"Tack f\u00f6r att du fyllt i formul\u00e4ret. Vi har tagit emot dina uppgifter och kommer att kontakta dig s\u00e5 snart vi kan.","robots":{"index":"index","follow":"follow","max-snippet":"max-snippet:-1","max-image-preview":"max-image-preview:large","max-video-preview":"max-video-preview:-1"},"canonical":"https:\/\/www.novotek.com\/se\/tack\/","og_locale":"sv_SE","og_type":"article","og_title":"Tack - Novotek Sverige AB","og_description":"Tack f\u00f6r att du fyllt i formul\u00e4ret. Vi har tagit emot dina uppgifter och kommer att kontakta dig s\u00e5 snart vi kan.","og_url":"https:\/\/www.novotek.com\/se\/tack\/","og_site_name":"Novotek Sverige AB","article_modified_time":"2024-05-30T09:53:05+00:00","twitter_card":"summary_large_image","twitter_misc":{"Ber\u00e4knad l\u00e4stid":"1 minut"},"schema":{"@context":"https:\/\/schema.org","@graph":[{"@type":"WebPage","@id":"https:\/\/www.novotek.com\/se\/tack\/","url":"https:\/\/www.novotek.com\/se\/tack\/","name":"Tack - Novotek Sverige AB","isPartOf":{"@id":"https:\/\/www.novotek.com\/se\/#website"},"datePublished":"2024-04-16T09:28:39+00:00","dateModified":"2024-05-30T09:53:05+00:00","description":"Tack f\u00f6r att du fyllt i formul\u00e4ret. Vi har tagit emot dina uppgifter och kommer att kontakta dig s\u00e5 snart vi kan.","breadcrumb":{"@id":"https:\/\/www.novotek.com\/se\/tack\/#breadcrumb"},"inLanguage":"sv-SE","potentialAction":[{"@type":"ReadAction","target":["https:\/\/www.novotek.com\/se\/tack\/"]}]},{"@type":"BreadcrumbList","@id":"https:\/\/www.novotek.com\/se\/tack\/#breadcrumb","itemListElement":[{"@type":"ListItem","position":1,"name":"Home","item":"https:\/\/www.novotek.com\/se\/"},{"@type":"ListItem","position":2,"name":"Tack"}]},{"@type":"WebSite","@id":"https:\/\/www.novotek.com\/se\/#website","url":"https:\/\/www.novotek.com\/se\/","name":"Novotek Sverige AB","description":"Connect - Digitalize - Optimize","potentialAction":[{"@type":"SearchAction","target":{"@type":"EntryPoint","urlTemplate":"https:\/\/www.novotek.com\/se\/?s={search_term_string}"},"query-input":{"@type":"PropertyValueSpecification","valueRequired":true,"valueName":"search_term_string"}}],"inLanguage":"sv-SE"}]}},"_links":{"self":[{"href":"https:\/\/www.novotek.com\/se\/wp-json\/wp\/v2\/pages\/14358","targetHints":{"allow":["GET"]}}],"collection":[{"href":"https:\/\/www.novotek.com\/se\/wp-json\/wp\/v2\/pages"}],"about":[{"href":"https:\/\/www.novotek.com\/se\/wp-json\/wp\/v2\/types\/page"}],"author":[{"embeddable":true,"href":"https:\/\/www.novotek.com\/se\/wp-json\/wp\/v2\/users\/5"}],"replies":[{"embeddable":true,"href":"https:\/\/www.novotek.com\/se\/wp-json\/wp\/v2\/comments?post=14358"}],"version-history":[{"count":24,"href":"https:\/\/www.novotek.com\/se\/wp-json\/wp\/v2\/pages\/14358\/revisions"}],"predecessor-version":[{"id":15641,"href":"https:\/\/www.novotek.com\/se\/wp-json\/wp\/v2\/pages\/14358\/revisions\/15641"}],"wp:attachment":[{"href":"https:\/\/www.novotek.com\/se\/wp-json\/wp\/v2\/media?parent=14358"}],"curies":[{"name":"wp","href":"https:\/\/api.w.org\/{rel}","templated":true}]}}