{"id":2179,"date":"2021-07-15T06:44:45","date_gmt":"2021-07-15T06:44:45","guid":{"rendered":"https:\/\/www.novotek.com\/se\/?page_id=2179"},"modified":"2025-06-26T13:02:58","modified_gmt":"2025-06-26T13:02:58","slug":"rxi2-bp-industrial-pc","status":"publish","type":"page","link":"https:\/\/www.novotek.com\/se\/losningar-och-produkter\/plc-och-automationssystem\/industri-pc\/rxi2-bp-industrial-pc\/","title":{"rendered":"RXi2-BP Industrial PC"},"content":{"rendered":"  <div class=\"hero\">\n    <div class=\"carousel hero-slider small\" data-flickity data-flickity-options='{\"prevNextButtons\": false}'>\n              <div class=\"carousel-cell\">\n          <div class=\"container\">\n            <div class=\"hero-content\">\n                              <h1>RXi2-BP Industrial PC<\/h1>\n<p>En mycket robust industriell PC, designad f\u00f6r att klara tuffa industrimilj\u00f6er.<\/p>\n              \n                          <\/div>\n          <\/div>\n\n          <img decoding=\"async\" width=\"1024\" height=\"427\" src=\"https:\/\/www.novotek.com\/se\/wp-content\/uploads\/sites\/2\/Emerson_BlackBox_IPC_duotone_1920x800-1024x427.jpg\" class=\"hero-bg\" alt=\"Hero Img\" fetchpriority=\"high\" srcset=\"https:\/\/www.novotek.com\/se\/wp-content\/uploads\/sites\/2\/Emerson_BlackBox_IPC_duotone_1920x800-1024x427.jpg 1024w, https:\/\/www.novotek.com\/se\/wp-content\/uploads\/sites\/2\/Emerson_BlackBox_IPC_duotone_1920x800-300x125.jpg 300w, https:\/\/www.novotek.com\/se\/wp-content\/uploads\/sites\/2\/Emerson_BlackBox_IPC_duotone_1920x800-768x320.jpg 768w, https:\/\/www.novotek.com\/se\/wp-content\/uploads\/sites\/2\/Emerson_BlackBox_IPC_duotone_1920x800-1536x640.jpg 1536w, https:\/\/www.novotek.com\/se\/wp-content\/uploads\/sites\/2\/Emerson_BlackBox_IPC_duotone_1920x800.jpg 1920w\" sizes=\"(max-width: 1024px) 100vw, 1024px\" \/>                  <\/div>\n          <\/div>\n\n      <\/div>\n\n   <div class=\"floating-breadcrumb\"><div class=\"container\"><span><span><a href=\"https:\/\/www.novotek.com\/se\/\" class=\"breadcrumb-frontpage\">Home<\/a><\/span><\/span><\/div><\/div>\n\n\n<div class=\"container-md paragraph  \">\n<p>En mycket robust industriell PC, designad f\u00f6r att klara tuffa industrimilj\u00f6er. <a href=\"https:\/\/www.novotek.com\/se\/losningar-och-produkter\/operatorssystem-hmi-scada\/ifix-hmi-scada\/\">Proficy iFIX HMI\/SCADA<\/a>, <a href=\"https:\/\/www.novotek.com\/se\/losningar-och-produkter\/dataloggning\/proficy-historian\/\">Proficy Historian<\/a> och analysprogram f\u00f6r b\u00e4ttre realtidskontroll av drift och produktion. RXi2-BP IPC kan enkelt integreras med andra system i produktionen.<\/p>\n<\/div>\n\n<div class=\"container media-text  alignwide\">\n<div class=\"wp-block-media-text alignwide is-stacked-on-mobile\"><figure class=\"wp-block-media-text__media\"><img loading=\"lazy\" decoding=\"async\" width=\"555\" height=\"555\" src=\"https:\/\/www.novotek.com\/se\/wp-content\/uploads\/sites\/2\/Products_and_Solutions\/Products\/Industri-PC\/Emerson_RXi2BP_IPC.jpg\" alt=\"Industri PC RXi2BP\" class=\"wp-image-4256 size-full\" srcset=\"https:\/\/www.novotek.com\/se\/wp-content\/uploads\/sites\/2\/Products_and_Solutions\/Products\/Industri-PC\/Emerson_RXi2BP_IPC.jpg 555w, https:\/\/www.novotek.com\/se\/wp-content\/uploads\/sites\/2\/Products_and_Solutions\/Products\/Industri-PC\/Emerson_RXi2BP_IPC-300x300.jpg 300w, https:\/\/www.novotek.com\/se\/wp-content\/uploads\/sites\/2\/Products_and_Solutions\/Products\/Industri-PC\/Emerson_RXi2BP_IPC-150x150.jpg 150w\" sizes=\"auto, (max-width: 555px) 100vw, 555px\" \/><\/figure><div class=\"wp-block-media-text__content\"><div class=\"container-md heading  \">\n<h2 class=\"wp-block-heading\" id=\"h-hogpresterande-datorer\">H\u00f6gpresterande datorer<\/h2>\n<\/div>\n\n<div class=\"container-md paragraph  \">\n<p>RXi2-BP kombinerar h\u00f6g prestanda och bra datorkapacitet med ett kompakt och robust fodral: en &#8221;Black Box IPC&#8221; utan sk\u00e4rm, tangentbord eller mus. IPC \u00e4r konstruerad f\u00f6r att fungera effektivt i tuffa industrimilj\u00f6er, \u00e4r st\u00f6t- och vibrationss\u00e4ker och t\u00e5l temperaturer fr\u00e5n -40 till 70 grader.<\/p>\n<\/div>\n\n<div class=\"container-md paragraph  \">\n<p>Programvaran \u00e4r kompatibel med olika applikationer, tillr\u00e4ckligt kraftfull f\u00f6r att st\u00f6dja flera protokoll och drivrutiner till en enda plattform, och ger s\u00e4ker kommunikation och redundanta n\u00e4tverk. Emerson anv\u00e4nder de senaste AMD Ryzen -processorerna f\u00f6r b\u00e4sta prestanda. RXi2-BP IPC har upp till 16 GB ECC-RAM, 4-6 GB Ethernet-gr\u00e4nssnitt och h\u00f6ghastighets SSD-lagring i industriell kvalitet. Dessa funktioner g\u00f6r RXi2-BP IPC till en optimal plattform f\u00f6r att k\u00f6ra industriella applikationer bredvid maskinen. PCI-enheter i kombination med avancerade processorer m\u00f6jligg\u00f6r h\u00f6gpresterande datorer.<\/p>\n<\/div><\/div><\/div>\n<\/div>\n\n<div class=\"container-md heading  \">\n<h4 class=\"wp-block-heading\" id=\"h-funktioner\">Funktioner<\/h4>\n<\/div>\n\n<div class=\"container-md list  \">\n<ul class=\"wp-block-list\"><div class=\"container-md list-item  \">\n<li>Kompakt, robust &#8221;Black Box&#8221; IPC utan sk\u00e4rm, tangentbord eller mus, utformad f\u00f6r att klara tuffa, industriella milj\u00f6er.<\/li>\n<\/div>\n\n<div class=\"container-md list-item  \">\n<li>Idealisk f\u00f6r en m\u00e4ngd olika kr\u00e4vande industriella applikationer, inklusive HMI \/ SCADA, historiker och analysprogram.<\/li>\n<\/div>\n\n<div class=\"container-md list-item  \">\n<li>Enkel integration med andra system i produktionen.<\/li>\n<\/div>\n\n<div class=\"container-md list-item  \">\n<li>St\u00f6d f\u00f6r mer \u00e4n 150 olika protokoll.<\/li>\n<\/div>\n\n<div class=\"container-md list-item  \">\n<li>Chock- och vibrationss\u00e4ker, t\u00e5l temperaturer fr\u00e5n -40 till 70 grader.<\/li>\n<\/div>\n\n<div class=\"container-md list-item  \">\n<li>Utan fl\u00e4kt f\u00f6r att minimera dammuppsamling.<\/li>\n<\/div>\n\n<div class=\"container-md list-item  \">\n<li>16 GB ECC RAM, 4-6 GB Ethernet-gr\u00e4nssnitt och h\u00f6ghastighetsindustrikvalitet SSD-h\u00e5rddisklagring.<\/li>\n<\/div>\n\n<div class=\"container-md list-item  \">\n<li>Kombinerar PCI-enheter med avancerade processorer f\u00f6r h\u00f6gpresterande datorer.<\/li>\n<\/div>\n\n<div class=\"container-md list-item  \">\n<li>Anv\u00e4nder Trusted Platform Module 2.0 och Microsoft Secure Boot f\u00f6r att s\u00e4kra datafl\u00f6de.<\/li>\n<\/div><\/ul>\n<\/div>\n\n<div class=\"container-md spacer  \">\n<div style=\"height:10px\" aria-hidden=\"true\" class=\"wp-block-spacer\"><\/div>\n<\/div>\n\n<div class=\"container-md heading  \">\n<h4 class=\"wp-block-heading\" id=\"h-tekniska-specifikationer\">Tekniska specifikationer<\/h4>\n<\/div>\n\n<div class=\"container-md paragraph  \">\n<p><strong>IPC Family<\/strong><\/p>\n<\/div>\n\n<div class=\"container-md list  \">\n<ul style=\"background-color:#f8f8f8\" class=\"wp-block-list has-background\"><div class=\"container-md list-item  \">\n<li>RXi2-BP AMD Ryzen V1000\/R1000 Series<\/li>\n<\/div><\/ul>\n<\/div>\n\n<div class=\"container-md paragraph  \">\n<p><strong>CPU<\/strong><\/p>\n<\/div>\n\n<div class=\"container-md list  \">\n<ul style=\"background-color:#f8f8f8\" class=\"wp-block-list has-background\"><div class=\"container-md list-item  \">\n<li>V1605B, 12-25W, 4c 2.0GHz (3.6GHz), Vega 8 graphics<\/li>\n<\/div>\n\n<div class=\"container-md list-item  \">\n<li>V1404I, 12-25W, 4c 2.0GHz (3.6GHz), Vega 8 graphics<\/li>\n<\/div>\n\n<div class=\"container-md list-item  \">\n<li>R1505G, 12-25W, 2c 2.4GHz (3.3GHz), Vega 3 graphics<\/li>\n<\/div>\n\n<div class=\"container-md list-item  \">\n<li>R1305G, 8-10W, 2c1.5GHz (2.8GHz), Vega 3 graphics<br><\/li>\n<\/div><\/ul>\n<\/div>\n\n<div class=\"container-md paragraph  \">\n<p><strong>CPU Core Count:<\/strong>&nbsp;4<\/p>\n<\/div>\n\n<div class=\"container-md paragraph  \">\n<p><strong>Memory:<\/strong>&nbsp;4-16GB ECC<\/p>\n<\/div>\n\n<div class=\"container-md paragraph  \">\n<p><strong>Storage:<\/strong>&nbsp;64-512GB SSD<\/p>\n<\/div>\n\n<div class=\"container-md paragraph  \">\n<p><strong>Non-Volatile RAM:<\/strong>&nbsp;Optional 1 to 4 Mbit MRAM<br><\/p>\n<\/div>\n\n<div class=\"container-md paragraph  \">\n<p><strong>Ethernet<\/strong><\/p>\n<\/div>\n\n<div class=\"container-md list  \">\n<ul style=\"background-color:#f8f8f8\" class=\"wp-block-list has-background\"><div class=\"container-md list-item  \">\n<li>Four 10\/100\/1000BASE-T Ethernet ports<\/li>\n<\/div>\n\n<div class=\"container-md list-item  \">\n<li>Option to expand to 6 ports<\/li>\n<\/div>\n\n<div class=\"container-md list-item  \">\n<li>Option to support 3x SFP port<\/li>\n<\/div><\/ul>\n<\/div>\n\n<div class=\"container-md paragraph  \">\n<p><strong>USB:<\/strong><\/p>\n<\/div>\n\n<div class=\"container-md list  \">\n<ul style=\"background-color:#f8f8f8\" class=\"wp-block-list has-background\"><div class=\"container-md list-item  \">\n<li>Two USB 3.1 Gen 1<\/li>\n<\/div>\n\n<div class=\"container-md list-item  \">\n<li>Two USB 2.0<\/li>\n<\/div><\/ul>\n<\/div>\n\n<div class=\"container-md paragraph  \">\n<p><strong>Serial Interfaces:<\/strong>&nbsp;1xRS232, 1xRS422\/485<br><\/p>\n<\/div>\n\n<div class=\"container-md paragraph  \">\n<p><strong>Expansion Slots<\/strong><\/p>\n<\/div>\n\n<div class=\"container-md list  \">\n<ul style=\"background-color:#f8f8f8\" class=\"wp-block-list has-background\"><div class=\"container-md list-item  \">\n<li>Optional mini PCIe slot with UIM card holder, can be used for Cellular Modem or WiFi\/BlueTooth<\/li>\n<\/div>\n\n<div class=\"container-md list-item  \">\n<li>Optional 1, 2 PCIe expansion slots<\/li>\n<\/div><\/ul>\n<\/div>\n\n<div class=\"container-md paragraph  \">\n<p><strong>Pre-installed OS<\/strong><\/p>\n<\/div>\n\n<div class=\"container-md list  \">\n<ul style=\"background-color:#f8f8f8\" class=\"wp-block-list has-background\"><div class=\"container-md list-item  \">\n<li>Windows\u00ae 10 IoT 2019 LTSC<\/li>\n<\/div>\n\n<div class=\"container-md list-item  \">\n<li>Linux Ubuntu 18.04, 20.04, and above<\/li>\n<\/div>\n\n<div class=\"container-md list-item  \">\n<li>VxWorks\u00ae 7.0 (upon request)<\/li>\n<\/div><\/ul>\n<\/div>\n\n<div class=\"container-md paragraph  \">\n<p><strong>Operating Range<\/strong><\/p>\n<\/div>\n\n<div class=\"container-md list  \">\n<ul style=\"background-color:#f8f8f8\" class=\"wp-block-list has-background\"><div class=\"container-md list-item  \">\n<li>Standard 0\u00b0C up to +70\u00b0C<\/li>\n<\/div>\n\n<div class=\"container-md list-item  \">\n<li>Extended -40\u00b0C up to +70\u00b0C<\/li>\n<\/div>\n\n<div class=\"container-md list-item  \">\n<li>Humidity 5-95% @ +40\u00b0C<\/li>\n<\/div>\n\n<div class=\"container-md list-item  \">\n<li>Altitude 6,600 ft. (2.0km)<\/li>\n<\/div><\/ul>\n<\/div>\n\n<div class=\"container-md spacer  \">\n<div style=\"height:10px\" aria-hidden=\"true\" class=\"wp-block-spacer\"><\/div>\n<\/div>\n\n<div class=\"container-md heading  \">\n<h2 class=\"wp-block-heading\" id=\"h-rxi2-bp-industrial-pc-nasta-generations-industriella-pc-fran-emerson\">RXi2-BP Industrial PC: N\u00e4sta generations industriella PC fr\u00e5n Emerson<\/h2>\n<\/div>\n\n<div class=\"container-md image  \">\n<figure class=\"wp-block-image size-large\"><img decoding=\"async\" src=\"https:\/\/www.novotek.no\/wp-content\/uploads\/sites\/5\/Automasjon\/PLS_og_styresystemer\/Industri_PC\/Emerson_RXi2BP_IPC_wide.jpg\" alt=\"Emerson industri-PC: RXi2BP IPC\" class=\"wp-image-2156\"\/><\/figure>\n<\/div>\n\n<div class=\"container-md paragraph  \">\n<p>RXi2-BP IPC \u00e4r en mycket p\u00e5litlig IPC med en l\u00e5ng livscykel, perfekt f\u00f6r hantering av industriella applikationer. Minskat underh\u00e5ll, l\u00e5g str\u00f6mf\u00f6rbrukning och enkla framtida prestandauppgraderingar \u00e4r n\u00e5gra av f\u00f6rdelarna med IPC.<\/p>\n<\/div>\n\n<div class=\"container-md paragraph  \">\n<p>Med RXi2-BP IPC utvecklar Emerson n\u00e4sta generations industriella PC: Nya processorval, \u00f6kad och snabbare lagring, b\u00e4ttre grafik och h\u00f6gre s\u00e4kerhet \u00e4r bland funktionerna.&nbsp;<\/p>\n<\/div>\n\n<div class=\"container-md paragraph  \">\n<p>Beh\u00f6ver du en kraftfull industriell PC i ditt f\u00f6retag? V\u00e5ra s\u00e4ljare och tekniker hj\u00e4lper dig att hitta r\u00e4tt s\u00e4tt att installera RXi2-BP IPC.<\/p>\n<\/div>\n\n<div class=\"container-md spacer  \">\n<div style=\"height:100px\" aria-hidden=\"true\" class=\"wp-block-spacer\"><\/div>\n<\/div>","protected":false},"excerpt":{"rendered":"<p>En mycket robust industriell PC, designad f\u00f6r att klara tuffa industrimilj\u00f6er. Proficy iFIX HMI\/SCADA, Proficy Historian och analysprogram f\u00f6r b\u00e4ttre realtidskontroll av drift och produktion. RXi2-BP IPC kan enkelt integreras med andra system i produktionen. H\u00f6gpresterande datorer RXi2-BP kombinerar h\u00f6g prestanda och bra datorkapacitet med ett kompakt och robust fodral: en &#8221;Black Box IPC&#8221; utan [&hellip;]<\/p>\n","protected":false},"author":4,"featured_media":0,"parent":2182,"menu_order":0,"comment_status":"closed","ping_status":"closed","template":"","meta":{"_acf_changed":false,"_relevanssi_hide_post":"","_relevanssi_pin_for_all":"","_relevanssi_pin_keywords":"","_relevanssi_unpin_keywords":"","_relevanssi_related_keywords":"","_relevanssi_related_include_ids":"","_relevanssi_related_exclude_ids":"","_relevanssi_related_no_append":"","_relevanssi_related_not_related":"","_relevanssi_related_posts":"130,135,133,137,946,139","_relevanssi_noindex_reason":"","footnotes":""},"class_list":["post-2179","page","type-page","status-publish","hentry"],"acf":[],"yoast_head":"<!-- This site is optimized with the Yoast SEO plugin v27.4 - https:\/\/yoast.com\/product\/yoast-seo-wordpress\/ -->\n<title>RXi2-BP Industrial PC - Novotek Sverige AB<\/title>\n<meta name=\"description\" content=\"RXi2-BP Industrial PC. En mycket robust industriell PC fr\u00e5n Emerson, designad f\u00f6r att klara tuffa industrimilj\u00f6er.\" \/>\n<meta name=\"robots\" content=\"index, follow, max-snippet:-1, max-image-preview:large, max-video-preview:-1\" \/>\n<link rel=\"canonical\" href=\"https:\/\/www.novotek.com\/se\/losningar-och-produkter\/plc-och-automationssystem\/industri-pc\/rxi2-bp-industrial-pc\/\" \/>\n<meta property=\"og:locale\" content=\"sv_SE\" \/>\n<meta property=\"og:type\" content=\"article\" \/>\n<meta property=\"og:title\" content=\"RXi2-BP Industrial PC - Novotek Sverige AB\" \/>\n<meta property=\"og:description\" content=\"RXi2-BP Industrial PC. En mycket robust industriell PC fr\u00e5n Emerson, designad f\u00f6r att klara tuffa industrimilj\u00f6er.\" \/>\n<meta property=\"og:url\" content=\"https:\/\/www.novotek.com\/se\/losningar-och-produkter\/plc-och-automationssystem\/industri-pc\/rxi2-bp-industrial-pc\/\" \/>\n<meta property=\"og:site_name\" content=\"Novotek Sverige AB\" \/>\n<meta property=\"article:modified_time\" content=\"2025-06-26T13:02:58+00:00\" \/>\n<meta property=\"og:image\" content=\"https:\/\/www.novotek.com\/se\/wp-content\/uploads\/sites\/2\/Products_and_Solutions\/Products\/Industri-PC\/Emerson_RXi2BP_IPC.jpg\" \/>\n<meta name=\"twitter:card\" content=\"summary_large_image\" \/>\n<meta name=\"twitter:label1\" content=\"Ber\u00e4knad l\u00e4stid\" \/>\n\t<meta name=\"twitter:data1\" content=\"3 minuter\" \/>\n<script type=\"application\/ld+json\" class=\"yoast-schema-graph\">{\"@context\":\"https:\\\/\\\/schema.org\",\"@graph\":[{\"@type\":\"WebPage\",\"@id\":\"https:\\\/\\\/www.novotek.com\\\/se\\\/losningar-och-produkter\\\/plc-och-automationssystem\\\/industri-pc\\\/rxi2-bp-industrial-pc\\\/\",\"url\":\"https:\\\/\\\/www.novotek.com\\\/se\\\/losningar-och-produkter\\\/plc-och-automationssystem\\\/industri-pc\\\/rxi2-bp-industrial-pc\\\/\",\"name\":\"RXi2-BP Industrial PC - Novotek Sverige AB\",\"isPartOf\":{\"@id\":\"https:\\\/\\\/www.novotek.com\\\/se\\\/#website\"},\"primaryImageOfPage\":{\"@id\":\"https:\\\/\\\/www.novotek.com\\\/se\\\/losningar-och-produkter\\\/plc-och-automationssystem\\\/industri-pc\\\/rxi2-bp-industrial-pc\\\/#primaryimage\"},\"image\":{\"@id\":\"https:\\\/\\\/www.novotek.com\\\/se\\\/losningar-och-produkter\\\/plc-och-automationssystem\\\/industri-pc\\\/rxi2-bp-industrial-pc\\\/#primaryimage\"},\"thumbnailUrl\":\"https:\\\/\\\/www.novotek.com\\\/se\\\/wp-content\\\/uploads\\\/sites\\\/2\\\/Products_and_Solutions\\\/Products\\\/Industri-PC\\\/Emerson_RXi2BP_IPC.jpg\",\"datePublished\":\"2021-07-15T06:44:45+00:00\",\"dateModified\":\"2025-06-26T13:02:58+00:00\",\"description\":\"RXi2-BP Industrial PC. En mycket robust industriell PC fr\u00e5n Emerson, designad f\u00f6r att klara tuffa industrimilj\u00f6er.\",\"breadcrumb\":{\"@id\":\"https:\\\/\\\/www.novotek.com\\\/se\\\/losningar-och-produkter\\\/plc-och-automationssystem\\\/industri-pc\\\/rxi2-bp-industrial-pc\\\/#breadcrumb\"},\"inLanguage\":\"sv-SE\",\"potentialAction\":[{\"@type\":\"ReadAction\",\"target\":[\"https:\\\/\\\/www.novotek.com\\\/se\\\/losningar-och-produkter\\\/plc-och-automationssystem\\\/industri-pc\\\/rxi2-bp-industrial-pc\\\/\"]}]},{\"@type\":\"ImageObject\",\"inLanguage\":\"sv-SE\",\"@id\":\"https:\\\/\\\/www.novotek.com\\\/se\\\/losningar-och-produkter\\\/plc-och-automationssystem\\\/industri-pc\\\/rxi2-bp-industrial-pc\\\/#primaryimage\",\"url\":\"https:\\\/\\\/www.novotek.com\\\/se\\\/wp-content\\\/uploads\\\/sites\\\/2\\\/Products_and_Solutions\\\/Products\\\/Industri-PC\\\/Emerson_RXi2BP_IPC.jpg\",\"contentUrl\":\"https:\\\/\\\/www.novotek.com\\\/se\\\/wp-content\\\/uploads\\\/sites\\\/2\\\/Products_and_Solutions\\\/Products\\\/Industri-PC\\\/Emerson_RXi2BP_IPC.jpg\",\"width\":555,\"height\":555,\"caption\":\"RXi2-BP Industrial PC\"},{\"@type\":\"BreadcrumbList\",\"@id\":\"https:\\\/\\\/www.novotek.com\\\/se\\\/losningar-och-produkter\\\/plc-och-automationssystem\\\/industri-pc\\\/rxi2-bp-industrial-pc\\\/#breadcrumb\",\"itemListElement\":[{\"@type\":\"ListItem\",\"position\":1,\"name\":\"Home\",\"item\":\"https:\\\/\\\/www.novotek.com\\\/se\\\/\"},{\"@type\":\"ListItem\",\"position\":2,\"name\":\"L\u00f6sningar och Produkter\",\"item\":\"https:\\\/\\\/www.novotek.com\\\/se\\\/losningar-och-produkter\\\/\"},{\"@type\":\"ListItem\",\"position\":3,\"name\":\"PLC och styrsystem\",\"item\":\"https:\\\/\\\/www.novotek.com\\\/se\\\/losningar-och-produkter\\\/plc-och-automationssystem\\\/\"},{\"@type\":\"ListItem\",\"position\":4,\"name\":\"Industri-PC (IPC)\",\"item\":\"https:\\\/\\\/www.novotek.com\\\/se\\\/losningar-och-produkter\\\/plc-och-automationssystem\\\/industri-pc\\\/\"},{\"@type\":\"ListItem\",\"position\":5,\"name\":\"RXi2-BP Industrial PC\"}]},{\"@type\":\"WebSite\",\"@id\":\"https:\\\/\\\/www.novotek.com\\\/se\\\/#website\",\"url\":\"https:\\\/\\\/www.novotek.com\\\/se\\\/\",\"name\":\"Novotek Sverige AB\",\"description\":\"Connect - Digitalize - Optimize\",\"potentialAction\":[{\"@type\":\"SearchAction\",\"target\":{\"@type\":\"EntryPoint\",\"urlTemplate\":\"https:\\\/\\\/www.novotek.com\\\/se\\\/?s={search_term_string}\"},\"query-input\":{\"@type\":\"PropertyValueSpecification\",\"valueRequired\":true,\"valueName\":\"search_term_string\"}}],\"inLanguage\":\"sv-SE\"}]}<\/script>\n<!-- \/ Yoast SEO plugin. -->","yoast_head_json":{"title":"RXi2-BP Industrial PC - Novotek Sverige AB","description":"RXi2-BP Industrial PC. En mycket robust industriell PC fr\u00e5n Emerson, designad f\u00f6r att klara tuffa industrimilj\u00f6er.","robots":{"index":"index","follow":"follow","max-snippet":"max-snippet:-1","max-image-preview":"max-image-preview:large","max-video-preview":"max-video-preview:-1"},"canonical":"https:\/\/www.novotek.com\/se\/losningar-och-produkter\/plc-och-automationssystem\/industri-pc\/rxi2-bp-industrial-pc\/","og_locale":"sv_SE","og_type":"article","og_title":"RXi2-BP Industrial PC - Novotek Sverige AB","og_description":"RXi2-BP Industrial PC. En mycket robust industriell PC fr\u00e5n Emerson, designad f\u00f6r att klara tuffa industrimilj\u00f6er.","og_url":"https:\/\/www.novotek.com\/se\/losningar-och-produkter\/plc-och-automationssystem\/industri-pc\/rxi2-bp-industrial-pc\/","og_site_name":"Novotek Sverige AB","article_modified_time":"2025-06-26T13:02:58+00:00","og_image":[{"url":"https:\/\/www.novotek.com\/se\/wp-content\/uploads\/sites\/2\/Products_and_Solutions\/Products\/Industri-PC\/Emerson_RXi2BP_IPC.jpg","type":"","width":"","height":""}],"twitter_card":"summary_large_image","twitter_misc":{"Ber\u00e4knad l\u00e4stid":"3 minuter"},"schema":{"@context":"https:\/\/schema.org","@graph":[{"@type":"WebPage","@id":"https:\/\/www.novotek.com\/se\/losningar-och-produkter\/plc-och-automationssystem\/industri-pc\/rxi2-bp-industrial-pc\/","url":"https:\/\/www.novotek.com\/se\/losningar-och-produkter\/plc-och-automationssystem\/industri-pc\/rxi2-bp-industrial-pc\/","name":"RXi2-BP Industrial PC - Novotek Sverige AB","isPartOf":{"@id":"https:\/\/www.novotek.com\/se\/#website"},"primaryImageOfPage":{"@id":"https:\/\/www.novotek.com\/se\/losningar-och-produkter\/plc-och-automationssystem\/industri-pc\/rxi2-bp-industrial-pc\/#primaryimage"},"image":{"@id":"https:\/\/www.novotek.com\/se\/losningar-och-produkter\/plc-och-automationssystem\/industri-pc\/rxi2-bp-industrial-pc\/#primaryimage"},"thumbnailUrl":"https:\/\/www.novotek.com\/se\/wp-content\/uploads\/sites\/2\/Products_and_Solutions\/Products\/Industri-PC\/Emerson_RXi2BP_IPC.jpg","datePublished":"2021-07-15T06:44:45+00:00","dateModified":"2025-06-26T13:02:58+00:00","description":"RXi2-BP Industrial PC. En mycket robust industriell PC fr\u00e5n Emerson, designad f\u00f6r att klara tuffa industrimilj\u00f6er.","breadcrumb":{"@id":"https:\/\/www.novotek.com\/se\/losningar-och-produkter\/plc-och-automationssystem\/industri-pc\/rxi2-bp-industrial-pc\/#breadcrumb"},"inLanguage":"sv-SE","potentialAction":[{"@type":"ReadAction","target":["https:\/\/www.novotek.com\/se\/losningar-och-produkter\/plc-och-automationssystem\/industri-pc\/rxi2-bp-industrial-pc\/"]}]},{"@type":"ImageObject","inLanguage":"sv-SE","@id":"https:\/\/www.novotek.com\/se\/losningar-och-produkter\/plc-och-automationssystem\/industri-pc\/rxi2-bp-industrial-pc\/#primaryimage","url":"https:\/\/www.novotek.com\/se\/wp-content\/uploads\/sites\/2\/Products_and_Solutions\/Products\/Industri-PC\/Emerson_RXi2BP_IPC.jpg","contentUrl":"https:\/\/www.novotek.com\/se\/wp-content\/uploads\/sites\/2\/Products_and_Solutions\/Products\/Industri-PC\/Emerson_RXi2BP_IPC.jpg","width":555,"height":555,"caption":"RXi2-BP Industrial PC"},{"@type":"BreadcrumbList","@id":"https:\/\/www.novotek.com\/se\/losningar-och-produkter\/plc-och-automationssystem\/industri-pc\/rxi2-bp-industrial-pc\/#breadcrumb","itemListElement":[{"@type":"ListItem","position":1,"name":"Home","item":"https:\/\/www.novotek.com\/se\/"},{"@type":"ListItem","position":2,"name":"L\u00f6sningar och Produkter","item":"https:\/\/www.novotek.com\/se\/losningar-och-produkter\/"},{"@type":"ListItem","position":3,"name":"PLC och styrsystem","item":"https:\/\/www.novotek.com\/se\/losningar-och-produkter\/plc-och-automationssystem\/"},{"@type":"ListItem","position":4,"name":"Industri-PC (IPC)","item":"https:\/\/www.novotek.com\/se\/losningar-och-produkter\/plc-och-automationssystem\/industri-pc\/"},{"@type":"ListItem","position":5,"name":"RXi2-BP Industrial PC"}]},{"@type":"WebSite","@id":"https:\/\/www.novotek.com\/se\/#website","url":"https:\/\/www.novotek.com\/se\/","name":"Novotek Sverige AB","description":"Connect - Digitalize - Optimize","potentialAction":[{"@type":"SearchAction","target":{"@type":"EntryPoint","urlTemplate":"https:\/\/www.novotek.com\/se\/?s={search_term_string}"},"query-input":{"@type":"PropertyValueSpecification","valueRequired":true,"valueName":"search_term_string"}}],"inLanguage":"sv-SE"}]}},"_links":{"self":[{"href":"https:\/\/www.novotek.com\/se\/wp-json\/wp\/v2\/pages\/2179","targetHints":{"allow":["GET"]}}],"collection":[{"href":"https:\/\/www.novotek.com\/se\/wp-json\/wp\/v2\/pages"}],"about":[{"href":"https:\/\/www.novotek.com\/se\/wp-json\/wp\/v2\/types\/page"}],"author":[{"embeddable":true,"href":"https:\/\/www.novotek.com\/se\/wp-json\/wp\/v2\/users\/4"}],"replies":[{"embeddable":true,"href":"https:\/\/www.novotek.com\/se\/wp-json\/wp\/v2\/comments?post=2179"}],"version-history":[{"count":8,"href":"https:\/\/www.novotek.com\/se\/wp-json\/wp\/v2\/pages\/2179\/revisions"}],"predecessor-version":[{"id":19335,"href":"https:\/\/www.novotek.com\/se\/wp-json\/wp\/v2\/pages\/2179\/revisions\/19335"}],"up":[{"embeddable":true,"href":"https:\/\/www.novotek.com\/se\/wp-json\/wp\/v2\/pages\/2182"}],"wp:attachment":[{"href":"https:\/\/www.novotek.com\/se\/wp-json\/wp\/v2\/media?parent=2179"}],"curies":[{"name":"wp","href":"https:\/\/api.w.org\/{rel}","templated":true}]}}