{"id":24,"date":"2021-03-29T11:38:37","date_gmt":"2021-03-29T11:38:37","guid":{"rendered":"https:\/\/www.novotek.com\/se\/?page_id=24"},"modified":"2023-04-26T10:41:06","modified_gmt":"2023-04-26T10:41:06","slug":"case-sida","status":"publish","type":"page","link":"https:\/\/www.novotek.com\/se\/case-sida\/","title":{"rendered":"Case sida"},"content":{"rendered":"<div class=\"container-md heading  \">\n<h2 class=\"wp-block-heading\">Exempelsida f\u00f6r att l\u00e4gga in case<\/h2>\n<\/div>\n\n<div class=\"container-md paragraph  \">\n<p>Br\u00f6ttext<\/p>\n<\/div>","protected":false},"excerpt":{"rendered":"<p>Exempelsida f\u00f6r att l\u00e4gga in case Br\u00f6ttext<\/p>\n","protected":false},"author":4,"featured_media":0,"parent":0,"menu_order":0,"comment_status":"closed","ping_status":"closed","template":"","meta":{"_acf_changed":false,"_relevanssi_hide_post":"","_relevanssi_pin_for_all":"","_relevanssi_pin_keywords":"","_relevanssi_unpin_keywords":"","_relevanssi_related_keywords":"","_relevanssi_related_include_ids":"","_relevanssi_related_exclude_ids":"","_relevanssi_related_no_append":"","_relevanssi_related_not_related":"","_relevanssi_related_posts":"139,130,135,133,137","_relevanssi_noindex_reason":"Yoast SEO","footnotes":""},"class_list":["post-24","page","type-page","status-publish","hentry"],"acf":[],"yoast_head":"<!-- This site is optimized with the Yoast SEO plugin v27.3 - https:\/\/yoast.com\/product\/yoast-seo-wordpress\/ -->\n<title>Case sida - Novotek Sverige AB<\/title>\n<meta name=\"description\" content=\"Novotek levererar produkter, digitaliseringsl\u00f6sningar och tj\u00e4nster av inom de flesta av branscher.\" \/>\n<meta name=\"robots\" content=\"noindex, follow\" \/>\n<meta property=\"og:locale\" content=\"sv_SE\" \/>\n<meta property=\"og:type\" content=\"article\" \/>\n<meta property=\"og:title\" content=\"Case sida - Novotek Sverige AB\" \/>\n<meta property=\"og:description\" content=\"Novotek levererar produkter, digitaliseringsl\u00f6sningar och tj\u00e4nster av inom de flesta av branscher.\" \/>\n<meta property=\"og:url\" content=\"https:\/\/www.novotek.com\/se\/case-sida\/\" \/>\n<meta property=\"og:site_name\" content=\"Novotek Sverige AB\" \/>\n<meta property=\"article:modified_time\" content=\"2023-04-26T10:41:06+00:00\" \/>\n<meta property=\"og:image\" content=\"https:\/\/www.novotek.com\/se\/wp-content\/uploads\/sites\/2\/2021\/03\/hero_medium_2_1920x600px-1.png\" \/>\n\t<meta property=\"og:image:width\" content=\"1920\" \/>\n\t<meta property=\"og:image:height\" content=\"600\" \/>\n\t<meta property=\"og:image:type\" content=\"image\/png\" \/>\n<meta name=\"twitter:card\" content=\"summary_large_image\" \/>\n<meta name=\"twitter:label1\" content=\"Ber\u00e4knad l\u00e4stid\" \/>\n\t<meta name=\"twitter:data1\" content=\"1 minut\" \/>\n<script type=\"application\/ld+json\" class=\"yoast-schema-graph\">{\"@context\":\"https:\\\/\\\/schema.org\",\"@graph\":[{\"@type\":\"WebPage\",\"@id\":\"https:\\\/\\\/www.novotek.com\\\/se\\\/case-sida\\\/\",\"url\":\"https:\\\/\\\/www.novotek.com\\\/se\\\/case-sida\\\/\",\"name\":\"Case sida - Novotek Sverige AB\",\"isPartOf\":{\"@id\":\"https:\\\/\\\/www.novotek.com\\\/se\\\/#website\"},\"datePublished\":\"2021-03-29T11:38:37+00:00\",\"dateModified\":\"2023-04-26T10:41:06+00:00\",\"description\":\"Novotek levererar produkter, digitaliseringsl\u00f6sningar och tj\u00e4nster av inom de flesta av branscher.\",\"breadcrumb\":{\"@id\":\"https:\\\/\\\/www.novotek.com\\\/se\\\/case-sida\\\/#breadcrumb\"},\"inLanguage\":\"sv-SE\",\"potentialAction\":[{\"@type\":\"ReadAction\",\"target\":[\"https:\\\/\\\/www.novotek.com\\\/se\\\/case-sida\\\/\"]}]},{\"@type\":\"BreadcrumbList\",\"@id\":\"https:\\\/\\\/www.novotek.com\\\/se\\\/case-sida\\\/#breadcrumb\",\"itemListElement\":[{\"@type\":\"ListItem\",\"position\":1,\"name\":\"Home\",\"item\":\"https:\\\/\\\/www.novotek.com\\\/se\\\/\"},{\"@type\":\"ListItem\",\"position\":2,\"name\":\"Case sida\"}]},{\"@type\":\"WebSite\",\"@id\":\"https:\\\/\\\/www.novotek.com\\\/se\\\/#website\",\"url\":\"https:\\\/\\\/www.novotek.com\\\/se\\\/\",\"name\":\"Novotek Sverige AB\",\"description\":\"Connect - Digitalize - Optimize\",\"potentialAction\":[{\"@type\":\"SearchAction\",\"target\":{\"@type\":\"EntryPoint\",\"urlTemplate\":\"https:\\\/\\\/www.novotek.com\\\/se\\\/?s={search_term_string}\"},\"query-input\":{\"@type\":\"PropertyValueSpecification\",\"valueRequired\":true,\"valueName\":\"search_term_string\"}}],\"inLanguage\":\"sv-SE\"}]}<\/script>\n<!-- \/ Yoast SEO plugin. -->","yoast_head_json":{"title":"Case sida - Novotek Sverige AB","description":"Novotek levererar produkter, digitaliseringsl\u00f6sningar och tj\u00e4nster av inom de flesta av branscher.","robots":{"index":"noindex","follow":"follow"},"og_locale":"sv_SE","og_type":"article","og_title":"Case sida - Novotek Sverige AB","og_description":"Novotek levererar produkter, digitaliseringsl\u00f6sningar och tj\u00e4nster av inom de flesta av branscher.","og_url":"https:\/\/www.novotek.com\/se\/case-sida\/","og_site_name":"Novotek Sverige AB","article_modified_time":"2023-04-26T10:41:06+00:00","og_image":[{"width":1920,"height":600,"url":"https:\/\/www.novotek.com\/se\/wp-content\/uploads\/sites\/2\/2021\/03\/hero_medium_2_1920x600px-1.png","type":"image\/png"}],"twitter_card":"summary_large_image","twitter_misc":{"Ber\u00e4knad l\u00e4stid":"1 minut"},"schema":{"@context":"https:\/\/schema.org","@graph":[{"@type":"WebPage","@id":"https:\/\/www.novotek.com\/se\/case-sida\/","url":"https:\/\/www.novotek.com\/se\/case-sida\/","name":"Case sida - Novotek Sverige AB","isPartOf":{"@id":"https:\/\/www.novotek.com\/se\/#website"},"datePublished":"2021-03-29T11:38:37+00:00","dateModified":"2023-04-26T10:41:06+00:00","description":"Novotek levererar produkter, digitaliseringsl\u00f6sningar och tj\u00e4nster av inom de flesta av branscher.","breadcrumb":{"@id":"https:\/\/www.novotek.com\/se\/case-sida\/#breadcrumb"},"inLanguage":"sv-SE","potentialAction":[{"@type":"ReadAction","target":["https:\/\/www.novotek.com\/se\/case-sida\/"]}]},{"@type":"BreadcrumbList","@id":"https:\/\/www.novotek.com\/se\/case-sida\/#breadcrumb","itemListElement":[{"@type":"ListItem","position":1,"name":"Home","item":"https:\/\/www.novotek.com\/se\/"},{"@type":"ListItem","position":2,"name":"Case sida"}]},{"@type":"WebSite","@id":"https:\/\/www.novotek.com\/se\/#website","url":"https:\/\/www.novotek.com\/se\/","name":"Novotek Sverige AB","description":"Connect - Digitalize - Optimize","potentialAction":[{"@type":"SearchAction","target":{"@type":"EntryPoint","urlTemplate":"https:\/\/www.novotek.com\/se\/?s={search_term_string}"},"query-input":{"@type":"PropertyValueSpecification","valueRequired":true,"valueName":"search_term_string"}}],"inLanguage":"sv-SE"}]}},"_links":{"self":[{"href":"https:\/\/www.novotek.com\/se\/wp-json\/wp\/v2\/pages\/24","targetHints":{"allow":["GET"]}}],"collection":[{"href":"https:\/\/www.novotek.com\/se\/wp-json\/wp\/v2\/pages"}],"about":[{"href":"https:\/\/www.novotek.com\/se\/wp-json\/wp\/v2\/types\/page"}],"author":[{"embeddable":true,"href":"https:\/\/www.novotek.com\/se\/wp-json\/wp\/v2\/users\/4"}],"replies":[{"embeddable":true,"href":"https:\/\/www.novotek.com\/se\/wp-json\/wp\/v2\/comments?post=24"}],"version-history":[{"count":18,"href":"https:\/\/www.novotek.com\/se\/wp-json\/wp\/v2\/pages\/24\/revisions"}],"predecessor-version":[{"id":10120,"href":"https:\/\/www.novotek.com\/se\/wp-json\/wp\/v2\/pages\/24\/revisions\/10120"}],"wp:attachment":[{"href":"https:\/\/www.novotek.com\/se\/wp-json\/wp\/v2\/media?parent=24"}],"curies":[{"name":"wp","href":"https:\/\/api.w.org\/{rel}","templated":true}]}}