{"id":2511,"date":"2021-07-15T12:03:52","date_gmt":"2021-07-15T12:03:52","guid":{"rendered":"https:\/\/www.novotek.com\/se\/?page_id=2511"},"modified":"2025-12-03T07:45:43","modified_gmt":"2025-12-03T07:45:43","slug":"high-performance-hmi","status":"publish","type":"page","link":"https:\/\/www.novotek.com\/se\/losningar-och-produkter\/operatorssystem-hmi-scada\/high-performance-hmi\/","title":{"rendered":"High Performance HMI"},"content":{"rendered":"  <div class=\"hero\">\n    <div class=\"carousel hero-slider small\" data-flickity data-flickity-options='{\"prevNextButtons\": false}'>\n              <div class=\"carousel-cell\">\n          <div class=\"container\">\n            <div class=\"hero-content\">\n                              <h1>High Performance HMI<\/h1>\n<p>Ett modernt anv\u00e4ndargr\u00e4nssnitt utformat f\u00f6r operat\u00f6ren.<\/p>\n              \n                          <\/div>\n          <\/div>\n\n          <img decoding=\"async\" width=\"1024\" height=\"427\" src=\"https:\/\/www.novotek.com\/se\/wp-content\/uploads\/sites\/2\/Products_and_Solutions\/Solutions\/HMI-SCADA\/GE-Digital_High-Performace-HMI_duplex_cyan_1920x800px-1024x427.jpg\" class=\"hero-bg\" alt=\"Hero Img\" fetchpriority=\"high\" srcset=\"https:\/\/www.novotek.com\/se\/wp-content\/uploads\/sites\/2\/Products_and_Solutions\/Solutions\/HMI-SCADA\/GE-Digital_High-Performace-HMI_duplex_cyan_1920x800px-1024x427.jpg 1024w, https:\/\/www.novotek.com\/se\/wp-content\/uploads\/sites\/2\/Products_and_Solutions\/Solutions\/HMI-SCADA\/GE-Digital_High-Performace-HMI_duplex_cyan_1920x800px-300x125.jpg 300w, https:\/\/www.novotek.com\/se\/wp-content\/uploads\/sites\/2\/Products_and_Solutions\/Solutions\/HMI-SCADA\/GE-Digital_High-Performace-HMI_duplex_cyan_1920x800px-768x320.jpg 768w, https:\/\/www.novotek.com\/se\/wp-content\/uploads\/sites\/2\/Products_and_Solutions\/Solutions\/HMI-SCADA\/GE-Digital_High-Performace-HMI_duplex_cyan_1920x800px-1536x640.jpg 1536w, https:\/\/www.novotek.com\/se\/wp-content\/uploads\/sites\/2\/Products_and_Solutions\/Solutions\/HMI-SCADA\/GE-Digital_High-Performace-HMI_duplex_cyan_1920x800px.jpg 1920w\" sizes=\"(max-width: 1024px) 100vw, 1024px\" \/>                  <\/div>\n          <\/div>\n\n      <\/div>\n\n   <div class=\"floating-breadcrumb\"><div class=\"container\"><span><span><a href=\"https:\/\/www.novotek.com\/se\/\" class=\"breadcrumb-frontpage\">Home<\/a><\/span><\/span><\/div><\/div>\n\n\n<div class=\"container-md paragraph  \">\n<p>Under de senaste 30 \u00e5ren har <a href=\"https:\/\/www.novotek.com\/se\/losningar-och-produkter\/operatorssystem-hmi-scada\/\">HMI\/SCADA<\/a> utvecklats fr\u00e5n mekaniska v\u00e4ggar till sk\u00e4rmar med h\u00f6g uppl\u00f6sning, kontrast och starka f\u00e4rger. Inspirerad av spelindustrin kom kraftfulla HMI-designverktyg p\u00e5 marknaden och effekter som 3D, animering och skugga anv\u00e4ndes f\u00f6r att illustrera utrustning och produktion.<\/p>\n<\/div>\n\n<div class=\"container-md paragraph  \">\n<p>Utmaningen \u00e4r att datorspelgrafik inte skapar en milj\u00f6 f\u00f6r snabb respons p\u00e5 f\u00f6r\u00e4ndringar i processen. Detta \u00e4r bakgrunden f\u00f6r utvecklingen av High Performance HMI. Anv\u00e4ndargr\u00e4nssnittet r\u00f6r sig bort fr\u00e5n tillagda effekter, och presenterar ist\u00e4llet ett enkelt, minimalistiskt anv\u00e4ndargr\u00e4nssnitt, utformat f\u00f6r operat\u00f6ren.<\/p>\n<\/div>\n\n<div class=\"container media-text  align\">\n<div class=\"wp-block-media-text is-stacked-on-mobile\"><figure class=\"wp-block-media-text__media\"><img loading=\"lazy\" decoding=\"async\" width=\"541\" height=\"364\" src=\"https:\/\/www.novotek.com\/se\/wp-content\/uploads\/sites\/2\/sites\/2\/Products_and_Solutions\/Solutions\/HMI-SCADA\/HMI_before_after.png\" alt=\"\" class=\"wp-image-3028 size-full\" srcset=\"https:\/\/www.novotek.com\/se\/wp-content\/uploads\/sites\/2\/Products_and_Solutions\/Solutions\/HMI-SCADA\/HMI_before_after.png 541w, https:\/\/www.novotek.com\/se\/wp-content\/uploads\/sites\/2\/Products_and_Solutions\/Solutions\/HMI-SCADA\/HMI_before_after-300x202.png 300w\" sizes=\"auto, (max-width: 541px) 100vw, 541px\" \/><\/figure><div class=\"wp-block-media-text__content\"><div class=\"container-md heading  \">\n<h2 class=\"wp-block-heading\">Innan och efter High Performance HMI<\/h2>\n<\/div>\n\n<div class=\"container-md paragraph  \">\n<p>P\u00e5 bilden kan du se skillnaden mellan en \u00abvanlig\u00bb HMI och en h\u00f6gpresterande HMI. Huvudprincipen \u00e4r att allt som g\u00e5r som det ska inte sticker ut. Mjuka f\u00e4rger visar status utan att v\u00e4cka uppm\u00e4rksamhet.<\/p>\n<\/div>\n\n<div class=\"container-md paragraph  \">\n<p>Operat\u00f6rssk\u00e4rmarna \u00e4r utformade f\u00f6r operat\u00f6ren, inte f\u00f6r andra som \u00e4r intresserade av att f\u00f6rst\u00e5 processen. Detta \u00e4r anledningen till att bland annat illustrationer som visar anslutning av maskiner och utrustning har tagits bort, eftersom det i m\u00e5nga fall bygger p\u00e5 ingenj\u00f6rens perspektiv.<\/p>\n<\/div>\n\n<div class=\"container-md paragraph  \">\n<p>Det \u00e4r vanligt att anv\u00e4nda text och siffror f\u00f6r att visa data med f\u00f6rklaringar. Grafiska objekt som \u00e4r enkla och effektiva att l\u00e4sa anv\u00e4nds huvudsakligen h\u00e4r. Det kan j\u00e4mf\u00f6ras med att l\u00e4sa en analog klocka.<\/p>\n<\/div><\/div><\/div>\n<\/div>\n\n<div class=\"container media-text  align\">\n<div class=\"wp-block-media-text has-media-on-the-right is-stacked-on-mobile\"><div class=\"wp-block-media-text__content\"><div class=\"container-md heading  \">\n<h2 class=\"wp-block-heading\">Se v\u00e4rden och trender med struktur och hierarki<\/h2>\n<\/div>\n\n<div class=\"container-md paragraph  \">\n<p>V\u00e4rdet p\u00e5 olika parametrar \u00e4r en av de viktigaste delarna i ett HMI \/ SCADA-system. De ber\u00e4ttar var vi har varit, vart vi ska och hur snabbt vi f\u00f6r\u00e4ndras. Tillsammans med kontext om vilka v\u00e4rden som \u00e4r bra och d\u00e5liga f\u00e5r alla en omedelbar \u00f6verblick. Med denna insikt kan operat\u00f6ren fatta beslut s\u00e5 snabbt som m\u00f6jligt.<\/p>\n<\/div>\n\n<div class=\"container-md paragraph  \">\n<p>En strukturerad, genomt\u00e4nkt hierarki \u00e4r viktig i ett HMI \/ SCADA-system. En gemensam navigationsstrategi som \u00e4r l\u00e4tt att f\u00f6rst\u00e5 \u00e4r en bra utg\u00e5ngspunkt. Antalet niv\u00e5er kan \u00e4ndras, men inneh\u00e5llet p\u00e5 v\u00e5r niv\u00e5 ska vara av samma typ och med samma detaljniv\u00e5.<\/p>\n<\/div><\/div><figure class=\"wp-block-media-text__media\"><img loading=\"lazy\" decoding=\"async\" width=\"709\" height=\"462\" src=\"https:\/\/www.novotek.com\/se\/wp-content\/uploads\/sites\/2\/sites\/2\/Products_and_Solutions\/Solutions\/HMI-SCADA\/GE-Digital_High-Performace-HMI_screen.png\" alt=\"\" class=\"wp-image-3025 size-full\" srcset=\"https:\/\/www.novotek.com\/se\/wp-content\/uploads\/sites\/2\/Products_and_Solutions\/Solutions\/HMI-SCADA\/GE-Digital_High-Performace-HMI_screen.png 709w, https:\/\/www.novotek.com\/se\/wp-content\/uploads\/sites\/2\/Products_and_Solutions\/Solutions\/HMI-SCADA\/GE-Digital_High-Performace-HMI_screen-300x195.png 300w\" sizes=\"auto, (max-width: 709px) 100vw, 709px\" \/><\/figure><\/div>\n<\/div>\n\n<div class=\"container-md heading  \">\n<h2 class=\"wp-block-heading\">V\u00e4rdera ditt HMI<\/h2>\n<\/div>\n\n<div class=\"container-md paragraph  \">\n<p>Hur modern \u00e4r ditt HMI \/ SCADA-system? N\u00e4r man implementerar principerna bakom High Performance HMI, m\u00e4ter man det befintliga systemet med betyg fr\u00e5n A (h\u00f6gsta) till F (l\u00e4gsta). Kriterierna f\u00f6r att uppn\u00e5 en h\u00f6g niv\u00e5 \u00e4r omfattande och m\u00e5nga n\u00e5r inte ens E.<\/p>\n<\/div>\n\n<div class=\"container-md paragraph  \">\n<p>Betyg E (godk\u00e4nd) har f\u00f6ljande kriterier:<\/p>\n<\/div>\n\n<div class=\"container-md spacer  \">\n<div style=\"height:10px\" aria-hidden=\"true\" class=\"wp-block-spacer\"><\/div>\n<\/div>\n\n<div class=\"container-md list  \">\n<ul style=\"background-color:#f8f8f8\" class=\"wp-block-list has-background\"><div class=\"container-md list-item  \">\n<li>Det \u00e4r l\u00e4tt f\u00f6r operat\u00f6ren att h\u00e5lla koll p\u00e5 processen under normala f\u00f6rh\u00e5llanden.<\/li>\n<\/div>\n\n<div class=\"container-md list-item  \">\n<li>Operat\u00f6rer m\u00e5ste ha f\u00f6rtroende f\u00f6r att de effektivt kan \u00f6vervaka avvikelser och o\u00f6nskade f\u00f6rh\u00e5llanden f\u00f6r processen.<\/li>\n<\/div>\n\n<div class=\"container-md list-item  \">\n<li>I h\u00e4ndelse av avvikelser eller o\u00f6nskade f\u00f6rh\u00e5llanden m\u00e5ste operat\u00f6ren endast ha en \u00f6versikt \u00f6ver processen n\u00e4r systemet anv\u00e4nds. Du beh\u00f6ver inte titta p\u00e5 flera sk\u00e4rmar, visa loggb\u00f6cker, l\u00e4sa procedurmanualer eller liknande.<\/li>\n<\/div><\/ul>\n<\/div>\n\n<div class=\"container-md paragraph  \">\n<p>N\u00e4r du anv\u00e4nder High Performance HMI N\u00e4r du anv\u00e4nder h\u00f6gpresterande HMI kommer du att uppfylla dessa krav och f\u00e5 resultat.<\/p>\n<\/div>\n\n<div class=\"container-md spacer  \">\n<div style=\"height:10px\" aria-hidden=\"true\" class=\"wp-block-spacer\"><\/div>\n<\/div>\n\n<div class=\"container-md heading  \">\n<h2 class=\"wp-block-heading\">Resultat av high performance HMI<\/h2>\n<\/div>\n\n<div class=\"container-md paragraph  \">\n<p>Med High Performance HMI har v\u00e5ra kunder upplevt en betydande f\u00f6rb\u00e4ttring av produktionsprocessen, med kortare svarstid och snabbare l\u00f6sning p\u00e5 problemet:<\/p>\n<\/div>\n\n<div class=\"container-md list  \">\n<ul style=\"background-color:#f8f8f8\" class=\"wp-block-list has-background\"><div class=\"container-md list-item  \">\n<li>En femfaldig \u00f6kning av att uppt\u00e4cka onormala situationer innan larm utl\u00f6ses.<\/li>\n<\/div>\n\n<div class=\"container-md list-item  \">\n<li>37% h\u00f6gre framg\u00e5ngsgrad f\u00f6r att hantera onormala situationer.<\/li>\n<\/div>\n\n<div class=\"container-md list-item  \">\n<li>41% mindre tid p\u00e5 att slutf\u00f6ra uppgifter i onormala situationer.<\/li>\n<\/div><\/ul>\n<\/div>\n\n<div class=\"container-md paragraph  \">\n<p>Ofta finns det procedurer som m\u00e5ste f\u00f6ljas i start- och stoppsituationer, liksom i o\u00f6nskade situationer. Med de nya verktygen f\u00f6r procedurer och arbetsfl\u00f6de kan dessa integreras direkt i HMI \/ SCADA-systemet och st\u00f6dja \u00e5tg\u00e4rder f\u00f6r att v\u00e4gleda operat\u00f6rer. Resultatet \u00e4r en helt integrerad milj\u00f6.<\/p>\n<\/div>\n\n<div class=\"container-md paragraph  \">\n<p>Novotek levererar High Performance HMI i samarbete med v\u00e5r leverant\u00f6r <a href=\"https:\/\/www.gevernova.com\/\">GE Vernova<\/a>.<\/p>\n<\/div>\n\n<div class=\"container-md spacer  \">\n<div style=\"height:50px\" aria-hidden=\"true\" class=\"wp-block-spacer\"><\/div>\n<\/div>\n\n  <div class=\"slider-column-parent\">\n    <div class=\"container\">\n      <div class=\"slider-column-title\">V\u00e5ra HMI\/SCADA-l\u00f6sninger<\/div>\n\n      <div class=\"row\">\n        <div class=\"col-12 col-md-4\"><div class=\"column-box\">\n  \n      <div class=\"title\">\n      Proficy HMI\/SCADA iFIX    <\/div>\n  \n      <div class=\"text\">\n      <p>Marknadens mest kompletta HMI \/ SCADA-l\u00f6sning.<\/p>\n    <\/div>\n  \n      <a class=\"link\"  href=\"https:\/\/www.novotek.com\/se\/losningar-och-produkter\/operatorssystem-hmi-scada\/ifix-hmi-scada\/\" target=\"\">\n      iFIX HMI\/SCADA    <\/a>\n  \n  <\/div>\n\n<\/div><div class=\"col-12 col-md-4\"><div class=\"column-box\">\n  \n      <div class=\"title\">\n      CIMPLICITY HMI\/SCADA    <\/div>\n  \n      <div class=\"text\">\n      <p>Kraftfull klient \/ serverbaserad l\u00f6sning, perfekt f\u00f6r detaljproduktion.<\/p>\n    <\/div>\n  \n      <a class=\"link\"  href=\"https:\/\/www.novotek.com\/se\/losningar-och-produkter\/operatorssystem-hmi-scada\/cimplicity\/\" target=\"\">\n      CIMPLICITY HMI\/SCADA    <\/a>\n  \n  <\/div>\n\n<\/div><div class=\"col-12 col-md-4\"><div class=\"column-box\">\n  \n      <div class=\"title\">\n      Proficy Batch Execution    <\/div>\n  \n      <div class=\"text\">\n      <p>Funktionell automatiseringsl\u00f6sning speciellt utvecklad f\u00f6r batchproduktion.<\/p>\n    <\/div>\n  \n      <a class=\"link\"  href=\"https:\/\/www.novotek.com\/se\/losningar-och-produkter\/plc-och-automationssystem\/proficy-batch-execution\/\" target=\"\">\n      Proficy Batch Execution    <\/a>\n  \n  <\/div>\n\n<\/div>      <\/div>\n    <\/div>\n  <\/div>\n","protected":false},"excerpt":{"rendered":"<p>Under de senaste 30 \u00e5ren har HMI\/SCADA utvecklats fr\u00e5n mekaniska v\u00e4ggar till sk\u00e4rmar med h\u00f6g uppl\u00f6sning, kontrast och starka f\u00e4rger. Inspirerad av spelindustrin kom kraftfulla HMI-designverktyg p\u00e5 marknaden och effekter som 3D, animering och skugga anv\u00e4ndes f\u00f6r att illustrera utrustning och produktion. Utmaningen \u00e4r att datorspelgrafik inte skapar en milj\u00f6 f\u00f6r snabb respons p\u00e5 f\u00f6r\u00e4ndringar [&hellip;]<\/p>\n","protected":false},"author":4,"featured_media":0,"parent":2212,"menu_order":0,"comment_status":"closed","ping_status":"closed","template":"","meta":{"_acf_changed":false,"_relevanssi_hide_post":"","_relevanssi_pin_for_all":"","_relevanssi_pin_keywords":"","_relevanssi_unpin_keywords":"","_relevanssi_related_keywords":"","_relevanssi_related_include_ids":"","_relevanssi_related_exclude_ids":"","_relevanssi_related_no_append":"","_relevanssi_related_not_related":"","_relevanssi_related_posts":"139,946,130,135,137,133","_relevanssi_noindex_reason":"","footnotes":""},"class_list":["post-2511","page","type-page","status-publish","hentry"],"acf":[],"yoast_head":"<!-- This site is optimized with the Yoast SEO plugin v27.4 - https:\/\/yoast.com\/product\/yoast-seo-wordpress\/ -->\n<title>High Performance HMI - Novotek Sverige AB<\/title>\n<meta name=\"description\" content=\"High Performance HMI fr\u00e5n GE Vernova - Ett modernt anv\u00e4ndargr\u00e4nssnitt utformat f\u00f6r operat\u00f6ren. L\u00e4s mer h\u00e4r\" \/>\n<meta name=\"robots\" content=\"index, follow, max-snippet:-1, max-image-preview:large, max-video-preview:-1\" \/>\n<link rel=\"canonical\" href=\"https:\/\/www.novotek.com\/se\/losningar-och-produkter\/operatorssystem-hmi-scada\/high-performance-hmi\/\" \/>\n<meta property=\"og:locale\" content=\"sv_SE\" \/>\n<meta property=\"og:type\" content=\"article\" \/>\n<meta property=\"og:title\" content=\"High Performance HMI - Novotek Sverige AB\" \/>\n<meta property=\"og:description\" content=\"High Performance HMI fr\u00e5n GE Vernova - Ett modernt anv\u00e4ndargr\u00e4nssnitt utformat f\u00f6r operat\u00f6ren. L\u00e4s mer h\u00e4r\" \/>\n<meta property=\"og:url\" content=\"https:\/\/www.novotek.com\/se\/losningar-och-produkter\/operatorssystem-hmi-scada\/high-performance-hmi\/\" \/>\n<meta property=\"og:site_name\" content=\"Novotek Sverige AB\" \/>\n<meta property=\"article:modified_time\" content=\"2025-12-03T07:45:43+00:00\" \/>\n<meta property=\"og:image\" content=\"https:\/\/www.novotek.com\/se\/wp-content\/uploads\/sites\/2\/sites\/2\/Products_and_Solutions\/Solutions\/HMI-SCADA\/HMI_before_after.png\" \/>\n<meta name=\"twitter:card\" content=\"summary_large_image\" \/>\n<meta name=\"twitter:label1\" content=\"Ber\u00e4knad l\u00e4stid\" \/>\n\t<meta name=\"twitter:data1\" content=\"3 minuter\" \/>\n<script type=\"application\/ld+json\" class=\"yoast-schema-graph\">{\"@context\":\"https:\\\/\\\/schema.org\",\"@graph\":[{\"@type\":\"WebPage\",\"@id\":\"https:\\\/\\\/www.novotek.com\\\/se\\\/losningar-och-produkter\\\/operatorssystem-hmi-scada\\\/high-performance-hmi\\\/\",\"url\":\"https:\\\/\\\/www.novotek.com\\\/se\\\/losningar-och-produkter\\\/operatorssystem-hmi-scada\\\/high-performance-hmi\\\/\",\"name\":\"High Performance HMI - Novotek Sverige AB\",\"isPartOf\":{\"@id\":\"https:\\\/\\\/www.novotek.com\\\/se\\\/#website\"},\"primaryImageOfPage\":{\"@id\":\"https:\\\/\\\/www.novotek.com\\\/se\\\/losningar-och-produkter\\\/operatorssystem-hmi-scada\\\/high-performance-hmi\\\/#primaryimage\"},\"image\":{\"@id\":\"https:\\\/\\\/www.novotek.com\\\/se\\\/losningar-och-produkter\\\/operatorssystem-hmi-scada\\\/high-performance-hmi\\\/#primaryimage\"},\"thumbnailUrl\":\"https:\\\/\\\/www.novotek.com\\\/se\\\/wp-content\\\/uploads\\\/sites\\\/2\\\/sites\\\/2\\\/Products_and_Solutions\\\/Solutions\\\/HMI-SCADA\\\/HMI_before_after.png\",\"datePublished\":\"2021-07-15T12:03:52+00:00\",\"dateModified\":\"2025-12-03T07:45:43+00:00\",\"description\":\"High Performance HMI fr\u00e5n GE Vernova - Ett modernt anv\u00e4ndargr\u00e4nssnitt utformat f\u00f6r operat\u00f6ren. L\u00e4s mer h\u00e4r\",\"breadcrumb\":{\"@id\":\"https:\\\/\\\/www.novotek.com\\\/se\\\/losningar-och-produkter\\\/operatorssystem-hmi-scada\\\/high-performance-hmi\\\/#breadcrumb\"},\"inLanguage\":\"sv-SE\",\"potentialAction\":[{\"@type\":\"ReadAction\",\"target\":[\"https:\\\/\\\/www.novotek.com\\\/se\\\/losningar-och-produkter\\\/operatorssystem-hmi-scada\\\/high-performance-hmi\\\/\"]}]},{\"@type\":\"ImageObject\",\"inLanguage\":\"sv-SE\",\"@id\":\"https:\\\/\\\/www.novotek.com\\\/se\\\/losningar-och-produkter\\\/operatorssystem-hmi-scada\\\/high-performance-hmi\\\/#primaryimage\",\"url\":\"https:\\\/\\\/www.novotek.com\\\/se\\\/wp-content\\\/uploads\\\/sites\\\/2\\\/Products_and_Solutions\\\/Solutions\\\/HMI-SCADA\\\/HMI_before_after.png\",\"contentUrl\":\"https:\\\/\\\/www.novotek.com\\\/se\\\/wp-content\\\/uploads\\\/sites\\\/2\\\/Products_and_Solutions\\\/Solutions\\\/HMI-SCADA\\\/HMI_before_after.png\",\"width\":541,\"height\":364,\"caption\":\"F\u00f6re och efter\"},{\"@type\":\"BreadcrumbList\",\"@id\":\"https:\\\/\\\/www.novotek.com\\\/se\\\/losningar-och-produkter\\\/operatorssystem-hmi-scada\\\/high-performance-hmi\\\/#breadcrumb\",\"itemListElement\":[{\"@type\":\"ListItem\",\"position\":1,\"name\":\"Home\",\"item\":\"https:\\\/\\\/www.novotek.com\\\/se\\\/\"},{\"@type\":\"ListItem\",\"position\":2,\"name\":\"L\u00f6sningar och Produkter\",\"item\":\"https:\\\/\\\/www.novotek.com\\\/se\\\/losningar-och-produkter\\\/\"},{\"@type\":\"ListItem\",\"position\":3,\"name\":\"HMI \\\/ SCADA\",\"item\":\"https:\\\/\\\/www.novotek.com\\\/se\\\/losningar-och-produkter\\\/operatorssystem-hmi-scada\\\/\"},{\"@type\":\"ListItem\",\"position\":4,\"name\":\"High Performance HMI\"}]},{\"@type\":\"WebSite\",\"@id\":\"https:\\\/\\\/www.novotek.com\\\/se\\\/#website\",\"url\":\"https:\\\/\\\/www.novotek.com\\\/se\\\/\",\"name\":\"Novotek Sverige AB\",\"description\":\"Connect - Digitalize - Optimize\",\"potentialAction\":[{\"@type\":\"SearchAction\",\"target\":{\"@type\":\"EntryPoint\",\"urlTemplate\":\"https:\\\/\\\/www.novotek.com\\\/se\\\/?s={search_term_string}\"},\"query-input\":{\"@type\":\"PropertyValueSpecification\",\"valueRequired\":true,\"valueName\":\"search_term_string\"}}],\"inLanguage\":\"sv-SE\"}]}<\/script>\n<!-- \/ Yoast SEO plugin. -->","yoast_head_json":{"title":"High Performance HMI - Novotek Sverige AB","description":"High Performance HMI fr\u00e5n GE Vernova - Ett modernt anv\u00e4ndargr\u00e4nssnitt utformat f\u00f6r operat\u00f6ren. L\u00e4s mer h\u00e4r","robots":{"index":"index","follow":"follow","max-snippet":"max-snippet:-1","max-image-preview":"max-image-preview:large","max-video-preview":"max-video-preview:-1"},"canonical":"https:\/\/www.novotek.com\/se\/losningar-och-produkter\/operatorssystem-hmi-scada\/high-performance-hmi\/","og_locale":"sv_SE","og_type":"article","og_title":"High Performance HMI - Novotek Sverige AB","og_description":"High Performance HMI fr\u00e5n GE Vernova - Ett modernt anv\u00e4ndargr\u00e4nssnitt utformat f\u00f6r operat\u00f6ren. L\u00e4s mer h\u00e4r","og_url":"https:\/\/www.novotek.com\/se\/losningar-och-produkter\/operatorssystem-hmi-scada\/high-performance-hmi\/","og_site_name":"Novotek Sverige AB","article_modified_time":"2025-12-03T07:45:43+00:00","og_image":[{"url":"https:\/\/www.novotek.com\/se\/wp-content\/uploads\/sites\/2\/sites\/2\/Products_and_Solutions\/Solutions\/HMI-SCADA\/HMI_before_after.png","type":"","width":"","height":""}],"twitter_card":"summary_large_image","twitter_misc":{"Ber\u00e4knad l\u00e4stid":"3 minuter"},"schema":{"@context":"https:\/\/schema.org","@graph":[{"@type":"WebPage","@id":"https:\/\/www.novotek.com\/se\/losningar-och-produkter\/operatorssystem-hmi-scada\/high-performance-hmi\/","url":"https:\/\/www.novotek.com\/se\/losningar-och-produkter\/operatorssystem-hmi-scada\/high-performance-hmi\/","name":"High Performance HMI - Novotek Sverige AB","isPartOf":{"@id":"https:\/\/www.novotek.com\/se\/#website"},"primaryImageOfPage":{"@id":"https:\/\/www.novotek.com\/se\/losningar-och-produkter\/operatorssystem-hmi-scada\/high-performance-hmi\/#primaryimage"},"image":{"@id":"https:\/\/www.novotek.com\/se\/losningar-och-produkter\/operatorssystem-hmi-scada\/high-performance-hmi\/#primaryimage"},"thumbnailUrl":"https:\/\/www.novotek.com\/se\/wp-content\/uploads\/sites\/2\/sites\/2\/Products_and_Solutions\/Solutions\/HMI-SCADA\/HMI_before_after.png","datePublished":"2021-07-15T12:03:52+00:00","dateModified":"2025-12-03T07:45:43+00:00","description":"High Performance HMI fr\u00e5n GE Vernova - Ett modernt anv\u00e4ndargr\u00e4nssnitt utformat f\u00f6r operat\u00f6ren. L\u00e4s mer h\u00e4r","breadcrumb":{"@id":"https:\/\/www.novotek.com\/se\/losningar-och-produkter\/operatorssystem-hmi-scada\/high-performance-hmi\/#breadcrumb"},"inLanguage":"sv-SE","potentialAction":[{"@type":"ReadAction","target":["https:\/\/www.novotek.com\/se\/losningar-och-produkter\/operatorssystem-hmi-scada\/high-performance-hmi\/"]}]},{"@type":"ImageObject","inLanguage":"sv-SE","@id":"https:\/\/www.novotek.com\/se\/losningar-och-produkter\/operatorssystem-hmi-scada\/high-performance-hmi\/#primaryimage","url":"https:\/\/www.novotek.com\/se\/wp-content\/uploads\/sites\/2\/Products_and_Solutions\/Solutions\/HMI-SCADA\/HMI_before_after.png","contentUrl":"https:\/\/www.novotek.com\/se\/wp-content\/uploads\/sites\/2\/Products_and_Solutions\/Solutions\/HMI-SCADA\/HMI_before_after.png","width":541,"height":364,"caption":"F\u00f6re och efter"},{"@type":"BreadcrumbList","@id":"https:\/\/www.novotek.com\/se\/losningar-och-produkter\/operatorssystem-hmi-scada\/high-performance-hmi\/#breadcrumb","itemListElement":[{"@type":"ListItem","position":1,"name":"Home","item":"https:\/\/www.novotek.com\/se\/"},{"@type":"ListItem","position":2,"name":"L\u00f6sningar och Produkter","item":"https:\/\/www.novotek.com\/se\/losningar-och-produkter\/"},{"@type":"ListItem","position":3,"name":"HMI \/ SCADA","item":"https:\/\/www.novotek.com\/se\/losningar-och-produkter\/operatorssystem-hmi-scada\/"},{"@type":"ListItem","position":4,"name":"High Performance HMI"}]},{"@type":"WebSite","@id":"https:\/\/www.novotek.com\/se\/#website","url":"https:\/\/www.novotek.com\/se\/","name":"Novotek Sverige AB","description":"Connect - Digitalize - Optimize","potentialAction":[{"@type":"SearchAction","target":{"@type":"EntryPoint","urlTemplate":"https:\/\/www.novotek.com\/se\/?s={search_term_string}"},"query-input":{"@type":"PropertyValueSpecification","valueRequired":true,"valueName":"search_term_string"}}],"inLanguage":"sv-SE"}]}},"_links":{"self":[{"href":"https:\/\/www.novotek.com\/se\/wp-json\/wp\/v2\/pages\/2511","targetHints":{"allow":["GET"]}}],"collection":[{"href":"https:\/\/www.novotek.com\/se\/wp-json\/wp\/v2\/pages"}],"about":[{"href":"https:\/\/www.novotek.com\/se\/wp-json\/wp\/v2\/types\/page"}],"author":[{"embeddable":true,"href":"https:\/\/www.novotek.com\/se\/wp-json\/wp\/v2\/users\/4"}],"replies":[{"embeddable":true,"href":"https:\/\/www.novotek.com\/se\/wp-json\/wp\/v2\/comments?post=2511"}],"version-history":[{"count":19,"href":"https:\/\/www.novotek.com\/se\/wp-json\/wp\/v2\/pages\/2511\/revisions"}],"predecessor-version":[{"id":20334,"href":"https:\/\/www.novotek.com\/se\/wp-json\/wp\/v2\/pages\/2511\/revisions\/20334"}],"up":[{"embeddable":true,"href":"https:\/\/www.novotek.com\/se\/wp-json\/wp\/v2\/pages\/2212"}],"wp:attachment":[{"href":"https:\/\/www.novotek.com\/se\/wp-json\/wp\/v2\/media?parent=2511"}],"curies":[{"name":"wp","href":"https:\/\/api.w.org\/{rel}","templated":true}]}}