{"id":3221,"date":"2021-08-17T13:57:51","date_gmt":"2021-08-17T13:57:51","guid":{"rendered":"https:\/\/www.novotek.com\/se\/?page_id=3221"},"modified":"2025-02-25T12:09:50","modified_gmt":"2025-02-25T12:09:50","slug":"novotek-components-till-hmi-scada-ifix","status":"publish","type":"page","link":"https:\/\/www.novotek.com\/se\/losningar-och-produkter\/operatorssystem-hmi-scada\/ifix-hmi-scada\/novotek-components-till-hmi-scada-ifix\/","title":{"rendered":"Novotek Components till HMI\/SCADA iFIX"},"content":{"rendered":"  <div class=\"hero\">\n    <div class=\"carousel hero-slider small\" data-flickity data-flickity-options='{\"prevNextButtons\": false}'>\n              <div class=\"carousel-cell\">\n          <div class=\"container\">\n            <div class=\"hero-content\">\n                              <h1>Novotek Components till HMI\/SCADA iFIX<\/h1>\n<p>F\u00f6r att kunna erbjuda v\u00e5ra kunder kompletta l\u00f6sningar har Novotek utvecklat komponenter till operat\u00f6rssystemet iFIX och Historian. Novotek Components \u00e4r moduler med extra funktionalitet f\u00f6rpackade som komponenter. V\u00e5ra komponenter definieras efter slutanv\u00e4ndarens behov och utvecklas f\u00f6r att passa stora kundgrupper.<\/p>\n              \n                          <\/div>\n          <\/div>\n\n          <img decoding=\"async\" width=\"1024\" height=\"427\" src=\"https:\/\/www.novotek.com\/se\/wp-content\/uploads\/sites\/2\/Products_and_Solutions\/Products\/Proficy_HMI-SCADA_iFIX\/Novotek_GE-image_Proficy_iFIX_components_header_1920x800px-1024x427.jpg\" class=\"hero-bg\" alt=\"Hero Img\" fetchpriority=\"high\" srcset=\"https:\/\/www.novotek.com\/se\/wp-content\/uploads\/sites\/2\/Products_and_Solutions\/Products\/Proficy_HMI-SCADA_iFIX\/Novotek_GE-image_Proficy_iFIX_components_header_1920x800px-1024x427.jpg 1024w, https:\/\/www.novotek.com\/se\/wp-content\/uploads\/sites\/2\/Products_and_Solutions\/Products\/Proficy_HMI-SCADA_iFIX\/Novotek_GE-image_Proficy_iFIX_components_header_1920x800px-300x125.jpg 300w, https:\/\/www.novotek.com\/se\/wp-content\/uploads\/sites\/2\/Products_and_Solutions\/Products\/Proficy_HMI-SCADA_iFIX\/Novotek_GE-image_Proficy_iFIX_components_header_1920x800px-768x320.jpg 768w, https:\/\/www.novotek.com\/se\/wp-content\/uploads\/sites\/2\/Products_and_Solutions\/Products\/Proficy_HMI-SCADA_iFIX\/Novotek_GE-image_Proficy_iFIX_components_header_1920x800px-1536x640.jpg 1536w, https:\/\/www.novotek.com\/se\/wp-content\/uploads\/sites\/2\/Products_and_Solutions\/Products\/Proficy_HMI-SCADA_iFIX\/Novotek_GE-image_Proficy_iFIX_components_header_1920x800px.jpg 1920w\" sizes=\"(max-width: 1024px) 100vw, 1024px\" \/>                  <\/div>\n          <\/div>\n\n      <\/div>\n\n   <div class=\"floating-breadcrumb\"><div class=\"container\"><span><span><a href=\"https:\/\/www.novotek.com\/se\/\" class=\"breadcrumb-frontpage\">Home<\/a><\/span><\/span><\/div><\/div>\n\n\n<div class=\"container media-text  alignwide\">\n<div class=\"wp-block-media-text alignwide has-media-on-the-right is-stacked-on-mobile\"><div class=\"wp-block-media-text__content\"><div class=\"container-md heading  \">\n<h2 class=\"wp-block-heading\">Novotek Messenger <\/h2>\n<\/div>\n\n<div class=\"container-md paragraph  \">\n<p><strong>En komponent till iFIX f\u00f6r att skicka larm till kommunikationsutrustning.<\/strong><\/p>\n<\/div>\n\n<div class=\"container-md paragraph  \">\n<p>Novotek Messenger ger dig m\u00f6jlighet att ta emot larm p\u00e5 din mobiltelefon, e-post, persons\u00f6kare eller fax. Den ger dig ett verktyg f\u00f6r att se vad som h\u00e4nder i din anl\u00e4ggning p\u00e5 plats, men \u00e4ven p\u00e5 distans.<\/p>\n<\/div><\/div><figure class=\"wp-block-media-text__media\"><img loading=\"lazy\" decoding=\"async\" width=\"1024\" height=\"512\" src=\"https:\/\/www.novotek.com\/se\/wp-content\/uploads\/sites\/2\/sites\/2\/Products_and_Solutions\/Products\/Proficy_HMI-SCADA_iFIX\/Proficy_iFIX_Components_Novotek_Messenger-1024x512.png\" alt=\"\" class=\"wp-image-3253 size-full\" srcset=\"https:\/\/www.novotek.com\/se\/wp-content\/uploads\/sites\/2\/Products_and_Solutions\/Products\/Proficy_HMI-SCADA_iFIX\/Proficy_iFIX_Components_Novotek_Messenger-1024x512.png 1024w, https:\/\/www.novotek.com\/se\/wp-content\/uploads\/sites\/2\/Products_and_Solutions\/Products\/Proficy_HMI-SCADA_iFIX\/Proficy_iFIX_Components_Novotek_Messenger-300x150.png 300w, https:\/\/www.novotek.com\/se\/wp-content\/uploads\/sites\/2\/Products_and_Solutions\/Products\/Proficy_HMI-SCADA_iFIX\/Proficy_iFIX_Components_Novotek_Messenger-768x384.png 768w, https:\/\/www.novotek.com\/se\/wp-content\/uploads\/sites\/2\/Products_and_Solutions\/Products\/Proficy_HMI-SCADA_iFIX\/Proficy_iFIX_Components_Novotek_Messenger-1536x768.png 1536w, https:\/\/www.novotek.com\/se\/wp-content\/uploads\/sites\/2\/Products_and_Solutions\/Products\/Proficy_HMI-SCADA_iFIX\/Proficy_iFIX_Components_Novotek_Messenger-2048x1024.png 2048w\" sizes=\"auto, (max-width: 1024px) 100vw, 1024px\" \/><\/figure><\/div>\n<\/div>\n\n<div class=\"container media-text  alignwide\">\n<div class=\"wp-block-media-text alignwide is-stacked-on-mobile\"><figure class=\"wp-block-media-text__media\"><img loading=\"lazy\" decoding=\"async\" width=\"1024\" height=\"512\" src=\"https:\/\/www.novotek.com\/se\/wp-content\/uploads\/sites\/2\/sites\/2\/Products_and_Solutions\/Products\/Proficy_HMI-SCADA_iFIX\/Proficy_iFIX_Components_Idus_Connection_Suite-1024x512.png\" alt=\"\" class=\"wp-image-3254 size-full\" srcset=\"https:\/\/www.novotek.com\/se\/wp-content\/uploads\/sites\/2\/Products_and_Solutions\/Products\/Proficy_HMI-SCADA_iFIX\/Proficy_iFIX_Components_Idus_Connection_Suite-1024x512.png 1024w, https:\/\/www.novotek.com\/se\/wp-content\/uploads\/sites\/2\/Products_and_Solutions\/Products\/Proficy_HMI-SCADA_iFIX\/Proficy_iFIX_Components_Idus_Connection_Suite-300x150.png 300w, https:\/\/www.novotek.com\/se\/wp-content\/uploads\/sites\/2\/Products_and_Solutions\/Products\/Proficy_HMI-SCADA_iFIX\/Proficy_iFIX_Components_Idus_Connection_Suite-768x384.png 768w, https:\/\/www.novotek.com\/se\/wp-content\/uploads\/sites\/2\/Products_and_Solutions\/Products\/Proficy_HMI-SCADA_iFIX\/Proficy_iFIX_Components_Idus_Connection_Suite-1536x768.png 1536w, https:\/\/www.novotek.com\/se\/wp-content\/uploads\/sites\/2\/Products_and_Solutions\/Products\/Proficy_HMI-SCADA_iFIX\/Proficy_iFIX_Components_Idus_Connection_Suite-2048x1024.png 2048w\" sizes=\"auto, (max-width: 1024px) 100vw, 1024px\" \/><\/figure><div class=\"wp-block-media-text__content\"><div class=\"container-md heading  \">\n<h2 class=\"wp-block-heading\">ICS &#8211; Idus Connection Suite&nbsp;<\/h2>\n<\/div>\n\n<div class=\"container-md paragraph  \">\n<p><strong>ICS&nbsp;f\u00f6r Proficy iFIX ger en grafiskt enkel och anv\u00e4ndarv\u00e4nlig integration mellan Proficy iFIX och Idus IS underh\u00e5llssystem.<\/strong><\/p>\n<\/div>\n\n<div class=\"container-md paragraph  \">\n<p>Underh\u00e5llsinformation fr\u00e5n Idus IS finns tillg\u00e4nglig i iFIX grafiska interface. Det ger dig m\u00f6jlighet att l\u00e4nka korresponderande information i Idus IS, som till exempel objekt, arbetsorder, felanm\u00e4lan, reservdelar till r\u00e4tt person eller avdelning. <\/p>\n<\/div>\n\n<div class=\"container-md paragraph  \">\n<p>ICS g\u00f6r det m\u00f6jligt att schemal\u00e4gga \u00f6verf\u00f6ring av realtidsdata fr\u00e5n iFIX. Det kan till exempel g\u00f6ra planerat underh\u00e5ll baserat p\u00e5 verklig drifttid, antal start\/stopp, antal larm p\u00e5 ett unikt objekt. Med denna unika funktion kan ni optimera ert f\u00f6rebyggande underh\u00e5ll och d\u00e4rmed spara pengar p\u00e5 b\u00e5de reservdelar och underh\u00e5ll.<\/p>\n<\/div><\/div><\/div>\n<\/div>\n\n<div class=\"container media-text  alignwide\">\n<div class=\"wp-block-media-text alignwide has-media-on-the-right is-stacked-on-mobile\"><div class=\"wp-block-media-text__content\"><div class=\"container-md heading  \">\n<h2 class=\"wp-block-heading\">Novotek VisualTimeChannels<\/h2>\n<\/div>\n\n<div class=\"container-md paragraph  \">\n<p><strong>Grafisk och flexibel komponent f\u00f6r tidkanaler till Proficy iFIX och OPC Servers.<\/strong><\/p>\n<\/div>\n\n<div class=\"container-md paragraph  \">\n<p>Komponenten \u00e4r ett flexibelt operat\u00f6rv\u00e4nligt verktyg som kan aktivera och st\u00e4nga av objekt enligt ett f\u00f6rutbest\u00e4mt schema. Den kan bland annat anv\u00e4ndas f\u00f6r kontroll av d\u00f6rrl\u00e5s, belysning, klimatanl\u00e4ggning eller andra signalupps\u00e4ttningar som b\u00f6r hanteras vid givna tidpunkter.<\/p>\n<\/div><\/div><figure class=\"wp-block-media-text__media\"><img loading=\"lazy\" decoding=\"async\" width=\"1024\" height=\"512\" src=\"https:\/\/www.novotek.com\/se\/wp-content\/uploads\/sites\/2\/sites\/2\/Products_and_Solutions\/Products\/Proficy_HMI-SCADA_iFIX\/Proficy_iFIX_Components_Novotek_VisualTimeChannels-1024x512.png\" alt=\"\" class=\"wp-image-3255 size-full\" srcset=\"https:\/\/www.novotek.com\/se\/wp-content\/uploads\/sites\/2\/Products_and_Solutions\/Products\/Proficy_HMI-SCADA_iFIX\/Proficy_iFIX_Components_Novotek_VisualTimeChannels-1024x512.png 1024w, https:\/\/www.novotek.com\/se\/wp-content\/uploads\/sites\/2\/Products_and_Solutions\/Products\/Proficy_HMI-SCADA_iFIX\/Proficy_iFIX_Components_Novotek_VisualTimeChannels-300x150.png 300w, https:\/\/www.novotek.com\/se\/wp-content\/uploads\/sites\/2\/Products_and_Solutions\/Products\/Proficy_HMI-SCADA_iFIX\/Proficy_iFIX_Components_Novotek_VisualTimeChannels-768x384.png 768w, https:\/\/www.novotek.com\/se\/wp-content\/uploads\/sites\/2\/Products_and_Solutions\/Products\/Proficy_HMI-SCADA_iFIX\/Proficy_iFIX_Components_Novotek_VisualTimeChannels-1536x768.png 1536w, https:\/\/www.novotek.com\/se\/wp-content\/uploads\/sites\/2\/Products_and_Solutions\/Products\/Proficy_HMI-SCADA_iFIX\/Proficy_iFIX_Components_Novotek_VisualTimeChannels-2048x1024.png 2048w\" sizes=\"auto, (max-width: 1024px) 100vw, 1024px\" \/><\/figure><\/div>\n<\/div>\n\n<div class=\"cta-block\">\n  <div class=\"container\">\n          <h2>L\u00e5t oss ber\u00e4tta mer!<\/h2>\n    \n          <div><p>V\u00e5ra produkt- och applikationsspecialister hj\u00e4lper dig att hitta det det b\u00e4sta s\u00e4ttet att implementera ett produktionsplaneringssystem till ditt f\u00f6retag.<\/p>\n<p>Kontakta oss g\u00e4rna f\u00f6r mer information.<\/p>\n<p>&nbsp;<\/p>\n<\/div>\n    \n          <a class=\"btn btn-primary\" href=\"https:\/\/www.novotek.com\/se\/kontakta-oss\/\">Kontakta oss<\/a>\n      <\/div>\n<\/div>\n","protected":false},"excerpt":{"rendered":"<p>Novotek Messenger En komponent till iFIX f\u00f6r att skicka larm till kommunikationsutrustning. Novotek Messenger ger dig m\u00f6jlighet att ta emot larm p\u00e5 din mobiltelefon, e-post, persons\u00f6kare eller fax. Den ger dig ett verktyg f\u00f6r att se vad som h\u00e4nder i din anl\u00e4ggning p\u00e5 plats, men \u00e4ven p\u00e5 distans. ICS &#8211; Idus Connection Suite&nbsp; ICS&nbsp;f\u00f6r Proficy [&hellip;]<\/p>\n","protected":false},"author":4,"featured_media":0,"parent":2203,"menu_order":0,"comment_status":"closed","ping_status":"closed","template":"","meta":{"_acf_changed":false,"_relevanssi_hide_post":"","_relevanssi_pin_for_all":"","_relevanssi_pin_keywords":"","_relevanssi_unpin_keywords":"","_relevanssi_related_keywords":"","_relevanssi_related_include_ids":"","_relevanssi_related_exclude_ids":"","_relevanssi_related_no_append":"","_relevanssi_related_not_related":"","_relevanssi_related_posts":"139,137,130,133,135,946","_relevanssi_noindex_reason":"","footnotes":""},"class_list":["post-3221","page","type-page","status-publish","hentry"],"acf":[],"yoast_head":"<!-- This site is optimized with the Yoast SEO plugin v27.4 - https:\/\/yoast.com\/product\/yoast-seo-wordpress\/ -->\n<title>Novotek Components till HMI\/SCADA iFIX - Novotek Sverige AB<\/title>\n<meta name=\"description\" content=\"F\u00f6r att kunna erbjuda v\u00e5ra kunder kompletta l\u00f6sningar har Novotek utvecklat komponenter till operat\u00f6rssystemet iFIX och Historian.\" \/>\n<meta name=\"robots\" content=\"index, follow, max-snippet:-1, max-image-preview:large, max-video-preview:-1\" \/>\n<link rel=\"canonical\" href=\"https:\/\/www.novotek.com\/se\/losningar-och-produkter\/operatorssystem-hmi-scada\/ifix-hmi-scada\/novotek-components-till-hmi-scada-ifix\/\" \/>\n<meta property=\"og:locale\" content=\"sv_SE\" \/>\n<meta property=\"og:type\" content=\"article\" \/>\n<meta property=\"og:title\" content=\"Novotek Components till HMI\/SCADA iFIX - Novotek Sverige AB\" \/>\n<meta property=\"og:description\" content=\"F\u00f6r att kunna erbjuda v\u00e5ra kunder kompletta l\u00f6sningar har Novotek utvecklat komponenter till operat\u00f6rssystemet iFIX och Historian.\" \/>\n<meta property=\"og:url\" content=\"https:\/\/www.novotek.com\/se\/losningar-och-produkter\/operatorssystem-hmi-scada\/ifix-hmi-scada\/novotek-components-till-hmi-scada-ifix\/\" \/>\n<meta property=\"og:site_name\" content=\"Novotek Sverige AB\" \/>\n<meta property=\"article:modified_time\" content=\"2025-02-25T12:09:50+00:00\" \/>\n<meta property=\"og:image\" content=\"https:\/\/www.novotek.com\/se\/wp-content\/uploads\/sites\/2\/sites\/2\/Products_and_Solutions\/Products\/Proficy_HMI-SCADA_iFIX\/Proficy_iFIX_Components_Novotek_Messenger-1024x512.png\" \/>\n<meta name=\"twitter:card\" content=\"summary_large_image\" \/>\n<meta name=\"twitter:label1\" content=\"Ber\u00e4knad l\u00e4stid\" \/>\n\t<meta name=\"twitter:data1\" content=\"2 minuter\" \/>\n<script type=\"application\/ld+json\" class=\"yoast-schema-graph\">{\"@context\":\"https:\\\/\\\/schema.org\",\"@graph\":[{\"@type\":\"WebPage\",\"@id\":\"https:\\\/\\\/www.novotek.com\\\/se\\\/losningar-och-produkter\\\/operatorssystem-hmi-scada\\\/ifix-hmi-scada\\\/novotek-components-till-hmi-scada-ifix\\\/\",\"url\":\"https:\\\/\\\/www.novotek.com\\\/se\\\/losningar-och-produkter\\\/operatorssystem-hmi-scada\\\/ifix-hmi-scada\\\/novotek-components-till-hmi-scada-ifix\\\/\",\"name\":\"Novotek Components till HMI\\\/SCADA iFIX - Novotek Sverige AB\",\"isPartOf\":{\"@id\":\"https:\\\/\\\/www.novotek.com\\\/se\\\/#website\"},\"primaryImageOfPage\":{\"@id\":\"https:\\\/\\\/www.novotek.com\\\/se\\\/losningar-och-produkter\\\/operatorssystem-hmi-scada\\\/ifix-hmi-scada\\\/novotek-components-till-hmi-scada-ifix\\\/#primaryimage\"},\"image\":{\"@id\":\"https:\\\/\\\/www.novotek.com\\\/se\\\/losningar-och-produkter\\\/operatorssystem-hmi-scada\\\/ifix-hmi-scada\\\/novotek-components-till-hmi-scada-ifix\\\/#primaryimage\"},\"thumbnailUrl\":\"https:\\\/\\\/www.novotek.com\\\/se\\\/wp-content\\\/uploads\\\/sites\\\/2\\\/sites\\\/2\\\/Products_and_Solutions\\\/Products\\\/Proficy_HMI-SCADA_iFIX\\\/Proficy_iFIX_Components_Novotek_Messenger-1024x512.png\",\"datePublished\":\"2021-08-17T13:57:51+00:00\",\"dateModified\":\"2025-02-25T12:09:50+00:00\",\"description\":\"F\u00f6r att kunna erbjuda v\u00e5ra kunder kompletta l\u00f6sningar har Novotek utvecklat komponenter till operat\u00f6rssystemet iFIX och Historian.\",\"breadcrumb\":{\"@id\":\"https:\\\/\\\/www.novotek.com\\\/se\\\/losningar-och-produkter\\\/operatorssystem-hmi-scada\\\/ifix-hmi-scada\\\/novotek-components-till-hmi-scada-ifix\\\/#breadcrumb\"},\"inLanguage\":\"sv-SE\",\"potentialAction\":[{\"@type\":\"ReadAction\",\"target\":[\"https:\\\/\\\/www.novotek.com\\\/se\\\/losningar-och-produkter\\\/operatorssystem-hmi-scada\\\/ifix-hmi-scada\\\/novotek-components-till-hmi-scada-ifix\\\/\"]}]},{\"@type\":\"ImageObject\",\"inLanguage\":\"sv-SE\",\"@id\":\"https:\\\/\\\/www.novotek.com\\\/se\\\/losningar-och-produkter\\\/operatorssystem-hmi-scada\\\/ifix-hmi-scada\\\/novotek-components-till-hmi-scada-ifix\\\/#primaryimage\",\"url\":\"https:\\\/\\\/www.novotek.com\\\/se\\\/wp-content\\\/uploads\\\/sites\\\/2\\\/Products_and_Solutions\\\/Products\\\/Proficy_HMI-SCADA_iFIX\\\/Proficy_iFIX_Components_Novotek_Messenger.png\",\"contentUrl\":\"https:\\\/\\\/www.novotek.com\\\/se\\\/wp-content\\\/uploads\\\/sites\\\/2\\\/Products_and_Solutions\\\/Products\\\/Proficy_HMI-SCADA_iFIX\\\/Proficy_iFIX_Components_Novotek_Messenger.png\",\"width\":2501,\"height\":1251},{\"@type\":\"BreadcrumbList\",\"@id\":\"https:\\\/\\\/www.novotek.com\\\/se\\\/losningar-och-produkter\\\/operatorssystem-hmi-scada\\\/ifix-hmi-scada\\\/novotek-components-till-hmi-scada-ifix\\\/#breadcrumb\",\"itemListElement\":[{\"@type\":\"ListItem\",\"position\":1,\"name\":\"Home\",\"item\":\"https:\\\/\\\/www.novotek.com\\\/se\\\/\"},{\"@type\":\"ListItem\",\"position\":2,\"name\":\"L\u00f6sningar och Produkter\",\"item\":\"https:\\\/\\\/www.novotek.com\\\/se\\\/losningar-och-produkter\\\/\"},{\"@type\":\"ListItem\",\"position\":3,\"name\":\"HMI \\\/ SCADA\",\"item\":\"https:\\\/\\\/www.novotek.com\\\/se\\\/losningar-och-produkter\\\/operatorssystem-hmi-scada\\\/\"},{\"@type\":\"ListItem\",\"position\":4,\"name\":\"iFIX SCADA-system\",\"item\":\"https:\\\/\\\/www.novotek.com\\\/se\\\/losningar-och-produkter\\\/operatorssystem-hmi-scada\\\/ifix-hmi-scada\\\/\"},{\"@type\":\"ListItem\",\"position\":5,\"name\":\"Novotek Components till HMI\\\/SCADA iFIX\"}]},{\"@type\":\"WebSite\",\"@id\":\"https:\\\/\\\/www.novotek.com\\\/se\\\/#website\",\"url\":\"https:\\\/\\\/www.novotek.com\\\/se\\\/\",\"name\":\"Novotek Sverige AB\",\"description\":\"Connect - Digitalize - Optimize\",\"potentialAction\":[{\"@type\":\"SearchAction\",\"target\":{\"@type\":\"EntryPoint\",\"urlTemplate\":\"https:\\\/\\\/www.novotek.com\\\/se\\\/?s={search_term_string}\"},\"query-input\":{\"@type\":\"PropertyValueSpecification\",\"valueRequired\":true,\"valueName\":\"search_term_string\"}}],\"inLanguage\":\"sv-SE\"}]}<\/script>\n<!-- \/ Yoast SEO plugin. -->","yoast_head_json":{"title":"Novotek Components till HMI\/SCADA iFIX - Novotek Sverige AB","description":"F\u00f6r att kunna erbjuda v\u00e5ra kunder kompletta l\u00f6sningar har Novotek utvecklat komponenter till operat\u00f6rssystemet iFIX och Historian.","robots":{"index":"index","follow":"follow","max-snippet":"max-snippet:-1","max-image-preview":"max-image-preview:large","max-video-preview":"max-video-preview:-1"},"canonical":"https:\/\/www.novotek.com\/se\/losningar-och-produkter\/operatorssystem-hmi-scada\/ifix-hmi-scada\/novotek-components-till-hmi-scada-ifix\/","og_locale":"sv_SE","og_type":"article","og_title":"Novotek Components till HMI\/SCADA iFIX - Novotek Sverige AB","og_description":"F\u00f6r att kunna erbjuda v\u00e5ra kunder kompletta l\u00f6sningar har Novotek utvecklat komponenter till operat\u00f6rssystemet iFIX och Historian.","og_url":"https:\/\/www.novotek.com\/se\/losningar-och-produkter\/operatorssystem-hmi-scada\/ifix-hmi-scada\/novotek-components-till-hmi-scada-ifix\/","og_site_name":"Novotek Sverige AB","article_modified_time":"2025-02-25T12:09:50+00:00","og_image":[{"url":"https:\/\/www.novotek.com\/se\/wp-content\/uploads\/sites\/2\/sites\/2\/Products_and_Solutions\/Products\/Proficy_HMI-SCADA_iFIX\/Proficy_iFIX_Components_Novotek_Messenger-1024x512.png","type":"","width":"","height":""}],"twitter_card":"summary_large_image","twitter_misc":{"Ber\u00e4knad l\u00e4stid":"2 minuter"},"schema":{"@context":"https:\/\/schema.org","@graph":[{"@type":"WebPage","@id":"https:\/\/www.novotek.com\/se\/losningar-och-produkter\/operatorssystem-hmi-scada\/ifix-hmi-scada\/novotek-components-till-hmi-scada-ifix\/","url":"https:\/\/www.novotek.com\/se\/losningar-och-produkter\/operatorssystem-hmi-scada\/ifix-hmi-scada\/novotek-components-till-hmi-scada-ifix\/","name":"Novotek Components till HMI\/SCADA iFIX - Novotek Sverige AB","isPartOf":{"@id":"https:\/\/www.novotek.com\/se\/#website"},"primaryImageOfPage":{"@id":"https:\/\/www.novotek.com\/se\/losningar-och-produkter\/operatorssystem-hmi-scada\/ifix-hmi-scada\/novotek-components-till-hmi-scada-ifix\/#primaryimage"},"image":{"@id":"https:\/\/www.novotek.com\/se\/losningar-och-produkter\/operatorssystem-hmi-scada\/ifix-hmi-scada\/novotek-components-till-hmi-scada-ifix\/#primaryimage"},"thumbnailUrl":"https:\/\/www.novotek.com\/se\/wp-content\/uploads\/sites\/2\/sites\/2\/Products_and_Solutions\/Products\/Proficy_HMI-SCADA_iFIX\/Proficy_iFIX_Components_Novotek_Messenger-1024x512.png","datePublished":"2021-08-17T13:57:51+00:00","dateModified":"2025-02-25T12:09:50+00:00","description":"F\u00f6r att kunna erbjuda v\u00e5ra kunder kompletta l\u00f6sningar har Novotek utvecklat komponenter till operat\u00f6rssystemet iFIX och Historian.","breadcrumb":{"@id":"https:\/\/www.novotek.com\/se\/losningar-och-produkter\/operatorssystem-hmi-scada\/ifix-hmi-scada\/novotek-components-till-hmi-scada-ifix\/#breadcrumb"},"inLanguage":"sv-SE","potentialAction":[{"@type":"ReadAction","target":["https:\/\/www.novotek.com\/se\/losningar-och-produkter\/operatorssystem-hmi-scada\/ifix-hmi-scada\/novotek-components-till-hmi-scada-ifix\/"]}]},{"@type":"ImageObject","inLanguage":"sv-SE","@id":"https:\/\/www.novotek.com\/se\/losningar-och-produkter\/operatorssystem-hmi-scada\/ifix-hmi-scada\/novotek-components-till-hmi-scada-ifix\/#primaryimage","url":"https:\/\/www.novotek.com\/se\/wp-content\/uploads\/sites\/2\/Products_and_Solutions\/Products\/Proficy_HMI-SCADA_iFIX\/Proficy_iFIX_Components_Novotek_Messenger.png","contentUrl":"https:\/\/www.novotek.com\/se\/wp-content\/uploads\/sites\/2\/Products_and_Solutions\/Products\/Proficy_HMI-SCADA_iFIX\/Proficy_iFIX_Components_Novotek_Messenger.png","width":2501,"height":1251},{"@type":"BreadcrumbList","@id":"https:\/\/www.novotek.com\/se\/losningar-och-produkter\/operatorssystem-hmi-scada\/ifix-hmi-scada\/novotek-components-till-hmi-scada-ifix\/#breadcrumb","itemListElement":[{"@type":"ListItem","position":1,"name":"Home","item":"https:\/\/www.novotek.com\/se\/"},{"@type":"ListItem","position":2,"name":"L\u00f6sningar och Produkter","item":"https:\/\/www.novotek.com\/se\/losningar-och-produkter\/"},{"@type":"ListItem","position":3,"name":"HMI \/ SCADA","item":"https:\/\/www.novotek.com\/se\/losningar-och-produkter\/operatorssystem-hmi-scada\/"},{"@type":"ListItem","position":4,"name":"iFIX SCADA-system","item":"https:\/\/www.novotek.com\/se\/losningar-och-produkter\/operatorssystem-hmi-scada\/ifix-hmi-scada\/"},{"@type":"ListItem","position":5,"name":"Novotek Components till HMI\/SCADA iFIX"}]},{"@type":"WebSite","@id":"https:\/\/www.novotek.com\/se\/#website","url":"https:\/\/www.novotek.com\/se\/","name":"Novotek Sverige AB","description":"Connect - Digitalize - Optimize","potentialAction":[{"@type":"SearchAction","target":{"@type":"EntryPoint","urlTemplate":"https:\/\/www.novotek.com\/se\/?s={search_term_string}"},"query-input":{"@type":"PropertyValueSpecification","valueRequired":true,"valueName":"search_term_string"}}],"inLanguage":"sv-SE"}]}},"_links":{"self":[{"href":"https:\/\/www.novotek.com\/se\/wp-json\/wp\/v2\/pages\/3221","targetHints":{"allow":["GET"]}}],"collection":[{"href":"https:\/\/www.novotek.com\/se\/wp-json\/wp\/v2\/pages"}],"about":[{"href":"https:\/\/www.novotek.com\/se\/wp-json\/wp\/v2\/types\/page"}],"author":[{"embeddable":true,"href":"https:\/\/www.novotek.com\/se\/wp-json\/wp\/v2\/users\/4"}],"replies":[{"embeddable":true,"href":"https:\/\/www.novotek.com\/se\/wp-json\/wp\/v2\/comments?post=3221"}],"version-history":[{"count":22,"href":"https:\/\/www.novotek.com\/se\/wp-json\/wp\/v2\/pages\/3221\/revisions"}],"predecessor-version":[{"id":17874,"href":"https:\/\/www.novotek.com\/se\/wp-json\/wp\/v2\/pages\/3221\/revisions\/17874"}],"up":[{"embeddable":true,"href":"https:\/\/www.novotek.com\/se\/wp-json\/wp\/v2\/pages\/2203"}],"wp:attachment":[{"href":"https:\/\/www.novotek.com\/se\/wp-json\/wp\/v2\/media?parent=3221"}],"curies":[{"name":"wp","href":"https:\/\/api.w.org\/{rel}","templated":true}]}}