{"id":39,"date":"2021-03-29T11:53:58","date_gmt":"2021-03-29T11:53:58","guid":{"rendered":"https:\/\/www.novotek.com\/se\/?page_id=39"},"modified":"2026-04-01T19:53:33","modified_gmt":"2026-04-01T19:53:33","slug":"kontakta-oss","status":"publish","type":"page","link":"https:\/\/www.novotek.com\/se\/kontakta-oss\/","title":{"rendered":"Kontakta oss"},"content":{"rendered":"<div class=\"container-md heading  \">\n<h1 class=\"wp-block-heading\">Kontakta oss<\/h1>\n<\/div>\n\n<div class=\"container-md paragraph  \">\n<p>Vad roligt att du vill komma i kontakt med oss! Vi finns i Malm\u00f6, Eskilstuna och G\u00f6teborg. Du hittar kontaktuppgifter till v\u00e5ra Account Managers under rubriken &#8221;V\u00e5ra kontor&#8221;.<\/p>\n<\/div>","protected":false},"excerpt":{"rendered":"<p>Novotek erbjuder produkt- och applikationskompetens inom industriella digitala l\u00f6sningar och finns tillg\u00e4ngliga f\u00f6r att hj\u00e4lpa er att optimera era processer och produktion.<\/p>\n","protected":false},"author":1,"featured_media":3494,"parent":0,"menu_order":0,"comment_status":"closed","ping_status":"closed","template":"page-templates\/contact.php","meta":{"_acf_changed":false,"_relevanssi_hide_post":"","_relevanssi_pin_for_all":"","_relevanssi_pin_keywords":"","_relevanssi_unpin_keywords":"","_relevanssi_related_keywords":"","_relevanssi_related_include_ids":"","_relevanssi_related_exclude_ids":"","_relevanssi_related_no_append":"","_relevanssi_related_not_related":"","_relevanssi_related_posts":"137,135,133,139,130","_relevanssi_noindex_reason":"","footnotes":""},"class_list":["post-39","page","type-page","status-publish","has-post-thumbnail","hentry"],"acf":[],"yoast_head":"<!-- This site is optimized with the Yoast SEO plugin v27.3 - https:\/\/yoast.com\/product\/yoast-seo-wordpress\/ -->\n<title>Kontakta oss - Novotek Sverige AB<\/title>\n<meta name=\"description\" content=\"Kontaktuppgifter till v\u00e5ra rikst\u00e4ckande kontor i Malm\u00f6, Stockholm, G\u00f6teborg och Eskilstuna. H\u00f6r g\u00e4rna av dig!\" \/>\n<meta name=\"robots\" content=\"index, follow, max-snippet:-1, max-image-preview:large, max-video-preview:-1\" \/>\n<link rel=\"canonical\" href=\"https:\/\/www.novotek.com\/se\/kontakta-oss\/\" \/>\n<meta property=\"og:locale\" content=\"sv_SE\" \/>\n<meta property=\"og:type\" content=\"article\" \/>\n<meta property=\"og:title\" content=\"Kontakta oss - Novotek Sverige AB\" \/>\n<meta property=\"og:description\" content=\"Kontaktuppgifter till v\u00e5ra rikst\u00e4ckande kontor i Malm\u00f6, Stockholm, G\u00f6teborg och Eskilstuna. H\u00f6r g\u00e4rna av dig!\" \/>\n<meta property=\"og:url\" content=\"https:\/\/www.novotek.com\/se\/kontakta-oss\/\" \/>\n<meta property=\"og:site_name\" content=\"Novotek Sverige AB\" \/>\n<meta property=\"article:modified_time\" content=\"2026-04-01T19:53:33+00:00\" \/>\n<meta property=\"og:image\" content=\"https:\/\/www.novotek.com\/se\/wp-content\/uploads\/sites\/2\/Startpage\/Kontakta_oss\/novotek-office-header-duplex-cyan.jpg\" \/>\n\t<meta property=\"og:image:width\" content=\"1920\" \/>\n\t<meta property=\"og:image:height\" content=\"720\" \/>\n\t<meta property=\"og:image:type\" content=\"image\/jpeg\" \/>\n<meta name=\"twitter:card\" content=\"summary_large_image\" \/>\n<meta name=\"twitter:label1\" content=\"Ber\u00e4knad l\u00e4stid\" \/>\n\t<meta name=\"twitter:data1\" content=\"1 minut\" \/>\n<script type=\"application\/ld+json\" class=\"yoast-schema-graph\">{\"@context\":\"https:\\\/\\\/schema.org\",\"@graph\":[{\"@type\":\"WebPage\",\"@id\":\"https:\\\/\\\/www.novotek.com\\\/se\\\/kontakta-oss\\\/\",\"url\":\"https:\\\/\\\/www.novotek.com\\\/se\\\/kontakta-oss\\\/\",\"name\":\"Kontakta oss - Novotek Sverige AB\",\"isPartOf\":{\"@id\":\"https:\\\/\\\/www.novotek.com\\\/se\\\/#website\"},\"primaryImageOfPage\":{\"@id\":\"https:\\\/\\\/www.novotek.com\\\/se\\\/kontakta-oss\\\/#primaryimage\"},\"image\":{\"@id\":\"https:\\\/\\\/www.novotek.com\\\/se\\\/kontakta-oss\\\/#primaryimage\"},\"thumbnailUrl\":\"https:\\\/\\\/www.novotek.com\\\/se\\\/wp-content\\\/uploads\\\/sites\\\/2\\\/Startpage\\\/Kontakta_oss\\\/novotek-office-header-duplex-cyan.jpg\",\"datePublished\":\"2021-03-29T11:53:58+00:00\",\"dateModified\":\"2026-04-01T19:53:33+00:00\",\"description\":\"Kontaktuppgifter till v\u00e5ra rikst\u00e4ckande kontor i Malm\u00f6, Stockholm, G\u00f6teborg och Eskilstuna. H\u00f6r g\u00e4rna av dig!\",\"breadcrumb\":{\"@id\":\"https:\\\/\\\/www.novotek.com\\\/se\\\/kontakta-oss\\\/#breadcrumb\"},\"inLanguage\":\"sv-SE\",\"potentialAction\":[{\"@type\":\"ReadAction\",\"target\":[\"https:\\\/\\\/www.novotek.com\\\/se\\\/kontakta-oss\\\/\"]}]},{\"@type\":\"ImageObject\",\"inLanguage\":\"sv-SE\",\"@id\":\"https:\\\/\\\/www.novotek.com\\\/se\\\/kontakta-oss\\\/#primaryimage\",\"url\":\"https:\\\/\\\/www.novotek.com\\\/se\\\/wp-content\\\/uploads\\\/sites\\\/2\\\/Startpage\\\/Kontakta_oss\\\/novotek-office-header-duplex-cyan.jpg\",\"contentUrl\":\"https:\\\/\\\/www.novotek.com\\\/se\\\/wp-content\\\/uploads\\\/sites\\\/2\\\/Startpage\\\/Kontakta_oss\\\/novotek-office-header-duplex-cyan.jpg\",\"width\":1920,\"height\":720,\"caption\":\"Novotek erbjuder produkt- och applikationskompetens inom industriella digitala l\u00f6sningar och finns tillg\u00e4ngliga f\u00f6r att hj\u00e4lpa er att optimera era processer och produktion.\"},{\"@type\":\"BreadcrumbList\",\"@id\":\"https:\\\/\\\/www.novotek.com\\\/se\\\/kontakta-oss\\\/#breadcrumb\",\"itemListElement\":[{\"@type\":\"ListItem\",\"position\":1,\"name\":\"Home\",\"item\":\"https:\\\/\\\/www.novotek.com\\\/se\\\/\"},{\"@type\":\"ListItem\",\"position\":2,\"name\":\"Kontakta oss\"}]},{\"@type\":\"WebSite\",\"@id\":\"https:\\\/\\\/www.novotek.com\\\/se\\\/#website\",\"url\":\"https:\\\/\\\/www.novotek.com\\\/se\\\/\",\"name\":\"Novotek Sverige AB\",\"description\":\"Connect - Digitalize - Optimize\",\"potentialAction\":[{\"@type\":\"SearchAction\",\"target\":{\"@type\":\"EntryPoint\",\"urlTemplate\":\"https:\\\/\\\/www.novotek.com\\\/se\\\/?s={search_term_string}\"},\"query-input\":{\"@type\":\"PropertyValueSpecification\",\"valueRequired\":true,\"valueName\":\"search_term_string\"}}],\"inLanguage\":\"sv-SE\"}]}<\/script>\n<!-- \/ Yoast SEO plugin. -->","yoast_head_json":{"title":"Kontakta oss - Novotek Sverige AB","description":"Kontaktuppgifter till v\u00e5ra rikst\u00e4ckande kontor i Malm\u00f6, Stockholm, G\u00f6teborg och Eskilstuna. H\u00f6r g\u00e4rna av dig!","robots":{"index":"index","follow":"follow","max-snippet":"max-snippet:-1","max-image-preview":"max-image-preview:large","max-video-preview":"max-video-preview:-1"},"canonical":"https:\/\/www.novotek.com\/se\/kontakta-oss\/","og_locale":"sv_SE","og_type":"article","og_title":"Kontakta oss - Novotek Sverige AB","og_description":"Kontaktuppgifter till v\u00e5ra rikst\u00e4ckande kontor i Malm\u00f6, Stockholm, G\u00f6teborg och Eskilstuna. H\u00f6r g\u00e4rna av dig!","og_url":"https:\/\/www.novotek.com\/se\/kontakta-oss\/","og_site_name":"Novotek Sverige AB","article_modified_time":"2026-04-01T19:53:33+00:00","og_image":[{"width":1920,"height":720,"url":"https:\/\/www.novotek.com\/se\/wp-content\/uploads\/sites\/2\/Startpage\/Kontakta_oss\/novotek-office-header-duplex-cyan.jpg","type":"image\/jpeg"}],"twitter_card":"summary_large_image","twitter_misc":{"Ber\u00e4knad l\u00e4stid":"1 minut"},"schema":{"@context":"https:\/\/schema.org","@graph":[{"@type":"WebPage","@id":"https:\/\/www.novotek.com\/se\/kontakta-oss\/","url":"https:\/\/www.novotek.com\/se\/kontakta-oss\/","name":"Kontakta oss - Novotek Sverige AB","isPartOf":{"@id":"https:\/\/www.novotek.com\/se\/#website"},"primaryImageOfPage":{"@id":"https:\/\/www.novotek.com\/se\/kontakta-oss\/#primaryimage"},"image":{"@id":"https:\/\/www.novotek.com\/se\/kontakta-oss\/#primaryimage"},"thumbnailUrl":"https:\/\/www.novotek.com\/se\/wp-content\/uploads\/sites\/2\/Startpage\/Kontakta_oss\/novotek-office-header-duplex-cyan.jpg","datePublished":"2021-03-29T11:53:58+00:00","dateModified":"2026-04-01T19:53:33+00:00","description":"Kontaktuppgifter till v\u00e5ra rikst\u00e4ckande kontor i Malm\u00f6, Stockholm, G\u00f6teborg och Eskilstuna. H\u00f6r g\u00e4rna av dig!","breadcrumb":{"@id":"https:\/\/www.novotek.com\/se\/kontakta-oss\/#breadcrumb"},"inLanguage":"sv-SE","potentialAction":[{"@type":"ReadAction","target":["https:\/\/www.novotek.com\/se\/kontakta-oss\/"]}]},{"@type":"ImageObject","inLanguage":"sv-SE","@id":"https:\/\/www.novotek.com\/se\/kontakta-oss\/#primaryimage","url":"https:\/\/www.novotek.com\/se\/wp-content\/uploads\/sites\/2\/Startpage\/Kontakta_oss\/novotek-office-header-duplex-cyan.jpg","contentUrl":"https:\/\/www.novotek.com\/se\/wp-content\/uploads\/sites\/2\/Startpage\/Kontakta_oss\/novotek-office-header-duplex-cyan.jpg","width":1920,"height":720,"caption":"Novotek erbjuder produkt- och applikationskompetens inom industriella digitala l\u00f6sningar och finns tillg\u00e4ngliga f\u00f6r att hj\u00e4lpa er att optimera era processer och produktion."},{"@type":"BreadcrumbList","@id":"https:\/\/www.novotek.com\/se\/kontakta-oss\/#breadcrumb","itemListElement":[{"@type":"ListItem","position":1,"name":"Home","item":"https:\/\/www.novotek.com\/se\/"},{"@type":"ListItem","position":2,"name":"Kontakta oss"}]},{"@type":"WebSite","@id":"https:\/\/www.novotek.com\/se\/#website","url":"https:\/\/www.novotek.com\/se\/","name":"Novotek Sverige AB","description":"Connect - Digitalize - Optimize","potentialAction":[{"@type":"SearchAction","target":{"@type":"EntryPoint","urlTemplate":"https:\/\/www.novotek.com\/se\/?s={search_term_string}"},"query-input":{"@type":"PropertyValueSpecification","valueRequired":true,"valueName":"search_term_string"}}],"inLanguage":"sv-SE"}]}},"_links":{"self":[{"href":"https:\/\/www.novotek.com\/se\/wp-json\/wp\/v2\/pages\/39","targetHints":{"allow":["GET"]}}],"collection":[{"href":"https:\/\/www.novotek.com\/se\/wp-json\/wp\/v2\/pages"}],"about":[{"href":"https:\/\/www.novotek.com\/se\/wp-json\/wp\/v2\/types\/page"}],"author":[{"embeddable":true,"href":"https:\/\/www.novotek.com\/se\/wp-json\/wp\/v2\/users\/1"}],"replies":[{"embeddable":true,"href":"https:\/\/www.novotek.com\/se\/wp-json\/wp\/v2\/comments?post=39"}],"version-history":[{"count":112,"href":"https:\/\/www.novotek.com\/se\/wp-json\/wp\/v2\/pages\/39\/revisions"}],"predecessor-version":[{"id":21519,"href":"https:\/\/www.novotek.com\/se\/wp-json\/wp\/v2\/pages\/39\/revisions\/21519"}],"wp:featuredmedia":[{"embeddable":true,"href":"https:\/\/www.novotek.com\/se\/wp-json\/wp\/v2\/media\/3494"}],"wp:attachment":[{"href":"https:\/\/www.novotek.com\/se\/wp-json\/wp\/v2\/media?parent=39"}],"curies":[{"name":"wp","href":"https:\/\/api.w.org\/{rel}","templated":true}]}}