{"id":3950,"date":"2021-09-06T10:38:13","date_gmt":"2021-09-06T10:38:13","guid":{"rendered":"https:\/\/www.novotek.com\/se\/?page_id=3950"},"modified":"2025-05-12T12:06:14","modified_gmt":"2025-05-12T12:06:14","slug":"teknisk-support","status":"publish","type":"page","link":"https:\/\/www.novotek.com\/se\/vi-erbjuder\/teknisk-support\/","title":{"rendered":"Teknisk support"},"content":{"rendered":"  <div class=\"hero\">\n    <div class=\"carousel hero-slider small\" data-flickity data-flickity-options='{\"prevNextButtons\": false}'>\n              <div class=\"carousel-cell\">\n          <div class=\"container\">\n            <div class=\"hero-content\">\n                              <h1>Teknisk support<\/h1>\n<div class=\"text\">\n<p>Du har tillg\u00e5ng till teknisk support m\u00e5ndag-fredag mellan <strong>08.00-16.00.\u00a0<\/strong>Du hittar v\u00e5ra kontaktuppgifter och \u00f6ppettider nedan.<\/p>\n<\/div>\n              \n                          <\/div>\n          <\/div>\n\n          <img decoding=\"async\" width=\"1024\" height=\"427\" src=\"https:\/\/www.novotek.com\/se\/wp-content\/uploads\/sites\/2\/We_offer\/Teknisksupport_header-1024x427.jpg.webp\" class=\"hero-bg\" alt=\"Hero Img\" fetchpriority=\"high\" srcset=\"https:\/\/www.novotek.com\/se\/wp-content\/uploads\/sites\/2\/We_offer\/Teknisksupport_header-1024x427.jpg.webp 1024w, https:\/\/www.novotek.com\/se\/wp-content\/uploads\/sites\/2\/We_offer\/Teknisksupport_header-300x125.jpg.webp 300w, https:\/\/www.novotek.com\/se\/wp-content\/uploads\/sites\/2\/We_offer\/Teknisksupport_header-768x320.jpg.webp 768w, https:\/\/www.novotek.com\/se\/wp-content\/uploads\/sites\/2\/We_offer\/Teknisksupport_header-1536x640.jpg.webp 1536w, https:\/\/www.novotek.com\/se\/wp-content\/uploads\/sites\/2\/We_offer\/Teknisksupport_header.jpg.webp 1920w\" sizes=\"(max-width: 1024px) 100vw, 1024px\" \/>                  <\/div>\n          <\/div>\n\n      <\/div>\n\n   <div class=\"floating-breadcrumb\"><div class=\"container\"><span><span><a href=\"https:\/\/www.novotek.com\/se\/\" class=\"breadcrumb-frontpage\">Home<\/a><\/span><\/span><\/div><\/div>\n\n\n<div class=\"container-md columns  alignwide\">\n<div class=\"wp-block-columns alignwide is-layout-flex wp-container-core-columns-is-layout-9d6595d7 wp-block-columns-is-layout-flex\"><div class=\"container-md column  \">\n<div class=\"wp-block-column is-layout-flow wp-block-column-is-layout-flow\" style=\"flex-basis:66.66%\"><div class=\"container-md heading  \">\n<h2 class=\"wp-block-heading\" id=\"h-teknisk-support-ar-en-del-av-vart-erbjudande\">Teknisk support \u00e4r en del av v\u00e5rt erbjudande <\/h2>\n<\/div>\n\n<div class=\"container-md spacer  \">\n<div style=\"height:10px\" aria-hidden=\"true\" class=\"wp-block-spacer\"><\/div>\n<\/div>\n\n<div class=\"container-md paragraph  \">\n<p>Ibland g\u00e5r saker och ting inte som man har t\u00e4nkt sig. D\u00e4rf\u00f6r har vi alltid teknisk support som en del av v\u00e5rt erbjudande. V\u00e5ra kollegor, Lars och H\u00e5kan, p\u00e5 teknisk support har \u00f6ver 50 \u00e5rs erfarenhet av supporthantering &#8211; du \u00e4r i goda h\u00e4nder!<\/p>\n<\/div>\n\n<div class=\"container-md spacer  \">\n<div style=\"height:40px\" aria-hidden=\"true\" class=\"wp-block-spacer\"><\/div>\n<\/div>\n\n<div class=\"container-md group  \">\n<div class=\"wp-block-group\"><div class=\"wp-block-group__inner-container is-layout-constrained wp-block-group-is-layout-constrained\"><div class=\"container-md heading  \">\n<h3 class=\"wp-block-heading\" id=\"h-sag-hej-till-dina-supporthjaltar\">S\u00e4g hej till dina supporthj\u00e4ltar!<\/h3>\n<\/div>\n\n<div class=\"container-md paragraph  \">\n<p>Vi rekommenderar alltid att du v\u00e4nder dig till v\u00e5r support i f\u00f6rsta hand. V\u00e5r tekniska support har full beredskap och driver ditt \u00e4rende \u00e5t dig. De kommer \u00e4ven losta \u00e4rendet vidare om du skulle beh\u00f6va hj\u00e4lp av en enskild tekniker.<\/p>\n<\/div>\n\n<div class=\"container-md group  \">\n<div class=\"wp-block-group\"><div class=\"wp-block-group__inner-container is-layout-constrained wp-block-group-is-layout-constrained\"><div class=\"container-md group  \">\n<div class=\"wp-block-group\"><div class=\"wp-block-group__inner-container is-layout-constrained wp-block-group-is-layout-constrained\"><div class=\"container-md columns  \">\n<div class=\"wp-block-columns is-layout-flex wp-container-core-columns-is-layout-9d6595d7 wp-block-columns-is-layout-flex\"><div class=\"container-md column  \">\n<div class=\"wp-block-column is-layout-flow wp-block-column-is-layout-flow\"><div class=\"wp-block-image centered\"><div class=\"container-md image  aligncenter\">\n<figure class=\"aligncenter size-full is-resized\"><img loading=\"lazy\" decoding=\"async\" width=\"700\" height=\"700\" src=\"https:\/\/www.novotek.com\/se\/wp-content\/uploads\/sites\/2\/sites\/2\/Startpage\/Kontakta_oss\/Tech\/OZ9A3169-HakanA-teams-duotone.jpg\" alt=\"Industrial IT Solution Specialist, Novotek Sverige AB\" class=\"wp-image-8828\" style=\"object-fit:cover;width:337px;height:337px\" srcset=\"https:\/\/www.novotek.com\/se\/wp-content\/uploads\/sites\/2\/Startpage\/Kontakta_oss\/Tech\/OZ9A3169-HakanA-teams-duotone.jpg 700w, https:\/\/www.novotek.com\/se\/wp-content\/uploads\/sites\/2\/Startpage\/Kontakta_oss\/Tech\/OZ9A3169-HakanA-teams-duotone-300x300.jpg 300w, https:\/\/www.novotek.com\/se\/wp-content\/uploads\/sites\/2\/Startpage\/Kontakta_oss\/Tech\/OZ9A3169-HakanA-teams-duotone-150x150.jpg 150w\" sizes=\"auto, (max-width: 700px) 100vw, 700px\" \/><\/figure>\n<\/div><\/div>\n\n<div class=\"container-md paragraph  aligncenter\">\n<p class=\"has-text-align-center\"><strong>H\u00e5kan Andersson<\/strong><\/p>\n<\/div><\/div>\n<\/div>\n\n<div class=\"container-md column  \">\n<div class=\"wp-block-column is-layout-flow wp-block-column-is-layout-flow\"><div class=\"wp-block-image centered\"><div class=\"container-md image  aligncenter\">\n<figure class=\"aligncenter size-full is-resized\"><img loading=\"lazy\" decoding=\"async\" width=\"700\" height=\"700\" src=\"https:\/\/www.novotek.com\/se\/wp-content\/uploads\/sites\/2\/sites\/2\/Startpage\/Kontakta_oss\/Operations\/OZ9A3214-Lars-teams-duotone.jpg\" alt=\"Industrial Product &amp; IT Support Specialist - Novotek Sverige AB\" class=\"wp-image-8829\" style=\"object-fit:cover;width:337px;height:337px\" srcset=\"https:\/\/www.novotek.com\/se\/wp-content\/uploads\/sites\/2\/Startpage\/Kontakta_oss\/Operations\/OZ9A3214-Lars-teams-duotone.jpg 700w, https:\/\/www.novotek.com\/se\/wp-content\/uploads\/sites\/2\/Startpage\/Kontakta_oss\/Operations\/OZ9A3214-Lars-teams-duotone-300x300.jpg 300w, https:\/\/www.novotek.com\/se\/wp-content\/uploads\/sites\/2\/Startpage\/Kontakta_oss\/Operations\/OZ9A3214-Lars-teams-duotone-150x150.jpg 150w\" sizes=\"auto, (max-width: 700px) 100vw, 700px\" \/><\/figure>\n<\/div><\/div>\n\n<div class=\"container-md paragraph  aligncenter\">\n<p class=\"has-text-align-center\"><strong>Lars Kristiansen<\/strong><\/p>\n<\/div><\/div>\n<\/div><\/div>\n<\/div><\/div>\n<\/div><\/div><\/div>\n<\/div><\/div><\/div>\n<\/div><\/div><\/div>\n<\/div>\n\n<div class=\"container-md column  \">\n<div class=\"wp-block-column is-layout-flow wp-block-column-is-layout-flow\" style=\"flex-basis:33.33%\"><div class=\"container-md heading  \">\n<h4 class=\"wp-block-heading has-text-align-left has-background\" id=\"h-kontakt\" style=\"background-color:#f2f2f2\">Kontakt:<\/h4>\n<\/div>\n\n<div class=\"container-md spacer  \">\n<div style=\"height:20px\" aria-hidden=\"true\" class=\"wp-block-spacer\"><\/div>\n<\/div>\n\n<div class=\"container-md heading  \">\n<h5 class=\"wp-block-heading\" id=\"h-oppettider\">\u00d6ppettider: <\/h5>\n<\/div>\n\n<div class=\"container-md paragraph  \">\n<p><strong>\u00d6ppettider<\/strong><\/p>\n<\/div>\n\n<div class=\"container-md paragraph  \">\n<p>Vardagar: 08 \u2013 16<br>L\u00f6r-S\u00f6n: St\u00e4ngt<br>Helgdagar: St\u00e4ngt<br>St\u00e4ngt: 30\/5<\/p>\n<\/div>\n\n<div class=\"container-md spacer  \">\n<div style=\"height:30px\" aria-hidden=\"true\" class=\"wp-block-spacer\"><\/div>\n<\/div>\n\n<div class=\"container-md heading  \">\n<h5 class=\"wp-block-heading\" id=\"h-hur-nar-du-oss\">Hur n\u00e5r du oss?<\/h5>\n<\/div>\n\n<div class=\"container-md paragraph  \">\n<p>Du kan b\u00e5de ringa och maila oss, v\u00e4lj vad som passar dig! <\/p>\n<\/div>\n\n<div class=\"container-md paragraph  \">\n<p><strong>Telefon:<\/strong> <a href=\"tel:040316931\">040-31 69 31<\/a><\/p>\n<\/div>\n\n<div class=\"container-md paragraph  \">\n<p><strong>Mail:<\/strong> <a href=\"mailto:tech.support@novotek.se\">tech.support@novotek.se<\/a><\/p>\n<\/div>\n\n<div class=\"container-md spacer  \">\n<div style=\"height:30px\" aria-hidden=\"true\" class=\"wp-block-spacer\"><\/div>\n<\/div><\/div>\n<\/div><\/div>\n<\/div>\n\n  <div class=\"slider-column-parent\">\n    <div class=\"container\">\n      <div class=\"slider-column-title\">Vi erbjuder \u00e4ven<\/div>\n\n      <div class=\"row\">\n        <div class=\"col-12 col-md-4\"><div class=\"column-box\">\n  \n      <div class=\"title\">\n      Serviceavtal    <\/div>\n  \n      <div class=\"text\">\n      <p>Vi p\u00e5 Novotek erbjuder service- och supportavtal anpassade efter er verksamhet.<\/p>\n    <\/div>\n  \n      <a class=\"link\"  href=\"https:\/\/www.novotek.com\/se\/vi-erbjuder\/serviceavtal\/\" target=\"\">\n      L\u00e4s mer    <\/a>\n  \n  <\/div>\n\n<\/div><div class=\"col-12 col-md-4\"><div class=\"column-box\">\n  \n      <div class=\"title\">\n      Prenumeration p\u00e5 support och uppgradering    <\/div>\n  \n      <div class=\"text\">\n      <p>Prenumeration p\u00e5 support och uppgradering av programvaror som hj\u00e4lper ditt f\u00f6retag att uppn\u00e5 b\u00e4sta m\u00f6jliga resultat.<\/p>\n    <\/div>\n  \n      <a class=\"link\"  href=\"https:\/\/www.novotek.com\/se\/vi-erbjuder\/prenumerationer\/\" target=\"\">\n      L\u00e4s mer    <\/a>\n  \n  <\/div>\n\n<\/div><div class=\"col-12 col-md-4\"><div class=\"column-box\">\n  \n      <div class=\"title\">\n      Utbildning    <\/div>\n  \n      <div class=\"text\">\n      <p>L\u00e4r k\u00e4nna dina l\u00f6sningar och produkter b\u00e4ttre. Vi erbjuder b\u00e5de grundl\u00e4ggande produktutbildning och kurser i mer avancerade funktioner.<\/p>\n    <\/div>\n  \n      <a class=\"link\"  href=\"https:\/\/www.novotek.com\/se\/vi-erbjuder\/utbildning\/\" target=\"\">\n      L\u00e4s mer    <\/a>\n  \n  <\/div>\n\n<\/div>      <\/div>\n    <\/div>\n  <\/div>\n","protected":false},"excerpt":{"rendered":"<p>Vi \u00e4r tillg\u00e4ngliga f\u00f6r teknisk support. Kontakta v\u00e5r supportavdelning p\u00e5 mejl: tech.support@novotek.se eller via telefon 040-31 69 31.<\/p>\n","protected":false},"author":4,"featured_media":3948,"parent":740,"menu_order":0,"comment_status":"closed","ping_status":"closed","template":"","meta":{"_acf_changed":false,"_relevanssi_hide_post":"","_relevanssi_pin_for_all":"","_relevanssi_pin_keywords":"","_relevanssi_unpin_keywords":"","_relevanssi_related_keywords":"","_relevanssi_related_include_ids":"","_relevanssi_related_exclude_ids":"","_relevanssi_related_no_append":"","_relevanssi_related_not_related":"","_relevanssi_related_posts":"3412,3396,3405,3389","_relevanssi_noindex_reason":"","footnotes":""},"class_list":["post-3950","page","type-page","status-publish","has-post-thumbnail","hentry"],"acf":[],"yoast_head":"<!-- This site is optimized with the Yoast SEO plugin v27.4 - https:\/\/yoast.com\/product\/yoast-seo-wordpress\/ -->\n<title>Teknisk support - Novotek Sverige AB<\/title>\n<meta name=\"description\" content=\"Beh\u00f6ver du hj\u00e4lp med dina l\u00f6sningar eller produkter? Vi \u00e4r tillg\u00e4ngliga f\u00f6r teknisk support.\" \/>\n<meta name=\"robots\" content=\"index, follow, max-snippet:-1, max-image-preview:large, max-video-preview:-1\" \/>\n<link rel=\"canonical\" href=\"https:\/\/www.novotek.com\/se\/vi-erbjuder\/teknisk-support\/\" \/>\n<meta property=\"og:locale\" content=\"sv_SE\" \/>\n<meta property=\"og:type\" content=\"article\" \/>\n<meta property=\"og:title\" content=\"Teknisk support - Novotek Sverige AB\" \/>\n<meta property=\"og:description\" content=\"Beh\u00f6ver du hj\u00e4lp med dina l\u00f6sningar eller produkter? Vi \u00e4r tillg\u00e4ngliga f\u00f6r teknisk support.\" \/>\n<meta property=\"og:url\" content=\"https:\/\/www.novotek.com\/se\/vi-erbjuder\/teknisk-support\/\" \/>\n<meta property=\"og:site_name\" content=\"Novotek Sverige AB\" \/>\n<meta property=\"article:modified_time\" content=\"2025-05-12T12:06:14+00:00\" \/>\n<meta property=\"og:image\" content=\"https:\/\/www.novotek.com\/se\/wp-content\/uploads\/sites\/2\/Novotek_teknisksupport_duotone_1920x800-1.jpg\" \/>\n\t<meta property=\"og:image:width\" content=\"1920\" \/>\n\t<meta property=\"og:image:height\" content=\"800\" \/>\n\t<meta property=\"og:image:type\" content=\"image\/jpeg\" \/>\n<meta name=\"twitter:card\" content=\"summary_large_image\" \/>\n<meta name=\"twitter:label1\" content=\"Ber\u00e4knad l\u00e4stid\" \/>\n\t<meta name=\"twitter:data1\" content=\"2 minuter\" \/>\n<script type=\"application\/ld+json\" class=\"yoast-schema-graph\">{\"@context\":\"https:\\\/\\\/schema.org\",\"@graph\":[{\"@type\":\"WebPage\",\"@id\":\"https:\\\/\\\/www.novotek.com\\\/se\\\/vi-erbjuder\\\/teknisk-support\\\/\",\"url\":\"https:\\\/\\\/www.novotek.com\\\/se\\\/vi-erbjuder\\\/teknisk-support\\\/\",\"name\":\"Teknisk support - Novotek Sverige AB\",\"isPartOf\":{\"@id\":\"https:\\\/\\\/www.novotek.com\\\/se\\\/#website\"},\"primaryImageOfPage\":{\"@id\":\"https:\\\/\\\/www.novotek.com\\\/se\\\/vi-erbjuder\\\/teknisk-support\\\/#primaryimage\"},\"image\":{\"@id\":\"https:\\\/\\\/www.novotek.com\\\/se\\\/vi-erbjuder\\\/teknisk-support\\\/#primaryimage\"},\"thumbnailUrl\":\"https:\\\/\\\/www.novotek.com\\\/se\\\/wp-content\\\/uploads\\\/sites\\\/2\\\/Novotek_teknisksupport_duotone_1920x800-1.jpg\",\"datePublished\":\"2021-09-06T10:38:13+00:00\",\"dateModified\":\"2025-05-12T12:06:14+00:00\",\"description\":\"Beh\u00f6ver du hj\u00e4lp med dina l\u00f6sningar eller produkter? Vi \u00e4r tillg\u00e4ngliga f\u00f6r teknisk support.\",\"breadcrumb\":{\"@id\":\"https:\\\/\\\/www.novotek.com\\\/se\\\/vi-erbjuder\\\/teknisk-support\\\/#breadcrumb\"},\"inLanguage\":\"sv-SE\",\"potentialAction\":[{\"@type\":\"ReadAction\",\"target\":[\"https:\\\/\\\/www.novotek.com\\\/se\\\/vi-erbjuder\\\/teknisk-support\\\/\"]}]},{\"@type\":\"ImageObject\",\"inLanguage\":\"sv-SE\",\"@id\":\"https:\\\/\\\/www.novotek.com\\\/se\\\/vi-erbjuder\\\/teknisk-support\\\/#primaryimage\",\"url\":\"https:\\\/\\\/www.novotek.com\\\/se\\\/wp-content\\\/uploads\\\/sites\\\/2\\\/Novotek_teknisksupport_duotone_1920x800-1.jpg\",\"contentUrl\":\"https:\\\/\\\/www.novotek.com\\\/se\\\/wp-content\\\/uploads\\\/sites\\\/2\\\/Novotek_teknisksupport_duotone_1920x800-1.jpg\",\"width\":1920,\"height\":800},{\"@type\":\"BreadcrumbList\",\"@id\":\"https:\\\/\\\/www.novotek.com\\\/se\\\/vi-erbjuder\\\/teknisk-support\\\/#breadcrumb\",\"itemListElement\":[{\"@type\":\"ListItem\",\"position\":1,\"name\":\"Home\",\"item\":\"https:\\\/\\\/www.novotek.com\\\/se\\\/\"},{\"@type\":\"ListItem\",\"position\":2,\"name\":\"Vi erbjuder\",\"item\":\"https:\\\/\\\/www.novotek.com\\\/se\\\/vi-erbjuder\\\/\"},{\"@type\":\"ListItem\",\"position\":3,\"name\":\"Teknisk support\"}]},{\"@type\":\"WebSite\",\"@id\":\"https:\\\/\\\/www.novotek.com\\\/se\\\/#website\",\"url\":\"https:\\\/\\\/www.novotek.com\\\/se\\\/\",\"name\":\"Novotek Sverige AB\",\"description\":\"Connect - Digitalize - Optimize\",\"potentialAction\":[{\"@type\":\"SearchAction\",\"target\":{\"@type\":\"EntryPoint\",\"urlTemplate\":\"https:\\\/\\\/www.novotek.com\\\/se\\\/?s={search_term_string}\"},\"query-input\":{\"@type\":\"PropertyValueSpecification\",\"valueRequired\":true,\"valueName\":\"search_term_string\"}}],\"inLanguage\":\"sv-SE\"}]}<\/script>\n<!-- \/ Yoast SEO plugin. -->","yoast_head_json":{"title":"Teknisk support - Novotek Sverige AB","description":"Beh\u00f6ver du hj\u00e4lp med dina l\u00f6sningar eller produkter? Vi \u00e4r tillg\u00e4ngliga f\u00f6r teknisk support.","robots":{"index":"index","follow":"follow","max-snippet":"max-snippet:-1","max-image-preview":"max-image-preview:large","max-video-preview":"max-video-preview:-1"},"canonical":"https:\/\/www.novotek.com\/se\/vi-erbjuder\/teknisk-support\/","og_locale":"sv_SE","og_type":"article","og_title":"Teknisk support - Novotek Sverige AB","og_description":"Beh\u00f6ver du hj\u00e4lp med dina l\u00f6sningar eller produkter? Vi \u00e4r tillg\u00e4ngliga f\u00f6r teknisk support.","og_url":"https:\/\/www.novotek.com\/se\/vi-erbjuder\/teknisk-support\/","og_site_name":"Novotek Sverige AB","article_modified_time":"2025-05-12T12:06:14+00:00","og_image":[{"width":1920,"height":800,"url":"https:\/\/www.novotek.com\/se\/wp-content\/uploads\/sites\/2\/Novotek_teknisksupport_duotone_1920x800-1.jpg","type":"image\/jpeg"}],"twitter_card":"summary_large_image","twitter_misc":{"Ber\u00e4knad l\u00e4stid":"2 minuter"},"schema":{"@context":"https:\/\/schema.org","@graph":[{"@type":"WebPage","@id":"https:\/\/www.novotek.com\/se\/vi-erbjuder\/teknisk-support\/","url":"https:\/\/www.novotek.com\/se\/vi-erbjuder\/teknisk-support\/","name":"Teknisk support - Novotek Sverige AB","isPartOf":{"@id":"https:\/\/www.novotek.com\/se\/#website"},"primaryImageOfPage":{"@id":"https:\/\/www.novotek.com\/se\/vi-erbjuder\/teknisk-support\/#primaryimage"},"image":{"@id":"https:\/\/www.novotek.com\/se\/vi-erbjuder\/teknisk-support\/#primaryimage"},"thumbnailUrl":"https:\/\/www.novotek.com\/se\/wp-content\/uploads\/sites\/2\/Novotek_teknisksupport_duotone_1920x800-1.jpg","datePublished":"2021-09-06T10:38:13+00:00","dateModified":"2025-05-12T12:06:14+00:00","description":"Beh\u00f6ver du hj\u00e4lp med dina l\u00f6sningar eller produkter? Vi \u00e4r tillg\u00e4ngliga f\u00f6r teknisk support.","breadcrumb":{"@id":"https:\/\/www.novotek.com\/se\/vi-erbjuder\/teknisk-support\/#breadcrumb"},"inLanguage":"sv-SE","potentialAction":[{"@type":"ReadAction","target":["https:\/\/www.novotek.com\/se\/vi-erbjuder\/teknisk-support\/"]}]},{"@type":"ImageObject","inLanguage":"sv-SE","@id":"https:\/\/www.novotek.com\/se\/vi-erbjuder\/teknisk-support\/#primaryimage","url":"https:\/\/www.novotek.com\/se\/wp-content\/uploads\/sites\/2\/Novotek_teknisksupport_duotone_1920x800-1.jpg","contentUrl":"https:\/\/www.novotek.com\/se\/wp-content\/uploads\/sites\/2\/Novotek_teknisksupport_duotone_1920x800-1.jpg","width":1920,"height":800},{"@type":"BreadcrumbList","@id":"https:\/\/www.novotek.com\/se\/vi-erbjuder\/teknisk-support\/#breadcrumb","itemListElement":[{"@type":"ListItem","position":1,"name":"Home","item":"https:\/\/www.novotek.com\/se\/"},{"@type":"ListItem","position":2,"name":"Vi erbjuder","item":"https:\/\/www.novotek.com\/se\/vi-erbjuder\/"},{"@type":"ListItem","position":3,"name":"Teknisk support"}]},{"@type":"WebSite","@id":"https:\/\/www.novotek.com\/se\/#website","url":"https:\/\/www.novotek.com\/se\/","name":"Novotek Sverige AB","description":"Connect - Digitalize - Optimize","potentialAction":[{"@type":"SearchAction","target":{"@type":"EntryPoint","urlTemplate":"https:\/\/www.novotek.com\/se\/?s={search_term_string}"},"query-input":{"@type":"PropertyValueSpecification","valueRequired":true,"valueName":"search_term_string"}}],"inLanguage":"sv-SE"}]}},"_links":{"self":[{"href":"https:\/\/www.novotek.com\/se\/wp-json\/wp\/v2\/pages\/3950","targetHints":{"allow":["GET"]}}],"collection":[{"href":"https:\/\/www.novotek.com\/se\/wp-json\/wp\/v2\/pages"}],"about":[{"href":"https:\/\/www.novotek.com\/se\/wp-json\/wp\/v2\/types\/page"}],"author":[{"embeddable":true,"href":"https:\/\/www.novotek.com\/se\/wp-json\/wp\/v2\/users\/4"}],"replies":[{"embeddable":true,"href":"https:\/\/www.novotek.com\/se\/wp-json\/wp\/v2\/comments?post=3950"}],"version-history":[{"count":34,"href":"https:\/\/www.novotek.com\/se\/wp-json\/wp\/v2\/pages\/3950\/revisions"}],"predecessor-version":[{"id":19062,"href":"https:\/\/www.novotek.com\/se\/wp-json\/wp\/v2\/pages\/3950\/revisions\/19062"}],"up":[{"embeddable":true,"href":"https:\/\/www.novotek.com\/se\/wp-json\/wp\/v2\/pages\/740"}],"wp:featuredmedia":[{"embeddable":true,"href":"https:\/\/www.novotek.com\/se\/wp-json\/wp\/v2\/media\/3948"}],"wp:attachment":[{"href":"https:\/\/www.novotek.com\/se\/wp-json\/wp\/v2\/media?parent=3950"}],"curies":[{"name":"wp","href":"https:\/\/api.w.org\/{rel}","templated":true}]}}