{"id":4821,"date":"2021-10-05T04:32:05","date_gmt":"2021-10-05T04:32:05","guid":{"rendered":"https:\/\/www.novotek.com\/se\/?page_id=4821"},"modified":"2025-06-26T12:59:37","modified_gmt":"2025-06-26T12:59:37","slug":"customer-story-arctic-paper-grycksbo-ab","status":"publish","type":"page","link":"https:\/\/www.novotek.com\/se\/branscher\/papper-och-massa\/customer-story-arctic-paper-grycksbo-ab\/","title":{"rendered":"Customer Story Arctic Paper Grycksbo AB"},"content":{"rendered":"  <div class=\"hero\">\n    <div class=\"carousel hero-slider small\" data-flickity data-flickity-options='{\"prevNextButtons\": false}'>\n              <div class=\"carousel-cell\">\n          <div class=\"container\">\n            <div class=\"hero-content\">\n                              <h5>Referens<\/h5>\n<h1>Arctic Paper Grycksbo AB<\/h1>\n<p>Med iFIX HMI\/SCADA fick Arctic Paper ett gemensamt anv\u00e4ndargr\u00e4nssnitt och \u00f6kad pappersproduktion.<\/p>\n              \n                          <\/div>\n          <\/div>\n\n          <img decoding=\"async\" width=\"1024\" height=\"427\" src=\"https:\/\/www.novotek.com\/se\/wp-content\/uploads\/sites\/2\/Industries\/Paper\/Paper_sheets_1920x800-1024x427.jpg.webp\" class=\"hero-bg\" alt=\"Hero Img\" fetchpriority=\"high\" srcset=\"https:\/\/www.novotek.com\/se\/wp-content\/uploads\/sites\/2\/Industries\/Paper\/Paper_sheets_1920x800-1024x427.jpg.webp 1024w, https:\/\/www.novotek.com\/se\/wp-content\/uploads\/sites\/2\/Industries\/Paper\/Paper_sheets_1920x800-300x125.jpg.webp 300w, https:\/\/www.novotek.com\/se\/wp-content\/uploads\/sites\/2\/Industries\/Paper\/Paper_sheets_1920x800-768x320.jpg.webp 768w, https:\/\/www.novotek.com\/se\/wp-content\/uploads\/sites\/2\/Industries\/Paper\/Paper_sheets_1920x800-1536x640.jpg.webp 1536w, https:\/\/www.novotek.com\/se\/wp-content\/uploads\/sites\/2\/Industries\/Paper\/Paper_sheets_1920x800.jpg.webp 1920w\" sizes=\"(max-width: 1024px) 100vw, 1024px\" \/>                  <\/div>\n          <\/div>\n\n      <\/div>\n\n   <div class=\"floating-breadcrumb\"><div class=\"container\"><span><span><a href=\"https:\/\/www.novotek.com\/se\/\" class=\"breadcrumb-frontpage\">Home<\/a><\/span><\/span><\/div><\/div>\n\n\n<div class=\"quotes-parent\">\n  <div class=\"container\">\n    <div class=\"carousel quotes-carousel\">\n              <div class=\"quote-cell carousel-cell\">\n          <div class=\"container-quote\">\n            <strong>&#8221;iFIX HMI\/SCADA ger alla anv\u00e4ndare ett gemensamt gr\u00e4nssnitt f\u00f6r processen.&#8221;<\/strong>\n            <span>Arctic Paper Grycksbo AB<\/span>\n          <\/div>\n        <\/div>\n          <\/div>\n  <\/div>\n<\/div>\n\n\n<div class=\"container-md columns  \">\n<div class=\"wp-block-columns is-layout-flex wp-container-core-columns-is-layout-9d6595d7 wp-block-columns-is-layout-flex\"><div class=\"container-md column  \">\n<div class=\"wp-block-column is-layout-flow wp-block-column-is-layout-flow\"><div class=\"container-md heading  \">\n<h4 class=\"wp-block-heading\">L\u00f6sning<\/h4>\n<\/div>\n\n<div class=\"container-md list  \">\n<ul class=\"wp-block-list\" id=\"block-d063825a-443c-4258-82cf-b4957aba7416\"><li>Automationsl\u00f6sning HMI\/SCADA<\/li><li>Integration med informationssystem<\/li><li>Webbaserad \u00f6versikt<\/li><\/ul>\n<\/div>\n\n<div class=\"container-md spacer  \">\n<div style=\"height:15px\" aria-hidden=\"true\" class=\"wp-block-spacer\"><\/div>\n<\/div>\n\n<div class=\"container-md heading  \">\n<h4 class=\"wp-block-heading\">Produkter<\/h4>\n<\/div>\n\n<div class=\"container-md list  \">\n<ul class=\"wp-block-list\" id=\"block-2d4fa3a5-0225-45d9-b019-8a335f11a235\"><li><a href=\"https:\/\/www.novotek.com\/se\/losningar-och-produkter\/operatorssystem-hmi-scada\/ifix-hmi-scada\/\">iFIX HMI\/SCADA<\/a><\/li><li><a href=\"https:\/\/www.novotek.com\/se\/losningar-och-produkter\/dataloggning\/proficy-historian\/\">Proficy Historian<\/a><\/li><\/ul>\n<\/div>\n\n<div class=\"container-md spacer  \">\n<div style=\"height:15px\" aria-hidden=\"true\" class=\"wp-block-spacer\"><\/div>\n<\/div>\n\n<div class=\"container-md heading  \">\n<h4 class=\"wp-block-heading\">F\u00f6rdelar<\/h4>\n<\/div>\n\n<div class=\"container-md list  \">\n<ul class=\"wp-block-list\"><li>Gemensamt anv\u00e4ndargr\u00e4nssnitt f\u00f6r produktionsprocessen<\/li><li>Integration med befintliga DCS- och PLC-system<\/li><li>Data\u00e5tkomst med redundans<\/li><li>Integration med befintliga informationssystem<\/li><\/ul>\n<\/div><\/div>\n<\/div>\n\n<div class=\"container-md column  \">\n<div class=\"wp-block-column is-layout-flow wp-block-column-is-layout-flow\"><div class=\"container-md image  alignright\">\n<div class=\"wp-block-image\"><figure class=\"alignright size-large is-resized\"><img loading=\"lazy\" decoding=\"async\" src=\"https:\/\/www.novotek.no\/wp-content\/uploads\/sites\/5\/Bransjer\/Novotek_CheckBox.png\" alt=\"Novotek piktogram: Check.\" class=\"wp-image-1835\" width=\"190\" height=\"190\"\/><\/figure><\/div>\n<\/div><\/div>\n<\/div><\/div>\n<\/div>\n\n<div class=\"container-md spacer  \">\n<div style=\"height:30px\" aria-hidden=\"true\" class=\"wp-block-spacer\"><\/div>\n<\/div>\n\n<div class=\"container-md paragraph  \">\n<p>Under en ombyggnad f\u00f6r att f\u00f6rb\u00e4ttra pappersmaskinen i fabriken i Grycksbo beh\u00f6vde Arctic Paper en automationsl\u00f6sning som kunde integreras med deras informationssystem. Ett Proficy iFIX-system var redan kopplat till en mindre del av anl\u00e4ggningen och efter noggrann utv\u00e4rdering av olika l\u00f6sningar f\u00f6ll valet p\u00e5 att bygga ut detta.<\/p>\n<\/div>\n\n<div class=\"container-md spacer  \">\n<div style=\"height:50px\" aria-hidden=\"true\" class=\"wp-block-spacer\"><\/div>\n<\/div>\n\n  <div class=\"hero\">\n    <div class=\"carousel hero-slider small\" data-flickity data-flickity-options='{\"prevNextButtons\": false}'>\n              <div class=\"carousel-cell\">\n          <div class=\"container\">\n            <div class=\"hero-content\">\n                              <h2>Kvalitetspaper i 200 \u00e5r<\/h2>\n<p>Arctic Paper Grycksbo AB har producerat papper i Grycksbo i Dalarna sedan 1740. Med \u00f6ver 200 \u00e5rs erfarenhet fokuserar de p\u00e5 att tillverka papper i mycket h\u00f6g kvalitet, och siktar p\u00e5 att bli Europas mest milj\u00f6v\u00e4nliga pappersbruk. Varje \u00e5r produceras h\u00e4r cirka 220 000 ton papper. Tillsammans med Arctic Paper Grycksbo AB har vi tagit fram l\u00f6sningar inom automation och industriell IT.<\/p>\n              \n                          <\/div>\n          <\/div>\n\n          <img decoding=\"async\" width=\"1024\" height=\"427\" src=\"https:\/\/www.novotek.com\/se\/wp-content\/uploads\/sites\/2\/Industries\/Paper\/Dalarna_Sweden_1920x800-1024x427.jpg.webp\" class=\"hero-bg\" alt=\"Hero Img\" fetchpriority=\"high\" srcset=\"https:\/\/www.novotek.com\/se\/wp-content\/uploads\/sites\/2\/Industries\/Paper\/Dalarna_Sweden_1920x800-1024x427.jpg.webp 1024w, https:\/\/www.novotek.com\/se\/wp-content\/uploads\/sites\/2\/Industries\/Paper\/Dalarna_Sweden_1920x800-300x125.jpg.webp 300w, https:\/\/www.novotek.com\/se\/wp-content\/uploads\/sites\/2\/Industries\/Paper\/Dalarna_Sweden_1920x800-768x320.jpg.webp 768w, https:\/\/www.novotek.com\/se\/wp-content\/uploads\/sites\/2\/Industries\/Paper\/Dalarna_Sweden_1920x800-1536x640.jpg.webp 1536w, https:\/\/www.novotek.com\/se\/wp-content\/uploads\/sites\/2\/Industries\/Paper\/Dalarna_Sweden_1920x800.jpg.webp 1920w\" sizes=\"(max-width: 1024px) 100vw, 1024px\" \/>                  <\/div>\n          <\/div>\n\n      <\/div>\n\n   \n\n\n<div class=\"container-md heading  \">\n<h2 class=\"wp-block-heading\">B\u00e4ttre anv\u00e4ndargr\u00e4nssnitt<\/h2>\n<\/div>\n\n<div class=\"container-md paragraph  \">\n<p>Arctic Papers huvudfokus f\u00f6r implementeringen av Proficy iFIX var f\u00f6r dess anv\u00e4ndargr\u00e4nssnittet.<\/p>\n<\/div>\n\n<div class=\"container-md paragraph  \">\n<p>De la stor vikt vid operat\u00f6rernas arbetsmilj\u00f6 g\u00e4llande \u00f6vervakning och kontroll och med Proficy iFIX f\u00e5r alla ett gemensamt anv\u00e4ndargr\u00e4nssnitt f\u00f6r att visualisera produktionsprocessen.<\/p>\n<\/div>\n\n<div class=\"container-md paragraph  \">\n<p>Arctic Papers fabrik i Grycksbo hade flera olika DCS-modeller och styrsystem fr\u00e5n olika leverant\u00f6rer. Genom att anv\u00e4nda befintlig styrutrustning f\u00f6r att kommunicera med h\u00f6ghastighetsbusssystem kunde optimal styrning och \u00f6vervakning av systemet uppn\u00e5s. Dessutom implementerades redundanta serverl\u00f6sningar, &#8211; beroende p\u00e5 Arctic Papers specifikationer och behov. Resultatet blev b\u00e4ttre \u00f6verblick och enklare hantering och konfigurering.<\/p>\n<\/div>\n\n<div class=\"container media-text  \">\n<div class=\"wp-block-media-text alignwide is-stacked-on-mobile\"><figure class=\"wp-block-media-text__media\"><img loading=\"lazy\" decoding=\"async\" width=\"800\" height=\"838\" src=\"https:\/\/www.novotek.com\/se\/wp-content\/uploads\/sites\/2\/sites\/2\/Industries\/Paper\/Ark_duotone.jpg\" alt=\"\" class=\"wp-image-6045 size-full\" srcset=\"https:\/\/www.novotek.com\/se\/wp-content\/uploads\/sites\/2\/Industries\/Paper\/Ark_duotone.jpg 800w, https:\/\/www.novotek.com\/se\/wp-content\/uploads\/sites\/2\/Industries\/Paper\/Ark_duotone-286x300.jpg 286w, https:\/\/www.novotek.com\/se\/wp-content\/uploads\/sites\/2\/Industries\/Paper\/Ark_duotone-768x804.jpg 768w\" sizes=\"auto, (max-width: 800px) 100vw, 800px\" \/><\/figure><div class=\"wp-block-media-text__content\"><div class=\"container-md heading  \">\n<h2 class=\"wp-block-heading\">Integration med existerande system<\/h2>\n<\/div>\n\n<div class=\"container-md paragraph  \">\n<p>N\u00e4sta steg i processen var att f\u00f6rb\u00e4ttra kommunikationen till det befintliga informationssystemet WinMOPS. Med Siemens Teleperm M OPC Server Gateway \u00f6verf\u00f6rs kommunikationen fr\u00e5n det seriella gr\u00e4nssnittet till Teleperms CS275. Detta ger produktionspersonal tillg\u00e5ng till kvalitetss\u00e4krad realtidsdata, vilket g\u00f6r att de kan g\u00f6ra b\u00e4ttre och snabbare val.<\/p>\n<\/div>\n\n<div class=\"container-md paragraph  \">\n<p>Systemchefen f\u00f6r Proficy iFIX i Arcitc Paper, \u00e4r s\u00e4rskilt n\u00f6jd med hur l\u00f6sningen kan integreras med fabrikens befintliga system.<\/p>\n<\/div>\n\n<div class=\"container-md paragraph  \">\n<p>Eftersom Proficy iFIX m\u00f6jligg\u00f6r en gradvis f\u00f6rnyelse kan vi dra ut det mesta av v\u00e5ra befintliga styrsystem, s\u00e4ger han.<\/p>\n<\/div>\n\n<div class=\"container-md spacer  \">\n<div style=\"height:20px\" aria-hidden=\"true\" class=\"wp-block-spacer\"><\/div>\n<\/div>\n\n<div class=\"container-md heading  \">\n<h2 class=\"wp-block-heading\">\u00d6kad pappersproduktion<\/h2>\n<\/div>\n\n<div class=\"container-md paragraph  \">\n<p>Med utbyggnaden av Proficy iFIX, tillsammans med f\u00f6rnyelsen av pappersmaskinen, har produktionen vid Arctic Paper i Grycksbo \u00f6kat fr\u00e5n 830 meter till 1100 meter pappersproduktion per minut.<\/p>\n<\/div>\n\n<div class=\"container-md paragraph  \">\n<p>Operat\u00f6rerna har nu ett modernt Windows-baserat system som distribuerar bearbetad data till informationssystem, b\u00e5de snabbt och s\u00e4kert. Personalen kan g\u00f6ra omedelbara val baserat p\u00e5 data och information i realtid, vilket s\u00e4kerst\u00e4ller en kontinuerlig optimering av produktionen.<\/p>\n<\/div><\/div><\/div>\n<\/div>\n\n<div class=\"container-md spacer  \">\n<div style=\"height:50px\" aria-hidden=\"true\" class=\"wp-block-spacer\"><\/div>\n<\/div>\n\n  <div class=\"slider-column-parent\">\n    <div class=\"container\">\n      <div class=\"slider-column-title\">L\u00e4s mer om l\u00f6sningarna<\/div>\n\n      <div class=\"row\">\n        <div class=\"col-12 col-md-4\"><div class=\"column-box\">\n  \n      <div class=\"title\">\n      iFIX HMI\/SCADA    <\/div>\n  \n      <div class=\"text\">\n      <p>Den mest kompletta HMI\/SCADA-l\u00f6sningen p\u00e5 marknaden.<\/p>\n    <\/div>\n  \n      <a class=\"link\"  href=\"https:\/\/www.novotek.se\/losningar-och-produkter\/operatorssystem-hmi-scada\/ifix-hmi-scada\/\" target=\"\">\n      L\u00e4s mer    <\/a>\n  \n  <\/div>\n\n<\/div><div class=\"col-12 col-md-4\"><div class=\"column-box\">\n  \n      <div class=\"title\">\n      Proficy Historian    <\/div>\n  \n      <div class=\"text\">\n      <p>Marknadens mest kraftfulla processdatabas, utvecklad f\u00f6r att hantera produktionsdata.<\/p>\n    <\/div>\n  \n      <a class=\"link\"  href=\"https:\/\/www.novotek.se\/losningar-och-produkter\/dataloggning\/proficy-historian\/\" target=\"\">\n      L\u00e4s mer    <\/a>\n  \n  <\/div>\n\n<\/div>      <\/div>\n    <\/div>\n  <\/div>\n","protected":false},"excerpt":{"rendered":"<p>Med iFIX HMI\/SCADA fick Arctic Paper ett gemensamt anv\u00e4ndargr\u00e4nssnitt och \u00f6kad pappersproduktion.<\/p>\n","protected":false},"author":4,"featured_media":0,"parent":846,"menu_order":0,"comment_status":"closed","ping_status":"closed","template":"","meta":{"_acf_changed":false,"_relevanssi_hide_post":"","_relevanssi_pin_for_all":"","_relevanssi_pin_keywords":"","_relevanssi_unpin_keywords":"","_relevanssi_related_keywords":"","_relevanssi_related_include_ids":"","_relevanssi_related_exclude_ids":"","_relevanssi_related_no_append":"","_relevanssi_related_not_related":"","_relevanssi_related_posts":"5883,5343,4463,5315,4691,4996","_relevanssi_noindex_reason":"","footnotes":""},"class_list":["post-4821","page","type-page","status-publish","hentry"],"acf":[],"yoast_head":"<!-- This site is optimized with the Yoast SEO plugin v27.4 - https:\/\/yoast.com\/product\/yoast-seo-wordpress\/ -->\n<title>Customer Story Arctic Paper Grycksbo AB - Novotek Sverige AB<\/title>\n<meta name=\"description\" content=\"Med iFIX HMI\/SCADA fr\u00e5n GE Vernova fick Arctic Paper ett gemensamt anv\u00e4ndargr\u00e4nssnitt och \u00f6kad pappersproduktion.\" \/>\n<meta name=\"robots\" content=\"index, follow, max-snippet:-1, max-image-preview:large, max-video-preview:-1\" \/>\n<link rel=\"canonical\" href=\"https:\/\/www.novotek.com\/se\/branscher\/papper-och-massa\/customer-story-arctic-paper-grycksbo-ab\/\" \/>\n<meta property=\"og:locale\" content=\"sv_SE\" \/>\n<meta property=\"og:type\" content=\"article\" \/>\n<meta property=\"og:title\" content=\"Customer Story Arctic Paper Grycksbo AB - Novotek Sverige AB\" \/>\n<meta property=\"og:description\" content=\"Med iFIX HMI\/SCADA fr\u00e5n GE Vernova fick Arctic Paper ett gemensamt anv\u00e4ndargr\u00e4nssnitt och \u00f6kad pappersproduktion.\" \/>\n<meta property=\"og:url\" content=\"https:\/\/www.novotek.com\/se\/branscher\/papper-och-massa\/customer-story-arctic-paper-grycksbo-ab\/\" \/>\n<meta property=\"og:site_name\" content=\"Novotek Sverige AB\" \/>\n<meta property=\"article:modified_time\" content=\"2025-06-26T12:59:37+00:00\" \/>\n<meta property=\"og:image\" content=\"https:\/\/www.novotek.no\/wp-content\/uploads\/sites\/5\/Bransjer\/Novotek_CheckBox.png\" \/>\n<meta name=\"twitter:card\" content=\"summary_large_image\" \/>\n<meta name=\"twitter:label1\" content=\"Ber\u00e4knad l\u00e4stid\" \/>\n\t<meta name=\"twitter:data1\" content=\"2 minuter\" \/>\n<script type=\"application\/ld+json\" class=\"yoast-schema-graph\">{\"@context\":\"https:\\\/\\\/schema.org\",\"@graph\":[{\"@type\":\"WebPage\",\"@id\":\"https:\\\/\\\/www.novotek.com\\\/se\\\/branscher\\\/papper-och-massa\\\/customer-story-arctic-paper-grycksbo-ab\\\/\",\"url\":\"https:\\\/\\\/www.novotek.com\\\/se\\\/branscher\\\/papper-och-massa\\\/customer-story-arctic-paper-grycksbo-ab\\\/\",\"name\":\"Customer Story Arctic Paper Grycksbo AB - Novotek Sverige AB\",\"isPartOf\":{\"@id\":\"https:\\\/\\\/www.novotek.com\\\/se\\\/#website\"},\"primaryImageOfPage\":{\"@id\":\"https:\\\/\\\/www.novotek.com\\\/se\\\/branscher\\\/papper-och-massa\\\/customer-story-arctic-paper-grycksbo-ab\\\/#primaryimage\"},\"image\":{\"@id\":\"https:\\\/\\\/www.novotek.com\\\/se\\\/branscher\\\/papper-och-massa\\\/customer-story-arctic-paper-grycksbo-ab\\\/#primaryimage\"},\"thumbnailUrl\":\"https:\\\/\\\/www.novotek.no\\\/wp-content\\\/uploads\\\/sites\\\/5\\\/Bransjer\\\/Novotek_CheckBox.png\",\"datePublished\":\"2021-10-05T04:32:05+00:00\",\"dateModified\":\"2025-06-26T12:59:37+00:00\",\"description\":\"Med iFIX HMI\\\/SCADA fr\u00e5n GE Vernova fick Arctic Paper ett gemensamt anv\u00e4ndargr\u00e4nssnitt och \u00f6kad pappersproduktion.\",\"breadcrumb\":{\"@id\":\"https:\\\/\\\/www.novotek.com\\\/se\\\/branscher\\\/papper-och-massa\\\/customer-story-arctic-paper-grycksbo-ab\\\/#breadcrumb\"},\"inLanguage\":\"sv-SE\",\"potentialAction\":[{\"@type\":\"ReadAction\",\"target\":[\"https:\\\/\\\/www.novotek.com\\\/se\\\/branscher\\\/papper-och-massa\\\/customer-story-arctic-paper-grycksbo-ab\\\/\"]}]},{\"@type\":\"ImageObject\",\"inLanguage\":\"sv-SE\",\"@id\":\"https:\\\/\\\/www.novotek.com\\\/se\\\/branscher\\\/papper-och-massa\\\/customer-story-arctic-paper-grycksbo-ab\\\/#primaryimage\",\"url\":\"https:\\\/\\\/www.novotek.no\\\/wp-content\\\/uploads\\\/sites\\\/5\\\/Bransjer\\\/Novotek_CheckBox.png\",\"contentUrl\":\"https:\\\/\\\/www.novotek.no\\\/wp-content\\\/uploads\\\/sites\\\/5\\\/Bransjer\\\/Novotek_CheckBox.png\"},{\"@type\":\"BreadcrumbList\",\"@id\":\"https:\\\/\\\/www.novotek.com\\\/se\\\/branscher\\\/papper-och-massa\\\/customer-story-arctic-paper-grycksbo-ab\\\/#breadcrumb\",\"itemListElement\":[{\"@type\":\"ListItem\",\"position\":1,\"name\":\"Home\",\"item\":\"https:\\\/\\\/www.novotek.com\\\/se\\\/\"},{\"@type\":\"ListItem\",\"position\":2,\"name\":\"Branscher\",\"item\":\"https:\\\/\\\/www.novotek.com\\\/se\\\/branscher\\\/\"},{\"@type\":\"ListItem\",\"position\":3,\"name\":\"Papper och massa\",\"item\":\"https:\\\/\\\/www.novotek.com\\\/se\\\/branscher\\\/papper-och-massa\\\/\"},{\"@type\":\"ListItem\",\"position\":4,\"name\":\"Customer Story Arctic Paper Grycksbo AB\"}]},{\"@type\":\"WebSite\",\"@id\":\"https:\\\/\\\/www.novotek.com\\\/se\\\/#website\",\"url\":\"https:\\\/\\\/www.novotek.com\\\/se\\\/\",\"name\":\"Novotek Sverige AB\",\"description\":\"Connect - Digitalize - Optimize\",\"potentialAction\":[{\"@type\":\"SearchAction\",\"target\":{\"@type\":\"EntryPoint\",\"urlTemplate\":\"https:\\\/\\\/www.novotek.com\\\/se\\\/?s={search_term_string}\"},\"query-input\":{\"@type\":\"PropertyValueSpecification\",\"valueRequired\":true,\"valueName\":\"search_term_string\"}}],\"inLanguage\":\"sv-SE\"}]}<\/script>\n<!-- \/ Yoast SEO plugin. -->","yoast_head_json":{"title":"Customer Story Arctic Paper Grycksbo AB - Novotek Sverige AB","description":"Med iFIX HMI\/SCADA fr\u00e5n GE Vernova fick Arctic Paper ett gemensamt anv\u00e4ndargr\u00e4nssnitt och \u00f6kad pappersproduktion.","robots":{"index":"index","follow":"follow","max-snippet":"max-snippet:-1","max-image-preview":"max-image-preview:large","max-video-preview":"max-video-preview:-1"},"canonical":"https:\/\/www.novotek.com\/se\/branscher\/papper-och-massa\/customer-story-arctic-paper-grycksbo-ab\/","og_locale":"sv_SE","og_type":"article","og_title":"Customer Story Arctic Paper Grycksbo AB - Novotek Sverige AB","og_description":"Med iFIX HMI\/SCADA fr\u00e5n GE Vernova fick Arctic Paper ett gemensamt anv\u00e4ndargr\u00e4nssnitt och \u00f6kad pappersproduktion.","og_url":"https:\/\/www.novotek.com\/se\/branscher\/papper-och-massa\/customer-story-arctic-paper-grycksbo-ab\/","og_site_name":"Novotek Sverige AB","article_modified_time":"2025-06-26T12:59:37+00:00","og_image":[{"url":"https:\/\/www.novotek.no\/wp-content\/uploads\/sites\/5\/Bransjer\/Novotek_CheckBox.png","type":"","width":"","height":""}],"twitter_card":"summary_large_image","twitter_misc":{"Ber\u00e4knad l\u00e4stid":"2 minuter"},"schema":{"@context":"https:\/\/schema.org","@graph":[{"@type":"WebPage","@id":"https:\/\/www.novotek.com\/se\/branscher\/papper-och-massa\/customer-story-arctic-paper-grycksbo-ab\/","url":"https:\/\/www.novotek.com\/se\/branscher\/papper-och-massa\/customer-story-arctic-paper-grycksbo-ab\/","name":"Customer Story Arctic Paper Grycksbo AB - Novotek Sverige AB","isPartOf":{"@id":"https:\/\/www.novotek.com\/se\/#website"},"primaryImageOfPage":{"@id":"https:\/\/www.novotek.com\/se\/branscher\/papper-och-massa\/customer-story-arctic-paper-grycksbo-ab\/#primaryimage"},"image":{"@id":"https:\/\/www.novotek.com\/se\/branscher\/papper-och-massa\/customer-story-arctic-paper-grycksbo-ab\/#primaryimage"},"thumbnailUrl":"https:\/\/www.novotek.no\/wp-content\/uploads\/sites\/5\/Bransjer\/Novotek_CheckBox.png","datePublished":"2021-10-05T04:32:05+00:00","dateModified":"2025-06-26T12:59:37+00:00","description":"Med iFIX HMI\/SCADA fr\u00e5n GE Vernova fick Arctic Paper ett gemensamt anv\u00e4ndargr\u00e4nssnitt och \u00f6kad pappersproduktion.","breadcrumb":{"@id":"https:\/\/www.novotek.com\/se\/branscher\/papper-och-massa\/customer-story-arctic-paper-grycksbo-ab\/#breadcrumb"},"inLanguage":"sv-SE","potentialAction":[{"@type":"ReadAction","target":["https:\/\/www.novotek.com\/se\/branscher\/papper-och-massa\/customer-story-arctic-paper-grycksbo-ab\/"]}]},{"@type":"ImageObject","inLanguage":"sv-SE","@id":"https:\/\/www.novotek.com\/se\/branscher\/papper-och-massa\/customer-story-arctic-paper-grycksbo-ab\/#primaryimage","url":"https:\/\/www.novotek.no\/wp-content\/uploads\/sites\/5\/Bransjer\/Novotek_CheckBox.png","contentUrl":"https:\/\/www.novotek.no\/wp-content\/uploads\/sites\/5\/Bransjer\/Novotek_CheckBox.png"},{"@type":"BreadcrumbList","@id":"https:\/\/www.novotek.com\/se\/branscher\/papper-och-massa\/customer-story-arctic-paper-grycksbo-ab\/#breadcrumb","itemListElement":[{"@type":"ListItem","position":1,"name":"Home","item":"https:\/\/www.novotek.com\/se\/"},{"@type":"ListItem","position":2,"name":"Branscher","item":"https:\/\/www.novotek.com\/se\/branscher\/"},{"@type":"ListItem","position":3,"name":"Papper och massa","item":"https:\/\/www.novotek.com\/se\/branscher\/papper-och-massa\/"},{"@type":"ListItem","position":4,"name":"Customer Story Arctic Paper Grycksbo AB"}]},{"@type":"WebSite","@id":"https:\/\/www.novotek.com\/se\/#website","url":"https:\/\/www.novotek.com\/se\/","name":"Novotek Sverige AB","description":"Connect - Digitalize - Optimize","potentialAction":[{"@type":"SearchAction","target":{"@type":"EntryPoint","urlTemplate":"https:\/\/www.novotek.com\/se\/?s={search_term_string}"},"query-input":{"@type":"PropertyValueSpecification","valueRequired":true,"valueName":"search_term_string"}}],"inLanguage":"sv-SE"}]}},"_links":{"self":[{"href":"https:\/\/www.novotek.com\/se\/wp-json\/wp\/v2\/pages\/4821","targetHints":{"allow":["GET"]}}],"collection":[{"href":"https:\/\/www.novotek.com\/se\/wp-json\/wp\/v2\/pages"}],"about":[{"href":"https:\/\/www.novotek.com\/se\/wp-json\/wp\/v2\/types\/page"}],"author":[{"embeddable":true,"href":"https:\/\/www.novotek.com\/se\/wp-json\/wp\/v2\/users\/4"}],"replies":[{"embeddable":true,"href":"https:\/\/www.novotek.com\/se\/wp-json\/wp\/v2\/comments?post=4821"}],"version-history":[{"count":11,"href":"https:\/\/www.novotek.com\/se\/wp-json\/wp\/v2\/pages\/4821\/revisions"}],"predecessor-version":[{"id":19332,"href":"https:\/\/www.novotek.com\/se\/wp-json\/wp\/v2\/pages\/4821\/revisions\/19332"}],"up":[{"embeddable":true,"href":"https:\/\/www.novotek.com\/se\/wp-json\/wp\/v2\/pages\/846"}],"wp:attachment":[{"href":"https:\/\/www.novotek.com\/se\/wp-json\/wp\/v2\/media?parent=4821"}],"curies":[{"name":"wp","href":"https:\/\/api.w.org\/{rel}","templated":true}]}}