{"id":5329,"date":"2021-11-08T08:50:05","date_gmt":"2021-11-08T08:50:05","guid":{"rendered":"https:\/\/www.novotek.com\/se\/?page_id=5329"},"modified":"2025-06-30T11:07:44","modified_gmt":"2025-06-30T11:07:44","slug":"vatten-och-avlopp","status":"publish","type":"page","link":"https:\/\/www.novotek.com\/se\/branscher\/vatten-och-avlopp\/","title":{"rendered":"Vatten och Avlopp"},"content":{"rendered":"  <div class=\"hero\">\n    <div class=\"carousel hero-slider small\" data-flickity data-flickity-options='{\"prevNextButtons\": false}'>\n              <div class=\"carousel-cell\">\n          <div class=\"container\">\n            <div class=\"hero-content\">\n                              <h1>Vatten och avlopp<\/h1>\n<p>Vatten och avlopp (VA) \u00e4r ett av de segment som finns representerat i alla v\u00e5ra l\u00e4nder. Vi levererar produkter och l\u00f6sningar inom omr\u00e5det tillsammans med v\u00e5ra partners. Genom att digitalisera er anl\u00e4ggning uppn\u00e5r ni en flexibel och framtids\u00e4ker l\u00f6sning d\u00e4r ni tar h\u00e4nsyn till kraven p\u00e5 h\u00e5llbarhet och cirkul\u00e4r ekonomi.<\/p>\n              \n                          <\/div>\n          <\/div>\n\n          <img decoding=\"async\" width=\"1024\" height=\"427\" src=\"https:\/\/www.novotek.com\/se\/wp-content\/uploads\/sites\/2\/Industries\/Water_Waste\/Water_and_wastewater_1920x800_NEW-1024x427.jpg\" class=\"hero-bg\" alt=\"Hero Img\" fetchpriority=\"high\" srcset=\"https:\/\/www.novotek.com\/se\/wp-content\/uploads\/sites\/2\/Industries\/Water_Waste\/Water_and_wastewater_1920x800_NEW-1024x427.jpg 1024w, https:\/\/www.novotek.com\/se\/wp-content\/uploads\/sites\/2\/Industries\/Water_Waste\/Water_and_wastewater_1920x800_NEW-300x125.jpg 300w, https:\/\/www.novotek.com\/se\/wp-content\/uploads\/sites\/2\/Industries\/Water_Waste\/Water_and_wastewater_1920x800_NEW-768x320.jpg 768w, https:\/\/www.novotek.com\/se\/wp-content\/uploads\/sites\/2\/Industries\/Water_Waste\/Water_and_wastewater_1920x800_NEW-1536x640.jpg 1536w, https:\/\/www.novotek.com\/se\/wp-content\/uploads\/sites\/2\/Industries\/Water_Waste\/Water_and_wastewater_1920x800_NEW.jpg 1920w\" sizes=\"(max-width: 1024px) 100vw, 1024px\" \/>                  <\/div>\n          <\/div>\n\n      <\/div>\n\n   <div class=\"floating-breadcrumb\"><div class=\"container\"><span><span><a href=\"https:\/\/www.novotek.com\/se\/\" class=\"breadcrumb-frontpage\">Home<\/a><\/span><\/span><\/div><\/div>\n\n\n<div class=\"container-md heading  \">\n<h2 class=\"wp-block-heading\" id=\"h-operatorssystem-for-vatten-och-reningsverk\">Operat\u00f6rssystem f\u00f6r vatten- och reningsverk<\/h2>\n<\/div>\n\n<div class=\"container-md paragraph  \">\n<p><a href=\"https:\/\/www.novotek.com\/se\/losningar-och-produkter\/operatorssystem-hmi-scada\/ifix-hmi-scada\/\"><strong>iFIX HMI\/SCADA<\/strong><\/a> ett av de vanligaste SCADA\/operat\u00f6rssystemen som finns p\u00e5 vattenverk och reningsverk. Viktiga egenskaper som kr\u00e4vs av ett modernt operat\u00f6rssystem \u00e4r bl.a. flexibel kommunikation via Ethernet, RS232\/RS422\/RS485, radio, GSM m.m. H\u00e4r har vi varit med och utvecklat m\u00e5nga typer av protokoll f\u00f6r bl.a. uppringd kommunikation mot pumpstationer, tryckstegringsstationer och vattentorn.<\/p>\n<\/div>\n\n<div class=\"container-md paragraph  \">\n<p>Operat\u00f6rssystemet iFIX har kommunikation mot de flesta typer av pumpstationsstyrningar som ABB OP45, Flygt AquaCom (MACTEC), Swedmeter Called Comli Driver och m\u00e5nga andra typer.<\/p>\n<\/div>\n\n<div class=\"container-md spacer  \">\n<div style=\"height:100px\" aria-hidden=\"true\" class=\"wp-block-spacer\"><\/div>\n<\/div>\n\n<div class=\"container media-text  align\">\n<div class=\"wp-block-media-text has-media-on-the-right is-stacked-on-mobile\"><div class=\"wp-block-media-text__content\"><div class=\"container-md heading  \">\n<h3 class=\"wp-block-heading\" id=\"h-larmhantering\">Larmhantering<\/h3>\n<\/div>\n\n<div class=\"container-md paragraph  \">\n<p>Operat\u00f6rssystemet har avancerad larmhantering d\u00e4r larm fr\u00e5n b\u00e5de centrala anl\u00e4ggningar och yttre anl\u00e4ggningar s\u00e5 som pumpstationer, vattentorn, tryckstegringsstationer m.m. samlas in, lagras och presenteras i operat\u00f6rssystemets larmlista. Larmen kan grupperas i olika larmareor och med olika larmprioriteter allt beroende p\u00e5 hur kritiska larmen \u00e4r. N\u00e4r ett larm uppkommer kan man skicka ut larmmeddelande via operat\u00f6rssystemets till\u00e4ggsmodul messenger till mobiltelefoner, e-post, minicall etc. Man kan \u00e4ven kvittera larm fr\u00e5n operat\u00f6rssystemet via en app (SmartDirect) f\u00f6r Android och IOS.<br>Fr\u00e5n mobiltelefonen kan man \u00e4ven styra signaler i operat\u00f6rssystemet.<\/p>\n<\/div>\n\n<div class=\"container-md paragraph  \">\n<p>F\u00f6r att f\u00e5 att f\u00e5 en bra \u00f6verblick \u00f6ver sina larm finns \u00e4ven en larmanalysmodul som kan integreras i operat\u00f6rssystemets processbilder d\u00e4r man kan sortera och filtrera larm beroende p\u00e5 larmarea, prioritet m.m. Man kan \u00e4ven enkelt se hur m\u00e5nga g\u00e5nger en signal varit i larmtillst\u00e5nd samt hur l\u00e5ng varaktighet den haft under en vald tidsperiod.<\/p>\n<\/div><\/div><figure class=\"wp-block-media-text__media\"><img loading=\"lazy\" decoding=\"async\" width=\"1024\" height=\"638\" src=\"https:\/\/www.novotek.com\/se\/wp-content\/uploads\/sites\/2\/Products_and_Solutions\/Products\/Proficy_HMI-SCADA_iFIX\/iFIX_alarm_mockup-1-1024x638.png\" alt=\"iFIX HMI\/SCADA alarmhantering\" class=\"wp-image-10862 size-full\" srcset=\"https:\/\/www.novotek.com\/se\/wp-content\/uploads\/sites\/2\/Products_and_Solutions\/Products\/Proficy_HMI-SCADA_iFIX\/iFIX_alarm_mockup-1-1024x638.png 1024w, https:\/\/www.novotek.com\/se\/wp-content\/uploads\/sites\/2\/Products_and_Solutions\/Products\/Proficy_HMI-SCADA_iFIX\/iFIX_alarm_mockup-1-300x187.png 300w, https:\/\/www.novotek.com\/se\/wp-content\/uploads\/sites\/2\/Products_and_Solutions\/Products\/Proficy_HMI-SCADA_iFIX\/iFIX_alarm_mockup-1-768x478.png 768w, https:\/\/www.novotek.com\/se\/wp-content\/uploads\/sites\/2\/Products_and_Solutions\/Products\/Proficy_HMI-SCADA_iFIX\/iFIX_alarm_mockup-1.png 1500w\" sizes=\"auto, (max-width: 1024px) 100vw, 1024px\" \/><\/figure><\/div>\n<\/div>\n\n<div class=\"container media-text  align\">\n<div class=\"wp-block-media-text is-stacked-on-mobile\"><figure class=\"wp-block-media-text__media\"><img loading=\"lazy\" decoding=\"async\" width=\"691\" height=\"506\" src=\"https:\/\/www.novotek.com\/se\/wp-content\/uploads\/sites\/2\/sites\/2\/Industries\/Water_Waste\/Novotek_Report_Plus.png\" alt=\"\" class=\"wp-image-4855 size-full\" srcset=\"https:\/\/www.novotek.com\/se\/wp-content\/uploads\/sites\/2\/Industries\/Water_Waste\/Novotek_Report_Plus.png 691w, https:\/\/www.novotek.com\/se\/wp-content\/uploads\/sites\/2\/Industries\/Water_Waste\/Novotek_Report_Plus-300x220.png 300w\" sizes=\"auto, (max-width: 691px) 100vw, 691px\" \/><\/figure><div class=\"wp-block-media-text__content\"><div class=\"container-md heading  \">\n<h3 class=\"wp-block-heading\" id=\"h-rapportering\">Rapportering<\/h3>\n<\/div>\n\n<div class=\"container-md paragraph  \">\n<p>En annan kritisk del f\u00f6r vattenverk och avloppsreningsverk \u00e4r rapportering. Med Novoteks programvara <a href=\"https:\/\/www.novotek.com\/se\/losningar-och-produkter\/rapportering-och-business-intelligence\/novotek-report-plus\/\"><strong>Report Plus<\/strong><\/a> finns ett mycket kraftfullt rapportverktyg d\u00e4r man utifr\u00e5n olika mallar enkelt kan bygga sina olika rapporter. En j\u00e4ttestor f\u00f6rdel \u00e4r att man kan anv\u00e4nda en och samma rapportmall f\u00f6r olika perioder som dygn, vecka, m\u00e5nad, kvartal och \u00e5rsrapport.<\/p>\n<\/div>\n\n<div class=\"container-md paragraph  \">\n<p>Detta inneb\u00e4r att med en rapport kan man f\u00e5 ut rapporter f\u00f6r vilket tidsintervall som helst. Detta underl\u00e4ttar \u00e4ven l\u00f6pande underh\u00e5ll av de olika rapportmallarna som finns i systemet.<\/p>\n<\/div><\/div><\/div>\n<\/div>\n\n<div class=\"container-md spacer  \">\n<div style=\"height:100px\" aria-hidden=\"true\" class=\"wp-block-spacer\"><\/div>\n<\/div>\n\n  <div class=\"hero\">\n    <div class=\"carousel hero-slider small\" data-flickity data-flickity-options='{\"prevNextButtons\": false}'>\n              <div class=\"carousel-cell\">\n          <div class=\"container\">\n            <div class=\"hero-content\">\n                              <h5>Referens<\/h5>\n<h2>Arendal kommun<\/h2>\n<p>Arendal kommun anv\u00e4nder produkterna iFIX HMI\/SCADA, Proficy Historian och IDUS f\u00f6r driftskontroll och \u00f6versikt f\u00f6r verksamheten.<\/p>\n              \n                              <a class=\"btn btn-primary\" href=\"https:\/\/www.novotek.com\/se\/branscher\/vatten-och-avlopp\/customer-story-arendal-kommun\/\">\n                  L\u00e4s mer                <\/a>\n                          <\/div>\n          <\/div>\n\n          <img decoding=\"async\" width=\"1024\" height=\"426\" src=\"https:\/\/www.novotek.com\/se\/wp-content\/uploads\/sites\/2\/Industries\/Water_Waste\/Reference_Water_and_wastewater_Arendal_kommun-1024x426.png\" class=\"hero-bg\" alt=\"Hero Img\" fetchpriority=\"high\" srcset=\"https:\/\/www.novotek.com\/se\/wp-content\/uploads\/sites\/2\/Industries\/Water_Waste\/Reference_Water_and_wastewater_Arendal_kommun-1024x426.png 1024w, https:\/\/www.novotek.com\/se\/wp-content\/uploads\/sites\/2\/Industries\/Water_Waste\/Reference_Water_and_wastewater_Arendal_kommun-300x125.png 300w, https:\/\/www.novotek.com\/se\/wp-content\/uploads\/sites\/2\/Industries\/Water_Waste\/Reference_Water_and_wastewater_Arendal_kommun-768x320.png 768w, https:\/\/www.novotek.com\/se\/wp-content\/uploads\/sites\/2\/Industries\/Water_Waste\/Reference_Water_and_wastewater_Arendal_kommun.png 1280w\" sizes=\"(max-width: 1024px) 100vw, 1024px\" \/>                  <\/div>\n          <\/div>\n\n      <\/div>\n\n   \n\n\n<div class=\"container-md heading  \">\n<h3 class=\"wp-block-heading\" id=\"h-flexibel-operatorsmiljo\">Flexibel operat\u00f6rsmilj\u00f6<\/h3>\n<\/div>\n\n<div class=\"container-md paragraph  \">\n<p><a href=\"https:\/\/www.novotek.com\/se\/losningar-och-produkter\/operatorssystem-hmi-scada\/ifix-hmi-scada\/\"><strong>iFIX HMI\/SCADA<\/strong><\/a> operat\u00f6rsmilj\u00f6 har n\u00e4stan obegr\u00e4nsade m\u00f6jligheter. Operat\u00f6rssystemet kan k\u00f6ras som tjocka klienter (iClient) installerade p\u00e5 en standard PC datorer eller som tunna terminalserver klienter (iClient TS) eller som Webklienter (WebSpace) i en Internet Explorer. Vill man vara mobil kan man styra och \u00f6vervaka sitt vattenverk\/reningsverk Via IPAD eller Androidplatta (Proficy SCADA). Man kan anv\u00e4nda en eller flera datorer och en eller flera bildsk\u00e4rmar i sin operat\u00f6rsmilj\u00f6. F\u00f6r att enkelt kunna bygga upp sin operat\u00f6rsmilj\u00f6 finns en f\u00e4rdig bildstruktur samt ett f\u00e4rdigt objektbibliotek med bl.a. motorer, pumpar, on\/off ventiler, reglerventiler, regulatorer, fl\u00e4ktar etc.<\/p>\n<\/div>\n\n<div class=\"container-md paragraph  \">\n<p>I operat\u00f6rssystemet Proficy iFIX sker all konfigurering online vilket inneb\u00e4r att man inte beh\u00f6ver bygga redundanta l\u00f6sningar eller st\u00e4nga ner systemet vid f\u00f6r\u00e4ndringar utan man har hela tiden h\u00e5lla koll p\u00e5 sin anl\u00e4ggning utan avbrott.<\/p>\n<\/div>\n\n<div class=\"container-md spacer  \">\n<div style=\"height:90px\" aria-hidden=\"true\" class=\"wp-block-spacer\"><\/div>\n<\/div>\n\n<div class=\"split-column\">\n  <div class=\"container\">\n    <div class=\"row\">\n      <div class=\"col-12 col-md-6\">\n        <h3>\u00d6versikt och enkelhet<\/h3>\n<p>F\u00f6rutom HMI\/SCADA system finns ofta flera andra system som labbsystem, rapportsystem, underh\u00e5llssystem, fastighetssystem, kamerasystem m.m. p\u00e5 reningsverken\/vattenverken.<\/p>\n<p>Med programvaran Proficy Operations Hub kan man samla alla dessa system i en strukturerad milj\u00f6 d\u00e4r man p\u00e5 ett enkelt s\u00e4tt kan byta mellan HMI\/SCADA iFIX och de andra systemen utan att beh\u00f6va byta f\u00f6nster.<\/p>\n      <\/div>\n\n      <div class=\"col-12 col-md-6\">\n        <p><!-- wp:heading --><\/p>\n<h3>SCADA s\u00e4kerhet<\/h3>\n<p>D\u00e5 vatten \u00e4r ett av v\u00e5ra viktigaste livsmedel \u00e4r det av yttersta vikt att s\u00e4kerst\u00e4lla att ingen obeh\u00f6rig kan p\u00e5verka processen. Med HMI\/SCADA-systemet iFIX kan vi garantera ett mycket s\u00e4kert operat\u00f6rssystem. N\u00e4tverkstrafik mellan SCADA-noder och operat\u00f6rsnoder \u00e4r krypterad f\u00f6r att driftskritiska data inte skall kunna manipuleras. \u00c4ven l\u00f6senord krypteras med 256 bit AES kryptering. iFIX SCADA-system kan \u00e4ven integreras med det centrala Active Directory (AD) s\u00e5 att anv\u00e4ndare och l\u00f6senord administreras fr\u00e5n ett centralt st\u00e4lle.<\/p>\n<p><!-- \/wp:heading --><\/p>\n      <\/div>\n    <\/div>\n  <\/div>\n<\/div>\n\n\n<div class=\"container-md spacer  \">\n<div style=\"height:50px\" aria-hidden=\"true\" class=\"wp-block-spacer\"><\/div>\n<\/div>\n\n  <div class=\"slider-column-parent\">\n    <div class=\"container\">\n      <div class=\"slider-column-title\">Produkter presenterade med referenserna ovan: <\/div>\n\n      <div class=\"row\">\n        <div class=\"col-12 col-md-4\"><div class=\"column-box\">\n  \n      <div class=\"title\">\n      iFIX HMI\/SCADA    <\/div>\n  \n      <div class=\"text\">\n      <p>Den mest kompletta HMI\/SCADA-l\u00f6sningen p\u00e5 marknaden.<\/p>\n    <\/div>\n  \n      <a class=\"link\"  href=\"https:\/\/www.novotek.com\/se\/losningar-och-produkter\/operatorssystem-hmi-scada\/ifix-hmi-scada\/\" target=\"\">\n      L\u00e4s mer    <\/a>\n  \n  <\/div>\n\n<\/div><div class=\"col-12 col-md-4\"><div class=\"column-box\">\n  \n      <div class=\"title\">\n      Proficy Historian    <\/div>\n  \n      <div class=\"text\">\n      <p>Marknadens mest kraftfulla processdatabas utvecklad f\u00f6r produktionsdata.<\/p>\n    <\/div>\n  \n      <a class=\"link\"  href=\"https:\/\/www.novotek.com\/se\/losningar-och-produkter\/dataloggning\/proficy-historian\/\" target=\"\">\n      L\u00e4s mer    <\/a>\n  \n  <\/div>\n\n<\/div><div class=\"col-12 col-md-4\"><div class=\"column-box\">\n  \n      <div class=\"title\">\n      Novotek Report Plus    <\/div>\n  \n      <div class=\"text\">\n      <p>F\u00e5 korrekta rapporter i realtid med rapportverktyget Novotek Report Plus.<\/p>\n    <\/div>\n  \n      <a class=\"link\"  href=\"https:\/\/www.novotek.com\/se\/losningar-och-produkter\/rapportering-och-business-intelligence\/novotek-report-plus\/\" target=\"\">\n      L\u00e4s mer    <\/a>\n  \n  <\/div>\n\n<\/div>      <\/div>\n    <\/div>\n  <\/div>\n\n\n<div class=\"cta-block\">\n  <div class=\"container\">\n          <h2>L\u00e5t oss ber\u00e4tta mer!<\/h2>\n    \n          <div><p>V\u00e5ra produkt- och applikationsspecialister hj\u00e4lper dig att hitta det det b\u00e4sta s\u00e4ttet att implementera l\u00f6sningar inom er bransch och produktion.<\/p>\n<\/div>\n    \n          <a class=\"btn btn-primary\" href=\"https:\/\/www.novotek.com\/se\/kontakta-oss\/\">Kontakta oss<\/a>\n      <\/div>\n<\/div>\n","protected":false},"excerpt":{"rendered":"<p>Sammen med v\u00e5re leverand\u00f8rer har vi utviklet komplette l\u00f8sninger for vann og avl\u00f8p i mer enn 35 \u00e5r. Vi tilbyr HMI\/SCADA-systemer spesielt tilpasset vann og avl\u00f8ps-bransjen.<\/p>\n","protected":false},"author":4,"featured_media":0,"parent":1764,"menu_order":0,"comment_status":"closed","ping_status":"closed","template":"","meta":{"_acf_changed":false,"_relevanssi_hide_post":"","_relevanssi_pin_for_all":"","_relevanssi_pin_keywords":"","_relevanssi_unpin_keywords":"","_relevanssi_related_keywords":"","_relevanssi_related_include_ids":"","_relevanssi_related_exclude_ids":"","_relevanssi_related_no_append":"","_relevanssi_related_not_related":"","_relevanssi_related_posts":"4463,4691,3389,3405,4691,4463","_relevanssi_noindex_reason":"","footnotes":""},"class_list":["post-5329","page","type-page","status-publish","hentry"],"acf":[],"yoast_head":"<!-- This site is optimized with the Yoast SEO plugin v27.3 - https:\/\/yoast.com\/product\/yoast-seo-wordpress\/ -->\n<title>Vatten och Avlopp - Novotek Sverige AB<\/title>\n<meta name=\"description\" content=\"Inom vatten och avlopp (VA) erbjuds operat\u00f6rssystem f\u00f6r att s\u00e4kerst\u00e4lla h\u00e5llbarhet, ex. SCADA. F\u00f6rb\u00e4ttra larm, flexibilitet och rapportering.\" \/>\n<meta name=\"robots\" content=\"index, follow, max-snippet:-1, max-image-preview:large, max-video-preview:-1\" \/>\n<link rel=\"canonical\" href=\"https:\/\/www.novotek.com\/se\/branscher\/vatten-och-avlopp\/\" \/>\n<meta property=\"og:locale\" content=\"sv_SE\" \/>\n<meta property=\"og:type\" content=\"article\" \/>\n<meta property=\"og:title\" content=\"Vatten och Avlopp - Novotek Sverige AB\" \/>\n<meta property=\"og:description\" content=\"Inom vatten och avlopp (VA) erbjuds operat\u00f6rssystem f\u00f6r att s\u00e4kerst\u00e4lla h\u00e5llbarhet, ex. SCADA. F\u00f6rb\u00e4ttra larm, flexibilitet och rapportering.\" \/>\n<meta property=\"og:url\" content=\"https:\/\/www.novotek.com\/se\/branscher\/vatten-och-avlopp\/\" \/>\n<meta property=\"og:site_name\" content=\"Novotek Sverige AB\" \/>\n<meta property=\"article:modified_time\" content=\"2025-06-30T11:07:44+00:00\" \/>\n<meta property=\"og:image\" content=\"https:\/\/www.novotek.com\/se\/wp-content\/uploads\/sites\/2\/Products_and_Solutions\/Products\/Proficy_HMI-SCADA_iFIX\/iFIX_alarm_mockup-1-1024x638.png\" \/>\n<meta name=\"twitter:card\" content=\"summary_large_image\" \/>\n<meta name=\"twitter:label1\" content=\"Ber\u00e4knad l\u00e4stid\" \/>\n\t<meta name=\"twitter:data1\" content=\"3 minuter\" \/>\n<script type=\"application\/ld+json\" class=\"yoast-schema-graph\">{\"@context\":\"https:\\\/\\\/schema.org\",\"@graph\":[{\"@type\":\"WebPage\",\"@id\":\"https:\\\/\\\/www.novotek.com\\\/se\\\/branscher\\\/vatten-och-avlopp\\\/\",\"url\":\"https:\\\/\\\/www.novotek.com\\\/se\\\/branscher\\\/vatten-och-avlopp\\\/\",\"name\":\"Vatten och Avlopp - Novotek Sverige AB\",\"isPartOf\":{\"@id\":\"https:\\\/\\\/www.novotek.com\\\/se\\\/#website\"},\"primaryImageOfPage\":{\"@id\":\"https:\\\/\\\/www.novotek.com\\\/se\\\/branscher\\\/vatten-och-avlopp\\\/#primaryimage\"},\"image\":{\"@id\":\"https:\\\/\\\/www.novotek.com\\\/se\\\/branscher\\\/vatten-och-avlopp\\\/#primaryimage\"},\"thumbnailUrl\":\"https:\\\/\\\/www.novotek.com\\\/se\\\/wp-content\\\/uploads\\\/sites\\\/2\\\/Products_and_Solutions\\\/Products\\\/Proficy_HMI-SCADA_iFIX\\\/iFIX_alarm_mockup-1-1024x638.png\",\"datePublished\":\"2021-11-08T08:50:05+00:00\",\"dateModified\":\"2025-06-30T11:07:44+00:00\",\"description\":\"Inom vatten och avlopp (VA) erbjuds operat\u00f6rssystem f\u00f6r att s\u00e4kerst\u00e4lla h\u00e5llbarhet, ex. SCADA. F\u00f6rb\u00e4ttra larm, flexibilitet och rapportering.\",\"breadcrumb\":{\"@id\":\"https:\\\/\\\/www.novotek.com\\\/se\\\/branscher\\\/vatten-och-avlopp\\\/#breadcrumb\"},\"inLanguage\":\"sv-SE\",\"potentialAction\":[{\"@type\":\"ReadAction\",\"target\":[\"https:\\\/\\\/www.novotek.com\\\/se\\\/branscher\\\/vatten-och-avlopp\\\/\"]}]},{\"@type\":\"ImageObject\",\"inLanguage\":\"sv-SE\",\"@id\":\"https:\\\/\\\/www.novotek.com\\\/se\\\/branscher\\\/vatten-och-avlopp\\\/#primaryimage\",\"url\":\"https:\\\/\\\/www.novotek.com\\\/se\\\/wp-content\\\/uploads\\\/sites\\\/2\\\/Products_and_Solutions\\\/Products\\\/Proficy_HMI-SCADA_iFIX\\\/iFIX_alarm_mockup-1.png.webp\",\"contentUrl\":\"https:\\\/\\\/www.novotek.com\\\/se\\\/wp-content\\\/uploads\\\/sites\\\/2\\\/Products_and_Solutions\\\/Products\\\/Proficy_HMI-SCADA_iFIX\\\/iFIX_alarm_mockup-1.png.webp\",\"width\":1500,\"height\":934,\"caption\":\"iFIX HMI\\\/SCADA alarmhantering\"},{\"@type\":\"BreadcrumbList\",\"@id\":\"https:\\\/\\\/www.novotek.com\\\/se\\\/branscher\\\/vatten-och-avlopp\\\/#breadcrumb\",\"itemListElement\":[{\"@type\":\"ListItem\",\"position\":1,\"name\":\"Home\",\"item\":\"https:\\\/\\\/www.novotek.com\\\/se\\\/\"},{\"@type\":\"ListItem\",\"position\":2,\"name\":\"Branscher\",\"item\":\"https:\\\/\\\/www.novotek.com\\\/se\\\/branscher\\\/\"},{\"@type\":\"ListItem\",\"position\":3,\"name\":\"Vatten och Avlopp\"}]},{\"@type\":\"WebSite\",\"@id\":\"https:\\\/\\\/www.novotek.com\\\/se\\\/#website\",\"url\":\"https:\\\/\\\/www.novotek.com\\\/se\\\/\",\"name\":\"Novotek Sverige AB\",\"description\":\"Connect - Digitalize - Optimize\",\"potentialAction\":[{\"@type\":\"SearchAction\",\"target\":{\"@type\":\"EntryPoint\",\"urlTemplate\":\"https:\\\/\\\/www.novotek.com\\\/se\\\/?s={search_term_string}\"},\"query-input\":{\"@type\":\"PropertyValueSpecification\",\"valueRequired\":true,\"valueName\":\"search_term_string\"}}],\"inLanguage\":\"sv-SE\"}]}<\/script>\n<!-- \/ Yoast SEO plugin. -->","yoast_head_json":{"title":"Vatten och Avlopp - Novotek Sverige AB","description":"Inom vatten och avlopp (VA) erbjuds operat\u00f6rssystem f\u00f6r att s\u00e4kerst\u00e4lla h\u00e5llbarhet, ex. SCADA. F\u00f6rb\u00e4ttra larm, flexibilitet och rapportering.","robots":{"index":"index","follow":"follow","max-snippet":"max-snippet:-1","max-image-preview":"max-image-preview:large","max-video-preview":"max-video-preview:-1"},"canonical":"https:\/\/www.novotek.com\/se\/branscher\/vatten-och-avlopp\/","og_locale":"sv_SE","og_type":"article","og_title":"Vatten och Avlopp - Novotek Sverige AB","og_description":"Inom vatten och avlopp (VA) erbjuds operat\u00f6rssystem f\u00f6r att s\u00e4kerst\u00e4lla h\u00e5llbarhet, ex. SCADA. F\u00f6rb\u00e4ttra larm, flexibilitet och rapportering.","og_url":"https:\/\/www.novotek.com\/se\/branscher\/vatten-och-avlopp\/","og_site_name":"Novotek Sverige AB","article_modified_time":"2025-06-30T11:07:44+00:00","og_image":[{"url":"https:\/\/www.novotek.com\/se\/wp-content\/uploads\/sites\/2\/Products_and_Solutions\/Products\/Proficy_HMI-SCADA_iFIX\/iFIX_alarm_mockup-1-1024x638.png","type":"","width":"","height":""}],"twitter_card":"summary_large_image","twitter_misc":{"Ber\u00e4knad l\u00e4stid":"3 minuter"},"schema":{"@context":"https:\/\/schema.org","@graph":[{"@type":"WebPage","@id":"https:\/\/www.novotek.com\/se\/branscher\/vatten-och-avlopp\/","url":"https:\/\/www.novotek.com\/se\/branscher\/vatten-och-avlopp\/","name":"Vatten och Avlopp - Novotek Sverige AB","isPartOf":{"@id":"https:\/\/www.novotek.com\/se\/#website"},"primaryImageOfPage":{"@id":"https:\/\/www.novotek.com\/se\/branscher\/vatten-och-avlopp\/#primaryimage"},"image":{"@id":"https:\/\/www.novotek.com\/se\/branscher\/vatten-och-avlopp\/#primaryimage"},"thumbnailUrl":"https:\/\/www.novotek.com\/se\/wp-content\/uploads\/sites\/2\/Products_and_Solutions\/Products\/Proficy_HMI-SCADA_iFIX\/iFIX_alarm_mockup-1-1024x638.png","datePublished":"2021-11-08T08:50:05+00:00","dateModified":"2025-06-30T11:07:44+00:00","description":"Inom vatten och avlopp (VA) erbjuds operat\u00f6rssystem f\u00f6r att s\u00e4kerst\u00e4lla h\u00e5llbarhet, ex. SCADA. F\u00f6rb\u00e4ttra larm, flexibilitet och rapportering.","breadcrumb":{"@id":"https:\/\/www.novotek.com\/se\/branscher\/vatten-och-avlopp\/#breadcrumb"},"inLanguage":"sv-SE","potentialAction":[{"@type":"ReadAction","target":["https:\/\/www.novotek.com\/se\/branscher\/vatten-och-avlopp\/"]}]},{"@type":"ImageObject","inLanguage":"sv-SE","@id":"https:\/\/www.novotek.com\/se\/branscher\/vatten-och-avlopp\/#primaryimage","url":"https:\/\/www.novotek.com\/se\/wp-content\/uploads\/sites\/2\/Products_and_Solutions\/Products\/Proficy_HMI-SCADA_iFIX\/iFIX_alarm_mockup-1.png.webp","contentUrl":"https:\/\/www.novotek.com\/se\/wp-content\/uploads\/sites\/2\/Products_and_Solutions\/Products\/Proficy_HMI-SCADA_iFIX\/iFIX_alarm_mockup-1.png.webp","width":1500,"height":934,"caption":"iFIX HMI\/SCADA alarmhantering"},{"@type":"BreadcrumbList","@id":"https:\/\/www.novotek.com\/se\/branscher\/vatten-och-avlopp\/#breadcrumb","itemListElement":[{"@type":"ListItem","position":1,"name":"Home","item":"https:\/\/www.novotek.com\/se\/"},{"@type":"ListItem","position":2,"name":"Branscher","item":"https:\/\/www.novotek.com\/se\/branscher\/"},{"@type":"ListItem","position":3,"name":"Vatten och Avlopp"}]},{"@type":"WebSite","@id":"https:\/\/www.novotek.com\/se\/#website","url":"https:\/\/www.novotek.com\/se\/","name":"Novotek Sverige AB","description":"Connect - Digitalize - Optimize","potentialAction":[{"@type":"SearchAction","target":{"@type":"EntryPoint","urlTemplate":"https:\/\/www.novotek.com\/se\/?s={search_term_string}"},"query-input":{"@type":"PropertyValueSpecification","valueRequired":true,"valueName":"search_term_string"}}],"inLanguage":"sv-SE"}]}},"_links":{"self":[{"href":"https:\/\/www.novotek.com\/se\/wp-json\/wp\/v2\/pages\/5329","targetHints":{"allow":["GET"]}}],"collection":[{"href":"https:\/\/www.novotek.com\/se\/wp-json\/wp\/v2\/pages"}],"about":[{"href":"https:\/\/www.novotek.com\/se\/wp-json\/wp\/v2\/types\/page"}],"author":[{"embeddable":true,"href":"https:\/\/www.novotek.com\/se\/wp-json\/wp\/v2\/users\/4"}],"replies":[{"embeddable":true,"href":"https:\/\/www.novotek.com\/se\/wp-json\/wp\/v2\/comments?post=5329"}],"version-history":[{"count":38,"href":"https:\/\/www.novotek.com\/se\/wp-json\/wp\/v2\/pages\/5329\/revisions"}],"predecessor-version":[{"id":19381,"href":"https:\/\/www.novotek.com\/se\/wp-json\/wp\/v2\/pages\/5329\/revisions\/19381"}],"up":[{"embeddable":true,"href":"https:\/\/www.novotek.com\/se\/wp-json\/wp\/v2\/pages\/1764"}],"wp:attachment":[{"href":"https:\/\/www.novotek.com\/se\/wp-json\/wp\/v2\/media?parent=5329"}],"curies":[{"name":"wp","href":"https:\/\/api.w.org\/{rel}","templated":true}]}}