{"id":5368,"date":"2021-11-09T09:47:13","date_gmt":"2021-11-09T09:47:13","guid":{"rendered":"https:\/\/www.novotek.com\/se\/?page_id=5368"},"modified":"2025-01-08T09:27:23","modified_gmt":"2025-01-08T09:27:23","slug":"prenumerationer","status":"publish","type":"page","link":"https:\/\/www.novotek.com\/se\/vi-erbjuder\/prenumerationer\/","title":{"rendered":"Prenumeration p\u00e5 support och uppgradering"},"content":{"rendered":"  <div class=\"hero\">\n    <div class=\"carousel hero-slider small\" data-flickity data-flickity-options='{\"prevNextButtons\": false}'>\n              <div class=\"carousel-cell\">\n          <div class=\"container\">\n            <div class=\"hero-content\">\n                              <h1>Prenumeration p\u00e5 support och uppgradering av programvara<\/h1>\n<div class=\"text\">\n<p>F\u00f6retag utmanas st\u00e4ndigt att bli mer produktiva och mer effektiva, samtidigt som kostnaderna ska s\u00e4nkas. Med prenumeration p\u00e5 support och uppgradering av olika programvaror hj\u00e4lper vi ditt f\u00f6retag att uppn\u00e5 dessa resultat.<\/p>\n<\/div>\n              \n                          <\/div>\n          <\/div>\n\n          <img decoding=\"async\" width=\"1024\" height=\"427\" src=\"https:\/\/www.novotek.com\/se\/wp-content\/uploads\/sites\/2\/We_offer\/Novotek-Subscription-Image_1920x800px_NEW-1024x427.jpg\" class=\"hero-bg\" alt=\"Hero Img\" fetchpriority=\"high\" srcset=\"https:\/\/www.novotek.com\/se\/wp-content\/uploads\/sites\/2\/We_offer\/Novotek-Subscription-Image_1920x800px_NEW-1024x427.jpg 1024w, https:\/\/www.novotek.com\/se\/wp-content\/uploads\/sites\/2\/We_offer\/Novotek-Subscription-Image_1920x800px_NEW-300x125.jpg 300w, https:\/\/www.novotek.com\/se\/wp-content\/uploads\/sites\/2\/We_offer\/Novotek-Subscription-Image_1920x800px_NEW-768x320.jpg 768w, https:\/\/www.novotek.com\/se\/wp-content\/uploads\/sites\/2\/We_offer\/Novotek-Subscription-Image_1920x800px_NEW-1536x640.jpg 1536w, https:\/\/www.novotek.com\/se\/wp-content\/uploads\/sites\/2\/We_offer\/Novotek-Subscription-Image_1920x800px_NEW.jpg 1920w\" sizes=\"(max-width: 1024px) 100vw, 1024px\" \/>                  <\/div>\n          <\/div>\n\n      <\/div>\n\n   <div class=\"floating-breadcrumb\"><div class=\"container\"><span><span><a href=\"https:\/\/www.novotek.com\/se\/\" class=\"breadcrumb-frontpage\">Home<\/a><\/span><\/span><\/div><\/div>\n\n\n<div class=\"container-md paragraph  \">\n<p>Genom att ta del av v\u00e5r prenumeration kan du snabbt och enkelt uppdatera dina system n\u00e4r det sl\u00e4pps nya versioner och uppdateringar. De nya versionerna kan inneh\u00e5lla nya och f\u00f6rb\u00e4ttrade funktioner, s\u00e4kerhetsuppdateringar och ge st\u00f6d f\u00f6r nya operativsystem med mera.<\/p>\n<\/div>\n\n<div class=\"container-md paragraph  \">\n<p>Det kan \u00e4ven finnas behov av att installera programf\u00f6rb\u00e4ttringar (Software Improvment Modules SIMs) eller Servicepacks och d\u00e5 \u00e4r v\u00e5r prenumeration ett bra alternativ f\u00f6r att f\u00e5 information och underh\u00e5lla dessa.<\/p>\n<\/div>\n\n<div class=\"container-md paragraph  \">\n<p>Ni kommer \u00e4ven tryggt, snabbt och enkelt i kontakt med Novoteks erfarna supportorganisation om det skulle dyka upp fr\u00e5gor g\u00e4llande Novoteks produkter.<\/p>\n<\/div>\n\n<div class=\"container-md spacer  \">\n<div style=\"height:50px\" aria-hidden=\"true\" class=\"wp-block-spacer\"><\/div>\n<\/div>\n\n<div class=\"container-md heading  \">\n<h3 class=\"wp-block-heading has-text-align-center\"><strong>Med Novoteks Prenumeration p\u00e5 Support och Uppgraderingar ing\u00e5r f\u00f6ljande:<\/strong><\/h3>\n<\/div>\n\n<div class=\"container-md spacer  \">\n<div style=\"height:50px\" aria-hidden=\"true\" class=\"wp-block-spacer\"><\/div>\n<\/div>\n\n<div class=\"split-column\">\n  <div class=\"container\">\n    <div class=\"row\">\n      <div class=\"col-12 col-md-6\">\n        <h4 style=\"text-align: center\"><strong>Novotek Support<\/p>\n<p><\/strong><\/h4>\n<ul>\n<li>Novoteks erfarna supportingenj\u00f6rer finns tillg\u00e4ngliga under ordinarie \u00f6ppettider f\u00f6r att svara p\u00e5 fr\u00e5gor eller hj\u00e4lpa er att l\u00f6sa problem.<\/li>\n<li>Prenumeration p\u00e5 nya versioner, SIMs och Service Packs p\u00e5 era Novotek Komponenter och Drivers.<\/li>\n<\/ul>\n      <\/div>\n\n      <div class=\"col-12 col-md-6\">\n        <p><!-- wp:heading --><\/p>\n<h4 style=\"text-align: center\"><strong>Acceleration Plan Premier<\/strong><\/h4>\n<p>&nbsp;<\/p>\n<ul>\n<li>Prenumeration p\u00e5 nya versioner av era listade GE Vernova licenser.<\/li>\n<li>N\u00f6dl\u00e4ges telefonsupport p\u00e5 produkter fr\u00e5n GE Vernova dygnet runt alla dagar om \u00e5ret.<\/li>\n<li>Probleml\u00f6sning med fj\u00e4rrdiagnostik<\/li>\n<li>SIMs och Service Packs online med automatisk meddelandetj\u00e4nst via e-post.<\/li>\n<li>Online Knowledge Center med anv\u00e4ndarforum.<\/li>\n<li>Nerladdningsbara funktioner och verktyg<\/li>\n<li>Manualer, dokumentation, FAQs och programexempel m.m.<\/li>\n<\/ul>\n<p><!-- \/wp:heading --><\/p>\n      <\/div>\n    <\/div>\n  <\/div>\n<\/div>\n\n\n<div class=\"container-md spacer  \">\n<div style=\"height:50px\" aria-hidden=\"true\" class=\"wp-block-spacer\"><\/div>\n<\/div>\n\n  <div class=\"hero\">\n    <div class=\"carousel hero-slider large\" data-flickity data-flickity-options='{\"prevNextButtons\": false}'>\n              <div class=\"carousel-cell\">\n          <div class=\"container\">\n            <div class=\"hero-content\">\n                              <h4><strong>\u00d6nskar du att veta mer?<\/strong><\/h4>\n<div class=\"container-md paragraph  \">\n<p>V\u00e5r supportavdelning \u00e4r tillg\u00e4nglig via e-post och telefon.<\/p>\n<p>&nbsp;<\/p>\n<\/div>\n<div class=\"container-md paragraph  \">\n<p>Telefon:\u00a0<a href=\"tel:040 - 31 69 31\"><strong>040-31 69 31<\/strong><\/a><br \/>\nMail:\u00a0<a href=\"mailto:tech.support@novotek.se\"><strong>tech.support@novotek.se<\/strong><\/a><\/p>\n<\/div>\n<div class=\"container-md paragraph  \">\n<p>\u00d6ppettider: M\u00e5ndag \u2013 Fredag 08.00-16.00.<\/p>\n<\/div>\n              \n                          <\/div>\n          <\/div>\n\n          <img decoding=\"async\" width=\"1024\" height=\"427\" src=\"https:\/\/www.novotek.com\/se\/wp-content\/uploads\/sites\/2\/We_offer\/Novotek-Subscription-Header_1929x800px_NEW-1024x427.jpg\" class=\"hero-bg\" alt=\"Hero Img\" fetchpriority=\"high\" srcset=\"https:\/\/www.novotek.com\/se\/wp-content\/uploads\/sites\/2\/We_offer\/Novotek-Subscription-Header_1929x800px_NEW-1024x427.jpg 1024w, https:\/\/www.novotek.com\/se\/wp-content\/uploads\/sites\/2\/We_offer\/Novotek-Subscription-Header_1929x800px_NEW-300x125.jpg 300w, https:\/\/www.novotek.com\/se\/wp-content\/uploads\/sites\/2\/We_offer\/Novotek-Subscription-Header_1929x800px_NEW-768x320.jpg 768w, https:\/\/www.novotek.com\/se\/wp-content\/uploads\/sites\/2\/We_offer\/Novotek-Subscription-Header_1929x800px_NEW-1536x640.jpg 1536w, https:\/\/www.novotek.com\/se\/wp-content\/uploads\/sites\/2\/We_offer\/Novotek-Subscription-Header_1929x800px_NEW.jpg 1920w\" sizes=\"(max-width: 1024px) 100vw, 1024px\" \/>                  <\/div>\n          <\/div>\n\n      <\/div>\n\n   \n\n\n  <div class=\"slider-column-parent\">\n    <div class=\"container\">\n      <div class=\"slider-column-title\">Vi erbjuder \u00e4ven<\/div>\n\n      <div class=\"row\">\n        <div class=\"col-12 col-md-4\"><div class=\"column-box\">\n  \n      <div class=\"title\">\n      Teknisk support    <\/div>\n  \n      <div class=\"text\">\n      <p>Vi \u00e4r tillg\u00e4ngliga f\u00f6r teknisk support. Kontakta v\u00e5r supportavdelning p\u00e5 mejl: <a href=\"mailto:tech.support@novotek.se\">tech.support@novotek.se<\/a> eller via telefon 040-31 69 31.<\/p>\n    <\/div>\n  \n      <a class=\"link\"  href=\"https:\/\/www.novotek.com\/se\/vi-erbjuder\/teknisk-support\/\" target=\"\">\n      Teknisk support    <\/a>\n  \n  <\/div>\n\n<\/div><div class=\"col-12 col-md-4\"><div class=\"column-box\">\n  \n      <div class=\"title\">\n      Serviceavtal    <\/div>\n  \n      <div class=\"text\">\n      <p>Vi p\u00e5 Novotek erbjuder service- och supportavtal anpassade efter er verksamhet.<\/p>\n    <\/div>\n  \n      <a class=\"link\"  href=\"https:\/\/www.novotek.com\/se\/vi-erbjuder\/serviceavtal\/\" target=\"\">\n      L\u00e4s mer    <\/a>\n  \n  <\/div>\n\n<\/div><div class=\"col-12 col-md-4\"><div class=\"column-box\">\n  \n      <div class=\"title\">\n      Utbildning    <\/div>\n  \n      <div class=\"text\">\n      <p>L\u00e4r k\u00e4nna dina l\u00f6sningar och produkter b\u00e4ttre. Vi erbjuder b\u00e5de grundl\u00e4ggande produktutbildning och kurser i mer avancerade funktioner.<\/p>\n    <\/div>\n  \n      <a class=\"link\"  href=\"https:\/\/www.novotek.com\/se\/vi-erbjuder\/utbildning\/\" target=\"\">\n      L\u00e4s mer    <\/a>\n  \n  <\/div>\n\n<\/div>      <\/div>\n    <\/div>\n  <\/div>\n","protected":false},"excerpt":{"rendered":"<p>Prenumeration p\u00e5 support och uppgradering av programvaror som hj\u00e4lper ditt f\u00f6retag att uppn\u00e5 b\u00e4sta m\u00f6jliga resultat.<\/p>\n","protected":false},"author":4,"featured_media":0,"parent":740,"menu_order":0,"comment_status":"closed","ping_status":"closed","template":"","meta":{"_acf_changed":false,"_relevanssi_hide_post":"","_relevanssi_pin_for_all":"","_relevanssi_pin_keywords":"","_relevanssi_unpin_keywords":"","_relevanssi_related_keywords":"","_relevanssi_related_include_ids":"","_relevanssi_related_exclude_ids":"","_relevanssi_related_no_append":"","_relevanssi_related_not_related":"","_relevanssi_related_posts":"3412,3396,3405,3389","_relevanssi_noindex_reason":"","footnotes":""},"class_list":["post-5368","page","type-page","status-publish","hentry"],"acf":[],"yoast_head":"<!-- This site is optimized with the Yoast SEO plugin v27.4 - https:\/\/yoast.com\/product\/yoast-seo-wordpress\/ -->\n<title>Prenumeration p\u00e5 support och uppgradering - Novotek Sverige AB<\/title>\n<meta name=\"description\" content=\"Prenumeration p\u00e5 support och uppgradering av programvaror som hj\u00e4lper ditt f\u00f6retag att uppn\u00e5 b\u00e4sta m\u00f6jliga resultat.\" \/>\n<meta name=\"robots\" content=\"index, follow, max-snippet:-1, max-image-preview:large, max-video-preview:-1\" \/>\n<link rel=\"canonical\" href=\"https:\/\/www.novotek.com\/se\/vi-erbjuder\/prenumerationer\/\" \/>\n<meta property=\"og:locale\" content=\"sv_SE\" \/>\n<meta property=\"og:type\" content=\"article\" \/>\n<meta property=\"og:title\" content=\"Prenumeration p\u00e5 support och uppgradering - Novotek Sverige AB\" \/>\n<meta property=\"og:description\" content=\"Prenumeration p\u00e5 support och uppgradering av programvaror som hj\u00e4lper ditt f\u00f6retag att uppn\u00e5 b\u00e4sta m\u00f6jliga resultat.\" \/>\n<meta property=\"og:url\" content=\"https:\/\/www.novotek.com\/se\/vi-erbjuder\/prenumerationer\/\" \/>\n<meta property=\"og:site_name\" content=\"Novotek Sverige AB\" \/>\n<meta property=\"article:modified_time\" content=\"2025-01-08T09:27:23+00:00\" \/>\n<meta name=\"twitter:card\" content=\"summary_large_image\" \/>\n<meta name=\"twitter:label1\" content=\"Ber\u00e4knad l\u00e4stid\" \/>\n\t<meta name=\"twitter:data1\" content=\"1 minut\" \/>\n<script type=\"application\/ld+json\" class=\"yoast-schema-graph\">{\"@context\":\"https:\\\/\\\/schema.org\",\"@graph\":[{\"@type\":\"WebPage\",\"@id\":\"https:\\\/\\\/www.novotek.com\\\/se\\\/vi-erbjuder\\\/prenumerationer\\\/\",\"url\":\"https:\\\/\\\/www.novotek.com\\\/se\\\/vi-erbjuder\\\/prenumerationer\\\/\",\"name\":\"Prenumeration p\u00e5 support och uppgradering - Novotek Sverige AB\",\"isPartOf\":{\"@id\":\"https:\\\/\\\/www.novotek.com\\\/se\\\/#website\"},\"datePublished\":\"2021-11-09T09:47:13+00:00\",\"dateModified\":\"2025-01-08T09:27:23+00:00\",\"description\":\"Prenumeration p\u00e5 support och uppgradering av programvaror som hj\u00e4lper ditt f\u00f6retag att uppn\u00e5 b\u00e4sta m\u00f6jliga resultat.\",\"breadcrumb\":{\"@id\":\"https:\\\/\\\/www.novotek.com\\\/se\\\/vi-erbjuder\\\/prenumerationer\\\/#breadcrumb\"},\"inLanguage\":\"sv-SE\",\"potentialAction\":[{\"@type\":\"ReadAction\",\"target\":[\"https:\\\/\\\/www.novotek.com\\\/se\\\/vi-erbjuder\\\/prenumerationer\\\/\"]}]},{\"@type\":\"BreadcrumbList\",\"@id\":\"https:\\\/\\\/www.novotek.com\\\/se\\\/vi-erbjuder\\\/prenumerationer\\\/#breadcrumb\",\"itemListElement\":[{\"@type\":\"ListItem\",\"position\":1,\"name\":\"Home\",\"item\":\"https:\\\/\\\/www.novotek.com\\\/se\\\/\"},{\"@type\":\"ListItem\",\"position\":2,\"name\":\"Vi erbjuder\",\"item\":\"https:\\\/\\\/www.novotek.com\\\/se\\\/vi-erbjuder\\\/\"},{\"@type\":\"ListItem\",\"position\":3,\"name\":\"Prenumeration p\u00e5 support och uppgradering\"}]},{\"@type\":\"WebSite\",\"@id\":\"https:\\\/\\\/www.novotek.com\\\/se\\\/#website\",\"url\":\"https:\\\/\\\/www.novotek.com\\\/se\\\/\",\"name\":\"Novotek Sverige AB\",\"description\":\"Connect - Digitalize - Optimize\",\"potentialAction\":[{\"@type\":\"SearchAction\",\"target\":{\"@type\":\"EntryPoint\",\"urlTemplate\":\"https:\\\/\\\/www.novotek.com\\\/se\\\/?s={search_term_string}\"},\"query-input\":{\"@type\":\"PropertyValueSpecification\",\"valueRequired\":true,\"valueName\":\"search_term_string\"}}],\"inLanguage\":\"sv-SE\"}]}<\/script>\n<!-- \/ Yoast SEO plugin. -->","yoast_head_json":{"title":"Prenumeration p\u00e5 support och uppgradering - Novotek Sverige AB","description":"Prenumeration p\u00e5 support och uppgradering av programvaror som hj\u00e4lper ditt f\u00f6retag att uppn\u00e5 b\u00e4sta m\u00f6jliga resultat.","robots":{"index":"index","follow":"follow","max-snippet":"max-snippet:-1","max-image-preview":"max-image-preview:large","max-video-preview":"max-video-preview:-1"},"canonical":"https:\/\/www.novotek.com\/se\/vi-erbjuder\/prenumerationer\/","og_locale":"sv_SE","og_type":"article","og_title":"Prenumeration p\u00e5 support och uppgradering - Novotek Sverige AB","og_description":"Prenumeration p\u00e5 support och uppgradering av programvaror som hj\u00e4lper ditt f\u00f6retag att uppn\u00e5 b\u00e4sta m\u00f6jliga resultat.","og_url":"https:\/\/www.novotek.com\/se\/vi-erbjuder\/prenumerationer\/","og_site_name":"Novotek Sverige AB","article_modified_time":"2025-01-08T09:27:23+00:00","twitter_card":"summary_large_image","twitter_misc":{"Ber\u00e4knad l\u00e4stid":"1 minut"},"schema":{"@context":"https:\/\/schema.org","@graph":[{"@type":"WebPage","@id":"https:\/\/www.novotek.com\/se\/vi-erbjuder\/prenumerationer\/","url":"https:\/\/www.novotek.com\/se\/vi-erbjuder\/prenumerationer\/","name":"Prenumeration p\u00e5 support och uppgradering - Novotek Sverige AB","isPartOf":{"@id":"https:\/\/www.novotek.com\/se\/#website"},"datePublished":"2021-11-09T09:47:13+00:00","dateModified":"2025-01-08T09:27:23+00:00","description":"Prenumeration p\u00e5 support och uppgradering av programvaror som hj\u00e4lper ditt f\u00f6retag att uppn\u00e5 b\u00e4sta m\u00f6jliga resultat.","breadcrumb":{"@id":"https:\/\/www.novotek.com\/se\/vi-erbjuder\/prenumerationer\/#breadcrumb"},"inLanguage":"sv-SE","potentialAction":[{"@type":"ReadAction","target":["https:\/\/www.novotek.com\/se\/vi-erbjuder\/prenumerationer\/"]}]},{"@type":"BreadcrumbList","@id":"https:\/\/www.novotek.com\/se\/vi-erbjuder\/prenumerationer\/#breadcrumb","itemListElement":[{"@type":"ListItem","position":1,"name":"Home","item":"https:\/\/www.novotek.com\/se\/"},{"@type":"ListItem","position":2,"name":"Vi erbjuder","item":"https:\/\/www.novotek.com\/se\/vi-erbjuder\/"},{"@type":"ListItem","position":3,"name":"Prenumeration p\u00e5 support och uppgradering"}]},{"@type":"WebSite","@id":"https:\/\/www.novotek.com\/se\/#website","url":"https:\/\/www.novotek.com\/se\/","name":"Novotek Sverige AB","description":"Connect - Digitalize - Optimize","potentialAction":[{"@type":"SearchAction","target":{"@type":"EntryPoint","urlTemplate":"https:\/\/www.novotek.com\/se\/?s={search_term_string}"},"query-input":{"@type":"PropertyValueSpecification","valueRequired":true,"valueName":"search_term_string"}}],"inLanguage":"sv-SE"}]}},"_links":{"self":[{"href":"https:\/\/www.novotek.com\/se\/wp-json\/wp\/v2\/pages\/5368","targetHints":{"allow":["GET"]}}],"collection":[{"href":"https:\/\/www.novotek.com\/se\/wp-json\/wp\/v2\/pages"}],"about":[{"href":"https:\/\/www.novotek.com\/se\/wp-json\/wp\/v2\/types\/page"}],"author":[{"embeddable":true,"href":"https:\/\/www.novotek.com\/se\/wp-json\/wp\/v2\/users\/4"}],"replies":[{"embeddable":true,"href":"https:\/\/www.novotek.com\/se\/wp-json\/wp\/v2\/comments?post=5368"}],"version-history":[{"count":44,"href":"https:\/\/www.novotek.com\/se\/wp-json\/wp\/v2\/pages\/5368\/revisions"}],"predecessor-version":[{"id":16457,"href":"https:\/\/www.novotek.com\/se\/wp-json\/wp\/v2\/pages\/5368\/revisions\/16457"}],"up":[{"embeddable":true,"href":"https:\/\/www.novotek.com\/se\/wp-json\/wp\/v2\/pages\/740"}],"wp:attachment":[{"href":"https:\/\/www.novotek.com\/se\/wp-json\/wp\/v2\/media?parent=5368"}],"curies":[{"name":"wp","href":"https:\/\/api.w.org\/{rel}","templated":true}]}}