{"id":5967,"date":"2021-12-28T09:57:38","date_gmt":"2021-12-28T09:57:38","guid":{"rendered":"https:\/\/www.novotek.com\/se\/?page_id=5967"},"modified":"2025-11-21T16:17:57","modified_gmt":"2025-11-21T16:17:57","slug":"kundhistoria-akzonobel-rexolin-ab","status":"publish","type":"page","link":"https:\/\/www.novotek.com\/se\/branscher\/petro-och-kemi\/kundhistoria-akzonobel-rexolin-ab\/","title":{"rendered":"Customer Story AkzoNobel Rexolin AB"},"content":{"rendered":"  <div class=\"hero\">\n    <div class=\"carousel hero-slider small\" data-flickity data-flickity-options='{\"prevNextButtons\": false}'>\n              <div class=\"carousel-cell\">\n          <div class=\"container\">\n            <div class=\"hero-content\">\n                              <h5>Referens<\/h5>\n<h1>AkzoNobel Rexolin AB<\/h1>\n<p>Med MES-systemet Proficy Plant Applications \u00f6kade AkzoNobel Rexolin AB produktionseffektiviteten och produktkvaliteten.<\/p>\n              \n                          <\/div>\n          <\/div>\n\n          <img decoding=\"async\" width=\"1024\" height=\"427\" src=\"https:\/\/www.novotek.com\/se\/wp-content\/uploads\/sites\/2\/Industries\/Petrol_and_Chemicals\/AkzoNobel_header_1920x800-1024x427.jpg.webp\" class=\"hero-bg\" alt=\"Hero Img\" fetchpriority=\"high\" srcset=\"https:\/\/www.novotek.com\/se\/wp-content\/uploads\/sites\/2\/Industries\/Petrol_and_Chemicals\/AkzoNobel_header_1920x800-1024x427.jpg.webp 1024w, https:\/\/www.novotek.com\/se\/wp-content\/uploads\/sites\/2\/Industries\/Petrol_and_Chemicals\/AkzoNobel_header_1920x800-300x125.jpg.webp 300w, https:\/\/www.novotek.com\/se\/wp-content\/uploads\/sites\/2\/Industries\/Petrol_and_Chemicals\/AkzoNobel_header_1920x800-768x320.jpg.webp 768w, https:\/\/www.novotek.com\/se\/wp-content\/uploads\/sites\/2\/Industries\/Petrol_and_Chemicals\/AkzoNobel_header_1920x800-1536x640.jpg.webp 1536w, https:\/\/www.novotek.com\/se\/wp-content\/uploads\/sites\/2\/Industries\/Petrol_and_Chemicals\/AkzoNobel_header_1920x800.jpg.webp 1920w\" sizes=\"(max-width: 1024px) 100vw, 1024px\" \/>                  <\/div>\n          <\/div>\n\n      <\/div>\n\n   <div class=\"floating-breadcrumb\"><div class=\"container\"><span><span><a href=\"https:\/\/www.novotek.com\/se\/\" class=\"breadcrumb-frontpage\">Home<\/a><\/span><\/span><\/div><\/div>\n\n\n<div class=\"quotes-parent\">\n  <div class=\"container\">\n    <div class=\"carousel quotes-carousel\">\n              <div class=\"quote-cell carousel-cell\">\n          <div class=\"container-quote\">\n            <strong>&#8221;Proficy Plant Applications ger oss ett automatiserat verktyg f\u00f6r att dokumentera produktion, kvalitetsoptimering och effektivitetsanalyser.&#8221;<\/strong>\n            <span>Verkst\u00e4llande direkt\u00f6r, AkzoNobel Rexolin AB.<\/span>\n          <\/div>\n        <\/div>\n          <\/div>\n  <\/div>\n<\/div>\n\n\n<div class=\"container-md columns  \">\n<div class=\"wp-block-columns is-layout-flex wp-container-core-columns-is-layout-9d6595d7 wp-block-columns-is-layout-flex\"><div class=\"container-md column  \">\n<div class=\"wp-block-column is-layout-flow wp-block-column-is-layout-flow\"><div class=\"container-md heading  \">\n<h4 class=\"wp-block-heading\">L\u00f6sning<\/h4>\n<\/div>\n\n<div class=\"container-md list  \">\n<ul id=\"block-d063825a-443c-4258-82cf-b4957aba7416\" class=\"wp-block-list\"><div class=\"container-md list-item  \">\n<li>Produktionsledning<\/li>\n<\/div>\n\n<div class=\"container-md list-item  \">\n<li>Dokumentation<\/li>\n<\/div>\n\n<div class=\"container-md list-item  \">\n<li>Kvalitetsoptimalisering<\/li>\n<\/div>\n\n<div class=\"container-md list-item  \">\n<li>Analys<\/li>\n<\/div>\n\n<div class=\"container-md list-item  \">\n<li>OEE<\/li>\n<\/div>\n\n<div class=\"container-md list-item  \">\n<li>Produktionsplanering<\/li>\n<\/div><\/ul>\n<\/div>\n\n<div class=\"container-md spacer  \">\n<div style=\"height:15px\" aria-hidden=\"true\" class=\"wp-block-spacer\"><\/div>\n<\/div>\n\n<div class=\"container-md heading  \">\n<h4 class=\"wp-block-heading\">Produkter<\/h4>\n<\/div>\n\n<div class=\"container-md list  \">\n<ul id=\"block-2d4fa3a5-0225-45d9-b019-8a335f11a235\" class=\"wp-block-list\"><div class=\"container-md list-item  \">\n<li><a href=\"https:\/\/www.novotek.com\/se\/losningar-och-produkter\/smart-factory-mes\/proficy-plant-applications\/\">Proficy Plant Applications<\/a><\/li>\n<\/div>\n\n<div class=\"container-md list-item  \">\n<li><a href=\"https:\/\/www.novotek.com\/se\/losningar-och-produkter\/dataloggning\/proficy-historian\/\">Proficy Historian<\/a><\/li>\n<\/div>\n\n<div class=\"container-md list-item  \">\n<li><a href=\"https:\/\/www.novotek.com\/se\/losningar-och-produkter\/produktionsplanering\/proficy-scheduler\/\">Proficy Scheduler<\/a> (tidigare kallat ROB-EX Scheduler)<\/li>\n<\/div><\/ul>\n<\/div>\n\n<div class=\"container-md spacer  \">\n<div style=\"height:15px\" aria-hidden=\"true\" class=\"wp-block-spacer\"><\/div>\n<\/div>\n\n<div class=\"container-md heading  \">\n<h4 class=\"wp-block-heading\">F\u00f6rdelar<\/h4>\n<\/div>\n\n<div class=\"container-md list  \">\n<ul class=\"wp-block-list\"><div class=\"container-md list-item  \">\n<li>F\u00f6renklar sp\u00e5rning och uppt\u00e4ckt av batchavvikelser<\/li>\n<\/div>\n\n<div class=\"container-md list-item  \">\n<li>Automatiska produktionshanteringsverktyg<\/li>\n<\/div>\n\n<div class=\"container-md list-item  \">\n<li>Analys av driftstopp och f\u00f6rb\u00e4ttring av OEE<\/li>\n<\/div>\n\n<div class=\"container-md list-item  \">\n<li>Planering av hela produktionslinjen<\/li>\n<\/div>\n\n<div class=\"container-md list-item  \">\n<li>Ett integrerat system<\/li>\n<\/div><\/ul>\n<\/div><\/div>\n<\/div>\n\n<div class=\"container-md column  \">\n<div class=\"wp-block-column is-layout-flow wp-block-column-is-layout-flow\"><div class=\"wp-block-image\"><div class=\"container-md image  alignright\">\n<figure class=\"alignright size-large is-resized\"><img loading=\"lazy\" decoding=\"async\" width=\"1024\" height=\"1024\" src=\"https:\/\/www.novotek.com\/se\/wp-content\/uploads\/sites\/2\/sites\/2\/Pictograms\/novotek-check-box_rgb-1024x1024.png\" alt=\"Novotek Sverige AB\" class=\"wp-image-1075\" style=\"width:250px;height:250px\" srcset=\"https:\/\/www.novotek.com\/se\/wp-content\/uploads\/sites\/2\/Pictograms\/novotek-check-box_rgb-1024x1024.png 1024w, https:\/\/www.novotek.com\/se\/wp-content\/uploads\/sites\/2\/Pictograms\/novotek-check-box_rgb-300x300.png 300w, https:\/\/www.novotek.com\/se\/wp-content\/uploads\/sites\/2\/Pictograms\/novotek-check-box_rgb-150x150.png 150w, https:\/\/www.novotek.com\/se\/wp-content\/uploads\/sites\/2\/Pictograms\/novotek-check-box_rgb-768x768.png 768w, https:\/\/www.novotek.com\/se\/wp-content\/uploads\/sites\/2\/Pictograms\/novotek-check-box_rgb-1536x1536.png 1536w, https:\/\/www.novotek.com\/se\/wp-content\/uploads\/sites\/2\/Pictograms\/novotek-check-box_rgb-2048x2048.png 2048w\" sizes=\"auto, (max-width: 1024px) 100vw, 1024px\" \/><\/figure>\n<\/div><\/div><\/div>\n<\/div><\/div>\n<\/div>\n\n<div class=\"container-md spacer  \">\n<div style=\"height:30px\" aria-hidden=\"true\" class=\"wp-block-spacer\"><\/div>\n<\/div>\n\n<div class=\"container-md paragraph  \">\n<p>Manuell kvalitetsuppf\u00f6ljning av batchproduktion \u00e4r ofta tidskr\u00e4vande. Det var precis den utmaningen som AkzoNobel Rexolin AB stod inf\u00f6r. F\u00f6r att \u00f6ka produktionseffektiviteten och produktkvaliteten valde de d\u00e4rf\u00f6r att implementera MES-systemet Proficy Plant Applications, tillsammans med processdatabasen Proficy Historian och produktionsplaneraren Proficy Scheduler.<\/p>\n<\/div>\n\n<div class=\"container-md spacer  \">\n<div style=\"height:50px\" aria-hidden=\"true\" class=\"wp-block-spacer\"><\/div>\n<\/div>\n\n  <div class=\"hero\">\n    <div class=\"carousel hero-slider small\" data-flickity data-flickity-options='{\"prevNextButtons\": false}'>\n              <div class=\"carousel-cell\">\n          <div class=\"container\">\n            <div class=\"hero-content\">\n                              <h2>Om AkzoNobel Rexolin AB<\/h2>\n<p>AkzoNobel Rexolin AB \u00e4r ett aktiebolag inom AkzoNobel Chemicals. Anl\u00e4ggningen i Kumla producerar mikron\u00e4rings\u00e4mnen som anv\u00e4nds inom jordbruket f\u00f6r att stimulera upptaget av mineraler i gr\u00f6dor som v\u00e4xer i alkalisk jord. AkzoNobel Rexolin tillverkar \u00e4ven kemikalier som anv\u00e4nds av pappersindustrin f\u00f6r blekning av massa.<\/p>\n              \n                          <\/div>\n          <\/div>\n\n          <img decoding=\"async\" width=\"1024\" height=\"427\" src=\"https:\/\/www.novotek.com\/se\/wp-content\/uploads\/sites\/2\/Industries\/Petrol_and_Chemicals\/spray_1920x800-1024x427.jpg.webp\" class=\"hero-bg\" alt=\"Hero Img\" fetchpriority=\"high\" srcset=\"https:\/\/www.novotek.com\/se\/wp-content\/uploads\/sites\/2\/Industries\/Petrol_and_Chemicals\/spray_1920x800-1024x427.jpg.webp 1024w, https:\/\/www.novotek.com\/se\/wp-content\/uploads\/sites\/2\/Industries\/Petrol_and_Chemicals\/spray_1920x800-300x125.jpg.webp 300w, https:\/\/www.novotek.com\/se\/wp-content\/uploads\/sites\/2\/Industries\/Petrol_and_Chemicals\/spray_1920x800-768x320.jpg.webp 768w, https:\/\/www.novotek.com\/se\/wp-content\/uploads\/sites\/2\/Industries\/Petrol_and_Chemicals\/spray_1920x800-1536x640.jpg.webp 1536w, https:\/\/www.novotek.com\/se\/wp-content\/uploads\/sites\/2\/Industries\/Petrol_and_Chemicals\/spray_1920x800.jpg.webp 1920w\" sizes=\"(max-width: 1024px) 100vw, 1024px\" \/>                  <\/div>\n          <\/div>\n\n      <\/div>\n\n   \n\n\n<div class=\"container-md paragraph  \">\n<p>AkzoNobel Rexolin AB hade anv\u00e4nt processdatabasen Proficy Historian i flera \u00e5r n\u00e4r de valde att ut\u00f6ka med det kompletta MES-systemet Proficy Plant Applications.<\/p>\n<\/div>\n\n<div class=\"container-md paragraph  \">\n<p>En av anledningarna till att vi valde Proficy Plant Applications \u00e4r att v\u00e5r produktion sker i omg\u00e5ngar. Vi beh\u00f6vde d\u00e4rf\u00f6r ett enklare s\u00e4tt att sp\u00e5ra olika batcher i trendrapporter, och kunna identifiera eventuella avvikelser som p\u00e5verkade kvaliteten, f\u00f6rklarar VD:n f\u00f6r AkzoNobel Rexolin AB.<\/p>\n<\/div>\n\n<div class=\"container-md paragraph  \">\n<p>Proficy Plant Applications kommer med verktyg f\u00f6r produktionsdokumentation, kvalitetsoptimering och effektiv analys. Det g\u00f6r det enkelt att dokumentera bland annat produktionsprocesser med begr\u00e4nsad hastighet.<\/p>\n<\/div>\n\n<div class=\"container-md paragraph  \">\n<p>Vi kan nu analysera driftstopp och ta reda p\u00e5 vad som har orsakat st\u00f6rningen. Det \u00e4r s\u00e4rskilt viktig information f\u00f6r underh\u00e5llsteamet som f\u00e5r insikt i vilken utrustning som beh\u00f6ver extra \u00f6vervakning.<\/p>\n<\/div>\n\n<div class=\"container media-text  alignwide\">\n<div class=\"wp-block-media-text alignwide is-stacked-on-mobile\"><figure class=\"wp-block-media-text__media\"><img loading=\"lazy\" decoding=\"async\" width=\"912\" height=\"1024\" src=\"https:\/\/www.novotek.com\/se\/wp-content\/uploads\/sites\/2\/sites\/2\/Industries\/Petrol_and_Chemicals\/gjodsel_duotone_-912x1024-1.jpg\" alt=\"\" class=\"wp-image-6028 size-full\" srcset=\"https:\/\/www.novotek.com\/se\/wp-content\/uploads\/sites\/2\/Industries\/Petrol_and_Chemicals\/gjodsel_duotone_-912x1024-1.jpg 912w, https:\/\/www.novotek.com\/se\/wp-content\/uploads\/sites\/2\/Industries\/Petrol_and_Chemicals\/gjodsel_duotone_-912x1024-1-267x300.jpg 267w, https:\/\/www.novotek.com\/se\/wp-content\/uploads\/sites\/2\/Industries\/Petrol_and_Chemicals\/gjodsel_duotone_-912x1024-1-768x862.jpg 768w\" sizes=\"auto, (max-width: 912px) 100vw, 912px\" \/><\/figure><div class=\"wp-block-media-text__content\"><div class=\"container-md heading  \">\n<h2 class=\"wp-block-heading\">Uppt\u00e4ck ov\u00e4ntade problem<\/h2>\n<\/div>\n\n<div class=\"container-md paragraph  \">\n<p>Med information baserad p\u00e5 data kan ni fatta mer korrekta beslut. De p\u00e5 AkzoNobel konstaterar att det har f\u00f6rb\u00e4ttrat produktionsuppf\u00f6ljningen och gjort det l\u00e4ttare att hitta orsaker bakom ov\u00e4ntade kvalitetsf\u00f6r\u00e4ndringar.<\/p>\n<\/div>\n\n<div class=\"container-md paragraph  \">\n<p>Genom att anv\u00e4nda Proficy Plant Applications tillsammans med Proficy Historian har de identifierat problem som de inte har uppt\u00e4ckt tidigare. <\/p>\n<\/div>\n\n<div class=\"container-md spacer  \">\n<div style=\"height:20px\" aria-hidden=\"true\" class=\"wp-block-spacer\"><\/div>\n<\/div>\n\n<div class=\"container-md heading  \">\n<h2 class=\"wp-block-heading\">Utbyggbar och anpassad f\u00f6r framtida behov<\/h2>\n<\/div>\n\n<div class=\"container-md paragraph  \">\n<p>N\u00e4sta steg f\u00f6r AkzoNobel Rexolin var att implementera automatiserad produktionsschemal\u00e4ggning genom att koppla Proficy Plant Applications med aff\u00e4rssystemet SAP. En av f\u00f6rdelarna med Novoteks l\u00f6sning \u00e4r att systemet kan byggas ut och anpassas. Med en \u00f6ppen l\u00f6sning kan m\u00e5nga olika system kopplas ihop utan problem.<\/p>\n<\/div>\n\n<div class=\"container-md paragraph  \">\n<p>Satsningen p\u00e5 denna l\u00f6sning har varit ett stort steg i r\u00e4tt riktning f\u00f6r oss, avslutar VD:n p\u00e5 AkzoNobel Rexolin.<\/p>\n<\/div><\/div><\/div>\n<\/div>\n\n<div class=\"container-md spacer  \">\n<div style=\"height:35px\" aria-hidden=\"true\" class=\"wp-block-spacer\"><\/div>\n<\/div>\n\n  <div class=\"slider-column-parent\">\n    <div class=\"container\">\n      <div class=\"slider-column-title\">L\u00e4s mer om l\u00f6sningarna<\/div>\n\n      <div class=\"row\">\n        <div class=\"col-12 col-md-4\"><div class=\"column-box\">\n  \n      <div class=\"title\">\n      Proficy Plant Applications    <\/div>\n  \n      <div class=\"text\">\n      <p>En komplett modulbaserad MES-l\u00f6sning.<\/p>\n    <\/div>\n  \n      <a class=\"link\"  href=\"https:\/\/www.novotek.com\/se\/losningar-och-produkter\/smart-factory-mes\/proficy-plant-applications\/\" target=\"\">\n      L\u00e4s mer    <\/a>\n  \n  <\/div>\n\n<\/div><div class=\"col-12 col-md-4\"><div class=\"column-box\">\n  \n      <div class=\"title\">\n      Proficy Historian    <\/div>\n  \n      <div class=\"text\">\n      <p>Marknadens mest kraftfulla processdatabas utvecklad f\u00f6r produktionsdata.<\/p>\n    <\/div>\n  \n      <a class=\"link\"  href=\"https:\/\/www.novotek.se\/losningar-och-produkter\/dataloggning\/proficy-historian\/\" target=\"\">\n      L\u00e4s mer     <\/a>\n  \n  <\/div>\n\n<\/div><div class=\"col-12 col-md-4\"><div class=\"column-box\">\n  \n      <div class=\"title\">\n      Proficy Scheduler    <\/div>\n  \n      <div class=\"text\">\n      <p>Ett verktyg specialiserat p\u00e5 produktionsplanering.<\/p>\n    <\/div>\n  \n      <a class=\"link\"  href=\"https:\/\/www.novotek.com\/se\/losningar-och-produkter\/produktionsplanering\/proficy-scheduler\/\" target=\"\">\n      L\u00e4s mer    <\/a>\n  \n  <\/div>\n\n<\/div>      <\/div>\n    <\/div>\n  <\/div>\n","protected":false},"excerpt":{"rendered":"<p>L\u00f6sning Produkter F\u00f6rdelar Manuell kvalitetsuppf\u00f6ljning av batchproduktion \u00e4r ofta tidskr\u00e4vande. Det var precis den utmaningen som AkzoNobel Rexolin AB stod inf\u00f6r. F\u00f6r att \u00f6ka produktionseffektiviteten och produktkvaliteten valde de d\u00e4rf\u00f6r att implementera MES-systemet Proficy Plant Applications, tillsammans med processdatabasen Proficy Historian och produktionsplaneraren Proficy Scheduler. AkzoNobel Rexolin AB hade anv\u00e4nt processdatabasen Proficy Historian i flera [&hellip;]<\/p>\n","protected":false},"author":4,"featured_media":0,"parent":840,"menu_order":0,"comment_status":"closed","ping_status":"closed","template":"","meta":{"_acf_changed":false,"_relevanssi_hide_post":"","_relevanssi_pin_for_all":"","_relevanssi_pin_keywords":"","_relevanssi_unpin_keywords":"","_relevanssi_related_keywords":"","_relevanssi_related_include_ids":"","_relevanssi_related_exclude_ids":"","_relevanssi_related_no_append":"","_relevanssi_related_not_related":"","_relevanssi_related_posts":"3389,4463,3412,4938,3405,5883","_relevanssi_noindex_reason":"","footnotes":""},"class_list":["post-5967","page","type-page","status-publish","hentry"],"acf":[],"yoast_head":"<!-- This site is optimized with the Yoast SEO plugin v27.4 - https:\/\/yoast.com\/product\/yoast-seo-wordpress\/ -->\n<title>Customer Story AkzoNobel Rexolin AB - Novotek Sverige AB<\/title>\n<meta name=\"description\" content=\"Med MES-systemet Proficy Plant Applications \u00f6kade AkzoNobel Rexolin AB produktionseffektiviteten och produktkvaliteten.\" \/>\n<meta name=\"robots\" content=\"index, follow, max-snippet:-1, max-image-preview:large, max-video-preview:-1\" \/>\n<link rel=\"canonical\" href=\"https:\/\/www.novotek.com\/se\/branscher\/petro-och-kemi\/kundhistoria-akzonobel-rexolin-ab\/\" \/>\n<meta property=\"og:locale\" content=\"sv_SE\" \/>\n<meta property=\"og:type\" content=\"article\" \/>\n<meta property=\"og:title\" content=\"Customer Story AkzoNobel Rexolin AB - Novotek Sverige AB\" \/>\n<meta property=\"og:description\" content=\"Med MES-systemet Proficy Plant Applications \u00f6kade AkzoNobel Rexolin AB produktionseffektiviteten och produktkvaliteten.\" \/>\n<meta property=\"og:url\" content=\"https:\/\/www.novotek.com\/se\/branscher\/petro-och-kemi\/kundhistoria-akzonobel-rexolin-ab\/\" \/>\n<meta property=\"og:site_name\" content=\"Novotek Sverige AB\" \/>\n<meta property=\"article:modified_time\" content=\"2025-11-21T16:17:57+00:00\" \/>\n<meta property=\"og:image\" content=\"https:\/\/www.novotek.com\/se\/wp-content\/uploads\/sites\/2\/sites\/2\/Pictograms\/novotek-check-box_rgb-1024x1024.png\" \/>\n<meta name=\"twitter:card\" content=\"summary_large_image\" \/>\n<meta name=\"twitter:label1\" content=\"Ber\u00e4knad l\u00e4stid\" \/>\n\t<meta name=\"twitter:data1\" content=\"2 minuter\" \/>\n<script type=\"application\/ld+json\" class=\"yoast-schema-graph\">{\"@context\":\"https:\\\/\\\/schema.org\",\"@graph\":[{\"@type\":\"WebPage\",\"@id\":\"https:\\\/\\\/www.novotek.com\\\/se\\\/branscher\\\/petro-och-kemi\\\/kundhistoria-akzonobel-rexolin-ab\\\/\",\"url\":\"https:\\\/\\\/www.novotek.com\\\/se\\\/branscher\\\/petro-och-kemi\\\/kundhistoria-akzonobel-rexolin-ab\\\/\",\"name\":\"Customer Story AkzoNobel Rexolin AB - Novotek Sverige AB\",\"isPartOf\":{\"@id\":\"https:\\\/\\\/www.novotek.com\\\/se\\\/#website\"},\"primaryImageOfPage\":{\"@id\":\"https:\\\/\\\/www.novotek.com\\\/se\\\/branscher\\\/petro-och-kemi\\\/kundhistoria-akzonobel-rexolin-ab\\\/#primaryimage\"},\"image\":{\"@id\":\"https:\\\/\\\/www.novotek.com\\\/se\\\/branscher\\\/petro-och-kemi\\\/kundhistoria-akzonobel-rexolin-ab\\\/#primaryimage\"},\"thumbnailUrl\":\"https:\\\/\\\/www.novotek.com\\\/se\\\/wp-content\\\/uploads\\\/sites\\\/2\\\/sites\\\/2\\\/Pictograms\\\/novotek-check-box_rgb-1024x1024.png\",\"datePublished\":\"2021-12-28T09:57:38+00:00\",\"dateModified\":\"2025-11-21T16:17:57+00:00\",\"description\":\"Med MES-systemet Proficy Plant Applications \u00f6kade AkzoNobel Rexolin AB produktionseffektiviteten och produktkvaliteten.\",\"breadcrumb\":{\"@id\":\"https:\\\/\\\/www.novotek.com\\\/se\\\/branscher\\\/petro-och-kemi\\\/kundhistoria-akzonobel-rexolin-ab\\\/#breadcrumb\"},\"inLanguage\":\"sv-SE\",\"potentialAction\":[{\"@type\":\"ReadAction\",\"target\":[\"https:\\\/\\\/www.novotek.com\\\/se\\\/branscher\\\/petro-och-kemi\\\/kundhistoria-akzonobel-rexolin-ab\\\/\"]}]},{\"@type\":\"ImageObject\",\"inLanguage\":\"sv-SE\",\"@id\":\"https:\\\/\\\/www.novotek.com\\\/se\\\/branscher\\\/petro-och-kemi\\\/kundhistoria-akzonobel-rexolin-ab\\\/#primaryimage\",\"url\":\"https:\\\/\\\/www.novotek.com\\\/se\\\/wp-content\\\/uploads\\\/sites\\\/2\\\/Pictograms\\\/novotek-check-box_rgb.png\",\"contentUrl\":\"https:\\\/\\\/www.novotek.com\\\/se\\\/wp-content\\\/uploads\\\/sites\\\/2\\\/Pictograms\\\/novotek-check-box_rgb.png\",\"width\":2355,\"height\":2354,\"caption\":\"Novotek Check box\"},{\"@type\":\"BreadcrumbList\",\"@id\":\"https:\\\/\\\/www.novotek.com\\\/se\\\/branscher\\\/petro-och-kemi\\\/kundhistoria-akzonobel-rexolin-ab\\\/#breadcrumb\",\"itemListElement\":[{\"@type\":\"ListItem\",\"position\":1,\"name\":\"Home\",\"item\":\"https:\\\/\\\/www.novotek.com\\\/se\\\/\"},{\"@type\":\"ListItem\",\"position\":2,\"name\":\"Branscher\",\"item\":\"https:\\\/\\\/www.novotek.com\\\/se\\\/branscher\\\/\"},{\"@type\":\"ListItem\",\"position\":3,\"name\":\"Petro och Kemi\",\"item\":\"https:\\\/\\\/www.novotek.com\\\/se\\\/branscher\\\/petro-och-kemi\\\/\"},{\"@type\":\"ListItem\",\"position\":4,\"name\":\"Customer Story AkzoNobel Rexolin AB\"}]},{\"@type\":\"WebSite\",\"@id\":\"https:\\\/\\\/www.novotek.com\\\/se\\\/#website\",\"url\":\"https:\\\/\\\/www.novotek.com\\\/se\\\/\",\"name\":\"Novotek Sverige AB\",\"description\":\"Connect - Digitalize - Optimize\",\"potentialAction\":[{\"@type\":\"SearchAction\",\"target\":{\"@type\":\"EntryPoint\",\"urlTemplate\":\"https:\\\/\\\/www.novotek.com\\\/se\\\/?s={search_term_string}\"},\"query-input\":{\"@type\":\"PropertyValueSpecification\",\"valueRequired\":true,\"valueName\":\"search_term_string\"}}],\"inLanguage\":\"sv-SE\"}]}<\/script>\n<!-- \/ Yoast SEO plugin. -->","yoast_head_json":{"title":"Customer Story AkzoNobel Rexolin AB - Novotek Sverige AB","description":"Med MES-systemet Proficy Plant Applications \u00f6kade AkzoNobel Rexolin AB produktionseffektiviteten och produktkvaliteten.","robots":{"index":"index","follow":"follow","max-snippet":"max-snippet:-1","max-image-preview":"max-image-preview:large","max-video-preview":"max-video-preview:-1"},"canonical":"https:\/\/www.novotek.com\/se\/branscher\/petro-och-kemi\/kundhistoria-akzonobel-rexolin-ab\/","og_locale":"sv_SE","og_type":"article","og_title":"Customer Story AkzoNobel Rexolin AB - Novotek Sverige AB","og_description":"Med MES-systemet Proficy Plant Applications \u00f6kade AkzoNobel Rexolin AB produktionseffektiviteten och produktkvaliteten.","og_url":"https:\/\/www.novotek.com\/se\/branscher\/petro-och-kemi\/kundhistoria-akzonobel-rexolin-ab\/","og_site_name":"Novotek Sverige AB","article_modified_time":"2025-11-21T16:17:57+00:00","og_image":[{"url":"https:\/\/www.novotek.com\/se\/wp-content\/uploads\/sites\/2\/sites\/2\/Pictograms\/novotek-check-box_rgb-1024x1024.png","type":"","width":"","height":""}],"twitter_card":"summary_large_image","twitter_misc":{"Ber\u00e4knad l\u00e4stid":"2 minuter"},"schema":{"@context":"https:\/\/schema.org","@graph":[{"@type":"WebPage","@id":"https:\/\/www.novotek.com\/se\/branscher\/petro-och-kemi\/kundhistoria-akzonobel-rexolin-ab\/","url":"https:\/\/www.novotek.com\/se\/branscher\/petro-och-kemi\/kundhistoria-akzonobel-rexolin-ab\/","name":"Customer Story AkzoNobel Rexolin AB - Novotek Sverige AB","isPartOf":{"@id":"https:\/\/www.novotek.com\/se\/#website"},"primaryImageOfPage":{"@id":"https:\/\/www.novotek.com\/se\/branscher\/petro-och-kemi\/kundhistoria-akzonobel-rexolin-ab\/#primaryimage"},"image":{"@id":"https:\/\/www.novotek.com\/se\/branscher\/petro-och-kemi\/kundhistoria-akzonobel-rexolin-ab\/#primaryimage"},"thumbnailUrl":"https:\/\/www.novotek.com\/se\/wp-content\/uploads\/sites\/2\/sites\/2\/Pictograms\/novotek-check-box_rgb-1024x1024.png","datePublished":"2021-12-28T09:57:38+00:00","dateModified":"2025-11-21T16:17:57+00:00","description":"Med MES-systemet Proficy Plant Applications \u00f6kade AkzoNobel Rexolin AB produktionseffektiviteten och produktkvaliteten.","breadcrumb":{"@id":"https:\/\/www.novotek.com\/se\/branscher\/petro-och-kemi\/kundhistoria-akzonobel-rexolin-ab\/#breadcrumb"},"inLanguage":"sv-SE","potentialAction":[{"@type":"ReadAction","target":["https:\/\/www.novotek.com\/se\/branscher\/petro-och-kemi\/kundhistoria-akzonobel-rexolin-ab\/"]}]},{"@type":"ImageObject","inLanguage":"sv-SE","@id":"https:\/\/www.novotek.com\/se\/branscher\/petro-och-kemi\/kundhistoria-akzonobel-rexolin-ab\/#primaryimage","url":"https:\/\/www.novotek.com\/se\/wp-content\/uploads\/sites\/2\/Pictograms\/novotek-check-box_rgb.png","contentUrl":"https:\/\/www.novotek.com\/se\/wp-content\/uploads\/sites\/2\/Pictograms\/novotek-check-box_rgb.png","width":2355,"height":2354,"caption":"Novotek Check box"},{"@type":"BreadcrumbList","@id":"https:\/\/www.novotek.com\/se\/branscher\/petro-och-kemi\/kundhistoria-akzonobel-rexolin-ab\/#breadcrumb","itemListElement":[{"@type":"ListItem","position":1,"name":"Home","item":"https:\/\/www.novotek.com\/se\/"},{"@type":"ListItem","position":2,"name":"Branscher","item":"https:\/\/www.novotek.com\/se\/branscher\/"},{"@type":"ListItem","position":3,"name":"Petro och Kemi","item":"https:\/\/www.novotek.com\/se\/branscher\/petro-och-kemi\/"},{"@type":"ListItem","position":4,"name":"Customer Story AkzoNobel Rexolin AB"}]},{"@type":"WebSite","@id":"https:\/\/www.novotek.com\/se\/#website","url":"https:\/\/www.novotek.com\/se\/","name":"Novotek Sverige AB","description":"Connect - Digitalize - Optimize","potentialAction":[{"@type":"SearchAction","target":{"@type":"EntryPoint","urlTemplate":"https:\/\/www.novotek.com\/se\/?s={search_term_string}"},"query-input":{"@type":"PropertyValueSpecification","valueRequired":true,"valueName":"search_term_string"}}],"inLanguage":"sv-SE"}]}},"_links":{"self":[{"href":"https:\/\/www.novotek.com\/se\/wp-json\/wp\/v2\/pages\/5967","targetHints":{"allow":["GET"]}}],"collection":[{"href":"https:\/\/www.novotek.com\/se\/wp-json\/wp\/v2\/pages"}],"about":[{"href":"https:\/\/www.novotek.com\/se\/wp-json\/wp\/v2\/types\/page"}],"author":[{"embeddable":true,"href":"https:\/\/www.novotek.com\/se\/wp-json\/wp\/v2\/users\/4"}],"replies":[{"embeddable":true,"href":"https:\/\/www.novotek.com\/se\/wp-json\/wp\/v2\/comments?post=5967"}],"version-history":[{"count":18,"href":"https:\/\/www.novotek.com\/se\/wp-json\/wp\/v2\/pages\/5967\/revisions"}],"predecessor-version":[{"id":20021,"href":"https:\/\/www.novotek.com\/se\/wp-json\/wp\/v2\/pages\/5967\/revisions\/20021"}],"up":[{"embeddable":true,"href":"https:\/\/www.novotek.com\/se\/wp-json\/wp\/v2\/pages\/840"}],"wp:attachment":[{"href":"https:\/\/www.novotek.com\/se\/wp-json\/wp\/v2\/media?parent=5967"}],"curies":[{"name":"wp","href":"https:\/\/api.w.org\/{rel}","templated":true}]}}