{"id":5970,"date":"2021-12-28T10:07:37","date_gmt":"2021-12-28T10:07:37","guid":{"rendered":"https:\/\/www.novotek.com\/se\/?page_id=5970"},"modified":"2025-11-21T16:23:25","modified_gmt":"2025-11-21T16:23:25","slug":"customer-story-nouryon","status":"publish","type":"page","link":"https:\/\/www.novotek.com\/se\/branscher\/petro-och-kemi\/customer-story-nouryon\/","title":{"rendered":"Customer Story Nouryon"},"content":{"rendered":"  <div class=\"hero\">\n    <div class=\"carousel hero-slider small\" data-flickity data-flickity-options='{\"prevNextButtons\": false}'>\n              <div class=\"carousel-cell\">\n          <div class=\"container\">\n            <div class=\"hero-content\">\n                              <h5>Referanse<\/h5>\n<h1>Nouryon<\/h1>\n<p>Nouryon, tidigare Eka Chemicals, anv\u00e4nder Proficy-l\u00f6sningar f\u00f6r global styrning och \u00f6vervakning av sina produktionsanl\u00e4ggningar.<\/p>\n              \n                          <\/div>\n          <\/div>\n\n          <img decoding=\"async\" width=\"1024\" height=\"427\" src=\"https:\/\/www.novotek.com\/se\/wp-content\/uploads\/sites\/2\/Industries\/Petrol_and_Chemicals\/Lab_staff_1920x800_2-1024x427.jpg.webp\" class=\"hero-bg\" alt=\"Hero Img\" fetchpriority=\"high\" srcset=\"https:\/\/www.novotek.com\/se\/wp-content\/uploads\/sites\/2\/Industries\/Petrol_and_Chemicals\/Lab_staff_1920x800_2-1024x427.jpg.webp 1024w, https:\/\/www.novotek.com\/se\/wp-content\/uploads\/sites\/2\/Industries\/Petrol_and_Chemicals\/Lab_staff_1920x800_2-300x125.jpg.webp 300w, https:\/\/www.novotek.com\/se\/wp-content\/uploads\/sites\/2\/Industries\/Petrol_and_Chemicals\/Lab_staff_1920x800_2-768x320.jpg.webp 768w, https:\/\/www.novotek.com\/se\/wp-content\/uploads\/sites\/2\/Industries\/Petrol_and_Chemicals\/Lab_staff_1920x800_2-1536x640.jpg.webp 1536w, https:\/\/www.novotek.com\/se\/wp-content\/uploads\/sites\/2\/Industries\/Petrol_and_Chemicals\/Lab_staff_1920x800_2.jpg.webp 1920w\" sizes=\"(max-width: 1024px) 100vw, 1024px\" \/>                  <\/div>\n          <\/div>\n\n      <\/div>\n\n   <div class=\"floating-breadcrumb\"><div class=\"container\"><span><span><a href=\"https:\/\/www.novotek.com\/se\/\" class=\"breadcrumb-frontpage\">Home<\/a><\/span><\/span><\/div><\/div>\n\n\n<div class=\"quotes-parent\">\n  <div class=\"container\">\n    <div class=\"carousel quotes-carousel\">\n              <div class=\"quote-cell carousel-cell\">\n          <div class=\"container-quote\">\n            <strong>&#8221;Med Novoteks l\u00f6sning kan vi koppla samman produktionsanl\u00e4ggningar globalt och \u00f6vervaka och fj\u00e4rrstyra hela anl\u00e4ggningar.&#8221;<\/strong>\n            <span>Tidigare projektledare och globalt ansvarig f\u00f6r industriell IT p\u00e5 Eka Chemicals AB, nu Director of Digitalization hos Nouryon.<\/span>\n          <\/div>\n        <\/div>\n          <\/div>\n  <\/div>\n<\/div>\n\n\n<div class=\"container-md columns  \">\n<div class=\"wp-block-columns is-layout-flex wp-container-core-columns-is-layout-9d6595d7 wp-block-columns-is-layout-flex\"><div class=\"container-md column  \">\n<div class=\"wp-block-column is-layout-flow wp-block-column-is-layout-flow\"><div class=\"container-md heading  \">\n<h4 class=\"wp-block-heading\">L\u00f6sning<\/h4>\n<\/div>\n\n<div class=\"container-md list  \">\n<ul id=\"block-d063825a-443c-4258-82cf-b4957aba7416\" class=\"wp-block-list\"><div class=\"container-md list-item  \">\n<li>Produktionsstyrning<\/li>\n<\/div>\n\n<div class=\"container-md list-item  \">\n<li>Globalt informationssystem<\/li>\n<\/div>\n\n<div class=\"container-md list-item  \">\n<li>Operat\u00f6rsystem<\/li>\n<\/div><\/ul>\n<\/div>\n\n<div class=\"container-md spacer  \">\n<div style=\"height:15px\" aria-hidden=\"true\" class=\"wp-block-spacer\"><\/div>\n<\/div>\n\n<div class=\"container-md heading  \">\n<h4 class=\"wp-block-heading\">Produkter<\/h4>\n<\/div>\n\n<div class=\"container-md list  \">\n<ul id=\"block-2d4fa3a5-0225-45d9-b019-8a335f11a235\" class=\"wp-block-list\"><div class=\"container-md list-item  \">\n<li><a href=\"https:\/\/www.novotek.com\/se\/losningar-och-produkter\/operatorssystem-hmi-scada\/ifix-hmi-scada\/\">iFIX HMI\/SCADA<\/a><\/li>\n<\/div>\n\n<div class=\"container-md list-item  \">\n<li><a href=\"https:\/\/www.novotek.com\/se\/losningar-och-produkter\/smart-factory-mes\/proficy-plant-applications\/\">Proficy Plant Applications<\/a><\/li>\n<\/div>\n\n<div class=\"container-md list-item  \">\n<li><a href=\"https:\/\/www.novotek.com\/se\/losningar-och-produkter\/dataloggning\/proficy-historian\/\">Proficy Historian<\/a><\/li>\n<\/div>\n\n<div class=\"container-md list-item  \">\n<li><a href=\"https:\/\/www.novotek.com\/se\/losningar-och-produkter\/produktionsplanering\/proficy-scheduler\/\">Proficy Scheduler<\/a> (tidigare kallat ROB-EX Scheduler)<\/li>\n<\/div><\/ul>\n<\/div>\n\n<div class=\"container-md spacer  \">\n<div style=\"height:15px\" aria-hidden=\"true\" class=\"wp-block-spacer\"><\/div>\n<\/div>\n\n<div class=\"container-md heading  \">\n<h4 class=\"wp-block-heading\">F\u00f6rdelar<\/h4>\n<\/div>\n\n<div class=\"container-md list  \">\n<ul class=\"wp-block-list\"><div class=\"container-md list-item  \">\n<li>Globat samarbete<\/li>\n<\/div>\n\n<div class=\"container-md list-item  \">\n<li>Fj\u00e4rr\u00f6vervakning och fj\u00e4rrkontroll<\/li>\n<\/div>\n\n<div class=\"container-md list-item  \">\n<li>En integrerad l\u00f6sning<\/li>\n<\/div>\n\n<div class=\"container-md list-item  \">\n<li>Gradvis expansion<\/li>\n<\/div><\/ul>\n<\/div><\/div>\n<\/div>\n\n<div class=\"container-md column  \">\n<div class=\"wp-block-column is-layout-flow wp-block-column-is-layout-flow\"><div class=\"wp-block-image\"><div class=\"container-md image  alignright\">\n<figure class=\"alignright size-large is-resized\"><img loading=\"lazy\" decoding=\"async\" width=\"1024\" height=\"1024\" src=\"https:\/\/www.novotek.com\/se\/wp-content\/uploads\/sites\/2\/sites\/2\/Pictograms\/novotek-check-box_rgb-1024x1024.png\" alt=\"Novotek Sverige AB\" class=\"wp-image-1075\" style=\"width:246px;height:246px\" srcset=\"https:\/\/www.novotek.com\/se\/wp-content\/uploads\/sites\/2\/Pictograms\/novotek-check-box_rgb-1024x1024.png 1024w, https:\/\/www.novotek.com\/se\/wp-content\/uploads\/sites\/2\/Pictograms\/novotek-check-box_rgb-300x300.png 300w, https:\/\/www.novotek.com\/se\/wp-content\/uploads\/sites\/2\/Pictograms\/novotek-check-box_rgb-150x150.png 150w, https:\/\/www.novotek.com\/se\/wp-content\/uploads\/sites\/2\/Pictograms\/novotek-check-box_rgb-768x768.png 768w, https:\/\/www.novotek.com\/se\/wp-content\/uploads\/sites\/2\/Pictograms\/novotek-check-box_rgb-1536x1536.png 1536w, https:\/\/www.novotek.com\/se\/wp-content\/uploads\/sites\/2\/Pictograms\/novotek-check-box_rgb-2048x2048.png 2048w\" sizes=\"auto, (max-width: 1024px) 100vw, 1024px\" \/><\/figure>\n<\/div><\/div><\/div>\n<\/div><\/div>\n<\/div>\n\n<div class=\"container-md spacer  \">\n<div style=\"height:30px\" aria-hidden=\"true\" class=\"wp-block-spacer\"><\/div>\n<\/div>\n\n<div class=\"container-md paragraph  \">\n<p>Nouryon, tidigare Eka Chemicals, kopplade ihop sina produktionsanl\u00e4ggningar globalt med hj\u00e4lp av en samling Proficy-l\u00f6sningar fr\u00e5n<a href=\"https:\/\/www.gevernova.com\/\"> GE Vernova<\/a>. Resultatet blev ett globalt samarbete och m\u00f6jlighet till fj\u00e4rr\u00f6vervakning och fj\u00e4rrstyrning \u2013 i en integrerad l\u00f6sning.<\/p>\n<\/div>\n\n<div class=\"container-md spacer  \">\n<div style=\"height:50px\" aria-hidden=\"true\" class=\"wp-block-spacer\"><\/div>\n<\/div>\n\n  <div class=\"hero\">\n    <div class=\"carousel hero-slider small\" data-flickity data-flickity-options='{\"prevNextButtons\": false}'>\n              <div class=\"carousel-cell\">\n          <div class=\"container\">\n            <div class=\"hero-content\">\n                              <h2>Om Nouryon och Eka Chemicals<\/h2>\n<p>Nouryon f\u00f6rv\u00e4rvade Eka Chemicals 2018. Med \u00f6ver 50 produktionsanl\u00e4ggningar v\u00e4rlden \u00f6ver \u00e4r Nouryon en v\u00e4rldsledande leverant\u00f6r av blekkemikalier, papperskemikalier och kompletta systeml\u00f6sningar f\u00f6r pappers- och massaindustrin.<\/p>\n              \n                          <\/div>\n          <\/div>\n\n          <img decoding=\"async\" width=\"1024\" height=\"427\" src=\"https:\/\/www.novotek.com\/se\/wp-content\/uploads\/sites\/2\/Industries\/Petrol_and_Chemicals\/Petrol_Chemicals_header_1920x800-1024x427.jpg\" class=\"hero-bg\" alt=\"Hero Img\" fetchpriority=\"high\" srcset=\"https:\/\/www.novotek.com\/se\/wp-content\/uploads\/sites\/2\/Industries\/Petrol_and_Chemicals\/Petrol_Chemicals_header_1920x800-1024x427.jpg 1024w, https:\/\/www.novotek.com\/se\/wp-content\/uploads\/sites\/2\/Industries\/Petrol_and_Chemicals\/Petrol_Chemicals_header_1920x800-300x125.jpg 300w, https:\/\/www.novotek.com\/se\/wp-content\/uploads\/sites\/2\/Industries\/Petrol_and_Chemicals\/Petrol_Chemicals_header_1920x800-768x320.jpg 768w, https:\/\/www.novotek.com\/se\/wp-content\/uploads\/sites\/2\/Industries\/Petrol_and_Chemicals\/Petrol_Chemicals_header_1920x800-1536x640.jpg 1536w, https:\/\/www.novotek.com\/se\/wp-content\/uploads\/sites\/2\/Industries\/Petrol_and_Chemicals\/Petrol_Chemicals_header_1920x800.jpg 1920w\" sizes=\"(max-width: 1024px) 100vw, 1024px\" \/>                  <\/div>\n          <\/div>\n\n      <\/div>\n\n   \n\n\n<div class=\"container-md paragraph  \">\n<p>Som ett resultat av den \u00f6kade anv\u00e4ndningen av v\u00e4teperoxid under 1990-talet ut\u00f6kade Eka Chemicals med flera nya fabriker. Med produktionsanl\u00e4ggningarna utspridda \u00f6ver hela v\u00e4rlden fanns det ett behov av ett system som kunde j\u00e4mf\u00f6ra produktionsprocessen mellan anl\u00e4ggningarna. D\u00e4rmed implementerades EPI-systemet, EKA Chemicals Process Information.<\/p>\n<\/div>\n\n<div class=\"container-md paragraph  \">\n<p>Inledningsvis kopplades sex v\u00e4teperoxidanl\u00e4ggningar samman med hj\u00e4lp av ett EPI. Idag \u00e4r n\u00e4stan alla anl\u00e4ggningar runt om i v\u00e4rlden anslutna. Systemet best\u00e5r av flera av GE Vernovas Proficy-produkter: HMI\/SCADA-l\u00f6sningen iFIX, MES-systemet Plant Applications och processdatabasen Historian. Dessutom \u00e4r systemet kopplat till produktionsplaneraren Proficy Scheduler, Excel och ett antal skr\u00e4ddarsydda applikationer.<\/p>\n<\/div>\n\n<div class=\"container-md paragraph  \">\n<p>I byggandet av systemet har vi fokuserat p\u00e5 att inkludera alla niv\u00e5er i organisationen, f\u00f6r att skapa ett verktyg som underl\u00e4ttar samarbetet, f\u00f6rklarar en tidigare projektledare och globalt ansvarig f\u00f6r industriell IT p\u00e5 Eka Chemicals AB, numera Digitaliseringsdirekt\u00f6r p\u00e5 Nouryon.<\/p>\n<\/div>\n\n<div class=\"container media-text  align\">\n<div class=\"wp-block-media-text is-stacked-on-mobile\"><figure class=\"wp-block-media-text__media\"><img loading=\"lazy\" decoding=\"async\" width=\"1024\" height=\"807\" src=\"https:\/\/www.novotek.com\/se\/wp-content\/uploads\/sites\/2\/sites\/2\/Industries\/Petrol_and_Chemicals\/Chemical-industry-1024x807-1.jpg\" alt=\"\" class=\"wp-image-6025 size-full\" srcset=\"https:\/\/www.novotek.com\/se\/wp-content\/uploads\/sites\/2\/Industries\/Petrol_and_Chemicals\/Chemical-industry-1024x807-1.jpg 1024w, https:\/\/www.novotek.com\/se\/wp-content\/uploads\/sites\/2\/Industries\/Petrol_and_Chemicals\/Chemical-industry-1024x807-1-300x236.jpg 300w, https:\/\/www.novotek.com\/se\/wp-content\/uploads\/sites\/2\/Industries\/Petrol_and_Chemicals\/Chemical-industry-1024x807-1-768x605.jpg 768w\" sizes=\"auto, (max-width: 1024px) 100vw, 1024px\" \/><\/figure><div class=\"wp-block-media-text__content\"><div class=\"container-md heading  \">\n<h2 class=\"wp-block-heading\">Globalt styrsystem<\/h2>\n<\/div>\n\n<div class=\"container-md paragraph  \">\n<p>Ett av de tydligaste resultaten efter implementeringen av EPI \u00e4r hur de olika produktionsanl\u00e4ggningarna kan samarbeta \u00f6ver nationsgr\u00e4nserna. Alla anslutna fabriker har tillg\u00e5ng till varandra och man kan snabbt h\u00e4mta information om global status.<\/p>\n<\/div>\n\n<div class=\"container-md paragraph  \">\n<p>Tidigare arbetade Nouryon mer lokalt. Varje anl\u00e4ggning sk\u00f6tte sig sj\u00e4lv och sina egna uppgifter. Nu kan en operat\u00f6r i Bohus ge kvalificerat anv\u00e4ndarst\u00f6d till en operat\u00f6r i USA, och vice versa.<\/p>\n<\/div>\n\n<div class=\"container-md paragraph  \">\n<p>En annan sp\u00e4nnande funktion som EPI har gett dem \u00e4r m\u00f6jligheten att fj\u00e4rrstyra hela anl\u00e4ggningar. Ett exempel \u00e4r anl\u00e4ggningen p\u00e5 Rjukan i Norge, d\u00e4r valet stod mellan att l\u00e4gga ner verksamheten eller minska personalstyrkan rej\u00e4lt.<\/p>\n<\/div>\n\n<div class=\"container-md paragraph  \">\n<p>L\u00f6sningen blev att k\u00f6ra Rjukanfabriken obemannad nattetid, med \u00f6vervakning fr\u00e5n Bohus, f\u00f6rklarar de och till\u00e4gger att \u00f6vervakningen g\u00f6rs med hj\u00e4lp av avancerade kamerasystem och ett s\u00e4kerhetssystem f\u00f6r att undvika kritiska incidenter.<\/p>\n<\/div>\n\n<div class=\"container-md spacer  \">\n<div style=\"height:20px\" aria-hidden=\"true\" class=\"wp-block-spacer\"><\/div>\n<\/div><\/div><\/div>\n<\/div>\n\n<div class=\"container-md heading  \">\n<h2 class=\"wp-block-heading\">Gradvis implementering<\/h2>\n<\/div>\n\n<div class=\"container-md paragraph  \">\n<p>Eka Chemicals och Nouryon valde att ut\u00f6ka EPI-l\u00f6sningen successivt. Fr\u00e5n att ha inkluderat ungef\u00e4r h\u00e4lften av produktionsanl\u00e4ggningarna tidigare t\u00e4cker systemet nu de allra flesta fabriker runt om i v\u00e4rlden.<\/p>\n<\/div>\n\n<div class=\"container-md paragraph  \">\n<p>V\u00e5rt m\u00e5l var att alla anl\u00e4ggningar inom koncernen skulle vara anslutna inom fem \u00e5r. Implementeringen har skett gradvis f\u00f6r att kunna s\u00e4kerst\u00e4lla b\u00e4sta m\u00f6jliga implementering, avslutar Digitaliseringsdirekt\u00f6ren.<\/p>\n<\/div>\n\n<div class=\"container-md spacer  \">\n<div style=\"height:50px\" aria-hidden=\"true\" class=\"wp-block-spacer\"><\/div>\n<\/div>\n\n  <div class=\"slider-column-parent\">\n    <div class=\"container\">\n      <div class=\"slider-column-title\">L\u00e4s mer om l\u00f6sningarna<\/div>\n\n      <div class=\"slider-column\">\n        <div class=\"slider-cell carousel-cell large\"><div class=\"column-box\">\n  \n      <div class=\"title\">\n      iFIX HMI\/SCADA    <\/div>\n  \n      <div class=\"text\">\n      <p>Den mest kompletta HMI\/SCADA-l\u00f6sningen p\u00e5 marknaden.<\/p>\n    <\/div>\n  \n      <a class=\"link\"  href=\"https:\/\/www.novotek.com\/se\/losningar-och-produkter\/operatorssystem-hmi-scada\/ifix-hmi-scada\/\" target=\"\">\n      L\u00e4s mer    <\/a>\n  \n  <\/div>\n\n<\/div><div class=\"slider-cell carousel-cell large\"><div class=\"column-box\">\n  \n      <div class=\"title\">\n      Proficy Plant Applications    <\/div>\n  \n      <div class=\"text\">\n      <p>En komplett modulbaserad MES-l\u00f6sning.<\/p>\n    <\/div>\n  \n      <a class=\"link\"  href=\"https:\/\/www.novotek.com\/se\/losningar-och-produkter\/smart-factory-mes\/proficy-plant-applications\/\" target=\"\">\n      L\u00e4s mer    <\/a>\n  \n  <\/div>\n\n<\/div><div class=\"slider-cell carousel-cell large\"><div class=\"column-box\">\n  \n      <div class=\"title\">\n      Proficy Historian    <\/div>\n  \n      <div class=\"text\">\n      <p>Marknadens mest kraftfulla processdatabas utvecklad f\u00f6r produktionsdata.<\/p>\n    <\/div>\n  \n      <a class=\"link\"  href=\"https:\/\/www.novotek.com\/se\/losningar-och-produkter\/dataloggning\/proficy-historian\/\" target=\"\">\n      L\u00e4s mer    <\/a>\n  \n  <\/div>\n\n<\/div><div class=\"slider-cell carousel-cell large\"><div class=\"column-box\">\n  \n      <div class=\"title\">\n      Proficy Scheduler    <\/div>\n  \n      <div class=\"text\">\n      <p>Ett verktyg specialiserat p\u00e5 produktionsplanering.<\/p>\n    <\/div>\n  \n      <a class=\"link\"  href=\"https:\/\/www.novotek.com\/se\/losningar-och-produkter\/produktionsplanering\/proficy-scheduler\/\" target=\"\">\n      L\u00e4s mer    <\/a>\n  \n  <\/div>\n\n<\/div>      <\/div>\n    <\/div>\n  <\/div>\n","protected":false},"excerpt":{"rendered":"<p>L\u00f6sning Produkter F\u00f6rdelar Nouryon, tidigare Eka Chemicals, kopplade ihop sina produktionsanl\u00e4ggningar globalt med hj\u00e4lp av en samling Proficy-l\u00f6sningar fr\u00e5n GE Vernova. Resultatet blev ett globalt samarbete och m\u00f6jlighet till fj\u00e4rr\u00f6vervakning och fj\u00e4rrstyrning \u2013 i en integrerad l\u00f6sning. Som ett resultat av den \u00f6kade anv\u00e4ndningen av v\u00e4teperoxid under 1990-talet ut\u00f6kade Eka Chemicals med flera nya fabriker. [&hellip;]<\/p>\n","protected":false},"author":4,"featured_media":0,"parent":840,"menu_order":0,"comment_status":"closed","ping_status":"closed","template":"","meta":{"_acf_changed":false,"_relevanssi_hide_post":"","_relevanssi_pin_for_all":"","_relevanssi_pin_keywords":"","_relevanssi_unpin_keywords":"","_relevanssi_related_keywords":"","_relevanssi_related_include_ids":"","_relevanssi_related_exclude_ids":"","_relevanssi_related_no_append":"","_relevanssi_related_not_related":"","_relevanssi_related_posts":"5315,3389,5343,4996,4463,5215","_relevanssi_noindex_reason":"","footnotes":""},"class_list":["post-5970","page","type-page","status-publish","hentry"],"acf":[],"yoast_head":"<!-- This site is optimized with the Yoast SEO plugin v27.4 - https:\/\/yoast.com\/product\/yoast-seo-wordpress\/ -->\n<title>Customer Story Nouryon - Novotek Sverige AB<\/title>\n<meta name=\"description\" content=\"Nouryon, tidigare Eka Chemicals, anv\u00e4nder Proficy-l\u00f6sningar f\u00f6r global styrning och \u00f6vervakning av sina produktionsanl\u00e4ggningar.\" \/>\n<meta name=\"robots\" content=\"index, follow, max-snippet:-1, max-image-preview:large, max-video-preview:-1\" \/>\n<link rel=\"canonical\" href=\"https:\/\/www.novotek.com\/se\/branscher\/petro-och-kemi\/customer-story-nouryon\/\" \/>\n<meta property=\"og:locale\" content=\"sv_SE\" \/>\n<meta property=\"og:type\" content=\"article\" \/>\n<meta property=\"og:title\" content=\"Customer Story Nouryon - Novotek Sverige AB\" \/>\n<meta property=\"og:description\" content=\"Nouryon, tidigare Eka Chemicals, anv\u00e4nder Proficy-l\u00f6sningar f\u00f6r global styrning och \u00f6vervakning av sina produktionsanl\u00e4ggningar.\" \/>\n<meta property=\"og:url\" content=\"https:\/\/www.novotek.com\/se\/branscher\/petro-och-kemi\/customer-story-nouryon\/\" \/>\n<meta property=\"og:site_name\" content=\"Novotek Sverige AB\" \/>\n<meta property=\"article:modified_time\" content=\"2025-11-21T16:23:25+00:00\" \/>\n<meta property=\"og:image\" content=\"https:\/\/www.novotek.com\/se\/wp-content\/uploads\/sites\/2\/sites\/2\/Pictograms\/novotek-check-box_rgb-1024x1024.png\" \/>\n<meta name=\"twitter:card\" content=\"summary_large_image\" \/>\n<meta name=\"twitter:label1\" content=\"Ber\u00e4knad l\u00e4stid\" \/>\n\t<meta name=\"twitter:data1\" content=\"3 minuter\" \/>\n<script type=\"application\/ld+json\" class=\"yoast-schema-graph\">{\"@context\":\"https:\\\/\\\/schema.org\",\"@graph\":[{\"@type\":\"WebPage\",\"@id\":\"https:\\\/\\\/www.novotek.com\\\/se\\\/branscher\\\/petro-och-kemi\\\/customer-story-nouryon\\\/\",\"url\":\"https:\\\/\\\/www.novotek.com\\\/se\\\/branscher\\\/petro-och-kemi\\\/customer-story-nouryon\\\/\",\"name\":\"Customer Story Nouryon - Novotek Sverige AB\",\"isPartOf\":{\"@id\":\"https:\\\/\\\/www.novotek.com\\\/se\\\/#website\"},\"primaryImageOfPage\":{\"@id\":\"https:\\\/\\\/www.novotek.com\\\/se\\\/branscher\\\/petro-och-kemi\\\/customer-story-nouryon\\\/#primaryimage\"},\"image\":{\"@id\":\"https:\\\/\\\/www.novotek.com\\\/se\\\/branscher\\\/petro-och-kemi\\\/customer-story-nouryon\\\/#primaryimage\"},\"thumbnailUrl\":\"https:\\\/\\\/www.novotek.com\\\/se\\\/wp-content\\\/uploads\\\/sites\\\/2\\\/sites\\\/2\\\/Pictograms\\\/novotek-check-box_rgb-1024x1024.png\",\"datePublished\":\"2021-12-28T10:07:37+00:00\",\"dateModified\":\"2025-11-21T16:23:25+00:00\",\"description\":\"Nouryon, tidigare Eka Chemicals, anv\u00e4nder Proficy-l\u00f6sningar f\u00f6r global styrning och \u00f6vervakning av sina produktionsanl\u00e4ggningar.\",\"breadcrumb\":{\"@id\":\"https:\\\/\\\/www.novotek.com\\\/se\\\/branscher\\\/petro-och-kemi\\\/customer-story-nouryon\\\/#breadcrumb\"},\"inLanguage\":\"sv-SE\",\"potentialAction\":[{\"@type\":\"ReadAction\",\"target\":[\"https:\\\/\\\/www.novotek.com\\\/se\\\/branscher\\\/petro-och-kemi\\\/customer-story-nouryon\\\/\"]}]},{\"@type\":\"ImageObject\",\"inLanguage\":\"sv-SE\",\"@id\":\"https:\\\/\\\/www.novotek.com\\\/se\\\/branscher\\\/petro-och-kemi\\\/customer-story-nouryon\\\/#primaryimage\",\"url\":\"https:\\\/\\\/www.novotek.com\\\/se\\\/wp-content\\\/uploads\\\/sites\\\/2\\\/Pictograms\\\/novotek-check-box_rgb.png\",\"contentUrl\":\"https:\\\/\\\/www.novotek.com\\\/se\\\/wp-content\\\/uploads\\\/sites\\\/2\\\/Pictograms\\\/novotek-check-box_rgb.png\",\"width\":2355,\"height\":2354,\"caption\":\"Novotek Check box\"},{\"@type\":\"BreadcrumbList\",\"@id\":\"https:\\\/\\\/www.novotek.com\\\/se\\\/branscher\\\/petro-och-kemi\\\/customer-story-nouryon\\\/#breadcrumb\",\"itemListElement\":[{\"@type\":\"ListItem\",\"position\":1,\"name\":\"Home\",\"item\":\"https:\\\/\\\/www.novotek.com\\\/se\\\/\"},{\"@type\":\"ListItem\",\"position\":2,\"name\":\"Branscher\",\"item\":\"https:\\\/\\\/www.novotek.com\\\/se\\\/branscher\\\/\"},{\"@type\":\"ListItem\",\"position\":3,\"name\":\"Petro och Kemi\",\"item\":\"https:\\\/\\\/www.novotek.com\\\/se\\\/branscher\\\/petro-och-kemi\\\/\"},{\"@type\":\"ListItem\",\"position\":4,\"name\":\"Customer Story Nouryon\"}]},{\"@type\":\"WebSite\",\"@id\":\"https:\\\/\\\/www.novotek.com\\\/se\\\/#website\",\"url\":\"https:\\\/\\\/www.novotek.com\\\/se\\\/\",\"name\":\"Novotek Sverige AB\",\"description\":\"Connect - Digitalize - Optimize\",\"potentialAction\":[{\"@type\":\"SearchAction\",\"target\":{\"@type\":\"EntryPoint\",\"urlTemplate\":\"https:\\\/\\\/www.novotek.com\\\/se\\\/?s={search_term_string}\"},\"query-input\":{\"@type\":\"PropertyValueSpecification\",\"valueRequired\":true,\"valueName\":\"search_term_string\"}}],\"inLanguage\":\"sv-SE\"}]}<\/script>\n<!-- \/ Yoast SEO plugin. -->","yoast_head_json":{"title":"Customer Story Nouryon - Novotek Sverige AB","description":"Nouryon, tidigare Eka Chemicals, anv\u00e4nder Proficy-l\u00f6sningar f\u00f6r global styrning och \u00f6vervakning av sina produktionsanl\u00e4ggningar.","robots":{"index":"index","follow":"follow","max-snippet":"max-snippet:-1","max-image-preview":"max-image-preview:large","max-video-preview":"max-video-preview:-1"},"canonical":"https:\/\/www.novotek.com\/se\/branscher\/petro-och-kemi\/customer-story-nouryon\/","og_locale":"sv_SE","og_type":"article","og_title":"Customer Story Nouryon - Novotek Sverige AB","og_description":"Nouryon, tidigare Eka Chemicals, anv\u00e4nder Proficy-l\u00f6sningar f\u00f6r global styrning och \u00f6vervakning av sina produktionsanl\u00e4ggningar.","og_url":"https:\/\/www.novotek.com\/se\/branscher\/petro-och-kemi\/customer-story-nouryon\/","og_site_name":"Novotek Sverige AB","article_modified_time":"2025-11-21T16:23:25+00:00","og_image":[{"url":"https:\/\/www.novotek.com\/se\/wp-content\/uploads\/sites\/2\/sites\/2\/Pictograms\/novotek-check-box_rgb-1024x1024.png","type":"","width":"","height":""}],"twitter_card":"summary_large_image","twitter_misc":{"Ber\u00e4knad l\u00e4stid":"3 minuter"},"schema":{"@context":"https:\/\/schema.org","@graph":[{"@type":"WebPage","@id":"https:\/\/www.novotek.com\/se\/branscher\/petro-och-kemi\/customer-story-nouryon\/","url":"https:\/\/www.novotek.com\/se\/branscher\/petro-och-kemi\/customer-story-nouryon\/","name":"Customer Story Nouryon - Novotek Sverige AB","isPartOf":{"@id":"https:\/\/www.novotek.com\/se\/#website"},"primaryImageOfPage":{"@id":"https:\/\/www.novotek.com\/se\/branscher\/petro-och-kemi\/customer-story-nouryon\/#primaryimage"},"image":{"@id":"https:\/\/www.novotek.com\/se\/branscher\/petro-och-kemi\/customer-story-nouryon\/#primaryimage"},"thumbnailUrl":"https:\/\/www.novotek.com\/se\/wp-content\/uploads\/sites\/2\/sites\/2\/Pictograms\/novotek-check-box_rgb-1024x1024.png","datePublished":"2021-12-28T10:07:37+00:00","dateModified":"2025-11-21T16:23:25+00:00","description":"Nouryon, tidigare Eka Chemicals, anv\u00e4nder Proficy-l\u00f6sningar f\u00f6r global styrning och \u00f6vervakning av sina produktionsanl\u00e4ggningar.","breadcrumb":{"@id":"https:\/\/www.novotek.com\/se\/branscher\/petro-och-kemi\/customer-story-nouryon\/#breadcrumb"},"inLanguage":"sv-SE","potentialAction":[{"@type":"ReadAction","target":["https:\/\/www.novotek.com\/se\/branscher\/petro-och-kemi\/customer-story-nouryon\/"]}]},{"@type":"ImageObject","inLanguage":"sv-SE","@id":"https:\/\/www.novotek.com\/se\/branscher\/petro-och-kemi\/customer-story-nouryon\/#primaryimage","url":"https:\/\/www.novotek.com\/se\/wp-content\/uploads\/sites\/2\/Pictograms\/novotek-check-box_rgb.png","contentUrl":"https:\/\/www.novotek.com\/se\/wp-content\/uploads\/sites\/2\/Pictograms\/novotek-check-box_rgb.png","width":2355,"height":2354,"caption":"Novotek Check box"},{"@type":"BreadcrumbList","@id":"https:\/\/www.novotek.com\/se\/branscher\/petro-och-kemi\/customer-story-nouryon\/#breadcrumb","itemListElement":[{"@type":"ListItem","position":1,"name":"Home","item":"https:\/\/www.novotek.com\/se\/"},{"@type":"ListItem","position":2,"name":"Branscher","item":"https:\/\/www.novotek.com\/se\/branscher\/"},{"@type":"ListItem","position":3,"name":"Petro och Kemi","item":"https:\/\/www.novotek.com\/se\/branscher\/petro-och-kemi\/"},{"@type":"ListItem","position":4,"name":"Customer Story Nouryon"}]},{"@type":"WebSite","@id":"https:\/\/www.novotek.com\/se\/#website","url":"https:\/\/www.novotek.com\/se\/","name":"Novotek Sverige AB","description":"Connect - Digitalize - Optimize","potentialAction":[{"@type":"SearchAction","target":{"@type":"EntryPoint","urlTemplate":"https:\/\/www.novotek.com\/se\/?s={search_term_string}"},"query-input":{"@type":"PropertyValueSpecification","valueRequired":true,"valueName":"search_term_string"}}],"inLanguage":"sv-SE"}]}},"_links":{"self":[{"href":"https:\/\/www.novotek.com\/se\/wp-json\/wp\/v2\/pages\/5970","targetHints":{"allow":["GET"]}}],"collection":[{"href":"https:\/\/www.novotek.com\/se\/wp-json\/wp\/v2\/pages"}],"about":[{"href":"https:\/\/www.novotek.com\/se\/wp-json\/wp\/v2\/types\/page"}],"author":[{"embeddable":true,"href":"https:\/\/www.novotek.com\/se\/wp-json\/wp\/v2\/users\/4"}],"replies":[{"embeddable":true,"href":"https:\/\/www.novotek.com\/se\/wp-json\/wp\/v2\/comments?post=5970"}],"version-history":[{"count":19,"href":"https:\/\/www.novotek.com\/se\/wp-json\/wp\/v2\/pages\/5970\/revisions"}],"predecessor-version":[{"id":20026,"href":"https:\/\/www.novotek.com\/se\/wp-json\/wp\/v2\/pages\/5970\/revisions\/20026"}],"up":[{"embeddable":true,"href":"https:\/\/www.novotek.com\/se\/wp-json\/wp\/v2\/pages\/840"}],"wp:attachment":[{"href":"https:\/\/www.novotek.com\/se\/wp-json\/wp\/v2\/media?parent=5970"}],"curies":[{"name":"wp","href":"https:\/\/api.w.org\/{rel}","templated":true}]}}