{"id":5982,"date":"2021-12-28T11:51:13","date_gmt":"2021-12-28T11:51:13","guid":{"rendered":"https:\/\/www.novotek.com\/se\/?page_id=5982"},"modified":"2026-01-14T13:17:35","modified_gmt":"2026-01-14T13:17:35","slug":"customer-story-metso-paper-karlstad","status":"publish","type":"page","link":"https:\/\/www.novotek.com\/se\/branscher\/papper-och-massa\/customer-story-metso-paper-karlstad\/","title":{"rendered":"Customer Story Metso Paper Karlstad"},"content":{"rendered":"  <div class=\"hero\">\n    <div class=\"carousel hero-slider small\" data-flickity data-flickity-options='{\"prevNextButtons\": false}'>\n              <div class=\"carousel-cell\">\n          <div class=\"container\">\n            <div class=\"hero-content\">\n                              <h5>Referens<\/h5>\n<h1>Metso Paper Karlstad<\/h1>\n<p>Med Proficy Scheduler fick Metso Paper Karlstad b\u00e4ttre kontroll \u00f6ver tillverkningen av pappersmaskiner.<\/p>\n              \n                          <\/div>\n          <\/div>\n\n          <img decoding=\"async\" width=\"1024\" height=\"427\" src=\"https:\/\/www.novotek.com\/se\/wp-content\/uploads\/sites\/2\/Industries\/Paper\/MetsoPaper_1920x800-1024x427.jpg.webp\" class=\"hero-bg\" alt=\"Hero Img\" fetchpriority=\"high\" srcset=\"https:\/\/www.novotek.com\/se\/wp-content\/uploads\/sites\/2\/Industries\/Paper\/MetsoPaper_1920x800-1024x427.jpg.webp 1024w, https:\/\/www.novotek.com\/se\/wp-content\/uploads\/sites\/2\/Industries\/Paper\/MetsoPaper_1920x800-300x125.jpg.webp 300w, https:\/\/www.novotek.com\/se\/wp-content\/uploads\/sites\/2\/Industries\/Paper\/MetsoPaper_1920x800-768x320.jpg.webp 768w, https:\/\/www.novotek.com\/se\/wp-content\/uploads\/sites\/2\/Industries\/Paper\/MetsoPaper_1920x800-1536x640.jpg.webp 1536w, https:\/\/www.novotek.com\/se\/wp-content\/uploads\/sites\/2\/Industries\/Paper\/MetsoPaper_1920x800.jpg.webp 1920w\" sizes=\"(max-width: 1024px) 100vw, 1024px\" \/>                  <\/div>\n          <\/div>\n\n      <\/div>\n\n   <div class=\"floating-breadcrumb\"><div class=\"container\"><span><span><a href=\"https:\/\/www.novotek.com\/se\/\" class=\"breadcrumb-frontpage\">Home<\/a><\/span><\/span><\/div><\/div>\n\n\n<div class=\"quotes-parent\">\n  <div class=\"container\">\n    <div class=\"carousel quotes-carousel\">\n              <div class=\"quote-cell carousel-cell\">\n          <div class=\"container-quote\">\n            <strong>&#8221;Vi valde Proficy Scheduler f\u00f6r att det passade v\u00e5ra behov.&#8221;<\/strong>\n            <span>Planeringschef, Metso Paper Karlstad<\/span>\n          <\/div>\n        <\/div>\n          <\/div>\n  <\/div>\n<\/div>\n\n\n<div class=\"container-md columns  \">\n<div class=\"wp-block-columns is-layout-flex wp-container-core-columns-is-layout-9d6595d7 wp-block-columns-is-layout-flex\"><div class=\"container-md column  \">\n<div class=\"wp-block-column is-layout-flow wp-block-column-is-layout-flow\"><div class=\"container-md heading  \">\n<h4 class=\"wp-block-heading\">L\u00f6sning<\/h4>\n<\/div>\n\n<div class=\"container-md list  \">\n<ul id=\"block-d063825a-443c-4258-82cf-b4957aba7416\" class=\"wp-block-list\"><div class=\"container-md list-item  \">\n<li>Produktionsplanering<\/li>\n<\/div><\/ul>\n<\/div>\n\n<div class=\"container-md spacer  \">\n<div style=\"height:15px\" aria-hidden=\"true\" class=\"wp-block-spacer\"><\/div>\n<\/div>\n\n<div class=\"container-md heading  \">\n<h4 class=\"wp-block-heading\">Produkter<\/h4>\n<\/div>\n\n<div class=\"container-md list  \">\n<ul id=\"block-2d4fa3a5-0225-45d9-b019-8a335f11a235\" class=\"wp-block-list\"><div class=\"container-md list-item  \">\n<li><a href=\"https:\/\/www.novotek.com\/se\/losningar-och-produkter\/produktionsplanering\/proficy-scheduler\/\">Proficy Scheduler<\/a> (tidigare kallat ROB-EX Scheduler)<\/li>\n<\/div><\/ul>\n<\/div>\n\n<div class=\"container-md spacer  \">\n<div style=\"height:15px\" aria-hidden=\"true\" class=\"wp-block-spacer\"><\/div>\n<\/div>\n\n<div class=\"container-md heading  \">\n<h4 class=\"wp-block-heading\">F\u00f6rdelar<\/h4>\n<\/div>\n\n<div class=\"container-md list  \">\n<ul class=\"wp-block-list\"><div class=\"container-md list-item  \">\n<li>B\u00e4ttre \u00f6versikt<\/li>\n<\/div>\n\n<div class=\"container-md list-item  \">\n<li>B\u00e4ttre kontroll \u00f6ver produktionen<\/li>\n<\/div>\n\n<div class=\"container-md list-item  \">\n<li>F\u00e4rre flaskhalsar<\/li>\n<\/div>\n\n<div class=\"container-md list-item  \">\n<li>Anv\u00e4ndarv\u00e4nligt gr\u00e4nssnitt<\/li>\n<\/div><\/ul>\n<\/div><\/div>\n<\/div>\n\n<div class=\"container-md column  \">\n<div class=\"wp-block-column is-layout-flow wp-block-column-is-layout-flow\"><div class=\"wp-block-image\"><div class=\"container-md image  alignright\">\n<figure class=\"alignright size-large is-resized\"><img decoding=\"async\" src=\"https:\/\/www.novotek.no\/wp-content\/uploads\/sites\/5\/Bransjer\/Novotek_CheckBox.png\" alt=\"Novotek piktogram: Check.\" class=\"wp-image-1835\" style=\"width:190px;height:190px\"\/><\/figure>\n<\/div><\/div><\/div>\n<\/div><\/div>\n<\/div>\n\n<div class=\"container-md spacer  \">\n<div style=\"height:30px\" aria-hidden=\"true\" class=\"wp-block-spacer\"><\/div>\n<\/div>\n\n<div class=\"container-md paragraph  \">\n<p>Metso Paper i Karlstad tillverkar pappersmaskiner. Med en kr\u00e4vande produktion beh\u00f6vde de ett system som underl\u00e4ttade produktionsplaneringen. Valet slutade p\u00e5 Proficy Scheduler fr\u00e5n Novotek.<\/p>\n<\/div>\n\n<div class=\"container-md spacer  \">\n<div style=\"height:35px\" aria-hidden=\"true\" class=\"wp-block-spacer\"><\/div>\n<\/div>\n\n  <div class=\"hero\">\n    <div class=\"carousel hero-slider small\" data-flickity data-flickity-options='{\"prevNextButtons\": false}'>\n              <div class=\"carousel-cell\">\n          <div class=\"container\">\n            <div class=\"hero-content\">\n                              <h2>Tillverkning av pappersmaskiner f\u00f6r en global marknad<\/h2>\n<p>Metso Paper \u00e4r ett v\u00e4rldsledande f\u00f6retag inom kartong-, pappers- och massateknologi, som erbjuder ett omfattande utbud av produkter och tj\u00e4nster inom branschen. Fabriken i Karlstad tillverkar pappersmaskiner, inklusive hela linjer f\u00f6r papperstillverkning. Dessutom erbjuder de ombyggnad av befintliga maskiner. Metso Paper Karlstad har levererat mer \u00e4n 1 500 pappersmaskiner och 800 kompletta produktionslinjer till kunder \u00f6ver hela v\u00e4rlden.<\/p>\n              \n                          <\/div>\n          <\/div>\n\n          <img decoding=\"async\" width=\"1024\" height=\"427\" src=\"https:\/\/www.novotek.com\/se\/wp-content\/uploads\/sites\/2\/Industries\/Paper\/MetsoPaper_1920x800_v2-1024x427.jpg.webp\" class=\"hero-bg\" alt=\"Hero Img\" fetchpriority=\"high\" srcset=\"https:\/\/www.novotek.com\/se\/wp-content\/uploads\/sites\/2\/Industries\/Paper\/MetsoPaper_1920x800_v2-1024x427.jpg.webp 1024w, https:\/\/www.novotek.com\/se\/wp-content\/uploads\/sites\/2\/Industries\/Paper\/MetsoPaper_1920x800_v2-300x125.jpg.webp 300w, https:\/\/www.novotek.com\/se\/wp-content\/uploads\/sites\/2\/Industries\/Paper\/MetsoPaper_1920x800_v2-768x320.jpg.webp 768w, https:\/\/www.novotek.com\/se\/wp-content\/uploads\/sites\/2\/Industries\/Paper\/MetsoPaper_1920x800_v2-1536x640.jpg.webp 1536w, https:\/\/www.novotek.com\/se\/wp-content\/uploads\/sites\/2\/Industries\/Paper\/MetsoPaper_1920x800_v2.jpg.webp 1920w\" sizes=\"(max-width: 1024px) 100vw, 1024px\" \/>                  <\/div>\n          <\/div>\n\n      <\/div>\n\n   \n\n\n<div class=\"container-md paragraph  \">\n<p>Att tillverka pappersmaskiner \u00e4r ingen l\u00e4tt uppgift. Varje maskin best\u00e5r av olika mekaniska delkomponenter som alla ska produceras, bearbetas, monteras och testas. Dessutom ska instrument och styrelektronik installeras p\u00e5 maskinen. Ofta utf\u00f6rs flera av arbetsuppgifterna parallellt i produktionen, vilket g\u00f6r att en f\u00f6rsening p\u00e5 en delkomponent eller uppgift kan f\u00e5 stora effekter p\u00e5 slutleveransdatum. Det kan ocks\u00e5 orsaka problem f\u00f6r n\u00e4sta pappersmaskin som ska tillverkas.<\/p>\n<\/div>\n\n<div class=\"container-md spacer  \">\n<div style=\"height:10px\" aria-hidden=\"true\" class=\"wp-block-spacer\"><\/div>\n<\/div>\n\n<div class=\"container-md heading  \">\n<h2 class=\"wp-block-heading\">\u00d6versikt \u00f6ver hela produktionen<\/h2>\n<\/div>\n\n<div class=\"container-md paragraph  \">\n<p>Tidigare anv\u00e4nde Metso Paper sitt aff\u00e4rssystem och Excel som planeringsverktyg. Utmaningen var att det var sv\u00e5rt att uppt\u00e4cka flaskhalsar som kunde uppst\u00e5 i tid. D\u00e4rmed f\u00f6ll valet p\u00e5 att investera i Proficy  Scheduler fr\u00e5n Novotek.<\/p>\n<\/div>\n\n<div class=\"container-md paragraph  \">\n<p>Vi unders\u00f6kte flera av de verktyg som finns p\u00e5 marknaden och valde Proficy Scheduler f\u00f6r att systemet b\u00e4st passade v\u00e5ra behov. Det enkla anv\u00e4ndargr\u00e4nssnittet och m\u00f6jligheten att f\u00e5 support p\u00e5 skandinaviska var ocks\u00e5 viktigt f\u00f6r oss, s\u00e4ger planeringschefen p\u00e5 Metso Paper Karlstad.<\/p>\n<\/div>\n\n<div class=\"container-md paragraph  \">\n<p>Med Proficy Scheduler fick Metso Paper en b\u00e4ttre \u00f6verblick \u00f6ver produktionen, kunde genomf\u00f6ra mer detaljerad planering och fick kontroll \u00f6ver eventuella flaskhalsar. Detta gjorde det l\u00e4ttare att planera leveranstider, &#8211; vilket \u00e4ven hade en positiv effekt f\u00f6r underleverant\u00f6rerna &#8211; Tidigare har vi alltid haft fullt upp med att best\u00e4lla komponenter. Nu vet vi exakt n\u00e4r vi kommer att beh\u00f6va mer material, och kan best\u00e4lla i god tid s\u00e5 att v\u00e5ra underleverant\u00f6rer f\u00e5r den tid de beh\u00f6ver f\u00f6r att producera komponenterna.<\/p>\n<\/div>\n\n<div class=\"container-md paragraph  \">\n<p>Att tillverka pappersmaskiner \u00e4r ingen l\u00e4tt uppgift. Varje maskin best\u00e5r av olika mekaniska delkomponenter som alla ska produceras, bearbetas, monteras och testas. Dessutom ska instrument och styrelektronik installeras p\u00e5 maskinen. Ofta utf\u00f6rs flera av arbetsuppgifterna parallellt i produktionen, vilket g\u00f6r att en f\u00f6rsening p\u00e5 en delkomponent eller uppgift kan f\u00e5 stora effekter p\u00e5 slutleveransdatum. Det kan ocks\u00e5 orsaka problem f\u00f6r n\u00e4sta pappersmaskin som ska tillverkas.<\/p>\n<\/div>\n\n<div class=\"container-md spacer  \">\n<div style=\"height:10px\" aria-hidden=\"true\" class=\"wp-block-spacer\"><\/div>\n<\/div>\n\n<div class=\"container media-text  align\">\n<div class=\"wp-block-media-text is-stacked-on-mobile\"><figure class=\"wp-block-media-text__media\"><img loading=\"lazy\" decoding=\"async\" width=\"1000\" height=\"750\" src=\"https:\/\/www.novotek.com\/se\/wp-content\/uploads\/sites\/2\/sites\/2\/Industries\/Paper\/paper_machine.jpg\" alt=\"\" class=\"wp-image-6048 size-full\" srcset=\"https:\/\/www.novotek.com\/se\/wp-content\/uploads\/sites\/2\/Industries\/Paper\/paper_machine.jpg 1000w, https:\/\/www.novotek.com\/se\/wp-content\/uploads\/sites\/2\/Industries\/Paper\/paper_machine-300x225.jpg 300w, https:\/\/www.novotek.com\/se\/wp-content\/uploads\/sites\/2\/Industries\/Paper\/paper_machine-768x576.jpg 768w\" sizes=\"auto, (max-width: 1000px) 100vw, 1000px\" \/><\/figure><div class=\"wp-block-media-text__content\"><div class=\"container-md heading  \">\n<h2 class=\"wp-block-heading\">En f\u00f6r\u00e4ndringsprocess som n\u00e5tt m\u00e5let<\/h2>\n<\/div>\n\n<div class=\"container-md paragraph  \">\n<p>Proficy Scheduler kan kopplas med aff\u00e4rssystemet, men Metso Paper s\u00e5g flera f\u00f6rdelar med att h\u00e5lla de tv\u00e5 systemen \u00e5tskilda.<\/p>\n<\/div>\n\n<div class=\"container-md paragraph  \">\n<p>En viktig faktor som m\u00e5nga underskattar \u00e4r f\u00f6rm\u00e5gan att planera maskinkapaciteten innan f\u00f6rberedelser g\u00f6rs. En grov planering b\u00f6r g\u00f6ras i produktionsplanen innan best\u00e4llningen ligger i aff\u00e4rssystemet, kanske redan innan f\u00f6rs\u00e4ljningsavdelningen har s\u00e5lt projektet, konstaterar planeringschefen.<\/p>\n<\/div>\n\n<div class=\"container-md paragraph  \">\n<p>Planering \u00e4r viktig. Detta reflexernas i s\u00e4ttet som Metso Paper valde att implementera Proficy Scheduler. Med en och en halv timmes tr\u00e4ning varje dag under en period p\u00e5 tv\u00e5 m\u00e5nader kunde de vara s\u00e4kra p\u00e5 att planerarna var bekanta med systemet.<\/p>\n<\/div>\n\n<div class=\"container-md paragraph  \">\n<p>Ofta \u00e4r resan m\u00e5let. Att l\u00e4gga mer tid p\u00e5 implementering g\u00f6r anv\u00e4ndningen mycket effektivare i framtiden. V\u00e5rt m\u00e5l \u00e4r att alltid anv\u00e4nda alla resurser f\u00f6r att f\u00f6rb\u00e4ttra f\u00f6retagets totala resultat, avslutar planeringschefen.<\/p>\n<\/div><\/div><\/div>\n<\/div>\n\n<div class=\"container-md spacer  \">\n<div style=\"height:20px\" aria-hidden=\"true\" class=\"wp-block-spacer\"><\/div>\n<\/div>\n\n<div class=\"cta-block\">\n  <div class=\"container\">\n          <h2>Proficy Scheduler<\/h2>\n    \n          <div><p>Ett verktyg som \u00e4r s\u00e4rskilt utvecklat f\u00f6r produktionsplanering.<\/p>\n<\/div>\n    \n          <a class=\"btn btn-primary\" href=\"https:\/\/www.novotek.com\/se\/losningar-och-produkter\/produktionsplanering\/proficy-scheduler\/\">L\u00e4s mer<\/a>\n      <\/div>\n<\/div>\n","protected":false},"excerpt":{"rendered":"<p>Med Proficy Scheduler fick Metso Paper Karlstad b\u00e4ttre kontroll \u00f6ver tillverkningen av pappersmaskiner.<\/p>\n","protected":false},"author":4,"featured_media":0,"parent":846,"menu_order":0,"comment_status":"closed","ping_status":"closed","template":"","meta":{"_acf_changed":false,"_relevanssi_hide_post":"","_relevanssi_pin_for_all":"","_relevanssi_pin_keywords":"","_relevanssi_unpin_keywords":"","_relevanssi_related_keywords":"","_relevanssi_related_include_ids":"","_relevanssi_related_exclude_ids":"","_relevanssi_related_no_append":"","_relevanssi_related_not_related":"","_relevanssi_related_posts":"3389,5883,5833,4691,3396,5315","_relevanssi_noindex_reason":"","footnotes":""},"class_list":["post-5982","page","type-page","status-publish","hentry"],"acf":[],"yoast_head":"<!-- This site is optimized with the Yoast SEO plugin v27.4 - https:\/\/yoast.com\/product\/yoast-seo-wordpress\/ -->\n<title>Customer Story Metso Paper Karlstad - Novotek Sverige AB<\/title>\n<meta name=\"description\" content=\"Med Proficy Scheduler fick Metso Paper Karlstad b\u00e4ttre kontroll \u00f6ver tillverkningen av pappersmaskiner. L\u00e4s mer om kundcaset h\u00e4r.\" \/>\n<meta name=\"robots\" content=\"index, follow, max-snippet:-1, max-image-preview:large, max-video-preview:-1\" \/>\n<link rel=\"canonical\" href=\"https:\/\/www.novotek.com\/se\/branscher\/papper-och-massa\/customer-story-metso-paper-karlstad\/\" \/>\n<meta property=\"og:locale\" content=\"sv_SE\" \/>\n<meta property=\"og:type\" content=\"article\" \/>\n<meta property=\"og:title\" content=\"Customer Story Metso Paper Karlstad - Novotek Sverige AB\" \/>\n<meta property=\"og:description\" content=\"Med Proficy Scheduler fick Metso Paper Karlstad b\u00e4ttre kontroll \u00f6ver tillverkningen av pappersmaskiner. L\u00e4s mer om kundcaset h\u00e4r.\" \/>\n<meta property=\"og:url\" content=\"https:\/\/www.novotek.com\/se\/branscher\/papper-och-massa\/customer-story-metso-paper-karlstad\/\" \/>\n<meta property=\"og:site_name\" content=\"Novotek Sverige AB\" \/>\n<meta property=\"article:modified_time\" content=\"2026-01-14T13:17:35+00:00\" \/>\n<meta property=\"og:image\" content=\"https:\/\/www.novotek.no\/wp-content\/uploads\/sites\/5\/Bransjer\/Novotek_CheckBox.png\" \/>\n<meta name=\"twitter:card\" content=\"summary_large_image\" \/>\n<meta name=\"twitter:label1\" content=\"Ber\u00e4knad l\u00e4stid\" \/>\n\t<meta name=\"twitter:data1\" content=\"3 minuter\" \/>\n<script type=\"application\/ld+json\" class=\"yoast-schema-graph\">{\"@context\":\"https:\\\/\\\/schema.org\",\"@graph\":[{\"@type\":\"WebPage\",\"@id\":\"https:\\\/\\\/www.novotek.com\\\/se\\\/branscher\\\/papper-och-massa\\\/customer-story-metso-paper-karlstad\\\/\",\"url\":\"https:\\\/\\\/www.novotek.com\\\/se\\\/branscher\\\/papper-och-massa\\\/customer-story-metso-paper-karlstad\\\/\",\"name\":\"Customer Story Metso Paper Karlstad - Novotek Sverige AB\",\"isPartOf\":{\"@id\":\"https:\\\/\\\/www.novotek.com\\\/se\\\/#website\"},\"primaryImageOfPage\":{\"@id\":\"https:\\\/\\\/www.novotek.com\\\/se\\\/branscher\\\/papper-och-massa\\\/customer-story-metso-paper-karlstad\\\/#primaryimage\"},\"image\":{\"@id\":\"https:\\\/\\\/www.novotek.com\\\/se\\\/branscher\\\/papper-och-massa\\\/customer-story-metso-paper-karlstad\\\/#primaryimage\"},\"thumbnailUrl\":\"https:\\\/\\\/www.novotek.no\\\/wp-content\\\/uploads\\\/sites\\\/5\\\/Bransjer\\\/Novotek_CheckBox.png\",\"datePublished\":\"2021-12-28T11:51:13+00:00\",\"dateModified\":\"2026-01-14T13:17:35+00:00\",\"description\":\"Med Proficy Scheduler fick Metso Paper Karlstad b\u00e4ttre kontroll \u00f6ver tillverkningen av pappersmaskiner. L\u00e4s mer om kundcaset h\u00e4r.\",\"breadcrumb\":{\"@id\":\"https:\\\/\\\/www.novotek.com\\\/se\\\/branscher\\\/papper-och-massa\\\/customer-story-metso-paper-karlstad\\\/#breadcrumb\"},\"inLanguage\":\"sv-SE\",\"potentialAction\":[{\"@type\":\"ReadAction\",\"target\":[\"https:\\\/\\\/www.novotek.com\\\/se\\\/branscher\\\/papper-och-massa\\\/customer-story-metso-paper-karlstad\\\/\"]}]},{\"@type\":\"ImageObject\",\"inLanguage\":\"sv-SE\",\"@id\":\"https:\\\/\\\/www.novotek.com\\\/se\\\/branscher\\\/papper-och-massa\\\/customer-story-metso-paper-karlstad\\\/#primaryimage\",\"url\":\"https:\\\/\\\/www.novotek.no\\\/wp-content\\\/uploads\\\/sites\\\/5\\\/Bransjer\\\/Novotek_CheckBox.png\",\"contentUrl\":\"https:\\\/\\\/www.novotek.no\\\/wp-content\\\/uploads\\\/sites\\\/5\\\/Bransjer\\\/Novotek_CheckBox.png\"},{\"@type\":\"BreadcrumbList\",\"@id\":\"https:\\\/\\\/www.novotek.com\\\/se\\\/branscher\\\/papper-och-massa\\\/customer-story-metso-paper-karlstad\\\/#breadcrumb\",\"itemListElement\":[{\"@type\":\"ListItem\",\"position\":1,\"name\":\"Home\",\"item\":\"https:\\\/\\\/www.novotek.com\\\/se\\\/\"},{\"@type\":\"ListItem\",\"position\":2,\"name\":\"Branscher\",\"item\":\"https:\\\/\\\/www.novotek.com\\\/se\\\/branscher\\\/\"},{\"@type\":\"ListItem\",\"position\":3,\"name\":\"Papper och massa\",\"item\":\"https:\\\/\\\/www.novotek.com\\\/se\\\/branscher\\\/papper-och-massa\\\/\"},{\"@type\":\"ListItem\",\"position\":4,\"name\":\"Customer Story Metso Paper Karlstad\"}]},{\"@type\":\"WebSite\",\"@id\":\"https:\\\/\\\/www.novotek.com\\\/se\\\/#website\",\"url\":\"https:\\\/\\\/www.novotek.com\\\/se\\\/\",\"name\":\"Novotek Sverige AB\",\"description\":\"Connect - Digitalize - Optimize\",\"potentialAction\":[{\"@type\":\"SearchAction\",\"target\":{\"@type\":\"EntryPoint\",\"urlTemplate\":\"https:\\\/\\\/www.novotek.com\\\/se\\\/?s={search_term_string}\"},\"query-input\":{\"@type\":\"PropertyValueSpecification\",\"valueRequired\":true,\"valueName\":\"search_term_string\"}}],\"inLanguage\":\"sv-SE\"}]}<\/script>\n<!-- \/ Yoast SEO plugin. -->","yoast_head_json":{"title":"Customer Story Metso Paper Karlstad - Novotek Sverige AB","description":"Med Proficy Scheduler fick Metso Paper Karlstad b\u00e4ttre kontroll \u00f6ver tillverkningen av pappersmaskiner. L\u00e4s mer om kundcaset h\u00e4r.","robots":{"index":"index","follow":"follow","max-snippet":"max-snippet:-1","max-image-preview":"max-image-preview:large","max-video-preview":"max-video-preview:-1"},"canonical":"https:\/\/www.novotek.com\/se\/branscher\/papper-och-massa\/customer-story-metso-paper-karlstad\/","og_locale":"sv_SE","og_type":"article","og_title":"Customer Story Metso Paper Karlstad - Novotek Sverige AB","og_description":"Med Proficy Scheduler fick Metso Paper Karlstad b\u00e4ttre kontroll \u00f6ver tillverkningen av pappersmaskiner. L\u00e4s mer om kundcaset h\u00e4r.","og_url":"https:\/\/www.novotek.com\/se\/branscher\/papper-och-massa\/customer-story-metso-paper-karlstad\/","og_site_name":"Novotek Sverige AB","article_modified_time":"2026-01-14T13:17:35+00:00","og_image":[{"url":"https:\/\/www.novotek.no\/wp-content\/uploads\/sites\/5\/Bransjer\/Novotek_CheckBox.png","type":"","width":"","height":""}],"twitter_card":"summary_large_image","twitter_misc":{"Ber\u00e4knad l\u00e4stid":"3 minuter"},"schema":{"@context":"https:\/\/schema.org","@graph":[{"@type":"WebPage","@id":"https:\/\/www.novotek.com\/se\/branscher\/papper-och-massa\/customer-story-metso-paper-karlstad\/","url":"https:\/\/www.novotek.com\/se\/branscher\/papper-och-massa\/customer-story-metso-paper-karlstad\/","name":"Customer Story Metso Paper Karlstad - Novotek Sverige AB","isPartOf":{"@id":"https:\/\/www.novotek.com\/se\/#website"},"primaryImageOfPage":{"@id":"https:\/\/www.novotek.com\/se\/branscher\/papper-och-massa\/customer-story-metso-paper-karlstad\/#primaryimage"},"image":{"@id":"https:\/\/www.novotek.com\/se\/branscher\/papper-och-massa\/customer-story-metso-paper-karlstad\/#primaryimage"},"thumbnailUrl":"https:\/\/www.novotek.no\/wp-content\/uploads\/sites\/5\/Bransjer\/Novotek_CheckBox.png","datePublished":"2021-12-28T11:51:13+00:00","dateModified":"2026-01-14T13:17:35+00:00","description":"Med Proficy Scheduler fick Metso Paper Karlstad b\u00e4ttre kontroll \u00f6ver tillverkningen av pappersmaskiner. L\u00e4s mer om kundcaset h\u00e4r.","breadcrumb":{"@id":"https:\/\/www.novotek.com\/se\/branscher\/papper-och-massa\/customer-story-metso-paper-karlstad\/#breadcrumb"},"inLanguage":"sv-SE","potentialAction":[{"@type":"ReadAction","target":["https:\/\/www.novotek.com\/se\/branscher\/papper-och-massa\/customer-story-metso-paper-karlstad\/"]}]},{"@type":"ImageObject","inLanguage":"sv-SE","@id":"https:\/\/www.novotek.com\/se\/branscher\/papper-och-massa\/customer-story-metso-paper-karlstad\/#primaryimage","url":"https:\/\/www.novotek.no\/wp-content\/uploads\/sites\/5\/Bransjer\/Novotek_CheckBox.png","contentUrl":"https:\/\/www.novotek.no\/wp-content\/uploads\/sites\/5\/Bransjer\/Novotek_CheckBox.png"},{"@type":"BreadcrumbList","@id":"https:\/\/www.novotek.com\/se\/branscher\/papper-och-massa\/customer-story-metso-paper-karlstad\/#breadcrumb","itemListElement":[{"@type":"ListItem","position":1,"name":"Home","item":"https:\/\/www.novotek.com\/se\/"},{"@type":"ListItem","position":2,"name":"Branscher","item":"https:\/\/www.novotek.com\/se\/branscher\/"},{"@type":"ListItem","position":3,"name":"Papper och massa","item":"https:\/\/www.novotek.com\/se\/branscher\/papper-och-massa\/"},{"@type":"ListItem","position":4,"name":"Customer Story Metso Paper Karlstad"}]},{"@type":"WebSite","@id":"https:\/\/www.novotek.com\/se\/#website","url":"https:\/\/www.novotek.com\/se\/","name":"Novotek Sverige AB","description":"Connect - Digitalize - Optimize","potentialAction":[{"@type":"SearchAction","target":{"@type":"EntryPoint","urlTemplate":"https:\/\/www.novotek.com\/se\/?s={search_term_string}"},"query-input":{"@type":"PropertyValueSpecification","valueRequired":true,"valueName":"search_term_string"}}],"inLanguage":"sv-SE"}]}},"_links":{"self":[{"href":"https:\/\/www.novotek.com\/se\/wp-json\/wp\/v2\/pages\/5982","targetHints":{"allow":["GET"]}}],"collection":[{"href":"https:\/\/www.novotek.com\/se\/wp-json\/wp\/v2\/pages"}],"about":[{"href":"https:\/\/www.novotek.com\/se\/wp-json\/wp\/v2\/types\/page"}],"author":[{"embeddable":true,"href":"https:\/\/www.novotek.com\/se\/wp-json\/wp\/v2\/users\/4"}],"replies":[{"embeddable":true,"href":"https:\/\/www.novotek.com\/se\/wp-json\/wp\/v2\/comments?post=5982"}],"version-history":[{"count":13,"href":"https:\/\/www.novotek.com\/se\/wp-json\/wp\/v2\/pages\/5982\/revisions"}],"predecessor-version":[{"id":20759,"href":"https:\/\/www.novotek.com\/se\/wp-json\/wp\/v2\/pages\/5982\/revisions\/20759"}],"up":[{"embeddable":true,"href":"https:\/\/www.novotek.com\/se\/wp-json\/wp\/v2\/pages\/846"}],"wp:attachment":[{"href":"https:\/\/www.novotek.com\/se\/wp-json\/wp\/v2\/media?parent=5982"}],"curies":[{"name":"wp","href":"https:\/\/api.w.org\/{rel}","templated":true}]}}