{"id":5984,"date":"2021-12-30T13:24:28","date_gmt":"2021-12-30T13:24:28","guid":{"rendered":"https:\/\/www.novotek.com\/se\/?page_id=5984"},"modified":"2025-11-21T17:08:55","modified_gmt":"2025-11-21T17:08:55","slug":"produktion","status":"publish","type":"page","link":"https:\/\/www.novotek.com\/se\/branscher\/produktion\/","title":{"rendered":"Produktion"},"content":{"rendered":"  <div class=\"hero\">\n    <div class=\"carousel hero-slider small\" data-flickity data-flickity-options='{\"prevNextButtons\": false}'>\n              <div class=\"carousel-cell\">\n          <div class=\"container\">\n            <div class=\"hero-content\">\n                              <h1>Produktion<\/h1>\n<p>Produktion \u00e4r ett brett omr\u00e5de f\u00f6r Novotek. Det omfattar alla produktionsprocesser, fr\u00e5n bilar, motors\u00e5gskedjor och plastslangar, till sm\u00e5 plast- och elektronikdelar.<\/p>\n<p>Inom omr\u00e5det har vi genomf\u00f6rt m\u00e5nga automationsprojekt, digitalisering av produktionsstyrning och MES-funktionalitet. Vi har implementerat ett antal system som s\u00e4kerst\u00e4ller full sp\u00e5rbarhet och uppf\u00f6ljning av produktionen.<\/p>\n              \n                          <\/div>\n          <\/div>\n\n          <img decoding=\"async\" width=\"1024\" height=\"427\" src=\"https:\/\/www.novotek.com\/se\/wp-content\/uploads\/sites\/2\/Industries\/Production\/Car-production_1920x800-1024x427.jpg.webp\" class=\"hero-bg\" alt=\"Hero Img\" fetchpriority=\"high\" srcset=\"https:\/\/www.novotek.com\/se\/wp-content\/uploads\/sites\/2\/Industries\/Production\/Car-production_1920x800-1024x427.jpg.webp 1024w, https:\/\/www.novotek.com\/se\/wp-content\/uploads\/sites\/2\/Industries\/Production\/Car-production_1920x800-300x125.jpg.webp 300w, https:\/\/www.novotek.com\/se\/wp-content\/uploads\/sites\/2\/Industries\/Production\/Car-production_1920x800-768x320.jpg.webp 768w, https:\/\/www.novotek.com\/se\/wp-content\/uploads\/sites\/2\/Industries\/Production\/Car-production_1920x800-1536x640.jpg.webp 1536w, https:\/\/www.novotek.com\/se\/wp-content\/uploads\/sites\/2\/Industries\/Production\/Car-production_1920x800.jpg.webp 1920w\" sizes=\"(max-width: 1024px) 100vw, 1024px\" \/>                  <\/div>\n          <\/div>\n\n      <\/div>\n\n   <div class=\"floating-breadcrumb\"><div class=\"container\"><span><span><a href=\"https:\/\/www.novotek.com\/se\/\" class=\"breadcrumb-frontpage\">Home<\/a><\/span><\/span><\/div><\/div>\n\n\n<div class=\"container media-text  align\">\n<div class=\"wp-block-media-text is-stacked-on-mobile\"><figure class=\"wp-block-media-text__media\"><img loading=\"lazy\" decoding=\"async\" width=\"1024\" height=\"1024\" src=\"https:\/\/www.novotek.com\/se\/wp-content\/uploads\/sites\/2\/sites\/2\/Industries\/Production\/OZ9A2370_hemsida-1024x1024.jpg\" alt=\"Referenser inom produktion och optimering\" class=\"wp-image-8123 size-full\" srcset=\"https:\/\/www.novotek.com\/se\/wp-content\/uploads\/sites\/2\/Industries\/Production\/OZ9A2370_hemsida-1024x1024.jpg 1024w, https:\/\/www.novotek.com\/se\/wp-content\/uploads\/sites\/2\/Industries\/Production\/OZ9A2370_hemsida-300x300.jpg 300w, https:\/\/www.novotek.com\/se\/wp-content\/uploads\/sites\/2\/Industries\/Production\/OZ9A2370_hemsida-150x150.jpg 150w, https:\/\/www.novotek.com\/se\/wp-content\/uploads\/sites\/2\/Industries\/Production\/OZ9A2370_hemsida-768x768.jpg 768w, https:\/\/www.novotek.com\/se\/wp-content\/uploads\/sites\/2\/Industries\/Production\/OZ9A2370_hemsida.jpg 1200w\" sizes=\"auto, (max-width: 1024px) 100vw, 1024px\" \/><\/figure><div class=\"wp-block-media-text__content\"><div class=\"container-md heading  \">\n<h5 class=\"wp-block-heading\" id=\"h-referens\">Referens<\/h5>\n<\/div>\n\n<div class=\"container-md heading  \">\n<h2 class=\"wp-block-heading\" id=\"h-sf-marina-wallhamn-ab\">SF Marina Wallhamn AB<\/h2>\n<\/div>\n\n<div class=\"container-md paragraph  \">\n<p>SF Marina tillverkar flytpontoner f\u00f6r marinatill\u00e4mpningar och gick fr\u00e5n Excelark till en modern produktionsplanering, Proficy Scheduler. Ett beslut som m\u00f6jliggjorde l\u00e5ngsiktig planering av resurser och mer exakta leveranstider.<\/p>\n<\/div>\n\n<div class=\"container-md buttons  \">\n<div class=\"wp-block-buttons is-layout-flex wp-block-buttons-is-layout-flex\"><div class=\"container-md button  \">\n<div class=\"wp-block-button\"><a class=\"wp-block-button__link has-background wp-element-button\" href=\"https:\/\/www.novotek.com\/se\/branscher\/produktion\/customer-story-sf-marina\/\" style=\"background-color:#ed1c24\">L\u00e4s mer<\/a><\/div>\n<\/div><\/div>\n<\/div><\/div><\/div>\n<\/div>\n\n<div class=\"container-md spacer  \">\n<div style=\"height:10px\" aria-hidden=\"true\" class=\"wp-block-spacer\"><\/div>\n<\/div>\n\n<div class=\"container media-text  align\">\n<div class=\"wp-block-media-text has-media-on-the-right is-stacked-on-mobile\"><div class=\"wp-block-media-text__content\"><div class=\"container-md heading  \">\n<h5 class=\"wp-block-heading\" id=\"h-referens-1\">Referens<\/h5>\n<\/div>\n\n<div class=\"container-md heading  \">\n<h2 class=\"wp-block-heading\" id=\"h-weber-ab-1\">Weber AB<\/h2>\n<\/div>\n\n<div class=\"container-md paragraph  \">\n<p>Weber Saint-Gobain Sverige AB, tidigare k\u00e4nt som Maxit, producerar \u00e5rligen 200 000 ton golvavj\u00e4mningscement i sin fabrik i Ving\u00e5ker. Med hj\u00e4lp av v\u00e5r MES-l\u00f6sning med automatisk k\u00f6rning, samt produktionsplaneraren Proficy Scheduler, \u00f6kade produktionseffektiviteten ytterligare.<\/p>\n<\/div>\n\n<div class=\"container-md buttons  \">\n<div class=\"wp-block-buttons is-layout-flex wp-block-buttons-is-layout-flex\"><div class=\"container-md button  \">\n<div class=\"wp-block-button\"><a class=\"wp-block-button__link has-background wp-element-button\" href=\"https:\/\/www.novotek.com\/se\/branscher\/produktion\/customer-story-weber-sverige-ab\/\" style=\"background-color:#ed1c24\">L\u00e4s mer<\/a><\/div>\n<\/div><\/div>\n<\/div><\/div><figure class=\"wp-block-media-text__media\"><img loading=\"lazy\" decoding=\"async\" width=\"800\" height=\"800\" src=\"https:\/\/www.novotek.com\/se\/wp-content\/uploads\/sites\/2\/Industries\/Production\/Weber_concrete_800x800.jpg\" alt=\"\" class=\"wp-image-6059 size-full\" srcset=\"https:\/\/www.novotek.com\/se\/wp-content\/uploads\/sites\/2\/Industries\/Production\/Weber_concrete_800x800.jpg 800w, https:\/\/www.novotek.com\/se\/wp-content\/uploads\/sites\/2\/Industries\/Production\/Weber_concrete_800x800-300x300.jpg 300w, https:\/\/www.novotek.com\/se\/wp-content\/uploads\/sites\/2\/Industries\/Production\/Weber_concrete_800x800-150x150.jpg 150w, https:\/\/www.novotek.com\/se\/wp-content\/uploads\/sites\/2\/Industries\/Production\/Weber_concrete_800x800-768x768.jpg 768w\" sizes=\"auto, (max-width: 800px) 100vw, 800px\" \/><\/figure><\/div>\n<\/div>\n\n<div class=\"container-md spacer  \">\n<div style=\"height:20px\" aria-hidden=\"true\" class=\"wp-block-spacer\"><\/div>\n<\/div>\n\n  <div class=\"slider-column-parent\">\n    <div class=\"container\">\n      <div class=\"slider-column-title\">Produkter presenterade med referenserna ovan: <\/div>\n\n      <div class=\"row\">\n        <div class=\"col-12 col-md-4\"><div class=\"column-box\">\n  \n      <div class=\"title\">\n      Proficy Plant Applications    <\/div>\n  \n      <div class=\"text\">\n      <p>En komplett, modulbaserad MES-l\u00f6sning.<\/p>\n    <\/div>\n  \n      <a class=\"link\"  href=\"https:\/\/www.novotek.com\/se\/losningar-och-produkter\/smart-factory-mes\/proficy-plant-applications\/\" target=\"\">\n      L\u00e4s mer    <\/a>\n  \n  <\/div>\n\n<\/div><div class=\"col-12 col-md-4\"><div class=\"column-box\">\n  \n      <div class=\"title\">\n      Proficy Scheduler    <\/div>\n  \n      <div class=\"text\">\n      <p>Ett verktyg som \u00e4r s\u00e4rskilt utvecklat f\u00f6r produktionsplanering.<\/p>\n    <\/div>\n  \n      <a class=\"link\"  href=\"https:\/\/www.novotek.com\/se\/losningar-och-produkter\/produktionsplanering\/proficy-scheduler\/\" target=\"\">\n      L\u00e4s mer    <\/a>\n  \n  <\/div>\n\n<\/div><div class=\"col-12 col-md-4\"><div class=\"column-box\">\n  \n      <div class=\"title\">\n      iFIX HMI\/SCADA    <\/div>\n  \n      <div class=\"text\">\n      <p>Den mest kompletta HMI\/SCADA-l\u00f6sningen p\u00e5 marknaden.<\/p>\n    <\/div>\n  \n      <a class=\"link\"  href=\"https:\/\/www.novotek.com\/se\/losningar-och-produkter\/operatorssystem-hmi-scada\/ifix-hmi-scada\/\" target=\"\">\n      L\u00e4s mer    <\/a>\n  \n  <\/div>\n\n<\/div><div class=\"col-12 col-md-4\"><div class=\"column-box\">\n  \n      <div class=\"title\">\n      Versamax    <\/div>\n  \n      <div class=\"text\">\n      <p>En m\u00e5ngsidig och funktionsrik PLC f\u00f6r prestanda, tillf\u00f6rlitlighet och flexibilitet.<\/p>\n    <\/div>\n  \n      <a class=\"link\"  href=\"https:\/\/www.novotek.com\/se\/losningar-och-produkter\/plc-och-automationssystem\/versamax\/\" target=\"\">\n      L\u00e4s mer    <\/a>\n  \n  <\/div>\n\n<\/div>      <\/div>\n    <\/div>\n  <\/div>\n\n\n<div class=\"cta-block\">\n  <div class=\"container\">\n          <h2>L\u00e5t oss ber\u00e4tta mer!<\/h2>\n    \n          <div><p>V\u00e5ra produkt- och applikationsspecialister hj\u00e4lper dig att hitta det det b\u00e4sta s\u00e4ttet att implementera l\u00f6sningar inom er bransch och produktion.<\/p>\n<\/div>\n    \n          <a class=\"btn btn-primary\" href=\"https:\/\/www.novotek.com\/se\/kontakta-oss\/\">Kontakta oss<\/a>\n      <\/div>\n<\/div>\n\n\n<div class=\"container-md spacer  \">\n<div style=\"height:29px\" aria-hidden=\"true\" class=\"wp-block-spacer\"><\/div>\n<\/div>\n\n<div class=\"container-md paragraph  \">\n<p><\/p>\n<\/div>","protected":false},"excerpt":{"rendered":"<p>Inom produktion hj\u00e4lper vi f\u00f6retags produktionsprocesser inom olika branscher, exempelvis bilar. L\u00e4s mer om v\u00e5ra produkter och referenser.<\/p>\n","protected":false},"author":4,"featured_media":0,"parent":1764,"menu_order":0,"comment_status":"closed","ping_status":"closed","template":"","meta":{"_acf_changed":false,"_relevanssi_hide_post":"","_relevanssi_pin_for_all":"","_relevanssi_pin_keywords":"","_relevanssi_unpin_keywords":"","_relevanssi_related_keywords":"","_relevanssi_related_include_ids":"","_relevanssi_related_exclude_ids":"","_relevanssi_related_no_append":"","_relevanssi_related_not_related":"","_relevanssi_related_posts":"4691,5833,4938,3405,5883,3412","_relevanssi_noindex_reason":"","footnotes":""},"class_list":["post-5984","page","type-page","status-publish","hentry"],"acf":[],"yoast_head":"<!-- This site is optimized with the Yoast SEO plugin v27.4 - https:\/\/yoast.com\/product\/yoast-seo-wordpress\/ -->\n<title>Produktion - Novotek Sverige AB<\/title>\n<meta name=\"description\" content=\"Inom produktion hj\u00e4lper vi f\u00f6retags produktionsprocesser inom olika branscher, exempelvis bilar. L\u00e4s mer om v\u00e5ra produkter och referenser.\" \/>\n<meta name=\"robots\" content=\"index, follow, max-snippet:-1, max-image-preview:large, max-video-preview:-1\" \/>\n<link rel=\"canonical\" href=\"https:\/\/www.novotek.com\/se\/branscher\/produktion\/\" \/>\n<meta property=\"og:locale\" content=\"sv_SE\" \/>\n<meta property=\"og:type\" content=\"article\" \/>\n<meta property=\"og:title\" content=\"Produktion - Novotek Sverige AB\" \/>\n<meta property=\"og:description\" content=\"Inom produktion hj\u00e4lper vi f\u00f6retags produktionsprocesser inom olika branscher, exempelvis bilar. L\u00e4s mer om v\u00e5ra produkter och referenser.\" \/>\n<meta property=\"og:url\" content=\"https:\/\/www.novotek.com\/se\/branscher\/produktion\/\" \/>\n<meta property=\"og:site_name\" content=\"Novotek Sverige AB\" \/>\n<meta property=\"article:modified_time\" content=\"2025-11-21T17:08:55+00:00\" \/>\n<meta property=\"og:image\" content=\"https:\/\/www.novotek.com\/se\/wp-content\/uploads\/sites\/2\/sites\/2\/Industries\/Production\/OZ9A2370_hemsida-1024x1024.jpg\" \/>\n<meta name=\"twitter:card\" content=\"summary_large_image\" \/>\n<meta name=\"twitter:label1\" content=\"Ber\u00e4knad l\u00e4stid\" \/>\n\t<meta name=\"twitter:data1\" content=\"1 minut\" \/>\n<script type=\"application\/ld+json\" class=\"yoast-schema-graph\">{\"@context\":\"https:\\\/\\\/schema.org\",\"@graph\":[{\"@type\":\"WebPage\",\"@id\":\"https:\\\/\\\/www.novotek.com\\\/se\\\/branscher\\\/produktion\\\/\",\"url\":\"https:\\\/\\\/www.novotek.com\\\/se\\\/branscher\\\/produktion\\\/\",\"name\":\"Produktion - Novotek Sverige AB\",\"isPartOf\":{\"@id\":\"https:\\\/\\\/www.novotek.com\\\/se\\\/#website\"},\"primaryImageOfPage\":{\"@id\":\"https:\\\/\\\/www.novotek.com\\\/se\\\/branscher\\\/produktion\\\/#primaryimage\"},\"image\":{\"@id\":\"https:\\\/\\\/www.novotek.com\\\/se\\\/branscher\\\/produktion\\\/#primaryimage\"},\"thumbnailUrl\":\"https:\\\/\\\/www.novotek.com\\\/se\\\/wp-content\\\/uploads\\\/sites\\\/2\\\/sites\\\/2\\\/Industries\\\/Production\\\/OZ9A2370_hemsida-1024x1024.jpg\",\"datePublished\":\"2021-12-30T13:24:28+00:00\",\"dateModified\":\"2025-11-21T17:08:55+00:00\",\"description\":\"Inom produktion hj\u00e4lper vi f\u00f6retags produktionsprocesser inom olika branscher, exempelvis bilar. L\u00e4s mer om v\u00e5ra produkter och referenser.\",\"breadcrumb\":{\"@id\":\"https:\\\/\\\/www.novotek.com\\\/se\\\/branscher\\\/produktion\\\/#breadcrumb\"},\"inLanguage\":\"sv-SE\",\"potentialAction\":[{\"@type\":\"ReadAction\",\"target\":[\"https:\\\/\\\/www.novotek.com\\\/se\\\/branscher\\\/produktion\\\/\"]}]},{\"@type\":\"ImageObject\",\"inLanguage\":\"sv-SE\",\"@id\":\"https:\\\/\\\/www.novotek.com\\\/se\\\/branscher\\\/produktion\\\/#primaryimage\",\"url\":\"https:\\\/\\\/www.novotek.com\\\/se\\\/wp-content\\\/uploads\\\/sites\\\/2\\\/Industries\\\/Production\\\/OZ9A2370_hemsida.jpg\",\"contentUrl\":\"https:\\\/\\\/www.novotek.com\\\/se\\\/wp-content\\\/uploads\\\/sites\\\/2\\\/Industries\\\/Production\\\/OZ9A2370_hemsida.jpg\",\"width\":1200,\"height\":1200,\"caption\":\"Referenser inom produktion och optimering\"},{\"@type\":\"BreadcrumbList\",\"@id\":\"https:\\\/\\\/www.novotek.com\\\/se\\\/branscher\\\/produktion\\\/#breadcrumb\",\"itemListElement\":[{\"@type\":\"ListItem\",\"position\":1,\"name\":\"Home\",\"item\":\"https:\\\/\\\/www.novotek.com\\\/se\\\/\"},{\"@type\":\"ListItem\",\"position\":2,\"name\":\"Branscher\",\"item\":\"https:\\\/\\\/www.novotek.com\\\/se\\\/branscher\\\/\"},{\"@type\":\"ListItem\",\"position\":3,\"name\":\"Produktion\"}]},{\"@type\":\"WebSite\",\"@id\":\"https:\\\/\\\/www.novotek.com\\\/se\\\/#website\",\"url\":\"https:\\\/\\\/www.novotek.com\\\/se\\\/\",\"name\":\"Novotek Sverige AB\",\"description\":\"Connect - Digitalize - Optimize\",\"potentialAction\":[{\"@type\":\"SearchAction\",\"target\":{\"@type\":\"EntryPoint\",\"urlTemplate\":\"https:\\\/\\\/www.novotek.com\\\/se\\\/?s={search_term_string}\"},\"query-input\":{\"@type\":\"PropertyValueSpecification\",\"valueRequired\":true,\"valueName\":\"search_term_string\"}}],\"inLanguage\":\"sv-SE\"}]}<\/script>\n<!-- \/ Yoast SEO plugin. -->","yoast_head_json":{"title":"Produktion - Novotek Sverige AB","description":"Inom produktion hj\u00e4lper vi f\u00f6retags produktionsprocesser inom olika branscher, exempelvis bilar. L\u00e4s mer om v\u00e5ra produkter och referenser.","robots":{"index":"index","follow":"follow","max-snippet":"max-snippet:-1","max-image-preview":"max-image-preview:large","max-video-preview":"max-video-preview:-1"},"canonical":"https:\/\/www.novotek.com\/se\/branscher\/produktion\/","og_locale":"sv_SE","og_type":"article","og_title":"Produktion - Novotek Sverige AB","og_description":"Inom produktion hj\u00e4lper vi f\u00f6retags produktionsprocesser inom olika branscher, exempelvis bilar. L\u00e4s mer om v\u00e5ra produkter och referenser.","og_url":"https:\/\/www.novotek.com\/se\/branscher\/produktion\/","og_site_name":"Novotek Sverige AB","article_modified_time":"2025-11-21T17:08:55+00:00","og_image":[{"url":"https:\/\/www.novotek.com\/se\/wp-content\/uploads\/sites\/2\/sites\/2\/Industries\/Production\/OZ9A2370_hemsida-1024x1024.jpg","type":"","width":"","height":""}],"twitter_card":"summary_large_image","twitter_misc":{"Ber\u00e4knad l\u00e4stid":"1 minut"},"schema":{"@context":"https:\/\/schema.org","@graph":[{"@type":"WebPage","@id":"https:\/\/www.novotek.com\/se\/branscher\/produktion\/","url":"https:\/\/www.novotek.com\/se\/branscher\/produktion\/","name":"Produktion - Novotek Sverige AB","isPartOf":{"@id":"https:\/\/www.novotek.com\/se\/#website"},"primaryImageOfPage":{"@id":"https:\/\/www.novotek.com\/se\/branscher\/produktion\/#primaryimage"},"image":{"@id":"https:\/\/www.novotek.com\/se\/branscher\/produktion\/#primaryimage"},"thumbnailUrl":"https:\/\/www.novotek.com\/se\/wp-content\/uploads\/sites\/2\/sites\/2\/Industries\/Production\/OZ9A2370_hemsida-1024x1024.jpg","datePublished":"2021-12-30T13:24:28+00:00","dateModified":"2025-11-21T17:08:55+00:00","description":"Inom produktion hj\u00e4lper vi f\u00f6retags produktionsprocesser inom olika branscher, exempelvis bilar. L\u00e4s mer om v\u00e5ra produkter och referenser.","breadcrumb":{"@id":"https:\/\/www.novotek.com\/se\/branscher\/produktion\/#breadcrumb"},"inLanguage":"sv-SE","potentialAction":[{"@type":"ReadAction","target":["https:\/\/www.novotek.com\/se\/branscher\/produktion\/"]}]},{"@type":"ImageObject","inLanguage":"sv-SE","@id":"https:\/\/www.novotek.com\/se\/branscher\/produktion\/#primaryimage","url":"https:\/\/www.novotek.com\/se\/wp-content\/uploads\/sites\/2\/Industries\/Production\/OZ9A2370_hemsida.jpg","contentUrl":"https:\/\/www.novotek.com\/se\/wp-content\/uploads\/sites\/2\/Industries\/Production\/OZ9A2370_hemsida.jpg","width":1200,"height":1200,"caption":"Referenser inom produktion och optimering"},{"@type":"BreadcrumbList","@id":"https:\/\/www.novotek.com\/se\/branscher\/produktion\/#breadcrumb","itemListElement":[{"@type":"ListItem","position":1,"name":"Home","item":"https:\/\/www.novotek.com\/se\/"},{"@type":"ListItem","position":2,"name":"Branscher","item":"https:\/\/www.novotek.com\/se\/branscher\/"},{"@type":"ListItem","position":3,"name":"Produktion"}]},{"@type":"WebSite","@id":"https:\/\/www.novotek.com\/se\/#website","url":"https:\/\/www.novotek.com\/se\/","name":"Novotek Sverige AB","description":"Connect - Digitalize - Optimize","potentialAction":[{"@type":"SearchAction","target":{"@type":"EntryPoint","urlTemplate":"https:\/\/www.novotek.com\/se\/?s={search_term_string}"},"query-input":{"@type":"PropertyValueSpecification","valueRequired":true,"valueName":"search_term_string"}}],"inLanguage":"sv-SE"}]}},"_links":{"self":[{"href":"https:\/\/www.novotek.com\/se\/wp-json\/wp\/v2\/pages\/5984","targetHints":{"allow":["GET"]}}],"collection":[{"href":"https:\/\/www.novotek.com\/se\/wp-json\/wp\/v2\/pages"}],"about":[{"href":"https:\/\/www.novotek.com\/se\/wp-json\/wp\/v2\/types\/page"}],"author":[{"embeddable":true,"href":"https:\/\/www.novotek.com\/se\/wp-json\/wp\/v2\/users\/4"}],"replies":[{"embeddable":true,"href":"https:\/\/www.novotek.com\/se\/wp-json\/wp\/v2\/comments?post=5984"}],"version-history":[{"count":33,"href":"https:\/\/www.novotek.com\/se\/wp-json\/wp\/v2\/pages\/5984\/revisions"}],"predecessor-version":[{"id":20053,"href":"https:\/\/www.novotek.com\/se\/wp-json\/wp\/v2\/pages\/5984\/revisions\/20053"}],"up":[{"embeddable":true,"href":"https:\/\/www.novotek.com\/se\/wp-json\/wp\/v2\/pages\/1764"}],"wp:attachment":[{"href":"https:\/\/www.novotek.com\/se\/wp-json\/wp\/v2\/media?parent=5984"}],"curies":[{"name":"wp","href":"https:\/\/api.w.org\/{rel}","templated":true}]}}